{"id":12907,"date":"2023-07-30T02:25:24","date_gmt":"2023-07-30T02:25:24","guid":{"rendered":"https:\/\/global-hookah.com\/product\/4-hoses-big-size-glass-hookah-pipe-wholesale\/"},"modified":"2024-08-27T12:24:42","modified_gmt":"2024-08-27T12:24:42","slug":"4-hoses-big-size-glass-hookah-pipe-wholesale","status":"publish","type":"product","link":"https:\/\/global-hookah.com\/es\/producto\/4-hoses-big-size-glass-hookah-pipe-wholesale\/","title":{"rendered":"Pipa Hookah de vidrio de gran tama\u00f1o con 4 mangueras al por mayor"},"content":{"rendered":"<div style=\"font-family: 'Open Sans', Roboto, Arial, Helvetica, sans-serif, SimSun; font-size: 14px; font-weight: 400; letter-spacing: normal; text-align: start; white-space: normal; color: #222222; background-color: #ffffff; margin: 0px; padding: 0px; box-sizing: content-box;\" align=\"start\">\n<p>\u00bfBusca una experiencia de narguile mejorada? Entonces el<strong> Pipa Hookah de vidrio de gran tama\u00f1o con 4 mangueras<\/strong> es perfecta para usted: es la forma m\u00e1s eficaz y agradable de inhalar un humo rico y sabroso.<\/p>\n<p>Este nuevo dise\u00f1o hace que sea muy f\u00e1cil combinar sabores seleccion\u00e1ndolos en la proporci\u00f3n que desee. Si quieres una combinaci\u00f3n de manzana y coco o una combinaci\u00f3n de pi\u00f1a y rosa, puedes mezclarlos y combinarlos seg\u00fan tus preferencias. Este cristal de alta calidad se encargar\u00e1 de que no se pierda ninguno de los sabores, produciendo as\u00ed cada vez las nubes m\u00e1s suaves y dulces.<\/p>\n<p>No se trata de una shisha barata; est\u00e1 hecha de cristal y, por lo tanto, permite disfrutar del humo sin contaminaci\u00f3n de ning\u00fan tipo. En contraste con una m\u00e1quina de narguile que puede estar hecho de metal o pl\u00e1stico, sin embargo, \u00e9ste que est\u00e1 hecho de vidrio no es poroso lo que significa que, no habr\u00e1 absorci\u00f3n de sustancias t\u00f3xicas y otros residuos de tabaco y carb\u00f3n vegetal.<\/p>\n<p>Este<strong> pipa hookah grande<\/strong> es de cristal, a diferencia de las de metal o pl\u00e1stico. El cristal tambi\u00e9n facilita la limpieza y el mantenimiento de esta pieza. S\u00f3lo tienes que limpiarla a fondo despu\u00e9s de cada uso y cuando sea necesario para eliminar olores o sabores no deseados.<\/p>\n<p>Lanzar el <strong>Pipa Hookah de vidrio de gran tama\u00f1o con 4 mangueras<\/strong> en la mezcla significa que ahora puede disfrutar de vapores afrutados realmente deliciosos y vapores mentolados fr\u00edos de una manera que no es perjudicial. Entonces, \u00bfpor qu\u00e9 sigues usando esos narguiles de calidad inferior? Este impresionante<a href=\"http:\/\/\u0633\u0645\u0627\u062a: 1. \u062e\u0631\u0627\u0637\u064a\u0634 \u0630\u0627\u062a \u0623\u062f\u0627\u0621 \u064a\u0634\u0628\u0647 \u0627\u0644\u062e\u0632\u0627\u0646 2. \u062a\u0648\u0641\u064a\u0631 MTL \u0627\u0644\u0633\u0644\u0633 \u0644\u062a\u062c\u0631\u0628\u0629 DTL \u0627\u0644\u063a\u0646\u064a\u0629 3. \u062a\u0639\u062f\u064a\u0644 \u0637\u0627\u0642\u0629 \u0627\u0644\u0625\u062e\u0631\u0627\u062c \u0628\u062b\u0644\u0627\u062b\u0629 \u0645\u0633\u062a\u0648\u064a\u0627\u062a 4. \u0633\u0639\u0629 \u0627\u0644\u0628\u0637\u0627\u0631\u064a\u0629 1500 \u0645\u0644\u0644\u064a \u0623\u0645\u0628\u064a\u0631 5. \u0627\u0644\u062a\u062d\u0643\u0645 \u0641\u064a \u062a\u062f\u0641\u0642 \u0627\u0644\u0647\u0648\u0627\u0621 \u0628\u0634\u0643\u0644 \u062f\u0642\u064a\u0642 \u0648\u0642\u0627\u0628\u0644 \u0644\u0644\u062a\u0639\u062f\u064a\u0644 6. \u0633\u0639\u0629 \u062e\u0631\u0637\u0648\u0634\u0629 \u0643\u0628\u064a\u0631\u0629 5 \u0645\u0644 7. \u062a\u0642\u0646\u064a\u0629 \u0628\u0631\u0648-\u0641\u0648\u0643\u0633 8. 3 \u0623\u0648\u0636\u0627\u0639 \u0625\u0634\u0639\u0627\u0644: \u062a\u0646\u0634\u064a\u0637 \u0627\u0644\u0647\u0648\u0627\u0621. \u0627\u0634\u062a\u0639\u0627\u0644 \u0627\u0644\u0632\u0631. \u0627\u0634\u062a\u0639\u0627\u0644 \u0627\u0644\u0647\u0648\u0627\u0621\/\u0632\u0631   \u0627\u0644\u0648\u062d\u062f\u0629: \u0645\u062c\u0645\u0648\u0639\u0629 \u0648\u0627\u062d\u062f\u0629 \u0627\u0644\u0645\u0648\u0627\u062f: \u0628\u064a \u0633\u064a \u062a\u064a \u062c\u064a. \u0627\u0644\u0628\u0648\u0644\u064a \u0643\u0631\u0628\u0648\u0646\u0627\u062a + PBT. \u0628\u0648\u0645 \u0627\u0644\u062d\u062c\u0645: 35.5*17.5*112.8 \u0645\u0644\u0644\u064a \u0645\u062a\u0631 \u0633\u0639\u0629 \u0627\u0644\u062e\u0631\u0637\u0648\u0634\u0629: 5 \u0645\u0644 \u0637\u0627\u0642\u0629 \u0627\u0644\u0625\u062e\u0631\u0627\u062c: \u0645\u0627\u0643\u0633 75 \u0648\u0627\u0637 \u0633\u0639\u0629 \u0627\u0644\u0628\u0637\u0627\u0631\u064a\u0629: 1500 \u0645\u0644\u0644\u064a \u0623\u0645\u0628\u064a\u0631 \u0646\u0648\u0639 \u0627\u0644\u062d\u0634\u0648: \u0634\u062d\u0646 \u062c\u0627\u0646\u0628\u064a \u0645\u0648\u0627\u0635\u0641\u0627\u062a \u0627\u0644\u062e\u0631\u0637\u0648\u0634\u0629: 0.2ohm\/0.6ohm\/1.0ohm \u062e\u0631\u0637\u0648\u0634\u0629 \u0627\u0644\u0633\u062c\u0627\u0626\u0631 \u0627\u0644\u0645\u062f\u0645\u062c\u0629 Uwell Crown S (\u062a\u0628\u0627\u0639 1.0ohm \u0628\u0634\u0643\u0644 \u0645\u0646\u0641\u0635\u0644) \u0627\u0644\u062a\u0639\u0628\u0626\u0629 \u0648\u0627\u0644\u062a\u063a\u0644\u064a\u0641: \u0639\u0644\u0628\u0629 \u0647\u062f\u064a\u0629  \u062a\u062d\u062a\u0648\u064a \u0643\u0644 \u0645\u062c\u0645\u0648\u0639\u0629 \u0639\u0644\u0649: 1 \u062c\u0647\u0627\u0632 Uwell Crown S 1 \u00d7 0.2 \u0623\u0648\u0645 \u0635\u0646\u062f\u0648\u0642 \u0644\u0641\u0627\u0626\u0641 \u0645\u062a\u0643\u0627\u0645\u0644 Uwell Crown S 1 \u00d7 0.6 \u0623\u0648\u0645 \u0635\u0646\u062f\u0648\u0642 \u0644\u0641\u0627\u0626\u0641 \u0645\u062a\u0643\u0627\u0645\u0644 Uwell Crown S 1 \u0643\u0627\u0628\u0644 \u0634\u062d\u0646 \u0645\u0646 \u0627\u0644\u0646\u0648\u0639 C 1 \u062f\u0644\u064a\u0644 \u0627\u0644\u0645\u0633\u062a\u062e\u062f\u0645\" rel=\"nofollow\" target=\"_blank\"> pipa hookah de vidrio<\/a> definitivamente merece el tratamiento VIP en cada sesi\u00f3n de shisha.<\/p>\n<\/div>\n<p style=\"font-family: 'Open Sans', Roboto, Arial, Helvetica, sans-serif, SimSun; font-size: 14px; font-weight: 400; letter-spacing: normal; line-height: inherit; text-align: start; white-space: normal; color: #222222; background-color: #ffffff; margin: 0px; padding: 0px; box-sizing: border-box;\" align=\"start\"><span style=\"font-size: 20px;\">Material: Vidrio+aleaci\u00f3n<\/span><\/p>\n<p style=\"font-family: 'Open Sans', Roboto, Arial, Helvetica, sans-serif, SimSun; font-size: 14px; font-weight: 400; letter-spacing: normal; line-height: inherit; text-align: start; white-space: normal; color: #222222; background-color: #ffffff; margin: 0px; padding: 0px; box-sizing: border-box;\" align=\"start\"><span style=\"font-size: 20px;\">Color:Negro,Azul,Rojo<\/span><\/p>\n<p style=\"font-family: 'Open Sans', Roboto, Arial, Helvetica, sans-serif, SimSun; font-size: 14px; font-weight: 400; letter-spacing: normal; line-height: inherit; text-align: start; white-space: normal; color: #222222; background-color: #ffffff; margin: 0px; padding: 0px; box-sizing: border-box;\" align=\"start\"><span style=\"font-size: 20px;\">Altura total:Aproximadamente 60CM\/23.62\u2033.<\/span><\/p>\n<p style=\"font-family: 'Open Sans', Roboto, Arial, Helvetica, sans-serif, SimSun; font-size: 14px; font-weight: 400; letter-spacing: normal; line-height: inherit; text-align: start; white-space: normal; color: #222222; background-color: #ffffff; margin: 0px; padding: 0px; box-sizing: border-box;\" align=\"start\"><span style=\"font-size: 20px;\">Uso:Pipa de shisha y accesorios<\/span><\/p>\n<div style=\"font-family: 'Open Sans', Roboto, Arial, Helvetica, sans-serif, SimSun; font-size: 14px; font-weight: 400; letter-spacing: normal; text-align: start; white-space: normal; color: #222222; background-color: #ffffff; margin: 0px; padding: 0px; box-sizing: content-box;\" align=\"start\"><span style=\"font-size: 20px;\">Lista de embalaje:<\/span><\/div>\n<div style=\"font-family: 'Open Sans', Roboto, Arial, Helvetica, sans-serif, SimSun; font-size: 14px; font-weight: 400; letter-spacing: normal; text-align: start; white-space: normal; color: #222222; background-color: #ffffff; margin: 0px; padding: 0px; box-sizing: content-box;\" align=\"start\"><span style=\"font-size: 20px;\">1PC* Hookah de cristal<\/span><span style=\"background-color: #ffffff; color: #f44e3b; font-size: 18px; font-family: OpenSans;\">(Incluidos los accesorios necesarios, como las exposiciones fotogr\u00e1ficas)<\/span><\/div>\n<div style=\"font-family: 'Open Sans', Roboto, Arial, Helvetica, sans-serif, SimSun; font-size: 14px; font-weight: 400; letter-spacing: normal; text-align: start; white-space: normal; color: #222222; background-color: #ffffff; margin: 0px; padding: 0px; box-sizing: content-box;\" align=\"start\"><span style=\"font-size: 20px;\">1PC* Cuenco de arcilla roja<\/span><\/div>\n<div style=\"font-family: 'Open Sans', Roboto, Arial, Helvetica, sans-serif, SimSun; font-size: 14px; font-weight: 400; letter-spacing: normal; text-align: start; white-space: normal; color: #222222; background-color: #ffffff; margin: 0px; padding: 0px; box-sizing: content-box;\" align=\"start\"><span style=\"font-size: 20px;\">4 piezas*Mangueras<\/span><\/div>\n<div style=\"font-family: 'Open Sans', Roboto, Arial, Helvetica, sans-serif, SimSun; font-size: 14px; font-weight: 400; letter-spacing: normal; text-align: start; white-space: normal; color: #222222; background-color: #ffffff; margin: 0px; padding: 0px; box-sizing: content-box;\" align=\"start\"><span style=\"font-size: 20px;\">1PC* Pinzas de metal para carb\u00f3n<\/span><\/div>\n<div style=\"font-family: 'Open Sans', Roboto, Arial, Helvetica, sans-serif, SimSun; font-size: 14px; font-weight: 400; letter-spacing: normal; text-align: start; white-space: normal; color: #222222; background-color: #ffffff; margin: 0px; padding: 0px; box-sizing: content-box;\" align=\"start\"><span style=\"font-size: 20px;\">Regalo: 2 l\u00e1minas + 5 boquillas<\/span><\/div>\n<div style=\"font-family: 'Open Sans', Roboto, Arial, Helvetica, sans-serif, SimSun; font-size: 14px; font-weight: 400; letter-spacing: normal; text-align: start; white-space: normal; color: #222222; background-color: #ffffff; margin: 0px; padding: 0px; box-sizing: content-box;\" align=\"start\"><\/div>\n<p><img decoding=\"async\" src=\"https:\/\/ae01.alicdn.com\/kf\/S2b2d57680c7147adbcc513d060dce379j.jpg\" \/><img decoding=\"async\" src=\"https:\/\/ae01.alicdn.com\/kf\/S751f9b5181604259b898bf7b1e1dcb05O.jpg\" \/><img decoding=\"async\" src=\"https:\/\/ae01.alicdn.com\/kf\/S40e5e24b57b74c2db5eea2fc88d97726c.jpg\" \/><img decoding=\"async\" src=\"https:\/\/ae01.alicdn.com\/kf\/Sa719033c645f4505865acaeaa3d8b4b7H.jpg\" \/><img decoding=\"async\" src=\"https:\/\/ae01.alicdn.com\/kf\/S49182314c7254dcda00d582a30236432e.jpg\" \/><img decoding=\"async\" src=\"https:\/\/ae01.alicdn.com\/kf\/S4c0f185196884923aae556a79417a7666.jpg\" \/><\/p>\n<p><img decoding=\"async\" src=\"https:\/\/ae01.alicdn.com\/kf\/S8c0662a69b784dae9004081c742003b5F.jpg\" \/><\/p>","protected":false},"excerpt":{"rendered":"<p>\u00bfBusca una experiencia de narguile mejorada? Entonces la pipa 4 Hoses Big Size Glass Hookah Pipe es perfecta para ti-es la<\/p>","protected":false},"featured_media":12908,"comment_status":"open","ping_status":"closed","template":"","meta":{"iawp_total_views":14,"_joinchat":[]},"product_brand":[],"product_cat":[560,119],"product_tag":[],"class_list":{"0":"post-12907","1":"product","2":"type-product","3":"status-publish","4":"has-post-thumbnail","6":"product_cat-glass-hookah-wholesale","7":"product_cat-wholesale-hookah","9":"first","10":"instock","11":"shipping-taxable","12":"purchasable","13":"product-type-variable"},"yoast_head":"<!-- This site is optimized with the Yoast SEO Premium plugin v24.7 (Yoast SEO v26.8) - https:\/\/yoast.com\/product\/yoast-seo-premium-wordpress\/ -->\n<title>4 Hoses Big Size Glass Hookah Pipe Wholesale - Global Hookah<\/title>\n<meta name=\"robots\" content=\"index, follow, max-snippet:-1, max-image-preview:large, max-video-preview:-1\" \/>\n<link rel=\"canonical\" href=\"https:\/\/global-hookah.com\/es\/producto\/4-hoses-big-size-glass-hookah-pipe-wholesale\/\" \/>\n<meta property=\"og:locale\" content=\"es_ES\" \/>\n<meta property=\"og:type\" content=\"article\" \/>\n<meta property=\"og:title\" content=\"4 Hoses Big Size Glass Hookah Pipe Wholesale\" \/>\n<meta property=\"og:description\" content=\"Looking for an enhanced hookah experience? Then the 4 Hoses Big Size Glass Hookah Pipe is perfect for you\u2014it&#8217;s the\" \/>\n<meta property=\"og:url\" content=\"https:\/\/global-hookah.com\/es\/producto\/4-hoses-big-size-glass-hookah-pipe-wholesale\/\" \/>\n<meta property=\"og:site_name\" content=\"Global Hookah\" \/>\n<meta property=\"article:modified_time\" content=\"2024-08-27T12:24:42+00:00\" \/>\n<meta property=\"og:image\" content=\"https:\/\/global-hookah.com\/wp-content\/uploads\/2023\/07\/4-Hoses-Big-Size-Glass-Hookah-Pipa-Narguile-Completo-Shisha-Pipe-Set-Chicha-Cachimba-Sisha-Accessories.jpg\" \/>\n\t<meta property=\"og:image:width\" content=\"900\" \/>\n\t<meta property=\"og:image:height\" content=\"900\" \/>\n\t<meta property=\"og:image:type\" content=\"image\/jpeg\" \/>\n<meta name=\"twitter:card\" content=\"summary_large_image\" \/>\n<meta name=\"twitter:label1\" content=\"Tiempo de lectura\" \/>\n\t<meta name=\"twitter:data1\" content=\"3 minutos\" \/>\n<script type=\"application\/ld+json\" class=\"yoast-schema-graph\">{\"@context\":\"https:\/\/schema.org\",\"@graph\":[{\"@type\":\"WebPage\",\"@id\":\"https:\/\/global-hookah.com\/product\/4-hoses-big-size-glass-hookah-pipe-wholesale\/\",\"url\":\"https:\/\/global-hookah.com\/product\/4-hoses-big-size-glass-hookah-pipe-wholesale\/\",\"name\":\"4 Hoses Big Size Glass Hookah Pipe Wholesale - Global Hookah\",\"isPartOf\":{\"@id\":\"https:\/\/global-hookah.com\/#website\"},\"primaryImageOfPage\":{\"@id\":\"https:\/\/global-hookah.com\/product\/4-hoses-big-size-glass-hookah-pipe-wholesale\/#primaryimage\"},\"image\":{\"@id\":\"https:\/\/global-hookah.com\/product\/4-hoses-big-size-glass-hookah-pipe-wholesale\/#primaryimage\"},\"thumbnailUrl\":\"https:\/\/global-hookah.com\/wp-content\/uploads\/2023\/07\/4-Hoses-Big-Size-Glass-Hookah-Pipa-Narguile-Completo-Shisha-Pipe-Set-Chicha-Cachimba-Sisha-Accessories.jpg\",\"datePublished\":\"2023-07-30T02:25:24+00:00\",\"dateModified\":\"2024-08-27T12:24:42+00:00\",\"breadcrumb\":{\"@id\":\"https:\/\/global-hookah.com\/product\/4-hoses-big-size-glass-hookah-pipe-wholesale\/#breadcrumb\"},\"inLanguage\":\"es\",\"potentialAction\":[{\"@type\":\"ReadAction\",\"target\":[\"https:\/\/global-hookah.com\/product\/4-hoses-big-size-glass-hookah-pipe-wholesale\/\"]}]},{\"@type\":\"ImageObject\",\"inLanguage\":\"es\",\"@id\":\"https:\/\/global-hookah.com\/product\/4-hoses-big-size-glass-hookah-pipe-wholesale\/#primaryimage\",\"url\":\"https:\/\/global-hookah.com\/wp-content\/uploads\/2023\/07\/4-Hoses-Big-Size-Glass-Hookah-Pipa-Narguile-Completo-Shisha-Pipe-Set-Chicha-Cachimba-Sisha-Accessories.jpg\",\"contentUrl\":\"https:\/\/global-hookah.com\/wp-content\/uploads\/2023\/07\/4-Hoses-Big-Size-Glass-Hookah-Pipa-Narguile-Completo-Shisha-Pipe-Set-Chicha-Cachimba-Sisha-Accessories.jpg\",\"width\":900,\"height\":900,\"caption\":\"4 Hoses Big Size Glass Hookah Pipe Wholesale\"},{\"@type\":\"BreadcrumbList\",\"@id\":\"https:\/\/global-hookah.com\/product\/4-hoses-big-size-glass-hookah-pipe-wholesale\/#breadcrumb\",\"itemListElement\":[{\"@type\":\"ListItem\",\"position\":1,\"name\":\"Home\",\"item\":\"https:\/\/global-hookah.com\/\"},{\"@type\":\"ListItem\",\"position\":2,\"name\":\"Shop\",\"item\":\"https:\/\/global-hookah.com\/shop\/\"},{\"@type\":\"ListItem\",\"position\":3,\"name\":\"4 Hoses Big Size Glass Hookah Pipe Wholesale\"}]},{\"@type\":\"WebSite\",\"@id\":\"https:\/\/global-hookah.com\/#website\",\"url\":\"https:\/\/global-hookah.com\/\",\"name\":\"Global Hookah\",\"description\":\"Global Hookah\",\"publisher\":{\"@id\":\"https:\/\/global-hookah.com\/#organization\"},\"potentialAction\":[{\"@type\":\"SearchAction\",\"target\":{\"@type\":\"EntryPoint\",\"urlTemplate\":\"https:\/\/global-hookah.com\/?s={search_term_string}\"},\"query-input\":{\"@type\":\"PropertyValueSpecification\",\"valueRequired\":true,\"valueName\":\"search_term_string\"}}],\"inLanguage\":\"es\"},{\"@type\":\"Organization\",\"@id\":\"https:\/\/global-hookah.com\/#organization\",\"name\":\"Global Hookah\",\"url\":\"https:\/\/global-hookah.com\/\",\"logo\":{\"@type\":\"ImageObject\",\"inLanguage\":\"es\",\"@id\":\"https:\/\/global-hookah.com\/#\/schema\/logo\/image\/\",\"url\":\"https:\/\/global-hookah.com\/wp-content\/uploads\/2021\/10\/cropped-fgg.png\",\"contentUrl\":\"https:\/\/global-hookah.com\/wp-content\/uploads\/2021\/10\/cropped-fgg.png\",\"width\":512,\"height\":512,\"caption\":\"Global Hookah\"},\"image\":{\"@id\":\"https:\/\/global-hookah.com\/#\/schema\/logo\/image\/\"}}]}<\/script>\n<!-- \/ Yoast SEO Premium plugin. -->","yoast_head_json":{"title":"4 mangueras de vidrio de gran tama\u00f1o pipa Hookah al por mayor - Global Hookah","robots":{"index":"index","follow":"follow","max-snippet":"max-snippet:-1","max-image-preview":"max-image-preview:large","max-video-preview":"max-video-preview:-1"},"canonical":"https:\/\/global-hookah.com\/es\/producto\/4-hoses-big-size-glass-hookah-pipe-wholesale\/","og_locale":"es_ES","og_type":"article","og_title":"4 Hoses Big Size Glass Hookah Pipe Wholesale","og_description":"Looking for an enhanced hookah experience? Then the 4 Hoses Big Size Glass Hookah Pipe is perfect for you\u2014it&#8217;s the","og_url":"https:\/\/global-hookah.com\/es\/producto\/4-hoses-big-size-glass-hookah-pipe-wholesale\/","og_site_name":"Global Hookah","article_modified_time":"2024-08-27T12:24:42+00:00","og_image":[{"width":900,"height":900,"url":"https:\/\/global-hookah.com\/wp-content\/uploads\/2023\/07\/4-Hoses-Big-Size-Glass-Hookah-Pipa-Narguile-Completo-Shisha-Pipe-Set-Chicha-Cachimba-Sisha-Accessories.jpg","type":"image\/jpeg"}],"twitter_card":"summary_large_image","twitter_misc":{"Tiempo de lectura":"3 minutos"},"schema":{"@context":"https:\/\/schema.org","@graph":[{"@type":"WebPage","@id":"https:\/\/global-hookah.com\/product\/4-hoses-big-size-glass-hookah-pipe-wholesale\/","url":"https:\/\/global-hookah.com\/product\/4-hoses-big-size-glass-hookah-pipe-wholesale\/","name":"4 mangueras de vidrio de gran tama\u00f1o pipa Hookah al por mayor - Global Hookah","isPartOf":{"@id":"https:\/\/global-hookah.com\/#website"},"primaryImageOfPage":{"@id":"https:\/\/global-hookah.com\/product\/4-hoses-big-size-glass-hookah-pipe-wholesale\/#primaryimage"},"image":{"@id":"https:\/\/global-hookah.com\/product\/4-hoses-big-size-glass-hookah-pipe-wholesale\/#primaryimage"},"thumbnailUrl":"https:\/\/global-hookah.com\/wp-content\/uploads\/2023\/07\/4-Hoses-Big-Size-Glass-Hookah-Pipa-Narguile-Completo-Shisha-Pipe-Set-Chicha-Cachimba-Sisha-Accessories.jpg","datePublished":"2023-07-30T02:25:24+00:00","dateModified":"2024-08-27T12:24:42+00:00","breadcrumb":{"@id":"https:\/\/global-hookah.com\/product\/4-hoses-big-size-glass-hookah-pipe-wholesale\/#breadcrumb"},"inLanguage":"es","potentialAction":[{"@type":"ReadAction","target":["https:\/\/global-hookah.com\/product\/4-hoses-big-size-glass-hookah-pipe-wholesale\/"]}]},{"@type":"ImageObject","inLanguage":"es","@id":"https:\/\/global-hookah.com\/product\/4-hoses-big-size-glass-hookah-pipe-wholesale\/#primaryimage","url":"https:\/\/global-hookah.com\/wp-content\/uploads\/2023\/07\/4-Hoses-Big-Size-Glass-Hookah-Pipa-Narguile-Completo-Shisha-Pipe-Set-Chicha-Cachimba-Sisha-Accessories.jpg","contentUrl":"https:\/\/global-hookah.com\/wp-content\/uploads\/2023\/07\/4-Hoses-Big-Size-Glass-Hookah-Pipa-Narguile-Completo-Shisha-Pipe-Set-Chicha-Cachimba-Sisha-Accessories.jpg","width":900,"height":900,"caption":"4 Hoses Big Size Glass Hookah Pipe Wholesale"},{"@type":"BreadcrumbList","@id":"https:\/\/global-hookah.com\/product\/4-hoses-big-size-glass-hookah-pipe-wholesale\/#breadcrumb","itemListElement":[{"@type":"ListItem","position":1,"name":"Home","item":"https:\/\/global-hookah.com\/"},{"@type":"ListItem","position":2,"name":"Shop","item":"https:\/\/global-hookah.com\/shop\/"},{"@type":"ListItem","position":3,"name":"4 Hoses Big Size Glass Hookah Pipe Wholesale"}]},{"@type":"WebSite","@id":"https:\/\/global-hookah.com\/#website","url":"https:\/\/global-hookah.com\/","name":"Global Hookah","description":"Global Hookah","publisher":{"@id":"https:\/\/global-hookah.com\/#organization"},"potentialAction":[{"@type":"SearchAction","target":{"@type":"EntryPoint","urlTemplate":"https:\/\/global-hookah.com\/?s={search_term_string}"},"query-input":{"@type":"PropertyValueSpecification","valueRequired":true,"valueName":"search_term_string"}}],"inLanguage":"es"},{"@type":"Organization","@id":"https:\/\/global-hookah.com\/#organization","name":"Global Hookah","url":"https:\/\/global-hookah.com\/","logo":{"@type":"ImageObject","inLanguage":"es","@id":"https:\/\/global-hookah.com\/#\/schema\/logo\/image\/","url":"https:\/\/global-hookah.com\/wp-content\/uploads\/2021\/10\/cropped-fgg.png","contentUrl":"https:\/\/global-hookah.com\/wp-content\/uploads\/2021\/10\/cropped-fgg.png","width":512,"height":512,"caption":"Global Hookah"},"image":{"@id":"https:\/\/global-hookah.com\/#\/schema\/logo\/image\/"}}]}},"_links":{"self":[{"href":"https:\/\/global-hookah.com\/es\/wp-json\/wp\/v2\/product\/12907","targetHints":{"allow":["GET"]}}],"collection":[{"href":"https:\/\/global-hookah.com\/es\/wp-json\/wp\/v2\/product"}],"about":[{"href":"https:\/\/global-hookah.com\/es\/wp-json\/wp\/v2\/types\/product"}],"replies":[{"embeddable":true,"href":"https:\/\/global-hookah.com\/es\/wp-json\/wp\/v2\/comments?post=12907"}],"version-history":[{"count":0,"href":"https:\/\/global-hookah.com\/es\/wp-json\/wp\/v2\/product\/12907\/revisions"}],"wp:featuredmedia":[{"embeddable":true,"href":"https:\/\/global-hookah.com\/es\/wp-json\/wp\/v2\/media\/12908"}],"wp:attachment":[{"href":"https:\/\/global-hookah.com\/es\/wp-json\/wp\/v2\/media?parent=12907"}],"wp:term":[{"taxonomy":"product_brand","embeddable":true,"href":"https:\/\/global-hookah.com\/es\/wp-json\/wp\/v2\/product_brand?post=12907"},{"taxonomy":"product_cat","embeddable":true,"href":"https:\/\/global-hookah.com\/es\/wp-json\/wp\/v2\/product_cat?post=12907"},{"taxonomy":"product_tag","embeddable":true,"href":"https:\/\/global-hookah.com\/es\/wp-json\/wp\/v2\/product_tag?post=12907"}],"curies":[{"name":"wp","href":"https:\/\/api.w.org\/{rel}","templated":true}]}}