{"id":13055,"date":"2023-08-23T14:25:48","date_gmt":"2023-08-23T14:25:48","guid":{"rendered":"https:\/\/global-hookah.com\/product\/portable-hemp-shisha-wholesale\/"},"modified":"2024-01-12T07:48:38","modified_gmt":"2024-01-12T07:48:38","slug":"portable-hemp-shisha-wholesale","status":"publish","type":"product","link":"https:\/\/global-hookah.com\/es\/producto\/portable-hemp-shisha-wholesale\/","title":{"rendered":"Shisha port\u00e1til de c\u00e1\u00f1amo al por mayor"},"content":{"rendered":"<p>Si busca <a href=\"https:\/\/global-hookah.com\/\">Tiendas online de narguile<\/a> que puede <strong>venta al por mayor Shisha port\u00e1til de c\u00e1\u00f1amo<\/strong>nuestra shisha port\u00e1til de c\u00e1\u00f1amo es su mejor elecci\u00f3n<\/p>\n<p>Tus sabores favoritos de shisha se pueden disfrutar con el <strong>Shisha port\u00e1til de c\u00e1\u00f1amo<\/strong>. Este narguile es ideal para fumar cuando se viaja porque es muy f\u00e1cil de manejar. Un taz\u00f3n, manguera, bandeja de carb\u00f3n, y las pinzas est\u00e1n incluidos con este narguile port\u00e1til para que pueda empezar a fumar de inmediato. Debido a su portabilidad, puede utilizar este narguile mientras acampa o en casa.<\/p>\n<p>En<strong> Shisha port\u00e1til de c\u00e1\u00f1amo<\/strong> utiliza un revolucionario dise\u00f1o patentado para crear una calada suave y consistente que le permitir\u00e1 disfrutar de su humo sin ninguna molestia. No s\u00f3lo es m\u00e1s saludable, sino que el sabor y el humo son mucho mejores que los de la shisha tradicional.<\/p>\n<p>Y esta Shisha de c\u00e1\u00f1amo port\u00e1til est\u00e1 fabricada con materiales de vidrio de alta calidad que la hacen duradera y resistente. Podr\u00e1s disfrutar f\u00e1cilmente de tus mezclas de hierbas favoritas en cuesti\u00f3n de minutos. As\u00ed que si necesitas <strong>mayorista esta Shisha port\u00e1til de c\u00e1\u00f1amo<\/strong>P\u00f3ngase en contacto con nosotros. <strong>mayorista de Shisha port\u00e1til de c\u00e1\u00f1amo,<\/strong><\/p>\n<div class=\"detailmodule_text-image\">\n<div><img decoding=\"async\" src=\"https:\/\/ae01.alicdn.com\/kf\/S6fb256b2b8654f03b89d7285261d41b04.png\" \/><\/div>\n<div><img decoding=\"async\" src=\"https:\/\/ae01.alicdn.com\/kf\/Sada417b2df3f4df8ae1bf7500c9bca34T.jpg\" \/><img decoding=\"async\" src=\"https:\/\/ae01.alicdn.com\/kf\/S0f1dd1a9abe9404b8fcc57366c495a05E.jpg\" \/><img decoding=\"async\" src=\"https:\/\/ae01.alicdn.com\/kf\/S4dfc2480d2224197b2e2bc72d9b3f31bf.jpg\" \/><img decoding=\"async\" src=\"https:\/\/ae01.alicdn.com\/kf\/S637e86b8b2cf4956963392496a47691eD.jpg\" \/><img decoding=\"async\" src=\"https:\/\/ae01.alicdn.com\/kf\/Sf61583bdcd294c8d81936b53447004d9j.jpg\" \/><img decoding=\"async\" src=\"https:\/\/ae01.alicdn.com\/kf\/Sb5eaa0a5bef1443293c720544eb0a328R.jpg\" \/><img decoding=\"async\" src=\"https:\/\/ae01.alicdn.com\/kf\/Sa65a29a2f9e8471286dc5cb77edab751J.jpg\" \/><img decoding=\"async\" src=\"https:\/\/ae01.alicdn.com\/kf\/S3c03c440cd084d158dd74614ae86a695N.jpg\" \/><img decoding=\"async\" src=\"https:\/\/ae01.alicdn.com\/kf\/S9087ad184a934a279e74f3d6894868ffB.jpg\" \/><img decoding=\"async\" src=\"https:\/\/ae01.alicdn.com\/kf\/Sb83af1a943bd4e5086ed04ec74e232dbN.jpg\" \/><img decoding=\"async\" src=\"https:\/\/ae01.alicdn.com\/kf\/Scc5cd33ca6fa46209f28e2407b1eba14r.jpg\" \/><\/div>\n<\/div>\n<div class=\"detailmodule_text-image\">\n<p class=\"detail-desc-decorate-title\" style=\"font-family: OpenSans; font-size: 20px; font-weight: 900; line-height: 28px; white-space: pre-wrap; color: #000000; margin-bottom: 12px;\">Punto de venta<\/p>\n<div><\/div>\n<\/div>\n<p>&nbsp;<\/p>","protected":false},"excerpt":{"rendered":"<p>Si usted est\u00e1 buscando para Hookah tiendas en l\u00ednea que pueden vender al por mayor port\u00e1til de c\u00e1\u00f1amo Shisha, nuestra port\u00e1til de c\u00e1\u00f1amo Shisha es su<\/p>","protected":false},"featured_media":13056,"comment_status":"open","ping_status":"closed","template":"","meta":{"iawp_total_views":1,"_joinchat":[]},"product_brand":[],"product_cat":[560,559,119],"product_tag":[],"class_list":{"0":"post-13055","1":"product","2":"type-product","3":"status-publish","4":"has-post-thumbnail","6":"product_cat-glass-hookah-wholesale","7":"product_cat-portable-hookah-wholesale","8":"product_cat-wholesale-hookah","10":"first","11":"instock","12":"shipping-taxable","13":"purchasable","14":"product-type-variable"},"yoast_head":"<!-- This site is optimized with the Yoast SEO Premium plugin v24.7 (Yoast SEO v26.8) - https:\/\/yoast.com\/product\/yoast-seo-premium-wordpress\/ -->\n<title>Portable Hemp Shisha Wholesale - Global Hookah<\/title>\n<meta name=\"robots\" content=\"index, follow, max-snippet:-1, max-image-preview:large, max-video-preview:-1\" \/>\n<link rel=\"canonical\" href=\"https:\/\/global-hookah.com\/es\/producto\/portable-hemp-shisha-wholesale\/\" \/>\n<meta property=\"og:locale\" content=\"es_ES\" \/>\n<meta property=\"og:type\" content=\"article\" \/>\n<meta property=\"og:title\" content=\"Portable Hemp Shisha Wholesale\" \/>\n<meta property=\"og:description\" content=\"If you are looking for Hookah online stores that can wholesale Portable Hemp Shisha, our Portable Hemp Shisha is your\" \/>\n<meta property=\"og:url\" content=\"https:\/\/global-hookah.com\/es\/producto\/portable-hemp-shisha-wholesale\/\" \/>\n<meta property=\"og:site_name\" content=\"Global Hookah\" \/>\n<meta property=\"article:modified_time\" content=\"2024-01-12T07:48:38+00:00\" \/>\n<meta property=\"og:image\" content=\"https:\/\/global-hookah.com\/wp-content\/uploads\/2023\/08\/Portable-Hookah-Shisha-Nargile-Wooden-Chichas-Complete-Set-with-Silicone-Hose-Ceramic-Bowl-Metal-Tongs-Narguile.jpg\" \/>\n\t<meta property=\"og:image:width\" content=\"909\" \/>\n\t<meta property=\"og:image:height\" content=\"909\" \/>\n\t<meta property=\"og:image:type\" content=\"image\/jpeg\" \/>\n<meta name=\"twitter:card\" content=\"summary_large_image\" \/>\n<meta name=\"twitter:label1\" content=\"Tiempo de lectura\" \/>\n\t<meta name=\"twitter:data1\" content=\"4 minutos\" \/>\n<script type=\"application\/ld+json\" class=\"yoast-schema-graph\">{\"@context\":\"https:\/\/schema.org\",\"@graph\":[{\"@type\":\"WebPage\",\"@id\":\"https:\/\/global-hookah.com\/product\/portable-hemp-shisha-wholesale\/\",\"url\":\"https:\/\/global-hookah.com\/product\/portable-hemp-shisha-wholesale\/\",\"name\":\"Portable Hemp Shisha Wholesale - Global Hookah\",\"isPartOf\":{\"@id\":\"https:\/\/global-hookah.com\/#website\"},\"primaryImageOfPage\":{\"@id\":\"https:\/\/global-hookah.com\/product\/portable-hemp-shisha-wholesale\/#primaryimage\"},\"image\":{\"@id\":\"https:\/\/global-hookah.com\/product\/portable-hemp-shisha-wholesale\/#primaryimage\"},\"thumbnailUrl\":\"https:\/\/global-hookah.com\/wp-content\/uploads\/2023\/08\/Portable-Hookah-Shisha-Nargile-Wooden-Chichas-Complete-Set-with-Silicone-Hose-Ceramic-Bowl-Metal-Tongs-Narguile.jpg\",\"datePublished\":\"2023-08-23T14:25:48+00:00\",\"dateModified\":\"2024-01-12T07:48:38+00:00\",\"breadcrumb\":{\"@id\":\"https:\/\/global-hookah.com\/product\/portable-hemp-shisha-wholesale\/#breadcrumb\"},\"inLanguage\":\"es\",\"potentialAction\":[{\"@type\":\"ReadAction\",\"target\":[\"https:\/\/global-hookah.com\/product\/portable-hemp-shisha-wholesale\/\"]}]},{\"@type\":\"ImageObject\",\"inLanguage\":\"es\",\"@id\":\"https:\/\/global-hookah.com\/product\/portable-hemp-shisha-wholesale\/#primaryimage\",\"url\":\"https:\/\/global-hookah.com\/wp-content\/uploads\/2023\/08\/Portable-Hookah-Shisha-Nargile-Wooden-Chichas-Complete-Set-with-Silicone-Hose-Ceramic-Bowl-Metal-Tongs-Narguile.jpg\",\"contentUrl\":\"https:\/\/global-hookah.com\/wp-content\/uploads\/2023\/08\/Portable-Hookah-Shisha-Nargile-Wooden-Chichas-Complete-Set-with-Silicone-Hose-Ceramic-Bowl-Metal-Tongs-Narguile.jpg\",\"width\":909,\"height\":909,\"caption\":\"Portable Hemp Shisha Wholesale\"},{\"@type\":\"BreadcrumbList\",\"@id\":\"https:\/\/global-hookah.com\/product\/portable-hemp-shisha-wholesale\/#breadcrumb\",\"itemListElement\":[{\"@type\":\"ListItem\",\"position\":1,\"name\":\"Home\",\"item\":\"https:\/\/global-hookah.com\/\"},{\"@type\":\"ListItem\",\"position\":2,\"name\":\"Shop\",\"item\":\"https:\/\/global-hookah.com\/shop\/\"},{\"@type\":\"ListItem\",\"position\":3,\"name\":\"Portable Hemp Shisha Wholesale\"}]},{\"@type\":\"WebSite\",\"@id\":\"https:\/\/global-hookah.com\/#website\",\"url\":\"https:\/\/global-hookah.com\/\",\"name\":\"Global Hookah\",\"description\":\"Global Hookah\",\"publisher\":{\"@id\":\"https:\/\/global-hookah.com\/#organization\"},\"potentialAction\":[{\"@type\":\"SearchAction\",\"target\":{\"@type\":\"EntryPoint\",\"urlTemplate\":\"https:\/\/global-hookah.com\/?s={search_term_string}\"},\"query-input\":{\"@type\":\"PropertyValueSpecification\",\"valueRequired\":true,\"valueName\":\"search_term_string\"}}],\"inLanguage\":\"es\"},{\"@type\":\"Organization\",\"@id\":\"https:\/\/global-hookah.com\/#organization\",\"name\":\"Global Hookah\",\"url\":\"https:\/\/global-hookah.com\/\",\"logo\":{\"@type\":\"ImageObject\",\"inLanguage\":\"es\",\"@id\":\"https:\/\/global-hookah.com\/#\/schema\/logo\/image\/\",\"url\":\"https:\/\/global-hookah.com\/wp-content\/uploads\/2021\/10\/cropped-fgg.png\",\"contentUrl\":\"https:\/\/global-hookah.com\/wp-content\/uploads\/2021\/10\/cropped-fgg.png\",\"width\":512,\"height\":512,\"caption\":\"Global Hookah\"},\"image\":{\"@id\":\"https:\/\/global-hookah.com\/#\/schema\/logo\/image\/\"}}]}<\/script>\n<!-- \/ Yoast SEO Premium plugin. -->","yoast_head_json":{"title":"Shisha port\u00e1til de c\u00e1\u00f1amo al por mayor - Global Hookah","robots":{"index":"index","follow":"follow","max-snippet":"max-snippet:-1","max-image-preview":"max-image-preview:large","max-video-preview":"max-video-preview:-1"},"canonical":"https:\/\/global-hookah.com\/es\/producto\/portable-hemp-shisha-wholesale\/","og_locale":"es_ES","og_type":"article","og_title":"Portable Hemp Shisha Wholesale","og_description":"If you are looking for Hookah online stores that can wholesale Portable Hemp Shisha, our Portable Hemp Shisha is your","og_url":"https:\/\/global-hookah.com\/es\/producto\/portable-hemp-shisha-wholesale\/","og_site_name":"Global Hookah","article_modified_time":"2024-01-12T07:48:38+00:00","og_image":[{"width":909,"height":909,"url":"https:\/\/global-hookah.com\/wp-content\/uploads\/2023\/08\/Portable-Hookah-Shisha-Nargile-Wooden-Chichas-Complete-Set-with-Silicone-Hose-Ceramic-Bowl-Metal-Tongs-Narguile.jpg","type":"image\/jpeg"}],"twitter_card":"summary_large_image","twitter_misc":{"Tiempo de lectura":"4 minutos"},"schema":{"@context":"https:\/\/schema.org","@graph":[{"@type":"WebPage","@id":"https:\/\/global-hookah.com\/product\/portable-hemp-shisha-wholesale\/","url":"https:\/\/global-hookah.com\/product\/portable-hemp-shisha-wholesale\/","name":"Shisha port\u00e1til de c\u00e1\u00f1amo al por mayor - Global Hookah","isPartOf":{"@id":"https:\/\/global-hookah.com\/#website"},"primaryImageOfPage":{"@id":"https:\/\/global-hookah.com\/product\/portable-hemp-shisha-wholesale\/#primaryimage"},"image":{"@id":"https:\/\/global-hookah.com\/product\/portable-hemp-shisha-wholesale\/#primaryimage"},"thumbnailUrl":"https:\/\/global-hookah.com\/wp-content\/uploads\/2023\/08\/Portable-Hookah-Shisha-Nargile-Wooden-Chichas-Complete-Set-with-Silicone-Hose-Ceramic-Bowl-Metal-Tongs-Narguile.jpg","datePublished":"2023-08-23T14:25:48+00:00","dateModified":"2024-01-12T07:48:38+00:00","breadcrumb":{"@id":"https:\/\/global-hookah.com\/product\/portable-hemp-shisha-wholesale\/#breadcrumb"},"inLanguage":"es","potentialAction":[{"@type":"ReadAction","target":["https:\/\/global-hookah.com\/product\/portable-hemp-shisha-wholesale\/"]}]},{"@type":"ImageObject","inLanguage":"es","@id":"https:\/\/global-hookah.com\/product\/portable-hemp-shisha-wholesale\/#primaryimage","url":"https:\/\/global-hookah.com\/wp-content\/uploads\/2023\/08\/Portable-Hookah-Shisha-Nargile-Wooden-Chichas-Complete-Set-with-Silicone-Hose-Ceramic-Bowl-Metal-Tongs-Narguile.jpg","contentUrl":"https:\/\/global-hookah.com\/wp-content\/uploads\/2023\/08\/Portable-Hookah-Shisha-Nargile-Wooden-Chichas-Complete-Set-with-Silicone-Hose-Ceramic-Bowl-Metal-Tongs-Narguile.jpg","width":909,"height":909,"caption":"Portable Hemp Shisha Wholesale"},{"@type":"BreadcrumbList","@id":"https:\/\/global-hookah.com\/product\/portable-hemp-shisha-wholesale\/#breadcrumb","itemListElement":[{"@type":"ListItem","position":1,"name":"Home","item":"https:\/\/global-hookah.com\/"},{"@type":"ListItem","position":2,"name":"Shop","item":"https:\/\/global-hookah.com\/shop\/"},{"@type":"ListItem","position":3,"name":"Portable Hemp Shisha Wholesale"}]},{"@type":"WebSite","@id":"https:\/\/global-hookah.com\/#website","url":"https:\/\/global-hookah.com\/","name":"Global Hookah","description":"Global Hookah","publisher":{"@id":"https:\/\/global-hookah.com\/#organization"},"potentialAction":[{"@type":"SearchAction","target":{"@type":"EntryPoint","urlTemplate":"https:\/\/global-hookah.com\/?s={search_term_string}"},"query-input":{"@type":"PropertyValueSpecification","valueRequired":true,"valueName":"search_term_string"}}],"inLanguage":"es"},{"@type":"Organization","@id":"https:\/\/global-hookah.com\/#organization","name":"Global Hookah","url":"https:\/\/global-hookah.com\/","logo":{"@type":"ImageObject","inLanguage":"es","@id":"https:\/\/global-hookah.com\/#\/schema\/logo\/image\/","url":"https:\/\/global-hookah.com\/wp-content\/uploads\/2021\/10\/cropped-fgg.png","contentUrl":"https:\/\/global-hookah.com\/wp-content\/uploads\/2021\/10\/cropped-fgg.png","width":512,"height":512,"caption":"Global Hookah"},"image":{"@id":"https:\/\/global-hookah.com\/#\/schema\/logo\/image\/"}}]}},"_links":{"self":[{"href":"https:\/\/global-hookah.com\/es\/wp-json\/wp\/v2\/product\/13055","targetHints":{"allow":["GET"]}}],"collection":[{"href":"https:\/\/global-hookah.com\/es\/wp-json\/wp\/v2\/product"}],"about":[{"href":"https:\/\/global-hookah.com\/es\/wp-json\/wp\/v2\/types\/product"}],"replies":[{"embeddable":true,"href":"https:\/\/global-hookah.com\/es\/wp-json\/wp\/v2\/comments?post=13055"}],"version-history":[{"count":0,"href":"https:\/\/global-hookah.com\/es\/wp-json\/wp\/v2\/product\/13055\/revisions"}],"wp:featuredmedia":[{"embeddable":true,"href":"https:\/\/global-hookah.com\/es\/wp-json\/wp\/v2\/media\/13056"}],"wp:attachment":[{"href":"https:\/\/global-hookah.com\/es\/wp-json\/wp\/v2\/media?parent=13055"}],"wp:term":[{"taxonomy":"product_brand","embeddable":true,"href":"https:\/\/global-hookah.com\/es\/wp-json\/wp\/v2\/product_brand?post=13055"},{"taxonomy":"product_cat","embeddable":true,"href":"https:\/\/global-hookah.com\/es\/wp-json\/wp\/v2\/product_cat?post=13055"},{"taxonomy":"product_tag","embeddable":true,"href":"https:\/\/global-hookah.com\/es\/wp-json\/wp\/v2\/product_tag?post=13055"}],"curies":[{"name":"wp","href":"https:\/\/api.w.org\/{rel}","templated":true}]}}