{"id":13078,"date":"2023-08-25T14:51:22","date_gmt":"2023-08-25T14:51:22","guid":{"rendered":"https:\/\/global-hookah.com\/product\/53cm-arab-fluid-e-hookah-wholesale\/"},"modified":"2024-01-12T03:53:35","modified_gmt":"2024-01-12T03:53:35","slug":"53cm-arab-fluid-e-hookah-wholesale","status":"publish","type":"product","link":"https:\/\/global-hookah.com\/es\/producto\/53cm-arab-fluid-e-hookah-wholesale\/","title":{"rendered":"53cm Arab Fluid E Hookah al por mayor"},"content":{"rendered":"<div class=\"product-specs-list-container\">\n<ul class=\"product-specs-list util-clearfix\">\n<li class=\"product-prop line-limit-length\"><span\n                                    class=\"property-title\">N\u00famero de modelo:&nbsp;<\/span><span\n                                    class=\"property-desc line-limit-length\">Set de Shisha Hookah<\/span>\n                        <\/li>\n<li class=\"product-prop line-limit-length\"><span\n                                    class=\"property-title\">Forma:&nbsp;<\/span><span\n                                    class=\"property-desc line-limit-length\">Caja de regalo<\/span>\n                        <\/li>\n<li class=\"product-prop line-limit-length\"><span\n                                    class=\"property-title\">T\u00e9cnica:&nbsp;<\/span><span\n                                    class=\"property-desc line-limit-length\">Laca<\/span>\n                        <\/li>\n<li class=\"product-prop line-limit-length\"><span\n                                    class=\"property-title\">Material:&nbsp;<\/span><span\n                                    class=\"property-desc line-limit-length\">vidrio<\/span>\n                        <\/li>\n<li class=\"product-prop line-limit-length\"><span\n                                    class=\"property-title\">Marca:&nbsp;<\/span><span\n                                    class=\"property-desc line-limit-length\">MOONSHADE FUMAR<\/span>\n                        <\/li>\n<li class=\"product-prop line-limit-length\"><span\n                                    class=\"property-title\">Origen:&nbsp;<\/span><span\n                                    class=\"property-desc line-limit-length\">China continental<\/span>\n                        <\/li>\n<li class=\"product-prop line-limit-length\"><span\n                                    class=\"property-title\">Nombre del producto:&nbsp;<\/span><span\n                                    class=\"property-desc line-limit-length\">Juego de narguile \u00e1guila \u00e1rabe<\/span>\n                        <\/li>\n<li class=\"product-prop line-limit-length\"><span\n                                    class=\"property-title\">Altura:&nbsp;<\/span><span\n                                    class=\"property-desc line-limit-length\">53 cm<\/span>\n                        <\/li>\n<li class=\"product-prop line-limit-length\"><span\n                                    class=\"property-title\">Peso:&nbsp;<\/span><span\n                                    class=\"property-desc line-limit-length\">1,5 kgs\/unidad<\/span>\n                        <\/li>\n<li class=\"product-prop line-limit-length\"><span\n                                    class=\"property-title\">M\u00e1s materiales:&nbsp;<\/span><span\n                                    class=\"property-desc line-limit-length\">Metal Vidrio<\/span>\n                        <\/li>\n<li class=\"product-prop line-limit-length\"><span\n                                    class=\"property-title\">Limpio:&nbsp;<\/span><span\n                                    class=\"property-desc line-limit-length\">Limpieza f\u00e1cil<\/span>\n                        <\/li>\n<li class=\"product-prop line-limit-length\"><span\n                                    class=\"property-title\">Caracter\u00edstica1:&nbsp;<\/span><span\n                                    class=\"property-desc line-limit-length\">Uso a largo plazo<\/span>\n                        <\/li>\n<li class=\"product-prop line-limit-length\"><span\n                                    class=\"property-title\">Caracter\u00edstica2:&nbsp;<\/span><span\n                                    class=\"property-desc line-limit-length\">Set de Shisha Hookah<\/span>\n                        <\/li>\n<li class=\"product-prop line-limit-length\"><span\n                                    class=\"property-title\">Caracter\u00edstica3:&nbsp;<\/span><span\n                                    class=\"property-desc line-limit-length\">Hookah de cristal<\/span>\n                        <\/li>\n<\/ul><\/div>\n<div class=\"detailmodule_html\">\n<div class=\"detail-desc-decorate-richtext\">\n<p align=\"left\" style=\"text-align:left;margin:0px;margin-bottom:0px;margin-top:0px;margin-left:0px;margin-right:0px\"><span style=\"font-family:Arial, Helvetica, sans-serif\"><strong><span class=\"15\" style=\"font-size:13.5pt\"><span style=\"color:rgb(244, 78, 59)\">Par\u00e1metro<\/span><\/span><\/strong><\/span><\/p>\n<p class=\"p\" style=\"margin:0pt;margin-bottom:0pt;margin-top:0pt;margin-left:0pt;margin-right:0pt;padding:0pt;padding-bottom:0pt;padding-top:0pt;padding-left:0em;padding-right:0pt\"><span style=\"font-family:Arial, Helvetica, sans-serif\"><span style=\"font-size:10.5pt\"><span style=\"background-color:rgb(255, 255, 255)\"><span style=\"color:rgb(0, 0, 0)\"><span>Peso :<\/span><\/span><\/span><\/span><\/span><span style=\"font-family:Arial, Helvetica, sans-serif\"><span style=\"background-color:rgb(255, 255, 255)\">&nbsp;1485g<\/span><\/span><\/p>\n<p class=\"p\"><span style=\"font-family:Arial, Helvetica, sans-serif\"><span style=\"font-size:10.5pt\"><span style=\"color:rgb(0, 0, 0)\">Altura : 52cm<\/span><\/span><\/span><\/p>\n<p class=\"p\"><span style=\"font-family:Arial, Helvetica, sans-serif\"><span style=\"font-size:10.5pt\"><span style=\"color:rgb(0, 0, 0)\">Material :<\/span><\/span><\/span><span style=\"font-family:Arial, Helvetica, sans-serif\">&nbsp;Metal+vidrio<\/span><\/p>\n<p><span style=\"font-family:Arial, Helvetica, sans-serif\"><span style=\"background-color:rgb(255, 255, 255);color:rgb(34, 34, 34);font-size:14px;font-family:&quot;Open Sans&quot;, Roboto, Arial, Helvetica, sans-serif, SimSun\"><strong><span style=\"font-size:20px\">Lista de embalaje:<\/p>\n<p>1 x Base Hookah<br \/>\n1 x Cuenco de cer\u00e1mica<br \/>\n1 x Manguera de cuero sint\u00e9tico<br \/>\n1 x Carbonera de metal<\/span><\/strong><\/span><\/span><br \/>\n<span style=\"font-family:Arial, Helvetica, sans-serif\"><span style=\"background-color:rgb(255, 255, 255);color:rgb(34, 34, 34);font-size:14px;font-family:&quot;Open Sans&quot;, Roboto, Arial, Helvetica, sans-serif, SimSun\"><span style=\"color:rgb(0, 0, 0);font-size:13px;font-family:arial, helvetica, sans-serif\"><strong><span style=\"font-size:20px\"><span style=\"font-family:OpenSans\"><span style=\"font-family:arial, helvetica, sans-serif\">1 x Pinzas de metal para carb\u00f3n<\/span><\/span><\/span><\/strong><\/span><\/span><\/span><span style=\"font-family:Arial, Helvetica, sans-serif\"><\/span><\/p>\n<p><span style=\"font-family:Arial, Helvetica, sans-serif\"><\/span><\/p>\n<p><img decoding=\"async\" referrerpolicy=\"no-referrer\" slate-data-type=\"image\" src=\"https:\/\/ae01.alicdn.com\/kf\/Sf7c0365d8f0d47e8b623f131143e004fW.jpg?width=800&amp;height=800&amp;hash=1600\"><img decoding=\"async\" referrerpolicy=\"no-referrer\" slate-data-type=\"image\" src=\"https:\/\/ae01.alicdn.com\/kf\/S2699e45829774ec9ac0263dd0fa900d74.jpg?width=800&amp;height=800&amp;hash=1600\"><img decoding=\"async\" referrerpolicy=\"no-referrer\" slate-data-type=\"image\" src=\"https:\/\/ae01.alicdn.com\/kf\/S5e97d1031d8f4963b212f873d1ef11fdB.jpg?width=800&amp;height=800&amp;hash=1600\"><img decoding=\"async\" referrerpolicy=\"no-referrer\" slate-data-type=\"image\" src=\"https:\/\/ae01.alicdn.com\/kf\/S9866fcc5a44c4a11b70903fb098c478cV.jpg?width=800&amp;height=800&amp;hash=1600\"><img decoding=\"async\" referrerpolicy=\"no-referrer\" slate-data-type=\"image\" src=\"https:\/\/ae01.alicdn.com\/kf\/S36ee0dc34461481399eb78ac5ef4da89r.jpg?width=800&amp;height=800&amp;hash=1600\"><\/p>\n<div align=\"start\" style=\"font-family:&quot;Open Sans&quot;, Roboto, Arial, Helvetica, sans-serif, SimSun;font-size:14px;font-weight:400;letter-spacing:normal;text-align:start;white-space:normal;color:rgb(34, 34, 34);background-color:rgb(255, 255, 255);margin:10px auto 0px;margin-bottom:0px;margin-top:10px;margin-left:auto;margin-right:auto;padding:0px;padding-bottom:0px;padding-top:0px;padding-left:0px;padding-right:0px;display:inline-block;max-width:100%;box-sizing:content-box\"><img decoding=\"async\" referrerpolicy=\"no-referrer\" slate-data-type=\"image\" src=\"https:\/\/ae01.alicdn.com\/kf\/S7af4453e72364daca012fcd23f073beeC.jpg?width=932&amp;height=540&amp;hash=1472\" style=\"border:0px;margin:0px;margin-bottom:0px;margin-top:0px;margin-left:0px;margin-right:0px;padding:0px;padding-bottom:0px;padding-top:0px;padding-left:0px;padding-right:0px;max-width:100%;box-sizing:border-box\"><\/div>\n<p>&nbsp;<\/p>\n<div align=\"start\" style=\"font-family:&quot;Open Sans&quot;, Roboto, Arial, Helvetica, sans-serif, SimSun;font-size:14px;font-weight:400;letter-spacing:normal;text-align:start;white-space:normal;color:rgb(34, 34, 34);background-color:rgb(255, 255, 255);margin:10px auto 0px;margin-bottom:0px;margin-top:10px;margin-left:auto;margin-right:auto;padding:0px;padding-bottom:0px;padding-top:0px;padding-left:0px;padding-right:0px;display:inline-block;max-width:100%;box-sizing:content-box\"><img decoding=\"async\" referrerpolicy=\"no-referrer\" slate-data-type=\"image\" src=\"https:\/\/ae01.alicdn.com\/kf\/Sa6d8c4e27bf94f409acf27010542ae0bR.jpg?width=932&amp;height=700&amp;hash=1632\" style=\"border:0px;margin:0px;margin-bottom:0px;margin-top:0px;margin-left:0px;margin-right:0px;padding:0px;padding-bottom:0px;padding-top:0px;padding-left:0px;padding-right:0px;max-width:100%;box-sizing:border-box\"><\/div>\n<p>&nbsp;<\/p>\n<div align=\"start\" style=\"font-family:&quot;Open Sans&quot;, Roboto, Arial, Helvetica, sans-serif, SimSun;font-size:14px;font-weight:400;letter-spacing:normal;text-align:start;white-space:normal;color:rgb(34, 34, 34);background-color:rgb(255, 255, 255);margin:10px auto 0px;margin-bottom:0px;margin-top:10px;margin-left:auto;margin-right:auto;padding:0px;padding-bottom:0px;padding-top:0px;padding-left:0px;padding-right:0px;display:inline-block;max-width:100%;box-sizing:content-box\"><img decoding=\"async\" referrerpolicy=\"no-referrer\" slate-data-type=\"image\" src=\"https:\/\/ae01.alicdn.com\/kf\/S2aba2d342b4d4179a8fe5d76bb4a9cacJ.jpg?width=932&amp;height=300&amp;hash=1232\" style=\"border:0px;margin:0px;margin-bottom:0px;margin-top:0px;margin-left:0px;margin-right:0px;padding:0px;padding-bottom:0px;padding-top:0px;padding-left:0px;padding-right:0px;max-width:100%;box-sizing:border-box\"><\/div>\n<p align=\"left\" style=\"font-family:&quot;Open Sans&quot;, Roboto, Arial, Helvetica, sans-serif, SimSun;font-size:14px;font-weight:400;letter-spacing:normal;line-height:inherit;text-align:left;white-space:normal;color:rgb(34, 34, 34);background-color:rgb(255, 255, 255);margin:0px;margin-bottom:0px;margin-top:0px;margin-left:0px;margin-right:0px;padding:0px;padding-bottom:0px;padding-top:0px;padding-left:0px;padding-right:0px;box-sizing:border-box\"><span style=\"background-color:rgb(255, 255, 255);color:rgb(34, 34, 34);font-size:14px;font-family:&quot;Open Sans&quot;, Roboto, Arial, Helvetica, sans-serif, SimSun\">\u00a11:Apoyo a la venta al por mayor,Dropshipping,Logo personalizar,OEM!<\/span><br \/>\n<span style=\"background-color:rgb(255, 255, 255);color:rgb(34, 34, 34);font-size:14px;font-family:&quot;Open Sans&quot;, Roboto, Arial, Helvetica, sans-serif, SimSun\">2:+Sigue a la tienda y consigue Descuentos o Cupones.<\/span><br \/>\n<span style=\"background-color:rgb(255, 255, 255);color:rgb(34, 34, 34);font-size:14px;font-family:&quot;Open Sans&quot;, Roboto, Arial, Helvetica, sans-serif, SimSun\">3:Acerca del color: Parte de los productos se env\u00edan de color al azar para mantener la velocidad de env\u00edo r\u00e1pido. (Si desea elegir el color, por favor deje una nota o mensaje).<\/span><br \/>\n<span style=\"background-color:rgb(255, 255, 255);color:rgb(34, 34, 34);font-size:14px;font-family:&quot;Open Sans&quot;, Roboto, Arial, Helvetica, sans-serif, SimSun\">4:Acerca del enchufe: No importa de qu\u00e9 pa\u00eds sea, le enviaremos un enchufe de conversi\u00f3n est\u00e1ndar que se adapte a su pa\u00eds.<\/span><br \/>\n<span style=\"background-color:rgb(255, 255, 255);color:rgb(34, 34, 34);font-size:14px;font-family:&quot;Open Sans&quot;, Roboto, Arial, Helvetica, sans-serif, SimSun\">5:Garantizamos el env\u00edo de la mercanc\u00eda en un plazo de 48 horas tras la confirmaci\u00f3n del pago, excepto en d\u00edas festivos.<\/span><br \/>\n<span style=\"background-color:rgb(255, 255, 255);color:rgb(34, 34, 34);font-size:14px;font-family:&quot;Open Sans&quot;, Roboto, Arial, Helvetica, sans-serif, SimSun\">6:Enviamos por AliExpress Standard Shipping,DHL,Fedex,principalmente seg\u00fan el m\u00e9todo de env\u00edo de su elecci\u00f3n.<\/span><br \/>\n<span style=\"background-color:rgb(255, 255, 255);color:rgb(34, 34, 34);font-size:14px;font-family:&quot;Open Sans&quot;, Roboto, Arial, Helvetica, sans-serif, SimSun\">7: Tenemos experiencia rica del env\u00edo, usted no tendr\u00e1 problema con aduanas, por favor la garant\u00eda 100% nos cree.<\/span><br \/>\n<span style=\"background-color:rgb(255, 255, 255);color:rgb(34, 34, 34);font-size:14px;font-family:&quot;Open Sans&quot;, Roboto, Arial, Helvetica, sans-serif, SimSun\">8:Si usted no recibe el art\u00edculo despu\u00e9s de 15-45 d\u00edas, por favor no dude en contactar con nosotros.haremos todo nuestro esfuerzo para resolver el problema.<\/span><br \/>\n<span style=\"background-color:rgb(255, 255, 255);color:rgb(34, 34, 34);font-size:14px;font-family:&quot;Open Sans&quot;, Roboto, Arial, Helvetica, sans-serif, SimSun\">9:Return&amp; Refund:If cualquier pregunta sobre los art\u00edculos, por favor tome fotos o videos, p\u00f3ngase en contacto con nosotros para reenviar, devolver o reembolsar, no es necesario abrir la disputa o revisi\u00f3n.<\/span><br \/>\n<span style=\"background-color:rgb(255, 255, 255);color:rgb(34, 34, 34);font-size:14px;font-family:&quot;Open Sans&quot;, Roboto, Arial, Helvetica, sans-serif, SimSun\">10:Garant\u00eda:100% \u00a1Garant\u00eda de calidad y originalidad! Todos los art\u00edculos tienen 1-3 a\u00f1os de garant\u00eda.<\/span><\/p>\n<\/div>\n<\/div>","protected":false},"excerpt":{"rendered":"<p>N\u00famero de modelo: Shisha Hookah Set Forma: Caja de regalo T\u00e9cnicas: Laca Material: vidrio Marca: MOONSHADE FUMAR Origen: China continental Nombre del producto: \u00c1guila \u00e1rabe hookah conjunto Altura: 53cm Peso: 1,5<\/p>","protected":false},"featured_media":13079,"comment_status":"open","ping_status":"closed","template":"","meta":{"iawp_total_views":1,"_joinchat":[]},"product_brand":[],"product_cat":[415,560],"product_tag":[],"class_list":{"0":"post-13078","1":"product","2":"type-product","3":"status-publish","4":"has-post-thumbnail","6":"product_cat-accessories","7":"product_cat-glass-hookah-wholesale","9":"first","10":"instock","11":"shipping-taxable","12":"purchasable","13":"product-type-variable"},"yoast_head":"<!-- This site is optimized with the Yoast SEO Premium plugin v24.7 (Yoast SEO v26.8) - https:\/\/yoast.com\/product\/yoast-seo-premium-wordpress\/ -->\n<title>53cm Arab Fluid E Hookah Wholesale - Global Hookah<\/title>\n<meta name=\"robots\" content=\"index, follow, max-snippet:-1, max-image-preview:large, max-video-preview:-1\" \/>\n<link rel=\"canonical\" href=\"https:\/\/global-hookah.com\/es\/producto\/53cm-arab-fluid-e-hookah-wholesale\/\" \/>\n<meta property=\"og:locale\" content=\"es_ES\" \/>\n<meta property=\"og:type\" content=\"article\" \/>\n<meta property=\"og:title\" content=\"53cm Arab Fluid E Hookah Wholesale\" \/>\n<meta property=\"og:description\" content=\"Model Number:&nbsp;Shisha Hookah Set Shape:&nbsp;Gift Box Technics:&nbsp;Lacquer Material:&nbsp;glass Brand Name:&nbsp;MOONSHADE SMOKING Origin:&nbsp;Mainland China Product Name:&nbsp;Arab eagle hookah set Height:&nbsp;53cm Weight:&nbsp;1.5\" \/>\n<meta property=\"og:url\" content=\"https:\/\/global-hookah.com\/es\/producto\/53cm-arab-fluid-e-hookah-wholesale\/\" \/>\n<meta property=\"og:site_name\" content=\"Global Hookah\" \/>\n<meta property=\"article:modified_time\" content=\"2024-01-12T03:53:35+00:00\" \/>\n<meta property=\"og:image\" content=\"https:\/\/global-hookah.com\/wp-content\/uploads\/2023\/08\/MERCURY-53cm-Arab-Eagle-Shape-Hookah-Set-with-Hose-Chicha-Bowl-Narguile-Complete-Smoking-Grass-Water.jpg\" \/>\n\t<meta property=\"og:image:width\" content=\"800\" \/>\n\t<meta property=\"og:image:height\" content=\"800\" \/>\n\t<meta property=\"og:image:type\" content=\"image\/jpeg\" \/>\n<meta name=\"twitter:card\" content=\"summary_large_image\" \/>\n<meta name=\"twitter:label1\" content=\"Tiempo de lectura\" \/>\n\t<meta name=\"twitter:data1\" content=\"1 minuto\" \/>\n<script type=\"application\/ld+json\" class=\"yoast-schema-graph\">{\"@context\":\"https:\/\/schema.org\",\"@graph\":[{\"@type\":\"WebPage\",\"@id\":\"https:\/\/global-hookah.com\/product\/53cm-arab-fluid-e-hookah-wholesale\/\",\"url\":\"https:\/\/global-hookah.com\/product\/53cm-arab-fluid-e-hookah-wholesale\/\",\"name\":\"53cm Arab Fluid E Hookah Wholesale - Global Hookah\",\"isPartOf\":{\"@id\":\"https:\/\/global-hookah.com\/#website\"},\"primaryImageOfPage\":{\"@id\":\"https:\/\/global-hookah.com\/product\/53cm-arab-fluid-e-hookah-wholesale\/#primaryimage\"},\"image\":{\"@id\":\"https:\/\/global-hookah.com\/product\/53cm-arab-fluid-e-hookah-wholesale\/#primaryimage\"},\"thumbnailUrl\":\"https:\/\/global-hookah.com\/wp-content\/uploads\/2023\/08\/MERCURY-53cm-Arab-Eagle-Shape-Hookah-Set-with-Hose-Chicha-Bowl-Narguile-Complete-Smoking-Grass-Water.jpg\",\"datePublished\":\"2023-08-25T14:51:22+00:00\",\"dateModified\":\"2024-01-12T03:53:35+00:00\",\"breadcrumb\":{\"@id\":\"https:\/\/global-hookah.com\/product\/53cm-arab-fluid-e-hookah-wholesale\/#breadcrumb\"},\"inLanguage\":\"es\",\"potentialAction\":[{\"@type\":\"ReadAction\",\"target\":[\"https:\/\/global-hookah.com\/product\/53cm-arab-fluid-e-hookah-wholesale\/\"]}]},{\"@type\":\"ImageObject\",\"inLanguage\":\"es\",\"@id\":\"https:\/\/global-hookah.com\/product\/53cm-arab-fluid-e-hookah-wholesale\/#primaryimage\",\"url\":\"https:\/\/global-hookah.com\/wp-content\/uploads\/2023\/08\/MERCURY-53cm-Arab-Eagle-Shape-Hookah-Set-with-Hose-Chicha-Bowl-Narguile-Complete-Smoking-Grass-Water.jpg\",\"contentUrl\":\"https:\/\/global-hookah.com\/wp-content\/uploads\/2023\/08\/MERCURY-53cm-Arab-Eagle-Shape-Hookah-Set-with-Hose-Chicha-Bowl-Narguile-Complete-Smoking-Grass-Water.jpg\",\"width\":800,\"height\":800},{\"@type\":\"BreadcrumbList\",\"@id\":\"https:\/\/global-hookah.com\/product\/53cm-arab-fluid-e-hookah-wholesale\/#breadcrumb\",\"itemListElement\":[{\"@type\":\"ListItem\",\"position\":1,\"name\":\"Home\",\"item\":\"https:\/\/global-hookah.com\/\"},{\"@type\":\"ListItem\",\"position\":2,\"name\":\"Shop\",\"item\":\"https:\/\/global-hookah.com\/shop\/\"},{\"@type\":\"ListItem\",\"position\":3,\"name\":\"53cm Arab Fluid E Hookah Wholesale\"}]},{\"@type\":\"WebSite\",\"@id\":\"https:\/\/global-hookah.com\/#website\",\"url\":\"https:\/\/global-hookah.com\/\",\"name\":\"Global Hookah\",\"description\":\"Global Hookah\",\"publisher\":{\"@id\":\"https:\/\/global-hookah.com\/#organization\"},\"potentialAction\":[{\"@type\":\"SearchAction\",\"target\":{\"@type\":\"EntryPoint\",\"urlTemplate\":\"https:\/\/global-hookah.com\/?s={search_term_string}\"},\"query-input\":{\"@type\":\"PropertyValueSpecification\",\"valueRequired\":true,\"valueName\":\"search_term_string\"}}],\"inLanguage\":\"es\"},{\"@type\":\"Organization\",\"@id\":\"https:\/\/global-hookah.com\/#organization\",\"name\":\"Global Hookah\",\"url\":\"https:\/\/global-hookah.com\/\",\"logo\":{\"@type\":\"ImageObject\",\"inLanguage\":\"es\",\"@id\":\"https:\/\/global-hookah.com\/#\/schema\/logo\/image\/\",\"url\":\"https:\/\/global-hookah.com\/wp-content\/uploads\/2021\/10\/cropped-fgg.png\",\"contentUrl\":\"https:\/\/global-hookah.com\/wp-content\/uploads\/2021\/10\/cropped-fgg.png\",\"width\":512,\"height\":512,\"caption\":\"Global Hookah\"},\"image\":{\"@id\":\"https:\/\/global-hookah.com\/#\/schema\/logo\/image\/\"}}]}<\/script>\n<!-- \/ Yoast SEO Premium plugin. -->","yoast_head_json":{"title":"53cm Arab Fluid E Hookah al por mayor - Global Hookah","robots":{"index":"index","follow":"follow","max-snippet":"max-snippet:-1","max-image-preview":"max-image-preview:large","max-video-preview":"max-video-preview:-1"},"canonical":"https:\/\/global-hookah.com\/es\/producto\/53cm-arab-fluid-e-hookah-wholesale\/","og_locale":"es_ES","og_type":"article","og_title":"53cm Arab Fluid E Hookah Wholesale","og_description":"Model Number:&nbsp;Shisha Hookah Set Shape:&nbsp;Gift Box Technics:&nbsp;Lacquer Material:&nbsp;glass Brand Name:&nbsp;MOONSHADE SMOKING Origin:&nbsp;Mainland China Product Name:&nbsp;Arab eagle hookah set Height:&nbsp;53cm Weight:&nbsp;1.5","og_url":"https:\/\/global-hookah.com\/es\/producto\/53cm-arab-fluid-e-hookah-wholesale\/","og_site_name":"Global Hookah","article_modified_time":"2024-01-12T03:53:35+00:00","og_image":[{"width":800,"height":800,"url":"https:\/\/global-hookah.com\/wp-content\/uploads\/2023\/08\/MERCURY-53cm-Arab-Eagle-Shape-Hookah-Set-with-Hose-Chicha-Bowl-Narguile-Complete-Smoking-Grass-Water.jpg","type":"image\/jpeg"}],"twitter_card":"summary_large_image","twitter_misc":{"Tiempo de lectura":"1 minuto"},"schema":{"@context":"https:\/\/schema.org","@graph":[{"@type":"WebPage","@id":"https:\/\/global-hookah.com\/product\/53cm-arab-fluid-e-hookah-wholesale\/","url":"https:\/\/global-hookah.com\/product\/53cm-arab-fluid-e-hookah-wholesale\/","name":"53cm Arab Fluid E Hookah al por mayor - Global Hookah","isPartOf":{"@id":"https:\/\/global-hookah.com\/#website"},"primaryImageOfPage":{"@id":"https:\/\/global-hookah.com\/product\/53cm-arab-fluid-e-hookah-wholesale\/#primaryimage"},"image":{"@id":"https:\/\/global-hookah.com\/product\/53cm-arab-fluid-e-hookah-wholesale\/#primaryimage"},"thumbnailUrl":"https:\/\/global-hookah.com\/wp-content\/uploads\/2023\/08\/MERCURY-53cm-Arab-Eagle-Shape-Hookah-Set-with-Hose-Chicha-Bowl-Narguile-Complete-Smoking-Grass-Water.jpg","datePublished":"2023-08-25T14:51:22+00:00","dateModified":"2024-01-12T03:53:35+00:00","breadcrumb":{"@id":"https:\/\/global-hookah.com\/product\/53cm-arab-fluid-e-hookah-wholesale\/#breadcrumb"},"inLanguage":"es","potentialAction":[{"@type":"ReadAction","target":["https:\/\/global-hookah.com\/product\/53cm-arab-fluid-e-hookah-wholesale\/"]}]},{"@type":"ImageObject","inLanguage":"es","@id":"https:\/\/global-hookah.com\/product\/53cm-arab-fluid-e-hookah-wholesale\/#primaryimage","url":"https:\/\/global-hookah.com\/wp-content\/uploads\/2023\/08\/MERCURY-53cm-Arab-Eagle-Shape-Hookah-Set-with-Hose-Chicha-Bowl-Narguile-Complete-Smoking-Grass-Water.jpg","contentUrl":"https:\/\/global-hookah.com\/wp-content\/uploads\/2023\/08\/MERCURY-53cm-Arab-Eagle-Shape-Hookah-Set-with-Hose-Chicha-Bowl-Narguile-Complete-Smoking-Grass-Water.jpg","width":800,"height":800},{"@type":"BreadcrumbList","@id":"https:\/\/global-hookah.com\/product\/53cm-arab-fluid-e-hookah-wholesale\/#breadcrumb","itemListElement":[{"@type":"ListItem","position":1,"name":"Home","item":"https:\/\/global-hookah.com\/"},{"@type":"ListItem","position":2,"name":"Shop","item":"https:\/\/global-hookah.com\/shop\/"},{"@type":"ListItem","position":3,"name":"53cm Arab Fluid E Hookah Wholesale"}]},{"@type":"WebSite","@id":"https:\/\/global-hookah.com\/#website","url":"https:\/\/global-hookah.com\/","name":"Global Hookah","description":"Global Hookah","publisher":{"@id":"https:\/\/global-hookah.com\/#organization"},"potentialAction":[{"@type":"SearchAction","target":{"@type":"EntryPoint","urlTemplate":"https:\/\/global-hookah.com\/?s={search_term_string}"},"query-input":{"@type":"PropertyValueSpecification","valueRequired":true,"valueName":"search_term_string"}}],"inLanguage":"es"},{"@type":"Organization","@id":"https:\/\/global-hookah.com\/#organization","name":"Global Hookah","url":"https:\/\/global-hookah.com\/","logo":{"@type":"ImageObject","inLanguage":"es","@id":"https:\/\/global-hookah.com\/#\/schema\/logo\/image\/","url":"https:\/\/global-hookah.com\/wp-content\/uploads\/2021\/10\/cropped-fgg.png","contentUrl":"https:\/\/global-hookah.com\/wp-content\/uploads\/2021\/10\/cropped-fgg.png","width":512,"height":512,"caption":"Global Hookah"},"image":{"@id":"https:\/\/global-hookah.com\/#\/schema\/logo\/image\/"}}]}},"_links":{"self":[{"href":"https:\/\/global-hookah.com\/es\/wp-json\/wp\/v2\/product\/13078","targetHints":{"allow":["GET"]}}],"collection":[{"href":"https:\/\/global-hookah.com\/es\/wp-json\/wp\/v2\/product"}],"about":[{"href":"https:\/\/global-hookah.com\/es\/wp-json\/wp\/v2\/types\/product"}],"replies":[{"embeddable":true,"href":"https:\/\/global-hookah.com\/es\/wp-json\/wp\/v2\/comments?post=13078"}],"version-history":[{"count":0,"href":"https:\/\/global-hookah.com\/es\/wp-json\/wp\/v2\/product\/13078\/revisions"}],"wp:featuredmedia":[{"embeddable":true,"href":"https:\/\/global-hookah.com\/es\/wp-json\/wp\/v2\/media\/13079"}],"wp:attachment":[{"href":"https:\/\/global-hookah.com\/es\/wp-json\/wp\/v2\/media?parent=13078"}],"wp:term":[{"taxonomy":"product_brand","embeddable":true,"href":"https:\/\/global-hookah.com\/es\/wp-json\/wp\/v2\/product_brand?post=13078"},{"taxonomy":"product_cat","embeddable":true,"href":"https:\/\/global-hookah.com\/es\/wp-json\/wp\/v2\/product_cat?post=13078"},{"taxonomy":"product_tag","embeddable":true,"href":"https:\/\/global-hookah.com\/es\/wp-json\/wp\/v2\/product_tag?post=13078"}],"curies":[{"name":"wp","href":"https:\/\/api.w.org\/{rel}","templated":true}]}}