{"id":13096,"date":"2023-08-26T12:19:02","date_gmt":"2023-08-26T12:19:02","guid":{"rendered":"https:\/\/global-hookah.com\/product\/arab-alloy-hookah-shisha-pipes-wholesale\/"},"modified":"2023-08-26T12:19:05","modified_gmt":"2023-08-26T12:19:05","slug":"arab-alloy-hookah-shisha-pipes-wholesale","status":"publish","type":"product","link":"https:\/\/global-hookah.com\/es\/producto\/arab-alloy-hookah-shisha-pipes-wholesale\/","title":{"rendered":"Pipas de Shisha Hookah de aleaci\u00f3n \u00e1rabe al por mayor"},"content":{"rendered":"<div class=\"product-specs-list-container\">\n<ul class=\"product-specs-list util-clearfix\">\n<li class=\"product-prop line-limit-length\"><span\n                                    class=\"property-title\">Forma:&nbsp;<\/span><span\n                                    class=\"property-desc line-limit-length\">Caja de regalo<\/span>\n                        <\/li>\n<li class=\"product-prop line-limit-length\"><span\n                                    class=\"property-title\">N\u00famero de modelo:&nbsp;<\/span><span\n                                    class=\"property-desc line-limit-length\">Hookah de b\u00e9isbol<\/span>\n                        <\/li>\n<li class=\"product-prop line-limit-length\"><span\n                                    class=\"property-title\">Marca:&nbsp;<\/span><span\n                                    class=\"property-desc line-limit-length\">MOONSHADE FUMAR<\/span>\n                        <\/li>\n<li class=\"product-prop line-limit-length\"><span\n                                    class=\"property-title\">Origen:&nbsp;<\/span><span\n                                    class=\"property-desc line-limit-length\">China continental<\/span>\n                        <\/li>\n<li class=\"product-prop line-limit-length\"><span\n                                    class=\"property-title\">Peso:&nbsp;<\/span><span\n                                    class=\"property-desc line-limit-length\">3,85KG<\/span>\n                        <\/li>\n<li class=\"product-prop line-limit-length\"><span\n                                    class=\"property-title\">Altura:&nbsp;<\/span><span\n                                    class=\"property-desc line-limit-length\">80 CM<\/span>\n                        <\/li>\n<li class=\"product-prop line-limit-length\"><span\n                                    class=\"property-title\">Tama\u00f1o del paquete:&nbsp;<\/span><span\n                                    class=\"property-desc line-limit-length\">8*34*59CM<\/span>\n                        <\/li>\n<li class=\"product-prop line-limit-length\"><span\n                                    class=\"property-title\">Material:&nbsp;<\/span><span\n                                    class=\"property-desc line-limit-length\">Aleaci\u00f3n de aluminio<\/span>\n                        <\/li>\n<li class=\"product-prop line-limit-length\"><span\n                                    class=\"property-title\">Caracter\u00edstica1:&nbsp;<\/span><span\n                                    class=\"property-desc line-limit-length\">bonga para fumar<\/span>\n                        <\/li>\n<li class=\"product-prop line-limit-length\"><span\n                                    class=\"property-title\">Caracter\u00edstica2:&nbsp;<\/span><span\n                                    class=\"property-desc line-limit-length\">Narguile completo<\/span>\n                        <\/li>\n<li class=\"product-prop line-limit-length\"><span\n                                    class=\"property-title\">Caracter\u00edstica3:&nbsp;<\/span><span\n                                    class=\"property-desc line-limit-length\">accesorios para fumadores<\/span>\n                        <\/li>\n<li class=\"product-prop line-limit-length\"><span\n                                    class=\"property-title\">Caracter\u00edstica 4:&nbsp;<\/span><span\n                                    class=\"property-desc line-limit-length\">Chicha completa<\/span>\n                        <\/li>\n<li class=\"product-prop line-limit-length\"><span\n                                    class=\"property-title\">Caracter\u00edstica 5:&nbsp;<\/span><span\n                                    class=\"property-desc line-limit-length\">kit completo cachimbas<\/span>\n                        <\/li>\n<\/ul><\/div>\n<div class=\"detailmodule_html\">\n<div class=\"detail-desc-decorate-richtext\">\n<p align=\"left\" style=\"text-align:left;margin:0px;margin-bottom:0px;margin-top:0px;margin-left:0px;margin-right:0px\"><img decoding=\"async\" referrerpolicy=\"no-referrer\" slate-data-type=\"image\" src=\"https:\/\/ae01.alicdn.com\/kf\/Sff737a098dac40fca1c503a12e8ce3a2a.jpg?width=999&amp;height=108&amp;hash=1107\"><\/p>\n<p class=\"p\"><span class=\"15\" style=\"font-size:13.5pt\"><span style=\"color:rgb(244, 78, 59)\"><span style=\"font-size:18px\"><span style=\"font-family:Arial, Helvetica, sans-serif\"><strong>Bienvenido a nuestra tienda<br \/>\nGracias por venir. Espero que les gusten todos los productos.<\/strong><\/span><\/span><\/span><\/span><span style=\"font-family:Arial, Helvetica, sans-serif\"><strong><span class=\"15\" style=\"font-size:13.5pt\"><span style=\"color:rgb(244, 78, 59)\"><\/p>\n<p>Par\u00e1metro :&nbsp;<\/span><\/span><\/strong><\/span><span style=\"font-size:14px\"><span style=\"font-family:Arial, Helvetica, sans-serif\"><span style=\"background-color:rgb(255, 255, 255)\"><\/span><\/span><\/span><br \/>\n<span style=\"font-size:14px\"><span style=\"font-family:Arial, Helvetica, sans-serif\"><span style=\"background-color:rgb(255, 255, 255)\"><span style=\"color:rgb(0, 0, 0)\"><span>Peso :<\/span><\/span><\/span><\/span><\/span><span style=\"font-size:14px\"><span style=\"font-family:Arial, Helvetica, sans-serif\"><span style=\"background-color:rgb(255, 255, 255)\">&nbsp;3,85KG<\/span><\/span><\/span><span style=\"font-size:14px\"><span style=\"font-family:Arial, Helvetica, sans-serif\"><span style=\"color:rgb(0, 0, 0)\"><\/p>\n<p>Altura : 80CM<\/span><\/span><\/span><span style=\"font-size:14px\"><\/span><br \/>\n<span style=\"font-size:14px\"><span style=\"font-family:Arial, Helvetica, sans-serif\"><span style=\"color:rgb(0, 0, 0)\">Tama\u00f1o del paquete : 8*34*59CM<br \/>\nMaterial :<\/span><\/span><\/span><span style=\"font-size:14px\"><span style=\"font-family:Arial, Helvetica, sans-serif\">&nbsp;Aleaci\u00f3n de aluminio<\/span><\/span><span style=\"font-family:Arial, Helvetica, sans-serif\"><span style=\"font-size:14px\"><span style=\"background-color:rgb(255, 255, 255)\"><span style=\"color:rgb(0, 0, 0)\"><span><br \/>\nUso : Hookah\/Shisha\/Narguile Set Smoking Tool<\/span><\/span><\/span><\/span><\/span><br \/>\n<span class=\"15\" style=\"font-size:13.5pt\"><span style=\"color:rgb(244, 78, 59)\"><span style=\"font-family:Arial, Helvetica, sans-serif\"><strong>Nota:&nbsp;<\/strong><\/span><\/span><\/span><span class=\"15\" style=\"font-size:13.5pt\"><\/span><br \/>\n<span class=\"15\" style=\"font-size:13.5pt\"><span style=\"font-size:14px\"><span style=\"font-family:Arial, Helvetica, sans-serif\">1.Please permiten 0-1cm error debido a la medici\u00f3n manual. pls aseg\u00farese de que no le importa antes de hacer una oferta.<br \/>\n2.Debido a la diferencia entre diferentes monitores, la imagen puede no reflejar el color real del art\u00edculo. Gracias<\/span><\/span><\/span><\/p>\n<p><img decoding=\"async\" referrerpolicy=\"no-referrer\" slate-data-type=\"image\" src=\"https:\/\/ae01.alicdn.com\/kf\/Scd8a8452cfe645678ecca518c3a74b89v.jpg?width=996&amp;height=106&amp;hash=1102\"><span style=\"font-family:Arial, Helvetica, sans-serif\"><\/span><br \/>\n<img decoding=\"async\" referrerpolicy=\"no-referrer\" src=\"https:\/\/ae01.alicdn.com\/kf\/S2e7d817666894706b2d997bd5af6e2be3.jpg?width=800&amp;height=800&amp;hash=1600\"><img decoding=\"async\" referrerpolicy=\"no-referrer\" src=\"https:\/\/ae01.alicdn.com\/kf\/S4368d648ff2748779bbc6f1520942ab9u.jpg?width=800&amp;height=800&amp;hash=1600\"><img decoding=\"async\" referrerpolicy=\"no-referrer\" src=\"https:\/\/ae01.alicdn.com\/kf\/S094a360d442343ff92942b3a8f58c347l.jpg?width=800&amp;height=800&amp;hash=1600\"><img decoding=\"async\" referrerpolicy=\"no-referrer\" src=\"https:\/\/ae01.alicdn.com\/kf\/S446dda42a39949e39f71372ceb1223c16.jpg?width=800&amp;height=800&amp;hash=1600\"><img decoding=\"async\" referrerpolicy=\"no-referrer\" src=\"https:\/\/ae01.alicdn.com\/kf\/S9019a5987aa24093adbb55103f015c78O.jpg?width=800&amp;height=800&amp;hash=1600\"><img decoding=\"async\" referrerpolicy=\"no-referrer\" src=\"https:\/\/ae01.alicdn.com\/kf\/S038487a80304433885b713e93009040b4.jpg?width=800&amp;height=800&amp;hash=1600\"><img decoding=\"async\" referrerpolicy=\"no-referrer\" src=\"https:\/\/ae01.alicdn.com\/kf\/S0577b55ed5424fd6aca47c452eeb0609d.jpg?width=800&amp;height=800&amp;hash=1600\"><img decoding=\"async\" referrerpolicy=\"no-referrer\" src=\"https:\/\/ae01.alicdn.com\/kf\/S49a1b2e471314e73854bf557c4d0b46cM.jpg?width=800&amp;height=800&amp;hash=1600\"><img decoding=\"async\" referrerpolicy=\"no-referrer\" src=\"https:\/\/ae01.alicdn.com\/kf\/S4beca0c4e4854c518f0c3aae3383c43ar.jpg?width=800&amp;height=800&amp;hash=1600\"><img decoding=\"async\" referrerpolicy=\"no-referrer\" src=\"https:\/\/ae01.alicdn.com\/kf\/S36c5c01983d444299a8c1af5477c006b5.jpg?width=800&amp;height=800&amp;hash=1600\"><img decoding=\"async\" referrerpolicy=\"no-referrer\" src=\"https:\/\/ae01.alicdn.com\/kf\/S5a1397bde6fd48969a7264951b8e30f6i.jpg?width=800&amp;height=800&amp;hash=1600\"><img decoding=\"async\" referrerpolicy=\"no-referrer\" src=\"https:\/\/ae01.alicdn.com\/kf\/S3526c879d1344a0bbd09cdf4bb9bf78cR.jpg?width=800&amp;height=800&amp;hash=1600\"><img decoding=\"async\" referrerpolicy=\"no-referrer\" src=\"https:\/\/ae01.alicdn.com\/kf\/S0a8638b187dc4506bc2bae1e9f57c2d14.jpg?width=800&amp;height=800&amp;hash=1600\"><\/p>\n<p align=\"left\" class=\"p\" style=\"text-align:left;margin:0pt;margin-bottom:0pt;margin-top:0pt;margin-left:0pt;margin-right:0pt\"><img decoding=\"async\" referrerpolicy=\"no-referrer\" slate-data-type=\"image\" src=\"https:\/\/ae01.alicdn.com\/kf\/Sa1664bd768574209a0a61534ba93fbbau.jpg?width=750&amp;height=648&amp;hash=1398\"><\/p>\n<p align=\"center\" style=\"text-align:center;margin:5pt 0pt;margin-bottom:5pt;margin-top:5pt;margin-left:0pt;margin-right:0pt\"><strong><span class=\"15\" style=\"font-size:24pt\"><span style=\"background-color:rgb(104, 188, 0)\"><span style=\"font-family:&quot;Comic Sans MS&quot;\"><span style=\"color:rgb(0, 0, 0)\">SOMBRA DE LUNA Fumar<\/span><\/span><\/span><\/span><\/strong><\/p>\n<ol>\n<li align=\"justify\" style=\"text-align:justify;margin-bottom:5pt;margin-top:5pt;margin-right:0pt\">\n<p><span><span style=\"font-size:10.5pt\"><span style=\"background-color:rgb(255, 255, 255)\"><span style=\"font-family:Arial\"><span style=\"color:rgb(0, 0, 0)\">\u00a1Apoyo a la venta al por mayor, Dropshipping, Logo personalizar, OEM! <\/span><\/span><\/span><\/span><\/span><\/p>\n<\/li>\n<li align=\"justify\" style=\"text-align:justify;margin-bottom:5pt;margin-top:5pt;margin-right:0pt\">\n<p><span><span style=\"font-size:10.5pt\"><span style=\"background-color:rgb(255, 255, 255)\"><span style=\"font-family:Arial\"><span style=\"color:rgb(0, 0, 0)\">+Sigue a la tienda y consigue Descuentos o Cupones.<\/span><\/span><\/span><\/span><\/span><\/p>\n<\/li>\n<li align=\"justify\" style=\"text-align:justify;margin-bottom:5pt;margin-top:5pt;margin-right:0pt\">\n<p><span><span style=\"font-size:10.5pt\"><span style=\"background-color:rgb(255, 255, 255)\"><span style=\"font-family:Arial\"><span style=\"color:rgb(0, 0, 0)\">Acerca del color: Parte de los productos se env\u00edan de color al azar para mantener la velocidad de env\u00edo r\u00e1pido.(Si desea elegir el color, por favor deje una nota o mensaje) <\/span><\/span><\/span><\/span><\/span><\/p>\n<\/li>\n<li align=\"justify\" style=\"text-align:justify;margin-bottom:5pt;margin-top:5pt;margin-right:0pt\">\n<p><span><span style=\"font-size:10.5pt\"><span style=\"background-color:rgb(255, 255, 255)\"><span style=\"font-family:Arial\"><span style=\"color:rgb(0, 0, 0)\">Sobre el enchufe: No importa de qu\u00e9 pa\u00eds sea, le enviaremos un enchufe de conversi\u00f3n est\u00e1ndar que se adapte a su pa\u00eds. <\/span><\/span><\/span><\/span><\/span><\/p>\n<\/li>\n<li align=\"justify\" style=\"text-align:justify;margin-bottom:5pt;margin-top:5pt;margin-right:0pt\">\n<p><span><span style=\"font-size:10.5pt\"><span style=\"background-color:rgb(255, 255, 255)\"><span style=\"font-family:Arial\"><span style=\"color:rgb(0, 0, 0)\">Garantizamos el env\u00edo de la mercanc\u00eda en un plazo de 48 horas tras la confirmaci\u00f3n del pago, excepto en d\u00edas festivos. <\/span><\/span><\/span><\/span><\/span><\/p>\n<\/li>\n<li align=\"justify\" style=\"text-align:justify;margin-bottom:5pt;margin-top:5pt;margin-right:0pt\">\n<p><span><span style=\"font-size:10.5pt\"><span style=\"background-color:rgb(255, 255, 255)\"><span style=\"font-family:Arial\"><span style=\"color:rgb(0, 0, 0)\">Enviamos por AliExpress Standard Shipping,DHL,Fedex,principalmente seg\u00fan el m\u00e9todo de env\u00edo de su elecci\u00f3n. <\/span><\/span><\/span><\/span><\/span><\/p>\n<\/li>\n<li align=\"justify\" style=\"text-align:justify;margin-bottom:5pt;margin-top:5pt;margin-right:0pt\">\n<p><span><span style=\"font-size:10.5pt\"><span style=\"background-color:rgb(255, 255, 255)\"><span style=\"font-family:Arial\"><span style=\"color:rgb(0, 0, 0)\">Tenemos rica experiencia de env\u00edo, usted no tendr\u00e1 problemas con las costumbres, por favor 100% garant\u00eda de creer en nosotros. <\/span><\/span><\/span><\/span><\/span><\/p>\n<\/li>\n<li align=\"justify\" style=\"text-align:justify;margin-bottom:5pt;margin-top:5pt;margin-right:0pt\">\n<p><span><span style=\"font-size:10.5pt\"><span style=\"background-color:rgb(255, 255, 255)\"><span style=\"font-family:Arial\"><span style=\"color:rgb(0, 0, 0)\">Si no recibe el art\u00edculo despu\u00e9s de 15-45 d\u00edas, no dude en ponerse en contacto con nosotros, haremos todo lo posible para resolver el problema.<\/span><\/span><\/span><\/span><\/span><\/p>\n<\/li>\n<li align=\"justify\" style=\"text-align:justify;margin-bottom:5pt;margin-top:5pt;margin-right:0pt\">\n<p><span><span style=\"font-size:10.5pt\"><span style=\"background-color:rgb(255, 255, 255)\"><span style=\"font-family:Arial\"><span style=\"color:rgb(0, 0, 0)\">Devoluci\u00f3n y reembolso:Si alguna pregunta acerca de los art\u00edculos, por favor tome fotos o videos, p\u00f3ngase en contacto con nosotros para reenviar, devolver o reembolso, no es necesario abrir la disputa o revisi\u00f3n.<\/span><\/span><\/span><\/span><\/span><\/p>\n<\/li>\n<li align=\"justify\" style=\"text-align:justify;margin-bottom:5pt;margin-top:5pt;margin-right:0pt\">\n<p><span><span style=\"font-size:10.5pt\"><span style=\"background-color:rgb(255, 255, 255)\"><span style=\"font-family:Arial\"><span style=\"color:rgb(0, 0, 0)\">Garant\u00eda:100% \u00a1Garant\u00eda de calidad y originalidad! Todos los art\u00edculos tienen 1-3 a\u00f1os de garant\u00eda.<\/span><\/span><\/span><\/span><\/span><\/p>\n<\/li>\n<\/ol>\n<p>&nbsp;<\/p>\n<\/div>\n<\/div>","protected":false},"excerpt":{"rendered":"<p>Forma: Caja de regalo N\u00famero de modelo: B\u00e9isbol Hookah Marca: MOONSHADE SMOKING Origen: China continental Peso: 3.85KG Altura: 80CM Tama\u00f1o del paquete: 8*34*59CM Material: Aleaci\u00f3n de aluminio Caracter\u00edstica1: bonga para fumar Caracter\u00edstica2: Narguile<\/p>","protected":false},"featured_media":13097,"comment_status":"open","ping_status":"closed","template":"","meta":{"iawp_total_views":8,"_joinchat":[]},"product_brand":[],"product_cat":[119],"product_tag":[],"class_list":{"0":"post-13096","1":"product","2":"type-product","3":"status-publish","4":"has-post-thumbnail","6":"product_cat-wholesale-hookah","8":"first","9":"instock","10":"shipping-taxable","11":"purchasable","12":"product-type-variable"},"yoast_head":"<!-- This site is optimized with the Yoast SEO Premium plugin v24.7 (Yoast SEO v26.8) - https:\/\/yoast.com\/product\/yoast-seo-premium-wordpress\/ -->\n<title>Arab Alloy Hookah Shisha Pipes Wholesale - Global Hookah<\/title>\n<meta name=\"robots\" content=\"index, follow, max-snippet:-1, max-image-preview:large, max-video-preview:-1\" \/>\n<link rel=\"canonical\" href=\"https:\/\/global-hookah.com\/es\/producto\/arab-alloy-hookah-shisha-pipes-wholesale\/\" \/>\n<meta property=\"og:locale\" content=\"es_ES\" \/>\n<meta property=\"og:type\" content=\"article\" \/>\n<meta property=\"og:title\" content=\"Arab Alloy Hookah Shisha Pipes Wholesale\" \/>\n<meta property=\"og:description\" content=\"Shape:&nbsp;Gift Box Model Number:&nbsp;Baseball Hookah Brand Name:&nbsp;MOONSHADE SMOKING Origin:&nbsp;Mainland China Weight:&nbsp;3.85KG Height:&nbsp;80CM Package Size:&nbsp;8*34*59CM Material:&nbsp;Aluminum alloy Feature1:&nbsp;bonga for smoking Feature2:&nbsp;Narguile\" \/>\n<meta property=\"og:url\" content=\"https:\/\/global-hookah.com\/es\/producto\/arab-alloy-hookah-shisha-pipes-wholesale\/\" \/>\n<meta property=\"og:site_name\" content=\"Global Hookah\" \/>\n<meta property=\"article:modified_time\" content=\"2023-08-26T12:19:05+00:00\" \/>\n<meta property=\"og:image\" content=\"https:\/\/global-hookah.com\/wp-content\/uploads\/2023\/08\/EVIL-SMOKING-Arab-Hookah-Shisha-Pipes-Smoking-Grass-Set-Alloy-Mid-Range-Vented-Baseball-Style-Chicha.jpg\" \/>\n\t<meta property=\"og:image:width\" content=\"1000\" \/>\n\t<meta property=\"og:image:height\" content=\"1000\" \/>\n\t<meta property=\"og:image:type\" content=\"image\/jpeg\" \/>\n<meta name=\"twitter:card\" content=\"summary_large_image\" \/>\n<meta name=\"twitter:label1\" content=\"Tiempo de lectura\" \/>\n\t<meta name=\"twitter:data1\" content=\"2 minutos\" \/>\n<script type=\"application\/ld+json\" class=\"yoast-schema-graph\">{\"@context\":\"https:\/\/schema.org\",\"@graph\":[{\"@type\":\"WebPage\",\"@id\":\"https:\/\/global-hookah.com\/product\/arab-alloy-hookah-shisha-pipes-wholesale\/\",\"url\":\"https:\/\/global-hookah.com\/product\/arab-alloy-hookah-shisha-pipes-wholesale\/\",\"name\":\"Arab Alloy Hookah Shisha Pipes Wholesale - Global Hookah\",\"isPartOf\":{\"@id\":\"https:\/\/global-hookah.com\/#website\"},\"primaryImageOfPage\":{\"@id\":\"https:\/\/global-hookah.com\/product\/arab-alloy-hookah-shisha-pipes-wholesale\/#primaryimage\"},\"image\":{\"@id\":\"https:\/\/global-hookah.com\/product\/arab-alloy-hookah-shisha-pipes-wholesale\/#primaryimage\"},\"thumbnailUrl\":\"https:\/\/global-hookah.com\/wp-content\/uploads\/2023\/08\/EVIL-SMOKING-Arab-Hookah-Shisha-Pipes-Smoking-Grass-Set-Alloy-Mid-Range-Vented-Baseball-Style-Chicha.jpg\",\"datePublished\":\"2023-08-26T12:19:02+00:00\",\"dateModified\":\"2023-08-26T12:19:05+00:00\",\"breadcrumb\":{\"@id\":\"https:\/\/global-hookah.com\/product\/arab-alloy-hookah-shisha-pipes-wholesale\/#breadcrumb\"},\"inLanguage\":\"es\",\"potentialAction\":[{\"@type\":\"ReadAction\",\"target\":[\"https:\/\/global-hookah.com\/product\/arab-alloy-hookah-shisha-pipes-wholesale\/\"]}]},{\"@type\":\"ImageObject\",\"inLanguage\":\"es\",\"@id\":\"https:\/\/global-hookah.com\/product\/arab-alloy-hookah-shisha-pipes-wholesale\/#primaryimage\",\"url\":\"https:\/\/global-hookah.com\/wp-content\/uploads\/2023\/08\/EVIL-SMOKING-Arab-Hookah-Shisha-Pipes-Smoking-Grass-Set-Alloy-Mid-Range-Vented-Baseball-Style-Chicha.jpg\",\"contentUrl\":\"https:\/\/global-hookah.com\/wp-content\/uploads\/2023\/08\/EVIL-SMOKING-Arab-Hookah-Shisha-Pipes-Smoking-Grass-Set-Alloy-Mid-Range-Vented-Baseball-Style-Chicha.jpg\",\"width\":1000,\"height\":1000},{\"@type\":\"BreadcrumbList\",\"@id\":\"https:\/\/global-hookah.com\/product\/arab-alloy-hookah-shisha-pipes-wholesale\/#breadcrumb\",\"itemListElement\":[{\"@type\":\"ListItem\",\"position\":1,\"name\":\"Home\",\"item\":\"https:\/\/global-hookah.com\/\"},{\"@type\":\"ListItem\",\"position\":2,\"name\":\"Shop\",\"item\":\"https:\/\/global-hookah.com\/shop\/\"},{\"@type\":\"ListItem\",\"position\":3,\"name\":\"Arab Alloy Hookah Shisha Pipes Wholesale\"}]},{\"@type\":\"WebSite\",\"@id\":\"https:\/\/global-hookah.com\/#website\",\"url\":\"https:\/\/global-hookah.com\/\",\"name\":\"Global Hookah\",\"description\":\"Global Hookah\",\"publisher\":{\"@id\":\"https:\/\/global-hookah.com\/#organization\"},\"potentialAction\":[{\"@type\":\"SearchAction\",\"target\":{\"@type\":\"EntryPoint\",\"urlTemplate\":\"https:\/\/global-hookah.com\/?s={search_term_string}\"},\"query-input\":{\"@type\":\"PropertyValueSpecification\",\"valueRequired\":true,\"valueName\":\"search_term_string\"}}],\"inLanguage\":\"es\"},{\"@type\":\"Organization\",\"@id\":\"https:\/\/global-hookah.com\/#organization\",\"name\":\"Global Hookah\",\"url\":\"https:\/\/global-hookah.com\/\",\"logo\":{\"@type\":\"ImageObject\",\"inLanguage\":\"es\",\"@id\":\"https:\/\/global-hookah.com\/#\/schema\/logo\/image\/\",\"url\":\"https:\/\/global-hookah.com\/wp-content\/uploads\/2021\/10\/cropped-fgg.png\",\"contentUrl\":\"https:\/\/global-hookah.com\/wp-content\/uploads\/2021\/10\/cropped-fgg.png\",\"width\":512,\"height\":512,\"caption\":\"Global Hookah\"},\"image\":{\"@id\":\"https:\/\/global-hookah.com\/#\/schema\/logo\/image\/\"}}]}<\/script>\n<!-- \/ Yoast SEO Premium plugin. -->","yoast_head_json":{"title":"Pipas de Shisha Hookah de aleaci\u00f3n \u00e1rabe al por mayor - Global Hookah","robots":{"index":"index","follow":"follow","max-snippet":"max-snippet:-1","max-image-preview":"max-image-preview:large","max-video-preview":"max-video-preview:-1"},"canonical":"https:\/\/global-hookah.com\/es\/producto\/arab-alloy-hookah-shisha-pipes-wholesale\/","og_locale":"es_ES","og_type":"article","og_title":"Arab Alloy Hookah Shisha Pipes Wholesale","og_description":"Shape:&nbsp;Gift Box Model Number:&nbsp;Baseball Hookah Brand Name:&nbsp;MOONSHADE SMOKING Origin:&nbsp;Mainland China Weight:&nbsp;3.85KG Height:&nbsp;80CM Package Size:&nbsp;8*34*59CM Material:&nbsp;Aluminum alloy Feature1:&nbsp;bonga for smoking Feature2:&nbsp;Narguile","og_url":"https:\/\/global-hookah.com\/es\/producto\/arab-alloy-hookah-shisha-pipes-wholesale\/","og_site_name":"Global Hookah","article_modified_time":"2023-08-26T12:19:05+00:00","og_image":[{"width":1000,"height":1000,"url":"https:\/\/global-hookah.com\/wp-content\/uploads\/2023\/08\/EVIL-SMOKING-Arab-Hookah-Shisha-Pipes-Smoking-Grass-Set-Alloy-Mid-Range-Vented-Baseball-Style-Chicha.jpg","type":"image\/jpeg"}],"twitter_card":"summary_large_image","twitter_misc":{"Tiempo de lectura":"2 minutos"},"schema":{"@context":"https:\/\/schema.org","@graph":[{"@type":"WebPage","@id":"https:\/\/global-hookah.com\/product\/arab-alloy-hookah-shisha-pipes-wholesale\/","url":"https:\/\/global-hookah.com\/product\/arab-alloy-hookah-shisha-pipes-wholesale\/","name":"Pipas de Shisha Hookah de aleaci\u00f3n \u00e1rabe al por mayor - Global Hookah","isPartOf":{"@id":"https:\/\/global-hookah.com\/#website"},"primaryImageOfPage":{"@id":"https:\/\/global-hookah.com\/product\/arab-alloy-hookah-shisha-pipes-wholesale\/#primaryimage"},"image":{"@id":"https:\/\/global-hookah.com\/product\/arab-alloy-hookah-shisha-pipes-wholesale\/#primaryimage"},"thumbnailUrl":"https:\/\/global-hookah.com\/wp-content\/uploads\/2023\/08\/EVIL-SMOKING-Arab-Hookah-Shisha-Pipes-Smoking-Grass-Set-Alloy-Mid-Range-Vented-Baseball-Style-Chicha.jpg","datePublished":"2023-08-26T12:19:02+00:00","dateModified":"2023-08-26T12:19:05+00:00","breadcrumb":{"@id":"https:\/\/global-hookah.com\/product\/arab-alloy-hookah-shisha-pipes-wholesale\/#breadcrumb"},"inLanguage":"es","potentialAction":[{"@type":"ReadAction","target":["https:\/\/global-hookah.com\/product\/arab-alloy-hookah-shisha-pipes-wholesale\/"]}]},{"@type":"ImageObject","inLanguage":"es","@id":"https:\/\/global-hookah.com\/product\/arab-alloy-hookah-shisha-pipes-wholesale\/#primaryimage","url":"https:\/\/global-hookah.com\/wp-content\/uploads\/2023\/08\/EVIL-SMOKING-Arab-Hookah-Shisha-Pipes-Smoking-Grass-Set-Alloy-Mid-Range-Vented-Baseball-Style-Chicha.jpg","contentUrl":"https:\/\/global-hookah.com\/wp-content\/uploads\/2023\/08\/EVIL-SMOKING-Arab-Hookah-Shisha-Pipes-Smoking-Grass-Set-Alloy-Mid-Range-Vented-Baseball-Style-Chicha.jpg","width":1000,"height":1000},{"@type":"BreadcrumbList","@id":"https:\/\/global-hookah.com\/product\/arab-alloy-hookah-shisha-pipes-wholesale\/#breadcrumb","itemListElement":[{"@type":"ListItem","position":1,"name":"Home","item":"https:\/\/global-hookah.com\/"},{"@type":"ListItem","position":2,"name":"Shop","item":"https:\/\/global-hookah.com\/shop\/"},{"@type":"ListItem","position":3,"name":"Arab Alloy Hookah Shisha Pipes Wholesale"}]},{"@type":"WebSite","@id":"https:\/\/global-hookah.com\/#website","url":"https:\/\/global-hookah.com\/","name":"Global Hookah","description":"Global Hookah","publisher":{"@id":"https:\/\/global-hookah.com\/#organization"},"potentialAction":[{"@type":"SearchAction","target":{"@type":"EntryPoint","urlTemplate":"https:\/\/global-hookah.com\/?s={search_term_string}"},"query-input":{"@type":"PropertyValueSpecification","valueRequired":true,"valueName":"search_term_string"}}],"inLanguage":"es"},{"@type":"Organization","@id":"https:\/\/global-hookah.com\/#organization","name":"Global Hookah","url":"https:\/\/global-hookah.com\/","logo":{"@type":"ImageObject","inLanguage":"es","@id":"https:\/\/global-hookah.com\/#\/schema\/logo\/image\/","url":"https:\/\/global-hookah.com\/wp-content\/uploads\/2021\/10\/cropped-fgg.png","contentUrl":"https:\/\/global-hookah.com\/wp-content\/uploads\/2021\/10\/cropped-fgg.png","width":512,"height":512,"caption":"Global Hookah"},"image":{"@id":"https:\/\/global-hookah.com\/#\/schema\/logo\/image\/"}}]}},"_links":{"self":[{"href":"https:\/\/global-hookah.com\/es\/wp-json\/wp\/v2\/product\/13096","targetHints":{"allow":["GET"]}}],"collection":[{"href":"https:\/\/global-hookah.com\/es\/wp-json\/wp\/v2\/product"}],"about":[{"href":"https:\/\/global-hookah.com\/es\/wp-json\/wp\/v2\/types\/product"}],"replies":[{"embeddable":true,"href":"https:\/\/global-hookah.com\/es\/wp-json\/wp\/v2\/comments?post=13096"}],"version-history":[{"count":0,"href":"https:\/\/global-hookah.com\/es\/wp-json\/wp\/v2\/product\/13096\/revisions"}],"wp:featuredmedia":[{"embeddable":true,"href":"https:\/\/global-hookah.com\/es\/wp-json\/wp\/v2\/media\/13097"}],"wp:attachment":[{"href":"https:\/\/global-hookah.com\/es\/wp-json\/wp\/v2\/media?parent=13096"}],"wp:term":[{"taxonomy":"product_brand","embeddable":true,"href":"https:\/\/global-hookah.com\/es\/wp-json\/wp\/v2\/product_brand?post=13096"},{"taxonomy":"product_cat","embeddable":true,"href":"https:\/\/global-hookah.com\/es\/wp-json\/wp\/v2\/product_cat?post=13096"},{"taxonomy":"product_tag","embeddable":true,"href":"https:\/\/global-hookah.com\/es\/wp-json\/wp\/v2\/product_tag?post=13096"}],"curies":[{"name":"wp","href":"https:\/\/api.w.org\/{rel}","templated":true}]}}