{"id":13213,"date":"2023-09-02T13:54:04","date_gmt":"2023-09-02T13:54:04","guid":{"rendered":"https:\/\/global-hookah.com\/product\/ceramic-hookah-bowl-wholesale\/"},"modified":"2023-09-02T13:54:09","modified_gmt":"2023-09-02T13:54:09","slug":"ceramic-hookah-bowl-wholesale","status":"publish","type":"product","link":"https:\/\/global-hookah.com\/es\/producto\/ceramic-hookah-bowl-wholesale\/","title":{"rendered":"Taz\u00f3n de cer\u00e1mica para narguile al por mayor"},"content":{"rendered":"<p>\u00a0<\/p>\n<div class=\"product-specs-list-container\">\n<ul class=\"product-specs-list util-clearfix\">\n<li class=\"product-prop line-limit-length\"><span class=\"property-title\">N\u00famero de modelo:\u00a0<\/span><span class=\"property-desc line-limit-length\">CH1796<\/span><\/li>\n<li class=\"product-prop line-limit-length\"><span class=\"property-title\">Forma:\u00a0<\/span><span class=\"property-desc line-limit-length\">Tipo libre<\/span><\/li>\n<li class=\"product-prop line-limit-length\"><span class=\"property-title\">T\u00e9cnica:\u00a0<\/span><span class=\"property-desc line-limit-length\">Laca<\/span><\/li>\n<li class=\"product-prop line-limit-length\"><span class=\"property-title\">Material:\u00a0<\/span><span class=\"property-desc line-limit-length\">Cer\u00e1mica<\/span><\/li>\n<li class=\"product-prop line-limit-length\"><span class=\"property-title\">Marca:\u00a0<\/span><span class=\"property-desc line-limit-length\">SY<\/span><\/li>\n<li class=\"product-prop line-limit-length\"><span class=\"property-title\">Origen:\u00a0<\/span><span class=\"property-desc line-limit-length\">China continental<\/span><\/li>\n<li class=\"product-prop line-limit-length\"><span class=\"property-title\">Color:\u00a0<\/span><span class=\"property-desc line-limit-length\">Marr\u00f3n\/Verde\/Azul\/Rojo\/Azul claro<\/span><\/li>\n<li class=\"product-prop line-limit-length\"><span class=\"property-title\">Dise\u00f1o:\u00a0<\/span><span class=\"property-desc line-limit-length\">Pintar<\/span><\/li>\n<li class=\"product-prop line-limit-length\"><span class=\"property-title\">\u00dasalo:\u00a0<\/span><span class=\"property-desc line-limit-length\">Bar, cafeter\u00eda, fiesta<\/span><\/li>\n<li class=\"product-prop line-limit-length\"><span class=\"property-title\">Di\u00e1metro superior:\u00a0<\/span><span class=\"property-desc line-limit-length\">Alrededor de 8 cm<\/span><\/li>\n<li class=\"product-prop line-limit-length\"><span class=\"property-title\">Di\u00e1metro inferior:\u00a0<\/span><span class=\"property-desc line-limit-length\">Alrededor de 4,2 cm<\/span><\/li>\n<li class=\"product-prop line-limit-length\"><span class=\"property-title\">Di\u00e1metro interior del fondo:\u00a0<\/span><span class=\"property-desc line-limit-length\">Unos 25 mm<\/span><\/li>\n<li class=\"product-prop line-limit-length\"><span class=\"property-title\">Altura:\u00a0<\/span><span class=\"property-desc line-limit-length\">Alrededor de 12 cm<\/span><\/li>\n<li class=\"product-prop line-limit-length\"><span class=\"property-title\">Peso:\u00a0<\/span><span class=\"property-desc line-limit-length\">Alrededor de 268 g<\/span><\/li>\n<li class=\"product-prop line-limit-length\"><span class=\"property-title\">Qu\u00e9:\u00a0<\/span><span class=\"property-desc line-limit-length\">Accesorios para narguile<\/span><\/li>\n<li class=\"product-prop line-limit-length\"><span class=\"property-title\">Ventaja:\u00a0<\/span><span class=\"property-desc line-limit-length\">Limpio, c\u00f3modo y respetuoso con el medio ambiente<\/span><\/li>\n<li class=\"product-prop line-limit-length\"><span class=\"property-title\">Paquete:\u00a0<\/span><span class=\"property-desc line-limit-length\">Caja<\/span><\/li>\n<\/ul>\n<\/div>\n<div class=\"detailmodule_image\"><a class=\"\" href=\"https:\/\/www.aliexpress.com\/item\/1005004044890016.html?spm=5261.ProductManageOnline.0.0.62b74edfoDbHAY\" target=\"_self\" rel=\"noopener nofollow\"><img decoding=\"async\" class=\"detail-desc-decorate-image\" style=\"margin-bottom: 10px;\" src=\"https:\/\/ae01.alicdn.com\/kf\/S2b49ae721b6244f5b37c2242ef690760S.jpg\" \/><\/a><\/div>\n<div class=\"detailmodule_image\"><img decoding=\"async\" class=\"detail-desc-decorate-image\" style=\"margin-bottom: 10px;\" src=\"https:\/\/ae01.alicdn.com\/kf\/Se7f1237766f243a0a32243259190ed62a.jpg\" \/><img decoding=\"async\" class=\"detail-desc-decorate-image\" style=\"margin-bottom: 10px;\" src=\"https:\/\/ae01.alicdn.com\/kf\/S05cdc7f3c3444da499bd46922a1043d1u.jpg\" \/><img decoding=\"async\" class=\"detail-desc-decorate-image\" style=\"margin-bottom: 10px;\" src=\"https:\/\/ae01.alicdn.com\/kf\/S216e2e7acd4742178c8d36de4b3e9709M.jpg\" \/><img decoding=\"async\" class=\"detail-desc-decorate-image\" style=\"margin-bottom: 10px;\" src=\"https:\/\/ae01.alicdn.com\/kf\/Sba28998162e049a1b8d2f1f3cca1abe5M.jpg\" \/><img decoding=\"async\" class=\"detail-desc-decorate-image\" style=\"margin-bottom: 10px;\" src=\"https:\/\/ae01.alicdn.com\/kf\/Sc98990fe5c9341de80ba080cf6046221Z.jpg\" \/><img decoding=\"async\" class=\"detail-desc-decorate-image\" style=\"margin-bottom: 10px;\" src=\"https:\/\/ae01.alicdn.com\/kf\/Sdecb8fb91d52416e918b8a755e244562M.jpg\" \/><img decoding=\"async\" class=\"detail-desc-decorate-image\" style=\"margin-bottom: 10px;\" src=\"https:\/\/ae01.alicdn.com\/kf\/S6660ad060a074042ba33cbefdf216ca7V.jpg\" \/><img decoding=\"async\" class=\"detail-desc-decorate-image\" style=\"margin-bottom: 10px;\" src=\"https:\/\/ae01.alicdn.com\/kf\/Sa135fc789de14545814fce28f62bb390t.jpg\" \/><\/div>\n<div class=\"detailmodule_image\"><img decoding=\"async\" class=\"detail-desc-decorate-image\" src=\"https:\/\/ae01.alicdn.com\/kf\/H7c4d50fddc084f1d8dc91128ac29a9643.jpg\" \/><img decoding=\"async\" class=\"detail-desc-decorate-image\" src=\"https:\/\/ae01.alicdn.com\/kf\/Hfb774e57149b4396bf2cc9b06b46157dr.jpg\" \/><\/div>\n<p>\u00a0<\/p>","protected":false},"excerpt":{"rendered":"<p>\u00a0 N\u00famero de modelo: CH1796 Forma: Tipo libre T\u00e9cnicas: Lacado Material: Cer\u00e1mica Marca: SY Origen: China continental Color: Marr\u00f3n\/Verde\/Azul\/Rojo\/Azul claro Dise\u00f1o: Pintura Uso: Bar, cafeter\u00eda, fiesta Di\u00e1metro superior: Alrededor de 8cm<\/p>","protected":false},"featured_media":13214,"comment_status":"open","ping_status":"closed","template":"","meta":{"iawp_total_views":0,"_joinchat":[]},"product_brand":[],"product_cat":[370],"product_tag":[],"class_list":{"0":"post-13213","1":"product","2":"type-product","3":"status-publish","4":"has-post-thumbnail","6":"product_cat-hookah-bowl-wholesale","8":"first","9":"instock","10":"sale","11":"shipping-taxable","12":"purchasable","13":"product-type-variable"},"yoast_head":"<!-- This site is optimized with the Yoast SEO Premium plugin v24.7 (Yoast SEO v26.8) - https:\/\/yoast.com\/product\/yoast-seo-premium-wordpress\/ -->\n<title>Ceramic Hookah Bowl Wholesale - Global Hookah<\/title>\n<meta name=\"robots\" content=\"index, follow, max-snippet:-1, max-image-preview:large, max-video-preview:-1\" \/>\n<link rel=\"canonical\" href=\"https:\/\/global-hookah.com\/es\/producto\/ceramic-hookah-bowl-wholesale\/\" \/>\n<meta property=\"og:locale\" content=\"es_ES\" \/>\n<meta property=\"og:type\" content=\"article\" \/>\n<meta property=\"og:title\" content=\"Ceramic Hookah Bowl Wholesale\" \/>\n<meta property=\"og:description\" content=\"\u00a0 Model Number:\u00a0CH1796 Shape:\u00a0Free Type Technics:\u00a0Lacquer Material:\u00a0Ceramic Brand Name:\u00a0SY Origin:\u00a0Mainland China Color:\u00a0Brown\/Green\/Blue\/Red\/Light Blue Design:\u00a0Paint Use:\u00a0Bar, cafe, party Upper diameter:\u00a0About 8cm\" \/>\n<meta property=\"og:url\" content=\"https:\/\/global-hookah.com\/es\/producto\/ceramic-hookah-bowl-wholesale\/\" \/>\n<meta property=\"og:site_name\" content=\"Global Hookah\" \/>\n<meta property=\"article:modified_time\" content=\"2023-09-02T13:54:09+00:00\" \/>\n<meta property=\"og:image\" content=\"https:\/\/global-hookah.com\/wp-content\/uploads\/2023\/09\/SY-Ceramic-Hookah-Bowl-Phunnel-Head-For-Shisha-Hookah-Head-Oblako-Bowl-Chicha-Nargile-Accessories.jpg\" \/>\n\t<meta property=\"og:image:width\" content=\"800\" \/>\n\t<meta property=\"og:image:height\" content=\"800\" \/>\n\t<meta property=\"og:image:type\" content=\"image\/jpeg\" \/>\n<meta name=\"twitter:card\" content=\"summary_large_image\" \/>\n<script type=\"application\/ld+json\" class=\"yoast-schema-graph\">{\"@context\":\"https:\/\/schema.org\",\"@graph\":[{\"@type\":\"WebPage\",\"@id\":\"https:\/\/global-hookah.com\/es\/producto\/ceramic-hookah-bowl-wholesale\/\",\"url\":\"https:\/\/global-hookah.com\/es\/producto\/ceramic-hookah-bowl-wholesale\/\",\"name\":\"Ceramic Hookah Bowl Wholesale - Global Hookah\",\"isPartOf\":{\"@id\":\"https:\/\/global-hookah.com\/#website\"},\"primaryImageOfPage\":{\"@id\":\"https:\/\/global-hookah.com\/es\/producto\/ceramic-hookah-bowl-wholesale\/#primaryimage\"},\"image\":{\"@id\":\"https:\/\/global-hookah.com\/es\/producto\/ceramic-hookah-bowl-wholesale\/#primaryimage\"},\"thumbnailUrl\":\"https:\/\/global-hookah.com\/wp-content\/uploads\/2023\/09\/SY-Ceramic-Hookah-Bowl-Phunnel-Head-For-Shisha-Hookah-Head-Oblako-Bowl-Chicha-Nargile-Accessories.jpg\",\"datePublished\":\"2023-09-02T13:54:04+00:00\",\"dateModified\":\"2023-09-02T13:54:09+00:00\",\"breadcrumb\":{\"@id\":\"https:\/\/global-hookah.com\/es\/producto\/ceramic-hookah-bowl-wholesale\/#breadcrumb\"},\"inLanguage\":\"es\",\"potentialAction\":[{\"@type\":\"ReadAction\",\"target\":[\"https:\/\/global-hookah.com\/es\/producto\/ceramic-hookah-bowl-wholesale\/\"]}]},{\"@type\":\"ImageObject\",\"inLanguage\":\"es\",\"@id\":\"https:\/\/global-hookah.com\/es\/producto\/ceramic-hookah-bowl-wholesale\/#primaryimage\",\"url\":\"https:\/\/global-hookah.com\/wp-content\/uploads\/2023\/09\/SY-Ceramic-Hookah-Bowl-Phunnel-Head-For-Shisha-Hookah-Head-Oblako-Bowl-Chicha-Nargile-Accessories.jpg\",\"contentUrl\":\"https:\/\/global-hookah.com\/wp-content\/uploads\/2023\/09\/SY-Ceramic-Hookah-Bowl-Phunnel-Head-For-Shisha-Hookah-Head-Oblako-Bowl-Chicha-Nargile-Accessories.jpg\",\"width\":800,\"height\":800},{\"@type\":\"BreadcrumbList\",\"@id\":\"https:\/\/global-hookah.com\/es\/producto\/ceramic-hookah-bowl-wholesale\/#breadcrumb\",\"itemListElement\":[{\"@type\":\"ListItem\",\"position\":1,\"name\":\"Home\",\"item\":\"https:\/\/global-hookah.com\/\"},{\"@type\":\"ListItem\",\"position\":2,\"name\":\"Shop\",\"item\":\"https:\/\/global-hookah.com\/shop\/\"},{\"@type\":\"ListItem\",\"position\":3,\"name\":\"Ceramic Hookah Bowl Wholesale\"}]},{\"@type\":\"WebSite\",\"@id\":\"https:\/\/global-hookah.com\/#website\",\"url\":\"https:\/\/global-hookah.com\/\",\"name\":\"Global Hookah\",\"description\":\"Global Hookah\",\"publisher\":{\"@id\":\"https:\/\/global-hookah.com\/#organization\"},\"potentialAction\":[{\"@type\":\"SearchAction\",\"target\":{\"@type\":\"EntryPoint\",\"urlTemplate\":\"https:\/\/global-hookah.com\/?s={search_term_string}\"},\"query-input\":{\"@type\":\"PropertyValueSpecification\",\"valueRequired\":true,\"valueName\":\"search_term_string\"}}],\"inLanguage\":\"es\"},{\"@type\":\"Organization\",\"@id\":\"https:\/\/global-hookah.com\/#organization\",\"name\":\"Global Hookah\",\"url\":\"https:\/\/global-hookah.com\/\",\"logo\":{\"@type\":\"ImageObject\",\"inLanguage\":\"es\",\"@id\":\"https:\/\/global-hookah.com\/#\/schema\/logo\/image\/\",\"url\":\"https:\/\/global-hookah.com\/wp-content\/uploads\/2021\/10\/cropped-fgg.png\",\"contentUrl\":\"https:\/\/global-hookah.com\/wp-content\/uploads\/2021\/10\/cropped-fgg.png\",\"width\":512,\"height\":512,\"caption\":\"Global Hookah\"},\"image\":{\"@id\":\"https:\/\/global-hookah.com\/#\/schema\/logo\/image\/\"}}]}<\/script>\n<!-- \/ Yoast SEO Premium plugin. -->","yoast_head_json":{"title":"Taz\u00f3n de cer\u00e1mica Hookah al por mayor - Global Hookah","robots":{"index":"index","follow":"follow","max-snippet":"max-snippet:-1","max-image-preview":"max-image-preview:large","max-video-preview":"max-video-preview:-1"},"canonical":"https:\/\/global-hookah.com\/es\/producto\/ceramic-hookah-bowl-wholesale\/","og_locale":"es_ES","og_type":"article","og_title":"Ceramic Hookah Bowl Wholesale","og_description":"\u00a0 Model Number:\u00a0CH1796 Shape:\u00a0Free Type Technics:\u00a0Lacquer Material:\u00a0Ceramic Brand Name:\u00a0SY Origin:\u00a0Mainland China Color:\u00a0Brown\/Green\/Blue\/Red\/Light Blue Design:\u00a0Paint Use:\u00a0Bar, cafe, party Upper diameter:\u00a0About 8cm","og_url":"https:\/\/global-hookah.com\/es\/producto\/ceramic-hookah-bowl-wholesale\/","og_site_name":"Global Hookah","article_modified_time":"2023-09-02T13:54:09+00:00","og_image":[{"width":800,"height":800,"url":"https:\/\/global-hookah.com\/wp-content\/uploads\/2023\/09\/SY-Ceramic-Hookah-Bowl-Phunnel-Head-For-Shisha-Hookah-Head-Oblako-Bowl-Chicha-Nargile-Accessories.jpg","type":"image\/jpeg"}],"twitter_card":"summary_large_image","schema":{"@context":"https:\/\/schema.org","@graph":[{"@type":"WebPage","@id":"https:\/\/global-hookah.com\/es\/producto\/ceramic-hookah-bowl-wholesale\/","url":"https:\/\/global-hookah.com\/es\/producto\/ceramic-hookah-bowl-wholesale\/","name":"Taz\u00f3n de cer\u00e1mica Hookah al por mayor - Global Hookah","isPartOf":{"@id":"https:\/\/global-hookah.com\/#website"},"primaryImageOfPage":{"@id":"https:\/\/global-hookah.com\/es\/producto\/ceramic-hookah-bowl-wholesale\/#primaryimage"},"image":{"@id":"https:\/\/global-hookah.com\/es\/producto\/ceramic-hookah-bowl-wholesale\/#primaryimage"},"thumbnailUrl":"https:\/\/global-hookah.com\/wp-content\/uploads\/2023\/09\/SY-Ceramic-Hookah-Bowl-Phunnel-Head-For-Shisha-Hookah-Head-Oblako-Bowl-Chicha-Nargile-Accessories.jpg","datePublished":"2023-09-02T13:54:04+00:00","dateModified":"2023-09-02T13:54:09+00:00","breadcrumb":{"@id":"https:\/\/global-hookah.com\/es\/producto\/ceramic-hookah-bowl-wholesale\/#breadcrumb"},"inLanguage":"es","potentialAction":[{"@type":"ReadAction","target":["https:\/\/global-hookah.com\/es\/producto\/ceramic-hookah-bowl-wholesale\/"]}]},{"@type":"ImageObject","inLanguage":"es","@id":"https:\/\/global-hookah.com\/es\/producto\/ceramic-hookah-bowl-wholesale\/#primaryimage","url":"https:\/\/global-hookah.com\/wp-content\/uploads\/2023\/09\/SY-Ceramic-Hookah-Bowl-Phunnel-Head-For-Shisha-Hookah-Head-Oblako-Bowl-Chicha-Nargile-Accessories.jpg","contentUrl":"https:\/\/global-hookah.com\/wp-content\/uploads\/2023\/09\/SY-Ceramic-Hookah-Bowl-Phunnel-Head-For-Shisha-Hookah-Head-Oblako-Bowl-Chicha-Nargile-Accessories.jpg","width":800,"height":800},{"@type":"BreadcrumbList","@id":"https:\/\/global-hookah.com\/es\/producto\/ceramic-hookah-bowl-wholesale\/#breadcrumb","itemListElement":[{"@type":"ListItem","position":1,"name":"Home","item":"https:\/\/global-hookah.com\/"},{"@type":"ListItem","position":2,"name":"Shop","item":"https:\/\/global-hookah.com\/shop\/"},{"@type":"ListItem","position":3,"name":"Ceramic Hookah Bowl Wholesale"}]},{"@type":"WebSite","@id":"https:\/\/global-hookah.com\/#website","url":"https:\/\/global-hookah.com\/","name":"Global Hookah","description":"Global Hookah","publisher":{"@id":"https:\/\/global-hookah.com\/#organization"},"potentialAction":[{"@type":"SearchAction","target":{"@type":"EntryPoint","urlTemplate":"https:\/\/global-hookah.com\/?s={search_term_string}"},"query-input":{"@type":"PropertyValueSpecification","valueRequired":true,"valueName":"search_term_string"}}],"inLanguage":"es"},{"@type":"Organization","@id":"https:\/\/global-hookah.com\/#organization","name":"Global Hookah","url":"https:\/\/global-hookah.com\/","logo":{"@type":"ImageObject","inLanguage":"es","@id":"https:\/\/global-hookah.com\/#\/schema\/logo\/image\/","url":"https:\/\/global-hookah.com\/wp-content\/uploads\/2021\/10\/cropped-fgg.png","contentUrl":"https:\/\/global-hookah.com\/wp-content\/uploads\/2021\/10\/cropped-fgg.png","width":512,"height":512,"caption":"Global Hookah"},"image":{"@id":"https:\/\/global-hookah.com\/#\/schema\/logo\/image\/"}}]}},"_links":{"self":[{"href":"https:\/\/global-hookah.com\/es\/wp-json\/wp\/v2\/product\/13213","targetHints":{"allow":["GET"]}}],"collection":[{"href":"https:\/\/global-hookah.com\/es\/wp-json\/wp\/v2\/product"}],"about":[{"href":"https:\/\/global-hookah.com\/es\/wp-json\/wp\/v2\/types\/product"}],"replies":[{"embeddable":true,"href":"https:\/\/global-hookah.com\/es\/wp-json\/wp\/v2\/comments?post=13213"}],"version-history":[{"count":0,"href":"https:\/\/global-hookah.com\/es\/wp-json\/wp\/v2\/product\/13213\/revisions"}],"wp:featuredmedia":[{"embeddable":true,"href":"https:\/\/global-hookah.com\/es\/wp-json\/wp\/v2\/media\/13214"}],"wp:attachment":[{"href":"https:\/\/global-hookah.com\/es\/wp-json\/wp\/v2\/media?parent=13213"}],"wp:term":[{"taxonomy":"product_brand","embeddable":true,"href":"https:\/\/global-hookah.com\/es\/wp-json\/wp\/v2\/product_brand?post=13213"},{"taxonomy":"product_cat","embeddable":true,"href":"https:\/\/global-hookah.com\/es\/wp-json\/wp\/v2\/product_cat?post=13213"},{"taxonomy":"product_tag","embeddable":true,"href":"https:\/\/global-hookah.com\/es\/wp-json\/wp\/v2\/product_tag?post=13213"}],"curies":[{"name":"wp","href":"https:\/\/api.w.org\/{rel}","templated":true}]}}