{"id":13231,"date":"2023-09-02T14:02:45","date_gmt":"2023-09-02T14:02:45","guid":{"rendered":"https:\/\/global-hookah.com\/product\/ceramic-hookah-syrian-bowl-wholesale\/"},"modified":"2023-09-02T14:02:49","modified_gmt":"2023-09-02T14:02:49","slug":"ceramic-hookah-syrian-bowl-wholesale","status":"publish","type":"product","link":"https:\/\/global-hookah.com\/es\/producto\/ceramic-hookah-syrian-bowl-wholesale\/","title":{"rendered":"Taz\u00f3n de cer\u00e1mica de Hookah sirio al por mayor"},"content":{"rendered":"<div class=\"product-specs-list-container\">\n<ul class=\"product-specs-list util-clearfix\">\n<li class=\"product-prop line-limit-length\"><span\n                                    class=\"property-title\">N\u00famero de modelo:&nbsp;<\/span><span\n                                    class=\"property-desc line-limit-length\">CH1822<\/span>\n                        <\/li>\n<li class=\"product-prop line-limit-length\"><span\n                                    class=\"property-title\">Forma:&nbsp;<\/span><span\n                                    class=\"property-desc line-limit-length\">Tipo libre<\/span>\n                        <\/li>\n<li class=\"product-prop line-limit-length\"><span\n                                    class=\"property-title\">T\u00e9cnica:&nbsp;<\/span><span\n                                    class=\"property-desc line-limit-length\">Laca<\/span>\n                        <\/li>\n<li class=\"product-prop line-limit-length\"><span\n                                    class=\"property-title\">Material:&nbsp;<\/span><span\n                                    class=\"property-desc line-limit-length\">Cer\u00e1mica<\/span>\n                        <\/li>\n<li class=\"product-prop line-limit-length\"><span\n                                    class=\"property-title\">Origen:&nbsp;<\/span><span\n                                    class=\"property-desc line-limit-length\">China continental<\/span>\n                        <\/li>\n<li class=\"product-prop line-limit-length\"><span\n                                    class=\"property-title\">Color:&nbsp;<\/span><span\n                                    class=\"property-desc line-limit-length\">Amarillo\/Negro\/Azul<\/span>\n                        <\/li>\n<li class=\"product-prop line-limit-length\"><span\n                                    class=\"property-title\">Dise\u00f1o:&nbsp;<\/span><span\n                                    class=\"property-desc line-limit-length\">Pintar<\/span>\n                        <\/li>\n<li class=\"product-prop line-limit-length\"><span\n                                    class=\"property-title\">\u00dasalo:&nbsp;<\/span><span\n                                    class=\"property-desc line-limit-length\">Bar, cafeter\u00eda, fiesta<\/span>\n                        <\/li>\n<li class=\"product-prop line-limit-length\"><span\n                                    class=\"property-title\">Di\u00e1metro superior:&nbsp;<\/span><span\n                                    class=\"property-desc line-limit-length\">Unos 9 cm<\/span>\n                        <\/li>\n<li class=\"product-prop line-limit-length\"><span\n                                    class=\"property-title\">Di\u00e1metro inferior:&nbsp;<\/span><span\n                                    class=\"property-desc line-limit-length\">Alrededor de 5,3 cm<\/span>\n                        <\/li>\n<li class=\"product-prop line-limit-length\"><span\n                                    class=\"property-title\">Di\u00e1metro interior del fondo:&nbsp;<\/span><span\n                                    class=\"property-desc line-limit-length\">Unos 29 mm<\/span>\n                        <\/li>\n<li class=\"product-prop line-limit-length\"><span\n                                    class=\"property-title\">Altura:&nbsp;<\/span><span\n                                    class=\"property-desc line-limit-length\">Unos 10 cm<\/span>\n                        <\/li>\n<li class=\"product-prop line-limit-length\"><span\n                                    class=\"property-title\">Peso:&nbsp;<\/span><span\n                                    class=\"property-desc line-limit-length\">Unos 288 g<\/span>\n                        <\/li>\n<li class=\"product-prop line-limit-length\"><span\n                                    class=\"property-title\">Qu\u00e9:&nbsp;<\/span><span\n                                    class=\"property-desc line-limit-length\">Accesorios para narguile<\/span>\n                        <\/li>\n<li class=\"product-prop line-limit-length\"><span\n                                    class=\"property-title\">Ventaja:&nbsp;<\/span><span\n                                    class=\"property-desc line-limit-length\">Limpio, c\u00f3modo y respetuoso con el medio ambiente<\/span>\n                        <\/li>\n<li class=\"product-prop line-limit-length\"><span\n                                    class=\"property-title\">Paquete:&nbsp;<\/span><span\n                                    class=\"property-desc line-limit-length\">caja<\/span>\n                        <\/li>\n<\/ul><\/div>\n<div class=\"detailmodule_image\"><a href=\"https:\/\/www.aliexpress.us\/item\/2255800362494917.html?spm=5261.ProductManageOnline.0.0.2ef34edfUAb7oi&amp;gatewayAdapt=glo2usa4itemAdapt&amp;_randl_shipto=US\" target=\"_self\" class=\"\" rel=\"noopener nofollow\"><img decoding=\"async\" style=\"margin-bottom:10px\" class=\"detail-desc-decorate-image\" src=\"https:\/\/ae01.alicdn.com\/kf\/S9e566d4627b24e44bdd67afa96bc6980C.jpg\" slate-data-type=\"image\"\/><\/a><\/div>\n<div class=\"detailmodule_image\"><img decoding=\"async\" style=\"margin-bottom:10px\" class=\"detail-desc-decorate-image\" src=\"https:\/\/ae01.alicdn.com\/kf\/Sdf4cbf12c5904eaabbe561d7cb39a88fi.jpg\" slate-data-type=\"image\"\/><img decoding=\"async\" style=\"margin-bottom:10px\" class=\"detail-desc-decorate-image\" src=\"https:\/\/ae01.alicdn.com\/kf\/S0348d5c6293a4d5db607b4683d603fb90.jpg\" slate-data-type=\"image\"\/><img decoding=\"async\" style=\"margin-bottom:10px\" class=\"detail-desc-decorate-image\" src=\"https:\/\/ae01.alicdn.com\/kf\/S0d8914e3df2c422fb696b09768520158u.jpg\" slate-data-type=\"image\"\/><img decoding=\"async\" style=\"margin-bottom:10px\" class=\"detail-desc-decorate-image\" src=\"https:\/\/ae01.alicdn.com\/kf\/Sf3fccdaf65134e71a72b49359a524143X.jpg\" slate-data-type=\"image\"\/><img decoding=\"async\" style=\"margin-bottom:10px\" class=\"detail-desc-decorate-image\" src=\"https:\/\/ae01.alicdn.com\/kf\/S7306573ccceb431db988d0f3be71dd38h.jpg\" slate-data-type=\"image\"\/><img decoding=\"async\" style=\"margin-bottom:10px\" class=\"detail-desc-decorate-image\" src=\"https:\/\/ae01.alicdn.com\/kf\/S2c9f800adf4a4f56a248a95d789e460bX.jpg\" slate-data-type=\"image\"\/><img decoding=\"async\" style=\"margin-bottom:10px\" class=\"detail-desc-decorate-image\" src=\"https:\/\/ae01.alicdn.com\/kf\/S24bffb36bcf04f9baf50df12961170ddX.jpg\" slate-data-type=\"image\"\/><img decoding=\"async\" style=\"margin-bottom:10px\" class=\"detail-desc-decorate-image\" src=\"https:\/\/ae01.alicdn.com\/kf\/S4237ed6e87d148d79503ae6bcbe52246K.jpg\" slate-data-type=\"image\"\/><img decoding=\"async\" style=\"margin-bottom:10px\" class=\"detail-desc-decorate-image\" src=\"https:\/\/ae01.alicdn.com\/kf\/S83a64cb7b8f340b08cb1536820b5e954M.jpg\" slate-data-type=\"image\"\/><img decoding=\"async\" style=\"margin-bottom:10px\" class=\"detail-desc-decorate-image\" src=\"https:\/\/ae01.alicdn.com\/kf\/Sa29b5e4482444527b0a1b41b1765929be.jpg\" slate-data-type=\"image\"\/><\/div>\n<div class=\"detailmodule_image\"><img decoding=\"async\" class=\"detail-desc-decorate-image\" src=\"https:\/\/ae01.alicdn.com\/kf\/Hcbce2774ccb24e2886b1f960515ef65c5.jpg\" slate-data-type=\"image\"\/><img decoding=\"async\" class=\"detail-desc-decorate-image\" src=\"https:\/\/ae01.alicdn.com\/kf\/H112b5d9620a54f65b6138d913ed6e6912.jpg\" slate-data-type=\"image\"\/><\/div>\n<p><\/p>","protected":false},"excerpt":{"rendered":"<p>N\u00famero de modelo: CH1822 Forma: Tipo libre T\u00e9cnicas: Lacado Material: Cer\u00e1mica Origen: China continental Color: Amarillo\/Negro\/Azul Dise\u00f1o: Pintura Uso: Bar, caf\u00e9, fiesta Di\u00e1metro superior: Alrededor de 9cm Di\u00e1metro inferior: Aproximadamente 5.3cm Fondo<\/p>","protected":false},"featured_media":13232,"comment_status":"open","ping_status":"closed","template":"","meta":{"iawp_total_views":5,"_joinchat":[]},"product_brand":[],"product_cat":[370],"product_tag":[],"class_list":{"0":"post-13231","1":"product","2":"type-product","3":"status-publish","4":"has-post-thumbnail","6":"product_cat-hookah-bowl-wholesale","8":"first","9":"instock","10":"shipping-taxable","11":"purchasable","12":"product-type-variable"},"yoast_head":"<!-- This site is optimized with the Yoast SEO Premium plugin v24.7 (Yoast SEO v26.8) - https:\/\/yoast.com\/product\/yoast-seo-premium-wordpress\/ -->\n<title>Ceramic Hookah Syrian Bowl Wholesale - Global Hookah<\/title>\n<meta name=\"robots\" content=\"index, follow, max-snippet:-1, max-image-preview:large, max-video-preview:-1\" \/>\n<link rel=\"canonical\" href=\"https:\/\/global-hookah.com\/es\/pt\/produto\/tigela-de-ceramica-para-cachimbo-de-agua-siria-atacado\/\" \/>\n<meta property=\"og:locale\" content=\"es_ES\" \/>\n<meta property=\"og:type\" content=\"article\" \/>\n<meta property=\"og:title\" content=\"Ceramic Hookah Syrian Bowl Wholesale\" \/>\n<meta property=\"og:description\" content=\"Model Number:&nbsp;CH1822 Shape:&nbsp;Free Type Technics:&nbsp;Lacquer Material:&nbsp;Ceramic Origin:&nbsp;Mainland China Color:&nbsp;Yellow\/Black\/Blue Design:&nbsp;Paint Use:&nbsp;Bar, cafe, party Upper diameter:&nbsp;About 9cm Bottom diameter:&nbsp;About 5.3cm Bottom\" \/>\n<meta property=\"og:url\" content=\"https:\/\/global-hookah.com\/es\/pt\/produto\/tigela-de-ceramica-para-cachimbo-de-agua-siria-atacado\/\" \/>\n<meta property=\"og:site_name\" content=\"Global Hookah\" \/>\n<meta property=\"article:modified_time\" content=\"2023-09-02T14:02:49+00:00\" \/>\n<meta property=\"og:image\" content=\"https:\/\/global-hookah.com\/wp-content\/uploads\/2023\/09\/NEW-Hookah-Bowl-oblako-Ceramics-Nargile-Sheesha-Narguile-Chicha-Cachimbas-Shisha-Phunnel-Bowl.jpg\" \/>\n\t<meta property=\"og:image:width\" content=\"800\" \/>\n\t<meta property=\"og:image:height\" content=\"800\" \/>\n\t<meta property=\"og:image:type\" content=\"image\/jpeg\" \/>\n<meta name=\"twitter:card\" content=\"summary_large_image\" \/>\n<script type=\"application\/ld+json\" class=\"yoast-schema-graph\">{\"@context\":\"https:\/\/schema.org\",\"@graph\":[{\"@type\":\"WebPage\",\"@id\":\"https:\/\/global-hookah.com\/pt\/produto\/tigela-de-ceramica-para-cachimbo-de-agua-siria-atacado\/\",\"url\":\"https:\/\/global-hookah.com\/pt\/produto\/tigela-de-ceramica-para-cachimbo-de-agua-siria-atacado\/\",\"name\":\"Ceramic Hookah Syrian Bowl Wholesale - Global Hookah\",\"isPartOf\":{\"@id\":\"https:\/\/global-hookah.com\/#website\"},\"primaryImageOfPage\":{\"@id\":\"https:\/\/global-hookah.com\/pt\/produto\/tigela-de-ceramica-para-cachimbo-de-agua-siria-atacado\/#primaryimage\"},\"image\":{\"@id\":\"https:\/\/global-hookah.com\/pt\/produto\/tigela-de-ceramica-para-cachimbo-de-agua-siria-atacado\/#primaryimage\"},\"thumbnailUrl\":\"https:\/\/global-hookah.com\/wp-content\/uploads\/2023\/09\/NEW-Hookah-Bowl-oblako-Ceramics-Nargile-Sheesha-Narguile-Chicha-Cachimbas-Shisha-Phunnel-Bowl.jpg\",\"datePublished\":\"2023-09-02T14:02:45+00:00\",\"dateModified\":\"2023-09-02T14:02:49+00:00\",\"breadcrumb\":{\"@id\":\"https:\/\/global-hookah.com\/pt\/produto\/tigela-de-ceramica-para-cachimbo-de-agua-siria-atacado\/#breadcrumb\"},\"inLanguage\":\"es\",\"potentialAction\":[{\"@type\":\"ReadAction\",\"target\":[\"https:\/\/global-hookah.com\/pt\/produto\/tigela-de-ceramica-para-cachimbo-de-agua-siria-atacado\/\"]}]},{\"@type\":\"ImageObject\",\"inLanguage\":\"es\",\"@id\":\"https:\/\/global-hookah.com\/pt\/produto\/tigela-de-ceramica-para-cachimbo-de-agua-siria-atacado\/#primaryimage\",\"url\":\"https:\/\/global-hookah.com\/wp-content\/uploads\/2023\/09\/NEW-Hookah-Bowl-oblako-Ceramics-Nargile-Sheesha-Narguile-Chicha-Cachimbas-Shisha-Phunnel-Bowl.jpg\",\"contentUrl\":\"https:\/\/global-hookah.com\/wp-content\/uploads\/2023\/09\/NEW-Hookah-Bowl-oblako-Ceramics-Nargile-Sheesha-Narguile-Chicha-Cachimbas-Shisha-Phunnel-Bowl.jpg\",\"width\":800,\"height\":800},{\"@type\":\"BreadcrumbList\",\"@id\":\"https:\/\/global-hookah.com\/pt\/produto\/tigela-de-ceramica-para-cachimbo-de-agua-siria-atacado\/#breadcrumb\",\"itemListElement\":[{\"@type\":\"ListItem\",\"position\":1,\"name\":\"Home\",\"item\":\"https:\/\/global-hookah.com\/\"},{\"@type\":\"ListItem\",\"position\":2,\"name\":\"Shop\",\"item\":\"https:\/\/global-hookah.com\/shop\/\"},{\"@type\":\"ListItem\",\"position\":3,\"name\":\"Ceramic Hookah Syrian Bowl Wholesale\"}]},{\"@type\":\"WebSite\",\"@id\":\"https:\/\/global-hookah.com\/#website\",\"url\":\"https:\/\/global-hookah.com\/\",\"name\":\"Global Hookah\",\"description\":\"Global Hookah\",\"publisher\":{\"@id\":\"https:\/\/global-hookah.com\/#organization\"},\"potentialAction\":[{\"@type\":\"SearchAction\",\"target\":{\"@type\":\"EntryPoint\",\"urlTemplate\":\"https:\/\/global-hookah.com\/?s={search_term_string}\"},\"query-input\":{\"@type\":\"PropertyValueSpecification\",\"valueRequired\":true,\"valueName\":\"search_term_string\"}}],\"inLanguage\":\"es\"},{\"@type\":\"Organization\",\"@id\":\"https:\/\/global-hookah.com\/#organization\",\"name\":\"Global Hookah\",\"url\":\"https:\/\/global-hookah.com\/\",\"logo\":{\"@type\":\"ImageObject\",\"inLanguage\":\"es\",\"@id\":\"https:\/\/global-hookah.com\/#\/schema\/logo\/image\/\",\"url\":\"https:\/\/global-hookah.com\/wp-content\/uploads\/2021\/10\/cropped-fgg.png\",\"contentUrl\":\"https:\/\/global-hookah.com\/wp-content\/uploads\/2021\/10\/cropped-fgg.png\",\"width\":512,\"height\":512,\"caption\":\"Global Hookah\"},\"image\":{\"@id\":\"https:\/\/global-hookah.com\/#\/schema\/logo\/image\/\"}}]}<\/script>\n<!-- \/ Yoast SEO Premium plugin. -->","yoast_head_json":{"title":"Taz\u00f3n de cer\u00e1mica de Hookah sirio al por mayor - Global Hookah","robots":{"index":"index","follow":"follow","max-snippet":"max-snippet:-1","max-image-preview":"max-image-preview:large","max-video-preview":"max-video-preview:-1"},"canonical":"https:\/\/global-hookah.com\/es\/pt\/produto\/tigela-de-ceramica-para-cachimbo-de-agua-siria-atacado\/","og_locale":"es_ES","og_type":"article","og_title":"Ceramic Hookah Syrian Bowl Wholesale","og_description":"Model Number:&nbsp;CH1822 Shape:&nbsp;Free Type Technics:&nbsp;Lacquer Material:&nbsp;Ceramic Origin:&nbsp;Mainland China Color:&nbsp;Yellow\/Black\/Blue Design:&nbsp;Paint Use:&nbsp;Bar, cafe, party Upper diameter:&nbsp;About 9cm Bottom diameter:&nbsp;About 5.3cm Bottom","og_url":"https:\/\/global-hookah.com\/es\/pt\/produto\/tigela-de-ceramica-para-cachimbo-de-agua-siria-atacado\/","og_site_name":"Global Hookah","article_modified_time":"2023-09-02T14:02:49+00:00","og_image":[{"width":800,"height":800,"url":"https:\/\/global-hookah.com\/wp-content\/uploads\/2023\/09\/NEW-Hookah-Bowl-oblako-Ceramics-Nargile-Sheesha-Narguile-Chicha-Cachimbas-Shisha-Phunnel-Bowl.jpg","type":"image\/jpeg"}],"twitter_card":"summary_large_image","schema":{"@context":"https:\/\/schema.org","@graph":[{"@type":"WebPage","@id":"https:\/\/global-hookah.com\/pt\/produto\/tigela-de-ceramica-para-cachimbo-de-agua-siria-atacado\/","url":"https:\/\/global-hookah.com\/pt\/produto\/tigela-de-ceramica-para-cachimbo-de-agua-siria-atacado\/","name":"Taz\u00f3n de cer\u00e1mica de Hookah sirio al por mayor - Global Hookah","isPartOf":{"@id":"https:\/\/global-hookah.com\/#website"},"primaryImageOfPage":{"@id":"https:\/\/global-hookah.com\/pt\/produto\/tigela-de-ceramica-para-cachimbo-de-agua-siria-atacado\/#primaryimage"},"image":{"@id":"https:\/\/global-hookah.com\/pt\/produto\/tigela-de-ceramica-para-cachimbo-de-agua-siria-atacado\/#primaryimage"},"thumbnailUrl":"https:\/\/global-hookah.com\/wp-content\/uploads\/2023\/09\/NEW-Hookah-Bowl-oblako-Ceramics-Nargile-Sheesha-Narguile-Chicha-Cachimbas-Shisha-Phunnel-Bowl.jpg","datePublished":"2023-09-02T14:02:45+00:00","dateModified":"2023-09-02T14:02:49+00:00","breadcrumb":{"@id":"https:\/\/global-hookah.com\/pt\/produto\/tigela-de-ceramica-para-cachimbo-de-agua-siria-atacado\/#breadcrumb"},"inLanguage":"es","potentialAction":[{"@type":"ReadAction","target":["https:\/\/global-hookah.com\/pt\/produto\/tigela-de-ceramica-para-cachimbo-de-agua-siria-atacado\/"]}]},{"@type":"ImageObject","inLanguage":"es","@id":"https:\/\/global-hookah.com\/pt\/produto\/tigela-de-ceramica-para-cachimbo-de-agua-siria-atacado\/#primaryimage","url":"https:\/\/global-hookah.com\/wp-content\/uploads\/2023\/09\/NEW-Hookah-Bowl-oblako-Ceramics-Nargile-Sheesha-Narguile-Chicha-Cachimbas-Shisha-Phunnel-Bowl.jpg","contentUrl":"https:\/\/global-hookah.com\/wp-content\/uploads\/2023\/09\/NEW-Hookah-Bowl-oblako-Ceramics-Nargile-Sheesha-Narguile-Chicha-Cachimbas-Shisha-Phunnel-Bowl.jpg","width":800,"height":800},{"@type":"BreadcrumbList","@id":"https:\/\/global-hookah.com\/pt\/produto\/tigela-de-ceramica-para-cachimbo-de-agua-siria-atacado\/#breadcrumb","itemListElement":[{"@type":"ListItem","position":1,"name":"Home","item":"https:\/\/global-hookah.com\/"},{"@type":"ListItem","position":2,"name":"Shop","item":"https:\/\/global-hookah.com\/shop\/"},{"@type":"ListItem","position":3,"name":"Ceramic Hookah Syrian Bowl Wholesale"}]},{"@type":"WebSite","@id":"https:\/\/global-hookah.com\/#website","url":"https:\/\/global-hookah.com\/","name":"Global Hookah","description":"Global Hookah","publisher":{"@id":"https:\/\/global-hookah.com\/#organization"},"potentialAction":[{"@type":"SearchAction","target":{"@type":"EntryPoint","urlTemplate":"https:\/\/global-hookah.com\/?s={search_term_string}"},"query-input":{"@type":"PropertyValueSpecification","valueRequired":true,"valueName":"search_term_string"}}],"inLanguage":"es"},{"@type":"Organization","@id":"https:\/\/global-hookah.com\/#organization","name":"Global Hookah","url":"https:\/\/global-hookah.com\/","logo":{"@type":"ImageObject","inLanguage":"es","@id":"https:\/\/global-hookah.com\/#\/schema\/logo\/image\/","url":"https:\/\/global-hookah.com\/wp-content\/uploads\/2021\/10\/cropped-fgg.png","contentUrl":"https:\/\/global-hookah.com\/wp-content\/uploads\/2021\/10\/cropped-fgg.png","width":512,"height":512,"caption":"Global Hookah"},"image":{"@id":"https:\/\/global-hookah.com\/#\/schema\/logo\/image\/"}}]}},"_links":{"self":[{"href":"https:\/\/global-hookah.com\/es\/wp-json\/wp\/v2\/product\/13231","targetHints":{"allow":["GET"]}}],"collection":[{"href":"https:\/\/global-hookah.com\/es\/wp-json\/wp\/v2\/product"}],"about":[{"href":"https:\/\/global-hookah.com\/es\/wp-json\/wp\/v2\/types\/product"}],"replies":[{"embeddable":true,"href":"https:\/\/global-hookah.com\/es\/wp-json\/wp\/v2\/comments?post=13231"}],"version-history":[{"count":0,"href":"https:\/\/global-hookah.com\/es\/wp-json\/wp\/v2\/product\/13231\/revisions"}],"wp:featuredmedia":[{"embeddable":true,"href":"https:\/\/global-hookah.com\/es\/wp-json\/wp\/v2\/media\/13232"}],"wp:attachment":[{"href":"https:\/\/global-hookah.com\/es\/wp-json\/wp\/v2\/media?parent=13231"}],"wp:term":[{"taxonomy":"product_brand","embeddable":true,"href":"https:\/\/global-hookah.com\/es\/wp-json\/wp\/v2\/product_brand?post=13231"},{"taxonomy":"product_cat","embeddable":true,"href":"https:\/\/global-hookah.com\/es\/wp-json\/wp\/v2\/product_cat?post=13231"},{"taxonomy":"product_tag","embeddable":true,"href":"https:\/\/global-hookah.com\/es\/wp-json\/wp\/v2\/product_tag?post=13231"}],"curies":[{"name":"wp","href":"https:\/\/api.w.org\/{rel}","templated":true}]}}