{"id":13240,"date":"2023-09-02T14:03:26","date_gmt":"2023-09-02T14:03:26","guid":{"rendered":"https:\/\/global-hookah.com\/product\/clay-hookah-bowl-wholesale\/"},"modified":"2023-09-02T14:03:30","modified_gmt":"2023-09-02T14:03:30","slug":"clay-hookah-bowl-wholesale","status":"publish","type":"product","link":"https:\/\/global-hookah.com\/es\/producto\/clay-hookah-bowl-wholesale\/","title":{"rendered":"Cuenco de arcilla para narguile al por mayor"},"content":{"rendered":"<div class=\"product-specs-list-container\">\n<ul class=\"product-specs-list util-clearfix\">\n<li class=\"product-prop line-limit-length\"><span\n                                    class=\"property-title\">N\u00famero de modelo:&nbsp;<\/span><span\n                                    class=\"property-desc line-limit-length\">CH1823<\/span>\n                        <\/li>\n<li class=\"product-prop line-limit-length\"><span\n                                    class=\"property-title\">Forma:&nbsp;<\/span><span\n                                    class=\"property-desc line-limit-length\">Tipo libre<\/span>\n                        <\/li>\n<li class=\"product-prop line-limit-length\"><span\n                                    class=\"property-title\">T\u00e9cnica:&nbsp;<\/span><span\n                                    class=\"property-desc line-limit-length\">Laca<\/span>\n                        <\/li>\n<li class=\"product-prop line-limit-length\"><span\n                                    class=\"property-title\">Material:&nbsp;<\/span><span\n                                    class=\"property-desc line-limit-length\">Cer\u00e1mica<\/span>\n                        <\/li>\n<li class=\"product-prop line-limit-length\"><span\n                                    class=\"property-title\">Origen:&nbsp;<\/span><span\n                                    class=\"property-desc line-limit-length\">China continental<\/span>\n                        <\/li>\n<li class=\"product-prop line-limit-length\"><span\n                                    class=\"property-title\">Color:&nbsp;<\/span><span\n                                    class=\"property-desc line-limit-length\">Azul<\/span>\n                        <\/li>\n<li class=\"product-prop line-limit-length\"><span\n                                    class=\"property-title\">Dise\u00f1o:&nbsp;<\/span><span\n                                    class=\"property-desc line-limit-length\">Pintar<\/span>\n                        <\/li>\n<li class=\"product-prop line-limit-length\"><span\n                                    class=\"property-title\">\u00dasalo:&nbsp;<\/span><span\n                                    class=\"property-desc line-limit-length\">Bar, cafeter\u00eda, fiesta<\/span>\n                        <\/li>\n<li class=\"product-prop line-limit-length\"><span\n                                    class=\"property-title\">Di\u00e1metro superior:&nbsp;<\/span><span\n                                    class=\"property-desc line-limit-length\">Alrededor de 7,9 cm<\/span>\n                        <\/li>\n<li class=\"product-prop line-limit-length\"><span\n                                    class=\"property-title\">Di\u00e1metro inferior:&nbsp;<\/span><span\n                                    class=\"property-desc line-limit-length\">Alrededor de 4,3 cm<\/span>\n                        <\/li>\n<li class=\"product-prop line-limit-length\"><span\n                                    class=\"property-title\">Di\u00e1metro interior del fondo:&nbsp;<\/span><span\n                                    class=\"property-desc line-limit-length\">Alrededor de 23 mm<\/span>\n                        <\/li>\n<li class=\"product-prop line-limit-length\"><span\n                                    class=\"property-title\">Altura:&nbsp;<\/span><span\n                                    class=\"property-desc line-limit-length\">Alrededor de 11 cm<\/span>\n                        <\/li>\n<li class=\"product-prop line-limit-length\"><span\n                                    class=\"property-title\">Peso:&nbsp;<\/span><span\n                                    class=\"property-desc line-limit-length\">Unos 178 g<\/span>\n                        <\/li>\n<li class=\"product-prop line-limit-length\"><span\n                                    class=\"property-title\">Qu\u00e9:&nbsp;<\/span><span\n                                    class=\"property-desc line-limit-length\">Accesorios para narguile<\/span>\n                        <\/li>\n<li class=\"product-prop line-limit-length\"><span\n                                    class=\"property-title\">Ventaja:&nbsp;<\/span><span\n                                    class=\"property-desc line-limit-length\">Limpio, c\u00f3modo y respetuoso con el medio ambiente<\/span>\n                        <\/li>\n<li class=\"product-prop line-limit-length\"><span\n                                    class=\"property-title\">Paquete:&nbsp;<\/span><span\n                                    class=\"property-desc line-limit-length\">Bolsa Opp<\/span>\n                        <\/li>\n<\/ul><\/div>\n<div class=\"detailmodule_image\"><a href=\"https:\/\/www.aliexpress.us\/item\/3256805001944038.html?spm=5261.ProductManageOnline.0.0.2ef34edfUAb7oi&amp;gatewayAdapt=glo2usa4itemAdapt&amp;_randl_shipto=US\" target=\"_self\" class=\"\" rel=\"noopener nofollow\"><img decoding=\"async\" style=\"margin-bottom:10px\" class=\"detail-desc-decorate-image\" src=\"https:\/\/ae01.alicdn.com\/kf\/Sb9f0ba53078640d289d5e2dc5cf7f9d3d.jpg\" slate-data-type=\"image\"\/><\/a><\/div>\n<div class=\"detailmodule_image\"><img decoding=\"async\" style=\"margin-bottom:10px\" class=\"detail-desc-decorate-image\" src=\"https:\/\/ae01.alicdn.com\/kf\/Scc822804a21d48778558caa8a27bfd61r.jpg\" slate-data-type=\"image\"\/><img decoding=\"async\" style=\"margin-bottom:10px\" class=\"detail-desc-decorate-image\" src=\"https:\/\/ae01.alicdn.com\/kf\/S32b1df2bce984be4b0d5255b6ee87e30Z.jpg\" slate-data-type=\"image\"\/><img decoding=\"async\" style=\"margin-bottom:10px\" class=\"detail-desc-decorate-image\" src=\"https:\/\/ae01.alicdn.com\/kf\/S08fe529a65834b2dbe028a67a555bf22o.jpg\" slate-data-type=\"image\"\/><img decoding=\"async\" style=\"margin-bottom:10px\" class=\"detail-desc-decorate-image\" src=\"https:\/\/ae01.alicdn.com\/kf\/S77b3dbdf26ca46deae8ccfc9b9756db6H.jpg\" slate-data-type=\"image\"\/><img decoding=\"async\" style=\"margin-bottom:10px\" class=\"detail-desc-decorate-image\" src=\"https:\/\/ae01.alicdn.com\/kf\/S60002effb90e4e5e829bc5dc45c1ec3dp.jpg\" slate-data-type=\"image\"\/><img decoding=\"async\" style=\"margin-bottom:10px\" class=\"detail-desc-decorate-image\" src=\"https:\/\/ae01.alicdn.com\/kf\/Scd0e9d214bcc489b8bee5ad9132122a4t.jpg\" slate-data-type=\"image\"\/><img decoding=\"async\" style=\"margin-bottom:10px\" class=\"detail-desc-decorate-image\" src=\"https:\/\/ae01.alicdn.com\/kf\/Sc78ee0caac6f4c5ba52a9cdb28cca2f5q.jpg\" slate-data-type=\"image\"\/><\/div>\n<div class=\"detailmodule_image\"><img decoding=\"async\" class=\"detail-desc-decorate-image\" src=\"https:\/\/ae01.alicdn.com\/kf\/Hcbce2774ccb24e2886b1f960515ef65c5.jpg\" slate-data-type=\"image\"\/><img decoding=\"async\" class=\"detail-desc-decorate-image\" src=\"https:\/\/ae01.alicdn.com\/kf\/H112b5d9620a54f65b6138d913ed6e6912.jpg\" slate-data-type=\"image\"\/><\/div>\n<p><\/p>","protected":false},"excerpt":{"rendered":"<p>N\u00famero de modelo: CH1823 Forma: Tipo Libre Technics: Lacado Material: Cer\u00e1mica Origen: China continental Color: Azul Dise\u00f1o: Pintura Uso: Bar, caf\u00e9, fiesta Di\u00e1metro superior: Alrededor de 7.9cm Di\u00e1metro inferior: Alrededor de 4.3cm Fondo<\/p>","protected":false},"featured_media":13241,"comment_status":"open","ping_status":"closed","template":"","meta":{"iawp_total_views":2,"_joinchat":[]},"product_brand":[],"product_cat":[370],"product_tag":[],"class_list":{"0":"post-13240","1":"product","2":"type-product","3":"status-publish","4":"has-post-thumbnail","6":"product_cat-hookah-bowl-wholesale","8":"first","9":"instock","10":"sale","11":"shipping-taxable","12":"purchasable","13":"product-type-variable"},"yoast_head":"<!-- This site is optimized with the Yoast SEO Premium plugin v24.7 (Yoast SEO v26.8) - https:\/\/yoast.com\/product\/yoast-seo-premium-wordpress\/ -->\n<title>Clay Hookah Bowl Wholesale - Global Hookah<\/title>\n<meta name=\"robots\" content=\"index, follow, max-snippet:-1, max-image-preview:large, max-video-preview:-1\" \/>\n<link rel=\"canonical\" href=\"https:\/\/global-hookah.com\/es\/producto\/clay-hookah-bowl-wholesale\/\" \/>\n<meta property=\"og:locale\" content=\"es_ES\" \/>\n<meta property=\"og:type\" content=\"article\" \/>\n<meta property=\"og:title\" content=\"Clay Hookah Bowl Wholesale\" \/>\n<meta property=\"og:description\" content=\"Model Number:&nbsp;CH1823 Shape:&nbsp;Free Type Technics:&nbsp;Lacquer Material:&nbsp;Ceramic Origin:&nbsp;Mainland China Color:&nbsp;Blue Design:&nbsp;Paint Use:&nbsp;Bar, cafe, party Upper diameter:&nbsp;About 7.9cm Bottom diameter:&nbsp;About 4.3cm Bottom\" \/>\n<meta property=\"og:url\" content=\"https:\/\/global-hookah.com\/es\/producto\/clay-hookah-bowl-wholesale\/\" \/>\n<meta property=\"og:site_name\" content=\"Global Hookah\" \/>\n<meta property=\"article:modified_time\" content=\"2023-09-02T14:03:30+00:00\" \/>\n<meta property=\"og:image\" content=\"https:\/\/global-hookah.com\/wp-content\/uploads\/2023\/09\/Hookah-Bowl-Phunnel-Ceramic-Shisha-Bowl-Sheesha-Narguile-Chicha-Cachimbas-Shisha-Tobacco-Bowl-Accessories.jpg\" \/>\n\t<meta property=\"og:image:width\" content=\"800\" \/>\n\t<meta property=\"og:image:height\" content=\"800\" \/>\n\t<meta property=\"og:image:type\" content=\"image\/jpeg\" \/>\n<meta name=\"twitter:card\" content=\"summary_large_image\" \/>\n<script type=\"application\/ld+json\" class=\"yoast-schema-graph\">{\"@context\":\"https:\/\/schema.org\",\"@graph\":[{\"@type\":\"WebPage\",\"@id\":\"https:\/\/global-hookah.com\/product\/clay-hookah-bowl-wholesale\/\",\"url\":\"https:\/\/global-hookah.com\/product\/clay-hookah-bowl-wholesale\/\",\"name\":\"Clay Hookah Bowl Wholesale - Global Hookah\",\"isPartOf\":{\"@id\":\"https:\/\/global-hookah.com\/#website\"},\"primaryImageOfPage\":{\"@id\":\"https:\/\/global-hookah.com\/product\/clay-hookah-bowl-wholesale\/#primaryimage\"},\"image\":{\"@id\":\"https:\/\/global-hookah.com\/product\/clay-hookah-bowl-wholesale\/#primaryimage\"},\"thumbnailUrl\":\"https:\/\/global-hookah.com\/wp-content\/uploads\/2023\/09\/Hookah-Bowl-Phunnel-Ceramic-Shisha-Bowl-Sheesha-Narguile-Chicha-Cachimbas-Shisha-Tobacco-Bowl-Accessories.jpg\",\"datePublished\":\"2023-09-02T14:03:26+00:00\",\"dateModified\":\"2023-09-02T14:03:30+00:00\",\"breadcrumb\":{\"@id\":\"https:\/\/global-hookah.com\/product\/clay-hookah-bowl-wholesale\/#breadcrumb\"},\"inLanguage\":\"es\",\"potentialAction\":[{\"@type\":\"ReadAction\",\"target\":[\"https:\/\/global-hookah.com\/product\/clay-hookah-bowl-wholesale\/\"]}]},{\"@type\":\"ImageObject\",\"inLanguage\":\"es\",\"@id\":\"https:\/\/global-hookah.com\/product\/clay-hookah-bowl-wholesale\/#primaryimage\",\"url\":\"https:\/\/global-hookah.com\/wp-content\/uploads\/2023\/09\/Hookah-Bowl-Phunnel-Ceramic-Shisha-Bowl-Sheesha-Narguile-Chicha-Cachimbas-Shisha-Tobacco-Bowl-Accessories.jpg\",\"contentUrl\":\"https:\/\/global-hookah.com\/wp-content\/uploads\/2023\/09\/Hookah-Bowl-Phunnel-Ceramic-Shisha-Bowl-Sheesha-Narguile-Chicha-Cachimbas-Shisha-Tobacco-Bowl-Accessories.jpg\",\"width\":800,\"height\":800},{\"@type\":\"BreadcrumbList\",\"@id\":\"https:\/\/global-hookah.com\/product\/clay-hookah-bowl-wholesale\/#breadcrumb\",\"itemListElement\":[{\"@type\":\"ListItem\",\"position\":1,\"name\":\"Home\",\"item\":\"https:\/\/global-hookah.com\/\"},{\"@type\":\"ListItem\",\"position\":2,\"name\":\"Shop\",\"item\":\"https:\/\/global-hookah.com\/shop\/\"},{\"@type\":\"ListItem\",\"position\":3,\"name\":\"Clay Hookah Bowl Wholesale\"}]},{\"@type\":\"WebSite\",\"@id\":\"https:\/\/global-hookah.com\/#website\",\"url\":\"https:\/\/global-hookah.com\/\",\"name\":\"Global Hookah\",\"description\":\"Global Hookah\",\"publisher\":{\"@id\":\"https:\/\/global-hookah.com\/#organization\"},\"potentialAction\":[{\"@type\":\"SearchAction\",\"target\":{\"@type\":\"EntryPoint\",\"urlTemplate\":\"https:\/\/global-hookah.com\/?s={search_term_string}\"},\"query-input\":{\"@type\":\"PropertyValueSpecification\",\"valueRequired\":true,\"valueName\":\"search_term_string\"}}],\"inLanguage\":\"es\"},{\"@type\":\"Organization\",\"@id\":\"https:\/\/global-hookah.com\/#organization\",\"name\":\"Global Hookah\",\"url\":\"https:\/\/global-hookah.com\/\",\"logo\":{\"@type\":\"ImageObject\",\"inLanguage\":\"es\",\"@id\":\"https:\/\/global-hookah.com\/#\/schema\/logo\/image\/\",\"url\":\"https:\/\/global-hookah.com\/wp-content\/uploads\/2021\/10\/cropped-fgg.png\",\"contentUrl\":\"https:\/\/global-hookah.com\/wp-content\/uploads\/2021\/10\/cropped-fgg.png\",\"width\":512,\"height\":512,\"caption\":\"Global Hookah\"},\"image\":{\"@id\":\"https:\/\/global-hookah.com\/#\/schema\/logo\/image\/\"}}]}<\/script>\n<!-- \/ Yoast SEO Premium plugin. -->","yoast_head_json":{"title":"Arcilla Hookah Bowl Wholesale - Global Hookah","robots":{"index":"index","follow":"follow","max-snippet":"max-snippet:-1","max-image-preview":"max-image-preview:large","max-video-preview":"max-video-preview:-1"},"canonical":"https:\/\/global-hookah.com\/es\/producto\/clay-hookah-bowl-wholesale\/","og_locale":"es_ES","og_type":"article","og_title":"Clay Hookah Bowl Wholesale","og_description":"Model Number:&nbsp;CH1823 Shape:&nbsp;Free Type Technics:&nbsp;Lacquer Material:&nbsp;Ceramic Origin:&nbsp;Mainland China Color:&nbsp;Blue Design:&nbsp;Paint Use:&nbsp;Bar, cafe, party Upper diameter:&nbsp;About 7.9cm Bottom diameter:&nbsp;About 4.3cm Bottom","og_url":"https:\/\/global-hookah.com\/es\/producto\/clay-hookah-bowl-wholesale\/","og_site_name":"Global Hookah","article_modified_time":"2023-09-02T14:03:30+00:00","og_image":[{"width":800,"height":800,"url":"https:\/\/global-hookah.com\/wp-content\/uploads\/2023\/09\/Hookah-Bowl-Phunnel-Ceramic-Shisha-Bowl-Sheesha-Narguile-Chicha-Cachimbas-Shisha-Tobacco-Bowl-Accessories.jpg","type":"image\/jpeg"}],"twitter_card":"summary_large_image","schema":{"@context":"https:\/\/schema.org","@graph":[{"@type":"WebPage","@id":"https:\/\/global-hookah.com\/product\/clay-hookah-bowl-wholesale\/","url":"https:\/\/global-hookah.com\/product\/clay-hookah-bowl-wholesale\/","name":"Arcilla Hookah Bowl Wholesale - Global Hookah","isPartOf":{"@id":"https:\/\/global-hookah.com\/#website"},"primaryImageOfPage":{"@id":"https:\/\/global-hookah.com\/product\/clay-hookah-bowl-wholesale\/#primaryimage"},"image":{"@id":"https:\/\/global-hookah.com\/product\/clay-hookah-bowl-wholesale\/#primaryimage"},"thumbnailUrl":"https:\/\/global-hookah.com\/wp-content\/uploads\/2023\/09\/Hookah-Bowl-Phunnel-Ceramic-Shisha-Bowl-Sheesha-Narguile-Chicha-Cachimbas-Shisha-Tobacco-Bowl-Accessories.jpg","datePublished":"2023-09-02T14:03:26+00:00","dateModified":"2023-09-02T14:03:30+00:00","breadcrumb":{"@id":"https:\/\/global-hookah.com\/product\/clay-hookah-bowl-wholesale\/#breadcrumb"},"inLanguage":"es","potentialAction":[{"@type":"ReadAction","target":["https:\/\/global-hookah.com\/product\/clay-hookah-bowl-wholesale\/"]}]},{"@type":"ImageObject","inLanguage":"es","@id":"https:\/\/global-hookah.com\/product\/clay-hookah-bowl-wholesale\/#primaryimage","url":"https:\/\/global-hookah.com\/wp-content\/uploads\/2023\/09\/Hookah-Bowl-Phunnel-Ceramic-Shisha-Bowl-Sheesha-Narguile-Chicha-Cachimbas-Shisha-Tobacco-Bowl-Accessories.jpg","contentUrl":"https:\/\/global-hookah.com\/wp-content\/uploads\/2023\/09\/Hookah-Bowl-Phunnel-Ceramic-Shisha-Bowl-Sheesha-Narguile-Chicha-Cachimbas-Shisha-Tobacco-Bowl-Accessories.jpg","width":800,"height":800},{"@type":"BreadcrumbList","@id":"https:\/\/global-hookah.com\/product\/clay-hookah-bowl-wholesale\/#breadcrumb","itemListElement":[{"@type":"ListItem","position":1,"name":"Home","item":"https:\/\/global-hookah.com\/"},{"@type":"ListItem","position":2,"name":"Shop","item":"https:\/\/global-hookah.com\/shop\/"},{"@type":"ListItem","position":3,"name":"Clay Hookah Bowl Wholesale"}]},{"@type":"WebSite","@id":"https:\/\/global-hookah.com\/#website","url":"https:\/\/global-hookah.com\/","name":"Global Hookah","description":"Global Hookah","publisher":{"@id":"https:\/\/global-hookah.com\/#organization"},"potentialAction":[{"@type":"SearchAction","target":{"@type":"EntryPoint","urlTemplate":"https:\/\/global-hookah.com\/?s={search_term_string}"},"query-input":{"@type":"PropertyValueSpecification","valueRequired":true,"valueName":"search_term_string"}}],"inLanguage":"es"},{"@type":"Organization","@id":"https:\/\/global-hookah.com\/#organization","name":"Global Hookah","url":"https:\/\/global-hookah.com\/","logo":{"@type":"ImageObject","inLanguage":"es","@id":"https:\/\/global-hookah.com\/#\/schema\/logo\/image\/","url":"https:\/\/global-hookah.com\/wp-content\/uploads\/2021\/10\/cropped-fgg.png","contentUrl":"https:\/\/global-hookah.com\/wp-content\/uploads\/2021\/10\/cropped-fgg.png","width":512,"height":512,"caption":"Global Hookah"},"image":{"@id":"https:\/\/global-hookah.com\/#\/schema\/logo\/image\/"}}]}},"_links":{"self":[{"href":"https:\/\/global-hookah.com\/es\/wp-json\/wp\/v2\/product\/13240","targetHints":{"allow":["GET"]}}],"collection":[{"href":"https:\/\/global-hookah.com\/es\/wp-json\/wp\/v2\/product"}],"about":[{"href":"https:\/\/global-hookah.com\/es\/wp-json\/wp\/v2\/types\/product"}],"replies":[{"embeddable":true,"href":"https:\/\/global-hookah.com\/es\/wp-json\/wp\/v2\/comments?post=13240"}],"version-history":[{"count":0,"href":"https:\/\/global-hookah.com\/es\/wp-json\/wp\/v2\/product\/13240\/revisions"}],"wp:featuredmedia":[{"embeddable":true,"href":"https:\/\/global-hookah.com\/es\/wp-json\/wp\/v2\/media\/13241"}],"wp:attachment":[{"href":"https:\/\/global-hookah.com\/es\/wp-json\/wp\/v2\/media?parent=13240"}],"wp:term":[{"taxonomy":"product_brand","embeddable":true,"href":"https:\/\/global-hookah.com\/es\/wp-json\/wp\/v2\/product_brand?post=13240"},{"taxonomy":"product_cat","embeddable":true,"href":"https:\/\/global-hookah.com\/es\/wp-json\/wp\/v2\/product_cat?post=13240"},{"taxonomy":"product_tag","embeddable":true,"href":"https:\/\/global-hookah.com\/es\/wp-json\/wp\/v2\/product_tag?post=13240"}],"curies":[{"name":"wp","href":"https:\/\/api.w.org\/{rel}","templated":true}]}}