{"id":13249,"date":"2023-09-02T14:05:32","date_gmt":"2023-09-02T14:05:32","guid":{"rendered":"https:\/\/global-hookah.com\/product\/2023-new-turkish-hookah-bowl-wholesale\/"},"modified":"2023-09-02T14:05:36","modified_gmt":"2023-09-02T14:05:36","slug":"2023-new-turkish-hookah-bowl-wholesale","status":"publish","type":"product","link":"https:\/\/global-hookah.com\/es\/producto\/2023-new-turkish-hookah-bowl-wholesale\/","title":{"rendered":"2023 Nuevo turco Hookah Bowl al por mayor"},"content":{"rendered":"<div class=\"product-specs-list-container\">\n<ul class=\"product-specs-list util-clearfix\">\n<li class=\"product-prop line-limit-length\"><span\n                                    class=\"property-title\">Forma:&nbsp;<\/span><span\n                                    class=\"property-desc line-limit-length\">Caja de regalo<\/span>\n                        <\/li>\n<li class=\"product-prop line-limit-length\"><span\n                                    class=\"property-title\">T\u00e9cnica:&nbsp;<\/span><span\n                                    class=\"property-desc line-limit-length\">Escarchado<\/span>\n                        <\/li>\n<li class=\"product-prop line-limit-length\"><span\n                                    class=\"property-title\">Material:&nbsp;<\/span><span\n                                    class=\"property-desc line-limit-length\">Cer\u00e1mica<\/span>\n                        <\/li>\n<li class=\"product-prop line-limit-length\"><span\n                                    class=\"property-title\">Marca:&nbsp;<\/span><span\n                                    class=\"property-desc line-limit-length\">YIMI Hookah<\/span>\n                        <\/li>\n<li class=\"product-prop line-limit-length\"><span\n                                    class=\"property-title\">Origen:&nbsp;<\/span><span\n                                    class=\"property-desc line-limit-length\">RU(Origen)<\/span>\n                        <\/li>\n<li class=\"product-prop line-limit-length\"><span\n                                    class=\"property-title\">Art\u00edculo:&nbsp;<\/span><span\n                                    class=\"property-desc line-limit-length\">Cuenco de narguile<\/span>\n                        <\/li>\n<li class=\"product-prop line-limit-length\"><span\n                                    class=\"property-title\">Material:&nbsp;<\/span><span\n                                    class=\"property-desc line-limit-length\">Cer\u00e1mica<\/span>\n                        <\/li>\n<li class=\"product-prop line-limit-length\"><span\n                                    class=\"property-title\">Pakcage:&nbsp;<\/span><span\n                                    class=\"property-desc line-limit-length\">Caja de color<\/span>\n                        <\/li>\n<\/ul><\/div>\n<div class=\"detailmodule_text\">\n<p style=\"font-family:OpenSans;font-size:20px;font-weight:900;line-height:28px;white-space:pre-wrap;color:rgb(0, 0, 0);margin-bottom:12px\" class=\"detail-desc-decorate-title\">Hookah Bowl Made in Russia Cer\u00e1mica Nargile Sheesha Narguile Chicha Cachimbas Shisha Phunnel Bowl<\/p>\n<p style=\"font-family:OpenSans;font-size:14px;font-weight:300;line-height:20px;white-space:pre-wrap;color:rgb(0, 0, 0);margin-bottom:12px\" class=\"detail-desc-decorate-content\">Hechas a mano en Rusia, con una calidad excelente, los dibujos de cada cazoleta est\u00e1n puramente tallados a mano, por lo que cada cazoleta tiene un aspecto y una textura \u00fanicos, lo que la convierte en una obra de arte \u00fanica. Tambi\u00e9n se pueden colocar como adornos en casa, a\u00f1adiendo un ambiente elegante y art\u00edstico.<\/p>\n<\/div>\n<div class=\"detailmodule_image\"><img decoding=\"async\" style=\"margin-bottom:10px\" class=\"detail-desc-decorate-image\" src=\"https:\/\/ae01.alicdn.com\/kf\/S3733fd9a7a164ff9a120c7f7d7387413S.jpg\" slate-data-type=\"image\"\/><img decoding=\"async\" style=\"margin-bottom:10px\" class=\"detail-desc-decorate-image\" src=\"https:\/\/ae01.alicdn.com\/kf\/Seb91f1095a914a02b60b58c7beacea4ba.jpg\" slate-data-type=\"image\"\/><img decoding=\"async\" style=\"margin-bottom:10px\" class=\"detail-desc-decorate-image\" src=\"https:\/\/ae01.alicdn.com\/kf\/Sddd9d442ab444864b2e4cdcc02eaeaaeL.jpg\" slate-data-type=\"image\"\/><img decoding=\"async\" style=\"margin-bottom:10px\" class=\"detail-desc-decorate-image\" src=\"https:\/\/ae01.alicdn.com\/kf\/Sa6ea2d1cef4f43cdba67f7ab02fc614bL.jpg\" slate-data-type=\"image\"\/><img decoding=\"async\" style=\"margin-bottom:10px\" class=\"detail-desc-decorate-image\" src=\"https:\/\/ae01.alicdn.com\/kf\/S1858b2e16aec4e45a7e7bbef58bc0fffd.jpg\" slate-data-type=\"image\"\/><img decoding=\"async\" style=\"margin-bottom:10px\" class=\"detail-desc-decorate-image\" src=\"https:\/\/ae01.alicdn.com\/kf\/Sf8b19c42337d4d509dceaf03d7fc6e61S.jpg\" slate-data-type=\"image\"\/><img decoding=\"async\" style=\"margin-bottom:10px\" class=\"detail-desc-decorate-image\" src=\"https:\/\/ae01.alicdn.com\/kf\/S6753b077998e44838d33094a4fd1e6a5q.jpg\" slate-data-type=\"image\"\/><\/div>\n<div class=\"detailmodule_text-image\"><img decoding=\"async\" class=\"detail-desc-decorate-image\" src=\"https:\/\/ae01.alicdn.com\/kf\/S6a4eb09e0ab841f199ebb99c4a0ca5a2X.jpg\" slate-data-type=\"image\"\/><img decoding=\"async\" class=\"detail-desc-decorate-image\" src=\"https:\/\/ae01.alicdn.com\/kf\/S3f8621cc0c564faa90cc9823bbe93b30T.jpg\" slate-data-type=\"image\"\/><img decoding=\"async\" class=\"detail-desc-decorate-image\" src=\"https:\/\/ae01.alicdn.com\/kf\/S1403a3795e354661ae9137ad61cb2407E.jpg\" slate-data-type=\"image\"\/><img decoding=\"async\" class=\"detail-desc-decorate-image\" src=\"https:\/\/ae01.alicdn.com\/kf\/S8ecf0960d29e48c4afd615cb7486284ap.jpg\" slate-data-type=\"image\"\/><img decoding=\"async\" class=\"detail-desc-decorate-image\" src=\"https:\/\/ae01.alicdn.com\/kf\/S16dbac08b86e4b0197504c95d44ae749s.jpg\" slate-data-type=\"image\"\/><img decoding=\"async\" class=\"detail-desc-decorate-image\" src=\"https:\/\/ae01.alicdn.com\/kf\/S8fd7eb6c32a041e2aeb242e6186307e0e.jpg\" slate-data-type=\"image\"\/><\/div>\n<p><\/p>","protected":false},"excerpt":{"rendered":"<p>Forma: Caja de regalo T\u00e9cnicas: Esmerilado Material: Cer\u00e1mica Marca: YIMI Hookah Origen: RU(Origen) Art\u00edculo: Hookah Bowl Material: Cer\u00e1mica Pakcage: Caja de color Hookah Bowl Hecho en Rusia Nargile cer\u00e1mica<\/p>","protected":false},"featured_media":13250,"comment_status":"open","ping_status":"closed","template":"","meta":{"iawp_total_views":1,"_joinchat":[]},"product_brand":[],"product_cat":[370],"product_tag":[],"class_list":{"0":"post-13249","1":"product","2":"type-product","3":"status-publish","4":"has-post-thumbnail","6":"product_cat-hookah-bowl-wholesale","8":"first","9":"instock","10":"sale","11":"shipping-taxable","12":"purchasable","13":"product-type-variable"},"yoast_head":"<!-- This site is optimized with the Yoast SEO Premium plugin v24.7 (Yoast SEO v26.8) - https:\/\/yoast.com\/product\/yoast-seo-premium-wordpress\/ -->\n<title>2023 New Turkish Hookah Bowl Wholesale - Global Hookah<\/title>\n<meta name=\"robots\" content=\"index, follow, max-snippet:-1, max-image-preview:large, max-video-preview:-1\" \/>\n<link rel=\"canonical\" href=\"https:\/\/global-hookah.com\/es\/producto\/2023-new-turkish-hookah-bowl-wholesale\/\" \/>\n<meta property=\"og:locale\" content=\"es_ES\" \/>\n<meta property=\"og:type\" content=\"article\" \/>\n<meta property=\"og:title\" content=\"2023 New Turkish Hookah Bowl Wholesale\" \/>\n<meta property=\"og:description\" content=\"Shape:&nbsp;Gift Box Technics:&nbsp;Frosted Material:&nbsp;Ceramic Brand Name:&nbsp;YIMI Hookah Origin:&nbsp;RU(Origin) Item:&nbsp;Hookah Bowl Material:&nbsp;Ceramic Pakcage:&nbsp;Color Box Hookah Bowl Made in Russia Ceramic Nargile\" \/>\n<meta property=\"og:url\" content=\"https:\/\/global-hookah.com\/es\/producto\/2023-new-turkish-hookah-bowl-wholesale\/\" \/>\n<meta property=\"og:site_name\" content=\"Global Hookah\" \/>\n<meta property=\"article:modified_time\" content=\"2023-09-02T14:05:36+00:00\" \/>\n<meta property=\"og:image\" content=\"https:\/\/global-hookah.com\/wp-content\/uploads\/2023\/09\/2023-NEW-Hookah-Bowl-Made-in-Russia-Ceramic-Nargile-Sheesha-Narguile-Chicha-Cachimbas-Shisha-Phunnel-Bowl.jpg\" \/>\n\t<meta property=\"og:image:width\" content=\"800\" \/>\n\t<meta property=\"og:image:height\" content=\"800\" \/>\n\t<meta property=\"og:image:type\" content=\"image\/jpeg\" \/>\n<meta name=\"twitter:card\" content=\"summary_large_image\" \/>\n<script type=\"application\/ld+json\" class=\"yoast-schema-graph\">{\"@context\":\"https:\/\/schema.org\",\"@graph\":[{\"@type\":\"WebPage\",\"@id\":\"https:\/\/global-hookah.com\/product\/2023-new-turkish-hookah-bowl-wholesale\/\",\"url\":\"https:\/\/global-hookah.com\/product\/2023-new-turkish-hookah-bowl-wholesale\/\",\"name\":\"2023 New Turkish Hookah Bowl Wholesale - Global Hookah\",\"isPartOf\":{\"@id\":\"https:\/\/global-hookah.com\/#website\"},\"primaryImageOfPage\":{\"@id\":\"https:\/\/global-hookah.com\/product\/2023-new-turkish-hookah-bowl-wholesale\/#primaryimage\"},\"image\":{\"@id\":\"https:\/\/global-hookah.com\/product\/2023-new-turkish-hookah-bowl-wholesale\/#primaryimage\"},\"thumbnailUrl\":\"https:\/\/global-hookah.com\/wp-content\/uploads\/2023\/09\/2023-NEW-Hookah-Bowl-Made-in-Russia-Ceramic-Nargile-Sheesha-Narguile-Chicha-Cachimbas-Shisha-Phunnel-Bowl.jpg\",\"datePublished\":\"2023-09-02T14:05:32+00:00\",\"dateModified\":\"2023-09-02T14:05:36+00:00\",\"breadcrumb\":{\"@id\":\"https:\/\/global-hookah.com\/product\/2023-new-turkish-hookah-bowl-wholesale\/#breadcrumb\"},\"inLanguage\":\"es\",\"potentialAction\":[{\"@type\":\"ReadAction\",\"target\":[\"https:\/\/global-hookah.com\/product\/2023-new-turkish-hookah-bowl-wholesale\/\"]}]},{\"@type\":\"ImageObject\",\"inLanguage\":\"es\",\"@id\":\"https:\/\/global-hookah.com\/product\/2023-new-turkish-hookah-bowl-wholesale\/#primaryimage\",\"url\":\"https:\/\/global-hookah.com\/wp-content\/uploads\/2023\/09\/2023-NEW-Hookah-Bowl-Made-in-Russia-Ceramic-Nargile-Sheesha-Narguile-Chicha-Cachimbas-Shisha-Phunnel-Bowl.jpg\",\"contentUrl\":\"https:\/\/global-hookah.com\/wp-content\/uploads\/2023\/09\/2023-NEW-Hookah-Bowl-Made-in-Russia-Ceramic-Nargile-Sheesha-Narguile-Chicha-Cachimbas-Shisha-Phunnel-Bowl.jpg\",\"width\":800,\"height\":800},{\"@type\":\"BreadcrumbList\",\"@id\":\"https:\/\/global-hookah.com\/product\/2023-new-turkish-hookah-bowl-wholesale\/#breadcrumb\",\"itemListElement\":[{\"@type\":\"ListItem\",\"position\":1,\"name\":\"Home\",\"item\":\"https:\/\/global-hookah.com\/\"},{\"@type\":\"ListItem\",\"position\":2,\"name\":\"Shop\",\"item\":\"https:\/\/global-hookah.com\/shop\/\"},{\"@type\":\"ListItem\",\"position\":3,\"name\":\"2023 New Turkish Hookah Bowl Wholesale\"}]},{\"@type\":\"WebSite\",\"@id\":\"https:\/\/global-hookah.com\/#website\",\"url\":\"https:\/\/global-hookah.com\/\",\"name\":\"Global Hookah\",\"description\":\"Global Hookah\",\"publisher\":{\"@id\":\"https:\/\/global-hookah.com\/#organization\"},\"potentialAction\":[{\"@type\":\"SearchAction\",\"target\":{\"@type\":\"EntryPoint\",\"urlTemplate\":\"https:\/\/global-hookah.com\/?s={search_term_string}\"},\"query-input\":{\"@type\":\"PropertyValueSpecification\",\"valueRequired\":true,\"valueName\":\"search_term_string\"}}],\"inLanguage\":\"es\"},{\"@type\":\"Organization\",\"@id\":\"https:\/\/global-hookah.com\/#organization\",\"name\":\"Global Hookah\",\"url\":\"https:\/\/global-hookah.com\/\",\"logo\":{\"@type\":\"ImageObject\",\"inLanguage\":\"es\",\"@id\":\"https:\/\/global-hookah.com\/#\/schema\/logo\/image\/\",\"url\":\"https:\/\/global-hookah.com\/wp-content\/uploads\/2021\/10\/cropped-fgg.png\",\"contentUrl\":\"https:\/\/global-hookah.com\/wp-content\/uploads\/2021\/10\/cropped-fgg.png\",\"width\":512,\"height\":512,\"caption\":\"Global Hookah\"},\"image\":{\"@id\":\"https:\/\/global-hookah.com\/#\/schema\/logo\/image\/\"}}]}<\/script>\n<!-- \/ Yoast SEO Premium plugin. -->","yoast_head_json":{"title":"2023 Nuevo turco Hookah Bowl al por mayor - Global Hookah","robots":{"index":"index","follow":"follow","max-snippet":"max-snippet:-1","max-image-preview":"max-image-preview:large","max-video-preview":"max-video-preview:-1"},"canonical":"https:\/\/global-hookah.com\/es\/producto\/2023-new-turkish-hookah-bowl-wholesale\/","og_locale":"es_ES","og_type":"article","og_title":"2023 New Turkish Hookah Bowl Wholesale","og_description":"Shape:&nbsp;Gift Box Technics:&nbsp;Frosted Material:&nbsp;Ceramic Brand Name:&nbsp;YIMI Hookah Origin:&nbsp;RU(Origin) Item:&nbsp;Hookah Bowl Material:&nbsp;Ceramic Pakcage:&nbsp;Color Box Hookah Bowl Made in Russia Ceramic Nargile","og_url":"https:\/\/global-hookah.com\/es\/producto\/2023-new-turkish-hookah-bowl-wholesale\/","og_site_name":"Global Hookah","article_modified_time":"2023-09-02T14:05:36+00:00","og_image":[{"width":800,"height":800,"url":"https:\/\/global-hookah.com\/wp-content\/uploads\/2023\/09\/2023-NEW-Hookah-Bowl-Made-in-Russia-Ceramic-Nargile-Sheesha-Narguile-Chicha-Cachimbas-Shisha-Phunnel-Bowl.jpg","type":"image\/jpeg"}],"twitter_card":"summary_large_image","schema":{"@context":"https:\/\/schema.org","@graph":[{"@type":"WebPage","@id":"https:\/\/global-hookah.com\/product\/2023-new-turkish-hookah-bowl-wholesale\/","url":"https:\/\/global-hookah.com\/product\/2023-new-turkish-hookah-bowl-wholesale\/","name":"2023 Nuevo turco Hookah Bowl al por mayor - Global Hookah","isPartOf":{"@id":"https:\/\/global-hookah.com\/#website"},"primaryImageOfPage":{"@id":"https:\/\/global-hookah.com\/product\/2023-new-turkish-hookah-bowl-wholesale\/#primaryimage"},"image":{"@id":"https:\/\/global-hookah.com\/product\/2023-new-turkish-hookah-bowl-wholesale\/#primaryimage"},"thumbnailUrl":"https:\/\/global-hookah.com\/wp-content\/uploads\/2023\/09\/2023-NEW-Hookah-Bowl-Made-in-Russia-Ceramic-Nargile-Sheesha-Narguile-Chicha-Cachimbas-Shisha-Phunnel-Bowl.jpg","datePublished":"2023-09-02T14:05:32+00:00","dateModified":"2023-09-02T14:05:36+00:00","breadcrumb":{"@id":"https:\/\/global-hookah.com\/product\/2023-new-turkish-hookah-bowl-wholesale\/#breadcrumb"},"inLanguage":"es","potentialAction":[{"@type":"ReadAction","target":["https:\/\/global-hookah.com\/product\/2023-new-turkish-hookah-bowl-wholesale\/"]}]},{"@type":"ImageObject","inLanguage":"es","@id":"https:\/\/global-hookah.com\/product\/2023-new-turkish-hookah-bowl-wholesale\/#primaryimage","url":"https:\/\/global-hookah.com\/wp-content\/uploads\/2023\/09\/2023-NEW-Hookah-Bowl-Made-in-Russia-Ceramic-Nargile-Sheesha-Narguile-Chicha-Cachimbas-Shisha-Phunnel-Bowl.jpg","contentUrl":"https:\/\/global-hookah.com\/wp-content\/uploads\/2023\/09\/2023-NEW-Hookah-Bowl-Made-in-Russia-Ceramic-Nargile-Sheesha-Narguile-Chicha-Cachimbas-Shisha-Phunnel-Bowl.jpg","width":800,"height":800},{"@type":"BreadcrumbList","@id":"https:\/\/global-hookah.com\/product\/2023-new-turkish-hookah-bowl-wholesale\/#breadcrumb","itemListElement":[{"@type":"ListItem","position":1,"name":"Home","item":"https:\/\/global-hookah.com\/"},{"@type":"ListItem","position":2,"name":"Shop","item":"https:\/\/global-hookah.com\/shop\/"},{"@type":"ListItem","position":3,"name":"2023 New Turkish Hookah Bowl Wholesale"}]},{"@type":"WebSite","@id":"https:\/\/global-hookah.com\/#website","url":"https:\/\/global-hookah.com\/","name":"Global Hookah","description":"Global Hookah","publisher":{"@id":"https:\/\/global-hookah.com\/#organization"},"potentialAction":[{"@type":"SearchAction","target":{"@type":"EntryPoint","urlTemplate":"https:\/\/global-hookah.com\/?s={search_term_string}"},"query-input":{"@type":"PropertyValueSpecification","valueRequired":true,"valueName":"search_term_string"}}],"inLanguage":"es"},{"@type":"Organization","@id":"https:\/\/global-hookah.com\/#organization","name":"Global Hookah","url":"https:\/\/global-hookah.com\/","logo":{"@type":"ImageObject","inLanguage":"es","@id":"https:\/\/global-hookah.com\/#\/schema\/logo\/image\/","url":"https:\/\/global-hookah.com\/wp-content\/uploads\/2021\/10\/cropped-fgg.png","contentUrl":"https:\/\/global-hookah.com\/wp-content\/uploads\/2021\/10\/cropped-fgg.png","width":512,"height":512,"caption":"Global Hookah"},"image":{"@id":"https:\/\/global-hookah.com\/#\/schema\/logo\/image\/"}}]}},"_links":{"self":[{"href":"https:\/\/global-hookah.com\/es\/wp-json\/wp\/v2\/product\/13249","targetHints":{"allow":["GET"]}}],"collection":[{"href":"https:\/\/global-hookah.com\/es\/wp-json\/wp\/v2\/product"}],"about":[{"href":"https:\/\/global-hookah.com\/es\/wp-json\/wp\/v2\/types\/product"}],"replies":[{"embeddable":true,"href":"https:\/\/global-hookah.com\/es\/wp-json\/wp\/v2\/comments?post=13249"}],"version-history":[{"count":0,"href":"https:\/\/global-hookah.com\/es\/wp-json\/wp\/v2\/product\/13249\/revisions"}],"wp:featuredmedia":[{"embeddable":true,"href":"https:\/\/global-hookah.com\/es\/wp-json\/wp\/v2\/media\/13250"}],"wp:attachment":[{"href":"https:\/\/global-hookah.com\/es\/wp-json\/wp\/v2\/media?parent=13249"}],"wp:term":[{"taxonomy":"product_brand","embeddable":true,"href":"https:\/\/global-hookah.com\/es\/wp-json\/wp\/v2\/product_brand?post=13249"},{"taxonomy":"product_cat","embeddable":true,"href":"https:\/\/global-hookah.com\/es\/wp-json\/wp\/v2\/product_cat?post=13249"},{"taxonomy":"product_tag","embeddable":true,"href":"https:\/\/global-hookah.com\/es\/wp-json\/wp\/v2\/product_tag?post=13249"}],"curies":[{"name":"wp","href":"https:\/\/api.w.org\/{rel}","templated":true}]}}