{"id":13257,"date":"2023-09-02T14:07:01","date_gmt":"2023-09-02T14:07:01","guid":{"rendered":"https:\/\/global-hookah.com\/product\/silicone-hookah-bowl-wholesale\/"},"modified":"2024-04-26T08:16:41","modified_gmt":"2024-04-26T08:16:41","slug":"silicone-hookah-bowl-wholesale","status":"publish","type":"product","link":"https:\/\/global-hookah.com\/es\/producto\/silicone-hookah-bowl-wholesale\/","title":{"rendered":"Cuenco de silicona para narguile al por mayor"},"content":{"rendered":"<div class=\"product-specs-list-container\">\n<p><span data-preserver-spaces=\"true\">Cuando vi esto por primera vez\u00a0<\/span><strong><span data-preserver-spaces=\"true\">cuenco hookah de silicona<\/span><\/strong><span data-preserver-spaces=\"true\">, me sent\u00ed muy\u00a0<\/span><span data-preserver-spaces=\"true\">incre\u00edble<\/span><span data-preserver-spaces=\"true\">. Y el material de silicona lo hace muy duradero, as\u00ed que me\u00a0<\/span><span data-preserver-spaces=\"true\">no<\/span><span data-preserver-spaces=\"true\">\u00a0tienen que preocuparse <a href=\"https:\/\/global-hookah.com\/product-category\/hookah-accessories-wholesale\/hookah-bowl-wholesale\/\">bol de cristal<\/a> \u00a1cayendo y rompi\u00e9ndose! Lo que m\u00e1s me emociona\u00a0<\/span><span data-preserver-spaces=\"true\">S\u00ed<\/span><span data-preserver-spaces=\"true\">\u00a0La limpieza es pan comido -\u00a0<\/span><span data-preserver-spaces=\"true\">s\u00f3lo<\/span><span data-preserver-spaces=\"true\">\u00a0m\u00e9telo en el lavavajillas o l\u00e1valo a mano.\u00a0<\/span><span data-preserver-spaces=\"true\">Mucho<\/span><span data-preserver-spaces=\"true\">\u00a0m\u00e1s f\u00e1cil que fregar un cristal delicado.<\/span><\/p>\n<p><span data-preserver-spaces=\"true\">La silicona de alta calidad tambi\u00e9n resiste el calor. Puede envasar taz\u00f3n tras taz\u00f3n conservando\u00a0<\/span><span data-preserver-spaces=\"true\">incre\u00edble<\/span><span data-preserver-spaces=\"true\">\u00a0sabor. M\u00e1s\u00a0<\/span><span data-preserver-spaces=\"true\">el<\/span><span data-preserver-spaces=\"true\">\u00a0El dise\u00f1o en espiral tambi\u00e9n evita las fugas de melaza. De principio a fin,\u00a0<\/span><span data-preserver-spaces=\"true\">usted<\/span><span data-preserver-spaces=\"true\">\u00a0conseguir sabores ricos y consistentes.<\/span><\/p>\n<p><span data-preserver-spaces=\"true\">A diferencia de los cuencos de cer\u00e1mica normales, el material de silicona prolonga eficazmente el tiempo de retenci\u00f3n de humedad de la shisha, evitando que el tabaco se seque prematuramente. El dispositivo de gesti\u00f3n del calor HMD adjunto tambi\u00e9n est\u00e1 ingeniosamente dise\u00f1ado por nosotros, permitiendo que el carb\u00f3n arda\u00a0<\/span><span data-preserver-spaces=\"true\">totalmente<\/span><span data-preserver-spaces=\"true\">\u00a0y proporcionan un calentamiento duradero y uniforme. De este modo\u00a0<\/span><span data-preserver-spaces=\"true\">usted<\/span><span data-preserver-spaces=\"true\">\u00a0puede disfrutar tanto de la dicha de un humo fragante y voluminoso como ahorrar en shisha y carb\u00f3n, prolongando su tiempo de fumar. Por lo tanto\u00a0<\/span><span data-preserver-spaces=\"true\">usted<\/span><span data-preserver-spaces=\"true\">\u00a0puede girar c\u00f3modamente la cazoleta de silicona del narguile sobre el dispositivo de calentamiento. El corte transversal y las ranuras de ventilaci\u00f3n optimizan el flujo de aire para las caladas m\u00e1s suaves y deliciosas. \u00a1Qu\u00e9 incre\u00edble!<\/span><\/p>\n<p><span data-preserver-spaces=\"true\">Limpieza\u00a0<\/span><span data-preserver-spaces=\"true\">sabio<\/span><span data-preserver-spaces=\"true\">\u00a0<\/span><span data-preserver-spaces=\"true\">el<\/span><span data-preserver-spaces=\"true\">\u00a0material de silicona del\u00a0<\/span><strong><span data-preserver-spaces=\"true\">silicona<\/span><span data-preserver-spaces=\"true\">\u00a0cuenco de narguile<\/span><\/strong><span data-preserver-spaces=\"true\">\u00a0tambi\u00e9n es estelar, ya que no requiere cepillos ni otras herramientas para eliminar los residuos, sino un simple aclarado.<\/span><\/p>\n<\/div>\n<div class=\"detailmodule_image\"><img decoding=\"async\" class=\"detail-desc-decorate-image\" style=\"margin-bottom: 10px;\" src=\"https:\/\/ae01.alicdn.com\/kf\/S338e7bcc8f4e4ebfa78b606438f10422v.jpg\" \/><img decoding=\"async\" class=\"detail-desc-decorate-image\" style=\"margin-bottom: 10px;\" src=\"https:\/\/ae01.alicdn.com\/kf\/S4de301e308e942a08f0bd76382e0e7eaH.jpg\" \/><img decoding=\"async\" class=\"detail-desc-decorate-image\" style=\"margin-bottom: 10px;\" src=\"https:\/\/ae01.alicdn.com\/kf\/S4b14faccd50a4326b378d2fed2bee25ek.jpg\" \/><img decoding=\"async\" class=\"detail-desc-decorate-image\" style=\"margin-bottom: 10px;\" src=\"https:\/\/ae01.alicdn.com\/kf\/Sa3b7aa655ee64469a1f44c00e300aeb3N.jpg\" \/><img decoding=\"async\" class=\"detail-desc-decorate-image\" style=\"margin-bottom: 10px;\" src=\"https:\/\/ae01.alicdn.com\/kf\/Sa1d02a4b221e4da98df901df340b22b0p.jpg\" \/><img decoding=\"async\" class=\"detail-desc-decorate-image\" style=\"margin-bottom: 10px;\" src=\"https:\/\/ae01.alicdn.com\/kf\/Sd221b7e7d0da4f6d91caa815141a29e31.jpg\" \/><\/div>\n<div class=\"detailmodule_image\"><img decoding=\"async\" class=\"detail-desc-decorate-image\" src=\"https:\/\/ae01.alicdn.com\/kf\/HTB1W7QfdgmTBuNjy1Xbq6yMrVXar.jpg\" \/><\/div>\n<div class=\"detailmodule_image\"><\/div>\n<p>&nbsp;<\/p>","protected":false},"excerpt":{"rendered":"<p>Cuando vi por primera vez este cuenco de silicona hookah, me sent\u00ed muy incre\u00edble. Y el material de silicona hace que sea muy duradero, as\u00ed que no tengo<\/p>","protected":false},"featured_media":13258,"comment_status":"open","ping_status":"closed","template":"","meta":{"iawp_total_views":4,"_joinchat":[]},"product_brand":[],"product_cat":[370],"product_tag":[],"class_list":{"0":"post-13257","1":"product","2":"type-product","3":"status-publish","4":"has-post-thumbnail","6":"product_cat-hookah-bowl-wholesale","8":"first","9":"instock","10":"shipping-taxable","11":"product-type-external"},"yoast_head":"<!-- This site is optimized with the Yoast SEO Premium plugin v24.7 (Yoast SEO v26.8) - https:\/\/yoast.com\/product\/yoast-seo-premium-wordpress\/ -->\n<title>Silicone Hookah Bowl Wholesale - Global Hookah<\/title>\n<meta name=\"robots\" content=\"index, follow, max-snippet:-1, max-image-preview:large, max-video-preview:-1\" \/>\n<link rel=\"canonical\" href=\"https:\/\/global-hookah.com\/es\/producto\/silicone-hookah-bowl-wholesale\/\" \/>\n<meta property=\"og:locale\" content=\"es_ES\" \/>\n<meta property=\"og:type\" content=\"article\" \/>\n<meta property=\"og:title\" content=\"Silicone Hookah Bowl Wholesale\" \/>\n<meta property=\"og:description\" content=\"When I first saw this\u00a0silicone hookah bowl, I felt very\u00a0amazing. And the silicone material makes it very durable, so I\u00a0don&#8217;t\u00a0have\" \/>\n<meta property=\"og:url\" content=\"https:\/\/global-hookah.com\/es\/producto\/silicone-hookah-bowl-wholesale\/\" \/>\n<meta property=\"og:site_name\" content=\"Global Hookah\" \/>\n<meta property=\"article:modified_time\" content=\"2024-04-26T08:16:41+00:00\" \/>\n<meta property=\"og:image\" content=\"https:\/\/global-hookah.com\/wp-content\/uploads\/2023\/09\/Hookah-Silicone-Head-Bowl-With-Heat-Management-Shisha-Nargile-Sheesha-Narguile-Chicha-Cachimbas-Accessories.jpg\" \/>\n\t<meta property=\"og:image:width\" content=\"800\" \/>\n\t<meta property=\"og:image:height\" content=\"800\" \/>\n\t<meta property=\"og:image:type\" content=\"image\/jpeg\" \/>\n<meta name=\"twitter:card\" content=\"summary_large_image\" \/>\n<meta name=\"twitter:label1\" content=\"Tiempo de lectura\" \/>\n\t<meta name=\"twitter:data1\" content=\"3 minutos\" \/>\n<script type=\"application\/ld+json\" class=\"yoast-schema-graph\">{\"@context\":\"https:\/\/schema.org\",\"@graph\":[{\"@type\":\"WebPage\",\"@id\":\"https:\/\/global-hookah.com\/product\/silicone-hookah-bowl-wholesale\/\",\"url\":\"https:\/\/global-hookah.com\/product\/silicone-hookah-bowl-wholesale\/\",\"name\":\"Silicone Hookah Bowl Wholesale - Global Hookah\",\"isPartOf\":{\"@id\":\"https:\/\/global-hookah.com\/#website\"},\"primaryImageOfPage\":{\"@id\":\"https:\/\/global-hookah.com\/product\/silicone-hookah-bowl-wholesale\/#primaryimage\"},\"image\":{\"@id\":\"https:\/\/global-hookah.com\/product\/silicone-hookah-bowl-wholesale\/#primaryimage\"},\"thumbnailUrl\":\"https:\/\/global-hookah.com\/wp-content\/uploads\/2023\/09\/Hookah-Silicone-Head-Bowl-With-Heat-Management-Shisha-Nargile-Sheesha-Narguile-Chicha-Cachimbas-Accessories.jpg\",\"datePublished\":\"2023-09-02T14:07:01+00:00\",\"dateModified\":\"2024-04-26T08:16:41+00:00\",\"breadcrumb\":{\"@id\":\"https:\/\/global-hookah.com\/product\/silicone-hookah-bowl-wholesale\/#breadcrumb\"},\"inLanguage\":\"es\",\"potentialAction\":[{\"@type\":\"ReadAction\",\"target\":[\"https:\/\/global-hookah.com\/product\/silicone-hookah-bowl-wholesale\/\"]}]},{\"@type\":\"ImageObject\",\"inLanguage\":\"es\",\"@id\":\"https:\/\/global-hookah.com\/product\/silicone-hookah-bowl-wholesale\/#primaryimage\",\"url\":\"https:\/\/global-hookah.com\/wp-content\/uploads\/2023\/09\/Hookah-Silicone-Head-Bowl-With-Heat-Management-Shisha-Nargile-Sheesha-Narguile-Chicha-Cachimbas-Accessories.jpg\",\"contentUrl\":\"https:\/\/global-hookah.com\/wp-content\/uploads\/2023\/09\/Hookah-Silicone-Head-Bowl-With-Heat-Management-Shisha-Nargile-Sheesha-Narguile-Chicha-Cachimbas-Accessories.jpg\",\"width\":800,\"height\":800,\"caption\":\"Silicone Hookah Bowl Wholesale\"},{\"@type\":\"BreadcrumbList\",\"@id\":\"https:\/\/global-hookah.com\/product\/silicone-hookah-bowl-wholesale\/#breadcrumb\",\"itemListElement\":[{\"@type\":\"ListItem\",\"position\":1,\"name\":\"Home\",\"item\":\"https:\/\/global-hookah.com\/\"},{\"@type\":\"ListItem\",\"position\":2,\"name\":\"Shop\",\"item\":\"https:\/\/global-hookah.com\/shop\/\"},{\"@type\":\"ListItem\",\"position\":3,\"name\":\"Silicone Hookah Bowl Wholesale\"}]},{\"@type\":\"WebSite\",\"@id\":\"https:\/\/global-hookah.com\/#website\",\"url\":\"https:\/\/global-hookah.com\/\",\"name\":\"Global Hookah\",\"description\":\"Global Hookah\",\"publisher\":{\"@id\":\"https:\/\/global-hookah.com\/#organization\"},\"potentialAction\":[{\"@type\":\"SearchAction\",\"target\":{\"@type\":\"EntryPoint\",\"urlTemplate\":\"https:\/\/global-hookah.com\/?s={search_term_string}\"},\"query-input\":{\"@type\":\"PropertyValueSpecification\",\"valueRequired\":true,\"valueName\":\"search_term_string\"}}],\"inLanguage\":\"es\"},{\"@type\":\"Organization\",\"@id\":\"https:\/\/global-hookah.com\/#organization\",\"name\":\"Global Hookah\",\"url\":\"https:\/\/global-hookah.com\/\",\"logo\":{\"@type\":\"ImageObject\",\"inLanguage\":\"es\",\"@id\":\"https:\/\/global-hookah.com\/#\/schema\/logo\/image\/\",\"url\":\"https:\/\/global-hookah.com\/wp-content\/uploads\/2021\/10\/cropped-fgg.png\",\"contentUrl\":\"https:\/\/global-hookah.com\/wp-content\/uploads\/2021\/10\/cropped-fgg.png\",\"width\":512,\"height\":512,\"caption\":\"Global Hookah\"},\"image\":{\"@id\":\"https:\/\/global-hookah.com\/#\/schema\/logo\/image\/\"}}]}<\/script>\n<!-- \/ Yoast SEO Premium plugin. -->","yoast_head_json":{"title":"Taz\u00f3n de silicona para narguile al por mayor - Global Hookah","robots":{"index":"index","follow":"follow","max-snippet":"max-snippet:-1","max-image-preview":"max-image-preview:large","max-video-preview":"max-video-preview:-1"},"canonical":"https:\/\/global-hookah.com\/es\/producto\/silicone-hookah-bowl-wholesale\/","og_locale":"es_ES","og_type":"article","og_title":"Silicone Hookah Bowl Wholesale","og_description":"When I first saw this\u00a0silicone hookah bowl, I felt very\u00a0amazing. And the silicone material makes it very durable, so I\u00a0don&#8217;t\u00a0have","og_url":"https:\/\/global-hookah.com\/es\/producto\/silicone-hookah-bowl-wholesale\/","og_site_name":"Global Hookah","article_modified_time":"2024-04-26T08:16:41+00:00","og_image":[{"width":800,"height":800,"url":"https:\/\/global-hookah.com\/wp-content\/uploads\/2023\/09\/Hookah-Silicone-Head-Bowl-With-Heat-Management-Shisha-Nargile-Sheesha-Narguile-Chicha-Cachimbas-Accessories.jpg","type":"image\/jpeg"}],"twitter_card":"summary_large_image","twitter_misc":{"Tiempo de lectura":"3 minutos"},"schema":{"@context":"https:\/\/schema.org","@graph":[{"@type":"WebPage","@id":"https:\/\/global-hookah.com\/product\/silicone-hookah-bowl-wholesale\/","url":"https:\/\/global-hookah.com\/product\/silicone-hookah-bowl-wholesale\/","name":"Taz\u00f3n de silicona para narguile al por mayor - Global Hookah","isPartOf":{"@id":"https:\/\/global-hookah.com\/#website"},"primaryImageOfPage":{"@id":"https:\/\/global-hookah.com\/product\/silicone-hookah-bowl-wholesale\/#primaryimage"},"image":{"@id":"https:\/\/global-hookah.com\/product\/silicone-hookah-bowl-wholesale\/#primaryimage"},"thumbnailUrl":"https:\/\/global-hookah.com\/wp-content\/uploads\/2023\/09\/Hookah-Silicone-Head-Bowl-With-Heat-Management-Shisha-Nargile-Sheesha-Narguile-Chicha-Cachimbas-Accessories.jpg","datePublished":"2023-09-02T14:07:01+00:00","dateModified":"2024-04-26T08:16:41+00:00","breadcrumb":{"@id":"https:\/\/global-hookah.com\/product\/silicone-hookah-bowl-wholesale\/#breadcrumb"},"inLanguage":"es","potentialAction":[{"@type":"ReadAction","target":["https:\/\/global-hookah.com\/product\/silicone-hookah-bowl-wholesale\/"]}]},{"@type":"ImageObject","inLanguage":"es","@id":"https:\/\/global-hookah.com\/product\/silicone-hookah-bowl-wholesale\/#primaryimage","url":"https:\/\/global-hookah.com\/wp-content\/uploads\/2023\/09\/Hookah-Silicone-Head-Bowl-With-Heat-Management-Shisha-Nargile-Sheesha-Narguile-Chicha-Cachimbas-Accessories.jpg","contentUrl":"https:\/\/global-hookah.com\/wp-content\/uploads\/2023\/09\/Hookah-Silicone-Head-Bowl-With-Heat-Management-Shisha-Nargile-Sheesha-Narguile-Chicha-Cachimbas-Accessories.jpg","width":800,"height":800,"caption":"Silicone Hookah Bowl Wholesale"},{"@type":"BreadcrumbList","@id":"https:\/\/global-hookah.com\/product\/silicone-hookah-bowl-wholesale\/#breadcrumb","itemListElement":[{"@type":"ListItem","position":1,"name":"Home","item":"https:\/\/global-hookah.com\/"},{"@type":"ListItem","position":2,"name":"Shop","item":"https:\/\/global-hookah.com\/shop\/"},{"@type":"ListItem","position":3,"name":"Silicone Hookah Bowl Wholesale"}]},{"@type":"WebSite","@id":"https:\/\/global-hookah.com\/#website","url":"https:\/\/global-hookah.com\/","name":"Global Hookah","description":"Global Hookah","publisher":{"@id":"https:\/\/global-hookah.com\/#organization"},"potentialAction":[{"@type":"SearchAction","target":{"@type":"EntryPoint","urlTemplate":"https:\/\/global-hookah.com\/?s={search_term_string}"},"query-input":{"@type":"PropertyValueSpecification","valueRequired":true,"valueName":"search_term_string"}}],"inLanguage":"es"},{"@type":"Organization","@id":"https:\/\/global-hookah.com\/#organization","name":"Global Hookah","url":"https:\/\/global-hookah.com\/","logo":{"@type":"ImageObject","inLanguage":"es","@id":"https:\/\/global-hookah.com\/#\/schema\/logo\/image\/","url":"https:\/\/global-hookah.com\/wp-content\/uploads\/2021\/10\/cropped-fgg.png","contentUrl":"https:\/\/global-hookah.com\/wp-content\/uploads\/2021\/10\/cropped-fgg.png","width":512,"height":512,"caption":"Global Hookah"},"image":{"@id":"https:\/\/global-hookah.com\/#\/schema\/logo\/image\/"}}]}},"_links":{"self":[{"href":"https:\/\/global-hookah.com\/es\/wp-json\/wp\/v2\/product\/13257","targetHints":{"allow":["GET"]}}],"collection":[{"href":"https:\/\/global-hookah.com\/es\/wp-json\/wp\/v2\/product"}],"about":[{"href":"https:\/\/global-hookah.com\/es\/wp-json\/wp\/v2\/types\/product"}],"replies":[{"embeddable":true,"href":"https:\/\/global-hookah.com\/es\/wp-json\/wp\/v2\/comments?post=13257"}],"version-history":[{"count":0,"href":"https:\/\/global-hookah.com\/es\/wp-json\/wp\/v2\/product\/13257\/revisions"}],"wp:featuredmedia":[{"embeddable":true,"href":"https:\/\/global-hookah.com\/es\/wp-json\/wp\/v2\/media\/13258"}],"wp:attachment":[{"href":"https:\/\/global-hookah.com\/es\/wp-json\/wp\/v2\/media?parent=13257"}],"wp:term":[{"taxonomy":"product_brand","embeddable":true,"href":"https:\/\/global-hookah.com\/es\/wp-json\/wp\/v2\/product_brand?post=13257"},{"taxonomy":"product_cat","embeddable":true,"href":"https:\/\/global-hookah.com\/es\/wp-json\/wp\/v2\/product_cat?post=13257"},{"taxonomy":"product_tag","embeddable":true,"href":"https:\/\/global-hookah.com\/es\/wp-json\/wp\/v2\/product_tag?post=13257"}],"curies":[{"name":"wp","href":"https:\/\/api.w.org\/{rel}","templated":true}]}}