{"id":13302,"date":"2023-09-02T14:26:44","date_gmt":"2023-09-02T14:26:44","guid":{"rendered":"https:\/\/global-hookah.com\/product\/new-metal-hookah-bowl-wholesale\/"},"modified":"2023-09-02T14:26:50","modified_gmt":"2023-09-02T14:26:50","slug":"new-metal-hookah-bowl-wholesale","status":"publish","type":"product","link":"https:\/\/global-hookah.com\/es\/producto\/new-metal-hookah-bowl-wholesale\/","title":{"rendered":"Nuevo Metal Hookah Bowl al por mayor"},"content":{"rendered":"<div class=\"product-specs-list-container\">\n<ul class=\"product-specs-list util-clearfix\">\n<li class=\"product-prop line-limit-length\"><span\n                                    class=\"property-title\">Forma:&nbsp;<\/span><span\n                                    class=\"property-desc line-limit-length\">Tipo recto<\/span>\n                        <\/li>\n<li class=\"product-prop line-limit-length\"><span\n                                    class=\"property-title\">T\u00e9cnica:&nbsp;<\/span><span\n                                    class=\"property-desc line-limit-length\">ESPEJO<\/span>\n                        <\/li>\n<li class=\"product-prop line-limit-length\"><span\n                                    class=\"property-title\">Material:&nbsp;<\/span><span\n                                    class=\"property-desc line-limit-length\">aleaci\u00f3n de aluminio<\/span>\n                        <\/li>\n<li class=\"product-prop line-limit-length\"><span\n                                    class=\"property-title\">Origen:&nbsp;<\/span><span\n                                    class=\"property-desc line-limit-length\">China continental<\/span>\n                        <\/li>\n<li class=\"product-prop line-limit-length\"><span\n                                    class=\"property-title\">Is_customized:&nbsp;<\/span><span\n                                    class=\"property-desc line-limit-length\">S\u00ed<\/span>\n                        <\/li>\n<li class=\"product-prop line-limit-length\"><span\n                                    class=\"property-title\">1:&nbsp;<\/span><span\n                                    class=\"property-desc line-limit-length\">Venta al por menor<\/span>\n                        <\/li>\n<li class=\"product-prop line-limit-length\"><span\n                                    class=\"property-title\">2:&nbsp;<\/span><span\n                                    class=\"property-desc line-limit-length\">Env\u00edos directos<\/span>\n                        <\/li>\n<li class=\"product-prop line-limit-length\"><span\n                                    class=\"property-title\">3:&nbsp;<\/span><span\n                                    class=\"property-desc line-limit-length\">Venta al por mayor<\/span>\n                        <\/li>\n<li class=\"product-prop line-limit-length\"><span\n                                    class=\"property-title\">4:&nbsp;<\/span><span\n                                    class=\"property-desc line-limit-length\">OEM Logotipo personalizado<\/span>\n                        <\/li>\n<li class=\"product-prop line-limit-length\"><span\n                                    class=\"property-title\">Di\u00e1metro:&nbsp;<\/span><span\n                                    class=\"property-desc line-limit-length\">74 mm<\/span>\n                        <\/li>\n<li class=\"product-prop line-limit-length\"><span\n                                    class=\"property-title\">Color:&nbsp;<\/span><span\n                                    class=\"property-desc line-limit-length\">Plata<\/span>\n                        <\/li>\n<li class=\"product-prop line-limit-length\"><span\n                                    class=\"property-title\">Embalaje:&nbsp;<\/span><span\n                                    class=\"property-desc line-limit-length\">Caja de color<\/span>\n                        <\/li>\n<\/ul><\/div>\n<div class=\"detailmodule_html\">\n<div class=\"detail-desc-decorate-richtext\">\n<div>\n<p style=\"font-size:20px\">Recordatorio:<\/p>\n<p>1. Dado que los colores se muestran de forma diferente en los distintos ordenadores, el color del art\u00edculo real puede variar ligeramente con respecto a las im\u00e1genes anteriores.<\/p>\n<p>2. Por favor, permita 1-3cm difiere debido a la medici\u00f3n manual.<\/p>\n<p>3. Si el producto est\u00e1 da\u00f1ado durante el env\u00edo, p\u00f3ngase en contacto con nosotros antes de dejar comentarios.<\/p>\n<p>Gracias por su comprensi\u00f3n.<\/p>\n<p>\nAviso:<\/p>\n<p>\u00a1Podemos aceptar pedidos OEM! \u00a1Si necesita personalizar, por favor p\u00f3ngase en contacto con nosotros a trav\u00e9s de la carta de la estaci\u00f3n !<\/p>\n<div><img decoding=\"async\" class=\"detail-desc-decorate-image\" referrerpolicy=\"no-referrer\" slate-data-type=\"image\" src=\"https:\/\/ae01.alicdn.com\/kf\/S3b9c443cd70d432685ccc51525b40168O.jpg?width=1000&#038;height=1000&#038;hash=2000\" style=\"margin-bottom:10px\"> <img decoding=\"async\" class=\"detail-desc-decorate-image\" referrerpolicy=\"no-referrer\" slate-data-type=\"image\" src=\"https:\/\/ae01.alicdn.com\/kf\/S65e8f7e4f7dd424caa9f14bb660ff6d9T.jpg?width=1000&#038;height=1000&#038;hash=2000\" style=\"margin-bottom:10px\"> <img decoding=\"async\" class=\"detail-desc-decorate-image\" referrerpolicy=\"no-referrer\" slate-data-type=\"image\" src=\"https:\/\/ae01.alicdn.com\/kf\/S84da8a51d9c448aa8dba3cc434f5ecb9y.jpg?width=1000&#038;height=1000&#038;hash=2000\" style=\"margin-bottom:10px\"> <img decoding=\"async\" class=\"detail-desc-decorate-image\" referrerpolicy=\"no-referrer\" slate-data-type=\"image\" src=\"https:\/\/ae01.alicdn.com\/kf\/S5a52ee9a11ac4caaa2baa42f016f5284h.jpg?width=1000&#038;height=1000&#038;hash=2000\" style=\"margin-bottom:10px\"> <img decoding=\"async\" class=\"detail-desc-decorate-image\" referrerpolicy=\"no-referrer\" slate-data-type=\"image\" src=\"https:\/\/ae01.alicdn.com\/kf\/S287ba046c25e4ec0ba1eae8e4814107d1.jpg?width=1000&#038;height=1000&#038;hash=2000\" style=\"margin-bottom:10px\"> <img decoding=\"async\" class=\"detail-desc-decorate-image\" referrerpolicy=\"no-referrer\" slate-data-type=\"image\" src=\"https:\/\/ae01.alicdn.com\/kf\/Sbd86abe05a92424b82f4746ae10c81b6j.jpg?width=1000&#038;height=1000&#038;hash=2000\" style=\"margin-bottom:10px\"><\/div>\n<\/div>\n<\/div>\n<\/div>","protected":false},"excerpt":{"rendered":"<p>Forma: Tipo recto T\u00e9cnicas: ESPEJO Material: aleaci\u00f3n de aluminio Origen: China continental Is_customized: S\u00ed 1: Venta al por menor 2: Drop shipping 3: Venta al por mayor 4: OEM Logotipo personalizado Di\u00e1metro: 74mm Color: Plata Embalaje: Caja de color Recordatorio:<\/p>","protected":false},"featured_media":13303,"comment_status":"open","ping_status":"closed","template":"","meta":{"iawp_total_views":1,"_joinchat":[]},"product_brand":[],"product_cat":[370],"product_tag":[],"class_list":{"0":"post-13302","1":"product","2":"type-product","3":"status-publish","4":"has-post-thumbnail","6":"product_cat-hookah-bowl-wholesale","8":"first","9":"instock","10":"shipping-taxable","11":"purchasable","12":"product-type-variable"},"yoast_head":"<!-- This site is optimized with the Yoast SEO Premium plugin v24.7 (Yoast SEO v26.8) - https:\/\/yoast.com\/product\/yoast-seo-premium-wordpress\/ -->\n<title>New Metal Hookah Bowl Wholesale - Global Hookah<\/title>\n<meta name=\"robots\" content=\"index, follow, max-snippet:-1, max-image-preview:large, max-video-preview:-1\" \/>\n<link rel=\"canonical\" href=\"https:\/\/global-hookah.com\/es\/producto\/new-metal-hookah-bowl-wholesale\/\" \/>\n<meta property=\"og:locale\" content=\"es_ES\" \/>\n<meta property=\"og:type\" content=\"article\" \/>\n<meta property=\"og:title\" content=\"New Metal Hookah Bowl Wholesale\" \/>\n<meta property=\"og:description\" content=\"Shape:&nbsp;Straight Type Technics:&nbsp;MIRROR Material:&nbsp;aluminium alloy Origin:&nbsp;Mainland China Is_customized:&nbsp;Yes 1:&nbsp;Retail 2:&nbsp;Drop shipping 3:&nbsp;Wholesale 4:&nbsp;OEM Custom logo Diameter:&nbsp;74mm Color:&nbsp;Silver Packing:&nbsp;Color box Reminder:\" \/>\n<meta property=\"og:url\" content=\"https:\/\/global-hookah.com\/es\/producto\/new-metal-hookah-bowl-wholesale\/\" \/>\n<meta property=\"og:site_name\" content=\"Global Hookah\" \/>\n<meta property=\"article:modified_time\" content=\"2023-09-02T14:26:50+00:00\" \/>\n<meta property=\"og:image\" content=\"https:\/\/global-hookah.com\/wp-content\/uploads\/2023\/09\/New-Metal-Charcoal-Holder-Hookah-Heat-Management-for-Narguile-Shisha-Sheesha-Water-Pipe-Chicha-Tobacco-Shisha.jpg\" \/>\n\t<meta property=\"og:image:width\" content=\"1600\" \/>\n\t<meta property=\"og:image:height\" content=\"1600\" \/>\n\t<meta property=\"og:image:type\" content=\"image\/jpeg\" \/>\n<meta name=\"twitter:card\" content=\"summary_large_image\" \/>\n<meta name=\"twitter:label1\" content=\"Tiempo de lectura\" \/>\n\t<meta name=\"twitter:data1\" content=\"1 minuto\" \/>\n<script type=\"application\/ld+json\" class=\"yoast-schema-graph\">{\"@context\":\"https:\/\/schema.org\",\"@graph\":[{\"@type\":\"WebPage\",\"@id\":\"https:\/\/global-hookah.com\/product\/new-metal-hookah-bowl-wholesale\/\",\"url\":\"https:\/\/global-hookah.com\/product\/new-metal-hookah-bowl-wholesale\/\",\"name\":\"New Metal Hookah Bowl Wholesale - Global Hookah\",\"isPartOf\":{\"@id\":\"https:\/\/global-hookah.com\/#website\"},\"primaryImageOfPage\":{\"@id\":\"https:\/\/global-hookah.com\/product\/new-metal-hookah-bowl-wholesale\/#primaryimage\"},\"image\":{\"@id\":\"https:\/\/global-hookah.com\/product\/new-metal-hookah-bowl-wholesale\/#primaryimage\"},\"thumbnailUrl\":\"https:\/\/global-hookah.com\/wp-content\/uploads\/2023\/09\/New-Metal-Charcoal-Holder-Hookah-Heat-Management-for-Narguile-Shisha-Sheesha-Water-Pipe-Chicha-Tobacco-Shisha.jpg\",\"datePublished\":\"2023-09-02T14:26:44+00:00\",\"dateModified\":\"2023-09-02T14:26:50+00:00\",\"breadcrumb\":{\"@id\":\"https:\/\/global-hookah.com\/product\/new-metal-hookah-bowl-wholesale\/#breadcrumb\"},\"inLanguage\":\"es\",\"potentialAction\":[{\"@type\":\"ReadAction\",\"target\":[\"https:\/\/global-hookah.com\/product\/new-metal-hookah-bowl-wholesale\/\"]}]},{\"@type\":\"ImageObject\",\"inLanguage\":\"es\",\"@id\":\"https:\/\/global-hookah.com\/product\/new-metal-hookah-bowl-wholesale\/#primaryimage\",\"url\":\"https:\/\/global-hookah.com\/wp-content\/uploads\/2023\/09\/New-Metal-Charcoal-Holder-Hookah-Heat-Management-for-Narguile-Shisha-Sheesha-Water-Pipe-Chicha-Tobacco-Shisha.jpg\",\"contentUrl\":\"https:\/\/global-hookah.com\/wp-content\/uploads\/2023\/09\/New-Metal-Charcoal-Holder-Hookah-Heat-Management-for-Narguile-Shisha-Sheesha-Water-Pipe-Chicha-Tobacco-Shisha.jpg\",\"width\":1600,\"height\":1600},{\"@type\":\"BreadcrumbList\",\"@id\":\"https:\/\/global-hookah.com\/product\/new-metal-hookah-bowl-wholesale\/#breadcrumb\",\"itemListElement\":[{\"@type\":\"ListItem\",\"position\":1,\"name\":\"Home\",\"item\":\"https:\/\/global-hookah.com\/\"},{\"@type\":\"ListItem\",\"position\":2,\"name\":\"Shop\",\"item\":\"https:\/\/global-hookah.com\/shop\/\"},{\"@type\":\"ListItem\",\"position\":3,\"name\":\"New Metal Hookah Bowl Wholesale\"}]},{\"@type\":\"WebSite\",\"@id\":\"https:\/\/global-hookah.com\/#website\",\"url\":\"https:\/\/global-hookah.com\/\",\"name\":\"Global Hookah\",\"description\":\"Global Hookah\",\"publisher\":{\"@id\":\"https:\/\/global-hookah.com\/#organization\"},\"potentialAction\":[{\"@type\":\"SearchAction\",\"target\":{\"@type\":\"EntryPoint\",\"urlTemplate\":\"https:\/\/global-hookah.com\/?s={search_term_string}\"},\"query-input\":{\"@type\":\"PropertyValueSpecification\",\"valueRequired\":true,\"valueName\":\"search_term_string\"}}],\"inLanguage\":\"es\"},{\"@type\":\"Organization\",\"@id\":\"https:\/\/global-hookah.com\/#organization\",\"name\":\"Global Hookah\",\"url\":\"https:\/\/global-hookah.com\/\",\"logo\":{\"@type\":\"ImageObject\",\"inLanguage\":\"es\",\"@id\":\"https:\/\/global-hookah.com\/#\/schema\/logo\/image\/\",\"url\":\"https:\/\/global-hookah.com\/wp-content\/uploads\/2021\/10\/cropped-fgg.png\",\"contentUrl\":\"https:\/\/global-hookah.com\/wp-content\/uploads\/2021\/10\/cropped-fgg.png\",\"width\":512,\"height\":512,\"caption\":\"Global Hookah\"},\"image\":{\"@id\":\"https:\/\/global-hookah.com\/#\/schema\/logo\/image\/\"}}]}<\/script>\n<!-- \/ Yoast SEO Premium plugin. -->","yoast_head_json":{"title":"Nuevo Metal Hookah Bowl Wholesale - Global Hookah","robots":{"index":"index","follow":"follow","max-snippet":"max-snippet:-1","max-image-preview":"max-image-preview:large","max-video-preview":"max-video-preview:-1"},"canonical":"https:\/\/global-hookah.com\/es\/producto\/new-metal-hookah-bowl-wholesale\/","og_locale":"es_ES","og_type":"article","og_title":"New Metal Hookah Bowl Wholesale","og_description":"Shape:&nbsp;Straight Type Technics:&nbsp;MIRROR Material:&nbsp;aluminium alloy Origin:&nbsp;Mainland China Is_customized:&nbsp;Yes 1:&nbsp;Retail 2:&nbsp;Drop shipping 3:&nbsp;Wholesale 4:&nbsp;OEM Custom logo Diameter:&nbsp;74mm Color:&nbsp;Silver Packing:&nbsp;Color box Reminder:","og_url":"https:\/\/global-hookah.com\/es\/producto\/new-metal-hookah-bowl-wholesale\/","og_site_name":"Global Hookah","article_modified_time":"2023-09-02T14:26:50+00:00","og_image":[{"width":1600,"height":1600,"url":"https:\/\/global-hookah.com\/wp-content\/uploads\/2023\/09\/New-Metal-Charcoal-Holder-Hookah-Heat-Management-for-Narguile-Shisha-Sheesha-Water-Pipe-Chicha-Tobacco-Shisha.jpg","type":"image\/jpeg"}],"twitter_card":"summary_large_image","twitter_misc":{"Tiempo de lectura":"1 minuto"},"schema":{"@context":"https:\/\/schema.org","@graph":[{"@type":"WebPage","@id":"https:\/\/global-hookah.com\/product\/new-metal-hookah-bowl-wholesale\/","url":"https:\/\/global-hookah.com\/product\/new-metal-hookah-bowl-wholesale\/","name":"Nuevo Metal Hookah Bowl Wholesale - Global Hookah","isPartOf":{"@id":"https:\/\/global-hookah.com\/#website"},"primaryImageOfPage":{"@id":"https:\/\/global-hookah.com\/product\/new-metal-hookah-bowl-wholesale\/#primaryimage"},"image":{"@id":"https:\/\/global-hookah.com\/product\/new-metal-hookah-bowl-wholesale\/#primaryimage"},"thumbnailUrl":"https:\/\/global-hookah.com\/wp-content\/uploads\/2023\/09\/New-Metal-Charcoal-Holder-Hookah-Heat-Management-for-Narguile-Shisha-Sheesha-Water-Pipe-Chicha-Tobacco-Shisha.jpg","datePublished":"2023-09-02T14:26:44+00:00","dateModified":"2023-09-02T14:26:50+00:00","breadcrumb":{"@id":"https:\/\/global-hookah.com\/product\/new-metal-hookah-bowl-wholesale\/#breadcrumb"},"inLanguage":"es","potentialAction":[{"@type":"ReadAction","target":["https:\/\/global-hookah.com\/product\/new-metal-hookah-bowl-wholesale\/"]}]},{"@type":"ImageObject","inLanguage":"es","@id":"https:\/\/global-hookah.com\/product\/new-metal-hookah-bowl-wholesale\/#primaryimage","url":"https:\/\/global-hookah.com\/wp-content\/uploads\/2023\/09\/New-Metal-Charcoal-Holder-Hookah-Heat-Management-for-Narguile-Shisha-Sheesha-Water-Pipe-Chicha-Tobacco-Shisha.jpg","contentUrl":"https:\/\/global-hookah.com\/wp-content\/uploads\/2023\/09\/New-Metal-Charcoal-Holder-Hookah-Heat-Management-for-Narguile-Shisha-Sheesha-Water-Pipe-Chicha-Tobacco-Shisha.jpg","width":1600,"height":1600},{"@type":"BreadcrumbList","@id":"https:\/\/global-hookah.com\/product\/new-metal-hookah-bowl-wholesale\/#breadcrumb","itemListElement":[{"@type":"ListItem","position":1,"name":"Home","item":"https:\/\/global-hookah.com\/"},{"@type":"ListItem","position":2,"name":"Shop","item":"https:\/\/global-hookah.com\/shop\/"},{"@type":"ListItem","position":3,"name":"New Metal Hookah Bowl Wholesale"}]},{"@type":"WebSite","@id":"https:\/\/global-hookah.com\/#website","url":"https:\/\/global-hookah.com\/","name":"Global Hookah","description":"Global Hookah","publisher":{"@id":"https:\/\/global-hookah.com\/#organization"},"potentialAction":[{"@type":"SearchAction","target":{"@type":"EntryPoint","urlTemplate":"https:\/\/global-hookah.com\/?s={search_term_string}"},"query-input":{"@type":"PropertyValueSpecification","valueRequired":true,"valueName":"search_term_string"}}],"inLanguage":"es"},{"@type":"Organization","@id":"https:\/\/global-hookah.com\/#organization","name":"Global Hookah","url":"https:\/\/global-hookah.com\/","logo":{"@type":"ImageObject","inLanguage":"es","@id":"https:\/\/global-hookah.com\/#\/schema\/logo\/image\/","url":"https:\/\/global-hookah.com\/wp-content\/uploads\/2021\/10\/cropped-fgg.png","contentUrl":"https:\/\/global-hookah.com\/wp-content\/uploads\/2021\/10\/cropped-fgg.png","width":512,"height":512,"caption":"Global Hookah"},"image":{"@id":"https:\/\/global-hookah.com\/#\/schema\/logo\/image\/"}}]}},"_links":{"self":[{"href":"https:\/\/global-hookah.com\/es\/wp-json\/wp\/v2\/product\/13302","targetHints":{"allow":["GET"]}}],"collection":[{"href":"https:\/\/global-hookah.com\/es\/wp-json\/wp\/v2\/product"}],"about":[{"href":"https:\/\/global-hookah.com\/es\/wp-json\/wp\/v2\/types\/product"}],"replies":[{"embeddable":true,"href":"https:\/\/global-hookah.com\/es\/wp-json\/wp\/v2\/comments?post=13302"}],"version-history":[{"count":0,"href":"https:\/\/global-hookah.com\/es\/wp-json\/wp\/v2\/product\/13302\/revisions"}],"wp:featuredmedia":[{"embeddable":true,"href":"https:\/\/global-hookah.com\/es\/wp-json\/wp\/v2\/media\/13303"}],"wp:attachment":[{"href":"https:\/\/global-hookah.com\/es\/wp-json\/wp\/v2\/media?parent=13302"}],"wp:term":[{"taxonomy":"product_brand","embeddable":true,"href":"https:\/\/global-hookah.com\/es\/wp-json\/wp\/v2\/product_brand?post=13302"},{"taxonomy":"product_cat","embeddable":true,"href":"https:\/\/global-hookah.com\/es\/wp-json\/wp\/v2\/product_cat?post=13302"},{"taxonomy":"product_tag","embeddable":true,"href":"https:\/\/global-hookah.com\/es\/wp-json\/wp\/v2\/product_tag?post=13302"}],"curies":[{"name":"wp","href":"https:\/\/api.w.org\/{rel}","templated":true}]}}