{"id":13329,"date":"2023-09-02T14:30:24","date_gmt":"2023-09-02T14:30:24","guid":{"rendered":"https:\/\/global-hookah.com\/product\/large-vapor-hookah-bowl-wholesale\/"},"modified":"2023-09-02T14:30:28","modified_gmt":"2023-09-02T14:30:28","slug":"large-vapor-hookah-bowl-wholesale","status":"publish","type":"product","link":"https:\/\/global-hookah.com\/es\/producto\/large-vapor-hookah-bowl-wholesale\/","title":{"rendered":"Vapor Hookah Bowl Grande al por mayor"},"content":{"rendered":"<div class=\"product-specs-list-container\">\n<ul class=\"product-specs-list util-clearfix\">\n<li class=\"product-prop line-limit-length\"><span\n                                    class=\"property-title\">N\u00famero de modelo:&nbsp;<\/span><span\n                                    class=\"property-desc line-limit-length\">369<\/span>\n                        <\/li>\n<li class=\"product-prop line-limit-length\"><span\n                                    class=\"property-title\">Forma:&nbsp;<\/span><span\n                                    class=\"property-desc line-limit-length\">Tipo recto<\/span>\n                        <\/li>\n<li class=\"product-prop line-limit-length\"><span\n                                    class=\"property-title\">T\u00e9cnica:&nbsp;<\/span><span\n                                    class=\"property-desc line-limit-length\">Escarchado<\/span>\n                        <\/li>\n<li class=\"product-prop line-limit-length\"><span\n                                    class=\"property-title\">Material:&nbsp;<\/span><span\n                                    class=\"property-desc line-limit-length\">Cer\u00e1mica<\/span>\n                        <\/li>\n<li class=\"product-prop line-limit-length\"><span\n                                    class=\"property-title\">Origen:&nbsp;<\/span><span\n                                    class=\"property-desc line-limit-length\">China continental<\/span>\n                        <\/li>\n<li class=\"product-prop line-limit-length\"><span\n                                    class=\"property-title\">Nombre:&nbsp;<\/span><span\n                                    class=\"property-desc line-limit-length\">Cuenco para tabaco de shisha<\/span>\n                        <\/li>\n<li class=\"product-prop line-limit-length\"><span\n                                    class=\"property-title\">\u00dasalo:&nbsp;<\/span><span\n                                    class=\"property-desc line-limit-length\">Para tabaco de shisha<\/span>\n                        <\/li>\n<\/ul><\/div>\n<div class=\"detailmodule_text-image\">\n<p style=\"font-size:24px;font-weight:bold\">Hookah taz\u00f3n de tabaco de arcilla 1 agujero grande Hookah Bowl con silicona Narguile Accesorios para pipa de agua \/ Sheesha \/ Chicha<\/p>\n<div><img decoding=\"async\" style=\"margin-bottom:10px\" class=\"detail-desc-decorate-image\" src=\"https:\/\/ae01.alicdn.com\/kf\/H768b1819aafd439c8d30d1e1ccee889dR.jpg\" slate-data-type=\"image\"\/><img decoding=\"async\" style=\"margin-bottom:10px\" class=\"detail-desc-decorate-image\" src=\"https:\/\/ae01.alicdn.com\/kf\/H4e35b140a1cc4d7aa2872d12a180fbaci.jpg\" slate-data-type=\"image\"\/><img decoding=\"async\" style=\"margin-bottom:10px\" class=\"detail-desc-decorate-image\" src=\"https:\/\/ae01.alicdn.com\/kf\/H86a4a2b5f1dd4587802f18cdffcc00995.jpg\" slate-data-type=\"image\"\/><img decoding=\"async\" style=\"margin-bottom:10px\" class=\"detail-desc-decorate-image\" src=\"https:\/\/ae01.alicdn.com\/kf\/H996cf4309301449081cb4fdc1ea2e5a79.jpg\" slate-data-type=\"image\"\/><img decoding=\"async\" style=\"margin-bottom:10px\" class=\"detail-desc-decorate-image\" src=\"https:\/\/ae01.alicdn.com\/kf\/H15a78ed62e754fc5b88764a9fcce4408m.jpg\" slate-data-type=\"image\"\/><img decoding=\"async\" style=\"margin-bottom:10px\" class=\"detail-desc-decorate-image\" src=\"https:\/\/ae01.alicdn.com\/kf\/H8680f3e864fa423dae4432cf86d45fc6u.jpg\" slate-data-type=\"image\"\/><img decoding=\"async\" style=\"margin-bottom:10px\" class=\"detail-desc-decorate-image\" src=\"https:\/\/ae01.alicdn.com\/kf\/He919a5b718584a24b45a2d7d1c94e662L.jpg\" slate-data-type=\"image\"\/><img decoding=\"async\" style=\"margin-bottom:10px\" class=\"detail-desc-decorate-image\" src=\"https:\/\/ae01.alicdn.com\/kf\/H9ffe3da496aa441393530e64cdd5afe2M.jpg\" slate-data-type=\"image\"\/><img decoding=\"async\" style=\"margin-bottom:10px\" class=\"detail-desc-decorate-image\" src=\"https:\/\/ae01.alicdn.com\/kf\/H74bd3ec9cbba4d51a366ce5c6f9cfce30.jpg\" slate-data-type=\"image\"\/><img decoding=\"async\" style=\"margin-bottom:10px\" class=\"detail-desc-decorate-image\" src=\"https:\/\/ae01.alicdn.com\/kf\/H827ddd552a754a22b51e40903374d7dbX.jpg\" slate-data-type=\"image\"\/><\/div>\n<\/div>\n<p><\/p>","protected":false},"excerpt":{"rendered":"<p>N\u00famero de modelo: 369 Forma: Tipo recto Technics: Esmerilado Material: Cer\u00e1mica Origen: China continental Nombre: Shisha Taz\u00f3n de tabaco Uso: Para Shisha Tabaco Hookah Tabaco Bowl Clay 1 Agujero<\/p>","protected":false},"featured_media":13330,"comment_status":"open","ping_status":"closed","template":"","meta":{"iawp_total_views":1,"_joinchat":[]},"product_brand":[],"product_cat":[370],"product_tag":[],"class_list":{"0":"post-13329","1":"product","2":"type-product","3":"status-publish","4":"has-post-thumbnail","6":"product_cat-hookah-bowl-wholesale","8":"first","9":"instock","10":"shipping-taxable","11":"purchasable","12":"product-type-variable"},"yoast_head":"<!-- This site is optimized with the Yoast SEO Premium plugin v24.7 (Yoast SEO v26.8) - https:\/\/yoast.com\/product\/yoast-seo-premium-wordpress\/ -->\n<title>Large Vapor Hookah Bowl Wholesale - Global Hookah<\/title>\n<meta name=\"robots\" content=\"index, follow, max-snippet:-1, max-image-preview:large, max-video-preview:-1\" \/>\n<link rel=\"canonical\" href=\"https:\/\/global-hookah.com\/es\/ru\/\u043f\u0440\u043e\u0434\u0443\u043a\u0442\/\u0431\u043e\u043b\u044c\u0448\u0430\u044f-\u0447\u0430\u0448\u0430-\u0434\u043b\u044f-\u043a\u0430\u043b\u044c\u044f\u043d\u0430-\u043e\u043f\u0442\u043e\u043c\/\" \/>\n<meta property=\"og:locale\" content=\"es_ES\" \/>\n<meta property=\"og:type\" content=\"article\" \/>\n<meta property=\"og:title\" content=\"Large Vapor Hookah Bowl Wholesale\" \/>\n<meta property=\"og:description\" content=\"Model Number:&nbsp;369 Shape:&nbsp;Straight Type Technics:&nbsp;Frosted Material:&nbsp;Ceramic Origin:&nbsp;Mainland China Name:&nbsp;Shisha Tobacco Bowl Use:&nbsp;For Shisha Tobacco Hookah Tobacco Bowl Clay 1 Hole\" \/>\n<meta property=\"og:url\" content=\"https:\/\/global-hookah.com\/es\/ru\/\u043f\u0440\u043e\u0434\u0443\u043a\u0442\/\u0431\u043e\u043b\u044c\u0448\u0430\u044f-\u0447\u0430\u0448\u0430-\u0434\u043b\u044f-\u043a\u0430\u043b\u044c\u044f\u043d\u0430-\u043e\u043f\u0442\u043e\u043c\/\" \/>\n<meta property=\"og:site_name\" content=\"Global Hookah\" \/>\n<meta property=\"article:modified_time\" content=\"2023-09-02T14:30:28+00:00\" \/>\n<meta property=\"og:image\" content=\"https:\/\/global-hookah.com\/wp-content\/uploads\/2023\/09\/Hookah-Tobacco-Bowl-Clay-1-Hole-Large-Hookah-Bowl-with-Silicone-Narguile-Accessories-for-Water-Pipe.jpg\" \/>\n\t<meta property=\"og:image:width\" content=\"800\" \/>\n\t<meta property=\"og:image:height\" content=\"800\" \/>\n\t<meta property=\"og:image:type\" content=\"image\/jpeg\" \/>\n<meta name=\"twitter:card\" content=\"summary_large_image\" \/>\n<script type=\"application\/ld+json\" class=\"yoast-schema-graph\">{\"@context\":\"https:\/\/schema.org\",\"@graph\":[{\"@type\":\"WebPage\",\"@id\":\"https:\/\/global-hookah.com\/ru\/\u043f\u0440\u043e\u0434\u0443\u043a\u0442\/\u0431\u043e\u043b\u044c\u0448\u0430\u044f-\u0447\u0430\u0448\u0430-\u0434\u043b\u044f-\u043a\u0430\u043b\u044c\u044f\u043d\u0430-\u043e\u043f\u0442\u043e\u043c\/\",\"url\":\"https:\/\/global-hookah.com\/ru\/\u043f\u0440\u043e\u0434\u0443\u043a\u0442\/\u0431\u043e\u043b\u044c\u0448\u0430\u044f-\u0447\u0430\u0448\u0430-\u0434\u043b\u044f-\u043a\u0430\u043b\u044c\u044f\u043d\u0430-\u043e\u043f\u0442\u043e\u043c\/\",\"name\":\"Large Vapor Hookah Bowl Wholesale - Global Hookah\",\"isPartOf\":{\"@id\":\"https:\/\/global-hookah.com\/#website\"},\"primaryImageOfPage\":{\"@id\":\"https:\/\/global-hookah.com\/ru\/\u043f\u0440\u043e\u0434\u0443\u043a\u0442\/\u0431\u043e\u043b\u044c\u0448\u0430\u044f-\u0447\u0430\u0448\u0430-\u0434\u043b\u044f-\u043a\u0430\u043b\u044c\u044f\u043d\u0430-\u043e\u043f\u0442\u043e\u043c\/#primaryimage\"},\"image\":{\"@id\":\"https:\/\/global-hookah.com\/ru\/\u043f\u0440\u043e\u0434\u0443\u043a\u0442\/\u0431\u043e\u043b\u044c\u0448\u0430\u044f-\u0447\u0430\u0448\u0430-\u0434\u043b\u044f-\u043a\u0430\u043b\u044c\u044f\u043d\u0430-\u043e\u043f\u0442\u043e\u043c\/#primaryimage\"},\"thumbnailUrl\":\"https:\/\/global-hookah.com\/wp-content\/uploads\/2023\/09\/Hookah-Tobacco-Bowl-Clay-1-Hole-Large-Hookah-Bowl-with-Silicone-Narguile-Accessories-for-Water-Pipe.jpg\",\"datePublished\":\"2023-09-02T14:30:24+00:00\",\"dateModified\":\"2023-09-02T14:30:28+00:00\",\"breadcrumb\":{\"@id\":\"https:\/\/global-hookah.com\/ru\/\u043f\u0440\u043e\u0434\u0443\u043a\u0442\/\u0431\u043e\u043b\u044c\u0448\u0430\u044f-\u0447\u0430\u0448\u0430-\u0434\u043b\u044f-\u043a\u0430\u043b\u044c\u044f\u043d\u0430-\u043e\u043f\u0442\u043e\u043c\/#breadcrumb\"},\"inLanguage\":\"es\",\"potentialAction\":[{\"@type\":\"ReadAction\",\"target\":[\"https:\/\/global-hookah.com\/ru\/\u043f\u0440\u043e\u0434\u0443\u043a\u0442\/\u0431\u043e\u043b\u044c\u0448\u0430\u044f-\u0447\u0430\u0448\u0430-\u0434\u043b\u044f-\u043a\u0430\u043b\u044c\u044f\u043d\u0430-\u043e\u043f\u0442\u043e\u043c\/\"]}]},{\"@type\":\"ImageObject\",\"inLanguage\":\"es\",\"@id\":\"https:\/\/global-hookah.com\/ru\/\u043f\u0440\u043e\u0434\u0443\u043a\u0442\/\u0431\u043e\u043b\u044c\u0448\u0430\u044f-\u0447\u0430\u0448\u0430-\u0434\u043b\u044f-\u043a\u0430\u043b\u044c\u044f\u043d\u0430-\u043e\u043f\u0442\u043e\u043c\/#primaryimage\",\"url\":\"https:\/\/global-hookah.com\/wp-content\/uploads\/2023\/09\/Hookah-Tobacco-Bowl-Clay-1-Hole-Large-Hookah-Bowl-with-Silicone-Narguile-Accessories-for-Water-Pipe.jpg\",\"contentUrl\":\"https:\/\/global-hookah.com\/wp-content\/uploads\/2023\/09\/Hookah-Tobacco-Bowl-Clay-1-Hole-Large-Hookah-Bowl-with-Silicone-Narguile-Accessories-for-Water-Pipe.jpg\",\"width\":800,\"height\":800},{\"@type\":\"BreadcrumbList\",\"@id\":\"https:\/\/global-hookah.com\/ru\/\u043f\u0440\u043e\u0434\u0443\u043a\u0442\/\u0431\u043e\u043b\u044c\u0448\u0430\u044f-\u0447\u0430\u0448\u0430-\u0434\u043b\u044f-\u043a\u0430\u043b\u044c\u044f\u043d\u0430-\u043e\u043f\u0442\u043e\u043c\/#breadcrumb\",\"itemListElement\":[{\"@type\":\"ListItem\",\"position\":1,\"name\":\"Home\",\"item\":\"https:\/\/global-hookah.com\/\"},{\"@type\":\"ListItem\",\"position\":2,\"name\":\"Shop\",\"item\":\"https:\/\/global-hookah.com\/shop\/\"},{\"@type\":\"ListItem\",\"position\":3,\"name\":\"Large Vapor Hookah Bowl Wholesale\"}]},{\"@type\":\"WebSite\",\"@id\":\"https:\/\/global-hookah.com\/#website\",\"url\":\"https:\/\/global-hookah.com\/\",\"name\":\"Global Hookah\",\"description\":\"Global Hookah\",\"publisher\":{\"@id\":\"https:\/\/global-hookah.com\/#organization\"},\"potentialAction\":[{\"@type\":\"SearchAction\",\"target\":{\"@type\":\"EntryPoint\",\"urlTemplate\":\"https:\/\/global-hookah.com\/?s={search_term_string}\"},\"query-input\":{\"@type\":\"PropertyValueSpecification\",\"valueRequired\":true,\"valueName\":\"search_term_string\"}}],\"inLanguage\":\"es\"},{\"@type\":\"Organization\",\"@id\":\"https:\/\/global-hookah.com\/#organization\",\"name\":\"Global Hookah\",\"url\":\"https:\/\/global-hookah.com\/\",\"logo\":{\"@type\":\"ImageObject\",\"inLanguage\":\"es\",\"@id\":\"https:\/\/global-hookah.com\/#\/schema\/logo\/image\/\",\"url\":\"https:\/\/global-hookah.com\/wp-content\/uploads\/2021\/10\/cropped-fgg.png\",\"contentUrl\":\"https:\/\/global-hookah.com\/wp-content\/uploads\/2021\/10\/cropped-fgg.png\",\"width\":512,\"height\":512,\"caption\":\"Global Hookah\"},\"image\":{\"@id\":\"https:\/\/global-hookah.com\/#\/schema\/logo\/image\/\"}}]}<\/script>\n<!-- \/ Yoast SEO Premium plugin. -->","yoast_head_json":{"title":"Gran Vapor Hookah Bowl al por mayor - Global Hookah","robots":{"index":"index","follow":"follow","max-snippet":"max-snippet:-1","max-image-preview":"max-image-preview:large","max-video-preview":"max-video-preview:-1"},"canonical":"https:\/\/global-hookah.com\/es\/ru\/\u043f\u0440\u043e\u0434\u0443\u043a\u0442\/\u0431\u043e\u043b\u044c\u0448\u0430\u044f-\u0447\u0430\u0448\u0430-\u0434\u043b\u044f-\u043a\u0430\u043b\u044c\u044f\u043d\u0430-\u043e\u043f\u0442\u043e\u043c\/","og_locale":"es_ES","og_type":"article","og_title":"Large Vapor Hookah Bowl Wholesale","og_description":"Model Number:&nbsp;369 Shape:&nbsp;Straight Type Technics:&nbsp;Frosted Material:&nbsp;Ceramic Origin:&nbsp;Mainland China Name:&nbsp;Shisha Tobacco Bowl Use:&nbsp;For Shisha Tobacco Hookah Tobacco Bowl Clay 1 Hole","og_url":"https:\/\/global-hookah.com\/es\/ru\/\u043f\u0440\u043e\u0434\u0443\u043a\u0442\/\u0431\u043e\u043b\u044c\u0448\u0430\u044f-\u0447\u0430\u0448\u0430-\u0434\u043b\u044f-\u043a\u0430\u043b\u044c\u044f\u043d\u0430-\u043e\u043f\u0442\u043e\u043c\/","og_site_name":"Global Hookah","article_modified_time":"2023-09-02T14:30:28+00:00","og_image":[{"width":800,"height":800,"url":"https:\/\/global-hookah.com\/wp-content\/uploads\/2023\/09\/Hookah-Tobacco-Bowl-Clay-1-Hole-Large-Hookah-Bowl-with-Silicone-Narguile-Accessories-for-Water-Pipe.jpg","type":"image\/jpeg"}],"twitter_card":"summary_large_image","schema":{"@context":"https:\/\/schema.org","@graph":[{"@type":"WebPage","@id":"https:\/\/global-hookah.com\/ru\/\u043f\u0440\u043e\u0434\u0443\u043a\u0442\/\u0431\u043e\u043b\u044c\u0448\u0430\u044f-\u0447\u0430\u0448\u0430-\u0434\u043b\u044f-\u043a\u0430\u043b\u044c\u044f\u043d\u0430-\u043e\u043f\u0442\u043e\u043c\/","url":"https:\/\/global-hookah.com\/ru\/\u043f\u0440\u043e\u0434\u0443\u043a\u0442\/\u0431\u043e\u043b\u044c\u0448\u0430\u044f-\u0447\u0430\u0448\u0430-\u0434\u043b\u044f-\u043a\u0430\u043b\u044c\u044f\u043d\u0430-\u043e\u043f\u0442\u043e\u043c\/","name":"Gran Vapor Hookah Bowl al por mayor - Global Hookah","isPartOf":{"@id":"https:\/\/global-hookah.com\/#website"},"primaryImageOfPage":{"@id":"https:\/\/global-hookah.com\/ru\/\u043f\u0440\u043e\u0434\u0443\u043a\u0442\/\u0431\u043e\u043b\u044c\u0448\u0430\u044f-\u0447\u0430\u0448\u0430-\u0434\u043b\u044f-\u043a\u0430\u043b\u044c\u044f\u043d\u0430-\u043e\u043f\u0442\u043e\u043c\/#primaryimage"},"image":{"@id":"https:\/\/global-hookah.com\/ru\/\u043f\u0440\u043e\u0434\u0443\u043a\u0442\/\u0431\u043e\u043b\u044c\u0448\u0430\u044f-\u0447\u0430\u0448\u0430-\u0434\u043b\u044f-\u043a\u0430\u043b\u044c\u044f\u043d\u0430-\u043e\u043f\u0442\u043e\u043c\/#primaryimage"},"thumbnailUrl":"https:\/\/global-hookah.com\/wp-content\/uploads\/2023\/09\/Hookah-Tobacco-Bowl-Clay-1-Hole-Large-Hookah-Bowl-with-Silicone-Narguile-Accessories-for-Water-Pipe.jpg","datePublished":"2023-09-02T14:30:24+00:00","dateModified":"2023-09-02T14:30:28+00:00","breadcrumb":{"@id":"https:\/\/global-hookah.com\/ru\/\u043f\u0440\u043e\u0434\u0443\u043a\u0442\/\u0431\u043e\u043b\u044c\u0448\u0430\u044f-\u0447\u0430\u0448\u0430-\u0434\u043b\u044f-\u043a\u0430\u043b\u044c\u044f\u043d\u0430-\u043e\u043f\u0442\u043e\u043c\/#breadcrumb"},"inLanguage":"es","potentialAction":[{"@type":"ReadAction","target":["https:\/\/global-hookah.com\/ru\/\u043f\u0440\u043e\u0434\u0443\u043a\u0442\/\u0431\u043e\u043b\u044c\u0448\u0430\u044f-\u0447\u0430\u0448\u0430-\u0434\u043b\u044f-\u043a\u0430\u043b\u044c\u044f\u043d\u0430-\u043e\u043f\u0442\u043e\u043c\/"]}]},{"@type":"ImageObject","inLanguage":"es","@id":"https:\/\/global-hookah.com\/ru\/\u043f\u0440\u043e\u0434\u0443\u043a\u0442\/\u0431\u043e\u043b\u044c\u0448\u0430\u044f-\u0447\u0430\u0448\u0430-\u0434\u043b\u044f-\u043a\u0430\u043b\u044c\u044f\u043d\u0430-\u043e\u043f\u0442\u043e\u043c\/#primaryimage","url":"https:\/\/global-hookah.com\/wp-content\/uploads\/2023\/09\/Hookah-Tobacco-Bowl-Clay-1-Hole-Large-Hookah-Bowl-with-Silicone-Narguile-Accessories-for-Water-Pipe.jpg","contentUrl":"https:\/\/global-hookah.com\/wp-content\/uploads\/2023\/09\/Hookah-Tobacco-Bowl-Clay-1-Hole-Large-Hookah-Bowl-with-Silicone-Narguile-Accessories-for-Water-Pipe.jpg","width":800,"height":800},{"@type":"BreadcrumbList","@id":"https:\/\/global-hookah.com\/ru\/\u043f\u0440\u043e\u0434\u0443\u043a\u0442\/\u0431\u043e\u043b\u044c\u0448\u0430\u044f-\u0447\u0430\u0448\u0430-\u0434\u043b\u044f-\u043a\u0430\u043b\u044c\u044f\u043d\u0430-\u043e\u043f\u0442\u043e\u043c\/#breadcrumb","itemListElement":[{"@type":"ListItem","position":1,"name":"Home","item":"https:\/\/global-hookah.com\/"},{"@type":"ListItem","position":2,"name":"Shop","item":"https:\/\/global-hookah.com\/shop\/"},{"@type":"ListItem","position":3,"name":"Large Vapor Hookah Bowl Wholesale"}]},{"@type":"WebSite","@id":"https:\/\/global-hookah.com\/#website","url":"https:\/\/global-hookah.com\/","name":"Global Hookah","description":"Global Hookah","publisher":{"@id":"https:\/\/global-hookah.com\/#organization"},"potentialAction":[{"@type":"SearchAction","target":{"@type":"EntryPoint","urlTemplate":"https:\/\/global-hookah.com\/?s={search_term_string}"},"query-input":{"@type":"PropertyValueSpecification","valueRequired":true,"valueName":"search_term_string"}}],"inLanguage":"es"},{"@type":"Organization","@id":"https:\/\/global-hookah.com\/#organization","name":"Global Hookah","url":"https:\/\/global-hookah.com\/","logo":{"@type":"ImageObject","inLanguage":"es","@id":"https:\/\/global-hookah.com\/#\/schema\/logo\/image\/","url":"https:\/\/global-hookah.com\/wp-content\/uploads\/2021\/10\/cropped-fgg.png","contentUrl":"https:\/\/global-hookah.com\/wp-content\/uploads\/2021\/10\/cropped-fgg.png","width":512,"height":512,"caption":"Global Hookah"},"image":{"@id":"https:\/\/global-hookah.com\/#\/schema\/logo\/image\/"}}]}},"_links":{"self":[{"href":"https:\/\/global-hookah.com\/es\/wp-json\/wp\/v2\/product\/13329","targetHints":{"allow":["GET"]}}],"collection":[{"href":"https:\/\/global-hookah.com\/es\/wp-json\/wp\/v2\/product"}],"about":[{"href":"https:\/\/global-hookah.com\/es\/wp-json\/wp\/v2\/types\/product"}],"replies":[{"embeddable":true,"href":"https:\/\/global-hookah.com\/es\/wp-json\/wp\/v2\/comments?post=13329"}],"version-history":[{"count":0,"href":"https:\/\/global-hookah.com\/es\/wp-json\/wp\/v2\/product\/13329\/revisions"}],"wp:featuredmedia":[{"embeddable":true,"href":"https:\/\/global-hookah.com\/es\/wp-json\/wp\/v2\/media\/13330"}],"wp:attachment":[{"href":"https:\/\/global-hookah.com\/es\/wp-json\/wp\/v2\/media?parent=13329"}],"wp:term":[{"taxonomy":"product_brand","embeddable":true,"href":"https:\/\/global-hookah.com\/es\/wp-json\/wp\/v2\/product_brand?post=13329"},{"taxonomy":"product_cat","embeddable":true,"href":"https:\/\/global-hookah.com\/es\/wp-json\/wp\/v2\/product_cat?post=13329"},{"taxonomy":"product_tag","embeddable":true,"href":"https:\/\/global-hookah.com\/es\/wp-json\/wp\/v2\/product_tag?post=13329"}],"curies":[{"name":"wp","href":"https:\/\/api.w.org\/{rel}","templated":true}]}}