{"id":13363,"date":"2023-09-02T14:51:20","date_gmt":"2023-09-02T14:51:20","guid":{"rendered":"https:\/\/global-hookah.com\/?post_type=product&#038;p=13363"},"modified":"2023-09-21T01:37:51","modified_gmt":"2023-09-21T01:37:51","slug":"hookah-bowl-with-cover-wholesale","status":"publish","type":"product","link":"https:\/\/global-hookah.com\/es\/producto\/hookah-bowl-with-cover-wholesale\/","title":{"rendered":"Taz\u00f3n de Hookah con tapa al por mayor"},"content":{"rendered":"<p>A <strong>cuenco de narguile con tapa<\/strong> La capacidad de proporcionar una mejor gesti\u00f3n del calor, que se traduce en una sesi\u00f3n de fumado m\u00e1s duradera, es una de las principales ventajas del producto. Este dise\u00f1o permite un mejor control de la distribuci\u00f3n del calor dentro de la cazoleta mediante la utilizaci\u00f3n de una tapa. La tapa sirve de barrera, impidiendo que el calor excesivo se evapore y asegurando que se disperse adecuadamente por toda la combinaci\u00f3n de tabaco o hierbas.<br \/>\nAl controlar eficazmente el calor, cada sesi\u00f3n dura m\u00e1s y el sabor del humo mejora. Los usuarios de cazoletas de narguile con tapa pueden disfrutar de sesiones de fumada m\u00e1s largas y placenteras sin tener que preocuparse de comprobar y cambiar continuamente los ajustes de calor.<\/p>\n<p>Cuando se disfruta de sesiones de narguile al aire libre, el viento puede arruinar con frecuencia toda la experiencia. Sin embargo, utilizar una cazoleta de narguile con tapa eliminar\u00e1 eficazmente este problema. Adem\u00e1s, tiene las siguientes ventajas<\/p>\n<p>1.<a href=\"https:\/\/global-hookah.com\/product\/bar-aluminum-social-smoke-hookah-pipe\/\">Fumar al aire libre es el prop\u00f3sito habitual del narguile<\/a> cubiertas contra el viento, aunque tambi\u00e9n pueden utilizarse en interiores.<\/p>\n<p>2.Usted puede utilizar esta pantalla de gesti\u00f3n de calor en lugar de la l\u00e1mina convencional hookah que cubre los cuencos hookah.<\/p>\n<p>3.Un paravientos o cortavientos te ayuda a proteger tu carb\u00f3n de la influencia del viento o de las corrientes de aire en forma de corrientes de aire.<\/p>\n<p>4.Al actuar como un escudo, la cubierta impide que el viento da\u00f1e directamente el tabaco o el carb\u00f3n encendido dentro de la cazoleta. Esta funci\u00f3n garantiza una temperatura constante y permite fumar sin interrupciones. Los usuarios pueden disfrutar de sesiones de narguile m\u00e1s suaves y duraderas sin tener que ajustar o volver a encender constantemente sus carbones al evitar la interferencia del viento.<\/p>\n<p>5.le permite saborear plenamente los complejos sabores y fragancias del tabaco, haciendo que su experiencia de fumar sea m\u00e1s placentera y satisfactoria.<\/p>\n<p>En <strong>Cuenco para narguile con tapa<\/strong> sirve de barrera, manteniendo la cazoleta limpia y garantizando un flujo de aire adecuado al evitar que la ceniza y los residuos caigan en la cazoleta. Si est\u00e1 interesado en este <strong>Cuenco para narguile con tapa<\/strong>, puede ponerse en contacto con nosotros para la venta al por mayor, de lo contrario Adem\u00e1s, tambi\u00e9n <a href=\"https:\/\/global-hookah.com\/product-category\/hookah-accessories-wholesale\/hookah-bowl-wholesale\/\">venta al por mayor varios estilos de cuencos hookah<\/a><\/p>","protected":false},"excerpt":{"rendered":"<p>Una cazoleta de narguile con tapa tiene la capacidad de proporcionar una mejor gesti\u00f3n del calor, lo que se traduce en una sesi\u00f3n de fumada que dura<\/p>","protected":false},"featured_media":13366,"comment_status":"open","ping_status":"closed","template":"","meta":{"iawp_total_views":4,"_joinchat":[]},"product_brand":[],"product_cat":[370],"product_tag":[],"class_list":{"0":"post-13363","1":"product","2":"type-product","3":"status-publish","4":"has-post-thumbnail","6":"product_cat-hookah-bowl-wholesale","8":"first","9":"instock","10":"shipping-taxable","11":"purchasable","12":"product-type-simple"},"yoast_head":"<!-- This site is optimized with the Yoast SEO Premium plugin v24.7 (Yoast SEO v26.8) - https:\/\/yoast.com\/product\/yoast-seo-premium-wordpress\/ -->\n<title>Hookah Bowl With Cover Wholesale - Global Hookah<\/title>\n<meta name=\"robots\" content=\"index, follow, max-snippet:-1, max-image-preview:large, max-video-preview:-1\" \/>\n<link rel=\"canonical\" href=\"https:\/\/global-hookah.com\/es\/producto\/hookah-bowl-with-cover-wholesale\/\" \/>\n<meta property=\"og:locale\" content=\"es_ES\" \/>\n<meta property=\"og:type\" content=\"article\" \/>\n<meta property=\"og:title\" content=\"Hookah Bowl With Cover Wholesale\" \/>\n<meta property=\"og:description\" content=\"A hookah bowl with a cover&#8217;s capacity to provide better heat management, which results in a smoking session that lasts\" \/>\n<meta property=\"og:url\" content=\"https:\/\/global-hookah.com\/es\/producto\/hookah-bowl-with-cover-wholesale\/\" \/>\n<meta property=\"og:site_name\" content=\"Global Hookah\" \/>\n<meta property=\"article:modified_time\" content=\"2023-09-21T01:37:51+00:00\" \/>\n<meta property=\"og:image\" content=\"https:\/\/global-hookah.com\/wp-content\/uploads\/2023\/09\/\u4e3b\u56fe-03-2.jpg\" \/>\n\t<meta property=\"og:image:width\" content=\"1000\" \/>\n\t<meta property=\"og:image:height\" content=\"1000\" \/>\n\t<meta property=\"og:image:type\" content=\"image\/jpeg\" \/>\n<meta name=\"twitter:card\" content=\"summary_large_image\" \/>\n<meta name=\"twitter:label1\" content=\"Tiempo de lectura\" \/>\n\t<meta name=\"twitter:data1\" content=\"2 minutos\" \/>\n<script type=\"application\/ld+json\" class=\"yoast-schema-graph\">{\"@context\":\"https:\/\/schema.org\",\"@graph\":[{\"@type\":\"WebPage\",\"@id\":\"https:\/\/global-hookah.com\/product\/hookah-bowl-with-cover-wholesale\/\",\"url\":\"https:\/\/global-hookah.com\/product\/hookah-bowl-with-cover-wholesale\/\",\"name\":\"Hookah Bowl With Cover Wholesale - Global Hookah\",\"isPartOf\":{\"@id\":\"https:\/\/global-hookah.com\/#website\"},\"primaryImageOfPage\":{\"@id\":\"https:\/\/global-hookah.com\/product\/hookah-bowl-with-cover-wholesale\/#primaryimage\"},\"image\":{\"@id\":\"https:\/\/global-hookah.com\/product\/hookah-bowl-with-cover-wholesale\/#primaryimage\"},\"thumbnailUrl\":\"https:\/\/global-hookah.com\/wp-content\/uploads\/2023\/09\/\u4e3b\u56fe-03-2.jpg\",\"datePublished\":\"2023-09-02T14:51:20+00:00\",\"dateModified\":\"2023-09-21T01:37:51+00:00\",\"breadcrumb\":{\"@id\":\"https:\/\/global-hookah.com\/product\/hookah-bowl-with-cover-wholesale\/#breadcrumb\"},\"inLanguage\":\"es\",\"potentialAction\":[{\"@type\":\"ReadAction\",\"target\":[\"https:\/\/global-hookah.com\/product\/hookah-bowl-with-cover-wholesale\/\"]}]},{\"@type\":\"ImageObject\",\"inLanguage\":\"es\",\"@id\":\"https:\/\/global-hookah.com\/product\/hookah-bowl-with-cover-wholesale\/#primaryimage\",\"url\":\"https:\/\/global-hookah.com\/wp-content\/uploads\/2023\/09\/\u4e3b\u56fe-03-2.jpg\",\"contentUrl\":\"https:\/\/global-hookah.com\/wp-content\/uploads\/2023\/09\/\u4e3b\u56fe-03-2.jpg\",\"width\":1000,\"height\":1000,\"caption\":\"Hookah Bowl With Cover Wholesale\"},{\"@type\":\"BreadcrumbList\",\"@id\":\"https:\/\/global-hookah.com\/product\/hookah-bowl-with-cover-wholesale\/#breadcrumb\",\"itemListElement\":[{\"@type\":\"ListItem\",\"position\":1,\"name\":\"Home\",\"item\":\"https:\/\/global-hookah.com\/\"},{\"@type\":\"ListItem\",\"position\":2,\"name\":\"Shop\",\"item\":\"https:\/\/global-hookah.com\/shop\/\"},{\"@type\":\"ListItem\",\"position\":3,\"name\":\"Hookah Bowl With Cover Wholesale\"}]},{\"@type\":\"WebSite\",\"@id\":\"https:\/\/global-hookah.com\/#website\",\"url\":\"https:\/\/global-hookah.com\/\",\"name\":\"Global Hookah\",\"description\":\"Global Hookah\",\"publisher\":{\"@id\":\"https:\/\/global-hookah.com\/#organization\"},\"potentialAction\":[{\"@type\":\"SearchAction\",\"target\":{\"@type\":\"EntryPoint\",\"urlTemplate\":\"https:\/\/global-hookah.com\/?s={search_term_string}\"},\"query-input\":{\"@type\":\"PropertyValueSpecification\",\"valueRequired\":true,\"valueName\":\"search_term_string\"}}],\"inLanguage\":\"es\"},{\"@type\":\"Organization\",\"@id\":\"https:\/\/global-hookah.com\/#organization\",\"name\":\"Global Hookah\",\"url\":\"https:\/\/global-hookah.com\/\",\"logo\":{\"@type\":\"ImageObject\",\"inLanguage\":\"es\",\"@id\":\"https:\/\/global-hookah.com\/#\/schema\/logo\/image\/\",\"url\":\"https:\/\/global-hookah.com\/wp-content\/uploads\/2021\/10\/cropped-fgg.png\",\"contentUrl\":\"https:\/\/global-hookah.com\/wp-content\/uploads\/2021\/10\/cropped-fgg.png\",\"width\":512,\"height\":512,\"caption\":\"Global Hookah\"},\"image\":{\"@id\":\"https:\/\/global-hookah.com\/#\/schema\/logo\/image\/\"}}]}<\/script>\n<!-- \/ Yoast SEO Premium plugin. -->","yoast_head_json":{"title":"Hookah cuenco con tapa al por mayor - Global Hookah","robots":{"index":"index","follow":"follow","max-snippet":"max-snippet:-1","max-image-preview":"max-image-preview:large","max-video-preview":"max-video-preview:-1"},"canonical":"https:\/\/global-hookah.com\/es\/producto\/hookah-bowl-with-cover-wholesale\/","og_locale":"es_ES","og_type":"article","og_title":"Hookah Bowl With Cover Wholesale","og_description":"A hookah bowl with a cover&#8217;s capacity to provide better heat management, which results in a smoking session that lasts","og_url":"https:\/\/global-hookah.com\/es\/producto\/hookah-bowl-with-cover-wholesale\/","og_site_name":"Global Hookah","article_modified_time":"2023-09-21T01:37:51+00:00","og_image":[{"width":1000,"height":1000,"url":"https:\/\/global-hookah.com\/wp-content\/uploads\/2023\/09\/\u4e3b\u56fe-03-2.jpg","type":"image\/jpeg"}],"twitter_card":"summary_large_image","twitter_misc":{"Tiempo de lectura":"2 minutos"},"schema":{"@context":"https:\/\/schema.org","@graph":[{"@type":"WebPage","@id":"https:\/\/global-hookah.com\/product\/hookah-bowl-with-cover-wholesale\/","url":"https:\/\/global-hookah.com\/product\/hookah-bowl-with-cover-wholesale\/","name":"Hookah cuenco con tapa al por mayor - Global Hookah","isPartOf":{"@id":"https:\/\/global-hookah.com\/#website"},"primaryImageOfPage":{"@id":"https:\/\/global-hookah.com\/product\/hookah-bowl-with-cover-wholesale\/#primaryimage"},"image":{"@id":"https:\/\/global-hookah.com\/product\/hookah-bowl-with-cover-wholesale\/#primaryimage"},"thumbnailUrl":"https:\/\/global-hookah.com\/wp-content\/uploads\/2023\/09\/\u4e3b\u56fe-03-2.jpg","datePublished":"2023-09-02T14:51:20+00:00","dateModified":"2023-09-21T01:37:51+00:00","breadcrumb":{"@id":"https:\/\/global-hookah.com\/product\/hookah-bowl-with-cover-wholesale\/#breadcrumb"},"inLanguage":"es","potentialAction":[{"@type":"ReadAction","target":["https:\/\/global-hookah.com\/product\/hookah-bowl-with-cover-wholesale\/"]}]},{"@type":"ImageObject","inLanguage":"es","@id":"https:\/\/global-hookah.com\/product\/hookah-bowl-with-cover-wholesale\/#primaryimage","url":"https:\/\/global-hookah.com\/wp-content\/uploads\/2023\/09\/\u4e3b\u56fe-03-2.jpg","contentUrl":"https:\/\/global-hookah.com\/wp-content\/uploads\/2023\/09\/\u4e3b\u56fe-03-2.jpg","width":1000,"height":1000,"caption":"Hookah Bowl With Cover Wholesale"},{"@type":"BreadcrumbList","@id":"https:\/\/global-hookah.com\/product\/hookah-bowl-with-cover-wholesale\/#breadcrumb","itemListElement":[{"@type":"ListItem","position":1,"name":"Home","item":"https:\/\/global-hookah.com\/"},{"@type":"ListItem","position":2,"name":"Shop","item":"https:\/\/global-hookah.com\/shop\/"},{"@type":"ListItem","position":3,"name":"Hookah Bowl With Cover Wholesale"}]},{"@type":"WebSite","@id":"https:\/\/global-hookah.com\/#website","url":"https:\/\/global-hookah.com\/","name":"Global Hookah","description":"Global Hookah","publisher":{"@id":"https:\/\/global-hookah.com\/#organization"},"potentialAction":[{"@type":"SearchAction","target":{"@type":"EntryPoint","urlTemplate":"https:\/\/global-hookah.com\/?s={search_term_string}"},"query-input":{"@type":"PropertyValueSpecification","valueRequired":true,"valueName":"search_term_string"}}],"inLanguage":"es"},{"@type":"Organization","@id":"https:\/\/global-hookah.com\/#organization","name":"Global Hookah","url":"https:\/\/global-hookah.com\/","logo":{"@type":"ImageObject","inLanguage":"es","@id":"https:\/\/global-hookah.com\/#\/schema\/logo\/image\/","url":"https:\/\/global-hookah.com\/wp-content\/uploads\/2021\/10\/cropped-fgg.png","contentUrl":"https:\/\/global-hookah.com\/wp-content\/uploads\/2021\/10\/cropped-fgg.png","width":512,"height":512,"caption":"Global Hookah"},"image":{"@id":"https:\/\/global-hookah.com\/#\/schema\/logo\/image\/"}}]}},"_links":{"self":[{"href":"https:\/\/global-hookah.com\/es\/wp-json\/wp\/v2\/product\/13363","targetHints":{"allow":["GET"]}}],"collection":[{"href":"https:\/\/global-hookah.com\/es\/wp-json\/wp\/v2\/product"}],"about":[{"href":"https:\/\/global-hookah.com\/es\/wp-json\/wp\/v2\/types\/product"}],"replies":[{"embeddable":true,"href":"https:\/\/global-hookah.com\/es\/wp-json\/wp\/v2\/comments?post=13363"}],"version-history":[{"count":0,"href":"https:\/\/global-hookah.com\/es\/wp-json\/wp\/v2\/product\/13363\/revisions"}],"wp:featuredmedia":[{"embeddable":true,"href":"https:\/\/global-hookah.com\/es\/wp-json\/wp\/v2\/media\/13366"}],"wp:attachment":[{"href":"https:\/\/global-hookah.com\/es\/wp-json\/wp\/v2\/media?parent=13363"}],"wp:term":[{"taxonomy":"product_brand","embeddable":true,"href":"https:\/\/global-hookah.com\/es\/wp-json\/wp\/v2\/product_brand?post=13363"},{"taxonomy":"product_cat","embeddable":true,"href":"https:\/\/global-hookah.com\/es\/wp-json\/wp\/v2\/product_cat?post=13363"},{"taxonomy":"product_tag","embeddable":true,"href":"https:\/\/global-hookah.com\/es\/wp-json\/wp\/v2\/product_tag?post=13363"}],"curies":[{"name":"wp","href":"https:\/\/api.w.org\/{rel}","templated":true}]}}