{"id":13429,"date":"2023-09-10T08:15:50","date_gmt":"2023-09-10T08:15:50","guid":{"rendered":"https:\/\/global-hookah.com\/?post_type=product&#038;p=13429"},"modified":"2024-03-13T00:27:47","modified_gmt":"2024-03-13T00:27:47","slug":"420-wholesale-glass-bong","status":"publish","type":"product","link":"https:\/\/global-hookah.com\/es\/producto\/420-wholesale-glass-bong\/","title":{"rendered":"420 Bong de cristal al por mayor"},"content":{"rendered":"<p>Este <strong>420 Bong de cristal al por mayor<\/strong> es excelente tanto para principiantes como para especialistas. La cazoleta extra\u00edble del bong facilita su limpieza despu\u00e9s de cada uso. Adem\u00e1s, est\u00e1 fabricada para ajustarse con seguridad, por lo que no tendr\u00e1s que preocuparte de que se salga mientras la usas.<\/p>\n<p>Adem\u00e1s, este <strong>Mini bongs de cristal para los amantes del 420<\/strong> tiene muescas para hielo en la parte superior del tubo donde puede colocar cubitos de hielo para enfriar el humo antes de inhalarlo.<\/p>\n<p>el colector de hielo de la cachimba incorpora un percolador que elimina los peligrosos contaminantes del humo del tabaco, garantizando que s\u00f3lo entre humo limpio y fresco en tus pulmones. Mant\u00e9n tus caladas limpias y agradables. Esta pieza es una de las m\u00e1s vendidas por la combinaci\u00f3n de todas estas cualidades.<\/p>\n<p>Tenemos la mayor selecci\u00f3n de<a href=\"https:\/\/global-hookah.com\/product-category\/bong-wholesale\/\"> <strong>bongs de cristal al por mayor<\/strong><\/a> disponible en cualquier lugar en l\u00ednea. Tenemos de todo, desde peque\u00f1as plataformas de dab de uso personal hasta bongs de fiesta de gran tama\u00f1o a la venta a precios al por mayor.<\/p>\n<p>Puedes encontrar cualquier tipo de colecci\u00f3n de cachimbas de cristal 420 personalizadas en nuestra tienda, incluyendo tubos rectos con downstems difusos o dise\u00f1os de base de vaso con acentos de color o percoladores. Si necesitas <strong>bong al por mayor<\/strong>P\u00f3ngase en contacto con nosotros a tiempo<\/p>","protected":false},"excerpt":{"rendered":"<p>Este 420 Bong de cristal al por mayor es excelente tanto para principiantes como para especialistas. La cazoleta extra\u00edble del bong hace que sea f\u00e1cil de<\/p>","protected":false},"featured_media":13431,"comment_status":"open","ping_status":"closed","template":"","meta":{"iawp_total_views":4,"_joinchat":[]},"product_brand":[],"product_cat":[249],"product_tag":[],"class_list":{"0":"post-13429","1":"product","2":"type-product","3":"status-publish","4":"has-post-thumbnail","6":"product_cat-bong-wholesale","8":"first","9":"instock","10":"shipping-taxable","11":"product-type-simple"},"yoast_head":"<!-- This site is optimized with the Yoast SEO Premium plugin v24.7 (Yoast SEO v26.8) - https:\/\/yoast.com\/product\/yoast-seo-premium-wordpress\/ -->\n<title>420 Wholesale Glass Bong - Global Hookah<\/title>\n<meta name=\"robots\" content=\"index, follow, max-snippet:-1, max-image-preview:large, max-video-preview:-1\" \/>\n<link rel=\"canonical\" href=\"https:\/\/global-hookah.com\/es\/pt\/produto\/bongo-de-vidro-420-wholesale\/\" \/>\n<meta property=\"og:locale\" content=\"es_ES\" \/>\n<meta property=\"og:type\" content=\"article\" \/>\n<meta property=\"og:title\" content=\"420 Wholesale Glass Bong\" \/>\n<meta property=\"og:description\" content=\"This 420 Wholesale Glass Bong is excellent for both novices and specialists. The bong&#8217;s removable bowl makes it simple to\" \/>\n<meta property=\"og:url\" content=\"https:\/\/global-hookah.com\/es\/pt\/produto\/bongo-de-vidro-420-wholesale\/\" \/>\n<meta property=\"og:site_name\" content=\"Global Hookah\" \/>\n<meta property=\"article:modified_time\" content=\"2024-03-13T00:27:47+00:00\" \/>\n<meta property=\"og:image\" content=\"https:\/\/global-hookah.com\/wp-content\/uploads\/2023\/09\/\u4e3b\u56fe-00-2.jpg\" \/>\n\t<meta property=\"og:image:width\" content=\"1080\" \/>\n\t<meta property=\"og:image:height\" content=\"1080\" \/>\n\t<meta property=\"og:image:type\" content=\"image\/jpeg\" \/>\n<meta name=\"twitter:card\" content=\"summary_large_image\" \/>\n<meta name=\"twitter:label1\" content=\"Tiempo de lectura\" \/>\n\t<meta name=\"twitter:data1\" content=\"1 minuto\" \/>\n<script type=\"application\/ld+json\" class=\"yoast-schema-graph\">{\"@context\":\"https:\/\/schema.org\",\"@graph\":[{\"@type\":\"WebPage\",\"@id\":\"https:\/\/global-hookah.com\/pt\/produto\/bongo-de-vidro-420-wholesale\/\",\"url\":\"https:\/\/global-hookah.com\/pt\/produto\/bongo-de-vidro-420-wholesale\/\",\"name\":\"420 Wholesale Glass Bong - Global Hookah\",\"isPartOf\":{\"@id\":\"https:\/\/global-hookah.com\/#website\"},\"primaryImageOfPage\":{\"@id\":\"https:\/\/global-hookah.com\/pt\/produto\/bongo-de-vidro-420-wholesale\/#primaryimage\"},\"image\":{\"@id\":\"https:\/\/global-hookah.com\/pt\/produto\/bongo-de-vidro-420-wholesale\/#primaryimage\"},\"thumbnailUrl\":\"https:\/\/global-hookah.com\/wp-content\/uploads\/2023\/09\/\u4e3b\u56fe-00-2.jpg\",\"datePublished\":\"2023-09-10T08:15:50+00:00\",\"dateModified\":\"2024-03-13T00:27:47+00:00\",\"breadcrumb\":{\"@id\":\"https:\/\/global-hookah.com\/pt\/produto\/bongo-de-vidro-420-wholesale\/#breadcrumb\"},\"inLanguage\":\"es\",\"potentialAction\":[{\"@type\":\"ReadAction\",\"target\":[\"https:\/\/global-hookah.com\/pt\/produto\/bongo-de-vidro-420-wholesale\/\"]}]},{\"@type\":\"ImageObject\",\"inLanguage\":\"es\",\"@id\":\"https:\/\/global-hookah.com\/pt\/produto\/bongo-de-vidro-420-wholesale\/#primaryimage\",\"url\":\"https:\/\/global-hookah.com\/wp-content\/uploads\/2023\/09\/\u4e3b\u56fe-00-2.jpg\",\"contentUrl\":\"https:\/\/global-hookah.com\/wp-content\/uploads\/2023\/09\/\u4e3b\u56fe-00-2.jpg\",\"width\":1080,\"height\":1080,\"caption\":\"420 Wholesale Glass Bong\"},{\"@type\":\"BreadcrumbList\",\"@id\":\"https:\/\/global-hookah.com\/pt\/produto\/bongo-de-vidro-420-wholesale\/#breadcrumb\",\"itemListElement\":[{\"@type\":\"ListItem\",\"position\":1,\"name\":\"Home\",\"item\":\"https:\/\/global-hookah.com\/\"},{\"@type\":\"ListItem\",\"position\":2,\"name\":\"Shop\",\"item\":\"https:\/\/global-hookah.com\/shop\/\"},{\"@type\":\"ListItem\",\"position\":3,\"name\":\"420 Wholesale Glass Bong\"}]},{\"@type\":\"WebSite\",\"@id\":\"https:\/\/global-hookah.com\/#website\",\"url\":\"https:\/\/global-hookah.com\/\",\"name\":\"Global Hookah\",\"description\":\"Global Hookah\",\"publisher\":{\"@id\":\"https:\/\/global-hookah.com\/#organization\"},\"potentialAction\":[{\"@type\":\"SearchAction\",\"target\":{\"@type\":\"EntryPoint\",\"urlTemplate\":\"https:\/\/global-hookah.com\/?s={search_term_string}\"},\"query-input\":{\"@type\":\"PropertyValueSpecification\",\"valueRequired\":true,\"valueName\":\"search_term_string\"}}],\"inLanguage\":\"es\"},{\"@type\":\"Organization\",\"@id\":\"https:\/\/global-hookah.com\/#organization\",\"name\":\"Global Hookah\",\"url\":\"https:\/\/global-hookah.com\/\",\"logo\":{\"@type\":\"ImageObject\",\"inLanguage\":\"es\",\"@id\":\"https:\/\/global-hookah.com\/#\/schema\/logo\/image\/\",\"url\":\"https:\/\/global-hookah.com\/wp-content\/uploads\/2021\/10\/cropped-fgg.png\",\"contentUrl\":\"https:\/\/global-hookah.com\/wp-content\/uploads\/2021\/10\/cropped-fgg.png\",\"width\":512,\"height\":512,\"caption\":\"Global Hookah\"},\"image\":{\"@id\":\"https:\/\/global-hookah.com\/#\/schema\/logo\/image\/\"}}]}<\/script>\n<!-- \/ Yoast SEO Premium plugin. -->","yoast_head_json":{"title":"420 Wholesale Glass Bong - Global Hookah","robots":{"index":"index","follow":"follow","max-snippet":"max-snippet:-1","max-image-preview":"max-image-preview:large","max-video-preview":"max-video-preview:-1"},"canonical":"https:\/\/global-hookah.com\/es\/pt\/produto\/bongo-de-vidro-420-wholesale\/","og_locale":"es_ES","og_type":"article","og_title":"420 Wholesale Glass Bong","og_description":"This 420 Wholesale Glass Bong is excellent for both novices and specialists. The bong&#8217;s removable bowl makes it simple to","og_url":"https:\/\/global-hookah.com\/es\/pt\/produto\/bongo-de-vidro-420-wholesale\/","og_site_name":"Global Hookah","article_modified_time":"2024-03-13T00:27:47+00:00","og_image":[{"width":1080,"height":1080,"url":"https:\/\/global-hookah.com\/wp-content\/uploads\/2023\/09\/\u4e3b\u56fe-00-2.jpg","type":"image\/jpeg"}],"twitter_card":"summary_large_image","twitter_misc":{"Tiempo de lectura":"1 minuto"},"schema":{"@context":"https:\/\/schema.org","@graph":[{"@type":"WebPage","@id":"https:\/\/global-hookah.com\/pt\/produto\/bongo-de-vidro-420-wholesale\/","url":"https:\/\/global-hookah.com\/pt\/produto\/bongo-de-vidro-420-wholesale\/","name":"420 Wholesale Glass Bong - Global Hookah","isPartOf":{"@id":"https:\/\/global-hookah.com\/#website"},"primaryImageOfPage":{"@id":"https:\/\/global-hookah.com\/pt\/produto\/bongo-de-vidro-420-wholesale\/#primaryimage"},"image":{"@id":"https:\/\/global-hookah.com\/pt\/produto\/bongo-de-vidro-420-wholesale\/#primaryimage"},"thumbnailUrl":"https:\/\/global-hookah.com\/wp-content\/uploads\/2023\/09\/\u4e3b\u56fe-00-2.jpg","datePublished":"2023-09-10T08:15:50+00:00","dateModified":"2024-03-13T00:27:47+00:00","breadcrumb":{"@id":"https:\/\/global-hookah.com\/pt\/produto\/bongo-de-vidro-420-wholesale\/#breadcrumb"},"inLanguage":"es","potentialAction":[{"@type":"ReadAction","target":["https:\/\/global-hookah.com\/pt\/produto\/bongo-de-vidro-420-wholesale\/"]}]},{"@type":"ImageObject","inLanguage":"es","@id":"https:\/\/global-hookah.com\/pt\/produto\/bongo-de-vidro-420-wholesale\/#primaryimage","url":"https:\/\/global-hookah.com\/wp-content\/uploads\/2023\/09\/\u4e3b\u56fe-00-2.jpg","contentUrl":"https:\/\/global-hookah.com\/wp-content\/uploads\/2023\/09\/\u4e3b\u56fe-00-2.jpg","width":1080,"height":1080,"caption":"420 Wholesale Glass Bong"},{"@type":"BreadcrumbList","@id":"https:\/\/global-hookah.com\/pt\/produto\/bongo-de-vidro-420-wholesale\/#breadcrumb","itemListElement":[{"@type":"ListItem","position":1,"name":"Home","item":"https:\/\/global-hookah.com\/"},{"@type":"ListItem","position":2,"name":"Shop","item":"https:\/\/global-hookah.com\/shop\/"},{"@type":"ListItem","position":3,"name":"420 Wholesale Glass Bong"}]},{"@type":"WebSite","@id":"https:\/\/global-hookah.com\/#website","url":"https:\/\/global-hookah.com\/","name":"Global Hookah","description":"Global Hookah","publisher":{"@id":"https:\/\/global-hookah.com\/#organization"},"potentialAction":[{"@type":"SearchAction","target":{"@type":"EntryPoint","urlTemplate":"https:\/\/global-hookah.com\/?s={search_term_string}"},"query-input":{"@type":"PropertyValueSpecification","valueRequired":true,"valueName":"search_term_string"}}],"inLanguage":"es"},{"@type":"Organization","@id":"https:\/\/global-hookah.com\/#organization","name":"Global Hookah","url":"https:\/\/global-hookah.com\/","logo":{"@type":"ImageObject","inLanguage":"es","@id":"https:\/\/global-hookah.com\/#\/schema\/logo\/image\/","url":"https:\/\/global-hookah.com\/wp-content\/uploads\/2021\/10\/cropped-fgg.png","contentUrl":"https:\/\/global-hookah.com\/wp-content\/uploads\/2021\/10\/cropped-fgg.png","width":512,"height":512,"caption":"Global Hookah"},"image":{"@id":"https:\/\/global-hookah.com\/#\/schema\/logo\/image\/"}}]}},"_links":{"self":[{"href":"https:\/\/global-hookah.com\/es\/wp-json\/wp\/v2\/product\/13429","targetHints":{"allow":["GET"]}}],"collection":[{"href":"https:\/\/global-hookah.com\/es\/wp-json\/wp\/v2\/product"}],"about":[{"href":"https:\/\/global-hookah.com\/es\/wp-json\/wp\/v2\/types\/product"}],"replies":[{"embeddable":true,"href":"https:\/\/global-hookah.com\/es\/wp-json\/wp\/v2\/comments?post=13429"}],"version-history":[{"count":0,"href":"https:\/\/global-hookah.com\/es\/wp-json\/wp\/v2\/product\/13429\/revisions"}],"wp:featuredmedia":[{"embeddable":true,"href":"https:\/\/global-hookah.com\/es\/wp-json\/wp\/v2\/media\/13431"}],"wp:attachment":[{"href":"https:\/\/global-hookah.com\/es\/wp-json\/wp\/v2\/media?parent=13429"}],"wp:term":[{"taxonomy":"product_brand","embeddable":true,"href":"https:\/\/global-hookah.com\/es\/wp-json\/wp\/v2\/product_brand?post=13429"},{"taxonomy":"product_cat","embeddable":true,"href":"https:\/\/global-hookah.com\/es\/wp-json\/wp\/v2\/product_cat?post=13429"},{"taxonomy":"product_tag","embeddable":true,"href":"https:\/\/global-hookah.com\/es\/wp-json\/wp\/v2\/product_tag?post=13429"}],"curies":[{"name":"wp","href":"https:\/\/api.w.org\/{rel}","templated":true}]}}