{"id":13641,"date":"2023-09-25T08:01:30","date_gmt":"2023-09-25T08:01:30","guid":{"rendered":"https:\/\/global-hookah.com\/?post_type=product&#038;p=13641"},"modified":"2026-02-10T08:49:29","modified_gmt":"2026-02-10T08:49:29","slug":"aluminum-alloy-single-pipe-full-set-of-water-cigarette-pot-wholesale","status":"publish","type":"product","link":"https:\/\/global-hookah.com\/es\/producto\/aluminum-alloy-single-pipe-full-set-of-water-cigarette-pot-wholesale\/","title":{"rendered":"Aleaci\u00f3n de Aluminio Single -pipe Full Set de Agua Cigarrillo Pot Venta al por mayor"},"content":{"rendered":"<p>Peso unitario 2,8 kg<br \/>\nVolumen del producto 20 cm * 22 cm * 35 cm<br \/>\nMaterial aleaci\u00f3n de aluminio<\/p>\n<p>&nbsp;<\/p>\n<p>En <strong>Aleaci\u00f3n de aluminio Single -pipe \u2018s<\/strong> sofisticados acabados anodizados o con recubrimiento de polvo que van m\u00e1s all\u00e1 de la mera belleza. Estos tratamientos de grado experto proporcionan una barrera de defensa contra el desgaste diario, la corrosi\u00f3n y la oxidaci\u00f3n. En definitiva, el tubo simple de aleaci\u00f3n de aluminio es una opci\u00f3n de almacenamiento fiable para <a href=\"https:\/\/global-hookah.com\/\">mayoristas de narguile<\/a>, disminuyendo las devoluciones e impulsando la repetici\u00f3n de los consumidores. Adem\u00e1s, mantiene su aspecto inmaculado durante innumerables sesiones.<\/p>\n<p>Otra ventaja de la aleaci\u00f3n de aluminio es su excepcional conductividad t\u00e9rmica. Gracias a su coeficiente de conductividad t\u00e9rmica muy superior al del vidrio o la cer\u00e1mica, el calor puede disiparse r\u00e1pidamente -en cuesti\u00f3n de minutos- y el <strong>Aleaci\u00f3n de aluminio Tubo simple<\/strong> no se sobrecalentar\u00e1 ni quemar\u00e1 a los usuarios. Adem\u00e1s, su eficaz sistema de disipaci\u00f3n del calor controla cuidadosamente la temperatura de combusti\u00f3n, evitando que el tabaco se queme en exceso y garantizando que cada calada de narguile sea completa, suave y limpia.<\/p>\n<p>El dise\u00f1o ergon\u00f3mico est\u00e1 bien pensado en todos los sentidos. El <strong>Tubos simples de aleaci\u00f3n<\/strong> side tiene una interfaz de tubo estandarizada con una textura especial antideslizante en la zona de agarre y en la interfaz, que facilita que los dedos encajen con naturalidad. La inserci\u00f3n y el sellado son sencillos, incluso para manos sudorosas o grasientas, lo que garantiza la ausencia de fugas y de humillaciones. Viene en un juego completo que incluye el cuerpo, el tubo, el anillo de sellado y los accesorios; el precio al por mayor es realmente bueno.<\/p>","protected":false},"excerpt":{"rendered":"<p>Peso de la unidad 2.8kg Volumen del producto 20cm * 22cm * 35cm Material de aleaci\u00f3n de aluminio La aleaci\u00f3n de aluminio Single -pipe \u2018s<\/p>","protected":false},"featured_media":13649,"comment_status":"open","ping_status":"closed","template":"","meta":{"iawp_total_views":4,"_joinchat":[]},"product_brand":[],"product_cat":[119],"product_tag":[],"class_list":{"0":"post-13641","1":"product","2":"type-product","3":"status-publish","4":"has-post-thumbnail","6":"product_cat-wholesale-hookah","8":"first","9":"instock","10":"shipping-taxable","11":"product-type-external"},"yoast_head":"<!-- This site is optimized with the Yoast SEO Premium plugin v24.7 (Yoast SEO v26.8) - https:\/\/yoast.com\/product\/yoast-seo-premium-wordpress\/ -->\n<title>Aluminum Alloy Single -pipe Full Set of Water Cigarette Pot Wholesale - Global Hookah<\/title>\n<meta name=\"robots\" content=\"index, follow, max-snippet:-1, max-image-preview:large, max-video-preview:-1\" \/>\n<link rel=\"canonical\" href=\"https:\/\/global-hookah.com\/es\/producto\/aluminum-alloy-single-pipe-full-set-of-water-cigarette-pot-wholesale\/\" \/>\n<meta property=\"og:locale\" content=\"es_ES\" \/>\n<meta property=\"og:type\" content=\"article\" \/>\n<meta property=\"og:title\" content=\"Aluminum Alloy Single -pipe Full Set of Water Cigarette Pot Wholesale\" \/>\n<meta property=\"og:description\" content=\"Unit weight 2.8kg Product volume 20cm * 22cm * 35cm Material aluminum alloy &nbsp; The Aluminum Alloy Single -pipe &#8216;s\" \/>\n<meta property=\"og:url\" content=\"https:\/\/global-hookah.com\/es\/producto\/aluminum-alloy-single-pipe-full-set-of-water-cigarette-pot-wholesale\/\" \/>\n<meta property=\"og:site_name\" content=\"Global Hookah\" \/>\n<meta property=\"article:modified_time\" content=\"2026-02-10T08:49:29+00:00\" \/>\n<meta property=\"og:image\" content=\"https:\/\/global-hookah.com\/wp-content\/uploads\/2023\/09\/O1CN01f8Uu2h1fa7jwImtkR_2207662824022-0-cib.jpg\" \/>\n\t<meta property=\"og:image:width\" content=\"1920\" \/>\n\t<meta property=\"og:image:height\" content=\"1920\" \/>\n\t<meta property=\"og:image:type\" content=\"image\/jpeg\" \/>\n<meta name=\"twitter:card\" content=\"summary_large_image\" \/>\n<meta name=\"twitter:label1\" content=\"Tiempo de lectura\" \/>\n\t<meta name=\"twitter:data1\" content=\"2 minutos\" \/>\n<script type=\"application\/ld+json\" class=\"yoast-schema-graph\">{\"@context\":\"https:\/\/schema.org\",\"@graph\":[{\"@type\":\"WebPage\",\"@id\":\"https:\/\/global-hookah.com\/product\/aluminum-alloy-single-pipe-full-set-of-water-cigarette-pot-wholesale\/\",\"url\":\"https:\/\/global-hookah.com\/product\/aluminum-alloy-single-pipe-full-set-of-water-cigarette-pot-wholesale\/\",\"name\":\"Aluminum Alloy Single -pipe Full Set of Water Cigarette Pot Wholesale - Global Hookah\",\"isPartOf\":{\"@id\":\"https:\/\/global-hookah.com\/#website\"},\"primaryImageOfPage\":{\"@id\":\"https:\/\/global-hookah.com\/product\/aluminum-alloy-single-pipe-full-set-of-water-cigarette-pot-wholesale\/#primaryimage\"},\"image\":{\"@id\":\"https:\/\/global-hookah.com\/product\/aluminum-alloy-single-pipe-full-set-of-water-cigarette-pot-wholesale\/#primaryimage\"},\"thumbnailUrl\":\"https:\/\/global-hookah.com\/wp-content\/uploads\/2023\/09\/O1CN01f8Uu2h1fa7jwImtkR_2207662824022-0-cib.jpg\",\"datePublished\":\"2023-09-25T08:01:30+00:00\",\"dateModified\":\"2026-02-10T08:49:29+00:00\",\"breadcrumb\":{\"@id\":\"https:\/\/global-hookah.com\/product\/aluminum-alloy-single-pipe-full-set-of-water-cigarette-pot-wholesale\/#breadcrumb\"},\"inLanguage\":\"es\",\"potentialAction\":[{\"@type\":\"ReadAction\",\"target\":[\"https:\/\/global-hookah.com\/product\/aluminum-alloy-single-pipe-full-set-of-water-cigarette-pot-wholesale\/\"]}]},{\"@type\":\"ImageObject\",\"inLanguage\":\"es\",\"@id\":\"https:\/\/global-hookah.com\/product\/aluminum-alloy-single-pipe-full-set-of-water-cigarette-pot-wholesale\/#primaryimage\",\"url\":\"https:\/\/global-hookah.com\/wp-content\/uploads\/2023\/09\/O1CN01f8Uu2h1fa7jwImtkR_2207662824022-0-cib.jpg\",\"contentUrl\":\"https:\/\/global-hookah.com\/wp-content\/uploads\/2023\/09\/O1CN01f8Uu2h1fa7jwImtkR_2207662824022-0-cib.jpg\",\"width\":1920,\"height\":1920,\"caption\":\"Aluminum alloy single -pipe full set of water cigarette pot wholesale\"},{\"@type\":\"BreadcrumbList\",\"@id\":\"https:\/\/global-hookah.com\/product\/aluminum-alloy-single-pipe-full-set-of-water-cigarette-pot-wholesale\/#breadcrumb\",\"itemListElement\":[{\"@type\":\"ListItem\",\"position\":1,\"name\":\"Home\",\"item\":\"https:\/\/global-hookah.com\/\"},{\"@type\":\"ListItem\",\"position\":2,\"name\":\"Shop\",\"item\":\"https:\/\/global-hookah.com\/shop\/\"},{\"@type\":\"ListItem\",\"position\":3,\"name\":\"Aluminum Alloy Single -pipe Full Set of Water Cigarette Pot Wholesale\"}]},{\"@type\":\"WebSite\",\"@id\":\"https:\/\/global-hookah.com\/#website\",\"url\":\"https:\/\/global-hookah.com\/\",\"name\":\"Global Hookah\",\"description\":\"Global Hookah\",\"publisher\":{\"@id\":\"https:\/\/global-hookah.com\/#organization\"},\"potentialAction\":[{\"@type\":\"SearchAction\",\"target\":{\"@type\":\"EntryPoint\",\"urlTemplate\":\"https:\/\/global-hookah.com\/?s={search_term_string}\"},\"query-input\":{\"@type\":\"PropertyValueSpecification\",\"valueRequired\":true,\"valueName\":\"search_term_string\"}}],\"inLanguage\":\"es\"},{\"@type\":\"Organization\",\"@id\":\"https:\/\/global-hookah.com\/#organization\",\"name\":\"Global Hookah\",\"url\":\"https:\/\/global-hookah.com\/\",\"logo\":{\"@type\":\"ImageObject\",\"inLanguage\":\"es\",\"@id\":\"https:\/\/global-hookah.com\/#\/schema\/logo\/image\/\",\"url\":\"https:\/\/global-hookah.com\/wp-content\/uploads\/2021\/10\/cropped-fgg.png\",\"contentUrl\":\"https:\/\/global-hookah.com\/wp-content\/uploads\/2021\/10\/cropped-fgg.png\",\"width\":512,\"height\":512,\"caption\":\"Global Hookah\"},\"image\":{\"@id\":\"https:\/\/global-hookah.com\/#\/schema\/logo\/image\/\"}}]}<\/script>\n<!-- \/ Yoast SEO Premium plugin. -->","yoast_head_json":{"title":"Aleaci\u00f3n de Aluminio Single -pipe Full Set de agua del cigarrillo Pot Venta al por mayor - Global Hookah","robots":{"index":"index","follow":"follow","max-snippet":"max-snippet:-1","max-image-preview":"max-image-preview:large","max-video-preview":"max-video-preview:-1"},"canonical":"https:\/\/global-hookah.com\/es\/producto\/aluminum-alloy-single-pipe-full-set-of-water-cigarette-pot-wholesale\/","og_locale":"es_ES","og_type":"article","og_title":"Aluminum Alloy Single -pipe Full Set of Water Cigarette Pot Wholesale","og_description":"Unit weight 2.8kg Product volume 20cm * 22cm * 35cm Material aluminum alloy &nbsp; The Aluminum Alloy Single -pipe &#8216;s","og_url":"https:\/\/global-hookah.com\/es\/producto\/aluminum-alloy-single-pipe-full-set-of-water-cigarette-pot-wholesale\/","og_site_name":"Global Hookah","article_modified_time":"2026-02-10T08:49:29+00:00","og_image":[{"width":1920,"height":1920,"url":"https:\/\/global-hookah.com\/wp-content\/uploads\/2023\/09\/O1CN01f8Uu2h1fa7jwImtkR_2207662824022-0-cib.jpg","type":"image\/jpeg"}],"twitter_card":"summary_large_image","twitter_misc":{"Tiempo de lectura":"2 minutos"},"schema":{"@context":"https:\/\/schema.org","@graph":[{"@type":"WebPage","@id":"https:\/\/global-hookah.com\/product\/aluminum-alloy-single-pipe-full-set-of-water-cigarette-pot-wholesale\/","url":"https:\/\/global-hookah.com\/product\/aluminum-alloy-single-pipe-full-set-of-water-cigarette-pot-wholesale\/","name":"Aleaci\u00f3n de Aluminio Single -pipe Full Set de agua del cigarrillo Pot Venta al por mayor - Global Hookah","isPartOf":{"@id":"https:\/\/global-hookah.com\/#website"},"primaryImageOfPage":{"@id":"https:\/\/global-hookah.com\/product\/aluminum-alloy-single-pipe-full-set-of-water-cigarette-pot-wholesale\/#primaryimage"},"image":{"@id":"https:\/\/global-hookah.com\/product\/aluminum-alloy-single-pipe-full-set-of-water-cigarette-pot-wholesale\/#primaryimage"},"thumbnailUrl":"https:\/\/global-hookah.com\/wp-content\/uploads\/2023\/09\/O1CN01f8Uu2h1fa7jwImtkR_2207662824022-0-cib.jpg","datePublished":"2023-09-25T08:01:30+00:00","dateModified":"2026-02-10T08:49:29+00:00","breadcrumb":{"@id":"https:\/\/global-hookah.com\/product\/aluminum-alloy-single-pipe-full-set-of-water-cigarette-pot-wholesale\/#breadcrumb"},"inLanguage":"es","potentialAction":[{"@type":"ReadAction","target":["https:\/\/global-hookah.com\/product\/aluminum-alloy-single-pipe-full-set-of-water-cigarette-pot-wholesale\/"]}]},{"@type":"ImageObject","inLanguage":"es","@id":"https:\/\/global-hookah.com\/product\/aluminum-alloy-single-pipe-full-set-of-water-cigarette-pot-wholesale\/#primaryimage","url":"https:\/\/global-hookah.com\/wp-content\/uploads\/2023\/09\/O1CN01f8Uu2h1fa7jwImtkR_2207662824022-0-cib.jpg","contentUrl":"https:\/\/global-hookah.com\/wp-content\/uploads\/2023\/09\/O1CN01f8Uu2h1fa7jwImtkR_2207662824022-0-cib.jpg","width":1920,"height":1920,"caption":"Aluminum alloy single -pipe full set of water cigarette pot wholesale"},{"@type":"BreadcrumbList","@id":"https:\/\/global-hookah.com\/product\/aluminum-alloy-single-pipe-full-set-of-water-cigarette-pot-wholesale\/#breadcrumb","itemListElement":[{"@type":"ListItem","position":1,"name":"Home","item":"https:\/\/global-hookah.com\/"},{"@type":"ListItem","position":2,"name":"Shop","item":"https:\/\/global-hookah.com\/shop\/"},{"@type":"ListItem","position":3,"name":"Aluminum Alloy Single -pipe Full Set of Water Cigarette Pot Wholesale"}]},{"@type":"WebSite","@id":"https:\/\/global-hookah.com\/#website","url":"https:\/\/global-hookah.com\/","name":"Global Hookah","description":"Global Hookah","publisher":{"@id":"https:\/\/global-hookah.com\/#organization"},"potentialAction":[{"@type":"SearchAction","target":{"@type":"EntryPoint","urlTemplate":"https:\/\/global-hookah.com\/?s={search_term_string}"},"query-input":{"@type":"PropertyValueSpecification","valueRequired":true,"valueName":"search_term_string"}}],"inLanguage":"es"},{"@type":"Organization","@id":"https:\/\/global-hookah.com\/#organization","name":"Global Hookah","url":"https:\/\/global-hookah.com\/","logo":{"@type":"ImageObject","inLanguage":"es","@id":"https:\/\/global-hookah.com\/#\/schema\/logo\/image\/","url":"https:\/\/global-hookah.com\/wp-content\/uploads\/2021\/10\/cropped-fgg.png","contentUrl":"https:\/\/global-hookah.com\/wp-content\/uploads\/2021\/10\/cropped-fgg.png","width":512,"height":512,"caption":"Global Hookah"},"image":{"@id":"https:\/\/global-hookah.com\/#\/schema\/logo\/image\/"}}]}},"_links":{"self":[{"href":"https:\/\/global-hookah.com\/es\/wp-json\/wp\/v2\/product\/13641","targetHints":{"allow":["GET"]}}],"collection":[{"href":"https:\/\/global-hookah.com\/es\/wp-json\/wp\/v2\/product"}],"about":[{"href":"https:\/\/global-hookah.com\/es\/wp-json\/wp\/v2\/types\/product"}],"replies":[{"embeddable":true,"href":"https:\/\/global-hookah.com\/es\/wp-json\/wp\/v2\/comments?post=13641"}],"version-history":[{"count":2,"href":"https:\/\/global-hookah.com\/es\/wp-json\/wp\/v2\/product\/13641\/revisions"}],"predecessor-version":[{"id":33135,"href":"https:\/\/global-hookah.com\/es\/wp-json\/wp\/v2\/product\/13641\/revisions\/33135"}],"wp:featuredmedia":[{"embeddable":true,"href":"https:\/\/global-hookah.com\/es\/wp-json\/wp\/v2\/media\/13649"}],"wp:attachment":[{"href":"https:\/\/global-hookah.com\/es\/wp-json\/wp\/v2\/media?parent=13641"}],"wp:term":[{"taxonomy":"product_brand","embeddable":true,"href":"https:\/\/global-hookah.com\/es\/wp-json\/wp\/v2\/product_brand?post=13641"},{"taxonomy":"product_cat","embeddable":true,"href":"https:\/\/global-hookah.com\/es\/wp-json\/wp\/v2\/product_cat?post=13641"},{"taxonomy":"product_tag","embeddable":true,"href":"https:\/\/global-hookah.com\/es\/wp-json\/wp\/v2\/product_tag?post=13641"}],"curies":[{"name":"wp","href":"https:\/\/api.w.org\/{rel}","templated":true}]}}