{"id":14092,"date":"2023-10-01T08:48:20","date_gmt":"2023-10-01T08:48:20","guid":{"rendered":"https:\/\/global-hookah.com\/?post_type=product&#038;p=14092"},"modified":"2024-01-12T03:53:29","modified_gmt":"2024-01-12T03:53:29","slug":"acrylic-hookah-for-weed-wholesale","status":"publish","type":"product","link":"https:\/\/global-hookah.com\/es\/producto\/acrylic-hookah-for-weed-wholesale\/","title":{"rendered":"Hookah acr\u00edlico para hierba al por mayor"},"content":{"rendered":"<p>Nuestra <strong>Hookah acr\u00edlico para hierba<\/strong> ofrece un dise\u00f1o elegante y moderno, lo que la convierte en una pipa de agua imprescindible para los amantes de la moda. Su cuerpo transparente permite a los usuarios observar el suave flujo del humo, lo que aumenta el placer general de fumar. Y su robusta construcci\u00f3n garantiza la estabilidad durante el uso, minimizando el riesgo de vuelcos o roturas accidentales.<\/p>\n<p>La clave es su estructura de filtro multicapa. <strong>Hierba Hookah<\/strong> puede filtrar eficazmente los componentes nocivos del cannabis. Se ha dise\u00f1ado espec\u00edficamente para el consumo de cannabis. Esto hace que su uso sea m\u00e1s seguro.<\/p>\n<p>Tambi\u00e9n es muy c\u00f3moda de usar. Llene la parte inferior con cannabis o especias, a\u00f1ada una cantidad adecuada de agua caliente y podr\u00e1 inhalar el humo concentrado a trav\u00e9s de la larga pipa. Adem\u00e1s,<strong>Weed Hookah's<\/strong> El innovador dise\u00f1o incorpora una eficaz tecnolog\u00eda de flujo de aire, que garantiza una extracci\u00f3n suave y la m\u00e1xima entrega de sabor.<\/p>\n<p>Su estructura es resistente y duradera, y su aspecto antideslizante facilita su transporte. Tanto en casa como en una fiesta, satisface en gran medida sus necesidades.Adem\u00e1s de <a href=\"https:\/\/global-hookah.com\/product-category\/wholesale-hookah\/\">venta al por mayor de narguiles de cristal comunes, tambi\u00e9n vendemos al por mayor narguiles de cer\u00e1mica, narguiles de metal<\/a> y otros materiales y estilos diferentes para satisfacer sus distintas necesidades. Si est\u00e1 interesado, p\u00f3ngase en contacto con nosotros por correo electr\u00f3nico<\/p>\n<p>&nbsp;<\/p>\n<p>Peso del paquete transfronterizo 1,8 kg<br \/>\nPeso unitario 1,8 kg<br \/>\nVolumen del producto 35 cm * 20 cm * 35 cm<br \/>\nmaterial: pl\u00e1stico<\/p>","protected":false},"excerpt":{"rendered":"<p>Nuestra pipa de agua acr\u00edlica para hierba ofrece un dise\u00f1o elegante y moderno, lo que la convierte en una pipa de agua imprescindible para los entusiastas de la moda. Su<\/p>","protected":false},"featured_media":14097,"comment_status":"open","ping_status":"closed","template":"","meta":{"iawp_total_views":3,"_joinchat":[]},"product_brand":[],"product_cat":[560,119],"product_tag":[],"class_list":{"0":"post-14092","1":"product","2":"type-product","3":"status-publish","4":"has-post-thumbnail","6":"product_cat-glass-hookah-wholesale","7":"product_cat-wholesale-hookah","9":"first","10":"instock","11":"shipping-taxable","12":"purchasable","13":"product-type-simple"},"yoast_head":"<!-- This site is optimized with the Yoast SEO Premium plugin v24.7 (Yoast SEO v26.8) - https:\/\/yoast.com\/product\/yoast-seo-premium-wordpress\/ -->\n<title>Acrylic Hookah For Weed Wholesale - Global Hookah<\/title>\n<meta name=\"robots\" content=\"index, follow, max-snippet:-1, max-image-preview:large, max-video-preview:-1\" \/>\n<link rel=\"canonical\" href=\"https:\/\/global-hookah.com\/es\/producto\/acrylic-hookah-for-weed-wholesale\/\" \/>\n<meta property=\"og:locale\" content=\"es_ES\" \/>\n<meta property=\"og:type\" content=\"article\" \/>\n<meta property=\"og:title\" content=\"Acrylic Hookah For Weed Wholesale\" \/>\n<meta property=\"og:description\" content=\"Our Acrylic Hookah for Weed offers a sleek and modern design, making it a must-have hookah for fashion-conscious enthusiasts. Its\" \/>\n<meta property=\"og:url\" content=\"https:\/\/global-hookah.com\/es\/producto\/acrylic-hookah-for-weed-wholesale\/\" \/>\n<meta property=\"og:site_name\" content=\"Global Hookah\" \/>\n<meta property=\"article:modified_time\" content=\"2024-01-12T03:53:29+00:00\" \/>\n<meta property=\"og:image\" content=\"https:\/\/global-hookah.com\/wp-content\/uploads\/2023\/10\/O1CN01VEpF8S1fjHaaBLYhw_2211984884042-0-cib.jpg\" \/>\n\t<meta property=\"og:image:width\" content=\"1000\" \/>\n\t<meta property=\"og:image:height\" content=\"1000\" \/>\n\t<meta property=\"og:image:type\" content=\"image\/jpeg\" \/>\n<meta name=\"twitter:card\" content=\"summary_large_image\" \/>\n<meta name=\"twitter:label1\" content=\"Tiempo de lectura\" \/>\n\t<meta name=\"twitter:data1\" content=\"1 minuto\" \/>\n<script type=\"application\/ld+json\" class=\"yoast-schema-graph\">{\"@context\":\"https:\/\/schema.org\",\"@graph\":[{\"@type\":\"WebPage\",\"@id\":\"https:\/\/global-hookah.com\/product\/acrylic-hookah-for-weed-wholesale\/\",\"url\":\"https:\/\/global-hookah.com\/product\/acrylic-hookah-for-weed-wholesale\/\",\"name\":\"Acrylic Hookah For Weed Wholesale - Global Hookah\",\"isPartOf\":{\"@id\":\"https:\/\/global-hookah.com\/#website\"},\"primaryImageOfPage\":{\"@id\":\"https:\/\/global-hookah.com\/product\/acrylic-hookah-for-weed-wholesale\/#primaryimage\"},\"image\":{\"@id\":\"https:\/\/global-hookah.com\/product\/acrylic-hookah-for-weed-wholesale\/#primaryimage\"},\"thumbnailUrl\":\"https:\/\/global-hookah.com\/wp-content\/uploads\/2023\/10\/O1CN01VEpF8S1fjHaaBLYhw_2211984884042-0-cib.jpg\",\"datePublished\":\"2023-10-01T08:48:20+00:00\",\"dateModified\":\"2024-01-12T03:53:29+00:00\",\"breadcrumb\":{\"@id\":\"https:\/\/global-hookah.com\/product\/acrylic-hookah-for-weed-wholesale\/#breadcrumb\"},\"inLanguage\":\"es\",\"potentialAction\":[{\"@type\":\"ReadAction\",\"target\":[\"https:\/\/global-hookah.com\/product\/acrylic-hookah-for-weed-wholesale\/\"]}]},{\"@type\":\"ImageObject\",\"inLanguage\":\"es\",\"@id\":\"https:\/\/global-hookah.com\/product\/acrylic-hookah-for-weed-wholesale\/#primaryimage\",\"url\":\"https:\/\/global-hookah.com\/wp-content\/uploads\/2023\/10\/O1CN01VEpF8S1fjHaaBLYhw_2211984884042-0-cib.jpg\",\"contentUrl\":\"https:\/\/global-hookah.com\/wp-content\/uploads\/2023\/10\/O1CN01VEpF8S1fjHaaBLYhw_2211984884042-0-cib.jpg\",\"width\":1000,\"height\":1000,\"caption\":\"Acrylic Hookah For Weed Wholesale\"},{\"@type\":\"BreadcrumbList\",\"@id\":\"https:\/\/global-hookah.com\/product\/acrylic-hookah-for-weed-wholesale\/#breadcrumb\",\"itemListElement\":[{\"@type\":\"ListItem\",\"position\":1,\"name\":\"Home\",\"item\":\"https:\/\/global-hookah.com\/\"},{\"@type\":\"ListItem\",\"position\":2,\"name\":\"Shop\",\"item\":\"https:\/\/global-hookah.com\/shop\/\"},{\"@type\":\"ListItem\",\"position\":3,\"name\":\"Acrylic Hookah For Weed Wholesale\"}]},{\"@type\":\"WebSite\",\"@id\":\"https:\/\/global-hookah.com\/#website\",\"url\":\"https:\/\/global-hookah.com\/\",\"name\":\"Global Hookah\",\"description\":\"Global Hookah\",\"publisher\":{\"@id\":\"https:\/\/global-hookah.com\/#organization\"},\"potentialAction\":[{\"@type\":\"SearchAction\",\"target\":{\"@type\":\"EntryPoint\",\"urlTemplate\":\"https:\/\/global-hookah.com\/?s={search_term_string}\"},\"query-input\":{\"@type\":\"PropertyValueSpecification\",\"valueRequired\":true,\"valueName\":\"search_term_string\"}}],\"inLanguage\":\"es\"},{\"@type\":\"Organization\",\"@id\":\"https:\/\/global-hookah.com\/#organization\",\"name\":\"Global Hookah\",\"url\":\"https:\/\/global-hookah.com\/\",\"logo\":{\"@type\":\"ImageObject\",\"inLanguage\":\"es\",\"@id\":\"https:\/\/global-hookah.com\/#\/schema\/logo\/image\/\",\"url\":\"https:\/\/global-hookah.com\/wp-content\/uploads\/2021\/10\/cropped-fgg.png\",\"contentUrl\":\"https:\/\/global-hookah.com\/wp-content\/uploads\/2021\/10\/cropped-fgg.png\",\"width\":512,\"height\":512,\"caption\":\"Global Hookah\"},\"image\":{\"@id\":\"https:\/\/global-hookah.com\/#\/schema\/logo\/image\/\"}}]}<\/script>\n<!-- \/ Yoast SEO Premium plugin. -->","yoast_head_json":{"title":"Hookah acr\u00edlico para hierba al por mayor - Global Hookah","robots":{"index":"index","follow":"follow","max-snippet":"max-snippet:-1","max-image-preview":"max-image-preview:large","max-video-preview":"max-video-preview:-1"},"canonical":"https:\/\/global-hookah.com\/es\/producto\/acrylic-hookah-for-weed-wholesale\/","og_locale":"es_ES","og_type":"article","og_title":"Acrylic Hookah For Weed Wholesale","og_description":"Our Acrylic Hookah for Weed offers a sleek and modern design, making it a must-have hookah for fashion-conscious enthusiasts. Its","og_url":"https:\/\/global-hookah.com\/es\/producto\/acrylic-hookah-for-weed-wholesale\/","og_site_name":"Global Hookah","article_modified_time":"2024-01-12T03:53:29+00:00","og_image":[{"width":1000,"height":1000,"url":"https:\/\/global-hookah.com\/wp-content\/uploads\/2023\/10\/O1CN01VEpF8S1fjHaaBLYhw_2211984884042-0-cib.jpg","type":"image\/jpeg"}],"twitter_card":"summary_large_image","twitter_misc":{"Tiempo de lectura":"1 minuto"},"schema":{"@context":"https:\/\/schema.org","@graph":[{"@type":"WebPage","@id":"https:\/\/global-hookah.com\/product\/acrylic-hookah-for-weed-wholesale\/","url":"https:\/\/global-hookah.com\/product\/acrylic-hookah-for-weed-wholesale\/","name":"Hookah acr\u00edlico para hierba al por mayor - Global Hookah","isPartOf":{"@id":"https:\/\/global-hookah.com\/#website"},"primaryImageOfPage":{"@id":"https:\/\/global-hookah.com\/product\/acrylic-hookah-for-weed-wholesale\/#primaryimage"},"image":{"@id":"https:\/\/global-hookah.com\/product\/acrylic-hookah-for-weed-wholesale\/#primaryimage"},"thumbnailUrl":"https:\/\/global-hookah.com\/wp-content\/uploads\/2023\/10\/O1CN01VEpF8S1fjHaaBLYhw_2211984884042-0-cib.jpg","datePublished":"2023-10-01T08:48:20+00:00","dateModified":"2024-01-12T03:53:29+00:00","breadcrumb":{"@id":"https:\/\/global-hookah.com\/product\/acrylic-hookah-for-weed-wholesale\/#breadcrumb"},"inLanguage":"es","potentialAction":[{"@type":"ReadAction","target":["https:\/\/global-hookah.com\/product\/acrylic-hookah-for-weed-wholesale\/"]}]},{"@type":"ImageObject","inLanguage":"es","@id":"https:\/\/global-hookah.com\/product\/acrylic-hookah-for-weed-wholesale\/#primaryimage","url":"https:\/\/global-hookah.com\/wp-content\/uploads\/2023\/10\/O1CN01VEpF8S1fjHaaBLYhw_2211984884042-0-cib.jpg","contentUrl":"https:\/\/global-hookah.com\/wp-content\/uploads\/2023\/10\/O1CN01VEpF8S1fjHaaBLYhw_2211984884042-0-cib.jpg","width":1000,"height":1000,"caption":"Acrylic Hookah For Weed Wholesale"},{"@type":"BreadcrumbList","@id":"https:\/\/global-hookah.com\/product\/acrylic-hookah-for-weed-wholesale\/#breadcrumb","itemListElement":[{"@type":"ListItem","position":1,"name":"Home","item":"https:\/\/global-hookah.com\/"},{"@type":"ListItem","position":2,"name":"Shop","item":"https:\/\/global-hookah.com\/shop\/"},{"@type":"ListItem","position":3,"name":"Acrylic Hookah For Weed Wholesale"}]},{"@type":"WebSite","@id":"https:\/\/global-hookah.com\/#website","url":"https:\/\/global-hookah.com\/","name":"Global Hookah","description":"Global Hookah","publisher":{"@id":"https:\/\/global-hookah.com\/#organization"},"potentialAction":[{"@type":"SearchAction","target":{"@type":"EntryPoint","urlTemplate":"https:\/\/global-hookah.com\/?s={search_term_string}"},"query-input":{"@type":"PropertyValueSpecification","valueRequired":true,"valueName":"search_term_string"}}],"inLanguage":"es"},{"@type":"Organization","@id":"https:\/\/global-hookah.com\/#organization","name":"Global Hookah","url":"https:\/\/global-hookah.com\/","logo":{"@type":"ImageObject","inLanguage":"es","@id":"https:\/\/global-hookah.com\/#\/schema\/logo\/image\/","url":"https:\/\/global-hookah.com\/wp-content\/uploads\/2021\/10\/cropped-fgg.png","contentUrl":"https:\/\/global-hookah.com\/wp-content\/uploads\/2021\/10\/cropped-fgg.png","width":512,"height":512,"caption":"Global Hookah"},"image":{"@id":"https:\/\/global-hookah.com\/#\/schema\/logo\/image\/"}}]}},"_links":{"self":[{"href":"https:\/\/global-hookah.com\/es\/wp-json\/wp\/v2\/product\/14092","targetHints":{"allow":["GET"]}}],"collection":[{"href":"https:\/\/global-hookah.com\/es\/wp-json\/wp\/v2\/product"}],"about":[{"href":"https:\/\/global-hookah.com\/es\/wp-json\/wp\/v2\/types\/product"}],"replies":[{"embeddable":true,"href":"https:\/\/global-hookah.com\/es\/wp-json\/wp\/v2\/comments?post=14092"}],"version-history":[{"count":0,"href":"https:\/\/global-hookah.com\/es\/wp-json\/wp\/v2\/product\/14092\/revisions"}],"wp:featuredmedia":[{"embeddable":true,"href":"https:\/\/global-hookah.com\/es\/wp-json\/wp\/v2\/media\/14097"}],"wp:attachment":[{"href":"https:\/\/global-hookah.com\/es\/wp-json\/wp\/v2\/media?parent=14092"}],"wp:term":[{"taxonomy":"product_brand","embeddable":true,"href":"https:\/\/global-hookah.com\/es\/wp-json\/wp\/v2\/product_brand?post=14092"},{"taxonomy":"product_cat","embeddable":true,"href":"https:\/\/global-hookah.com\/es\/wp-json\/wp\/v2\/product_cat?post=14092"},{"taxonomy":"product_tag","embeddable":true,"href":"https:\/\/global-hookah.com\/es\/wp-json\/wp\/v2\/product_tag?post=14092"}],"curies":[{"name":"wp","href":"https:\/\/api.w.org\/{rel}","templated":true}]}}