{"id":14108,"date":"2023-10-01T08:59:01","date_gmt":"2023-10-01T08:59:01","guid":{"rendered":"https:\/\/global-hookah.com\/?post_type=product&#038;p=14108"},"modified":"2024-01-12T03:53:27","modified_gmt":"2024-01-12T03:53:27","slug":"blue-acrylic-hookah-wholesale","status":"publish","type":"product","link":"https:\/\/global-hookah.com\/es\/producto\/blue-acrylic-hookah-wholesale\/","title":{"rendered":"Hookah acr\u00edlico azul al por mayor"},"content":{"rendered":"<p>Este<strong> Hookah acr\u00edlico azul<\/strong> est\u00e1 fabricado con material acr\u00edlico transparente. A diferencia de los <a href=\"https:\/\/global-hookah.com\/\">narguiles de cristal<\/a>El acr\u00edlico es un material m\u00e1s ligero. Hace que sea m\u00e1s f\u00e1cil de llevar cuando se viaja<\/p>\n<p>Adem\u00e1s, su caracter\u00edstica m\u00e1s destacada es su aspecto azul cielo. El color resulta muy atractivo desde el exterior. Cuando se utiliza, el humo llena el interior azul como el oc\u00e9ano, lo que resulta muy rom\u00e1ntico.<\/p>\n<p>Con su dise\u00f1o ergon\u00f3mico, estos narguiles garantizan un agarre c\u00f3modo durante su uso. El v\u00e1stago de acero inoxidable garantiza un flujo de aire \u00f3ptimo, preservando la integridad del sabor de su shisha preferida. Adem\u00e1s, estas <strong>Hookah acr\u00edlico<\/strong> vienen equipados con una manguera extra\u00edble para facilitar su limpieza y mantenimiento.<\/p>\n<p>este <strong>Hookah acr\u00edlico<\/strong> incluye todos los componentes necesarios: una base resistente, un v\u00e1stago de acero inoxidable, una manguera extra\u00edble con una c\u00f3moda boquilla y una cazoleta de cer\u00e1mica.<\/p>\n<p>Si desea <a href=\"https:\/\/global-hookah.com\/product-category\/wholesale-hookah\/\">venta al por mayor de otros estilos de narguiles<\/a>S\u00f3lo tiene que abrir nuestro sitio web para ver otras series de pipas de agua, a continuaci\u00f3n, seleccione su dise\u00f1o favorito y env\u00edenos un correo electr\u00f3nico.<\/p>\n<p>&nbsp;<\/p>\n<p>Peso unitario 0,693 kg<br \/>\nmaterial: pl\u00e1stico<\/p>","protected":false},"excerpt":{"rendered":"<p>Este Hookah acr\u00edlico azul est\u00e1 hecho de material acr\u00edlico transparente. A diferencia de los narguiles de cristal comunes, el acr\u00edlico es un material m\u00e1s ligero. Se<\/p>","protected":false},"featured_media":14110,"comment_status":"open","ping_status":"closed","template":"","meta":{"iawp_total_views":1,"_joinchat":[]},"product_brand":[],"product_cat":[560,119],"product_tag":[],"class_list":{"0":"post-14108","1":"product","2":"type-product","3":"status-publish","4":"has-post-thumbnail","6":"product_cat-glass-hookah-wholesale","7":"product_cat-wholesale-hookah","9":"first","10":"instock","11":"shipping-taxable","12":"purchasable","13":"product-type-simple"},"yoast_head":"<!-- This site is optimized with the Yoast SEO Premium plugin v24.7 (Yoast SEO v26.8) - https:\/\/yoast.com\/product\/yoast-seo-premium-wordpress\/ -->\n<title>Blue Acrylic Hookah Wholesale - Global Hookah<\/title>\n<meta name=\"robots\" content=\"index, follow, max-snippet:-1, max-image-preview:large, max-video-preview:-1\" \/>\n<link rel=\"canonical\" href=\"https:\/\/global-hookah.com\/es\/ru\/\u043f\u0440\u043e\u0434\u0443\u043a\u0442\/\u0441\u0438\u043d\u0438\u0439-\u0430\u043a\u0440\u0438\u043b-\u043a\u0430\u043b\u044c\u044f\u043d-\u043e\u043f\u0442\u043e\u043c\/\" \/>\n<meta property=\"og:locale\" content=\"es_ES\" \/>\n<meta property=\"og:type\" content=\"article\" \/>\n<meta property=\"og:title\" content=\"Blue Acrylic Hookah Wholesale\" \/>\n<meta property=\"og:description\" content=\"This Blue Acrylic Hookah is made of transparent Acrylic material. Unlike common glass hookahs, Acrylic is a lighter material. It\" \/>\n<meta property=\"og:url\" content=\"https:\/\/global-hookah.com\/es\/ru\/\u043f\u0440\u043e\u0434\u0443\u043a\u0442\/\u0441\u0438\u043d\u0438\u0439-\u0430\u043a\u0440\u0438\u043b-\u043a\u0430\u043b\u044c\u044f\u043d-\u043e\u043f\u0442\u043e\u043c\/\" \/>\n<meta property=\"og:site_name\" content=\"Global Hookah\" \/>\n<meta property=\"article:modified_time\" content=\"2024-01-12T03:53:27+00:00\" \/>\n<meta property=\"og:image\" content=\"https:\/\/global-hookah.com\/wp-content\/uploads\/2023\/10\/O1CN01L20AGv1fjHb6nXB9B_2211984884042-0-cib.jpg\" \/>\n\t<meta property=\"og:image:width\" content=\"772\" \/>\n\t<meta property=\"og:image:height\" content=\"772\" \/>\n\t<meta property=\"og:image:type\" content=\"image\/jpeg\" \/>\n<meta name=\"twitter:card\" content=\"summary_large_image\" \/>\n<meta name=\"twitter:label1\" content=\"Tiempo de lectura\" \/>\n\t<meta name=\"twitter:data1\" content=\"1 minuto\" \/>\n<script type=\"application\/ld+json\" class=\"yoast-schema-graph\">{\"@context\":\"https:\/\/schema.org\",\"@graph\":[{\"@type\":\"WebPage\",\"@id\":\"https:\/\/global-hookah.com\/ru\/\u043f\u0440\u043e\u0434\u0443\u043a\u0442\/%d1%81%d0%b8%d0%bd%d0%b8%d0%b9-%d0%b0%d0%ba%d1%80%d0%b8%d0%bb-%d0%ba%d0%b0%d0%bb%d1%8c%d1%8f%d0%bd-%d0%be%d0%bf%d1%82%d0%be%d0%bc\/\",\"url\":\"https:\/\/global-hookah.com\/ru\/\u043f\u0440\u043e\u0434\u0443\u043a\u0442\/%d1%81%d0%b8%d0%bd%d0%b8%d0%b9-%d0%b0%d0%ba%d1%80%d0%b8%d0%bb-%d0%ba%d0%b0%d0%bb%d1%8c%d1%8f%d0%bd-%d0%be%d0%bf%d1%82%d0%be%d0%bc\/\",\"name\":\"Blue Acrylic Hookah Wholesale - Global Hookah\",\"isPartOf\":{\"@id\":\"https:\/\/global-hookah.com\/#website\"},\"primaryImageOfPage\":{\"@id\":\"https:\/\/global-hookah.com\/ru\/\u043f\u0440\u043e\u0434\u0443\u043a\u0442\/%d1%81%d0%b8%d0%bd%d0%b8%d0%b9-%d0%b0%d0%ba%d1%80%d0%b8%d0%bb-%d0%ba%d0%b0%d0%bb%d1%8c%d1%8f%d0%bd-%d0%be%d0%bf%d1%82%d0%be%d0%bc\/#primaryimage\"},\"image\":{\"@id\":\"https:\/\/global-hookah.com\/ru\/\u043f\u0440\u043e\u0434\u0443\u043a\u0442\/%d1%81%d0%b8%d0%bd%d0%b8%d0%b9-%d0%b0%d0%ba%d1%80%d0%b8%d0%bb-%d0%ba%d0%b0%d0%bb%d1%8c%d1%8f%d0%bd-%d0%be%d0%bf%d1%82%d0%be%d0%bc\/#primaryimage\"},\"thumbnailUrl\":\"https:\/\/global-hookah.com\/wp-content\/uploads\/2023\/10\/O1CN01L20AGv1fjHb6nXB9B_2211984884042-0-cib.jpg\",\"datePublished\":\"2023-10-01T08:59:01+00:00\",\"dateModified\":\"2024-01-12T03:53:27+00:00\",\"breadcrumb\":{\"@id\":\"https:\/\/global-hookah.com\/ru\/\u043f\u0440\u043e\u0434\u0443\u043a\u0442\/%d1%81%d0%b8%d0%bd%d0%b8%d0%b9-%d0%b0%d0%ba%d1%80%d0%b8%d0%bb-%d0%ba%d0%b0%d0%bb%d1%8c%d1%8f%d0%bd-%d0%be%d0%bf%d1%82%d0%be%d0%bc\/#breadcrumb\"},\"inLanguage\":\"es\",\"potentialAction\":[{\"@type\":\"ReadAction\",\"target\":[\"https:\/\/global-hookah.com\/ru\/\u043f\u0440\u043e\u0434\u0443\u043a\u0442\/%d1%81%d0%b8%d0%bd%d0%b8%d0%b9-%d0%b0%d0%ba%d1%80%d0%b8%d0%bb-%d0%ba%d0%b0%d0%bb%d1%8c%d1%8f%d0%bd-%d0%be%d0%bf%d1%82%d0%be%d0%bc\/\"]}]},{\"@type\":\"ImageObject\",\"inLanguage\":\"es\",\"@id\":\"https:\/\/global-hookah.com\/ru\/\u043f\u0440\u043e\u0434\u0443\u043a\u0442\/%d1%81%d0%b8%d0%bd%d0%b8%d0%b9-%d0%b0%d0%ba%d1%80%d0%b8%d0%bb-%d0%ba%d0%b0%d0%bb%d1%8c%d1%8f%d0%bd-%d0%be%d0%bf%d1%82%d0%be%d0%bc\/#primaryimage\",\"url\":\"https:\/\/global-hookah.com\/wp-content\/uploads\/2023\/10\/O1CN01L20AGv1fjHb6nXB9B_2211984884042-0-cib.jpg\",\"contentUrl\":\"https:\/\/global-hookah.com\/wp-content\/uploads\/2023\/10\/O1CN01L20AGv1fjHb6nXB9B_2211984884042-0-cib.jpg\",\"width\":772,\"height\":772,\"caption\":\"Blue Acrylic Hookah\"},{\"@type\":\"BreadcrumbList\",\"@id\":\"https:\/\/global-hookah.com\/ru\/\u043f\u0440\u043e\u0434\u0443\u043a\u0442\/%d1%81%d0%b8%d0%bd%d0%b8%d0%b9-%d0%b0%d0%ba%d1%80%d0%b8%d0%bb-%d0%ba%d0%b0%d0%bb%d1%8c%d1%8f%d0%bd-%d0%be%d0%bf%d1%82%d0%be%d0%bc\/#breadcrumb\",\"itemListElement\":[{\"@type\":\"ListItem\",\"position\":1,\"name\":\"Home\",\"item\":\"https:\/\/global-hookah.com\/\"},{\"@type\":\"ListItem\",\"position\":2,\"name\":\"Shop\",\"item\":\"https:\/\/global-hookah.com\/shop\/\"},{\"@type\":\"ListItem\",\"position\":3,\"name\":\"Blue Acrylic Hookah Wholesale\"}]},{\"@type\":\"WebSite\",\"@id\":\"https:\/\/global-hookah.com\/#website\",\"url\":\"https:\/\/global-hookah.com\/\",\"name\":\"Global Hookah\",\"description\":\"Global Hookah\",\"publisher\":{\"@id\":\"https:\/\/global-hookah.com\/#organization\"},\"potentialAction\":[{\"@type\":\"SearchAction\",\"target\":{\"@type\":\"EntryPoint\",\"urlTemplate\":\"https:\/\/global-hookah.com\/?s={search_term_string}\"},\"query-input\":{\"@type\":\"PropertyValueSpecification\",\"valueRequired\":true,\"valueName\":\"search_term_string\"}}],\"inLanguage\":\"es\"},{\"@type\":\"Organization\",\"@id\":\"https:\/\/global-hookah.com\/#organization\",\"name\":\"Global Hookah\",\"url\":\"https:\/\/global-hookah.com\/\",\"logo\":{\"@type\":\"ImageObject\",\"inLanguage\":\"es\",\"@id\":\"https:\/\/global-hookah.com\/#\/schema\/logo\/image\/\",\"url\":\"https:\/\/global-hookah.com\/wp-content\/uploads\/2021\/10\/cropped-fgg.png\",\"contentUrl\":\"https:\/\/global-hookah.com\/wp-content\/uploads\/2021\/10\/cropped-fgg.png\",\"width\":512,\"height\":512,\"caption\":\"Global Hookah\"},\"image\":{\"@id\":\"https:\/\/global-hookah.com\/#\/schema\/logo\/image\/\"}}]}<\/script>\n<!-- \/ Yoast SEO Premium plugin. -->","yoast_head_json":{"title":"Hookah acr\u00edlico azul al por mayor - Global Hookah","robots":{"index":"index","follow":"follow","max-snippet":"max-snippet:-1","max-image-preview":"max-image-preview:large","max-video-preview":"max-video-preview:-1"},"canonical":"https:\/\/global-hookah.com\/es\/ru\/\u043f\u0440\u043e\u0434\u0443\u043a\u0442\/\u0441\u0438\u043d\u0438\u0439-\u0430\u043a\u0440\u0438\u043b-\u043a\u0430\u043b\u044c\u044f\u043d-\u043e\u043f\u0442\u043e\u043c\/","og_locale":"es_ES","og_type":"article","og_title":"Blue Acrylic Hookah Wholesale","og_description":"This Blue Acrylic Hookah is made of transparent Acrylic material. Unlike common glass hookahs, Acrylic is a lighter material. It","og_url":"https:\/\/global-hookah.com\/es\/ru\/\u043f\u0440\u043e\u0434\u0443\u043a\u0442\/\u0441\u0438\u043d\u0438\u0439-\u0430\u043a\u0440\u0438\u043b-\u043a\u0430\u043b\u044c\u044f\u043d-\u043e\u043f\u0442\u043e\u043c\/","og_site_name":"Global Hookah","article_modified_time":"2024-01-12T03:53:27+00:00","og_image":[{"width":772,"height":772,"url":"https:\/\/global-hookah.com\/wp-content\/uploads\/2023\/10\/O1CN01L20AGv1fjHb6nXB9B_2211984884042-0-cib.jpg","type":"image\/jpeg"}],"twitter_card":"summary_large_image","twitter_misc":{"Tiempo de lectura":"1 minuto"},"schema":{"@context":"https:\/\/schema.org","@graph":[{"@type":"WebPage","@id":"https:\/\/global-hookah.com\/ru\/\u043f\u0440\u043e\u0434\u0443\u043a\u0442\/%d1%81%d0%b8%d0%bd%d0%b8%d0%b9-%d0%b0%d0%ba%d1%80%d0%b8%d0%bb-%d0%ba%d0%b0%d0%bb%d1%8c%d1%8f%d0%bd-%d0%be%d0%bf%d1%82%d0%be%d0%bc\/","url":"https:\/\/global-hookah.com\/ru\/\u043f\u0440\u043e\u0434\u0443\u043a\u0442\/%d1%81%d0%b8%d0%bd%d0%b8%d0%b9-%d0%b0%d0%ba%d1%80%d0%b8%d0%bb-%d0%ba%d0%b0%d0%bb%d1%8c%d1%8f%d0%bd-%d0%be%d0%bf%d1%82%d0%be%d0%bc\/","name":"Hookah acr\u00edlico azul al por mayor - Global Hookah","isPartOf":{"@id":"https:\/\/global-hookah.com\/#website"},"primaryImageOfPage":{"@id":"https:\/\/global-hookah.com\/ru\/\u043f\u0440\u043e\u0434\u0443\u043a\u0442\/%d1%81%d0%b8%d0%bd%d0%b8%d0%b9-%d0%b0%d0%ba%d1%80%d0%b8%d0%bb-%d0%ba%d0%b0%d0%bb%d1%8c%d1%8f%d0%bd-%d0%be%d0%bf%d1%82%d0%be%d0%bc\/#primaryimage"},"image":{"@id":"https:\/\/global-hookah.com\/ru\/\u043f\u0440\u043e\u0434\u0443\u043a\u0442\/%d1%81%d0%b8%d0%bd%d0%b8%d0%b9-%d0%b0%d0%ba%d1%80%d0%b8%d0%bb-%d0%ba%d0%b0%d0%bb%d1%8c%d1%8f%d0%bd-%d0%be%d0%bf%d1%82%d0%be%d0%bc\/#primaryimage"},"thumbnailUrl":"https:\/\/global-hookah.com\/wp-content\/uploads\/2023\/10\/O1CN01L20AGv1fjHb6nXB9B_2211984884042-0-cib.jpg","datePublished":"2023-10-01T08:59:01+00:00","dateModified":"2024-01-12T03:53:27+00:00","breadcrumb":{"@id":"https:\/\/global-hookah.com\/ru\/\u043f\u0440\u043e\u0434\u0443\u043a\u0442\/%d1%81%d0%b8%d0%bd%d0%b8%d0%b9-%d0%b0%d0%ba%d1%80%d0%b8%d0%bb-%d0%ba%d0%b0%d0%bb%d1%8c%d1%8f%d0%bd-%d0%be%d0%bf%d1%82%d0%be%d0%bc\/#breadcrumb"},"inLanguage":"es","potentialAction":[{"@type":"ReadAction","target":["https:\/\/global-hookah.com\/ru\/\u043f\u0440\u043e\u0434\u0443\u043a\u0442\/%d1%81%d0%b8%d0%bd%d0%b8%d0%b9-%d0%b0%d0%ba%d1%80%d0%b8%d0%bb-%d0%ba%d0%b0%d0%bb%d1%8c%d1%8f%d0%bd-%d0%be%d0%bf%d1%82%d0%be%d0%bc\/"]}]},{"@type":"ImageObject","inLanguage":"es","@id":"https:\/\/global-hookah.com\/ru\/\u043f\u0440\u043e\u0434\u0443\u043a\u0442\/%d1%81%d0%b8%d0%bd%d0%b8%d0%b9-%d0%b0%d0%ba%d1%80%d0%b8%d0%bb-%d0%ba%d0%b0%d0%bb%d1%8c%d1%8f%d0%bd-%d0%be%d0%bf%d1%82%d0%be%d0%bc\/#primaryimage","url":"https:\/\/global-hookah.com\/wp-content\/uploads\/2023\/10\/O1CN01L20AGv1fjHb6nXB9B_2211984884042-0-cib.jpg","contentUrl":"https:\/\/global-hookah.com\/wp-content\/uploads\/2023\/10\/O1CN01L20AGv1fjHb6nXB9B_2211984884042-0-cib.jpg","width":772,"height":772,"caption":"Blue Acrylic Hookah"},{"@type":"BreadcrumbList","@id":"https:\/\/global-hookah.com\/ru\/\u043f\u0440\u043e\u0434\u0443\u043a\u0442\/%d1%81%d0%b8%d0%bd%d0%b8%d0%b9-%d0%b0%d0%ba%d1%80%d0%b8%d0%bb-%d0%ba%d0%b0%d0%bb%d1%8c%d1%8f%d0%bd-%d0%be%d0%bf%d1%82%d0%be%d0%bc\/#breadcrumb","itemListElement":[{"@type":"ListItem","position":1,"name":"Home","item":"https:\/\/global-hookah.com\/"},{"@type":"ListItem","position":2,"name":"Shop","item":"https:\/\/global-hookah.com\/shop\/"},{"@type":"ListItem","position":3,"name":"Blue Acrylic Hookah Wholesale"}]},{"@type":"WebSite","@id":"https:\/\/global-hookah.com\/#website","url":"https:\/\/global-hookah.com\/","name":"Global Hookah","description":"Global Hookah","publisher":{"@id":"https:\/\/global-hookah.com\/#organization"},"potentialAction":[{"@type":"SearchAction","target":{"@type":"EntryPoint","urlTemplate":"https:\/\/global-hookah.com\/?s={search_term_string}"},"query-input":{"@type":"PropertyValueSpecification","valueRequired":true,"valueName":"search_term_string"}}],"inLanguage":"es"},{"@type":"Organization","@id":"https:\/\/global-hookah.com\/#organization","name":"Global Hookah","url":"https:\/\/global-hookah.com\/","logo":{"@type":"ImageObject","inLanguage":"es","@id":"https:\/\/global-hookah.com\/#\/schema\/logo\/image\/","url":"https:\/\/global-hookah.com\/wp-content\/uploads\/2021\/10\/cropped-fgg.png","contentUrl":"https:\/\/global-hookah.com\/wp-content\/uploads\/2021\/10\/cropped-fgg.png","width":512,"height":512,"caption":"Global Hookah"},"image":{"@id":"https:\/\/global-hookah.com\/#\/schema\/logo\/image\/"}}]}},"_links":{"self":[{"href":"https:\/\/global-hookah.com\/es\/wp-json\/wp\/v2\/product\/14108","targetHints":{"allow":["GET"]}}],"collection":[{"href":"https:\/\/global-hookah.com\/es\/wp-json\/wp\/v2\/product"}],"about":[{"href":"https:\/\/global-hookah.com\/es\/wp-json\/wp\/v2\/types\/product"}],"replies":[{"embeddable":true,"href":"https:\/\/global-hookah.com\/es\/wp-json\/wp\/v2\/comments?post=14108"}],"version-history":[{"count":0,"href":"https:\/\/global-hookah.com\/es\/wp-json\/wp\/v2\/product\/14108\/revisions"}],"wp:featuredmedia":[{"embeddable":true,"href":"https:\/\/global-hookah.com\/es\/wp-json\/wp\/v2\/media\/14110"}],"wp:attachment":[{"href":"https:\/\/global-hookah.com\/es\/wp-json\/wp\/v2\/media?parent=14108"}],"wp:term":[{"taxonomy":"product_brand","embeddable":true,"href":"https:\/\/global-hookah.com\/es\/wp-json\/wp\/v2\/product_brand?post=14108"},{"taxonomy":"product_cat","embeddable":true,"href":"https:\/\/global-hookah.com\/es\/wp-json\/wp\/v2\/product_cat?post=14108"},{"taxonomy":"product_tag","embeddable":true,"href":"https:\/\/global-hookah.com\/es\/wp-json\/wp\/v2\/product_tag?post=14108"}],"curies":[{"name":"wp","href":"https:\/\/api.w.org\/{rel}","templated":true}]}}