{"id":14164,"date":"2023-10-04T07:51:55","date_gmt":"2023-10-04T07:51:55","guid":{"rendered":"https:\/\/global-hookah.com\/?post_type=product&#038;p=14164"},"modified":"2023-10-31T05:26:12","modified_gmt":"2023-10-31T05:26:12","slug":"small-dual-pipe-arabic-hookah-wholesale","status":"publish","type":"product","link":"https:\/\/global-hookah.com\/es\/producto\/small-dual-pipe-arabic-hookah-wholesale\/","title":{"rendered":"Narguile \u00e1rabe peque\u00f1o de doble tubo al por mayor"},"content":{"rendered":"<p>En<strong> Narguile \u00e1rabe peque\u00f1o de dos tubos<\/strong> est\u00e1 hecho de material de resina exquisita y decorado con patrones arabescos tradicionales, que nunca har\u00e1 que sus ojos aburridos. Usando este Hookah \u00e1rabe con tabaco de estilo \u00e1rabe puede traer un rico aroma de tabaco de Oriente Medio, y se puede inhalar sabor fresco y dulce con cada calada.<\/p>\n<p><strong>Narguile \u00e1rabe peque\u00f1o de dos tubos<\/strong> El humo producido es muy grande y espeso, pero debido al buen sistema de filtraci\u00f3n, no es muy irritante, por lo que es m\u00e1s c\u00f3modo de fumar que el narguile ordinario.<\/p>\n<p>El cuenco tiene un gran volumen y puede contener hasta 0,8 litros de agua a la vez, lo que es suficiente para garantizar que pueda disfrutar de ella durante mucho tiempo sin interrupci\u00f3n.<\/p>\n<p>Con su dise\u00f1o de varias cabezas, podr\u00e1s compartir este romance \u00e1rabe con amigos o amantes al mismo tiempo.<\/p>\n<p>El dise\u00f1o exterior adopta el patr\u00f3n \u00e1rabe tradicional, con una combinaci\u00f3n de blanco y negro, que es muy bonita. Todo est\u00e1 hecho de material de resina, por lo que tiene un tacto muy texturizado.<\/p>\n<p>Y <strong>Narguile \u00e1rabe peque\u00f1o de dos tubos<\/strong> tambi\u00e9n est\u00e1 equipado con dos juegos de mangueras de alta calidad. Y no s\u00f3lo eso, hay m\u00faltiples boquillas de estilo cl\u00e1sico para elegir. Para ofrecerle m\u00e1s opciones en <a href=\"https:\/\/global-hookah.com\/product-category\/wholesale-hookah\/\">Hookah \u00e1rabe al por mayor<\/a><\/p>\n<p>&nbsp;<\/p>\n<p>Peso del paquete transfronterizo 0,76 kg<br \/>\nPeso unitario 0,76 kg<br \/>\nMaterial resina<\/p>","protected":false},"excerpt":{"rendered":"<p>La peque\u00f1a pipa doble \u00e1rabe Hookah est\u00e1 hecho de material de resina exquisita y decorada con motivos arabescos tradicionales, que se<\/p>","protected":false},"featured_media":14167,"comment_status":"open","ping_status":"closed","template":"","meta":{"iawp_total_views":2,"_joinchat":[]},"product_brand":[],"product_cat":[119],"product_tag":[],"class_list":{"0":"post-14164","1":"product","2":"type-product","3":"status-publish","4":"has-post-thumbnail","6":"product_cat-wholesale-hookah","8":"first","9":"instock","10":"shipping-taxable","11":"purchasable","12":"product-type-simple"},"yoast_head":"<!-- This site is optimized with the Yoast SEO Premium plugin v24.7 (Yoast SEO v26.8) - https:\/\/yoast.com\/product\/yoast-seo-premium-wordpress\/ -->\n<title>Small Dual Pipe Arabic Hookah Wholesale - Global Hookah<\/title>\n<meta name=\"robots\" content=\"index, follow, max-snippet:-1, max-image-preview:large, max-video-preview:-1\" \/>\n<link rel=\"canonical\" href=\"https:\/\/global-hookah.com\/es\/producto\/small-dual-pipe-arabic-hookah-wholesale\/\" \/>\n<meta property=\"og:locale\" content=\"es_ES\" \/>\n<meta property=\"og:type\" content=\"article\" \/>\n<meta property=\"og:title\" content=\"Small Dual Pipe Arabic Hookah Wholesale\" \/>\n<meta property=\"og:description\" content=\"The Small Dual Pipe Arabic Hookah is made of exquisite resin material and decorated with traditional arabesque patterns, which will\" \/>\n<meta property=\"og:url\" content=\"https:\/\/global-hookah.com\/es\/producto\/small-dual-pipe-arabic-hookah-wholesale\/\" \/>\n<meta property=\"og:site_name\" content=\"Global Hookah\" \/>\n<meta property=\"article:modified_time\" content=\"2023-10-31T05:26:12+00:00\" \/>\n<meta property=\"og:image\" content=\"https:\/\/global-hookah.com\/wp-content\/uploads\/2023\/10\/O1CN01mnDIiS2NUwKXCzRVS_1089939967-0-cib.jpg\" \/>\n\t<meta property=\"og:image:width\" content=\"800\" \/>\n\t<meta property=\"og:image:height\" content=\"800\" \/>\n\t<meta property=\"og:image:type\" content=\"image\/jpeg\" \/>\n<meta name=\"twitter:card\" content=\"summary_large_image\" \/>\n<meta name=\"twitter:label1\" content=\"Tiempo de lectura\" \/>\n\t<meta name=\"twitter:data1\" content=\"1 minuto\" \/>\n<script type=\"application\/ld+json\" class=\"yoast-schema-graph\">{\"@context\":\"https:\/\/schema.org\",\"@graph\":[{\"@type\":\"WebPage\",\"@id\":\"https:\/\/global-hookah.com\/product\/small-dual-pipe-arabic-hookah-wholesale\/\",\"url\":\"https:\/\/global-hookah.com\/product\/small-dual-pipe-arabic-hookah-wholesale\/\",\"name\":\"Small Dual Pipe Arabic Hookah Wholesale - Global Hookah\",\"isPartOf\":{\"@id\":\"https:\/\/global-hookah.com\/#website\"},\"primaryImageOfPage\":{\"@id\":\"https:\/\/global-hookah.com\/product\/small-dual-pipe-arabic-hookah-wholesale\/#primaryimage\"},\"image\":{\"@id\":\"https:\/\/global-hookah.com\/product\/small-dual-pipe-arabic-hookah-wholesale\/#primaryimage\"},\"thumbnailUrl\":\"https:\/\/global-hookah.com\/wp-content\/uploads\/2023\/10\/O1CN01mnDIiS2NUwKXCzRVS_1089939967-0-cib.jpg\",\"datePublished\":\"2023-10-04T07:51:55+00:00\",\"dateModified\":\"2023-10-31T05:26:12+00:00\",\"breadcrumb\":{\"@id\":\"https:\/\/global-hookah.com\/product\/small-dual-pipe-arabic-hookah-wholesale\/#breadcrumb\"},\"inLanguage\":\"es\",\"potentialAction\":[{\"@type\":\"ReadAction\",\"target\":[\"https:\/\/global-hookah.com\/product\/small-dual-pipe-arabic-hookah-wholesale\/\"]}]},{\"@type\":\"ImageObject\",\"inLanguage\":\"es\",\"@id\":\"https:\/\/global-hookah.com\/product\/small-dual-pipe-arabic-hookah-wholesale\/#primaryimage\",\"url\":\"https:\/\/global-hookah.com\/wp-content\/uploads\/2023\/10\/O1CN01mnDIiS2NUwKXCzRVS_1089939967-0-cib.jpg\",\"contentUrl\":\"https:\/\/global-hookah.com\/wp-content\/uploads\/2023\/10\/O1CN01mnDIiS2NUwKXCzRVS_1089939967-0-cib.jpg\",\"width\":800,\"height\":800,\"caption\":\"Small Dual Pipe Arabic Hookah Wholesale\"},{\"@type\":\"BreadcrumbList\",\"@id\":\"https:\/\/global-hookah.com\/product\/small-dual-pipe-arabic-hookah-wholesale\/#breadcrumb\",\"itemListElement\":[{\"@type\":\"ListItem\",\"position\":1,\"name\":\"Home\",\"item\":\"https:\/\/global-hookah.com\/\"},{\"@type\":\"ListItem\",\"position\":2,\"name\":\"Shop\",\"item\":\"https:\/\/global-hookah.com\/shop\/\"},{\"@type\":\"ListItem\",\"position\":3,\"name\":\"Small Dual Pipe Arabic Hookah Wholesale\"}]},{\"@type\":\"WebSite\",\"@id\":\"https:\/\/global-hookah.com\/#website\",\"url\":\"https:\/\/global-hookah.com\/\",\"name\":\"Global Hookah\",\"description\":\"Global Hookah\",\"publisher\":{\"@id\":\"https:\/\/global-hookah.com\/#organization\"},\"potentialAction\":[{\"@type\":\"SearchAction\",\"target\":{\"@type\":\"EntryPoint\",\"urlTemplate\":\"https:\/\/global-hookah.com\/?s={search_term_string}\"},\"query-input\":{\"@type\":\"PropertyValueSpecification\",\"valueRequired\":true,\"valueName\":\"search_term_string\"}}],\"inLanguage\":\"es\"},{\"@type\":\"Organization\",\"@id\":\"https:\/\/global-hookah.com\/#organization\",\"name\":\"Global Hookah\",\"url\":\"https:\/\/global-hookah.com\/\",\"logo\":{\"@type\":\"ImageObject\",\"inLanguage\":\"es\",\"@id\":\"https:\/\/global-hookah.com\/#\/schema\/logo\/image\/\",\"url\":\"https:\/\/global-hookah.com\/wp-content\/uploads\/2021\/10\/cropped-fgg.png\",\"contentUrl\":\"https:\/\/global-hookah.com\/wp-content\/uploads\/2021\/10\/cropped-fgg.png\",\"width\":512,\"height\":512,\"caption\":\"Global Hookah\"},\"image\":{\"@id\":\"https:\/\/global-hookah.com\/#\/schema\/logo\/image\/\"}}]}<\/script>\n<!-- \/ Yoast SEO Premium plugin. -->","yoast_head_json":{"title":"Narguile \u00e1rabe peque\u00f1o de dos tubos al por mayor - Global Hookah","robots":{"index":"index","follow":"follow","max-snippet":"max-snippet:-1","max-image-preview":"max-image-preview:large","max-video-preview":"max-video-preview:-1"},"canonical":"https:\/\/global-hookah.com\/es\/producto\/small-dual-pipe-arabic-hookah-wholesale\/","og_locale":"es_ES","og_type":"article","og_title":"Small Dual Pipe Arabic Hookah Wholesale","og_description":"The Small Dual Pipe Arabic Hookah is made of exquisite resin material and decorated with traditional arabesque patterns, which will","og_url":"https:\/\/global-hookah.com\/es\/producto\/small-dual-pipe-arabic-hookah-wholesale\/","og_site_name":"Global Hookah","article_modified_time":"2023-10-31T05:26:12+00:00","og_image":[{"width":800,"height":800,"url":"https:\/\/global-hookah.com\/wp-content\/uploads\/2023\/10\/O1CN01mnDIiS2NUwKXCzRVS_1089939967-0-cib.jpg","type":"image\/jpeg"}],"twitter_card":"summary_large_image","twitter_misc":{"Tiempo de lectura":"1 minuto"},"schema":{"@context":"https:\/\/schema.org","@graph":[{"@type":"WebPage","@id":"https:\/\/global-hookah.com\/product\/small-dual-pipe-arabic-hookah-wholesale\/","url":"https:\/\/global-hookah.com\/product\/small-dual-pipe-arabic-hookah-wholesale\/","name":"Narguile \u00e1rabe peque\u00f1o de dos tubos al por mayor - Global Hookah","isPartOf":{"@id":"https:\/\/global-hookah.com\/#website"},"primaryImageOfPage":{"@id":"https:\/\/global-hookah.com\/product\/small-dual-pipe-arabic-hookah-wholesale\/#primaryimage"},"image":{"@id":"https:\/\/global-hookah.com\/product\/small-dual-pipe-arabic-hookah-wholesale\/#primaryimage"},"thumbnailUrl":"https:\/\/global-hookah.com\/wp-content\/uploads\/2023\/10\/O1CN01mnDIiS2NUwKXCzRVS_1089939967-0-cib.jpg","datePublished":"2023-10-04T07:51:55+00:00","dateModified":"2023-10-31T05:26:12+00:00","breadcrumb":{"@id":"https:\/\/global-hookah.com\/product\/small-dual-pipe-arabic-hookah-wholesale\/#breadcrumb"},"inLanguage":"es","potentialAction":[{"@type":"ReadAction","target":["https:\/\/global-hookah.com\/product\/small-dual-pipe-arabic-hookah-wholesale\/"]}]},{"@type":"ImageObject","inLanguage":"es","@id":"https:\/\/global-hookah.com\/product\/small-dual-pipe-arabic-hookah-wholesale\/#primaryimage","url":"https:\/\/global-hookah.com\/wp-content\/uploads\/2023\/10\/O1CN01mnDIiS2NUwKXCzRVS_1089939967-0-cib.jpg","contentUrl":"https:\/\/global-hookah.com\/wp-content\/uploads\/2023\/10\/O1CN01mnDIiS2NUwKXCzRVS_1089939967-0-cib.jpg","width":800,"height":800,"caption":"Small Dual Pipe Arabic Hookah Wholesale"},{"@type":"BreadcrumbList","@id":"https:\/\/global-hookah.com\/product\/small-dual-pipe-arabic-hookah-wholesale\/#breadcrumb","itemListElement":[{"@type":"ListItem","position":1,"name":"Home","item":"https:\/\/global-hookah.com\/"},{"@type":"ListItem","position":2,"name":"Shop","item":"https:\/\/global-hookah.com\/shop\/"},{"@type":"ListItem","position":3,"name":"Small Dual Pipe Arabic Hookah Wholesale"}]},{"@type":"WebSite","@id":"https:\/\/global-hookah.com\/#website","url":"https:\/\/global-hookah.com\/","name":"Global Hookah","description":"Global Hookah","publisher":{"@id":"https:\/\/global-hookah.com\/#organization"},"potentialAction":[{"@type":"SearchAction","target":{"@type":"EntryPoint","urlTemplate":"https:\/\/global-hookah.com\/?s={search_term_string}"},"query-input":{"@type":"PropertyValueSpecification","valueRequired":true,"valueName":"search_term_string"}}],"inLanguage":"es"},{"@type":"Organization","@id":"https:\/\/global-hookah.com\/#organization","name":"Global Hookah","url":"https:\/\/global-hookah.com\/","logo":{"@type":"ImageObject","inLanguage":"es","@id":"https:\/\/global-hookah.com\/#\/schema\/logo\/image\/","url":"https:\/\/global-hookah.com\/wp-content\/uploads\/2021\/10\/cropped-fgg.png","contentUrl":"https:\/\/global-hookah.com\/wp-content\/uploads\/2021\/10\/cropped-fgg.png","width":512,"height":512,"caption":"Global Hookah"},"image":{"@id":"https:\/\/global-hookah.com\/#\/schema\/logo\/image\/"}}]}},"_links":{"self":[{"href":"https:\/\/global-hookah.com\/es\/wp-json\/wp\/v2\/product\/14164","targetHints":{"allow":["GET"]}}],"collection":[{"href":"https:\/\/global-hookah.com\/es\/wp-json\/wp\/v2\/product"}],"about":[{"href":"https:\/\/global-hookah.com\/es\/wp-json\/wp\/v2\/types\/product"}],"replies":[{"embeddable":true,"href":"https:\/\/global-hookah.com\/es\/wp-json\/wp\/v2\/comments?post=14164"}],"version-history":[{"count":0,"href":"https:\/\/global-hookah.com\/es\/wp-json\/wp\/v2\/product\/14164\/revisions"}],"wp:featuredmedia":[{"embeddable":true,"href":"https:\/\/global-hookah.com\/es\/wp-json\/wp\/v2\/media\/14167"}],"wp:attachment":[{"href":"https:\/\/global-hookah.com\/es\/wp-json\/wp\/v2\/media?parent=14164"}],"wp:term":[{"taxonomy":"product_brand","embeddable":true,"href":"https:\/\/global-hookah.com\/es\/wp-json\/wp\/v2\/product_brand?post=14164"},{"taxonomy":"product_cat","embeddable":true,"href":"https:\/\/global-hookah.com\/es\/wp-json\/wp\/v2\/product_cat?post=14164"},{"taxonomy":"product_tag","embeddable":true,"href":"https:\/\/global-hookah.com\/es\/wp-json\/wp\/v2\/product_tag?post=14164"}],"curies":[{"name":"wp","href":"https:\/\/api.w.org\/{rel}","templated":true}]}}