{"id":14172,"date":"2023-10-04T07:55:53","date_gmt":"2023-10-04T07:55:53","guid":{"rendered":"https:\/\/global-hookah.com\/?post_type=product&#038;p=14172"},"modified":"2024-03-13T00:27:36","modified_gmt":"2024-03-13T00:27:36","slug":"aluminum-alloy-arabic-hookah-wholesale","status":"publish","type":"product","link":"https:\/\/global-hookah.com\/es\/producto\/aluminum-alloy-arabic-hookah-wholesale\/","title":{"rendered":"Narguile \u00e1rabe de aleaci\u00f3n de aluminio al por mayor"},"content":{"rendered":"<p>Peso del paquete transfronterizo: 4 kg<br \/>\nPeso unitario 4 kg<br \/>\nMaterial aleaci\u00f3n de aluminio<\/p>\n<p>Cada <strong>Narguile \u00e1rabe de aleaci\u00f3n de aluminio<\/strong> tiene una forma \u00e1rabe cl\u00e1sica y est\u00e1 fabricada con una aleaci\u00f3n de aluminio ligera pero resistente. Los recortes geom\u00e9tricos trabajados a mano le dan un toque ornamental de Oriente Medio y un flujo de aire para unas caladas m\u00e1s suaves.<\/p>\n<p>Estas bases medianas, que tienen un di\u00e1metro de 5 pulgadas y una altura de 8 pulgadas, producen una filtraci\u00f3n burbujeante que enfr\u00eda y revitaliza el humo de su narguile. La r\u00e1pida difusi\u00f3n del calor es posible gracias a la arquitectura de aluminio, que mantiene constante la temperatura del humo.<\/p>\n<p>El paquete incluye cinco ollas similares de estilo \u00e1rabe, lo que facilita la sustituci\u00f3n de las bases sucias por otras limpias. La aleaci\u00f3n de aluminio es resistente al \u00f3xido y f\u00e1cil de limpiar.<\/p>\n<p>En <strong>Narguile \u00e1rabe de aleaci\u00f3n de aluminio<\/strong> Pack le permite llenar el <a href=\"https:\/\/global-hookah.com\/product-category\/hookah-accessories-wholesale\/\">accesorios para narguile<\/a> que tanto valoran los coleccionistas. Gracias a su elaborado dise\u00f1o \u00e1rabe y a sus materiales de alta calidad, estas macetas son un complemento elegante para cualquier sal\u00f3n.<\/p>\n<p>Ofrezca a sus clientes una aut\u00e9ntica experiencia de fumar. Con bases de narguile hechas para impresionar, pida el <strong>Narguile \u00e1rabe de aleaci\u00f3n de aluminio<\/strong> hoy mismo y eleve su empresa.<\/p>","protected":false},"excerpt":{"rendered":"<p>Cross -border peso del paquete 4kg Peso de la unidad 4kg Material de aleaci\u00f3n de aluminio Cada aleaci\u00f3n de aluminio \u00e1rabe pipa de agua tiene un cl\u00e1sico \u00e1rabe<\/p>","protected":false},"featured_media":14176,"comment_status":"open","ping_status":"closed","template":"","meta":{"iawp_total_views":13,"_joinchat":[]},"product_brand":[],"product_cat":[119],"product_tag":[],"class_list":{"0":"post-14172","1":"product","2":"type-product","3":"status-publish","4":"has-post-thumbnail","6":"product_cat-wholesale-hookah","8":"first","9":"instock","10":"shipping-taxable","11":"purchasable","12":"product-type-simple"},"yoast_head":"<!-- This site is optimized with the Yoast SEO Premium plugin v24.7 (Yoast SEO v26.8) - https:\/\/yoast.com\/product\/yoast-seo-premium-wordpress\/ -->\n<title>Aluminum Alloy Arabic hookah wholesale - Global Hookah<\/title>\n<meta name=\"robots\" content=\"index, follow, max-snippet:-1, max-image-preview:large, max-video-preview:-1\" \/>\n<link rel=\"canonical\" href=\"https:\/\/global-hookah.com\/es\/producto\/aluminum-alloy-arabic-hookah-wholesale\/\" \/>\n<meta property=\"og:locale\" content=\"es_ES\" \/>\n<meta property=\"og:type\" content=\"article\" \/>\n<meta property=\"og:title\" content=\"Aluminum Alloy Arabic hookah wholesale\" \/>\n<meta property=\"og:description\" content=\"Cross -border package weight 4kg Unit weight 4kg Material aluminum alloy Every Aluminum Alloy Arabic hookah has a classic Arabic\" \/>\n<meta property=\"og:url\" content=\"https:\/\/global-hookah.com\/es\/producto\/aluminum-alloy-arabic-hookah-wholesale\/\" \/>\n<meta property=\"og:site_name\" content=\"Global Hookah\" \/>\n<meta property=\"article:modified_time\" content=\"2024-03-13T00:27:36+00:00\" \/>\n<meta property=\"og:image\" content=\"https:\/\/global-hookah.com\/wp-content\/uploads\/2023\/10\/O1CN01y6aZUE1SnK7vb69Ui_3979532291-0-cib.jpg\" \/>\n\t<meta property=\"og:image:width\" content=\"800\" \/>\n\t<meta property=\"og:image:height\" content=\"800\" \/>\n\t<meta property=\"og:image:type\" content=\"image\/jpeg\" \/>\n<meta name=\"twitter:card\" content=\"summary_large_image\" \/>\n<meta name=\"twitter:label1\" content=\"Tiempo de lectura\" \/>\n\t<meta name=\"twitter:data1\" content=\"1 minuto\" \/>\n<script type=\"application\/ld+json\" class=\"yoast-schema-graph\">{\"@context\":\"https:\/\/schema.org\",\"@graph\":[{\"@type\":\"WebPage\",\"@id\":\"https:\/\/global-hookah.com\/product\/aluminum-alloy-arabic-hookah-wholesale\/\",\"url\":\"https:\/\/global-hookah.com\/product\/aluminum-alloy-arabic-hookah-wholesale\/\",\"name\":\"Aluminum Alloy Arabic hookah wholesale - Global Hookah\",\"isPartOf\":{\"@id\":\"https:\/\/global-hookah.com\/#website\"},\"primaryImageOfPage\":{\"@id\":\"https:\/\/global-hookah.com\/product\/aluminum-alloy-arabic-hookah-wholesale\/#primaryimage\"},\"image\":{\"@id\":\"https:\/\/global-hookah.com\/product\/aluminum-alloy-arabic-hookah-wholesale\/#primaryimage\"},\"thumbnailUrl\":\"https:\/\/global-hookah.com\/wp-content\/uploads\/2023\/10\/O1CN01y6aZUE1SnK7vb69Ui_3979532291-0-cib.jpg\",\"datePublished\":\"2023-10-04T07:55:53+00:00\",\"dateModified\":\"2024-03-13T00:27:36+00:00\",\"breadcrumb\":{\"@id\":\"https:\/\/global-hookah.com\/product\/aluminum-alloy-arabic-hookah-wholesale\/#breadcrumb\"},\"inLanguage\":\"es\",\"potentialAction\":[{\"@type\":\"ReadAction\",\"target\":[\"https:\/\/global-hookah.com\/product\/aluminum-alloy-arabic-hookah-wholesale\/\"]}]},{\"@type\":\"ImageObject\",\"inLanguage\":\"es\",\"@id\":\"https:\/\/global-hookah.com\/product\/aluminum-alloy-arabic-hookah-wholesale\/#primaryimage\",\"url\":\"https:\/\/global-hookah.com\/wp-content\/uploads\/2023\/10\/O1CN01y6aZUE1SnK7vb69Ui_3979532291-0-cib.jpg\",\"contentUrl\":\"https:\/\/global-hookah.com\/wp-content\/uploads\/2023\/10\/O1CN01y6aZUE1SnK7vb69Ui_3979532291-0-cib.jpg\",\"width\":800,\"height\":800,\"caption\":\"Aluminum Alloy Arabic hookah wholesale\"},{\"@type\":\"BreadcrumbList\",\"@id\":\"https:\/\/global-hookah.com\/product\/aluminum-alloy-arabic-hookah-wholesale\/#breadcrumb\",\"itemListElement\":[{\"@type\":\"ListItem\",\"position\":1,\"name\":\"Home\",\"item\":\"https:\/\/global-hookah.com\/\"},{\"@type\":\"ListItem\",\"position\":2,\"name\":\"Shop\",\"item\":\"https:\/\/global-hookah.com\/shop\/\"},{\"@type\":\"ListItem\",\"position\":3,\"name\":\"Aluminum Alloy Arabic hookah wholesale\"}]},{\"@type\":\"WebSite\",\"@id\":\"https:\/\/global-hookah.com\/#website\",\"url\":\"https:\/\/global-hookah.com\/\",\"name\":\"Global Hookah\",\"description\":\"Global Hookah\",\"publisher\":{\"@id\":\"https:\/\/global-hookah.com\/#organization\"},\"potentialAction\":[{\"@type\":\"SearchAction\",\"target\":{\"@type\":\"EntryPoint\",\"urlTemplate\":\"https:\/\/global-hookah.com\/?s={search_term_string}\"},\"query-input\":{\"@type\":\"PropertyValueSpecification\",\"valueRequired\":true,\"valueName\":\"search_term_string\"}}],\"inLanguage\":\"es\"},{\"@type\":\"Organization\",\"@id\":\"https:\/\/global-hookah.com\/#organization\",\"name\":\"Global Hookah\",\"url\":\"https:\/\/global-hookah.com\/\",\"logo\":{\"@type\":\"ImageObject\",\"inLanguage\":\"es\",\"@id\":\"https:\/\/global-hookah.com\/#\/schema\/logo\/image\/\",\"url\":\"https:\/\/global-hookah.com\/wp-content\/uploads\/2021\/10\/cropped-fgg.png\",\"contentUrl\":\"https:\/\/global-hookah.com\/wp-content\/uploads\/2021\/10\/cropped-fgg.png\",\"width\":512,\"height\":512,\"caption\":\"Global Hookah\"},\"image\":{\"@id\":\"https:\/\/global-hookah.com\/#\/schema\/logo\/image\/\"}}]}<\/script>\n<!-- \/ Yoast SEO Premium plugin. -->","yoast_head_json":{"title":"Narguile \u00e1rabe de aleaci\u00f3n de aluminio al por mayor - Global Hookah","robots":{"index":"index","follow":"follow","max-snippet":"max-snippet:-1","max-image-preview":"max-image-preview:large","max-video-preview":"max-video-preview:-1"},"canonical":"https:\/\/global-hookah.com\/es\/producto\/aluminum-alloy-arabic-hookah-wholesale\/","og_locale":"es_ES","og_type":"article","og_title":"Aluminum Alloy Arabic hookah wholesale","og_description":"Cross -border package weight 4kg Unit weight 4kg Material aluminum alloy Every Aluminum Alloy Arabic hookah has a classic Arabic","og_url":"https:\/\/global-hookah.com\/es\/producto\/aluminum-alloy-arabic-hookah-wholesale\/","og_site_name":"Global Hookah","article_modified_time":"2024-03-13T00:27:36+00:00","og_image":[{"width":800,"height":800,"url":"https:\/\/global-hookah.com\/wp-content\/uploads\/2023\/10\/O1CN01y6aZUE1SnK7vb69Ui_3979532291-0-cib.jpg","type":"image\/jpeg"}],"twitter_card":"summary_large_image","twitter_misc":{"Tiempo de lectura":"1 minuto"},"schema":{"@context":"https:\/\/schema.org","@graph":[{"@type":"WebPage","@id":"https:\/\/global-hookah.com\/product\/aluminum-alloy-arabic-hookah-wholesale\/","url":"https:\/\/global-hookah.com\/product\/aluminum-alloy-arabic-hookah-wholesale\/","name":"Narguile \u00e1rabe de aleaci\u00f3n de aluminio al por mayor - Global Hookah","isPartOf":{"@id":"https:\/\/global-hookah.com\/#website"},"primaryImageOfPage":{"@id":"https:\/\/global-hookah.com\/product\/aluminum-alloy-arabic-hookah-wholesale\/#primaryimage"},"image":{"@id":"https:\/\/global-hookah.com\/product\/aluminum-alloy-arabic-hookah-wholesale\/#primaryimage"},"thumbnailUrl":"https:\/\/global-hookah.com\/wp-content\/uploads\/2023\/10\/O1CN01y6aZUE1SnK7vb69Ui_3979532291-0-cib.jpg","datePublished":"2023-10-04T07:55:53+00:00","dateModified":"2024-03-13T00:27:36+00:00","breadcrumb":{"@id":"https:\/\/global-hookah.com\/product\/aluminum-alloy-arabic-hookah-wholesale\/#breadcrumb"},"inLanguage":"es","potentialAction":[{"@type":"ReadAction","target":["https:\/\/global-hookah.com\/product\/aluminum-alloy-arabic-hookah-wholesale\/"]}]},{"@type":"ImageObject","inLanguage":"es","@id":"https:\/\/global-hookah.com\/product\/aluminum-alloy-arabic-hookah-wholesale\/#primaryimage","url":"https:\/\/global-hookah.com\/wp-content\/uploads\/2023\/10\/O1CN01y6aZUE1SnK7vb69Ui_3979532291-0-cib.jpg","contentUrl":"https:\/\/global-hookah.com\/wp-content\/uploads\/2023\/10\/O1CN01y6aZUE1SnK7vb69Ui_3979532291-0-cib.jpg","width":800,"height":800,"caption":"Aluminum Alloy Arabic hookah wholesale"},{"@type":"BreadcrumbList","@id":"https:\/\/global-hookah.com\/product\/aluminum-alloy-arabic-hookah-wholesale\/#breadcrumb","itemListElement":[{"@type":"ListItem","position":1,"name":"Home","item":"https:\/\/global-hookah.com\/"},{"@type":"ListItem","position":2,"name":"Shop","item":"https:\/\/global-hookah.com\/shop\/"},{"@type":"ListItem","position":3,"name":"Aluminum Alloy Arabic hookah wholesale"}]},{"@type":"WebSite","@id":"https:\/\/global-hookah.com\/#website","url":"https:\/\/global-hookah.com\/","name":"Global Hookah","description":"Global Hookah","publisher":{"@id":"https:\/\/global-hookah.com\/#organization"},"potentialAction":[{"@type":"SearchAction","target":{"@type":"EntryPoint","urlTemplate":"https:\/\/global-hookah.com\/?s={search_term_string}"},"query-input":{"@type":"PropertyValueSpecification","valueRequired":true,"valueName":"search_term_string"}}],"inLanguage":"es"},{"@type":"Organization","@id":"https:\/\/global-hookah.com\/#organization","name":"Global Hookah","url":"https:\/\/global-hookah.com\/","logo":{"@type":"ImageObject","inLanguage":"es","@id":"https:\/\/global-hookah.com\/#\/schema\/logo\/image\/","url":"https:\/\/global-hookah.com\/wp-content\/uploads\/2021\/10\/cropped-fgg.png","contentUrl":"https:\/\/global-hookah.com\/wp-content\/uploads\/2021\/10\/cropped-fgg.png","width":512,"height":512,"caption":"Global Hookah"},"image":{"@id":"https:\/\/global-hookah.com\/#\/schema\/logo\/image\/"}}]}},"_links":{"self":[{"href":"https:\/\/global-hookah.com\/es\/wp-json\/wp\/v2\/product\/14172","targetHints":{"allow":["GET"]}}],"collection":[{"href":"https:\/\/global-hookah.com\/es\/wp-json\/wp\/v2\/product"}],"about":[{"href":"https:\/\/global-hookah.com\/es\/wp-json\/wp\/v2\/types\/product"}],"replies":[{"embeddable":true,"href":"https:\/\/global-hookah.com\/es\/wp-json\/wp\/v2\/comments?post=14172"}],"version-history":[{"count":0,"href":"https:\/\/global-hookah.com\/es\/wp-json\/wp\/v2\/product\/14172\/revisions"}],"wp:featuredmedia":[{"embeddable":true,"href":"https:\/\/global-hookah.com\/es\/wp-json\/wp\/v2\/media\/14176"}],"wp:attachment":[{"href":"https:\/\/global-hookah.com\/es\/wp-json\/wp\/v2\/media?parent=14172"}],"wp:term":[{"taxonomy":"product_brand","embeddable":true,"href":"https:\/\/global-hookah.com\/es\/wp-json\/wp\/v2\/product_brand?post=14172"},{"taxonomy":"product_cat","embeddable":true,"href":"https:\/\/global-hookah.com\/es\/wp-json\/wp\/v2\/product_cat?post=14172"},{"taxonomy":"product_tag","embeddable":true,"href":"https:\/\/global-hookah.com\/es\/wp-json\/wp\/v2\/product_tag?post=14172"}],"curies":[{"name":"wp","href":"https:\/\/api.w.org\/{rel}","templated":true}]}}