{"id":14203,"date":"2023-10-04T08:21:29","date_gmt":"2023-10-04T08:21:29","guid":{"rendered":"https:\/\/global-hookah.com\/?post_type=product&#038;p=14203"},"modified":"2024-01-12T03:53:24","modified_gmt":"2024-01-12T03:53:24","slug":"large-ak-water-cigarette-pot-wholesale","status":"publish","type":"product","link":"https:\/\/global-hookah.com\/es\/producto\/large-ak-water-cigarette-pot-wholesale\/","title":{"rendered":"Gran AK Agua Cigarrillo Pot Venta al por mayor"},"content":{"rendered":"<p>Peso del paquete transfronterizo 5,6 kg<br \/>\nUnidad de 5 kg<br \/>\nMaterial resina<\/p>\n<p>&nbsp;<\/p>\n<p>Cada base de olla de agua AK tiene una sofisticada forma de reloj de arena y est\u00e1 fabricada con vidrio fuerte y resistente al calor. Estas enormes bases, que tienen un diametro de 6 pulgadas y una altura de 14 pulgadas, pueden acomodar mas de un litro de agua para un humo mas frio y suave. La limpieza es sencilla gracias al gran orificio de la boca.<\/p>\n<p>Para tener siempre a mano una base limpia, cinco recambios <a href=\"https:\/\/global-hookah.com\/\">tuber\u00eda de agua<\/a> est\u00e1n incluidos. Para evitar la proliferaci\u00f3n de bacterias y moho, basta con vaciarla y lavarla despu\u00e9s de cada uso. Puede comprobar r\u00e1pidamente el nivel de agua y la limpieza gracias al cristal transparente.<\/p>\n<p>Usted puede comprar las bases de calidad olla hookah que son utilizados por los mejores bares de shisha a un precio de descuento al por mayor cuando usted compra el AK grandes ollas de agua de cigarrillos al por mayor Pack. Estas ollas de agua son adaptables y de larga duraci\u00f3n, y se ajustan a cualquier configuraci\u00f3n t\u00edpica hookah.<\/p>\n<p>Mejore la limpieza y el frescor de su experiencia de fumar. Haga su pedido ahora para a\u00f1adir estos accesorios necesarios a su colecci\u00f3n personal o a su bar de narguiles. Sus clientes notar\u00e1n la distinci\u00f3n.<\/p>","protected":false},"excerpt":{"rendered":"<p>Peso del paquete transfronterizo 5,6 kg Peso de la unidad 5 kg Material resina La base de cada pote de agua AK tiene un sofisticado reloj de arena<\/p>","protected":false},"featured_media":14208,"comment_status":"open","ping_status":"closed","template":"","meta":{"iawp_total_views":1,"_joinchat":[]},"product_brand":[],"product_cat":[560,119],"product_tag":[],"class_list":{"0":"post-14203","1":"product","2":"type-product","3":"status-publish","4":"has-post-thumbnail","6":"product_cat-glass-hookah-wholesale","7":"product_cat-wholesale-hookah","9":"first","10":"instock","11":"shipping-taxable","12":"purchasable","13":"product-type-simple"},"yoast_head":"<!-- This site is optimized with the Yoast SEO Premium plugin v24.7 (Yoast SEO v26.8) - https:\/\/yoast.com\/product\/yoast-seo-premium-wordpress\/ -->\n<title>Large AK Water Cigarette Pot Wholesale - Global Hookah<\/title>\n<meta name=\"robots\" content=\"index, follow, max-snippet:-1, max-image-preview:large, max-video-preview:-1\" \/>\n<link rel=\"canonical\" href=\"https:\/\/global-hookah.com\/es\/it\/prodotto\/grande-ak-acqua-sigaretta-pot-allingrosso\/\" \/>\n<meta property=\"og:locale\" content=\"es_ES\" \/>\n<meta property=\"og:type\" content=\"article\" \/>\n<meta property=\"og:title\" content=\"Large AK Water Cigarette Pot Wholesale\" \/>\n<meta property=\"og:description\" content=\"Cross -border package weight 5.6kg Unit weighing 5kg Material resin &nbsp; Every AK water pot base has a sophisticated hourglass\" \/>\n<meta property=\"og:url\" content=\"https:\/\/global-hookah.com\/es\/it\/prodotto\/grande-ak-acqua-sigaretta-pot-allingrosso\/\" \/>\n<meta property=\"og:site_name\" content=\"Global Hookah\" \/>\n<meta property=\"article:modified_time\" content=\"2024-01-12T03:53:24+00:00\" \/>\n<meta property=\"og:image\" content=\"https:\/\/global-hookah.com\/wp-content\/uploads\/2023\/10\/O1CN01buPlPt1GUkcvrCXWE_2207936810626-0-cib.jpg\" \/>\n\t<meta property=\"og:image:width\" content=\"800\" \/>\n\t<meta property=\"og:image:height\" content=\"800\" \/>\n\t<meta property=\"og:image:type\" content=\"image\/jpeg\" \/>\n<meta name=\"twitter:card\" content=\"summary_large_image\" \/>\n<meta name=\"twitter:label1\" content=\"Tiempo de lectura\" \/>\n\t<meta name=\"twitter:data1\" content=\"1 minuto\" \/>\n<script type=\"application\/ld+json\" class=\"yoast-schema-graph\">{\"@context\":\"https:\/\/schema.org\",\"@graph\":[{\"@type\":\"WebPage\",\"@id\":\"https:\/\/global-hookah.com\/it\/prodotto\/grande-ak-acqua-sigaretta-pot-allingrosso\/\",\"url\":\"https:\/\/global-hookah.com\/it\/prodotto\/grande-ak-acqua-sigaretta-pot-allingrosso\/\",\"name\":\"Large AK Water Cigarette Pot Wholesale - Global Hookah\",\"isPartOf\":{\"@id\":\"https:\/\/global-hookah.com\/#website\"},\"primaryImageOfPage\":{\"@id\":\"https:\/\/global-hookah.com\/it\/prodotto\/grande-ak-acqua-sigaretta-pot-allingrosso\/#primaryimage\"},\"image\":{\"@id\":\"https:\/\/global-hookah.com\/it\/prodotto\/grande-ak-acqua-sigaretta-pot-allingrosso\/#primaryimage\"},\"thumbnailUrl\":\"https:\/\/global-hookah.com\/wp-content\/uploads\/2023\/10\/O1CN01buPlPt1GUkcvrCXWE_2207936810626-0-cib.jpg\",\"datePublished\":\"2023-10-04T08:21:29+00:00\",\"dateModified\":\"2024-01-12T03:53:24+00:00\",\"breadcrumb\":{\"@id\":\"https:\/\/global-hookah.com\/it\/prodotto\/grande-ak-acqua-sigaretta-pot-allingrosso\/#breadcrumb\"},\"inLanguage\":\"es\",\"potentialAction\":[{\"@type\":\"ReadAction\",\"target\":[\"https:\/\/global-hookah.com\/it\/prodotto\/grande-ak-acqua-sigaretta-pot-allingrosso\/\"]}]},{\"@type\":\"ImageObject\",\"inLanguage\":\"es\",\"@id\":\"https:\/\/global-hookah.com\/it\/prodotto\/grande-ak-acqua-sigaretta-pot-allingrosso\/#primaryimage\",\"url\":\"https:\/\/global-hookah.com\/wp-content\/uploads\/2023\/10\/O1CN01buPlPt1GUkcvrCXWE_2207936810626-0-cib.jpg\",\"contentUrl\":\"https:\/\/global-hookah.com\/wp-content\/uploads\/2023\/10\/O1CN01buPlPt1GUkcvrCXWE_2207936810626-0-cib.jpg\",\"width\":800,\"height\":800,\"caption\":\"Large AK water cigarette pot wholesale\"},{\"@type\":\"BreadcrumbList\",\"@id\":\"https:\/\/global-hookah.com\/it\/prodotto\/grande-ak-acqua-sigaretta-pot-allingrosso\/#breadcrumb\",\"itemListElement\":[{\"@type\":\"ListItem\",\"position\":1,\"name\":\"Home\",\"item\":\"https:\/\/global-hookah.com\/\"},{\"@type\":\"ListItem\",\"position\":2,\"name\":\"Shop\",\"item\":\"https:\/\/global-hookah.com\/shop\/\"},{\"@type\":\"ListItem\",\"position\":3,\"name\":\"Large AK Water Cigarette Pot Wholesale\"}]},{\"@type\":\"WebSite\",\"@id\":\"https:\/\/global-hookah.com\/#website\",\"url\":\"https:\/\/global-hookah.com\/\",\"name\":\"Global Hookah\",\"description\":\"Global Hookah\",\"publisher\":{\"@id\":\"https:\/\/global-hookah.com\/#organization\"},\"potentialAction\":[{\"@type\":\"SearchAction\",\"target\":{\"@type\":\"EntryPoint\",\"urlTemplate\":\"https:\/\/global-hookah.com\/?s={search_term_string}\"},\"query-input\":{\"@type\":\"PropertyValueSpecification\",\"valueRequired\":true,\"valueName\":\"search_term_string\"}}],\"inLanguage\":\"es\"},{\"@type\":\"Organization\",\"@id\":\"https:\/\/global-hookah.com\/#organization\",\"name\":\"Global Hookah\",\"url\":\"https:\/\/global-hookah.com\/\",\"logo\":{\"@type\":\"ImageObject\",\"inLanguage\":\"es\",\"@id\":\"https:\/\/global-hookah.com\/#\/schema\/logo\/image\/\",\"url\":\"https:\/\/global-hookah.com\/wp-content\/uploads\/2021\/10\/cropped-fgg.png\",\"contentUrl\":\"https:\/\/global-hookah.com\/wp-content\/uploads\/2021\/10\/cropped-fgg.png\",\"width\":512,\"height\":512,\"caption\":\"Global Hookah\"},\"image\":{\"@id\":\"https:\/\/global-hookah.com\/#\/schema\/logo\/image\/\"}}]}<\/script>\n<!-- \/ Yoast SEO Premium plugin. -->","yoast_head_json":{"title":"Gran AK Agua Cigarrillo Pot Venta al por mayor - Global Hookah","robots":{"index":"index","follow":"follow","max-snippet":"max-snippet:-1","max-image-preview":"max-image-preview:large","max-video-preview":"max-video-preview:-1"},"canonical":"https:\/\/global-hookah.com\/es\/it\/prodotto\/grande-ak-acqua-sigaretta-pot-allingrosso\/","og_locale":"es_ES","og_type":"article","og_title":"Large AK Water Cigarette Pot Wholesale","og_description":"Cross -border package weight 5.6kg Unit weighing 5kg Material resin &nbsp; Every AK water pot base has a sophisticated hourglass","og_url":"https:\/\/global-hookah.com\/es\/it\/prodotto\/grande-ak-acqua-sigaretta-pot-allingrosso\/","og_site_name":"Global Hookah","article_modified_time":"2024-01-12T03:53:24+00:00","og_image":[{"width":800,"height":800,"url":"https:\/\/global-hookah.com\/wp-content\/uploads\/2023\/10\/O1CN01buPlPt1GUkcvrCXWE_2207936810626-0-cib.jpg","type":"image\/jpeg"}],"twitter_card":"summary_large_image","twitter_misc":{"Tiempo de lectura":"1 minuto"},"schema":{"@context":"https:\/\/schema.org","@graph":[{"@type":"WebPage","@id":"https:\/\/global-hookah.com\/it\/prodotto\/grande-ak-acqua-sigaretta-pot-allingrosso\/","url":"https:\/\/global-hookah.com\/it\/prodotto\/grande-ak-acqua-sigaretta-pot-allingrosso\/","name":"Gran AK Agua Cigarrillo Pot Venta al por mayor - Global Hookah","isPartOf":{"@id":"https:\/\/global-hookah.com\/#website"},"primaryImageOfPage":{"@id":"https:\/\/global-hookah.com\/it\/prodotto\/grande-ak-acqua-sigaretta-pot-allingrosso\/#primaryimage"},"image":{"@id":"https:\/\/global-hookah.com\/it\/prodotto\/grande-ak-acqua-sigaretta-pot-allingrosso\/#primaryimage"},"thumbnailUrl":"https:\/\/global-hookah.com\/wp-content\/uploads\/2023\/10\/O1CN01buPlPt1GUkcvrCXWE_2207936810626-0-cib.jpg","datePublished":"2023-10-04T08:21:29+00:00","dateModified":"2024-01-12T03:53:24+00:00","breadcrumb":{"@id":"https:\/\/global-hookah.com\/it\/prodotto\/grande-ak-acqua-sigaretta-pot-allingrosso\/#breadcrumb"},"inLanguage":"es","potentialAction":[{"@type":"ReadAction","target":["https:\/\/global-hookah.com\/it\/prodotto\/grande-ak-acqua-sigaretta-pot-allingrosso\/"]}]},{"@type":"ImageObject","inLanguage":"es","@id":"https:\/\/global-hookah.com\/it\/prodotto\/grande-ak-acqua-sigaretta-pot-allingrosso\/#primaryimage","url":"https:\/\/global-hookah.com\/wp-content\/uploads\/2023\/10\/O1CN01buPlPt1GUkcvrCXWE_2207936810626-0-cib.jpg","contentUrl":"https:\/\/global-hookah.com\/wp-content\/uploads\/2023\/10\/O1CN01buPlPt1GUkcvrCXWE_2207936810626-0-cib.jpg","width":800,"height":800,"caption":"Large AK water cigarette pot wholesale"},{"@type":"BreadcrumbList","@id":"https:\/\/global-hookah.com\/it\/prodotto\/grande-ak-acqua-sigaretta-pot-allingrosso\/#breadcrumb","itemListElement":[{"@type":"ListItem","position":1,"name":"Home","item":"https:\/\/global-hookah.com\/"},{"@type":"ListItem","position":2,"name":"Shop","item":"https:\/\/global-hookah.com\/shop\/"},{"@type":"ListItem","position":3,"name":"Large AK Water Cigarette Pot Wholesale"}]},{"@type":"WebSite","@id":"https:\/\/global-hookah.com\/#website","url":"https:\/\/global-hookah.com\/","name":"Global Hookah","description":"Global Hookah","publisher":{"@id":"https:\/\/global-hookah.com\/#organization"},"potentialAction":[{"@type":"SearchAction","target":{"@type":"EntryPoint","urlTemplate":"https:\/\/global-hookah.com\/?s={search_term_string}"},"query-input":{"@type":"PropertyValueSpecification","valueRequired":true,"valueName":"search_term_string"}}],"inLanguage":"es"},{"@type":"Organization","@id":"https:\/\/global-hookah.com\/#organization","name":"Global Hookah","url":"https:\/\/global-hookah.com\/","logo":{"@type":"ImageObject","inLanguage":"es","@id":"https:\/\/global-hookah.com\/#\/schema\/logo\/image\/","url":"https:\/\/global-hookah.com\/wp-content\/uploads\/2021\/10\/cropped-fgg.png","contentUrl":"https:\/\/global-hookah.com\/wp-content\/uploads\/2021\/10\/cropped-fgg.png","width":512,"height":512,"caption":"Global Hookah"},"image":{"@id":"https:\/\/global-hookah.com\/#\/schema\/logo\/image\/"}}]}},"_links":{"self":[{"href":"https:\/\/global-hookah.com\/es\/wp-json\/wp\/v2\/product\/14203","targetHints":{"allow":["GET"]}}],"collection":[{"href":"https:\/\/global-hookah.com\/es\/wp-json\/wp\/v2\/product"}],"about":[{"href":"https:\/\/global-hookah.com\/es\/wp-json\/wp\/v2\/types\/product"}],"replies":[{"embeddable":true,"href":"https:\/\/global-hookah.com\/es\/wp-json\/wp\/v2\/comments?post=14203"}],"version-history":[{"count":0,"href":"https:\/\/global-hookah.com\/es\/wp-json\/wp\/v2\/product\/14203\/revisions"}],"wp:featuredmedia":[{"embeddable":true,"href":"https:\/\/global-hookah.com\/es\/wp-json\/wp\/v2\/media\/14208"}],"wp:attachment":[{"href":"https:\/\/global-hookah.com\/es\/wp-json\/wp\/v2\/media?parent=14203"}],"wp:term":[{"taxonomy":"product_brand","embeddable":true,"href":"https:\/\/global-hookah.com\/es\/wp-json\/wp\/v2\/product_brand?post=14203"},{"taxonomy":"product_cat","embeddable":true,"href":"https:\/\/global-hookah.com\/es\/wp-json\/wp\/v2\/product_cat?post=14203"},{"taxonomy":"product_tag","embeddable":true,"href":"https:\/\/global-hookah.com\/es\/wp-json\/wp\/v2\/product_tag?post=14203"}],"curies":[{"name":"wp","href":"https:\/\/api.w.org\/{rel}","templated":true}]}}