{"id":14364,"date":"2023-10-31T08:59:20","date_gmt":"2023-10-31T08:59:20","guid":{"rendered":"https:\/\/global-hookah.com\/?post_type=product&#038;p=14364"},"modified":"2023-11-01T02:38:20","modified_gmt":"2023-11-01T02:38:20","slug":"vaporizing-hookah-wholesale","status":"publish","type":"product","link":"https:\/\/global-hookah.com\/es\/producto\/vaporizing-hookah-wholesale\/","title":{"rendered":"Hookah de vapor al por mayor"},"content":{"rendered":"<p>El narguile forma parte de la cultura de Oriente Pr\u00f3ximo desde hace cientos de a\u00f1os. <a href=\"https:\/\/global-hookah.com\/product-category\/wholesale-hookah\/\"><strong>Narguile tradicional<\/strong><\/a> tiene su encanto \u00fanico, pero la generaci\u00f3n de humo tambi\u00e9n conlleva ciertos efectos. Con el desarrollo de la ciencia y la tecnolog\u00eda, esta <strong>Narguile de vapor personalizable<\/strong> naci\u00f3<\/p>\n<p>Se pueden a\u00f1adir varios sabores naturales para <strong>E-hookah<\/strong>Los humos se preparan en recipientes de cer\u00e1mica, como frutas, hierbas, etc., y se guardan para calentarlos. <strong>Narguile electr\u00f3nico<\/strong> utiliza tecnolog\u00eda de calentamiento electr\u00f3nico para controlar con precisi\u00f3n la temperatura del tabaco\/sabores y evaporarlos en lugar de quemarlos directamente. Esto no s\u00f3lo enriquece el sabor, sino que tambi\u00e9n aporta disfrute visual y olfativo. Y evita la generaci\u00f3n de humo para conseguir un disfrute sin humos.<\/p>\n<p>Lo m\u00e1s importante es que es muy seguro. El componente calefactor est\u00e1 aislado de la bater\u00eda, lo que lo hace seguro y fiable. Creo que en un futuro pr\u00f3ximo, nuestro <strong>Hookah de vaporizaci\u00f3n<\/strong> ser\u00e1 cada vez m\u00e1s potente y sustituir\u00e1 gradualmente a la pipa de agua tradicional, convirti\u00e9ndose en la nueva forma de pipa de agua sin humo preferida por la generaci\u00f3n m\u00e1s joven.<\/p>\n<p>Tanto si tienes un sal\u00f3n como si diriges una tienda online para aficionados a la narguile, estos <strong>venta al por mayor Hookah vaporizante<\/strong> puede ayudarle a mejorar su categor\u00eda de productos<\/p>\n<h2>C\u00f3mo utilizar la narguile vaporizante<\/h2>\n<p>Empiece por ensamblar los componentes, incluidos la base, el v\u00e1stago, el tubo y la cazoleta. Llene la base con agua hasta que alcance un nivel \u00f3ptimo para una inhalaci\u00f3n suave. A continuaci\u00f3n, coloca una peque\u00f1a cantidad de tu <strong>narguile favorito<\/strong> tabaco o melaza en el bol y c\u00fabralo con una pantalla resistente al calor o papel de aluminio.<\/p>\n<p>Fije el v\u00e1stago a la base de forma segura y conecte la manguera a su puerto designado. Por \u00faltimo, utilizando carb\u00f3n natural o un elemento calefactor electr\u00f3nico, aplique calor al <a href=\"https:\/\/global-hookah.com\/product-category\/hookah-accessories-wholesale\/hookah-bowl-wholesale\/\">cuenco<\/a> mientras inhalas suavemente a trav\u00e9s de la manguera. Disfruta de un sabroso vapor sin combusti\u00f3n directa ni subproductos nocivos en cada sesi\u00f3n con este <strong>narguile vaporizador de hierbas de alta calidad<\/strong> producto al por mayor.<\/p>","protected":false},"excerpt":{"rendered":"<p>El narguile forma parte de la cultura de Oriente Pr\u00f3ximo desde hace cientos de a\u00f1os. El narguile tradicional tiene su encanto \u00fanico, pero<\/p>","protected":false},"featured_media":14367,"comment_status":"open","ping_status":"closed","template":"","meta":{"iawp_total_views":4,"_joinchat":[]},"product_brand":[],"product_cat":[119],"product_tag":[],"class_list":{"0":"post-14364","1":"product","2":"type-product","3":"status-publish","4":"has-post-thumbnail","6":"product_cat-wholesale-hookah","8":"first","9":"instock","10":"shipping-taxable","11":"product-type-simple"},"yoast_head":"<!-- This site is optimized with the Yoast SEO Premium plugin v24.7 (Yoast SEO v26.8) - https:\/\/yoast.com\/product\/yoast-seo-premium-wordpress\/ -->\n<title>Vaporizing Hookah Wholesale - Global Hookah<\/title>\n<meta name=\"robots\" content=\"index, follow, max-snippet:-1, max-image-preview:large, max-video-preview:-1\" \/>\n<link rel=\"canonical\" href=\"https:\/\/global-hookah.com\/es\/pt\/produto\/vaporizacao-hookah-holesale\/\" \/>\n<meta property=\"og:locale\" content=\"es_ES\" \/>\n<meta property=\"og:type\" content=\"article\" \/>\n<meta property=\"og:title\" content=\"Vaporizing Hookah Wholesale\" \/>\n<meta property=\"og:description\" content=\"Hookah has been a part of Middle Eastern culture for hundreds of years. Traditional hookah has its unique charm, but\" \/>\n<meta property=\"og:url\" content=\"https:\/\/global-hookah.com\/es\/pt\/produto\/vaporizacao-hookah-holesale\/\" \/>\n<meta property=\"og:site_name\" content=\"Global Hookah\" \/>\n<meta property=\"article:modified_time\" content=\"2023-11-01T02:38:20+00:00\" \/>\n<meta property=\"og:image\" content=\"https:\/\/global-hookah.com\/wp-content\/uploads\/2023\/10\/O1CN01zqbBb320GzBbFNxVj_2210970076823-0-cib.jpg\" \/>\n\t<meta property=\"og:image:width\" content=\"1920\" \/>\n\t<meta property=\"og:image:height\" content=\"1920\" \/>\n\t<meta property=\"og:image:type\" content=\"image\/jpeg\" \/>\n<meta name=\"twitter:card\" content=\"summary_large_image\" \/>\n<meta name=\"twitter:label1\" content=\"Tiempo de lectura\" \/>\n\t<meta name=\"twitter:data1\" content=\"2 minutos\" \/>\n<script type=\"application\/ld+json\" class=\"yoast-schema-graph\">{\"@context\":\"https:\/\/schema.org\",\"@graph\":[{\"@type\":\"WebPage\",\"@id\":\"https:\/\/global-hookah.com\/pt\/produto\/vaporizacao-hookah-holesale\/\",\"url\":\"https:\/\/global-hookah.com\/pt\/produto\/vaporizacao-hookah-holesale\/\",\"name\":\"Vaporizing Hookah Wholesale - Global Hookah\",\"isPartOf\":{\"@id\":\"https:\/\/global-hookah.com\/#website\"},\"primaryImageOfPage\":{\"@id\":\"https:\/\/global-hookah.com\/pt\/produto\/vaporizacao-hookah-holesale\/#primaryimage\"},\"image\":{\"@id\":\"https:\/\/global-hookah.com\/pt\/produto\/vaporizacao-hookah-holesale\/#primaryimage\"},\"thumbnailUrl\":\"https:\/\/global-hookah.com\/wp-content\/uploads\/2023\/10\/O1CN01zqbBb320GzBbFNxVj_2210970076823-0-cib.jpg\",\"datePublished\":\"2023-10-31T08:59:20+00:00\",\"dateModified\":\"2023-11-01T02:38:20+00:00\",\"breadcrumb\":{\"@id\":\"https:\/\/global-hookah.com\/pt\/produto\/vaporizacao-hookah-holesale\/#breadcrumb\"},\"inLanguage\":\"es\",\"potentialAction\":[{\"@type\":\"ReadAction\",\"target\":[\"https:\/\/global-hookah.com\/pt\/produto\/vaporizacao-hookah-holesale\/\"]}]},{\"@type\":\"ImageObject\",\"inLanguage\":\"es\",\"@id\":\"https:\/\/global-hookah.com\/pt\/produto\/vaporizacao-hookah-holesale\/#primaryimage\",\"url\":\"https:\/\/global-hookah.com\/wp-content\/uploads\/2023\/10\/O1CN01zqbBb320GzBbFNxVj_2210970076823-0-cib.jpg\",\"contentUrl\":\"https:\/\/global-hookah.com\/wp-content\/uploads\/2023\/10\/O1CN01zqbBb320GzBbFNxVj_2210970076823-0-cib.jpg\",\"width\":1920,\"height\":1920,\"caption\":\"Vaporizing Hookah Wholesale\"},{\"@type\":\"BreadcrumbList\",\"@id\":\"https:\/\/global-hookah.com\/pt\/produto\/vaporizacao-hookah-holesale\/#breadcrumb\",\"itemListElement\":[{\"@type\":\"ListItem\",\"position\":1,\"name\":\"Home\",\"item\":\"https:\/\/global-hookah.com\/\"},{\"@type\":\"ListItem\",\"position\":2,\"name\":\"Shop\",\"item\":\"https:\/\/global-hookah.com\/shop\/\"},{\"@type\":\"ListItem\",\"position\":3,\"name\":\"Vaporizing Hookah Wholesale\"}]},{\"@type\":\"WebSite\",\"@id\":\"https:\/\/global-hookah.com\/#website\",\"url\":\"https:\/\/global-hookah.com\/\",\"name\":\"Global Hookah\",\"description\":\"Global Hookah\",\"publisher\":{\"@id\":\"https:\/\/global-hookah.com\/#organization\"},\"potentialAction\":[{\"@type\":\"SearchAction\",\"target\":{\"@type\":\"EntryPoint\",\"urlTemplate\":\"https:\/\/global-hookah.com\/?s={search_term_string}\"},\"query-input\":{\"@type\":\"PropertyValueSpecification\",\"valueRequired\":true,\"valueName\":\"search_term_string\"}}],\"inLanguage\":\"es\"},{\"@type\":\"Organization\",\"@id\":\"https:\/\/global-hookah.com\/#organization\",\"name\":\"Global Hookah\",\"url\":\"https:\/\/global-hookah.com\/\",\"logo\":{\"@type\":\"ImageObject\",\"inLanguage\":\"es\",\"@id\":\"https:\/\/global-hookah.com\/#\/schema\/logo\/image\/\",\"url\":\"https:\/\/global-hookah.com\/wp-content\/uploads\/2021\/10\/cropped-fgg.png\",\"contentUrl\":\"https:\/\/global-hookah.com\/wp-content\/uploads\/2021\/10\/cropped-fgg.png\",\"width\":512,\"height\":512,\"caption\":\"Global Hookah\"},\"image\":{\"@id\":\"https:\/\/global-hookah.com\/#\/schema\/logo\/image\/\"}}]}<\/script>\n<!-- \/ Yoast SEO Premium plugin. -->","yoast_head_json":{"title":"Hookah para vaporizar al por mayor - Global Hookah","robots":{"index":"index","follow":"follow","max-snippet":"max-snippet:-1","max-image-preview":"max-image-preview:large","max-video-preview":"max-video-preview:-1"},"canonical":"https:\/\/global-hookah.com\/es\/pt\/produto\/vaporizacao-hookah-holesale\/","og_locale":"es_ES","og_type":"article","og_title":"Vaporizing Hookah Wholesale","og_description":"Hookah has been a part of Middle Eastern culture for hundreds of years. Traditional hookah has its unique charm, but","og_url":"https:\/\/global-hookah.com\/es\/pt\/produto\/vaporizacao-hookah-holesale\/","og_site_name":"Global Hookah","article_modified_time":"2023-11-01T02:38:20+00:00","og_image":[{"width":1920,"height":1920,"url":"https:\/\/global-hookah.com\/wp-content\/uploads\/2023\/10\/O1CN01zqbBb320GzBbFNxVj_2210970076823-0-cib.jpg","type":"image\/jpeg"}],"twitter_card":"summary_large_image","twitter_misc":{"Tiempo de lectura":"2 minutos"},"schema":{"@context":"https:\/\/schema.org","@graph":[{"@type":"WebPage","@id":"https:\/\/global-hookah.com\/pt\/produto\/vaporizacao-hookah-holesale\/","url":"https:\/\/global-hookah.com\/pt\/produto\/vaporizacao-hookah-holesale\/","name":"Hookah para vaporizar al por mayor - Global Hookah","isPartOf":{"@id":"https:\/\/global-hookah.com\/#website"},"primaryImageOfPage":{"@id":"https:\/\/global-hookah.com\/pt\/produto\/vaporizacao-hookah-holesale\/#primaryimage"},"image":{"@id":"https:\/\/global-hookah.com\/pt\/produto\/vaporizacao-hookah-holesale\/#primaryimage"},"thumbnailUrl":"https:\/\/global-hookah.com\/wp-content\/uploads\/2023\/10\/O1CN01zqbBb320GzBbFNxVj_2210970076823-0-cib.jpg","datePublished":"2023-10-31T08:59:20+00:00","dateModified":"2023-11-01T02:38:20+00:00","breadcrumb":{"@id":"https:\/\/global-hookah.com\/pt\/produto\/vaporizacao-hookah-holesale\/#breadcrumb"},"inLanguage":"es","potentialAction":[{"@type":"ReadAction","target":["https:\/\/global-hookah.com\/pt\/produto\/vaporizacao-hookah-holesale\/"]}]},{"@type":"ImageObject","inLanguage":"es","@id":"https:\/\/global-hookah.com\/pt\/produto\/vaporizacao-hookah-holesale\/#primaryimage","url":"https:\/\/global-hookah.com\/wp-content\/uploads\/2023\/10\/O1CN01zqbBb320GzBbFNxVj_2210970076823-0-cib.jpg","contentUrl":"https:\/\/global-hookah.com\/wp-content\/uploads\/2023\/10\/O1CN01zqbBb320GzBbFNxVj_2210970076823-0-cib.jpg","width":1920,"height":1920,"caption":"Vaporizing Hookah Wholesale"},{"@type":"BreadcrumbList","@id":"https:\/\/global-hookah.com\/pt\/produto\/vaporizacao-hookah-holesale\/#breadcrumb","itemListElement":[{"@type":"ListItem","position":1,"name":"Home","item":"https:\/\/global-hookah.com\/"},{"@type":"ListItem","position":2,"name":"Shop","item":"https:\/\/global-hookah.com\/shop\/"},{"@type":"ListItem","position":3,"name":"Vaporizing Hookah Wholesale"}]},{"@type":"WebSite","@id":"https:\/\/global-hookah.com\/#website","url":"https:\/\/global-hookah.com\/","name":"Global Hookah","description":"Global Hookah","publisher":{"@id":"https:\/\/global-hookah.com\/#organization"},"potentialAction":[{"@type":"SearchAction","target":{"@type":"EntryPoint","urlTemplate":"https:\/\/global-hookah.com\/?s={search_term_string}"},"query-input":{"@type":"PropertyValueSpecification","valueRequired":true,"valueName":"search_term_string"}}],"inLanguage":"es"},{"@type":"Organization","@id":"https:\/\/global-hookah.com\/#organization","name":"Global Hookah","url":"https:\/\/global-hookah.com\/","logo":{"@type":"ImageObject","inLanguage":"es","@id":"https:\/\/global-hookah.com\/#\/schema\/logo\/image\/","url":"https:\/\/global-hookah.com\/wp-content\/uploads\/2021\/10\/cropped-fgg.png","contentUrl":"https:\/\/global-hookah.com\/wp-content\/uploads\/2021\/10\/cropped-fgg.png","width":512,"height":512,"caption":"Global Hookah"},"image":{"@id":"https:\/\/global-hookah.com\/#\/schema\/logo\/image\/"}}]}},"_links":{"self":[{"href":"https:\/\/global-hookah.com\/es\/wp-json\/wp\/v2\/product\/14364","targetHints":{"allow":["GET"]}}],"collection":[{"href":"https:\/\/global-hookah.com\/es\/wp-json\/wp\/v2\/product"}],"about":[{"href":"https:\/\/global-hookah.com\/es\/wp-json\/wp\/v2\/types\/product"}],"replies":[{"embeddable":true,"href":"https:\/\/global-hookah.com\/es\/wp-json\/wp\/v2\/comments?post=14364"}],"version-history":[{"count":0,"href":"https:\/\/global-hookah.com\/es\/wp-json\/wp\/v2\/product\/14364\/revisions"}],"wp:featuredmedia":[{"embeddable":true,"href":"https:\/\/global-hookah.com\/es\/wp-json\/wp\/v2\/media\/14367"}],"wp:attachment":[{"href":"https:\/\/global-hookah.com\/es\/wp-json\/wp\/v2\/media?parent=14364"}],"wp:term":[{"taxonomy":"product_brand","embeddable":true,"href":"https:\/\/global-hookah.com\/es\/wp-json\/wp\/v2\/product_brand?post=14364"},{"taxonomy":"product_cat","embeddable":true,"href":"https:\/\/global-hookah.com\/es\/wp-json\/wp\/v2\/product_cat?post=14364"},{"taxonomy":"product_tag","embeddable":true,"href":"https:\/\/global-hookah.com\/es\/wp-json\/wp\/v2\/product_tag?post=14364"}],"curies":[{"name":"wp","href":"https:\/\/api.w.org\/{rel}","templated":true}]}}