{"id":14392,"date":"2023-11-10T03:36:07","date_gmt":"2023-11-10T03:36:07","guid":{"rendered":"https:\/\/global-hookah.com\/?post_type=product&#038;p=14392"},"modified":"2024-01-11T02:47:37","modified_gmt":"2024-01-11T02:47:37","slug":"bulk-n20-whipped-cream-chargers","status":"publish","type":"product","link":"https:\/\/global-hookah.com\/es\/producto\/bulk-n20-whipped-cream-chargers\/","title":{"rendered":"Cargadores de nata montada N20 a granel"},"content":{"rendered":"<div id=\"detail_decorate_root\" data-magic-global=\"%7B%22bizId%22%3A2214065754750%2C%22pageId%22%3A21074782887%2C%22siteId%22%3A10100381002%7D\">\n<div>\n<div id=\"ali-anchor-AliMagic-jvnnhf\" data-section=\"AliMagic-jvnnhf\" data-section-title=\"Products\">\n<p>Nuestra<strong> N20 Cargadores de nata montada<\/strong> puede almacenar de 580 g a 640 g de N20, un propelente seguro y eficaz que le garantiza la perfecta consistencia de la nata montada en todo momento. Especialmente cuando se utiliza con el dispensador de nata montada, nuestro <strong>N20 Cargadores de nata montada<\/strong> produce nata montada suave<\/p>\n<p>Nuestro cargador de nata montada N20 a granel est\u00e1 fabricado con material met\u00e1lico de calidad alimentaria para garantizar que la pureza y el sabor de su nata montada no se vean comprometidos.<\/p>\n<p>Ventajas de nuestros productos:<\/p>\n<p>La capacidad de carga puede seleccionarse entre 580g\/615g\/640g y otras especificaciones.<br \/>\nNuestra f\u00e1brica tiene m\u00e1s de 15 a\u00f1os de experiencia en la producci\u00f3n, y nuestro <a href=\"https:\/\/global-hookah.com\/product-category\/whip-cream-chargers\/\">Cargadores de nata montada<\/a> son seguros y fiables.<br \/>\nGoza de gran reconocimiento y acogida entre los clientes europeos y estadounidenses.<\/p>\n<p>apoyo al servicio:<\/p>\n<p>Acogemos con satisfacci\u00f3n la personalizaci\u00f3n OEM y el servicio integral de venta al por mayor a granel.<\/p>\n<\/div>\n<\/div>\n<div>\n<div>\n<div>\n<div>\n<div>\n<div><img decoding=\"async\" src=\"\/\/sc04.alicdn.com\/kf\/Hae9e08c559bc46d3a44d7e2544fc6c71E\/266673600\/Hae9e08c559bc46d3a44d7e2544fc6c71E.jpg\" \/><noscript><img src=\"\/\/sc04.alicdn.com\/kf\/Hae9e08c559bc46d3a44d7e2544fc6c71E\/266673600\/Hae9e08c559bc46d3a44d7e2544fc6c71E.jpg\" ><\/noscript><\/div>\n<\/div>\n<\/div>\n<\/div>\n<\/div>\n<\/div>\n<div>\n<div>\n<div>\n<div>\n<div>\n<div>\n<div><\/div>\n<\/div>\n<\/div>\n<\/div>\n<\/div>\n<\/div>\n<\/div>\n<div>\n<div>\n<div>\n<div>\n<div>\n<div><img decoding=\"async\" src=\"\/\/sc04.alicdn.com\/kf\/Ha35183d3be654d70b888c61dba4841c1d\/266673600\/Ha35183d3be654d70b888c61dba4841c1d.jpg\" \/><noscript><img src=\"\/\/sc04.alicdn.com\/kf\/Ha35183d3be654d70b888c61dba4841c1d\/266673600\/Ha35183d3be654d70b888c61dba4841c1d.jpg\" ><\/noscript><\/div>\n<\/div>\n<\/div>\n<\/div>\n<\/div>\n<\/div>\n<div>\n<table>\n<tbody>\n<tr>\n<td colspan=\"1\" rowspan=\"1\">\n<div>Material<\/div>\n<\/td>\n<td colspan=\"1\" rowspan=\"1\">\n<div>Acero al carbono<\/div>\n<\/td>\n<\/tr>\n<tr>\n<td colspan=\"1\" rowspan=\"1\">\n<div>Tipo<\/div>\n<\/td>\n<td colspan=\"1\" rowspan=\"1\">\n<div>Cargador de nata montada<\/div>\n<\/td>\n<\/tr>\n<tr>\n<td colspan=\"1\" rowspan=\"1\">\n<div>Capacidad<\/div>\n<\/td>\n<td colspan=\"1\" rowspan=\"1\">\n<div>580 g \/ 0,95 l<\/div>\n<\/td>\n<\/tr>\n<tr>\n<td colspan=\"1\" rowspan=\"1\">\n<div>Color<\/div>\n<\/td>\n<td colspan=\"1\" rowspan=\"1\">\n<div>Azul o personalizado<\/div>\n<\/td>\n<\/tr>\n<tr>\n<td colspan=\"1\" rowspan=\"1\">\n<div>Presi\u00f3n<\/div>\n<\/td>\n<td colspan=\"1\" rowspan=\"1\">\n<div>16Mpa<\/div>\n<\/td>\n<\/tr>\n<tr>\n<td colspan=\"1\" rowspan=\"1\">\n<div>Embalaje<\/div>\n<\/td>\n<td colspan=\"1\" rowspan=\"1\">\n<div>6PCS por cart\u00f3n o personalizado<\/div>\n<\/td>\n<\/tr>\n<tr>\n<td colspan=\"1\" rowspan=\"1\">\n<div>Aplicaci\u00f3n<\/div>\n<\/td>\n<td colspan=\"1\" rowspan=\"1\">\n<div>Alimentaci\u00f3n y bebidas<\/div>\n<\/td>\n<\/tr>\n<\/tbody>\n<\/table>\n<\/div>\n<div>\n<div>\n<div>\n<div>\n<div>\n<div><img decoding=\"async\" src=\"\/\/sc04.alicdn.com\/kf\/H02edb3c2f3c6455e8f28516e19713d3cu\/266673600\/H02edb3c2f3c6455e8f28516e19713d3cu.jpg\" \/><noscript><img src=\"\/\/sc04.alicdn.com\/kf\/H02edb3c2f3c6455e8f28516e19713d3cu\/266673600\/H02edb3c2f3c6455e8f28516e19713d3cu.jpg\" ><\/noscript><\/div>\n<\/div>\n<\/div>\n<\/div>\n<\/div>\n<\/div>\n<div>\n<div>\n<div>\n<div>\n<div>\n<div><img decoding=\"async\" src=\"\/\/sc04.alicdn.com\/kf\/H54dbde1e1eaf4af89b523e6e9b9d633a9\/266673600\/H54dbde1e1eaf4af89b523e6e9b9d633a9.jpg\" \/><noscript><img src=\"\/\/sc04.alicdn.com\/kf\/H54dbde1e1eaf4af89b523e6e9b9d633a9\/266673600\/H54dbde1e1eaf4af89b523e6e9b9d633a9.jpg\" ><\/noscript><\/div>\n<\/div>\n<\/div>\n<\/div>\n<\/div>\n<\/div>\n<div>\n<div id=\"ali-anchor-AliMagic-q144g7\" data-section=\"AliMagic-q144g7\" data-section-title=\"Recommend\">Recomendar productos<\/div>\n<\/div>\n<div>\n<div data-magic=\"{&quot;mds&quot;:{&quot;assetsVersion&quot;:&quot;0.0.14&quot;.&quot;assetsPackageName&quot;:&quot;icbumod&quot;.&quot;moduleNameAlias&quot;:&quot;icbu-pc-detailSellerRecommend&quot;.&quot;moduleData&quot;:{&quot;config&quot;:{&quot;miniSiteUrl&quot;:&quot;https:\/\/alisite-mobile.alibaba.com\/minisite\/273582668\/productlist.html&quot;.&quot;columnCount&quot;:4.&quot;titleKey&quot;:5.&quot;url&quot;:&quot;https:\/\/huitenggas.en.alibaba.com\/productlist.html&quot;.&quot;products&quot;:[1600525595640.1600527045735]}}}.&quot;version&quot;:1}\"><\/div>\n<\/div>\n<div>\n<div id=\"ali-anchor-AliMagic-dptq7g\" data-section=\"AliMagic-dptq7g\" data-section-title=\"Company\">Perfil de la empresa<\/div>\n<\/div>\n<div>\n<div><img decoding=\"async\" src=\"\/\/sc04.alicdn.com\/kf\/H3b8bec22e1c146b590da2cca5b4a665fj\/266673600\/H3b8bec22e1c146b590da2cca5b4a665fj.jpg\" \/><noscript><img src=\"\/\/sc04.alicdn.com\/kf\/H3b8bec22e1c146b590da2cca5b4a665fj\/266673600\/H3b8bec22e1c146b590da2cca5b4a665fj.jpg\" ><\/noscript><\/div>\n<div><noscript><a href=\"https:\/\/huitenggas.en.alibaba.com\/contactinfo.html\" target=\"_blank\" rel=\"noopener nofollow\"><img src=\"\/\/sc04.alicdn.com\/kf\/Hac3170b6c0034269ac4d033c0ac96e3ct\/266673600\/Hac3170b6c0034269ac4d033c0ac96e3ct.jpg\" ><\/a><\/noscript><\/div>\n<div><img decoding=\"async\" src=\"\/\/sc04.alicdn.com\/kf\/H0fecac03bb9d4c16b3bd61d30928b429x\/266673600\/H0fecac03bb9d4c16b3bd61d30928b429x.jpg\" \/><noscript><img src=\"\/\/sc04.alicdn.com\/kf\/H0fecac03bb9d4c16b3bd61d30928b429x\/266673600\/H0fecac03bb9d4c16b3bd61d30928b429x.jpg\" ><\/noscript><\/div>\n<div><img decoding=\"async\" src=\"\/\/sc04.alicdn.com\/kf\/H5c865908b4ba49cb9637c1d4529be2c1X\/266673600\/H5c865908b4ba49cb9637c1d4529be2c1X.png\/\" \/><noscript><img src=\"\/\/sc04.alicdn.com\/kf\/H5c865908b4ba49cb9637c1d4529be2c1X\/266673600\/H5c865908b4ba49cb9637c1d4529be2c1X.png\/\"><\/noscript><\/div>\n<div><noscript><img src=\"\/\/sc04.alicdn.com\/kf\/H4582735b5c854432be9ae87631ae3b81S\/266673600\/H4582735b5c854432be9ae87631ae3b81S.jpg\" ><\/noscript><\/div>\n<\/div>\n<div>\n<map name=\"7-44-3d6-7c04\">\n<area coords=\"500.248.737.304\" shape=\"rect\" href=\"https:\/\/huitenggas.en.alibaba.com\/contactinfo.html\" target=\"_blank\/\" \/><\/map>\n<\/div>\n<\/div>","protected":false},"excerpt":{"rendered":"<p>Nuestros cargadores de nata montada N20 pueden almacenar de 580 g a 640 g de N20, un propelente seguro y eficaz que le garantiza<\/p>","protected":false},"featured_media":14395,"comment_status":"open","ping_status":"closed","template":"","meta":{"iawp_total_views":13,"_joinchat":[]},"product_brand":[],"product_cat":[410],"product_tag":[],"class_list":{"0":"post-14392","1":"product","2":"type-product","3":"status-publish","4":"has-post-thumbnail","6":"product_cat-whip-cream-chargers","8":"first","9":"instock","10":"shipping-taxable","11":"purchasable","12":"product-type-variable"},"yoast_head":"<!-- This site is optimized with the Yoast SEO Premium plugin v24.7 (Yoast SEO v26.8) - https:\/\/yoast.com\/product\/yoast-seo-premium-wordpress\/ -->\n<title>Bulk N20 Whipped Cream Chargers - Global Hookah<\/title>\n<meta name=\"robots\" content=\"index, follow, max-snippet:-1, max-image-preview:large, max-video-preview:-1\" \/>\n<link rel=\"canonical\" href=\"https:\/\/global-hookah.com\/es\/producto\/bulk-n20-whipped-cream-chargers\/\" \/>\n<meta property=\"og:locale\" content=\"es_ES\" \/>\n<meta property=\"og:type\" content=\"article\" \/>\n<meta property=\"og:title\" content=\"Bulk N20 Whipped Cream Chargers\" \/>\n<meta property=\"og:description\" content=\"Our N20 Whipped Cream Chargers can store 580g to 640g of N20, a safe and efficient propellant that ensures you\" \/>\n<meta property=\"og:url\" content=\"https:\/\/global-hookah.com\/es\/producto\/bulk-n20-whipped-cream-chargers\/\" \/>\n<meta property=\"og:site_name\" content=\"Global Hookah\" \/>\n<meta property=\"article:modified_time\" content=\"2024-01-11T02:47:37+00:00\" \/>\n<meta property=\"og:image\" content=\"https:\/\/global-hookah.com\/wp-content\/uploads\/2023\/11\/Hddde731f76ce44c4bb4ed7a3ee52bc1cK.webp\" \/>\n\t<meta property=\"og:image:width\" content=\"800\" \/>\n\t<meta property=\"og:image:height\" content=\"800\" \/>\n\t<meta property=\"og:image:type\" content=\"image\/webp\" \/>\n<meta name=\"twitter:card\" content=\"summary_large_image\" \/>\n<meta name=\"twitter:label1\" content=\"Tiempo de lectura\" \/>\n\t<meta name=\"twitter:data1\" content=\"3 minutos\" \/>\n<script type=\"application\/ld+json\" class=\"yoast-schema-graph\">{\"@context\":\"https:\/\/schema.org\",\"@graph\":[{\"@type\":\"WebPage\",\"@id\":\"https:\/\/global-hookah.com\/product\/bulk-n20-whipped-cream-chargers\/\",\"url\":\"https:\/\/global-hookah.com\/product\/bulk-n20-whipped-cream-chargers\/\",\"name\":\"Bulk N20 Whipped Cream Chargers - Global Hookah\",\"isPartOf\":{\"@id\":\"https:\/\/global-hookah.com\/#website\"},\"primaryImageOfPage\":{\"@id\":\"https:\/\/global-hookah.com\/product\/bulk-n20-whipped-cream-chargers\/#primaryimage\"},\"image\":{\"@id\":\"https:\/\/global-hookah.com\/product\/bulk-n20-whipped-cream-chargers\/#primaryimage\"},\"thumbnailUrl\":\"https:\/\/global-hookah.com\/wp-content\/uploads\/2023\/11\/Hddde731f76ce44c4bb4ed7a3ee52bc1cK.webp\",\"datePublished\":\"2023-11-10T03:36:07+00:00\",\"dateModified\":\"2024-01-11T02:47:37+00:00\",\"breadcrumb\":{\"@id\":\"https:\/\/global-hookah.com\/product\/bulk-n20-whipped-cream-chargers\/#breadcrumb\"},\"inLanguage\":\"es\",\"potentialAction\":[{\"@type\":\"ReadAction\",\"target\":[\"https:\/\/global-hookah.com\/product\/bulk-n20-whipped-cream-chargers\/\"]}]},{\"@type\":\"ImageObject\",\"inLanguage\":\"es\",\"@id\":\"https:\/\/global-hookah.com\/product\/bulk-n20-whipped-cream-chargers\/#primaryimage\",\"url\":\"https:\/\/global-hookah.com\/wp-content\/uploads\/2023\/11\/Hddde731f76ce44c4bb4ed7a3ee52bc1cK.webp\",\"contentUrl\":\"https:\/\/global-hookah.com\/wp-content\/uploads\/2023\/11\/Hddde731f76ce44c4bb4ed7a3ee52bc1cK.webp\",\"width\":800,\"height\":800,\"caption\":\"N20 Whipped Cream Chargers\"},{\"@type\":\"BreadcrumbList\",\"@id\":\"https:\/\/global-hookah.com\/product\/bulk-n20-whipped-cream-chargers\/#breadcrumb\",\"itemListElement\":[{\"@type\":\"ListItem\",\"position\":1,\"name\":\"Home\",\"item\":\"https:\/\/global-hookah.com\/\"},{\"@type\":\"ListItem\",\"position\":2,\"name\":\"Shop\",\"item\":\"https:\/\/global-hookah.com\/shop\/\"},{\"@type\":\"ListItem\",\"position\":3,\"name\":\"Bulk N20 Whipped Cream Chargers\"}]},{\"@type\":\"WebSite\",\"@id\":\"https:\/\/global-hookah.com\/#website\",\"url\":\"https:\/\/global-hookah.com\/\",\"name\":\"Global Hookah\",\"description\":\"Global Hookah\",\"publisher\":{\"@id\":\"https:\/\/global-hookah.com\/#organization\"},\"potentialAction\":[{\"@type\":\"SearchAction\",\"target\":{\"@type\":\"EntryPoint\",\"urlTemplate\":\"https:\/\/global-hookah.com\/?s={search_term_string}\"},\"query-input\":{\"@type\":\"PropertyValueSpecification\",\"valueRequired\":true,\"valueName\":\"search_term_string\"}}],\"inLanguage\":\"es\"},{\"@type\":\"Organization\",\"@id\":\"https:\/\/global-hookah.com\/#organization\",\"name\":\"Global Hookah\",\"url\":\"https:\/\/global-hookah.com\/\",\"logo\":{\"@type\":\"ImageObject\",\"inLanguage\":\"es\",\"@id\":\"https:\/\/global-hookah.com\/#\/schema\/logo\/image\/\",\"url\":\"https:\/\/global-hookah.com\/wp-content\/uploads\/2021\/10\/cropped-fgg.png\",\"contentUrl\":\"https:\/\/global-hookah.com\/wp-content\/uploads\/2021\/10\/cropped-fgg.png\",\"width\":512,\"height\":512,\"caption\":\"Global Hookah\"},\"image\":{\"@id\":\"https:\/\/global-hookah.com\/#\/schema\/logo\/image\/\"}}]}<\/script>\n<!-- \/ Yoast SEO Premium plugin. -->","yoast_head_json":{"title":"Cargadores de crema batida N20 a granel - Global Hookah","robots":{"index":"index","follow":"follow","max-snippet":"max-snippet:-1","max-image-preview":"max-image-preview:large","max-video-preview":"max-video-preview:-1"},"canonical":"https:\/\/global-hookah.com\/es\/producto\/bulk-n20-whipped-cream-chargers\/","og_locale":"es_ES","og_type":"article","og_title":"Bulk N20 Whipped Cream Chargers","og_description":"Our N20 Whipped Cream Chargers can store 580g to 640g of N20, a safe and efficient propellant that ensures you","og_url":"https:\/\/global-hookah.com\/es\/producto\/bulk-n20-whipped-cream-chargers\/","og_site_name":"Global Hookah","article_modified_time":"2024-01-11T02:47:37+00:00","og_image":[{"width":800,"height":800,"url":"https:\/\/global-hookah.com\/wp-content\/uploads\/2023\/11\/Hddde731f76ce44c4bb4ed7a3ee52bc1cK.webp","type":"image\/webp"}],"twitter_card":"summary_large_image","twitter_misc":{"Tiempo de lectura":"3 minutos"},"schema":{"@context":"https:\/\/schema.org","@graph":[{"@type":"WebPage","@id":"https:\/\/global-hookah.com\/product\/bulk-n20-whipped-cream-chargers\/","url":"https:\/\/global-hookah.com\/product\/bulk-n20-whipped-cream-chargers\/","name":"Cargadores de crema batida N20 a granel - Global Hookah","isPartOf":{"@id":"https:\/\/global-hookah.com\/#website"},"primaryImageOfPage":{"@id":"https:\/\/global-hookah.com\/product\/bulk-n20-whipped-cream-chargers\/#primaryimage"},"image":{"@id":"https:\/\/global-hookah.com\/product\/bulk-n20-whipped-cream-chargers\/#primaryimage"},"thumbnailUrl":"https:\/\/global-hookah.com\/wp-content\/uploads\/2023\/11\/Hddde731f76ce44c4bb4ed7a3ee52bc1cK.webp","datePublished":"2023-11-10T03:36:07+00:00","dateModified":"2024-01-11T02:47:37+00:00","breadcrumb":{"@id":"https:\/\/global-hookah.com\/product\/bulk-n20-whipped-cream-chargers\/#breadcrumb"},"inLanguage":"es","potentialAction":[{"@type":"ReadAction","target":["https:\/\/global-hookah.com\/product\/bulk-n20-whipped-cream-chargers\/"]}]},{"@type":"ImageObject","inLanguage":"es","@id":"https:\/\/global-hookah.com\/product\/bulk-n20-whipped-cream-chargers\/#primaryimage","url":"https:\/\/global-hookah.com\/wp-content\/uploads\/2023\/11\/Hddde731f76ce44c4bb4ed7a3ee52bc1cK.webp","contentUrl":"https:\/\/global-hookah.com\/wp-content\/uploads\/2023\/11\/Hddde731f76ce44c4bb4ed7a3ee52bc1cK.webp","width":800,"height":800,"caption":"N20 Whipped Cream Chargers"},{"@type":"BreadcrumbList","@id":"https:\/\/global-hookah.com\/product\/bulk-n20-whipped-cream-chargers\/#breadcrumb","itemListElement":[{"@type":"ListItem","position":1,"name":"Home","item":"https:\/\/global-hookah.com\/"},{"@type":"ListItem","position":2,"name":"Shop","item":"https:\/\/global-hookah.com\/shop\/"},{"@type":"ListItem","position":3,"name":"Bulk N20 Whipped Cream Chargers"}]},{"@type":"WebSite","@id":"https:\/\/global-hookah.com\/#website","url":"https:\/\/global-hookah.com\/","name":"Global Hookah","description":"Global Hookah","publisher":{"@id":"https:\/\/global-hookah.com\/#organization"},"potentialAction":[{"@type":"SearchAction","target":{"@type":"EntryPoint","urlTemplate":"https:\/\/global-hookah.com\/?s={search_term_string}"},"query-input":{"@type":"PropertyValueSpecification","valueRequired":true,"valueName":"search_term_string"}}],"inLanguage":"es"},{"@type":"Organization","@id":"https:\/\/global-hookah.com\/#organization","name":"Global Hookah","url":"https:\/\/global-hookah.com\/","logo":{"@type":"ImageObject","inLanguage":"es","@id":"https:\/\/global-hookah.com\/#\/schema\/logo\/image\/","url":"https:\/\/global-hookah.com\/wp-content\/uploads\/2021\/10\/cropped-fgg.png","contentUrl":"https:\/\/global-hookah.com\/wp-content\/uploads\/2021\/10\/cropped-fgg.png","width":512,"height":512,"caption":"Global Hookah"},"image":{"@id":"https:\/\/global-hookah.com\/#\/schema\/logo\/image\/"}}]}},"_links":{"self":[{"href":"https:\/\/global-hookah.com\/es\/wp-json\/wp\/v2\/product\/14392","targetHints":{"allow":["GET"]}}],"collection":[{"href":"https:\/\/global-hookah.com\/es\/wp-json\/wp\/v2\/product"}],"about":[{"href":"https:\/\/global-hookah.com\/es\/wp-json\/wp\/v2\/types\/product"}],"replies":[{"embeddable":true,"href":"https:\/\/global-hookah.com\/es\/wp-json\/wp\/v2\/comments?post=14392"}],"version-history":[{"count":0,"href":"https:\/\/global-hookah.com\/es\/wp-json\/wp\/v2\/product\/14392\/revisions"}],"wp:featuredmedia":[{"embeddable":true,"href":"https:\/\/global-hookah.com\/es\/wp-json\/wp\/v2\/media\/14395"}],"wp:attachment":[{"href":"https:\/\/global-hookah.com\/es\/wp-json\/wp\/v2\/media?parent=14392"}],"wp:term":[{"taxonomy":"product_brand","embeddable":true,"href":"https:\/\/global-hookah.com\/es\/wp-json\/wp\/v2\/product_brand?post=14392"},{"taxonomy":"product_cat","embeddable":true,"href":"https:\/\/global-hookah.com\/es\/wp-json\/wp\/v2\/product_cat?post=14392"},{"taxonomy":"product_tag","embeddable":true,"href":"https:\/\/global-hookah.com\/es\/wp-json\/wp\/v2\/product_tag?post=14392"}],"curies":[{"name":"wp","href":"https:\/\/api.w.org\/{rel}","templated":true}]}}