{"id":14393,"date":"2023-11-10T03:36:07","date_gmt":"2023-11-10T03:36:07","guid":{"rendered":"https:\/\/global-hookah.com\/?post_type=product&#038;p=14393"},"modified":"2023-11-10T07:09:30","modified_gmt":"2023-11-10T07:09:30","slug":"2023-hotsell-factory-price-cecheapest-0-95l-food-grade-gas-chargers-forcream-dispenser-580g-smart-gas-cream-chargers","status":"publish","type":"product","link":"https:\/\/global-hookah.com\/es\/producto\/2023-hotsell-factory-price-cecheapest-0-95l-food-grade-gas-chargers-forcream-dispenser-580g-smart-gas-cream-chargers\/","title":{"rendered":"2023 Hotsell precio de f\u00e1brica CEcheapest 0,95L de calidad alimentaria cargadores de gas paracrema dispensador 580G inteligente cargadores de gas crema"},"content":{"rendered":"<p><div data-magic-global=\"%7B%22bizId%22%3A2211828152641%2C%22pageId%22%3A21288470379%2C%22siteId%22%3A10002799136%7D\" id=\"detail_decorate_root\">      <div module-id=\"35013923055\" module-title=\"detailProductNavigation\" render=\"true\"><div id=\"ali-anchor-AliMagic-rehk6s\" data-section=\"AliMagic-rehk6s\" data-section-title=\"Product\" description>Descripci\u00f3n del producto<\/div><\/div>            <div module-id=\"35013923056\" module-title=\"detailManyImage\" render=\"true\"><div><div><img  src=\"\/\/sc04.alicdn.com\/kf\/H0330f8febe1c41169f50059b440ff42dH\/252349051\/H0330f8febe1c41169f50059b440ff42dH.jpg\" ><noscript><img src=\"\/\/sc04.alicdn.com\/kf\/H0330f8febe1c41169f50059b440ff42dH\/252349051\/H0330f8febe1c41169f50059b440ff42dH.jpg\" ><\/noscript><\/div><div><img  src=\"\/\/sc04.alicdn.com\/kf\/Hd6997484a38d4d93a036b665d2938442C\/252349051\/Hd6997484a38d4d93a036b665d2938442C.jpg\" ><noscript><img src=\"\/\/sc04.alicdn.com\/kf\/Hd6997484a38d4d93a036b665d2938442C\/252349051\/Hd6997484a38d4d93a036b665d2938442C.jpg\" ><\/noscript><\/div><div><img  src=\"\/\/sc04.alicdn.com\/kf\/H9449e6be8cd34996b482bf13f7a4c4b5A\/252349051\/H9449e6be8cd34996b482bf13f7a4c4b5A.jpg\" ><noscript><img src=\"\/\/sc04.alicdn.com\/kf\/H9449e6be8cd34996b482bf13f7a4c4b5A\/252349051\/H9449e6be8cd34996b482bf13f7a4c4b5A.jpg\" ><\/noscript><\/div><div><img  src=\"\/\/sc04.alicdn.com\/kf\/Hfcbefe0a10dd4c8f9db3d9d90458f4b0D\/252349051\/Hfcbefe0a10dd4c8f9db3d9d90458f4b0D.jpg\" ><noscript><img src=\"\/\/sc04.alicdn.com\/kf\/Hfcbefe0a10dd4c8f9db3d9d90458f4b0D\/252349051\/Hfcbefe0a10dd4c8f9db3d9d90458f4b0D.jpg\" ><\/noscript><\/div><div><img  src=\"\/\/sc04.alicdn.com\/kf\/H343847046a1e4deab5b857775379507ec\/252349051\/H343847046a1e4deab5b857775379507ec.png\/\"><noscript><img src=\"\/\/sc04.alicdn.com\/kf\/H343847046a1e4deab5b857775379507ec\/252349051\/H343847046a1e4deab5b857775379507ec.png\/\"><\/noscript><\/div><div><img  src=\"\/\/sc04.alicdn.com\/kf\/Hf1ad580fd3a34384adbca2ecae772392c\/252349051\/Hf1ad580fd3a34384adbca2ecae772392c.png\/\"><noscript><img src=\"\/\/sc04.alicdn.com\/kf\/Hf1ad580fd3a34384adbca2ecae772392c\/252349051\/Hf1ad580fd3a34384adbca2ecae772392c.png\/\"><\/noscript><\/div><\/div><\/div>            <div module-id=\"35013923057\" module-title=\"detailProductNavigation\" render=\"true\"><div id=\"ali-anchor-AliMagic-e3q7ty\" data-section=\"AliMagic-e3q7ty\" data-section-title=\"Specification\">Especificaci\u00f3n<\/div><\/div>            <div module-id=\"35013923058\" module-title=\"detailTableHorizontal\" render=\"true\"><div><table><tbody><tr><td colspan=\"1\" rowspan=\"1\"><div>art\u00edculo<\/div><\/td><td colspan=\"1\" rowspan=\"1\"><div>valor<\/div><\/td><\/tr><tr><td colspan=\"1\" rowspan=\"1\"><div>Tipo<\/div><\/td><td colspan=\"1\" rowspan=\"1\"><div>Herramientas para postres<\/div><\/td><\/tr><tr><td colspan=\"1\" rowspan=\"1\"><div>Herramientas para postres Tipo<\/div><\/td><td colspan=\"1\" rowspan=\"1\"><div>Batidoras de nata<\/div><\/td><\/tr><tr><td colspan=\"1\" rowspan=\"1\"><div>Material<\/div><\/td><td colspan=\"1\" rowspan=\"1\"><div>Metal<\/div><\/td><\/tr><tr><td colspan=\"1\" rowspan=\"1\"><div>Caracter\u00edstica<\/div><\/td><td colspan=\"1\" rowspan=\"1\"><div>Sostenible. En stock<\/div><\/td><\/tr><tr><td colspan=\"1\" rowspan=\"1\"><div>Lugar de origen<\/div><\/td><td colspan=\"1\" rowspan=\"1\"><div>China<\/div><\/td><\/tr><tr><td colspan=\"1\" rowspan=\"1\"><div><\/div><\/td><td colspan=\"1\" rowspan=\"1\"><div>Guangxi<\/div><\/td><\/tr><tr><td colspan=\"1\" rowspan=\"1\"><div>Marca<\/div><\/td><td colspan=\"1\" rowspan=\"1\"><div>OkWhip<\/div><\/td><\/tr><tr><td colspan=\"1\" rowspan=\"1\"><div>N\u00famero de modelo<\/div><\/td><td colspan=\"1\" rowspan=\"1\"><div>615g<\/div><\/td><\/tr><tr><td colspan=\"1\" rowspan=\"1\"><div>Nombre del producto<\/div><\/td><td colspan=\"1\" rowspan=\"1\"><div>Cargadores de crema<\/div><\/td><\/tr><tr><td colspan=\"1\" rowspan=\"1\"><div>Utilizaci\u00f3n<\/div><\/td><td colspan=\"1\" rowspan=\"1\"><div>Utensilios para postres Hacer crema<\/div><\/td><\/tr><tr><td colspan=\"1\" rowspan=\"1\"><div>Capacidad<\/div><\/td><td colspan=\"1\" rowspan=\"1\"><div>580g\/615g\/640g<\/div><\/td><\/tr><tr><td colspan=\"1\" rowspan=\"1\"><div>Utilizado para<\/div><\/td><td colspan=\"1\" rowspan=\"1\"><div>Dispensador de galletas de nata montada<\/div><\/td><\/tr><tr><td colspan=\"1\" rowspan=\"1\"><div>Logotipo<\/div><\/td><td colspan=\"1\" rowspan=\"1\"><div>OEM Aceptable<\/div><\/td><\/tr><tr><td colspan=\"1\" rowspan=\"1\"><div>Carga<\/div><\/td><td colspan=\"1\" rowspan=\"1\"><div>580g\/615g\/640g<\/div><\/td><\/tr><tr><td colspan=\"1\" rowspan=\"1\"><div>Calidad<\/div><\/td><td colspan=\"1\" rowspan=\"1\"><div>M\u00e1s alto<\/div><\/td><\/tr><tr><td colspan=\"1\" rowspan=\"1\"><div>PALABRAS CLAVE<\/div><\/td><td colspan=\"1\" rowspan=\"1\"><div>Galleta de nata montada<\/div><\/td><\/tr><tr><td colspan=\"1\" rowspan=\"1\"><div>Sabor<\/div><\/td><td colspan=\"1\" rowspan=\"1\"><div>Sabor<\/div><\/td><\/tr><tr><td colspan=\"1\" rowspan=\"1\"><div>Formas de env\u00edo<\/div><\/td><td colspan=\"1\" rowspan=\"1\"><div>MAR<\/div><\/td><\/tr><\/tbody><\/table><\/div><\/div>            <div module-id=\"35013923059\" module-title=\"detailProductNavigation\" render=\"true\"><div id=\"ali-anchor-AliMagic-afgcgt\" data-section=\"AliMagic-afgcgt\" data-section-title=\"Packing\" &#038; delivery>Embalaje y entrega<\/div><\/div>            <div module-id=\"35013923060\" module-title=\"detailTwoImages\" render=\"true\"><div><div><div><div><div><img  src=\"\/\/sc04.alicdn.com\/kf\/H65a711c9dbbb48fe82f3bf64440d92bbK\/252349051\/H65a711c9dbbb48fe82f3bf64440d92bbK.jpg\" ><noscript><img src=\"\/\/sc04.alicdn.com\/kf\/H65a711c9dbbb48fe82f3bf64440d92bbK\/252349051\/H65a711c9dbbb48fe82f3bf64440d92bbK.jpg\" ><\/noscript><\/div><div><img  src=\"\/\/sc04.alicdn.com\/kf\/H231da8e2a0fd4cb587910b12878f7512n\/252349051\/H231da8e2a0fd4cb587910b12878f7512n.png\/\"><noscript><img src=\"\/\/sc04.alicdn.com\/kf\/H231da8e2a0fd4cb587910b12878f7512n\/252349051\/H231da8e2a0fd4cb587910b12878f7512n.png\/\"><\/noscript><\/div><\/div><\/div><\/div><\/div><\/div>            <div module-id=\"35013923061\" module-title=\"detailTextContent\" render=\"true\"><div><div><div><div><div>Para garantizar la seguridad de sus mercanc\u00edas, le ofrecemos servicios de embalaje profesionales, ecol\u00f3gicos, c\u00f3modos y eficaces.<\/div><\/div><\/div><\/div><\/div><\/div>            <div module-id=\"35013923062\" module-title=\"detailProductNavigation\" render=\"true\"><div id=\"ali-anchor-AliMagic-pjns1i\" data-section=\"AliMagic-pjns1i\" data-section-title=\"FAQ\">PREGUNTAS FRECUENTES<\/div><\/div>            <div module-id=\"35013923063\" module-title=\"detailTextContent\" render=\"true\"><div><div><div><div><div><b><\/b><span>1:\u00bfPuedo obtener una muestra gratuita?  Por supuesto que puede comprar una muestra de nosotros.  Usted puede poner el honorario de la muestra deducido si usted compra en cantidad de la hornada2: \u00bfEs usted f\u00e1brica o compa\u00f1\u00eda que negocia?  Sure.We son tanto la f\u00e1brica y Trading Company.Welcome para visitar nuestra Factory.3: \u00bfC\u00f3mo garantizar su calidad Cylinger?  Tenemos En ISO.Dot Cretificate.And Hemos estado en este campo durante m\u00e1s de 20 a\u00f1os y enviar las mercanc\u00edas casi todo el mundo.<\/span><\/div><\/div><\/div><\/div><\/div><\/div>      <\/div><\/p>","protected":false},"excerpt":{"rendered":"<p>Descripci\u00f3n del producto Especificaci\u00f3n itemvalueTipoHerramientas para postresHerramientas para postres TipoCream WhippersMaterialMetalFeatureSustainable. StockedPlace of OriginChinaGuangxiBrand NameOkWhipModel Number615gProduct nameCream ChargersUsageDessert Tools Making CreamCapacity580g\/615g\/640gUsed forWhipped Cream<\/p>","protected":false},"featured_media":14404,"comment_status":"open","ping_status":"closed","template":"","meta":{"iawp_total_views":12,"_joinchat":[]},"product_brand":[],"product_cat":[410],"product_tag":[],"class_list":{"0":"post-14393","1":"product","2":"type-product","3":"status-publish","4":"has-post-thumbnail","6":"product_cat-whip-cream-chargers","8":"first","9":"instock","10":"shipping-taxable","11":"purchasable","12":"product-type-variable"},"yoast_head":"<!-- This site is optimized with the Yoast SEO Premium plugin v24.7 (Yoast SEO v26.8) - https:\/\/yoast.com\/product\/yoast-seo-premium-wordpress\/ -->\n<title>2023 Hotsell factory price CEcheapest 0.95L food grade gas chargers forcream dispenser 580G smart gas cream chargers - Global Hookah<\/title>\n<meta name=\"robots\" content=\"index, follow, max-snippet:-1, max-image-preview:large, max-video-preview:-1\" \/>\n<link rel=\"canonical\" href=\"https:\/\/global-hookah.com\/es\/producto\/2023-hotsell-factory-price-cecheapest-0-95l-food-grade-gas-chargers-forcream-dispenser-580g-smart-gas-cream-chargers\/\" \/>\n<meta property=\"og:locale\" content=\"es_ES\" \/>\n<meta property=\"og:type\" content=\"article\" \/>\n<meta property=\"og:title\" content=\"2023 Hotsell factory price CEcheapest 0.95L food grade gas chargers forcream dispenser 580G smart gas cream chargers\" \/>\n<meta property=\"og:description\" content=\"Product Description Specification itemvalueTypeDessert ToolsDessert Tools TypeCream WhippersMaterialMetalFeatureSustainable. StockedPlace of OriginChinaGuangxiBrand NameOkWhipModel Number615gProduct nameCream ChargersUsageDessert Tools Making CreamCapacity580g\/615g\/640gUsed forWhipped Cream\" \/>\n<meta property=\"og:url\" content=\"https:\/\/global-hookah.com\/es\/producto\/2023-hotsell-factory-price-cecheapest-0-95l-food-grade-gas-chargers-forcream-dispenser-580g-smart-gas-cream-chargers\/\" \/>\n<meta property=\"og:site_name\" content=\"Global Hookah\" \/>\n<meta property=\"article:modified_time\" content=\"2023-11-10T07:09:30+00:00\" \/>\n<meta property=\"og:image\" content=\"https:\/\/global-hookah.com\/wp-content\/uploads\/2023\/11\/Hb49841ce0b75459e9a679e8c0ffa98261.webp\" \/>\n\t<meta property=\"og:image:width\" content=\"2000\" \/>\n\t<meta property=\"og:image:height\" content=\"2000\" \/>\n\t<meta property=\"og:image:type\" content=\"image\/webp\" \/>\n<meta name=\"twitter:card\" content=\"summary_large_image\" \/>\n<meta name=\"twitter:label1\" content=\"Tiempo de lectura\" \/>\n\t<meta name=\"twitter:data1\" content=\"1 minuto\" \/>\n<script type=\"application\/ld+json\" class=\"yoast-schema-graph\">{\"@context\":\"https:\/\/schema.org\",\"@graph\":[{\"@type\":\"WebPage\",\"@id\":\"https:\/\/global-hookah.com\/es\/producto\/2023-hotsell-factory-price-cecheapest-0-95l-food-grade-gas-chargers-forcream-dispenser-580g-smart-gas-cream-chargers\/\",\"url\":\"https:\/\/global-hookah.com\/es\/producto\/2023-hotsell-factory-price-cecheapest-0-95l-food-grade-gas-chargers-forcream-dispenser-580g-smart-gas-cream-chargers\/\",\"name\":\"2023 Hotsell factory price CEcheapest 0.95L food grade gas chargers forcream dispenser 580G smart gas cream chargers - Global Hookah\",\"isPartOf\":{\"@id\":\"https:\/\/global-hookah.com\/#website\"},\"primaryImageOfPage\":{\"@id\":\"https:\/\/global-hookah.com\/es\/producto\/2023-hotsell-factory-price-cecheapest-0-95l-food-grade-gas-chargers-forcream-dispenser-580g-smart-gas-cream-chargers\/#primaryimage\"},\"image\":{\"@id\":\"https:\/\/global-hookah.com\/es\/producto\/2023-hotsell-factory-price-cecheapest-0-95l-food-grade-gas-chargers-forcream-dispenser-580g-smart-gas-cream-chargers\/#primaryimage\"},\"thumbnailUrl\":\"https:\/\/global-hookah.com\/wp-content\/uploads\/2023\/11\/Hb49841ce0b75459e9a679e8c0ffa98261.webp\",\"datePublished\":\"2023-11-10T03:36:07+00:00\",\"dateModified\":\"2023-11-10T07:09:30+00:00\",\"breadcrumb\":{\"@id\":\"https:\/\/global-hookah.com\/es\/producto\/2023-hotsell-factory-price-cecheapest-0-95l-food-grade-gas-chargers-forcream-dispenser-580g-smart-gas-cream-chargers\/#breadcrumb\"},\"inLanguage\":\"es\",\"potentialAction\":[{\"@type\":\"ReadAction\",\"target\":[\"https:\/\/global-hookah.com\/es\/producto\/2023-hotsell-factory-price-cecheapest-0-95l-food-grade-gas-chargers-forcream-dispenser-580g-smart-gas-cream-chargers\/\"]}]},{\"@type\":\"ImageObject\",\"inLanguage\":\"es\",\"@id\":\"https:\/\/global-hookah.com\/es\/producto\/2023-hotsell-factory-price-cecheapest-0-95l-food-grade-gas-chargers-forcream-dispenser-580g-smart-gas-cream-chargers\/#primaryimage\",\"url\":\"https:\/\/global-hookah.com\/wp-content\/uploads\/2023\/11\/Hb49841ce0b75459e9a679e8c0ffa98261.webp\",\"contentUrl\":\"https:\/\/global-hookah.com\/wp-content\/uploads\/2023\/11\/Hb49841ce0b75459e9a679e8c0ffa98261.webp\",\"width\":2000,\"height\":2000},{\"@type\":\"BreadcrumbList\",\"@id\":\"https:\/\/global-hookah.com\/es\/producto\/2023-hotsell-factory-price-cecheapest-0-95l-food-grade-gas-chargers-forcream-dispenser-580g-smart-gas-cream-chargers\/#breadcrumb\",\"itemListElement\":[{\"@type\":\"ListItem\",\"position\":1,\"name\":\"Home\",\"item\":\"https:\/\/global-hookah.com\/\"},{\"@type\":\"ListItem\",\"position\":2,\"name\":\"Shop\",\"item\":\"https:\/\/global-hookah.com\/shop\/\"},{\"@type\":\"ListItem\",\"position\":3,\"name\":\"2023 Hotsell factory price CEcheapest 0.95L food grade gas chargers forcream dispenser 580G smart gas cream chargers\"}]},{\"@type\":\"WebSite\",\"@id\":\"https:\/\/global-hookah.com\/#website\",\"url\":\"https:\/\/global-hookah.com\/\",\"name\":\"Global Hookah\",\"description\":\"Global Hookah\",\"publisher\":{\"@id\":\"https:\/\/global-hookah.com\/#organization\"},\"potentialAction\":[{\"@type\":\"SearchAction\",\"target\":{\"@type\":\"EntryPoint\",\"urlTemplate\":\"https:\/\/global-hookah.com\/?s={search_term_string}\"},\"query-input\":{\"@type\":\"PropertyValueSpecification\",\"valueRequired\":true,\"valueName\":\"search_term_string\"}}],\"inLanguage\":\"es\"},{\"@type\":\"Organization\",\"@id\":\"https:\/\/global-hookah.com\/#organization\",\"name\":\"Global Hookah\",\"url\":\"https:\/\/global-hookah.com\/\",\"logo\":{\"@type\":\"ImageObject\",\"inLanguage\":\"es\",\"@id\":\"https:\/\/global-hookah.com\/#\/schema\/logo\/image\/\",\"url\":\"https:\/\/global-hookah.com\/wp-content\/uploads\/2021\/10\/cropped-fgg.png\",\"contentUrl\":\"https:\/\/global-hookah.com\/wp-content\/uploads\/2021\/10\/cropped-fgg.png\",\"width\":512,\"height\":512,\"caption\":\"Global Hookah\"},\"image\":{\"@id\":\"https:\/\/global-hookah.com\/#\/schema\/logo\/image\/\"}}]}<\/script>\n<!-- \/ Yoast SEO Premium plugin. -->","yoast_head_json":{"title":"2023 Hotsell precio de f\u00e1brica CEcheapest 0,95L de calidad alimentaria cargadores de gas forcream dispensador 580G inteligente cargadores de crema de gas - Global Hookah","robots":{"index":"index","follow":"follow","max-snippet":"max-snippet:-1","max-image-preview":"max-image-preview:large","max-video-preview":"max-video-preview:-1"},"canonical":"https:\/\/global-hookah.com\/es\/producto\/2023-hotsell-factory-price-cecheapest-0-95l-food-grade-gas-chargers-forcream-dispenser-580g-smart-gas-cream-chargers\/","og_locale":"es_ES","og_type":"article","og_title":"2023 Hotsell factory price CEcheapest 0.95L food grade gas chargers forcream dispenser 580G smart gas cream chargers","og_description":"Product Description Specification itemvalueTypeDessert ToolsDessert Tools TypeCream WhippersMaterialMetalFeatureSustainable. StockedPlace of OriginChinaGuangxiBrand NameOkWhipModel Number615gProduct nameCream ChargersUsageDessert Tools Making CreamCapacity580g\/615g\/640gUsed forWhipped Cream","og_url":"https:\/\/global-hookah.com\/es\/producto\/2023-hotsell-factory-price-cecheapest-0-95l-food-grade-gas-chargers-forcream-dispenser-580g-smart-gas-cream-chargers\/","og_site_name":"Global Hookah","article_modified_time":"2023-11-10T07:09:30+00:00","og_image":[{"width":2000,"height":2000,"url":"https:\/\/global-hookah.com\/wp-content\/uploads\/2023\/11\/Hb49841ce0b75459e9a679e8c0ffa98261.webp","type":"image\/webp"}],"twitter_card":"summary_large_image","twitter_misc":{"Tiempo de lectura":"1 minuto"},"schema":{"@context":"https:\/\/schema.org","@graph":[{"@type":"WebPage","@id":"https:\/\/global-hookah.com\/es\/producto\/2023-hotsell-factory-price-cecheapest-0-95l-food-grade-gas-chargers-forcream-dispenser-580g-smart-gas-cream-chargers\/","url":"https:\/\/global-hookah.com\/es\/producto\/2023-hotsell-factory-price-cecheapest-0-95l-food-grade-gas-chargers-forcream-dispenser-580g-smart-gas-cream-chargers\/","name":"2023 Hotsell precio de f\u00e1brica CEcheapest 0,95L de calidad alimentaria cargadores de gas forcream dispensador 580G inteligente cargadores de crema de gas - Global Hookah","isPartOf":{"@id":"https:\/\/global-hookah.com\/#website"},"primaryImageOfPage":{"@id":"https:\/\/global-hookah.com\/es\/producto\/2023-hotsell-factory-price-cecheapest-0-95l-food-grade-gas-chargers-forcream-dispenser-580g-smart-gas-cream-chargers\/#primaryimage"},"image":{"@id":"https:\/\/global-hookah.com\/es\/producto\/2023-hotsell-factory-price-cecheapest-0-95l-food-grade-gas-chargers-forcream-dispenser-580g-smart-gas-cream-chargers\/#primaryimage"},"thumbnailUrl":"https:\/\/global-hookah.com\/wp-content\/uploads\/2023\/11\/Hb49841ce0b75459e9a679e8c0ffa98261.webp","datePublished":"2023-11-10T03:36:07+00:00","dateModified":"2023-11-10T07:09:30+00:00","breadcrumb":{"@id":"https:\/\/global-hookah.com\/es\/producto\/2023-hotsell-factory-price-cecheapest-0-95l-food-grade-gas-chargers-forcream-dispenser-580g-smart-gas-cream-chargers\/#breadcrumb"},"inLanguage":"es","potentialAction":[{"@type":"ReadAction","target":["https:\/\/global-hookah.com\/es\/producto\/2023-hotsell-factory-price-cecheapest-0-95l-food-grade-gas-chargers-forcream-dispenser-580g-smart-gas-cream-chargers\/"]}]},{"@type":"ImageObject","inLanguage":"es","@id":"https:\/\/global-hookah.com\/es\/producto\/2023-hotsell-factory-price-cecheapest-0-95l-food-grade-gas-chargers-forcream-dispenser-580g-smart-gas-cream-chargers\/#primaryimage","url":"https:\/\/global-hookah.com\/wp-content\/uploads\/2023\/11\/Hb49841ce0b75459e9a679e8c0ffa98261.webp","contentUrl":"https:\/\/global-hookah.com\/wp-content\/uploads\/2023\/11\/Hb49841ce0b75459e9a679e8c0ffa98261.webp","width":2000,"height":2000},{"@type":"BreadcrumbList","@id":"https:\/\/global-hookah.com\/es\/producto\/2023-hotsell-factory-price-cecheapest-0-95l-food-grade-gas-chargers-forcream-dispenser-580g-smart-gas-cream-chargers\/#breadcrumb","itemListElement":[{"@type":"ListItem","position":1,"name":"Home","item":"https:\/\/global-hookah.com\/"},{"@type":"ListItem","position":2,"name":"Shop","item":"https:\/\/global-hookah.com\/shop\/"},{"@type":"ListItem","position":3,"name":"2023 Hotsell factory price CEcheapest 0.95L food grade gas chargers forcream dispenser 580G smart gas cream chargers"}]},{"@type":"WebSite","@id":"https:\/\/global-hookah.com\/#website","url":"https:\/\/global-hookah.com\/","name":"Global Hookah","description":"Global Hookah","publisher":{"@id":"https:\/\/global-hookah.com\/#organization"},"potentialAction":[{"@type":"SearchAction","target":{"@type":"EntryPoint","urlTemplate":"https:\/\/global-hookah.com\/?s={search_term_string}"},"query-input":{"@type":"PropertyValueSpecification","valueRequired":true,"valueName":"search_term_string"}}],"inLanguage":"es"},{"@type":"Organization","@id":"https:\/\/global-hookah.com\/#organization","name":"Global Hookah","url":"https:\/\/global-hookah.com\/","logo":{"@type":"ImageObject","inLanguage":"es","@id":"https:\/\/global-hookah.com\/#\/schema\/logo\/image\/","url":"https:\/\/global-hookah.com\/wp-content\/uploads\/2021\/10\/cropped-fgg.png","contentUrl":"https:\/\/global-hookah.com\/wp-content\/uploads\/2021\/10\/cropped-fgg.png","width":512,"height":512,"caption":"Global Hookah"},"image":{"@id":"https:\/\/global-hookah.com\/#\/schema\/logo\/image\/"}}]}},"_links":{"self":[{"href":"https:\/\/global-hookah.com\/es\/wp-json\/wp\/v2\/product\/14393","targetHints":{"allow":["GET"]}}],"collection":[{"href":"https:\/\/global-hookah.com\/es\/wp-json\/wp\/v2\/product"}],"about":[{"href":"https:\/\/global-hookah.com\/es\/wp-json\/wp\/v2\/types\/product"}],"replies":[{"embeddable":true,"href":"https:\/\/global-hookah.com\/es\/wp-json\/wp\/v2\/comments?post=14393"}],"version-history":[{"count":0,"href":"https:\/\/global-hookah.com\/es\/wp-json\/wp\/v2\/product\/14393\/revisions"}],"wp:featuredmedia":[{"embeddable":true,"href":"https:\/\/global-hookah.com\/es\/wp-json\/wp\/v2\/media\/14404"}],"wp:attachment":[{"href":"https:\/\/global-hookah.com\/es\/wp-json\/wp\/v2\/media?parent=14393"}],"wp:term":[{"taxonomy":"product_brand","embeddable":true,"href":"https:\/\/global-hookah.com\/es\/wp-json\/wp\/v2\/product_brand?post=14393"},{"taxonomy":"product_cat","embeddable":true,"href":"https:\/\/global-hookah.com\/es\/wp-json\/wp\/v2\/product_cat?post=14393"},{"taxonomy":"product_tag","embeddable":true,"href":"https:\/\/global-hookah.com\/es\/wp-json\/wp\/v2\/product_tag?post=14393"}],"curies":[{"name":"wp","href":"https:\/\/api.w.org\/{rel}","templated":true}]}}