{"id":15931,"date":"2023-11-16T01:41:34","date_gmt":"2023-11-16T01:41:34","guid":{"rendered":"https:\/\/global-hookah.com\/product\/handmade-sherlock-holmes-tobacco-pipe\/"},"modified":"2023-11-16T01:41:37","modified_gmt":"2023-11-16T01:41:37","slug":"handmade-sherlock-holmes-tobacco-pipe","status":"publish","type":"product","link":"https:\/\/global-hookah.com\/es\/producto\/handmade-sherlock-holmes-tobacco-pipe\/","title":{"rendered":"Pipa de tabaco Sherlock Holmes hecha a mano"},"content":{"rendered":"<div class=\"product-specs-list-container\">\n<ul class=\"product-specs-list util-clearfix\">\n<li class=\"product-prop line-limit-length\"><span\n\t\t\t\t\t\t\t\t\tclass=\"property-title\">Forma:&nbsp;<\/span><span\n\t\t\t\t\t\t\t\t\tclass=\"property-desc line-limit-length\">Tipo doblado<\/span>\n\t\t\t\t\t\t<\/li>\n<li class=\"product-prop line-limit-length\"><span\n\t\t\t\t\t\t\t\t\tclass=\"property-title\">N\u00famero de modelo:&nbsp;<\/span><span\n\t\t\t\t\t\t\t\t\tclass=\"property-desc line-limit-length\">aa0452S-3<\/span>\n\t\t\t\t\t\t<\/li>\n<li class=\"product-prop line-limit-length\"><span\n\t\t\t\t\t\t\t\t\tclass=\"property-title\">Material:&nbsp;<\/span><span\n\t\t\t\t\t\t\t\t\tclass=\"property-desc line-limit-length\">Madera<\/span>\n\t\t\t\t\t\t<\/li>\n<li class=\"product-prop line-limit-length\"><span\n\t\t\t\t\t\t\t\t\tclass=\"property-title\">Marca:&nbsp;<\/span><span\n\t\t\t\t\t\t\t\t\tclass=\"property-desc line-limit-length\">MUXIANG<\/span>\n\t\t\t\t\t\t<\/li>\n<li class=\"product-prop line-limit-length\"><span\n\t\t\t\t\t\t\t\t\tclass=\"property-title\">Origen:&nbsp;<\/span><span\n\t\t\t\t\t\t\t\t\tclass=\"property-desc line-limit-length\">China continental<\/span>\n\t\t\t\t\t\t<\/li>\n<li class=\"product-prop line-limit-length\"><span\n\t\t\t\t\t\t\t\t\tclass=\"property-title\">Phoebe:&nbsp;<\/span><span\n\t\t\t\t\t\t\t\t\tclass=\"property-desc line-limit-length\">pipa de fumar<\/span>\n\t\t\t\t\t\t<\/li>\n<li class=\"product-prop line-limit-length\"><span\n\t\t\t\t\t\t\t\t\tclass=\"property-title\">Pipas de madera de brezo:&nbsp;<\/span><span\n\t\t\t\t\t\t\t\t\tclass=\"property-desc line-limit-length\">Zarza de brezo<\/span>\n\t\t\t\t\t\t<\/li>\n<\/ul><\/div>\n<p style=\"font-family:OpenSans;font-size:20px;font-weight:900;letter-spacing:normal;line-height:28px;text-align:start;white-space:pre-wrap;color:rgb(0, 0, 0);background-color:rgb(255, 255, 255);margin:0px 0px 12px;margin-bottom:12px;margin-top:0px;margin-left:0px;margin-right:0px;padding:0px;padding-bottom:0px;padding-top:0px;padding-left:0px;padding-right:0px;box-sizing:border-box\" class=\"detail-desc-decorate-title\" align=\"start\">\u3010Informaci\u00f3n del producto para Pipe\u3011<\/p>\n<p style=\"font-family:&quot;Open Sans&quot;, Roboto, Arial, Helvetica, sans-serif, SimSun;font-size:16px;font-weight:normal;letter-spacing:normal;line-height:inherit;text-align:start;white-space:normal;color:rgb(34, 34, 34);background-color:rgb(255, 255, 255);margin:0px;margin-bottom:0px;margin-top:0px;margin-left:0px;margin-right:0px;padding:0px;padding-bottom:0px;padding-top:0px;padding-left:0px;padding-right:0px;box-sizing:border-box\" align=\"start\">\u3010Material\u3011<br \/>\u25cf Cuerpo de la tuber\u00eda:100% Briarwood,Penalizaci\u00f3n del doble por falsificaci\u00f3n.<br \/>\u25cf Material de la boquilla: Acr\u00edlico de grado alimenticio de alta calidad<br \/>\u25cf Talla: Por favor, compruebe la p\u00e1gina de detalles<br \/>\u25cf Tipo\uff1aCuerpo de tubo liso.<br \/>\u25cf Color: Como muestra la imagen.<br \/>\u25cf Filtro adaptativo\uff1aTodo apto para filtros de carb\u00f3n activo de 9 mm.<br \/>\u25cf Doble anillo met\u00e1lico: Ayuda a proteger mejor el cuerpo de la tuber\u00eda.<\/p>\n<p style=\"font-family:&quot;Open Sans&quot;, Roboto, Arial, Helvetica, sans-serif, SimSun;font-size:16px;font-weight:normal;letter-spacing:normal;line-height:inherit;text-align:start;white-space:normal;color:rgb(34, 34, 34);background-color:rgb(255, 255, 255);margin:0px;margin-bottom:0px;margin-top:0px;margin-left:0px;margin-right:0px;padding:0px;padding-bottom:0px;padding-top:0px;padding-left:0px;padding-right:0px;box-sizing:border-box\" align=\"start\">NUTE\uff1a<\/p>\n<p><span style=\"color:rgb(244, 78, 59)\">Seleccione aa0452S-3 verde para obtener un tubo y un juego de herramientas de limpieza<\/span><\/p>\n<p><span style=\"color:rgb(244, 78, 59)\">Seleccione aa0452S-2 rojo para obtener un tubo y un juego de herramientas de limpieza<\/span><\/p>\n<p><span style=\"color:rgb(244, 78, 59)\">Seleccione S\u00f3lo \u00fatiles de limpieza para obtener un juego de \u00fatiles de limpieza<\/span><\/p>\n<p><img decoding=\"async\" src=\"https:\/\/ae01.alicdn.com\/kf\/Saecf9ba2c11b4fee807dc6e53df5d916I.jpg\" slate-data-type=\"image\"\/><br \/><img decoding=\"async\" src=\"https:\/\/ae01.alicdn.com\/kf\/Sde25f74dea2c41c5bf3218f8118a3350h.jpg\" slate-data-type=\"image\"\/><img decoding=\"async\" src=\"https:\/\/ae01.alicdn.com\/kf\/Sa2377ca393ee4df292a0bca81d9987e0i.jpg\" slate-data-type=\"image\"\/><\/p>\n<p><\/p>\n<h1 style=\"font-family:&quot;Avant Garde&quot;, Avantgarde, &quot;Century Gothic&quot;, CenturyGothic, AppleGothic, sans-serif;font-size:2.57143em;font-weight:400;letter-spacing:normal;text-align:start;white-space:normal;color:rgb(25, 25, 25);background-color:rgb(255, 255, 255);margin:0px;margin-bottom:0px;margin-top:0px;margin-left:0px;margin-right:0px;box-sizing:border-box\" class=\"section-header__title\" align=\"start\">Venta de pipas de madera de brezo<\/h1>\n<div style=\"font-family:&quot;Avant Garde&quot;, Avantgarde, &quot;Century Gothic&quot;, CenturyGothic, AppleGothic, sans-serif;font-size:14px;font-weight:400;letter-spacing:normal;text-align:start;white-space:normal;color:rgb(25, 25, 25);background-color:rgb(255, 255, 255);margin-bottom:0px;box-sizing:border-box\" class=\"section-header__subtext rte\" align=\"start\">\n<p style=\"margin:0px 0px 20px;margin-bottom:20px;margin-top:0px;margin-left:0px;margin-right:0px;box-sizing:border-box\"><span>La madera de brezo es una de las maderas m\u00e1s comunes y fuertes que existen para la madera de pipa de tabaco. Convertir la madera de brezo en su pipa de tabaco de madera favorita es un arte del que el Sr. Brog se enorgullece. Con una resistencia natural al fuego, una capacidad natural para absorber la humedad, adem\u00e1s de un aspecto atractivo, \u00a1las pipas de madera de brezo son una elecci\u00f3n perfecta para la madera de pipa de tabaco! Las pipas de madera de brezo son excelentes como pipas de madera para tabaco para fumadores diarios. Tienen un gran sabor y el aspecto de la hermosa madera de brezo. Incluso disfrutar\u00e1 con s\u00f3lo mirar las im\u00e1genes de nuestro listado de pipas de brezo en venta.<\/span><\/p>\n<div style=\"box-sizing:border-box\" class=\"clearfix search-header\">\n<div style=\"box-sizing:border-box\" class=\"p\">Elija su pipa favorita de entre nuestra amplia selecci\u00f3n de pipas artesanales de madera de brezo, garantizadas para ser una valiosa adici\u00f3n a su colecci\u00f3n de pipas. Disfrute de su pipa de madera para fumar con madera de brezo de calidad, \u00a1lo \u00faltimo en madera para pipas de tabaco! Y si tiene en cuenta el precio, \u00a1encontrar\u00e1 que nuestras pipas de brezo en venta son de materiales de excelente calidad a buen precio!<\/div>\n<\/div>\n<\/div>\n<p><\/p>","protected":false},"excerpt":{"rendered":"<p>Forma: Tipo doblado N\u00famero de modelo: aa0452S-3 Material: Madera Marca: MUXIANG Origen: China continental Febe: pipa de fumar Pipas de madera de brezo: Briar Burl \u3010Informaci\u00f3n de producto para Pipe\u3011. \u3010Material\u3011\u25cf<\/p>","protected":false},"featured_media":15932,"comment_status":"open","ping_status":"closed","template":"","meta":{"iawp_total_views":7,"_joinchat":[]},"product_brand":[],"product_cat":[478],"product_tag":[],"class_list":{"0":"post-15931","1":"product","2":"type-product","3":"status-publish","4":"has-post-thumbnail","6":"product_cat-handmade-pipe","8":"first","9":"instock","10":"sale","11":"shipping-taxable","12":"purchasable","13":"product-type-variable"},"yoast_head":"<!-- This site is optimized with the Yoast SEO Premium plugin v24.7 (Yoast SEO v26.8) - https:\/\/yoast.com\/product\/yoast-seo-premium-wordpress\/ -->\n<title>Handmade Sherlock Holmes Tobacco Pipe - Global Hookah<\/title>\n<meta name=\"robots\" content=\"index, follow, max-snippet:-1, max-image-preview:large, max-video-preview:-1\" \/>\n<link rel=\"canonical\" href=\"https:\/\/global-hookah.com\/es\/it\/prodotto\/handmade-sherlock-holmes-tobacco-pipe\/\" \/>\n<meta property=\"og:locale\" content=\"es_ES\" \/>\n<meta property=\"og:type\" content=\"article\" \/>\n<meta property=\"og:title\" content=\"Handmade Sherlock Holmes Tobacco Pipe\" \/>\n<meta property=\"og:description\" content=\"Shape:&nbsp;Bent Type Model Number:&nbsp;aa0452S-3 Material:&nbsp;Wood Brand Name:&nbsp;MUXIANG Origin:&nbsp;Mainland China Phoebe:&nbsp;smoking pipe Briar Wood Pipes:&nbsp;Briar Burl \u3010Product Information For Pipe\u3011 \u3010Material\u3011\u25cf\" \/>\n<meta property=\"og:url\" content=\"https:\/\/global-hookah.com\/es\/it\/prodotto\/handmade-sherlock-holmes-tobacco-pipe\/\" \/>\n<meta property=\"og:site_name\" content=\"Global Hookah\" \/>\n<meta property=\"article:modified_time\" content=\"2023-11-16T01:41:37+00:00\" \/>\n<meta property=\"og:image\" content=\"https:\/\/global-hookah.com\/wp-content\/uploads\/2023\/11\/Briar-Wood-Smoking-Pipe-Handmade-Bent-Stem-Mouthpiece-9mm-Filter-With-Silver-Decorative-Tiger-Skin-Green.webp\" \/>\n\t<meta property=\"og:image:width\" content=\"1000\" \/>\n\t<meta property=\"og:image:height\" content=\"1000\" \/>\n\t<meta property=\"og:image:type\" content=\"image\/webp\" \/>\n<meta name=\"twitter:card\" content=\"summary_large_image\" \/>\n<meta name=\"twitter:label1\" content=\"Tiempo de lectura\" \/>\n\t<meta name=\"twitter:data1\" content=\"1 minuto\" \/>\n<script type=\"application\/ld+json\" class=\"yoast-schema-graph\">{\"@context\":\"https:\/\/schema.org\",\"@graph\":[{\"@type\":\"WebPage\",\"@id\":\"https:\/\/global-hookah.com\/it\/prodotto\/handmade-sherlock-holmes-tobacco-pipe\/\",\"url\":\"https:\/\/global-hookah.com\/it\/prodotto\/handmade-sherlock-holmes-tobacco-pipe\/\",\"name\":\"Handmade Sherlock Holmes Tobacco Pipe - Global Hookah\",\"isPartOf\":{\"@id\":\"https:\/\/global-hookah.com\/#website\"},\"primaryImageOfPage\":{\"@id\":\"https:\/\/global-hookah.com\/it\/prodotto\/handmade-sherlock-holmes-tobacco-pipe\/#primaryimage\"},\"image\":{\"@id\":\"https:\/\/global-hookah.com\/it\/prodotto\/handmade-sherlock-holmes-tobacco-pipe\/#primaryimage\"},\"thumbnailUrl\":\"https:\/\/global-hookah.com\/wp-content\/uploads\/2023\/11\/Briar-Wood-Smoking-Pipe-Handmade-Bent-Stem-Mouthpiece-9mm-Filter-With-Silver-Decorative-Tiger-Skin-Green.webp\",\"datePublished\":\"2023-11-16T01:41:34+00:00\",\"dateModified\":\"2023-11-16T01:41:37+00:00\",\"breadcrumb\":{\"@id\":\"https:\/\/global-hookah.com\/it\/prodotto\/handmade-sherlock-holmes-tobacco-pipe\/#breadcrumb\"},\"inLanguage\":\"es\",\"potentialAction\":[{\"@type\":\"ReadAction\",\"target\":[\"https:\/\/global-hookah.com\/it\/prodotto\/handmade-sherlock-holmes-tobacco-pipe\/\"]}]},{\"@type\":\"ImageObject\",\"inLanguage\":\"es\",\"@id\":\"https:\/\/global-hookah.com\/it\/prodotto\/handmade-sherlock-holmes-tobacco-pipe\/#primaryimage\",\"url\":\"https:\/\/global-hookah.com\/wp-content\/uploads\/2023\/11\/Briar-Wood-Smoking-Pipe-Handmade-Bent-Stem-Mouthpiece-9mm-Filter-With-Silver-Decorative-Tiger-Skin-Green.webp\",\"contentUrl\":\"https:\/\/global-hookah.com\/wp-content\/uploads\/2023\/11\/Briar-Wood-Smoking-Pipe-Handmade-Bent-Stem-Mouthpiece-9mm-Filter-With-Silver-Decorative-Tiger-Skin-Green.webp\",\"width\":1000,\"height\":1000},{\"@type\":\"BreadcrumbList\",\"@id\":\"https:\/\/global-hookah.com\/it\/prodotto\/handmade-sherlock-holmes-tobacco-pipe\/#breadcrumb\",\"itemListElement\":[{\"@type\":\"ListItem\",\"position\":1,\"name\":\"Home\",\"item\":\"https:\/\/global-hookah.com\/\"},{\"@type\":\"ListItem\",\"position\":2,\"name\":\"Shop\",\"item\":\"https:\/\/global-hookah.com\/shop\/\"},{\"@type\":\"ListItem\",\"position\":3,\"name\":\"Handmade Sherlock Holmes Tobacco Pipe\"}]},{\"@type\":\"WebSite\",\"@id\":\"https:\/\/global-hookah.com\/#website\",\"url\":\"https:\/\/global-hookah.com\/\",\"name\":\"Global Hookah\",\"description\":\"Global Hookah\",\"publisher\":{\"@id\":\"https:\/\/global-hookah.com\/#organization\"},\"potentialAction\":[{\"@type\":\"SearchAction\",\"target\":{\"@type\":\"EntryPoint\",\"urlTemplate\":\"https:\/\/global-hookah.com\/?s={search_term_string}\"},\"query-input\":{\"@type\":\"PropertyValueSpecification\",\"valueRequired\":true,\"valueName\":\"search_term_string\"}}],\"inLanguage\":\"es\"},{\"@type\":\"Organization\",\"@id\":\"https:\/\/global-hookah.com\/#organization\",\"name\":\"Global Hookah\",\"url\":\"https:\/\/global-hookah.com\/\",\"logo\":{\"@type\":\"ImageObject\",\"inLanguage\":\"es\",\"@id\":\"https:\/\/global-hookah.com\/#\/schema\/logo\/image\/\",\"url\":\"https:\/\/global-hookah.com\/wp-content\/uploads\/2021\/10\/cropped-fgg.png\",\"contentUrl\":\"https:\/\/global-hookah.com\/wp-content\/uploads\/2021\/10\/cropped-fgg.png\",\"width\":512,\"height\":512,\"caption\":\"Global Hookah\"},\"image\":{\"@id\":\"https:\/\/global-hookah.com\/#\/schema\/logo\/image\/\"}}]}<\/script>\n<!-- \/ Yoast SEO Premium plugin. -->","yoast_head_json":{"title":"Pipa de tabaco Sherlock Holmes hecha a mano - Global Hookah","robots":{"index":"index","follow":"follow","max-snippet":"max-snippet:-1","max-image-preview":"max-image-preview:large","max-video-preview":"max-video-preview:-1"},"canonical":"https:\/\/global-hookah.com\/es\/it\/prodotto\/handmade-sherlock-holmes-tobacco-pipe\/","og_locale":"es_ES","og_type":"article","og_title":"Handmade Sherlock Holmes Tobacco Pipe","og_description":"Shape:&nbsp;Bent Type Model Number:&nbsp;aa0452S-3 Material:&nbsp;Wood Brand Name:&nbsp;MUXIANG Origin:&nbsp;Mainland China Phoebe:&nbsp;smoking pipe Briar Wood Pipes:&nbsp;Briar Burl \u3010Product Information For Pipe\u3011 \u3010Material\u3011\u25cf","og_url":"https:\/\/global-hookah.com\/es\/it\/prodotto\/handmade-sherlock-holmes-tobacco-pipe\/","og_site_name":"Global Hookah","article_modified_time":"2023-11-16T01:41:37+00:00","og_image":[{"width":1000,"height":1000,"url":"https:\/\/global-hookah.com\/wp-content\/uploads\/2023\/11\/Briar-Wood-Smoking-Pipe-Handmade-Bent-Stem-Mouthpiece-9mm-Filter-With-Silver-Decorative-Tiger-Skin-Green.webp","type":"image\/webp"}],"twitter_card":"summary_large_image","twitter_misc":{"Tiempo de lectura":"1 minuto"},"schema":{"@context":"https:\/\/schema.org","@graph":[{"@type":"WebPage","@id":"https:\/\/global-hookah.com\/it\/prodotto\/handmade-sherlock-holmes-tobacco-pipe\/","url":"https:\/\/global-hookah.com\/it\/prodotto\/handmade-sherlock-holmes-tobacco-pipe\/","name":"Pipa de tabaco Sherlock Holmes hecha a mano - Global Hookah","isPartOf":{"@id":"https:\/\/global-hookah.com\/#website"},"primaryImageOfPage":{"@id":"https:\/\/global-hookah.com\/it\/prodotto\/handmade-sherlock-holmes-tobacco-pipe\/#primaryimage"},"image":{"@id":"https:\/\/global-hookah.com\/it\/prodotto\/handmade-sherlock-holmes-tobacco-pipe\/#primaryimage"},"thumbnailUrl":"https:\/\/global-hookah.com\/wp-content\/uploads\/2023\/11\/Briar-Wood-Smoking-Pipe-Handmade-Bent-Stem-Mouthpiece-9mm-Filter-With-Silver-Decorative-Tiger-Skin-Green.webp","datePublished":"2023-11-16T01:41:34+00:00","dateModified":"2023-11-16T01:41:37+00:00","breadcrumb":{"@id":"https:\/\/global-hookah.com\/it\/prodotto\/handmade-sherlock-holmes-tobacco-pipe\/#breadcrumb"},"inLanguage":"es","potentialAction":[{"@type":"ReadAction","target":["https:\/\/global-hookah.com\/it\/prodotto\/handmade-sherlock-holmes-tobacco-pipe\/"]}]},{"@type":"ImageObject","inLanguage":"es","@id":"https:\/\/global-hookah.com\/it\/prodotto\/handmade-sherlock-holmes-tobacco-pipe\/#primaryimage","url":"https:\/\/global-hookah.com\/wp-content\/uploads\/2023\/11\/Briar-Wood-Smoking-Pipe-Handmade-Bent-Stem-Mouthpiece-9mm-Filter-With-Silver-Decorative-Tiger-Skin-Green.webp","contentUrl":"https:\/\/global-hookah.com\/wp-content\/uploads\/2023\/11\/Briar-Wood-Smoking-Pipe-Handmade-Bent-Stem-Mouthpiece-9mm-Filter-With-Silver-Decorative-Tiger-Skin-Green.webp","width":1000,"height":1000},{"@type":"BreadcrumbList","@id":"https:\/\/global-hookah.com\/it\/prodotto\/handmade-sherlock-holmes-tobacco-pipe\/#breadcrumb","itemListElement":[{"@type":"ListItem","position":1,"name":"Home","item":"https:\/\/global-hookah.com\/"},{"@type":"ListItem","position":2,"name":"Shop","item":"https:\/\/global-hookah.com\/shop\/"},{"@type":"ListItem","position":3,"name":"Handmade Sherlock Holmes Tobacco Pipe"}]},{"@type":"WebSite","@id":"https:\/\/global-hookah.com\/#website","url":"https:\/\/global-hookah.com\/","name":"Global Hookah","description":"Global Hookah","publisher":{"@id":"https:\/\/global-hookah.com\/#organization"},"potentialAction":[{"@type":"SearchAction","target":{"@type":"EntryPoint","urlTemplate":"https:\/\/global-hookah.com\/?s={search_term_string}"},"query-input":{"@type":"PropertyValueSpecification","valueRequired":true,"valueName":"search_term_string"}}],"inLanguage":"es"},{"@type":"Organization","@id":"https:\/\/global-hookah.com\/#organization","name":"Global Hookah","url":"https:\/\/global-hookah.com\/","logo":{"@type":"ImageObject","inLanguage":"es","@id":"https:\/\/global-hookah.com\/#\/schema\/logo\/image\/","url":"https:\/\/global-hookah.com\/wp-content\/uploads\/2021\/10\/cropped-fgg.png","contentUrl":"https:\/\/global-hookah.com\/wp-content\/uploads\/2021\/10\/cropped-fgg.png","width":512,"height":512,"caption":"Global Hookah"},"image":{"@id":"https:\/\/global-hookah.com\/#\/schema\/logo\/image\/"}}]}},"_links":{"self":[{"href":"https:\/\/global-hookah.com\/es\/wp-json\/wp\/v2\/product\/15931","targetHints":{"allow":["GET"]}}],"collection":[{"href":"https:\/\/global-hookah.com\/es\/wp-json\/wp\/v2\/product"}],"about":[{"href":"https:\/\/global-hookah.com\/es\/wp-json\/wp\/v2\/types\/product"}],"replies":[{"embeddable":true,"href":"https:\/\/global-hookah.com\/es\/wp-json\/wp\/v2\/comments?post=15931"}],"version-history":[{"count":0,"href":"https:\/\/global-hookah.com\/es\/wp-json\/wp\/v2\/product\/15931\/revisions"}],"wp:featuredmedia":[{"embeddable":true,"href":"https:\/\/global-hookah.com\/es\/wp-json\/wp\/v2\/media\/15932"}],"wp:attachment":[{"href":"https:\/\/global-hookah.com\/es\/wp-json\/wp\/v2\/media?parent=15931"}],"wp:term":[{"taxonomy":"product_brand","embeddable":true,"href":"https:\/\/global-hookah.com\/es\/wp-json\/wp\/v2\/product_brand?post=15931"},{"taxonomy":"product_cat","embeddable":true,"href":"https:\/\/global-hookah.com\/es\/wp-json\/wp\/v2\/product_cat?post=15931"},{"taxonomy":"product_tag","embeddable":true,"href":"https:\/\/global-hookah.com\/es\/wp-json\/wp\/v2\/product_tag?post=15931"}],"curies":[{"name":"wp","href":"https:\/\/api.w.org\/{rel}","templated":true}]}}