{"id":15989,"date":"2023-11-16T02:01:47","date_gmt":"2023-11-16T02:01:47","guid":{"rendered":"https:\/\/global-hookah.com\/product\/black-engraved-handmade-churchwarden-pipe\/"},"modified":"2023-11-30T05:50:12","modified_gmt":"2023-11-30T05:50:12","slug":"black-engraved-handmade-churchwarden-pipe","status":"publish","type":"product","link":"https:\/\/global-hookah.com\/es\/producto\/black-engraved-handmade-churchwarden-pipe\/","title":{"rendered":"Pipa de capell\u00e1n grabada a mano en negro"},"content":{"rendered":"<div class=\"product-specs-list-container\">\n<ul class=\"product-specs-list util-clearfix\">\n<li class=\"product-prop line-limit-length\">Nuestra <strong>Pipa de eclesi\u00e1stico hecha a mano<\/strong> ha sido acabada y pulida a mano muchas veces para resaltar perfectamente el exquisito veteado de la madera de brezo. En esta etapa, nuestro maestro de la pipa pasa varias horas a trav\u00e9s de m\u00faltiples etapas de molienda y pulido, por lo que es de gran valor art\u00edstico.<strong>Pipa de eclesi\u00e1stico hecha a mano<\/strong> est\u00e1 hecho de madera de brezo de alta calidad, cortada de las ra\u00edces del arbusto brezo mediterr\u00e1neo, y elaborado a trav\u00e9s de m\u00faltiples pasos. Es precisamente esta madera de primera calidad la que le proporcionar\u00e1 una fumada fresca y agradable. Adem\u00e1s, podr\u00e1 experimentarlo mientras fuma Para una combusti\u00f3n uniforme y una sensaci\u00f3n suave como la seda.\n<p>Amplia selecci\u00f3n de accesorios: La Pipa Churchwarden Grabada va acompa\u00f1ada de multitud de pr\u00e1cticos extras, como una bola met\u00e1lica, una herramienta para pipa 3 en 1, un sacacorchos, un soporte para pipa y filtros para pipa de tabaco. Con todo ello se garantiza una experiencia c\u00f3moda y placentera al fumar. <a href=\"https:\/\/global-hookah.com\/product-category\/tobacco-pipe\/handmade-pipe\/\">kit de tuber\u00eda artesanal<\/a>.<\/p>\n<p>Caracter\u00edsticas<\/p>\n<p>-Es naturalmente resistente al fuego y al calor<br \/>\n-Absorbe bien la humedad<br \/>\n- Envejece bien con el tiempo<br \/>\n- No aporta sabores adicionales al humo<br \/>\n- Es hermoso cuando est\u00e1 pulido.<\/li>\n<li class=\"product-prop line-limit-length\"><span class=\"property-title\">N\u00famero de modelo:\u00a0<\/span><span class=\"property-desc line-limit-length\">aa00320s3w1h<\/span><\/li>\n<\/ul>\n<\/div>\n<p><img decoding=\"async\" src=\"https:\/\/ae01.alicdn.com\/kf\/S4bb8ff324dcd4902974716bc83b9308aV.jpg\" \/><\/p>\n<p><img decoding=\"async\" src=\"https:\/\/ae01.alicdn.com\/kf\/Sc466e0a8329c46c584696caadd16c1ccf.jpg\" \/><img decoding=\"async\" src=\"https:\/\/ae01.alicdn.com\/kf\/Sc3b1bd06142d4854bff1d75b3fec3ae0a.jpg\" \/><img decoding=\"async\" src=\"https:\/\/ae01.alicdn.com\/kf\/Sb54c3805ed2e40d4b814a3ed7efe2f98S.jpg\" \/><img decoding=\"async\" src=\"https:\/\/ae01.alicdn.com\/kf\/Saa3d71f691a64d7ebcace4ece420f522I.jpg\" \/><img decoding=\"async\" src=\"https:\/\/ae01.alicdn.com\/kf\/Saa5c474073a242d19a55c51be067f43dl.jpg\" \/><img decoding=\"async\" src=\"https:\/\/ae01.alicdn.com\/kf\/Sd9bbe15bc44445689c05de4eb41f208bF.jpg\" \/><img decoding=\"async\" src=\"https:\/\/ae01.alicdn.com\/kf\/Sea062d41078a4257826ce1a1ab566360M.jpg\" \/><\/p>","protected":false},"excerpt":{"rendered":"<p>Nuestra Pipa Churchwarden hecha a mano ha sido acabada a mano y pulida muchas veces para resaltar perfectamente el exquisito veteado de la madera de brezo. En<\/p>","protected":false},"featured_media":15990,"comment_status":"open","ping_status":"closed","template":"","meta":{"iawp_total_views":2,"_joinchat":[]},"product_brand":[],"product_cat":[478],"product_tag":[],"class_list":{"0":"post-15989","1":"product","2":"type-product","3":"status-publish","4":"has-post-thumbnail","6":"product_cat-handmade-pipe","8":"first","9":"instock","10":"sale","11":"shipping-taxable","12":"purchasable","13":"product-type-simple"},"yoast_head":"<!-- This site is optimized with the Yoast SEO Premium plugin v24.7 (Yoast SEO v26.8) - https:\/\/yoast.com\/product\/yoast-seo-premium-wordpress\/ -->\n<title>Black Engraved Handmade Churchwarden Pipe - Global Hookah<\/title>\n<meta name=\"robots\" content=\"index, follow, max-snippet:-1, max-image-preview:large, max-video-preview:-1\" \/>\n<link rel=\"canonical\" href=\"https:\/\/global-hookah.com\/es\/producto\/black-engraved-handmade-churchwarden-pipe\/\" \/>\n<meta property=\"og:locale\" content=\"es_ES\" \/>\n<meta property=\"og:type\" content=\"article\" \/>\n<meta property=\"og:title\" content=\"Black Engraved Handmade Churchwarden Pipe\" \/>\n<meta property=\"og:description\" content=\"Our Handmade Churchwarden Pipe has been hand-finished and polished many times to perfectly highlight the exquisite briar wood grain. At\" \/>\n<meta property=\"og:url\" content=\"https:\/\/global-hookah.com\/es\/producto\/black-engraved-handmade-churchwarden-pipe\/\" \/>\n<meta property=\"og:site_name\" content=\"Global Hookah\" \/>\n<meta property=\"article:modified_time\" content=\"2023-11-30T05:50:12+00:00\" \/>\n<meta property=\"og:image\" content=\"https:\/\/global-hookah.com\/wp-content\/uploads\/2023\/11\/Long-reading-pipe-briar-tobacco-pipe-soft-vulcanized-rubber-mouthpiece-black-carved-sandblasted-curved-handle-gift.webp\" \/>\n\t<meta property=\"og:image:width\" content=\"800\" \/>\n\t<meta property=\"og:image:height\" content=\"800\" \/>\n\t<meta property=\"og:image:type\" content=\"image\/webp\" \/>\n<meta name=\"twitter:card\" content=\"summary_large_image\" \/>\n<meta name=\"twitter:label1\" content=\"Tiempo de lectura\" \/>\n\t<meta name=\"twitter:data1\" content=\"3 minutos\" \/>\n<script type=\"application\/ld+json\" class=\"yoast-schema-graph\">{\"@context\":\"https:\/\/schema.org\",\"@graph\":[{\"@type\":\"WebPage\",\"@id\":\"https:\/\/global-hookah.com\/product\/black-engraved-handmade-churchwarden-pipe\/\",\"url\":\"https:\/\/global-hookah.com\/product\/black-engraved-handmade-churchwarden-pipe\/\",\"name\":\"Black Engraved Handmade Churchwarden Pipe - Global Hookah\",\"isPartOf\":{\"@id\":\"https:\/\/global-hookah.com\/#website\"},\"primaryImageOfPage\":{\"@id\":\"https:\/\/global-hookah.com\/product\/black-engraved-handmade-churchwarden-pipe\/#primaryimage\"},\"image\":{\"@id\":\"https:\/\/global-hookah.com\/product\/black-engraved-handmade-churchwarden-pipe\/#primaryimage\"},\"thumbnailUrl\":\"https:\/\/global-hookah.com\/wp-content\/uploads\/2023\/11\/Long-reading-pipe-briar-tobacco-pipe-soft-vulcanized-rubber-mouthpiece-black-carved-sandblasted-curved-handle-gift.webp\",\"datePublished\":\"2023-11-16T02:01:47+00:00\",\"dateModified\":\"2023-11-30T05:50:12+00:00\",\"breadcrumb\":{\"@id\":\"https:\/\/global-hookah.com\/product\/black-engraved-handmade-churchwarden-pipe\/#breadcrumb\"},\"inLanguage\":\"es\",\"potentialAction\":[{\"@type\":\"ReadAction\",\"target\":[\"https:\/\/global-hookah.com\/product\/black-engraved-handmade-churchwarden-pipe\/\"]}]},{\"@type\":\"ImageObject\",\"inLanguage\":\"es\",\"@id\":\"https:\/\/global-hookah.com\/product\/black-engraved-handmade-churchwarden-pipe\/#primaryimage\",\"url\":\"https:\/\/global-hookah.com\/wp-content\/uploads\/2023\/11\/Long-reading-pipe-briar-tobacco-pipe-soft-vulcanized-rubber-mouthpiece-black-carved-sandblasted-curved-handle-gift.webp\",\"contentUrl\":\"https:\/\/global-hookah.com\/wp-content\/uploads\/2023\/11\/Long-reading-pipe-briar-tobacco-pipe-soft-vulcanized-rubber-mouthpiece-black-carved-sandblasted-curved-handle-gift.webp\",\"width\":800,\"height\":800,\"caption\":\"Handmade Churchwarden Pipe\"},{\"@type\":\"BreadcrumbList\",\"@id\":\"https:\/\/global-hookah.com\/product\/black-engraved-handmade-churchwarden-pipe\/#breadcrumb\",\"itemListElement\":[{\"@type\":\"ListItem\",\"position\":1,\"name\":\"Home\",\"item\":\"https:\/\/global-hookah.com\/\"},{\"@type\":\"ListItem\",\"position\":2,\"name\":\"Shop\",\"item\":\"https:\/\/global-hookah.com\/shop\/\"},{\"@type\":\"ListItem\",\"position\":3,\"name\":\"Black Engraved Handmade Churchwarden Pipe\"}]},{\"@type\":\"WebSite\",\"@id\":\"https:\/\/global-hookah.com\/#website\",\"url\":\"https:\/\/global-hookah.com\/\",\"name\":\"Global Hookah\",\"description\":\"Global Hookah\",\"publisher\":{\"@id\":\"https:\/\/global-hookah.com\/#organization\"},\"potentialAction\":[{\"@type\":\"SearchAction\",\"target\":{\"@type\":\"EntryPoint\",\"urlTemplate\":\"https:\/\/global-hookah.com\/?s={search_term_string}\"},\"query-input\":{\"@type\":\"PropertyValueSpecification\",\"valueRequired\":true,\"valueName\":\"search_term_string\"}}],\"inLanguage\":\"es\"},{\"@type\":\"Organization\",\"@id\":\"https:\/\/global-hookah.com\/#organization\",\"name\":\"Global Hookah\",\"url\":\"https:\/\/global-hookah.com\/\",\"logo\":{\"@type\":\"ImageObject\",\"inLanguage\":\"es\",\"@id\":\"https:\/\/global-hookah.com\/#\/schema\/logo\/image\/\",\"url\":\"https:\/\/global-hookah.com\/wp-content\/uploads\/2021\/10\/cropped-fgg.png\",\"contentUrl\":\"https:\/\/global-hookah.com\/wp-content\/uploads\/2021\/10\/cropped-fgg.png\",\"width\":512,\"height\":512,\"caption\":\"Global Hookah\"},\"image\":{\"@id\":\"https:\/\/global-hookah.com\/#\/schema\/logo\/image\/\"}}]}<\/script>\n<!-- \/ Yoast SEO Premium plugin. -->","yoast_head_json":{"title":"Pipa Churchwarden grabada a mano en negro - Global Hookah","robots":{"index":"index","follow":"follow","max-snippet":"max-snippet:-1","max-image-preview":"max-image-preview:large","max-video-preview":"max-video-preview:-1"},"canonical":"https:\/\/global-hookah.com\/es\/producto\/black-engraved-handmade-churchwarden-pipe\/","og_locale":"es_ES","og_type":"article","og_title":"Black Engraved Handmade Churchwarden Pipe","og_description":"Our Handmade Churchwarden Pipe has been hand-finished and polished many times to perfectly highlight the exquisite briar wood grain. At","og_url":"https:\/\/global-hookah.com\/es\/producto\/black-engraved-handmade-churchwarden-pipe\/","og_site_name":"Global Hookah","article_modified_time":"2023-11-30T05:50:12+00:00","og_image":[{"width":800,"height":800,"url":"https:\/\/global-hookah.com\/wp-content\/uploads\/2023\/11\/Long-reading-pipe-briar-tobacco-pipe-soft-vulcanized-rubber-mouthpiece-black-carved-sandblasted-curved-handle-gift.webp","type":"image\/webp"}],"twitter_card":"summary_large_image","twitter_misc":{"Tiempo de lectura":"3 minutos"},"schema":{"@context":"https:\/\/schema.org","@graph":[{"@type":"WebPage","@id":"https:\/\/global-hookah.com\/product\/black-engraved-handmade-churchwarden-pipe\/","url":"https:\/\/global-hookah.com\/product\/black-engraved-handmade-churchwarden-pipe\/","name":"Pipa Churchwarden grabada a mano en negro - Global Hookah","isPartOf":{"@id":"https:\/\/global-hookah.com\/#website"},"primaryImageOfPage":{"@id":"https:\/\/global-hookah.com\/product\/black-engraved-handmade-churchwarden-pipe\/#primaryimage"},"image":{"@id":"https:\/\/global-hookah.com\/product\/black-engraved-handmade-churchwarden-pipe\/#primaryimage"},"thumbnailUrl":"https:\/\/global-hookah.com\/wp-content\/uploads\/2023\/11\/Long-reading-pipe-briar-tobacco-pipe-soft-vulcanized-rubber-mouthpiece-black-carved-sandblasted-curved-handle-gift.webp","datePublished":"2023-11-16T02:01:47+00:00","dateModified":"2023-11-30T05:50:12+00:00","breadcrumb":{"@id":"https:\/\/global-hookah.com\/product\/black-engraved-handmade-churchwarden-pipe\/#breadcrumb"},"inLanguage":"es","potentialAction":[{"@type":"ReadAction","target":["https:\/\/global-hookah.com\/product\/black-engraved-handmade-churchwarden-pipe\/"]}]},{"@type":"ImageObject","inLanguage":"es","@id":"https:\/\/global-hookah.com\/product\/black-engraved-handmade-churchwarden-pipe\/#primaryimage","url":"https:\/\/global-hookah.com\/wp-content\/uploads\/2023\/11\/Long-reading-pipe-briar-tobacco-pipe-soft-vulcanized-rubber-mouthpiece-black-carved-sandblasted-curved-handle-gift.webp","contentUrl":"https:\/\/global-hookah.com\/wp-content\/uploads\/2023\/11\/Long-reading-pipe-briar-tobacco-pipe-soft-vulcanized-rubber-mouthpiece-black-carved-sandblasted-curved-handle-gift.webp","width":800,"height":800,"caption":"Handmade Churchwarden Pipe"},{"@type":"BreadcrumbList","@id":"https:\/\/global-hookah.com\/product\/black-engraved-handmade-churchwarden-pipe\/#breadcrumb","itemListElement":[{"@type":"ListItem","position":1,"name":"Home","item":"https:\/\/global-hookah.com\/"},{"@type":"ListItem","position":2,"name":"Shop","item":"https:\/\/global-hookah.com\/shop\/"},{"@type":"ListItem","position":3,"name":"Black Engraved Handmade Churchwarden Pipe"}]},{"@type":"WebSite","@id":"https:\/\/global-hookah.com\/#website","url":"https:\/\/global-hookah.com\/","name":"Global Hookah","description":"Global Hookah","publisher":{"@id":"https:\/\/global-hookah.com\/#organization"},"potentialAction":[{"@type":"SearchAction","target":{"@type":"EntryPoint","urlTemplate":"https:\/\/global-hookah.com\/?s={search_term_string}"},"query-input":{"@type":"PropertyValueSpecification","valueRequired":true,"valueName":"search_term_string"}}],"inLanguage":"es"},{"@type":"Organization","@id":"https:\/\/global-hookah.com\/#organization","name":"Global Hookah","url":"https:\/\/global-hookah.com\/","logo":{"@type":"ImageObject","inLanguage":"es","@id":"https:\/\/global-hookah.com\/#\/schema\/logo\/image\/","url":"https:\/\/global-hookah.com\/wp-content\/uploads\/2021\/10\/cropped-fgg.png","contentUrl":"https:\/\/global-hookah.com\/wp-content\/uploads\/2021\/10\/cropped-fgg.png","width":512,"height":512,"caption":"Global Hookah"},"image":{"@id":"https:\/\/global-hookah.com\/#\/schema\/logo\/image\/"}}]}},"_links":{"self":[{"href":"https:\/\/global-hookah.com\/es\/wp-json\/wp\/v2\/product\/15989","targetHints":{"allow":["GET"]}}],"collection":[{"href":"https:\/\/global-hookah.com\/es\/wp-json\/wp\/v2\/product"}],"about":[{"href":"https:\/\/global-hookah.com\/es\/wp-json\/wp\/v2\/types\/product"}],"replies":[{"embeddable":true,"href":"https:\/\/global-hookah.com\/es\/wp-json\/wp\/v2\/comments?post=15989"}],"version-history":[{"count":0,"href":"https:\/\/global-hookah.com\/es\/wp-json\/wp\/v2\/product\/15989\/revisions"}],"wp:featuredmedia":[{"embeddable":true,"href":"https:\/\/global-hookah.com\/es\/wp-json\/wp\/v2\/media\/15990"}],"wp:attachment":[{"href":"https:\/\/global-hookah.com\/es\/wp-json\/wp\/v2\/media?parent=15989"}],"wp:term":[{"taxonomy":"product_brand","embeddable":true,"href":"https:\/\/global-hookah.com\/es\/wp-json\/wp\/v2\/product_brand?post=15989"},{"taxonomy":"product_cat","embeddable":true,"href":"https:\/\/global-hookah.com\/es\/wp-json\/wp\/v2\/product_cat?post=15989"},{"taxonomy":"product_tag","embeddable":true,"href":"https:\/\/global-hookah.com\/es\/wp-json\/wp\/v2\/product_tag?post=15989"}],"curies":[{"name":"wp","href":"https:\/\/api.w.org\/{rel}","templated":true}]}}