{"id":16003,"date":"2023-11-16T02:03:43","date_gmt":"2023-11-16T02:03:43","guid":{"rendered":"https:\/\/global-hookah.com\/product\/mens-handmade-briar-pipes\/"},"modified":"2023-12-18T14:37:39","modified_gmt":"2023-12-18T14:37:39","slug":"mens-handmade-briar-pipes","status":"publish","type":"product","link":"https:\/\/global-hookah.com\/es\/producto\/mens-handmade-briar-pipes\/","title":{"rendered":"Pipas de brezo para hombre hechas a mano"},"content":{"rendered":"<p>Un delgado anillo de madera de boj adorna la ca\u00f1a, proporcionando un elegante contraste con la cazoleta de brezo. <strong>Pipas de brezo para hombre hechas a mano<\/strong> presenta un cuenco Petite Billiard suavemente lijado y fabricado en madera de brezo de grano fino. Una banda de oro brillante bordea el acento de boj, uniendo la combinaci\u00f3n de colores. Desde la ca\u00f1a se extiende una tija de vulcanita negra con una punta recta de estilo cl\u00e1sico. Este <strong>Pipas de brezo para hombre hechas a mano<\/strong> combina unas proporciones reducidas con una artesan\u00eda experta para conseguir el tama\u00f1o perfecto para llevar, mientras que su forma de billar recto proporciona un equilibrio y un calado excelentes. El brezo tiene un rico color marr\u00f3n y un suave acabado natural. Tambi\u00e9n est\u00e1 disponible la colecci\u00f3n de acentos negros en lugar de boj.<\/p>\n<div class=\"product-specs-list-container\">\n<ul class=\"product-specs-list util-clearfix\">\n<li class=\"product-prop line-limit-length\"><span class=\"property-title\">Forma:\u00a0<\/span><span class=\"property-desc line-limit-length\">Tipo recto<\/span><\/li>\n<li class=\"product-prop line-limit-length\"><span class=\"property-title\">N\u00famero de modelo:\u00a0<\/span><span class=\"property-desc line-limit-length\">MA10006H1F1H<\/span><\/li>\n<li class=\"product-prop line-limit-length\"><span class=\"property-title\">Material: Madera de Briard+ Vulcanita<\/span><\/li>\n<li class=\"product-prop line-limit-length\"><span class=\"property-title\">Marca:\u00a0<\/span><span class=\"property-desc line-limit-length\">MUXIANG<\/span><\/li>\n<li class=\"product-prop line-limit-length\">Tipo: <a href=\"https:\/\/global-hookah.com\/product-category\/tobacco-pipe\/handmade-pipe\/\">Pipa hecha a mano<\/a><\/li>\n<li>Pipa de tabaco de brezo hecha a mano, se enviar\u00e1n fotos para su confirmaci\u00f3n antes del env\u00edo<\/li>\n<\/ul>\n<\/div>\n<p><img decoding=\"async\" src=\"https:\/\/ae01.alicdn.com\/kf\/Sf1471be51b19466c97e72f04408a0035g.jpg\" \/><img decoding=\"async\" src=\"https:\/\/ae01.alicdn.com\/kf\/Sb707d3bb6c8a443ea7eac883637f3ad3O.png\" \/><img decoding=\"async\" src=\"https:\/\/ae01.alicdn.com\/kf\/S1a0fc18e8b934422b9633ca08382a568T.jpg\" \/><img decoding=\"async\" src=\"https:\/\/ae01.alicdn.com\/kf\/S9dc99383485d4340b7b4aa0915d6a2335.jpg\" \/><img decoding=\"async\" src=\"https:\/\/ae01.alicdn.com\/kf\/S78ef2c165eeb4ba185c81cd7beb45ca4v.jpg\" \/><img decoding=\"async\" src=\"https:\/\/ae01.alicdn.com\/kf\/S3a212b5936394cafb9e99beb4a2d247fh.jpg\" \/><img decoding=\"async\" src=\"https:\/\/ae01.alicdn.com\/kf\/S059be6d89dae4b00abf3169015170f57z.jpg\" \/><img decoding=\"async\" src=\"https:\/\/ae01.alicdn.com\/kf\/Sb35fdbd87c8741a7965ea11ab9dd0793J.jpg\" \/><img decoding=\"async\" src=\"https:\/\/ae01.alicdn.com\/kf\/S45301718ac15464a8f3bc7da32f46c30o.jpg\" \/><img decoding=\"async\" src=\"https:\/\/ae01.alicdn.com\/kf\/Sbe679fad9531495593c6b471e1d961d3G.jpg\" \/><img decoding=\"async\" src=\"https:\/\/ae01.alicdn.com\/kf\/Sf48efe41df0a4fd7931200b149891f65W.jpg\" \/><img decoding=\"async\" src=\"https:\/\/ae01.alicdn.com\/kf\/S17698c35bd554ab8bdbefae0c31e6ab9v.jpg\" \/><img decoding=\"async\" src=\"https:\/\/ae01.alicdn.com\/kf\/Sace35928703b48c78bf889ec45442664v.jpg\" \/><img decoding=\"async\" src=\"https:\/\/ae01.alicdn.com\/kf\/S69b800530c914cbfb5733a152d4b4bb7l.jpg\" \/><img decoding=\"async\" src=\"https:\/\/ae01.alicdn.com\/kf\/Sf7b7ee4d74434c669dee4f5554792dd71.jpg\" \/><img decoding=\"async\" src=\"https:\/\/ae01.alicdn.com\/kf\/S047b43ec2a0b4b3d90ef759e212850d28.jpg\" \/><img decoding=\"async\" src=\"https:\/\/ae01.alicdn.com\/kf\/Sf6864d16d0634c78b57dc3d1a3918da0r.jpg\" \/><img decoding=\"async\" src=\"https:\/\/ae01.alicdn.com\/kf\/S8fb4f1fc398e4f538ce5a19a5cb87822w.jpg\" \/><img decoding=\"async\" src=\"https:\/\/ae01.alicdn.com\/kf\/Seb1ff0b28ccb4e428efa638072b2cdf1J.jpg\" \/><img decoding=\"async\" src=\"https:\/\/ae01.alicdn.com\/kf\/S85ce29912a6f497890a3fdb107a1d003M.jpg\" \/><img decoding=\"async\" src=\"https:\/\/ae01.alicdn.com\/kf\/S8d17d4e6376547c5be629e4aa6a65e13M.jpg\" \/><img decoding=\"async\" src=\"https:\/\/ae01.alicdn.com\/kf\/S4e04c0916a2e42bb8638d46cadda28e3S.jpg\" \/><img decoding=\"async\" src=\"https:\/\/ae01.alicdn.com\/kf\/S89b87cd7c4e74f18abd1c854047364a2M.jpg\" \/><img decoding=\"async\" src=\"https:\/\/ae01.alicdn.com\/kf\/S37662be714e449e68bc2d9bc65da4f63p.jpg\" \/><img decoding=\"async\" src=\"https:\/\/ae01.alicdn.com\/kf\/S0beaa29de96a4de881e7e2bae72e758dr.jpg\" \/><\/p>","protected":false},"excerpt":{"rendered":"<p>Un delgado anillo de madera de boj adorna la ca\u00f1a, proporcionando un elegante contraste con la cazoleta de brezo, esta pipa de brezo hecha a mano para hombre.<\/p>","protected":false},"featured_media":16004,"comment_status":"open","ping_status":"closed","template":"","meta":{"iawp_total_views":0,"_joinchat":[]},"product_brand":[],"product_cat":[480,478],"product_tag":[],"class_list":{"0":"post-16003","1":"product","2":"type-product","3":"status-publish","4":"has-post-thumbnail","6":"product_cat-briar-pipe","7":"product_cat-handmade-pipe","9":"first","10":"instock","11":"sale","12":"shipping-taxable","13":"purchasable","14":"product-type-variable"},"yoast_head":"<!-- This site is optimized with the Yoast SEO Premium plugin v24.7 (Yoast SEO v26.8) - https:\/\/yoast.com\/product\/yoast-seo-premium-wordpress\/ -->\n<title>Men&#039;s Handmade Briar Pipes - Global Hookah<\/title>\n<meta name=\"robots\" content=\"index, follow, max-snippet:-1, max-image-preview:large, max-video-preview:-1\" \/>\n<link rel=\"canonical\" href=\"https:\/\/global-hookah.com\/es\/producto\/mens-handmade-briar-pipes\/\" \/>\n<meta property=\"og:locale\" content=\"es_ES\" \/>\n<meta property=\"og:type\" content=\"article\" \/>\n<meta property=\"og:title\" content=\"Men&#039;s Handmade Briar Pipes\" \/>\n<meta property=\"og:description\" content=\"A slender boxwood ring adorns the shank, providing an elegant contrast to the briar bowl, this Men\u2019s Handmade Briar Pipes\" \/>\n<meta property=\"og:url\" content=\"https:\/\/global-hookah.com\/es\/producto\/mens-handmade-briar-pipes\/\" \/>\n<meta property=\"og:site_name\" content=\"Global Hookah\" \/>\n<meta property=\"article:modified_time\" content=\"2023-12-18T14:37:39+00:00\" \/>\n<meta property=\"og:image\" content=\"https:\/\/global-hookah.com\/wp-content\/uploads\/2023\/11\/Briar-Tobacco-Pipe-Handmade-Briar-Pipe-With-Olive-Wood-Ring-Straight-Pipe-For-Men-Gift-Military.webp\" \/>\n\t<meta property=\"og:image:width\" content=\"1000\" \/>\n\t<meta property=\"og:image:height\" content=\"1000\" \/>\n\t<meta property=\"og:image:type\" content=\"image\/webp\" \/>\n<meta name=\"twitter:card\" content=\"summary_large_image\" \/>\n<meta name=\"twitter:label1\" content=\"Tiempo de lectura\" \/>\n\t<meta name=\"twitter:data1\" content=\"6 minutos\" \/>\n<script type=\"application\/ld+json\" class=\"yoast-schema-graph\">{\"@context\":\"https:\/\/schema.org\",\"@graph\":[{\"@type\":\"WebPage\",\"@id\":\"https:\/\/global-hookah.com\/product\/mens-handmade-briar-pipes\/\",\"url\":\"https:\/\/global-hookah.com\/product\/mens-handmade-briar-pipes\/\",\"name\":\"Men's Handmade Briar Pipes - Global Hookah\",\"isPartOf\":{\"@id\":\"https:\/\/global-hookah.com\/#website\"},\"primaryImageOfPage\":{\"@id\":\"https:\/\/global-hookah.com\/product\/mens-handmade-briar-pipes\/#primaryimage\"},\"image\":{\"@id\":\"https:\/\/global-hookah.com\/product\/mens-handmade-briar-pipes\/#primaryimage\"},\"thumbnailUrl\":\"https:\/\/global-hookah.com\/wp-content\/uploads\/2023\/11\/Briar-Tobacco-Pipe-Handmade-Briar-Pipe-With-Olive-Wood-Ring-Straight-Pipe-For-Men-Gift-Military.webp\",\"datePublished\":\"2023-11-16T02:03:43+00:00\",\"dateModified\":\"2023-12-18T14:37:39+00:00\",\"breadcrumb\":{\"@id\":\"https:\/\/global-hookah.com\/product\/mens-handmade-briar-pipes\/#breadcrumb\"},\"inLanguage\":\"es\",\"potentialAction\":[{\"@type\":\"ReadAction\",\"target\":[\"https:\/\/global-hookah.com\/product\/mens-handmade-briar-pipes\/\"]}]},{\"@type\":\"ImageObject\",\"inLanguage\":\"es\",\"@id\":\"https:\/\/global-hookah.com\/product\/mens-handmade-briar-pipes\/#primaryimage\",\"url\":\"https:\/\/global-hookah.com\/wp-content\/uploads\/2023\/11\/Briar-Tobacco-Pipe-Handmade-Briar-Pipe-With-Olive-Wood-Ring-Straight-Pipe-For-Men-Gift-Military.webp\",\"contentUrl\":\"https:\/\/global-hookah.com\/wp-content\/uploads\/2023\/11\/Briar-Tobacco-Pipe-Handmade-Briar-Pipe-With-Olive-Wood-Ring-Straight-Pipe-For-Men-Gift-Military.webp\",\"width\":1000,\"height\":1000,\"caption\":\"Men's Handmade Briar Pipes\"},{\"@type\":\"BreadcrumbList\",\"@id\":\"https:\/\/global-hookah.com\/product\/mens-handmade-briar-pipes\/#breadcrumb\",\"itemListElement\":[{\"@type\":\"ListItem\",\"position\":1,\"name\":\"Home\",\"item\":\"https:\/\/global-hookah.com\/\"},{\"@type\":\"ListItem\",\"position\":2,\"name\":\"Shop\",\"item\":\"https:\/\/global-hookah.com\/shop\/\"},{\"@type\":\"ListItem\",\"position\":3,\"name\":\"Men&#8217;s Handmade Briar Pipes\"}]},{\"@type\":\"WebSite\",\"@id\":\"https:\/\/global-hookah.com\/#website\",\"url\":\"https:\/\/global-hookah.com\/\",\"name\":\"Global Hookah\",\"description\":\"Global Hookah\",\"publisher\":{\"@id\":\"https:\/\/global-hookah.com\/#organization\"},\"potentialAction\":[{\"@type\":\"SearchAction\",\"target\":{\"@type\":\"EntryPoint\",\"urlTemplate\":\"https:\/\/global-hookah.com\/?s={search_term_string}\"},\"query-input\":{\"@type\":\"PropertyValueSpecification\",\"valueRequired\":true,\"valueName\":\"search_term_string\"}}],\"inLanguage\":\"es\"},{\"@type\":\"Organization\",\"@id\":\"https:\/\/global-hookah.com\/#organization\",\"name\":\"Global Hookah\",\"url\":\"https:\/\/global-hookah.com\/\",\"logo\":{\"@type\":\"ImageObject\",\"inLanguage\":\"es\",\"@id\":\"https:\/\/global-hookah.com\/#\/schema\/logo\/image\/\",\"url\":\"https:\/\/global-hookah.com\/wp-content\/uploads\/2021\/10\/cropped-fgg.png\",\"contentUrl\":\"https:\/\/global-hookah.com\/wp-content\/uploads\/2021\/10\/cropped-fgg.png\",\"width\":512,\"height\":512,\"caption\":\"Global Hookah\"},\"image\":{\"@id\":\"https:\/\/global-hookah.com\/#\/schema\/logo\/image\/\"}}]}<\/script>\n<!-- \/ Yoast SEO Premium plugin. -->","yoast_head_json":{"title":"Pipas de brezo hechas a mano para hombres - Global Hookah","robots":{"index":"index","follow":"follow","max-snippet":"max-snippet:-1","max-image-preview":"max-image-preview:large","max-video-preview":"max-video-preview:-1"},"canonical":"https:\/\/global-hookah.com\/es\/producto\/mens-handmade-briar-pipes\/","og_locale":"es_ES","og_type":"article","og_title":"Men's Handmade Briar Pipes","og_description":"A slender boxwood ring adorns the shank, providing an elegant contrast to the briar bowl, this Men\u2019s Handmade Briar Pipes","og_url":"https:\/\/global-hookah.com\/es\/producto\/mens-handmade-briar-pipes\/","og_site_name":"Global Hookah","article_modified_time":"2023-12-18T14:37:39+00:00","og_image":[{"width":1000,"height":1000,"url":"https:\/\/global-hookah.com\/wp-content\/uploads\/2023\/11\/Briar-Tobacco-Pipe-Handmade-Briar-Pipe-With-Olive-Wood-Ring-Straight-Pipe-For-Men-Gift-Military.webp","type":"image\/webp"}],"twitter_card":"summary_large_image","twitter_misc":{"Tiempo de lectura":"6 minutos"},"schema":{"@context":"https:\/\/schema.org","@graph":[{"@type":"WebPage","@id":"https:\/\/global-hookah.com\/product\/mens-handmade-briar-pipes\/","url":"https:\/\/global-hookah.com\/product\/mens-handmade-briar-pipes\/","name":"Pipas de brezo hechas a mano para hombres - Global Hookah","isPartOf":{"@id":"https:\/\/global-hookah.com\/#website"},"primaryImageOfPage":{"@id":"https:\/\/global-hookah.com\/product\/mens-handmade-briar-pipes\/#primaryimage"},"image":{"@id":"https:\/\/global-hookah.com\/product\/mens-handmade-briar-pipes\/#primaryimage"},"thumbnailUrl":"https:\/\/global-hookah.com\/wp-content\/uploads\/2023\/11\/Briar-Tobacco-Pipe-Handmade-Briar-Pipe-With-Olive-Wood-Ring-Straight-Pipe-For-Men-Gift-Military.webp","datePublished":"2023-11-16T02:03:43+00:00","dateModified":"2023-12-18T14:37:39+00:00","breadcrumb":{"@id":"https:\/\/global-hookah.com\/product\/mens-handmade-briar-pipes\/#breadcrumb"},"inLanguage":"es","potentialAction":[{"@type":"ReadAction","target":["https:\/\/global-hookah.com\/product\/mens-handmade-briar-pipes\/"]}]},{"@type":"ImageObject","inLanguage":"es","@id":"https:\/\/global-hookah.com\/product\/mens-handmade-briar-pipes\/#primaryimage","url":"https:\/\/global-hookah.com\/wp-content\/uploads\/2023\/11\/Briar-Tobacco-Pipe-Handmade-Briar-Pipe-With-Olive-Wood-Ring-Straight-Pipe-For-Men-Gift-Military.webp","contentUrl":"https:\/\/global-hookah.com\/wp-content\/uploads\/2023\/11\/Briar-Tobacco-Pipe-Handmade-Briar-Pipe-With-Olive-Wood-Ring-Straight-Pipe-For-Men-Gift-Military.webp","width":1000,"height":1000,"caption":"Men's Handmade Briar Pipes"},{"@type":"BreadcrumbList","@id":"https:\/\/global-hookah.com\/product\/mens-handmade-briar-pipes\/#breadcrumb","itemListElement":[{"@type":"ListItem","position":1,"name":"Home","item":"https:\/\/global-hookah.com\/"},{"@type":"ListItem","position":2,"name":"Shop","item":"https:\/\/global-hookah.com\/shop\/"},{"@type":"ListItem","position":3,"name":"Men&#8217;s Handmade Briar Pipes"}]},{"@type":"WebSite","@id":"https:\/\/global-hookah.com\/#website","url":"https:\/\/global-hookah.com\/","name":"Global Hookah","description":"Global Hookah","publisher":{"@id":"https:\/\/global-hookah.com\/#organization"},"potentialAction":[{"@type":"SearchAction","target":{"@type":"EntryPoint","urlTemplate":"https:\/\/global-hookah.com\/?s={search_term_string}"},"query-input":{"@type":"PropertyValueSpecification","valueRequired":true,"valueName":"search_term_string"}}],"inLanguage":"es"},{"@type":"Organization","@id":"https:\/\/global-hookah.com\/#organization","name":"Global Hookah","url":"https:\/\/global-hookah.com\/","logo":{"@type":"ImageObject","inLanguage":"es","@id":"https:\/\/global-hookah.com\/#\/schema\/logo\/image\/","url":"https:\/\/global-hookah.com\/wp-content\/uploads\/2021\/10\/cropped-fgg.png","contentUrl":"https:\/\/global-hookah.com\/wp-content\/uploads\/2021\/10\/cropped-fgg.png","width":512,"height":512,"caption":"Global Hookah"},"image":{"@id":"https:\/\/global-hookah.com\/#\/schema\/logo\/image\/"}}]}},"_links":{"self":[{"href":"https:\/\/global-hookah.com\/es\/wp-json\/wp\/v2\/product\/16003","targetHints":{"allow":["GET"]}}],"collection":[{"href":"https:\/\/global-hookah.com\/es\/wp-json\/wp\/v2\/product"}],"about":[{"href":"https:\/\/global-hookah.com\/es\/wp-json\/wp\/v2\/types\/product"}],"replies":[{"embeddable":true,"href":"https:\/\/global-hookah.com\/es\/wp-json\/wp\/v2\/comments?post=16003"}],"version-history":[{"count":0,"href":"https:\/\/global-hookah.com\/es\/wp-json\/wp\/v2\/product\/16003\/revisions"}],"wp:featuredmedia":[{"embeddable":true,"href":"https:\/\/global-hookah.com\/es\/wp-json\/wp\/v2\/media\/16004"}],"wp:attachment":[{"href":"https:\/\/global-hookah.com\/es\/wp-json\/wp\/v2\/media?parent=16003"}],"wp:term":[{"taxonomy":"product_brand","embeddable":true,"href":"https:\/\/global-hookah.com\/es\/wp-json\/wp\/v2\/product_brand?post=16003"},{"taxonomy":"product_cat","embeddable":true,"href":"https:\/\/global-hookah.com\/es\/wp-json\/wp\/v2\/product_cat?post=16003"},{"taxonomy":"product_tag","embeddable":true,"href":"https:\/\/global-hookah.com\/es\/wp-json\/wp\/v2\/product_tag?post=16003"}],"curies":[{"name":"wp","href":"https:\/\/api.w.org\/{rel}","templated":true}]}}