{"id":16024,"date":"2023-11-16T02:05:50","date_gmt":"2023-11-16T02:05:50","guid":{"rendered":"https:\/\/global-hookah.com\/product\/heather-handmade-poker-pipe\/"},"modified":"2023-12-20T03:09:12","modified_gmt":"2023-12-20T03:09:12","slug":"heather-handmade-poker-pipe","status":"publish","type":"product","link":"https:\/\/global-hookah.com\/es\/producto\/heather-handmade-poker-pipe\/","title":{"rendered":"Pipa de p\u00f3quer Heather hecha a mano"},"content":{"rendered":"<p>Los artesanos gozan de total libertad creativa a la hora de dar forma a los tubos de la l\u00ednea, lo que se traduce en piezas distintivas como \u00e9sta <strong>Pipa de p\u00f3quer hecha a mano<\/strong>. Este <strong>Pipa de p\u00f3quer hecha a mano<\/strong> cuenta con un suave, <strong>Doblado en forma de atizador<\/strong> La cazoleta est\u00e1 tallada con maestr\u00eda en madera de brezo de grano recto y tiene una capacidad de c\u00e1mara bastante considerable. Est\u00e1 todo te\u00f1ido con un c\u00e1lido tono nogal que muestra un bonito veteado en todo el mu\u00f1\u00f3n. Su cazoleta c\u00f3nica y su mango alargado han sido lijados y pulidos hasta conseguir un acabado t\u00e1ctil, mostrando los exuberantes colores marrones del brezo y sus apretados patrones lineales. Del mango sale una elegante tija acr\u00edlica negra, cuya textura mate proporciona un agarre seguro. La suave curvatura de la tija permite una c\u00f3moda sensaci\u00f3n en la boca al fumar, a la vez que a\u00f1ade un refinado acento a la imagen. <strong>Pipa de p\u00f3quer de madera curvada de alta calidad<\/strong> forma minimalista. A pesar de su dise\u00f1o curvado contempor\u00e1neo, esta pipa conserva el estilo fresco y sofisticado que hace de la forma Poker un cl\u00e1sico atemporal.<\/p>\n<div class=\"product-specs-list-container\">\n<ul class=\"product-specs-list util-clearfix\">\n<li class=\"product-prop line-limit-length\"><span class=\"property-title\">Material: Madera de Briard+Acr\u00edlico<\/span><\/li>\n<li class=\"product-prop line-limit-length\"><span class=\"property-title\">N\u00famero de modelo:\u00a0<\/span><span class=\"property-desc line-limit-length\">aa0275<\/span><\/li>\n<li>Forma: P\u00f3ker doblado<\/li>\n<li>Acabado: Liso<\/li>\n<li class=\"product-prop line-limit-length\"><a href=\"https:\/\/global-hookah.com\/product-category\/tobacco-pipe\/handmade-pipe\/\">Pipa de tabaco de brezo hecha a mano<\/a>se enviar\u00e1n fotos para su confirmaci\u00f3n antes del env\u00edo<\/li>\n<\/ul>\n<\/div>\n<p><img decoding=\"async\" src=\"https:\/\/ae01.alicdn.com\/kf\/S24bbd2e9afad4c9087c635bd91ad5c2c8.jpg\" \/><img decoding=\"async\" src=\"https:\/\/ae01.alicdn.com\/kf\/S567f0e0fa59e4be7917004695bbd2d19t.jpg\" \/><img decoding=\"async\" src=\"https:\/\/ae01.alicdn.com\/kf\/S61429874669045119012940824df73a6m.jpg\" \/><img decoding=\"async\" src=\"https:\/\/ae01.alicdn.com\/kf\/Sdd0418ea97a54ae28a6f5c337d37bba72.jpg\" \/><img decoding=\"async\" src=\"https:\/\/ae01.alicdn.com\/kf\/S4cd5da31772846eabea2f700f8303019a.jpg\" \/><img decoding=\"async\" src=\"https:\/\/ae01.alicdn.com\/kf\/Sb72186a338224debb851de32456fe80dn.jpg\" \/><img decoding=\"async\" src=\"https:\/\/ae01.alicdn.com\/kf\/Sf24be1a00ece4ac2a156ea8515cff4a9f.jpg\" \/><img decoding=\"async\" src=\"https:\/\/ae01.alicdn.com\/kf\/S72cbe77deade4f58a1549cc0c00ba9efh.jpg\" \/><img decoding=\"async\" src=\"https:\/\/ae01.alicdn.com\/kf\/S348f064a88c945c190e5d5bc57f8cc98T.jpg\" \/><\/p>","protected":false},"excerpt":{"rendered":"<p>Los artesanos gozan de total libertad creativa a la hora de dar forma a las pipas de la l\u00ednea, lo que se traduce en piezas distintivas como esta Handmade Poker<\/p>","protected":false},"featured_media":16025,"comment_status":"open","ping_status":"closed","template":"","meta":{"iawp_total_views":2,"_joinchat":[]},"product_brand":[],"product_cat":[478],"product_tag":[],"class_list":{"0":"post-16024","1":"product","2":"type-product","3":"status-publish","4":"has-post-thumbnail","6":"product_cat-handmade-pipe","8":"first","9":"instock","10":"sale","11":"shipping-taxable","12":"purchasable","13":"product-type-variable"},"yoast_head":"<!-- This site is optimized with the Yoast SEO Premium plugin v24.7 (Yoast SEO v26.8) - https:\/\/yoast.com\/product\/yoast-seo-premium-wordpress\/ -->\n<title>Heather Handmade Poker Pipe - Global Hookah<\/title>\n<meta name=\"robots\" content=\"index, follow, max-snippet:-1, max-image-preview:large, max-video-preview:-1\" \/>\n<link rel=\"canonical\" href=\"https:\/\/global-hookah.com\/es\/producto\/heather-handmade-poker-pipe\/\" \/>\n<meta property=\"og:locale\" content=\"es_ES\" \/>\n<meta property=\"og:type\" content=\"article\" \/>\n<meta property=\"og:title\" content=\"Heather Handmade Poker Pipe\" \/>\n<meta property=\"og:description\" content=\"The artisans are given complete creative freedom when shaping the line&#8217;s pipes, resulting in distinctive pieces like this Handmade Poker\" \/>\n<meta property=\"og:url\" content=\"https:\/\/global-hookah.com\/es\/producto\/heather-handmade-poker-pipe\/\" \/>\n<meta property=\"og:site_name\" content=\"Global Hookah\" \/>\n<meta property=\"article:modified_time\" content=\"2023-12-20T03:09:12+00:00\" \/>\n<meta property=\"og:image\" content=\"https:\/\/global-hookah.com\/wp-content\/uploads\/2023\/11\/MUXIANG-handmade-briar-tobacco-pipe-small-pipe-beginner-gift-curved-handle-hammer-pipe-3mm-pipe-channel.webp\" \/>\n\t<meta property=\"og:image:width\" content=\"1000\" \/>\n\t<meta property=\"og:image:height\" content=\"1000\" \/>\n\t<meta property=\"og:image:type\" content=\"image\/webp\" \/>\n<meta name=\"twitter:card\" content=\"summary_large_image\" \/>\n<meta name=\"twitter:label1\" content=\"Tiempo de lectura\" \/>\n\t<meta name=\"twitter:data1\" content=\"3 minutos\" \/>\n<script type=\"application\/ld+json\" class=\"yoast-schema-graph\">{\"@context\":\"https:\/\/schema.org\",\"@graph\":[{\"@type\":\"WebPage\",\"@id\":\"https:\/\/global-hookah.com\/product\/heather-handmade-poker-pipe\/\",\"url\":\"https:\/\/global-hookah.com\/product\/heather-handmade-poker-pipe\/\",\"name\":\"Heather Handmade Poker Pipe - Global Hookah\",\"isPartOf\":{\"@id\":\"https:\/\/global-hookah.com\/#website\"},\"primaryImageOfPage\":{\"@id\":\"https:\/\/global-hookah.com\/product\/heather-handmade-poker-pipe\/#primaryimage\"},\"image\":{\"@id\":\"https:\/\/global-hookah.com\/product\/heather-handmade-poker-pipe\/#primaryimage\"},\"thumbnailUrl\":\"https:\/\/global-hookah.com\/wp-content\/uploads\/2023\/11\/MUXIANG-handmade-briar-tobacco-pipe-small-pipe-beginner-gift-curved-handle-hammer-pipe-3mm-pipe-channel.webp\",\"datePublished\":\"2023-11-16T02:05:50+00:00\",\"dateModified\":\"2023-12-20T03:09:12+00:00\",\"breadcrumb\":{\"@id\":\"https:\/\/global-hookah.com\/product\/heather-handmade-poker-pipe\/#breadcrumb\"},\"inLanguage\":\"es\",\"potentialAction\":[{\"@type\":\"ReadAction\",\"target\":[\"https:\/\/global-hookah.com\/product\/heather-handmade-poker-pipe\/\"]}]},{\"@type\":\"ImageObject\",\"inLanguage\":\"es\",\"@id\":\"https:\/\/global-hookah.com\/product\/heather-handmade-poker-pipe\/#primaryimage\",\"url\":\"https:\/\/global-hookah.com\/wp-content\/uploads\/2023\/11\/MUXIANG-handmade-briar-tobacco-pipe-small-pipe-beginner-gift-curved-handle-hammer-pipe-3mm-pipe-channel.webp\",\"contentUrl\":\"https:\/\/global-hookah.com\/wp-content\/uploads\/2023\/11\/MUXIANG-handmade-briar-tobacco-pipe-small-pipe-beginner-gift-curved-handle-hammer-pipe-3mm-pipe-channel.webp\",\"width\":1000,\"height\":1000,\"caption\":\"Handmade Poker Pipe\"},{\"@type\":\"BreadcrumbList\",\"@id\":\"https:\/\/global-hookah.com\/product\/heather-handmade-poker-pipe\/#breadcrumb\",\"itemListElement\":[{\"@type\":\"ListItem\",\"position\":1,\"name\":\"Home\",\"item\":\"https:\/\/global-hookah.com\/\"},{\"@type\":\"ListItem\",\"position\":2,\"name\":\"Shop\",\"item\":\"https:\/\/global-hookah.com\/shop\/\"},{\"@type\":\"ListItem\",\"position\":3,\"name\":\"Heather Handmade Poker Pipe\"}]},{\"@type\":\"WebSite\",\"@id\":\"https:\/\/global-hookah.com\/#website\",\"url\":\"https:\/\/global-hookah.com\/\",\"name\":\"Global Hookah\",\"description\":\"Global Hookah\",\"publisher\":{\"@id\":\"https:\/\/global-hookah.com\/#organization\"},\"potentialAction\":[{\"@type\":\"SearchAction\",\"target\":{\"@type\":\"EntryPoint\",\"urlTemplate\":\"https:\/\/global-hookah.com\/?s={search_term_string}\"},\"query-input\":{\"@type\":\"PropertyValueSpecification\",\"valueRequired\":true,\"valueName\":\"search_term_string\"}}],\"inLanguage\":\"es\"},{\"@type\":\"Organization\",\"@id\":\"https:\/\/global-hookah.com\/#organization\",\"name\":\"Global Hookah\",\"url\":\"https:\/\/global-hookah.com\/\",\"logo\":{\"@type\":\"ImageObject\",\"inLanguage\":\"es\",\"@id\":\"https:\/\/global-hookah.com\/#\/schema\/logo\/image\/\",\"url\":\"https:\/\/global-hookah.com\/wp-content\/uploads\/2021\/10\/cropped-fgg.png\",\"contentUrl\":\"https:\/\/global-hookah.com\/wp-content\/uploads\/2021\/10\/cropped-fgg.png\",\"width\":512,\"height\":512,\"caption\":\"Global Hookah\"},\"image\":{\"@id\":\"https:\/\/global-hookah.com\/#\/schema\/logo\/image\/\"}}]}<\/script>\n<!-- \/ Yoast SEO Premium plugin. -->","yoast_head_json":{"title":"Pipa de p\u00f3quer Heather hecha a mano - Global Hookah","robots":{"index":"index","follow":"follow","max-snippet":"max-snippet:-1","max-image-preview":"max-image-preview:large","max-video-preview":"max-video-preview:-1"},"canonical":"https:\/\/global-hookah.com\/es\/producto\/heather-handmade-poker-pipe\/","og_locale":"es_ES","og_type":"article","og_title":"Heather Handmade Poker Pipe","og_description":"The artisans are given complete creative freedom when shaping the line&#8217;s pipes, resulting in distinctive pieces like this Handmade Poker","og_url":"https:\/\/global-hookah.com\/es\/producto\/heather-handmade-poker-pipe\/","og_site_name":"Global Hookah","article_modified_time":"2023-12-20T03:09:12+00:00","og_image":[{"width":1000,"height":1000,"url":"https:\/\/global-hookah.com\/wp-content\/uploads\/2023\/11\/MUXIANG-handmade-briar-tobacco-pipe-small-pipe-beginner-gift-curved-handle-hammer-pipe-3mm-pipe-channel.webp","type":"image\/webp"}],"twitter_card":"summary_large_image","twitter_misc":{"Tiempo de lectura":"3 minutos"},"schema":{"@context":"https:\/\/schema.org","@graph":[{"@type":"WebPage","@id":"https:\/\/global-hookah.com\/product\/heather-handmade-poker-pipe\/","url":"https:\/\/global-hookah.com\/product\/heather-handmade-poker-pipe\/","name":"Pipa de p\u00f3quer Heather hecha a mano - Global Hookah","isPartOf":{"@id":"https:\/\/global-hookah.com\/#website"},"primaryImageOfPage":{"@id":"https:\/\/global-hookah.com\/product\/heather-handmade-poker-pipe\/#primaryimage"},"image":{"@id":"https:\/\/global-hookah.com\/product\/heather-handmade-poker-pipe\/#primaryimage"},"thumbnailUrl":"https:\/\/global-hookah.com\/wp-content\/uploads\/2023\/11\/MUXIANG-handmade-briar-tobacco-pipe-small-pipe-beginner-gift-curved-handle-hammer-pipe-3mm-pipe-channel.webp","datePublished":"2023-11-16T02:05:50+00:00","dateModified":"2023-12-20T03:09:12+00:00","breadcrumb":{"@id":"https:\/\/global-hookah.com\/product\/heather-handmade-poker-pipe\/#breadcrumb"},"inLanguage":"es","potentialAction":[{"@type":"ReadAction","target":["https:\/\/global-hookah.com\/product\/heather-handmade-poker-pipe\/"]}]},{"@type":"ImageObject","inLanguage":"es","@id":"https:\/\/global-hookah.com\/product\/heather-handmade-poker-pipe\/#primaryimage","url":"https:\/\/global-hookah.com\/wp-content\/uploads\/2023\/11\/MUXIANG-handmade-briar-tobacco-pipe-small-pipe-beginner-gift-curved-handle-hammer-pipe-3mm-pipe-channel.webp","contentUrl":"https:\/\/global-hookah.com\/wp-content\/uploads\/2023\/11\/MUXIANG-handmade-briar-tobacco-pipe-small-pipe-beginner-gift-curved-handle-hammer-pipe-3mm-pipe-channel.webp","width":1000,"height":1000,"caption":"Handmade Poker Pipe"},{"@type":"BreadcrumbList","@id":"https:\/\/global-hookah.com\/product\/heather-handmade-poker-pipe\/#breadcrumb","itemListElement":[{"@type":"ListItem","position":1,"name":"Home","item":"https:\/\/global-hookah.com\/"},{"@type":"ListItem","position":2,"name":"Shop","item":"https:\/\/global-hookah.com\/shop\/"},{"@type":"ListItem","position":3,"name":"Heather Handmade Poker Pipe"}]},{"@type":"WebSite","@id":"https:\/\/global-hookah.com\/#website","url":"https:\/\/global-hookah.com\/","name":"Global Hookah","description":"Global Hookah","publisher":{"@id":"https:\/\/global-hookah.com\/#organization"},"potentialAction":[{"@type":"SearchAction","target":{"@type":"EntryPoint","urlTemplate":"https:\/\/global-hookah.com\/?s={search_term_string}"},"query-input":{"@type":"PropertyValueSpecification","valueRequired":true,"valueName":"search_term_string"}}],"inLanguage":"es"},{"@type":"Organization","@id":"https:\/\/global-hookah.com\/#organization","name":"Global Hookah","url":"https:\/\/global-hookah.com\/","logo":{"@type":"ImageObject","inLanguage":"es","@id":"https:\/\/global-hookah.com\/#\/schema\/logo\/image\/","url":"https:\/\/global-hookah.com\/wp-content\/uploads\/2021\/10\/cropped-fgg.png","contentUrl":"https:\/\/global-hookah.com\/wp-content\/uploads\/2021\/10\/cropped-fgg.png","width":512,"height":512,"caption":"Global Hookah"},"image":{"@id":"https:\/\/global-hookah.com\/#\/schema\/logo\/image\/"}}]}},"_links":{"self":[{"href":"https:\/\/global-hookah.com\/es\/wp-json\/wp\/v2\/product\/16024","targetHints":{"allow":["GET"]}}],"collection":[{"href":"https:\/\/global-hookah.com\/es\/wp-json\/wp\/v2\/product"}],"about":[{"href":"https:\/\/global-hookah.com\/es\/wp-json\/wp\/v2\/types\/product"}],"replies":[{"embeddable":true,"href":"https:\/\/global-hookah.com\/es\/wp-json\/wp\/v2\/comments?post=16024"}],"version-history":[{"count":0,"href":"https:\/\/global-hookah.com\/es\/wp-json\/wp\/v2\/product\/16024\/revisions"}],"wp:featuredmedia":[{"embeddable":true,"href":"https:\/\/global-hookah.com\/es\/wp-json\/wp\/v2\/media\/16025"}],"wp:attachment":[{"href":"https:\/\/global-hookah.com\/es\/wp-json\/wp\/v2\/media?parent=16024"}],"wp:term":[{"taxonomy":"product_brand","embeddable":true,"href":"https:\/\/global-hookah.com\/es\/wp-json\/wp\/v2\/product_brand?post=16024"},{"taxonomy":"product_cat","embeddable":true,"href":"https:\/\/global-hookah.com\/es\/wp-json\/wp\/v2\/product_cat?post=16024"},{"taxonomy":"product_tag","embeddable":true,"href":"https:\/\/global-hookah.com\/es\/wp-json\/wp\/v2\/product_tag?post=16024"}],"curies":[{"name":"wp","href":"https:\/\/api.w.org\/{rel}","templated":true}]}}