{"id":16044,"date":"2023-11-16T02:11:38","date_gmt":"2023-11-16T02:11:38","guid":{"rendered":"https:\/\/global-hookah.com\/product\/herlock-holmes-calabash-pipe\/"},"modified":"2024-03-13T00:27:47","modified_gmt":"2024-03-13T00:27:47","slug":"sherlock-holmes-calabash-pipe","status":"publish","type":"product","link":"https:\/\/global-hookah.com\/es\/producto\/sherlock-holmes-calabash-pipe\/","title":{"rendered":"Pipa Calabash Sherlock Holmes"},"content":{"rendered":"<p style=\"text-align: left;\">Este <strong>Pipa Calabash Sherlock Holmes<\/strong>por supuesto, se basa en pipas hechas con guardas de Calabash, con el interior ahuecado para crear una gran c\u00e1mara secundaria para que el humo se enfr\u00ede y se seque antes de entrar en el v\u00e1stago. Este <strong>Tuber\u00eda Sherlock Holmes<\/strong> est\u00e1 hecha de brezo, con un mu\u00f1\u00f3n expansivo ahuecado del mismo modo y provisto de un capuch\u00f3n inamovible. Este <strong>Pipa Calabash Sherlock Holmes<\/strong> presenta un cuenco en forma de Calabash de suave color rubio miel tallado en madera de brezo de grano fino. La rica veta dorada de la madera tiene un acabado pulido satinado, mostrando patrones fluidos a trav\u00e9s de la voluptuosa cazoleta. El resto del mu\u00f1\u00f3n, salvo un corto acento en forma de cuerno en el extremo de la ca\u00f1a, luce un reluciente y suave acabado caramelo que contrasta con la coloraci\u00f3n de la cazoleta, con marcadas estr\u00edas que recorren los flancos y la ca\u00f1a y un denso ojo de perdiz en las partes delantera y trasera. Se combina con una tija de vulcanita moldeada a mano, que equilibra la pieza y se inclina hacia abajo para permitir una postura c\u00f3moda al fumar.<\/p>\n<div class=\"product-specs-list-container\">\n<ul class=\"product-specs-list util-clearfix\">\n<li class=\"product-prop line-limit-length\"><span class=\"property-title\">N\u00famero de modelo:\u00a0<\/span><span class=\"property-desc line-limit-length\">kah0054h1c1k<\/span><\/li>\n<li class=\"product-prop line-limit-length\"><span class=\"property-title\">T\u00e9cnica:\u00a0<\/span><span class=\"property-desc line-limit-length\">ESPEJO<\/span><\/li>\n<li>Forma: Doblada<\/li>\n<li>Acabado: Liso<\/li>\n<li class=\"product-prop line-limit-length\">Material: Madera de Briard+ Vulcanita<\/li>\n<li class=\"product-prop line-limit-length\">Tipo: <a href=\"https:\/\/global-hookah.com\/product-category\/tobacco-pipe\/handmade-pipe\/\">Pipa hecha a mano<\/a><\/li>\n<li class=\"product-prop line-limit-length\"><\/li>\n<\/ul>\n<\/div>\n<p>Pipa de tabaco de brezo hecha a mano, se enviar\u00e1n fotos para su confirmaci\u00f3n antes del env\u00edo<img decoding=\"async\" src=\"https:\/\/ae01.alicdn.com\/kf\/S4a683907332b47a09ee138dea6dd6f18V.png\" \/><\/p>","protected":false},"excerpt":{"rendered":"<p>Esta Sherlock Holmes Calabash Pipe, por supuesto, se basa en pipas hechas con guardas de Calabash, el interior ahuecado para<\/p>","protected":false},"featured_media":16045,"comment_status":"open","ping_status":"closed","template":"","meta":{"iawp_total_views":23,"_joinchat":[]},"product_brand":[],"product_cat":[478],"product_tag":[],"class_list":{"0":"post-16044","1":"product","2":"type-product","3":"status-publish","4":"has-post-thumbnail","6":"product_cat-handmade-pipe","8":"first","9":"instock","10":"sale","11":"shipping-taxable","12":"purchasable","13":"product-type-variable"},"yoast_head":"<!-- This site is optimized with the Yoast SEO Premium plugin v24.7 (Yoast SEO v26.8) - https:\/\/yoast.com\/product\/yoast-seo-premium-wordpress\/ -->\n<title>Sherlock Holmes Calabash Pipe - Global Hookah<\/title>\n<meta name=\"robots\" content=\"index, follow, max-snippet:-1, max-image-preview:large, max-video-preview:-1\" \/>\n<link rel=\"canonical\" href=\"https:\/\/global-hookah.com\/es\/it\/prodotto\/sherlock-holmes-calabash-pipe-2\/\" \/>\n<meta property=\"og:locale\" content=\"es_ES\" \/>\n<meta property=\"og:type\" content=\"article\" \/>\n<meta property=\"og:title\" content=\"Sherlock Holmes Calabash Pipe\" \/>\n<meta property=\"og:description\" content=\"This Sherlock Holmes Calabash Pipe, of course, is based on pipes made from Calabash guards, the insides hollowed out to\" \/>\n<meta property=\"og:url\" content=\"https:\/\/global-hookah.com\/es\/it\/prodotto\/sherlock-holmes-calabash-pipe-2\/\" \/>\n<meta property=\"og:site_name\" content=\"Global Hookah\" \/>\n<meta property=\"article:modified_time\" content=\"2024-03-13T00:27:47+00:00\" \/>\n<meta property=\"og:image\" content=\"https:\/\/global-hookah.com\/wp-content\/uploads\/2023\/11\/MUXIANG-Classic-Sherlock-Holmes-Calabash-pipe-smoking-large-curved-handle-pipe-bowl-removable-briar-handmade-tobacco.webp\" \/>\n\t<meta property=\"og:image:width\" content=\"1000\" \/>\n\t<meta property=\"og:image:height\" content=\"1000\" \/>\n\t<meta property=\"og:image:type\" content=\"image\/webp\" \/>\n<meta name=\"twitter:card\" content=\"summary_large_image\" \/>\n<meta name=\"twitter:label1\" content=\"Tiempo de lectura\" \/>\n\t<meta name=\"twitter:data1\" content=\"2 minutos\" \/>\n<script type=\"application\/ld+json\" class=\"yoast-schema-graph\">{\"@context\":\"https:\/\/schema.org\",\"@graph\":[{\"@type\":\"WebPage\",\"@id\":\"https:\/\/global-hookah.com\/it\/prodotto\/sherlock-holmes-calabash-pipe-2\/\",\"url\":\"https:\/\/global-hookah.com\/it\/prodotto\/sherlock-holmes-calabash-pipe-2\/\",\"name\":\"Sherlock Holmes Calabash Pipe - Global Hookah\",\"isPartOf\":{\"@id\":\"https:\/\/global-hookah.com\/#website\"},\"primaryImageOfPage\":{\"@id\":\"https:\/\/global-hookah.com\/it\/prodotto\/sherlock-holmes-calabash-pipe-2\/#primaryimage\"},\"image\":{\"@id\":\"https:\/\/global-hookah.com\/it\/prodotto\/sherlock-holmes-calabash-pipe-2\/#primaryimage\"},\"thumbnailUrl\":\"https:\/\/global-hookah.com\/wp-content\/uploads\/2023\/11\/MUXIANG-Classic-Sherlock-Holmes-Calabash-pipe-smoking-large-curved-handle-pipe-bowl-removable-briar-handmade-tobacco.webp\",\"datePublished\":\"2023-11-16T02:11:38+00:00\",\"dateModified\":\"2024-03-13T00:27:47+00:00\",\"breadcrumb\":{\"@id\":\"https:\/\/global-hookah.com\/it\/prodotto\/sherlock-holmes-calabash-pipe-2\/#breadcrumb\"},\"inLanguage\":\"es\",\"potentialAction\":[{\"@type\":\"ReadAction\",\"target\":[\"https:\/\/global-hookah.com\/it\/prodotto\/sherlock-holmes-calabash-pipe-2\/\"]}]},{\"@type\":\"ImageObject\",\"inLanguage\":\"es\",\"@id\":\"https:\/\/global-hookah.com\/it\/prodotto\/sherlock-holmes-calabash-pipe-2\/#primaryimage\",\"url\":\"https:\/\/global-hookah.com\/wp-content\/uploads\/2023\/11\/MUXIANG-Classic-Sherlock-Holmes-Calabash-pipe-smoking-large-curved-handle-pipe-bowl-removable-briar-handmade-tobacco.webp\",\"contentUrl\":\"https:\/\/global-hookah.com\/wp-content\/uploads\/2023\/11\/MUXIANG-Classic-Sherlock-Holmes-Calabash-pipe-smoking-large-curved-handle-pipe-bowl-removable-briar-handmade-tobacco.webp\",\"width\":1000,\"height\":1000,\"caption\":\"Sherlock Holmes Calabash Pipe\"},{\"@type\":\"BreadcrumbList\",\"@id\":\"https:\/\/global-hookah.com\/it\/prodotto\/sherlock-holmes-calabash-pipe-2\/#breadcrumb\",\"itemListElement\":[{\"@type\":\"ListItem\",\"position\":1,\"name\":\"Home\",\"item\":\"https:\/\/global-hookah.com\/\"},{\"@type\":\"ListItem\",\"position\":2,\"name\":\"Shop\",\"item\":\"https:\/\/global-hookah.com\/shop\/\"},{\"@type\":\"ListItem\",\"position\":3,\"name\":\"Sherlock Holmes Calabash Pipe\"}]},{\"@type\":\"WebSite\",\"@id\":\"https:\/\/global-hookah.com\/#website\",\"url\":\"https:\/\/global-hookah.com\/\",\"name\":\"Global Hookah\",\"description\":\"Global Hookah\",\"publisher\":{\"@id\":\"https:\/\/global-hookah.com\/#organization\"},\"potentialAction\":[{\"@type\":\"SearchAction\",\"target\":{\"@type\":\"EntryPoint\",\"urlTemplate\":\"https:\/\/global-hookah.com\/?s={search_term_string}\"},\"query-input\":{\"@type\":\"PropertyValueSpecification\",\"valueRequired\":true,\"valueName\":\"search_term_string\"}}],\"inLanguage\":\"es\"},{\"@type\":\"Organization\",\"@id\":\"https:\/\/global-hookah.com\/#organization\",\"name\":\"Global Hookah\",\"url\":\"https:\/\/global-hookah.com\/\",\"logo\":{\"@type\":\"ImageObject\",\"inLanguage\":\"es\",\"@id\":\"https:\/\/global-hookah.com\/#\/schema\/logo\/image\/\",\"url\":\"https:\/\/global-hookah.com\/wp-content\/uploads\/2021\/10\/cropped-fgg.png\",\"contentUrl\":\"https:\/\/global-hookah.com\/wp-content\/uploads\/2021\/10\/cropped-fgg.png\",\"width\":512,\"height\":512,\"caption\":\"Global Hookah\"},\"image\":{\"@id\":\"https:\/\/global-hookah.com\/#\/schema\/logo\/image\/\"}}]}<\/script>\n<!-- \/ Yoast SEO Premium plugin. -->","yoast_head_json":{"title":"Pipa Sherlock Holmes Calabash - Global Hookah","robots":{"index":"index","follow":"follow","max-snippet":"max-snippet:-1","max-image-preview":"max-image-preview:large","max-video-preview":"max-video-preview:-1"},"canonical":"https:\/\/global-hookah.com\/es\/it\/prodotto\/sherlock-holmes-calabash-pipe-2\/","og_locale":"es_ES","og_type":"article","og_title":"Sherlock Holmes Calabash Pipe","og_description":"This Sherlock Holmes Calabash Pipe, of course, is based on pipes made from Calabash guards, the insides hollowed out to","og_url":"https:\/\/global-hookah.com\/es\/it\/prodotto\/sherlock-holmes-calabash-pipe-2\/","og_site_name":"Global Hookah","article_modified_time":"2024-03-13T00:27:47+00:00","og_image":[{"width":1000,"height":1000,"url":"https:\/\/global-hookah.com\/wp-content\/uploads\/2023\/11\/MUXIANG-Classic-Sherlock-Holmes-Calabash-pipe-smoking-large-curved-handle-pipe-bowl-removable-briar-handmade-tobacco.webp","type":"image\/webp"}],"twitter_card":"summary_large_image","twitter_misc":{"Tiempo de lectura":"2 minutos"},"schema":{"@context":"https:\/\/schema.org","@graph":[{"@type":"WebPage","@id":"https:\/\/global-hookah.com\/it\/prodotto\/sherlock-holmes-calabash-pipe-2\/","url":"https:\/\/global-hookah.com\/it\/prodotto\/sherlock-holmes-calabash-pipe-2\/","name":"Pipa Sherlock Holmes Calabash - Global Hookah","isPartOf":{"@id":"https:\/\/global-hookah.com\/#website"},"primaryImageOfPage":{"@id":"https:\/\/global-hookah.com\/it\/prodotto\/sherlock-holmes-calabash-pipe-2\/#primaryimage"},"image":{"@id":"https:\/\/global-hookah.com\/it\/prodotto\/sherlock-holmes-calabash-pipe-2\/#primaryimage"},"thumbnailUrl":"https:\/\/global-hookah.com\/wp-content\/uploads\/2023\/11\/MUXIANG-Classic-Sherlock-Holmes-Calabash-pipe-smoking-large-curved-handle-pipe-bowl-removable-briar-handmade-tobacco.webp","datePublished":"2023-11-16T02:11:38+00:00","dateModified":"2024-03-13T00:27:47+00:00","breadcrumb":{"@id":"https:\/\/global-hookah.com\/it\/prodotto\/sherlock-holmes-calabash-pipe-2\/#breadcrumb"},"inLanguage":"es","potentialAction":[{"@type":"ReadAction","target":["https:\/\/global-hookah.com\/it\/prodotto\/sherlock-holmes-calabash-pipe-2\/"]}]},{"@type":"ImageObject","inLanguage":"es","@id":"https:\/\/global-hookah.com\/it\/prodotto\/sherlock-holmes-calabash-pipe-2\/#primaryimage","url":"https:\/\/global-hookah.com\/wp-content\/uploads\/2023\/11\/MUXIANG-Classic-Sherlock-Holmes-Calabash-pipe-smoking-large-curved-handle-pipe-bowl-removable-briar-handmade-tobacco.webp","contentUrl":"https:\/\/global-hookah.com\/wp-content\/uploads\/2023\/11\/MUXIANG-Classic-Sherlock-Holmes-Calabash-pipe-smoking-large-curved-handle-pipe-bowl-removable-briar-handmade-tobacco.webp","width":1000,"height":1000,"caption":"Sherlock Holmes Calabash Pipe"},{"@type":"BreadcrumbList","@id":"https:\/\/global-hookah.com\/it\/prodotto\/sherlock-holmes-calabash-pipe-2\/#breadcrumb","itemListElement":[{"@type":"ListItem","position":1,"name":"Home","item":"https:\/\/global-hookah.com\/"},{"@type":"ListItem","position":2,"name":"Shop","item":"https:\/\/global-hookah.com\/shop\/"},{"@type":"ListItem","position":3,"name":"Sherlock Holmes Calabash Pipe"}]},{"@type":"WebSite","@id":"https:\/\/global-hookah.com\/#website","url":"https:\/\/global-hookah.com\/","name":"Global Hookah","description":"Global Hookah","publisher":{"@id":"https:\/\/global-hookah.com\/#organization"},"potentialAction":[{"@type":"SearchAction","target":{"@type":"EntryPoint","urlTemplate":"https:\/\/global-hookah.com\/?s={search_term_string}"},"query-input":{"@type":"PropertyValueSpecification","valueRequired":true,"valueName":"search_term_string"}}],"inLanguage":"es"},{"@type":"Organization","@id":"https:\/\/global-hookah.com\/#organization","name":"Global Hookah","url":"https:\/\/global-hookah.com\/","logo":{"@type":"ImageObject","inLanguage":"es","@id":"https:\/\/global-hookah.com\/#\/schema\/logo\/image\/","url":"https:\/\/global-hookah.com\/wp-content\/uploads\/2021\/10\/cropped-fgg.png","contentUrl":"https:\/\/global-hookah.com\/wp-content\/uploads\/2021\/10\/cropped-fgg.png","width":512,"height":512,"caption":"Global Hookah"},"image":{"@id":"https:\/\/global-hookah.com\/#\/schema\/logo\/image\/"}}]}},"_links":{"self":[{"href":"https:\/\/global-hookah.com\/es\/wp-json\/wp\/v2\/product\/16044","targetHints":{"allow":["GET"]}}],"collection":[{"href":"https:\/\/global-hookah.com\/es\/wp-json\/wp\/v2\/product"}],"about":[{"href":"https:\/\/global-hookah.com\/es\/wp-json\/wp\/v2\/types\/product"}],"replies":[{"embeddable":true,"href":"https:\/\/global-hookah.com\/es\/wp-json\/wp\/v2\/comments?post=16044"}],"version-history":[{"count":0,"href":"https:\/\/global-hookah.com\/es\/wp-json\/wp\/v2\/product\/16044\/revisions"}],"wp:featuredmedia":[{"embeddable":true,"href":"https:\/\/global-hookah.com\/es\/wp-json\/wp\/v2\/media\/16045"}],"wp:attachment":[{"href":"https:\/\/global-hookah.com\/es\/wp-json\/wp\/v2\/media?parent=16044"}],"wp:term":[{"taxonomy":"product_brand","embeddable":true,"href":"https:\/\/global-hookah.com\/es\/wp-json\/wp\/v2\/product_brand?post=16044"},{"taxonomy":"product_cat","embeddable":true,"href":"https:\/\/global-hookah.com\/es\/wp-json\/wp\/v2\/product_cat?post=16044"},{"taxonomy":"product_tag","embeddable":true,"href":"https:\/\/global-hookah.com\/es\/wp-json\/wp\/v2\/product_tag?post=16044"}],"curies":[{"name":"wp","href":"https:\/\/api.w.org\/{rel}","templated":true}]}}