{"id":16053,"date":"2023-11-16T02:14:16","date_gmt":"2023-11-16T02:14:16","guid":{"rendered":"https:\/\/global-hookah.com\/product\/vintage-style-handmade-bulldog-style-pipe\/"},"modified":"2024-03-13T00:27:47","modified_gmt":"2024-03-13T00:27:47","slug":"vintage-style-handmade-bulldog-style-pipe","status":"publish","type":"product","link":"https:\/\/global-hookah.com\/es\/producto\/vintage-style-handmade-bulldog-style-pipe\/","title":{"rendered":"Pipa Bulldog estilo vintage hecha a mano"},"content":{"rendered":"<p>Equipado con anillos gemelos de n\u00edquel, de forma cl\u00e1sica <strong>Pipa Bulldog estilo vintage<\/strong> presenta una cazoleta Bulldog recta hecha a mano con madera de brezo de calidad, el <strong>Pipa Bulldog estilo vintage<\/strong> de esta serie presentan una banda acr\u00edlica de tonos chocolate y caramelo arremolinados, que acent\u00faa la uni\u00f3n entre la tija y el mango. Una tija de vulcanita negra se extiende desde el brezo de color ceniza, su textura mate y su broca recta crean una sensaci\u00f3n c\u00f3moda en la boca al fumar. Una versi\u00f3n cl\u00e1sica y moderna del ic\u00f3nico Bulldog, que ofrece las formas atemporales del dise\u00f1o pero en un formato compacto que acent\u00faa el car\u00e1cter de la marca. <strong>Pipas Bulldog estilo vintage<\/strong> proporciones robustas y favorece una c\u00f3moda portabilidad. El sitio <strong>Pipas Bulldog estilo vintage<\/strong> La forma c\u00f3nica de la cazoleta favorece una correcta salida del humo, mientras que la amplia c\u00e1mara ofrece espacio para envasar una gran cantidad de tabaco.<\/p>\n<p>Esta serie viene con 3 selecciones:<\/p>\n<ol>\n<li>Bulldog parcialmente r\u00fastico: Este ejemplo en particular lleva un acabado arenado, que ofrece una textura rugosa y una personalidad r\u00fastica.<\/li>\n<li>Bulldog liso de terracota: Este Bulldog representa una forma mucho m\u00e1s audaz y estructurada, ostenta un atractivo formal y vintage, similar al motivo de la pipa de vestir en negro y cromo, pero con una personalidad m\u00e1s colorida.<\/li>\n<li>Bulldog Liso Casta\u00f1o: Esta pieza se viste con un tinte casta\u00f1o, que evoca el estilo de las boquillas de principios del siglo XX. Acent\u00faa el motivo vintage, creando una est\u00e9tica totalmente retro.<\/li>\n<\/ol>\n<div class=\"product-specs-list-container\">\n<ul class=\"product-specs-list util-clearfix\">\n<li><span class=\"property-title\">Material: Briard <\/span><span class=\"property-desc line-limit-length\">madera+ Vulcanita<\/span><\/li>\n<li class=\"product-prop line-limit-length\"><span class=\"property-title\">Forma:\u00a0<\/span><span class=\"property-desc line-limit-length\">Tipo recto<\/span><\/li>\n<li>Acabado: R\u00fastico\/Liso<\/li>\n<li class=\"product-prop line-limit-length\"><span class=\"property-title\">N\u00famero de modelo:\u00a0<\/span><span class=\"property-desc line-limit-length\">p3330<\/span><\/li>\n<li class=\"product-prop line-limit-length\">tipo: <a href=\"https:\/\/global-hookah.com\/product-category\/tobacco-pipe\/handmade-pipe\/\">Pipas artesanales de brezo<\/a><\/li>\n<\/ul>\n<\/div>\n<p><img decoding=\"async\" src=\"https:\/\/ae01.alicdn.com\/kf\/Sbee6a328c9284a9c9f3d02de9067be8fh.jpg\" \/><img decoding=\"async\" src=\"https:\/\/ae01.alicdn.com\/kf\/S2ebffe4470e2455599c631db093e53fcz.jpg\" \/><img decoding=\"async\" src=\"https:\/\/ae01.alicdn.com\/kf\/S9b52b27443f545c8b29e77e2c139326bh.jpg\" \/><img decoding=\"async\" src=\"https:\/\/ae01.alicdn.com\/kf\/Sd34808fa4bcb4ce892fc97101d46d745y.jpg\" \/><img decoding=\"async\" src=\"https:\/\/ae01.alicdn.com\/kf\/S0aa3fb7105bf4fe090aa90e237464a93E.jpg\" \/><img decoding=\"async\" src=\"https:\/\/ae01.alicdn.com\/kf\/S703e63a616014165bb60fda48b17545c6.jpg\" \/><img decoding=\"async\" src=\"https:\/\/ae01.alicdn.com\/kf\/S6669bf7263514e30aeaadef24ee1b2eeq.jpg\" \/><img decoding=\"async\" src=\"https:\/\/ae01.alicdn.com\/kf\/S3df8125306ec4d4687e92625ee411fe83.jpg\" \/><img decoding=\"async\" src=\"https:\/\/ae01.alicdn.com\/kf\/S723ad16e08f44e37898cf45d87f05f53h.jpg\" \/><img decoding=\"async\" src=\"https:\/\/ae01.alicdn.com\/kf\/S1dd42fb2db1b4bdea0df6b161c751dedq.jpg\" \/><img decoding=\"async\" src=\"https:\/\/ae01.alicdn.com\/kf\/S1c82e8a2ff0041c2b445d8c908c44a30d.jpg\" \/><img decoding=\"async\" src=\"https:\/\/ae01.alicdn.com\/kf\/S1692508cdb584f31bcd18f63d2eb294b8.jpg\" \/><img decoding=\"async\" src=\"https:\/\/ae01.alicdn.com\/kf\/Sb14e807e919c433fabc2d16f2316baffN.jpg\" \/><img decoding=\"async\" src=\"https:\/\/ae01.alicdn.com\/kf\/Sa34d60f5d3dc450a8b3c56866df38456V.jpg\" \/><img decoding=\"async\" src=\"https:\/\/ae01.alicdn.com\/kf\/Sc556e80c0db64d34849b0331cc704346O.jpg\" \/><img decoding=\"async\" src=\"https:\/\/ae01.alicdn.com\/kf\/S9597683b49164c0694a3eb310af686f1z.jpg\" \/><img decoding=\"async\" src=\"https:\/\/ae01.alicdn.com\/kf\/S48feb8b9327049788e2e3804f7e259916.jpg\" \/><img decoding=\"async\" src=\"https:\/\/ae01.alicdn.com\/kf\/Scc0bb12354414607ad662d97e63216e50.jpg\" \/><img decoding=\"async\" src=\"https:\/\/ae01.alicdn.com\/kf\/Sa91bb6d4670b401b98dd1dd06b33f9efY.jpg\" \/><img decoding=\"async\" src=\"https:\/\/ae01.alicdn.com\/kf\/S0f18f4532da64fbb9bfe6ed558565398W.jpg\" \/><\/p>","protected":false},"excerpt":{"rendered":"<p>Equipada con dos anillos de n\u00edquel, la cl\u00e1sica pipa Bulldog Vintage Style tiene una cazoleta Bulldog recta fabricada con materiales de alta calidad.<\/p>","protected":false},"featured_media":16054,"comment_status":"open","ping_status":"closed","template":"","meta":{"iawp_total_views":1,"_joinchat":[]},"product_brand":[],"product_cat":[577,478],"product_tag":[],"class_list":{"0":"post-16053","1":"product","2":"type-product","3":"status-publish","4":"has-post-thumbnail","6":"product_cat-bulldog-pipe","7":"product_cat-handmade-pipe","9":"first","10":"instock","11":"sale","12":"shipping-taxable","13":"purchasable","14":"product-type-variable"},"yoast_head":"<!-- This site is optimized with the Yoast SEO Premium plugin v24.7 (Yoast SEO v26.8) - https:\/\/yoast.com\/product\/yoast-seo-premium-wordpress\/ -->\n<title>Handmade Vintage Style Bulldog Pipe - Global Hookah<\/title>\n<meta name=\"robots\" content=\"index, follow, max-snippet:-1, max-image-preview:large, max-video-preview:-1\" \/>\n<link rel=\"canonical\" href=\"https:\/\/global-hookah.com\/es\/pt\/produto\/cachimbo-estilo-vintage-handmade-bulldog\/\" \/>\n<meta property=\"og:locale\" content=\"es_ES\" \/>\n<meta property=\"og:type\" content=\"article\" \/>\n<meta property=\"og:title\" content=\"Handmade Vintage Style Bulldog Pipe\" \/>\n<meta property=\"og:description\" content=\"Fitted with twin rings of nickel, classically shaped Vintage Style Bulldog Pipe features a straight Bulldog bowl crafted from quality\" \/>\n<meta property=\"og:url\" content=\"https:\/\/global-hookah.com\/es\/pt\/produto\/cachimbo-estilo-vintage-handmade-bulldog\/\" \/>\n<meta property=\"og:site_name\" content=\"Global Hookah\" \/>\n<meta property=\"article:modified_time\" content=\"2024-03-13T00:27:47+00:00\" \/>\n<meta property=\"og:image\" content=\"https:\/\/global-hookah.com\/wp-content\/uploads\/2023\/11\/Bulldog-Briar-Wood-3mm-Filter-Cut-Tobacco-Pipe-Retro-Gentleman-Straight-Type-Handmade-Smoking-Pipe-With.webp\" \/>\n\t<meta property=\"og:image:width\" content=\"1440\" \/>\n\t<meta property=\"og:image:height\" content=\"1440\" \/>\n\t<meta property=\"og:image:type\" content=\"image\/webp\" \/>\n<meta name=\"twitter:card\" content=\"summary_large_image\" \/>\n<meta name=\"twitter:label1\" content=\"Tiempo de lectura\" \/>\n\t<meta name=\"twitter:data1\" content=\"5 minutos\" \/>\n<script type=\"application\/ld+json\" class=\"yoast-schema-graph\">{\"@context\":\"https:\/\/schema.org\",\"@graph\":[{\"@type\":\"WebPage\",\"@id\":\"https:\/\/global-hookah.com\/pt\/produto\/cachimbo-estilo-vintage-handmade-bulldog\/\",\"url\":\"https:\/\/global-hookah.com\/pt\/produto\/cachimbo-estilo-vintage-handmade-bulldog\/\",\"name\":\"Handmade Vintage Style Bulldog Pipe - Global Hookah\",\"isPartOf\":{\"@id\":\"https:\/\/global-hookah.com\/#website\"},\"primaryImageOfPage\":{\"@id\":\"https:\/\/global-hookah.com\/pt\/produto\/cachimbo-estilo-vintage-handmade-bulldog\/#primaryimage\"},\"image\":{\"@id\":\"https:\/\/global-hookah.com\/pt\/produto\/cachimbo-estilo-vintage-handmade-bulldog\/#primaryimage\"},\"thumbnailUrl\":\"https:\/\/global-hookah.com\/wp-content\/uploads\/2023\/11\/Bulldog-Briar-Wood-3mm-Filter-Cut-Tobacco-Pipe-Retro-Gentleman-Straight-Type-Handmade-Smoking-Pipe-With.webp\",\"datePublished\":\"2023-11-16T02:14:16+00:00\",\"dateModified\":\"2024-03-13T00:27:47+00:00\",\"breadcrumb\":{\"@id\":\"https:\/\/global-hookah.com\/pt\/produto\/cachimbo-estilo-vintage-handmade-bulldog\/#breadcrumb\"},\"inLanguage\":\"es\",\"potentialAction\":[{\"@type\":\"ReadAction\",\"target\":[\"https:\/\/global-hookah.com\/pt\/produto\/cachimbo-estilo-vintage-handmade-bulldog\/\"]}]},{\"@type\":\"ImageObject\",\"inLanguage\":\"es\",\"@id\":\"https:\/\/global-hookah.com\/pt\/produto\/cachimbo-estilo-vintage-handmade-bulldog\/#primaryimage\",\"url\":\"https:\/\/global-hookah.com\/wp-content\/uploads\/2023\/11\/Bulldog-Briar-Wood-3mm-Filter-Cut-Tobacco-Pipe-Retro-Gentleman-Straight-Type-Handmade-Smoking-Pipe-With.webp\",\"contentUrl\":\"https:\/\/global-hookah.com\/wp-content\/uploads\/2023\/11\/Bulldog-Briar-Wood-3mm-Filter-Cut-Tobacco-Pipe-Retro-Gentleman-Straight-Type-Handmade-Smoking-Pipe-With.webp\",\"width\":1440,\"height\":1440,\"caption\":\"Vintage Style Bulldog Pipe\"},{\"@type\":\"BreadcrumbList\",\"@id\":\"https:\/\/global-hookah.com\/pt\/produto\/cachimbo-estilo-vintage-handmade-bulldog\/#breadcrumb\",\"itemListElement\":[{\"@type\":\"ListItem\",\"position\":1,\"name\":\"Home\",\"item\":\"https:\/\/global-hookah.com\/\"},{\"@type\":\"ListItem\",\"position\":2,\"name\":\"Shop\",\"item\":\"https:\/\/global-hookah.com\/shop\/\"},{\"@type\":\"ListItem\",\"position\":3,\"name\":\"Handmade Vintage Style Bulldog Pipe\"}]},{\"@type\":\"WebSite\",\"@id\":\"https:\/\/global-hookah.com\/#website\",\"url\":\"https:\/\/global-hookah.com\/\",\"name\":\"Global Hookah\",\"description\":\"Global Hookah\",\"publisher\":{\"@id\":\"https:\/\/global-hookah.com\/#organization\"},\"potentialAction\":[{\"@type\":\"SearchAction\",\"target\":{\"@type\":\"EntryPoint\",\"urlTemplate\":\"https:\/\/global-hookah.com\/?s={search_term_string}\"},\"query-input\":{\"@type\":\"PropertyValueSpecification\",\"valueRequired\":true,\"valueName\":\"search_term_string\"}}],\"inLanguage\":\"es\"},{\"@type\":\"Organization\",\"@id\":\"https:\/\/global-hookah.com\/#organization\",\"name\":\"Global Hookah\",\"url\":\"https:\/\/global-hookah.com\/\",\"logo\":{\"@type\":\"ImageObject\",\"inLanguage\":\"es\",\"@id\":\"https:\/\/global-hookah.com\/#\/schema\/logo\/image\/\",\"url\":\"https:\/\/global-hookah.com\/wp-content\/uploads\/2021\/10\/cropped-fgg.png\",\"contentUrl\":\"https:\/\/global-hookah.com\/wp-content\/uploads\/2021\/10\/cropped-fgg.png\",\"width\":512,\"height\":512,\"caption\":\"Global Hookah\"},\"image\":{\"@id\":\"https:\/\/global-hookah.com\/#\/schema\/logo\/image\/\"}}]}<\/script>\n<!-- \/ Yoast SEO Premium plugin. -->","yoast_head_json":{"title":"Pipa Bulldog Estilo Vintage Hecha a Mano - Global Hookah","robots":{"index":"index","follow":"follow","max-snippet":"max-snippet:-1","max-image-preview":"max-image-preview:large","max-video-preview":"max-video-preview:-1"},"canonical":"https:\/\/global-hookah.com\/es\/pt\/produto\/cachimbo-estilo-vintage-handmade-bulldog\/","og_locale":"es_ES","og_type":"article","og_title":"Handmade Vintage Style Bulldog Pipe","og_description":"Fitted with twin rings of nickel, classically shaped Vintage Style Bulldog Pipe features a straight Bulldog bowl crafted from quality","og_url":"https:\/\/global-hookah.com\/es\/pt\/produto\/cachimbo-estilo-vintage-handmade-bulldog\/","og_site_name":"Global Hookah","article_modified_time":"2024-03-13T00:27:47+00:00","og_image":[{"width":1440,"height":1440,"url":"https:\/\/global-hookah.com\/wp-content\/uploads\/2023\/11\/Bulldog-Briar-Wood-3mm-Filter-Cut-Tobacco-Pipe-Retro-Gentleman-Straight-Type-Handmade-Smoking-Pipe-With.webp","type":"image\/webp"}],"twitter_card":"summary_large_image","twitter_misc":{"Tiempo de lectura":"5 minutos"},"schema":{"@context":"https:\/\/schema.org","@graph":[{"@type":"WebPage","@id":"https:\/\/global-hookah.com\/pt\/produto\/cachimbo-estilo-vintage-handmade-bulldog\/","url":"https:\/\/global-hookah.com\/pt\/produto\/cachimbo-estilo-vintage-handmade-bulldog\/","name":"Pipa Bulldog Estilo Vintage Hecha a Mano - Global Hookah","isPartOf":{"@id":"https:\/\/global-hookah.com\/#website"},"primaryImageOfPage":{"@id":"https:\/\/global-hookah.com\/pt\/produto\/cachimbo-estilo-vintage-handmade-bulldog\/#primaryimage"},"image":{"@id":"https:\/\/global-hookah.com\/pt\/produto\/cachimbo-estilo-vintage-handmade-bulldog\/#primaryimage"},"thumbnailUrl":"https:\/\/global-hookah.com\/wp-content\/uploads\/2023\/11\/Bulldog-Briar-Wood-3mm-Filter-Cut-Tobacco-Pipe-Retro-Gentleman-Straight-Type-Handmade-Smoking-Pipe-With.webp","datePublished":"2023-11-16T02:14:16+00:00","dateModified":"2024-03-13T00:27:47+00:00","breadcrumb":{"@id":"https:\/\/global-hookah.com\/pt\/produto\/cachimbo-estilo-vintage-handmade-bulldog\/#breadcrumb"},"inLanguage":"es","potentialAction":[{"@type":"ReadAction","target":["https:\/\/global-hookah.com\/pt\/produto\/cachimbo-estilo-vintage-handmade-bulldog\/"]}]},{"@type":"ImageObject","inLanguage":"es","@id":"https:\/\/global-hookah.com\/pt\/produto\/cachimbo-estilo-vintage-handmade-bulldog\/#primaryimage","url":"https:\/\/global-hookah.com\/wp-content\/uploads\/2023\/11\/Bulldog-Briar-Wood-3mm-Filter-Cut-Tobacco-Pipe-Retro-Gentleman-Straight-Type-Handmade-Smoking-Pipe-With.webp","contentUrl":"https:\/\/global-hookah.com\/wp-content\/uploads\/2023\/11\/Bulldog-Briar-Wood-3mm-Filter-Cut-Tobacco-Pipe-Retro-Gentleman-Straight-Type-Handmade-Smoking-Pipe-With.webp","width":1440,"height":1440,"caption":"Vintage Style Bulldog Pipe"},{"@type":"BreadcrumbList","@id":"https:\/\/global-hookah.com\/pt\/produto\/cachimbo-estilo-vintage-handmade-bulldog\/#breadcrumb","itemListElement":[{"@type":"ListItem","position":1,"name":"Home","item":"https:\/\/global-hookah.com\/"},{"@type":"ListItem","position":2,"name":"Shop","item":"https:\/\/global-hookah.com\/shop\/"},{"@type":"ListItem","position":3,"name":"Handmade Vintage Style Bulldog Pipe"}]},{"@type":"WebSite","@id":"https:\/\/global-hookah.com\/#website","url":"https:\/\/global-hookah.com\/","name":"Global Hookah","description":"Global Hookah","publisher":{"@id":"https:\/\/global-hookah.com\/#organization"},"potentialAction":[{"@type":"SearchAction","target":{"@type":"EntryPoint","urlTemplate":"https:\/\/global-hookah.com\/?s={search_term_string}"},"query-input":{"@type":"PropertyValueSpecification","valueRequired":true,"valueName":"search_term_string"}}],"inLanguage":"es"},{"@type":"Organization","@id":"https:\/\/global-hookah.com\/#organization","name":"Global Hookah","url":"https:\/\/global-hookah.com\/","logo":{"@type":"ImageObject","inLanguage":"es","@id":"https:\/\/global-hookah.com\/#\/schema\/logo\/image\/","url":"https:\/\/global-hookah.com\/wp-content\/uploads\/2021\/10\/cropped-fgg.png","contentUrl":"https:\/\/global-hookah.com\/wp-content\/uploads\/2021\/10\/cropped-fgg.png","width":512,"height":512,"caption":"Global Hookah"},"image":{"@id":"https:\/\/global-hookah.com\/#\/schema\/logo\/image\/"}}]}},"_links":{"self":[{"href":"https:\/\/global-hookah.com\/es\/wp-json\/wp\/v2\/product\/16053","targetHints":{"allow":["GET"]}}],"collection":[{"href":"https:\/\/global-hookah.com\/es\/wp-json\/wp\/v2\/product"}],"about":[{"href":"https:\/\/global-hookah.com\/es\/wp-json\/wp\/v2\/types\/product"}],"replies":[{"embeddable":true,"href":"https:\/\/global-hookah.com\/es\/wp-json\/wp\/v2\/comments?post=16053"}],"version-history":[{"count":0,"href":"https:\/\/global-hookah.com\/es\/wp-json\/wp\/v2\/product\/16053\/revisions"}],"wp:featuredmedia":[{"embeddable":true,"href":"https:\/\/global-hookah.com\/es\/wp-json\/wp\/v2\/media\/16054"}],"wp:attachment":[{"href":"https:\/\/global-hookah.com\/es\/wp-json\/wp\/v2\/media?parent=16053"}],"wp:term":[{"taxonomy":"product_brand","embeddable":true,"href":"https:\/\/global-hookah.com\/es\/wp-json\/wp\/v2\/product_brand?post=16053"},{"taxonomy":"product_cat","embeddable":true,"href":"https:\/\/global-hookah.com\/es\/wp-json\/wp\/v2\/product_cat?post=16053"},{"taxonomy":"product_tag","embeddable":true,"href":"https:\/\/global-hookah.com\/es\/wp-json\/wp\/v2\/product_tag?post=16053"}],"curies":[{"name":"wp","href":"https:\/\/api.w.org\/{rel}","templated":true}]}}