{"id":16064,"date":"2023-11-16T02:17:52","date_gmt":"2023-11-16T02:17:52","guid":{"rendered":"https:\/\/global-hookah.com\/product\/handmade-briar-tomato-pipe\/"},"modified":"2024-03-13T00:27:36","modified_gmt":"2024-03-13T00:27:36","slug":"handmade-briar-tomato-pipe","status":"publish","type":"product","link":"https:\/\/global-hookah.com\/es\/producto\/handmade-briar-tomato-pipe\/","title":{"rendered":"Pipa de tomate de brezo hecha a mano"},"content":{"rendered":"<p>Elaborado con un exquisito brezo, este <strong>Pipa de tomate de brezo hecha a mano<\/strong> presenta un cuenco Tomate Liso o R\u00fastico tallado en madera de brezo bellamente veteada. Este <strong>pipa de brezo petite pocket<\/strong> ha sido expertamente trabajada para crear una superficie t\u00e1ctil y aterciopelada que se adapta c\u00f3modamente a la palma de la mano. De la cazoleta sale un mango corto de cuerno negro y rubio, pulido y frotado a mano, y v\u00e1stago de vulcanita. El v\u00e1stago c\u00f3nico termina en una peque\u00f1a broca para agarrarlo con los dientes apretados. Aunque de tama\u00f1o diminuto, el H<strong>andmade Briar Tomato Pipe's<\/strong> La calada se ha dise\u00f1ado con precisi\u00f3n para que el humo fluya de forma \u00f3ptima a trav\u00e9s de la peque\u00f1a c\u00e1mara de tabaco. Esta combinaci\u00f3n de tama\u00f1o diminuto y funci\u00f3n pr\u00e1ctica la convierte en la compa\u00f1era de bolsillo ideal para disfrutar del tabaco sobre la marcha. Acabado liso o r\u00fastico, seg\u00fan prefiera.<\/p>\n<div class=\"product-specs-list-container\">\n<ul class=\"product-specs-list util-clearfix\">\n<li class=\"product-prop line-limit-length\"><span class=\"property-title\">Material: Zarza<\/span><span class=\"property-desc line-limit-length\">madera+Vulcanita+Cuerno<\/span><\/li>\n<li class=\"product-prop line-limit-length\"><span class=\"property-title\">N\u00famero de modelo:\u00a0<\/span><span class=\"property-desc line-limit-length\">Fa10059q1c1k<\/span><\/li>\n<li class=\"product-prop line-limit-length\">Tipo: <a href=\"https:\/\/global-hookah.com\/product-category\/tobacco-pipe\/handmade-pipe\/\">Pipa hecha a mano<\/a><\/li>\n<li class=\"product-prop line-limit-length\"><span class=\"property-title\">Origen:\u00a0<\/span><span class=\"property-desc line-limit-length\">China continental<\/span><\/li>\n<\/ul>\n<\/div>\n<p><img decoding=\"async\" src=\"https:\/\/ae01.alicdn.com\/kf\/Sc7e42164590049f3bc84f0b55083bee5Y.jpg\" \/><img decoding=\"async\" src=\"https:\/\/ae01.alicdn.com\/kf\/S38a9eba89cfd4fe0ad4e8c2b2395288b1.jpg\" \/><img decoding=\"async\" src=\"https:\/\/ae01.alicdn.com\/kf\/S6f0eeb09303548d19a3ea223f8d5e666s.jpg\" \/><img decoding=\"async\" src=\"https:\/\/ae01.alicdn.com\/kf\/S301f0c8c16bb4a8a89288b7092507f6a6.jpg\" \/><img decoding=\"async\" src=\"https:\/\/ae01.alicdn.com\/kf\/Sd84d0ede80c443ebba5d415a1382ea10m.jpg\" \/><img decoding=\"async\" src=\"https:\/\/ae01.alicdn.com\/kf\/Sd225fc8d3ff544c69f7b46977fb1e4daH.jpg\" \/><img decoding=\"async\" src=\"https:\/\/ae01.alicdn.com\/kf\/Sdeece024ebb8495ca1b33330da2d0b9bD.jpg\" \/><img decoding=\"async\" src=\"https:\/\/ae01.alicdn.com\/kf\/S61254f15f5d74937a4b4c82f817f278f8.jpg\" \/><\/p>","protected":false},"excerpt":{"rendered":"<p>Hecha de exquisito brezo, esta Pipa de Tomate de Brezo hecha a mano presenta una cazoleta de Tomate Liso o R\u00fastico tallada en un bello veteado.<\/p>","protected":false},"featured_media":16065,"comment_status":"open","ping_status":"closed","template":"","meta":{"iawp_total_views":1,"_joinchat":[]},"product_brand":[],"product_cat":[480,478,578],"product_tag":[],"class_list":{"0":"post-16064","1":"product","2":"type-product","3":"status-publish","4":"has-post-thumbnail","6":"product_cat-briar-pipe","7":"product_cat-handmade-pipe","8":"product_cat-tomato-pipe","10":"first","11":"instock","12":"sale","13":"shipping-taxable","14":"purchasable","15":"product-type-variable"},"yoast_head":"<!-- This site is optimized with the Yoast SEO Premium plugin v24.7 (Yoast SEO v26.8) - https:\/\/yoast.com\/product\/yoast-seo-premium-wordpress\/ -->\n<title>Handmade Briar Tomato Pipe - Global Hookah<\/title>\n<meta name=\"robots\" content=\"index, follow, max-snippet:-1, max-image-preview:large, max-video-preview:-1\" \/>\n<link rel=\"canonical\" href=\"https:\/\/global-hookah.com\/es\/producto\/handmade-briar-tomato-pipe\/\" \/>\n<meta property=\"og:locale\" content=\"es_ES\" \/>\n<meta property=\"og:type\" content=\"article\" \/>\n<meta property=\"og:title\" content=\"Handmade Briar Tomato Pipe\" \/>\n<meta property=\"og:description\" content=\"Crafted from exquisite briar, this Handmade Briar Tomato Pipe features a Smooth or Rustic Tomato bowl carved from beautifully grained\" \/>\n<meta property=\"og:url\" content=\"https:\/\/global-hookah.com\/es\/producto\/handmade-briar-tomato-pipe\/\" \/>\n<meta property=\"og:site_name\" content=\"Global Hookah\" \/>\n<meta property=\"article:modified_time\" content=\"2024-03-13T00:27:36+00:00\" \/>\n<meta property=\"og:image\" content=\"https:\/\/global-hookah.com\/wp-content\/uploads\/2023\/11\/MUXIANG-hollow-large-chamber-Heather-tobacco-pipe-Handmade-wood-pipe-length-131mm-bowl-diameter-20mm-bowl.webp\" \/>\n\t<meta property=\"og:image:width\" content=\"1000\" \/>\n\t<meta property=\"og:image:height\" content=\"1000\" \/>\n\t<meta property=\"og:image:type\" content=\"image\/webp\" \/>\n<meta name=\"twitter:card\" content=\"summary_large_image\" \/>\n<meta name=\"twitter:label1\" content=\"Tiempo de lectura\" \/>\n\t<meta name=\"twitter:data1\" content=\"3 minutos\" \/>\n<script type=\"application\/ld+json\" class=\"yoast-schema-graph\">{\"@context\":\"https:\/\/schema.org\",\"@graph\":[{\"@type\":\"WebPage\",\"@id\":\"https:\/\/global-hookah.com\/es\/producto\/handmade-briar-tomato-pipe\/\",\"url\":\"https:\/\/global-hookah.com\/es\/producto\/handmade-briar-tomato-pipe\/\",\"name\":\"Handmade Briar Tomato Pipe - Global Hookah\",\"isPartOf\":{\"@id\":\"https:\/\/global-hookah.com\/#website\"},\"primaryImageOfPage\":{\"@id\":\"https:\/\/global-hookah.com\/es\/producto\/handmade-briar-tomato-pipe\/#primaryimage\"},\"image\":{\"@id\":\"https:\/\/global-hookah.com\/es\/producto\/handmade-briar-tomato-pipe\/#primaryimage\"},\"thumbnailUrl\":\"https:\/\/global-hookah.com\/wp-content\/uploads\/2023\/11\/MUXIANG-hollow-large-chamber-Heather-tobacco-pipe-Handmade-wood-pipe-length-131mm-bowl-diameter-20mm-bowl.webp\",\"datePublished\":\"2023-11-16T02:17:52+00:00\",\"dateModified\":\"2024-03-13T00:27:36+00:00\",\"breadcrumb\":{\"@id\":\"https:\/\/global-hookah.com\/es\/producto\/handmade-briar-tomato-pipe\/#breadcrumb\"},\"inLanguage\":\"es\",\"potentialAction\":[{\"@type\":\"ReadAction\",\"target\":[\"https:\/\/global-hookah.com\/es\/producto\/handmade-briar-tomato-pipe\/\"]}]},{\"@type\":\"ImageObject\",\"inLanguage\":\"es\",\"@id\":\"https:\/\/global-hookah.com\/es\/producto\/handmade-briar-tomato-pipe\/#primaryimage\",\"url\":\"https:\/\/global-hookah.com\/wp-content\/uploads\/2023\/11\/MUXIANG-hollow-large-chamber-Heather-tobacco-pipe-Handmade-wood-pipe-length-131mm-bowl-diameter-20mm-bowl.webp\",\"contentUrl\":\"https:\/\/global-hookah.com\/wp-content\/uploads\/2023\/11\/MUXIANG-hollow-large-chamber-Heather-tobacco-pipe-Handmade-wood-pipe-length-131mm-bowl-diameter-20mm-bowl.webp\",\"width\":1000,\"height\":1000,\"caption\":\"Handmade Briar Tomato Pipe\"},{\"@type\":\"BreadcrumbList\",\"@id\":\"https:\/\/global-hookah.com\/es\/producto\/handmade-briar-tomato-pipe\/#breadcrumb\",\"itemListElement\":[{\"@type\":\"ListItem\",\"position\":1,\"name\":\"Home\",\"item\":\"https:\/\/global-hookah.com\/\"},{\"@type\":\"ListItem\",\"position\":2,\"name\":\"Shop\",\"item\":\"https:\/\/global-hookah.com\/shop\/\"},{\"@type\":\"ListItem\",\"position\":3,\"name\":\"Handmade Briar Tomato Pipe\"}]},{\"@type\":\"WebSite\",\"@id\":\"https:\/\/global-hookah.com\/#website\",\"url\":\"https:\/\/global-hookah.com\/\",\"name\":\"Global Hookah\",\"description\":\"Global Hookah\",\"publisher\":{\"@id\":\"https:\/\/global-hookah.com\/#organization\"},\"potentialAction\":[{\"@type\":\"SearchAction\",\"target\":{\"@type\":\"EntryPoint\",\"urlTemplate\":\"https:\/\/global-hookah.com\/?s={search_term_string}\"},\"query-input\":{\"@type\":\"PropertyValueSpecification\",\"valueRequired\":true,\"valueName\":\"search_term_string\"}}],\"inLanguage\":\"es\"},{\"@type\":\"Organization\",\"@id\":\"https:\/\/global-hookah.com\/#organization\",\"name\":\"Global Hookah\",\"url\":\"https:\/\/global-hookah.com\/\",\"logo\":{\"@type\":\"ImageObject\",\"inLanguage\":\"es\",\"@id\":\"https:\/\/global-hookah.com\/#\/schema\/logo\/image\/\",\"url\":\"https:\/\/global-hookah.com\/wp-content\/uploads\/2021\/10\/cropped-fgg.png\",\"contentUrl\":\"https:\/\/global-hookah.com\/wp-content\/uploads\/2021\/10\/cropped-fgg.png\",\"width\":512,\"height\":512,\"caption\":\"Global Hookah\"},\"image\":{\"@id\":\"https:\/\/global-hookah.com\/#\/schema\/logo\/image\/\"}}]}<\/script>\n<!-- \/ Yoast SEO Premium plugin. -->","yoast_head_json":{"title":"Pipa de tomate de brezo hecha a mano - Global Hookah","robots":{"index":"index","follow":"follow","max-snippet":"max-snippet:-1","max-image-preview":"max-image-preview:large","max-video-preview":"max-video-preview:-1"},"canonical":"https:\/\/global-hookah.com\/es\/producto\/handmade-briar-tomato-pipe\/","og_locale":"es_ES","og_type":"article","og_title":"Handmade Briar Tomato Pipe","og_description":"Crafted from exquisite briar, this Handmade Briar Tomato Pipe features a Smooth or Rustic Tomato bowl carved from beautifully grained","og_url":"https:\/\/global-hookah.com\/es\/producto\/handmade-briar-tomato-pipe\/","og_site_name":"Global Hookah","article_modified_time":"2024-03-13T00:27:36+00:00","og_image":[{"width":1000,"height":1000,"url":"https:\/\/global-hookah.com\/wp-content\/uploads\/2023\/11\/MUXIANG-hollow-large-chamber-Heather-tobacco-pipe-Handmade-wood-pipe-length-131mm-bowl-diameter-20mm-bowl.webp","type":"image\/webp"}],"twitter_card":"summary_large_image","twitter_misc":{"Tiempo de lectura":"3 minutos"},"schema":{"@context":"https:\/\/schema.org","@graph":[{"@type":"WebPage","@id":"https:\/\/global-hookah.com\/es\/producto\/handmade-briar-tomato-pipe\/","url":"https:\/\/global-hookah.com\/es\/producto\/handmade-briar-tomato-pipe\/","name":"Pipa de tomate de brezo hecha a mano - Global Hookah","isPartOf":{"@id":"https:\/\/global-hookah.com\/#website"},"primaryImageOfPage":{"@id":"https:\/\/global-hookah.com\/es\/producto\/handmade-briar-tomato-pipe\/#primaryimage"},"image":{"@id":"https:\/\/global-hookah.com\/es\/producto\/handmade-briar-tomato-pipe\/#primaryimage"},"thumbnailUrl":"https:\/\/global-hookah.com\/wp-content\/uploads\/2023\/11\/MUXIANG-hollow-large-chamber-Heather-tobacco-pipe-Handmade-wood-pipe-length-131mm-bowl-diameter-20mm-bowl.webp","datePublished":"2023-11-16T02:17:52+00:00","dateModified":"2024-03-13T00:27:36+00:00","breadcrumb":{"@id":"https:\/\/global-hookah.com\/es\/producto\/handmade-briar-tomato-pipe\/#breadcrumb"},"inLanguage":"es","potentialAction":[{"@type":"ReadAction","target":["https:\/\/global-hookah.com\/es\/producto\/handmade-briar-tomato-pipe\/"]}]},{"@type":"ImageObject","inLanguage":"es","@id":"https:\/\/global-hookah.com\/es\/producto\/handmade-briar-tomato-pipe\/#primaryimage","url":"https:\/\/global-hookah.com\/wp-content\/uploads\/2023\/11\/MUXIANG-hollow-large-chamber-Heather-tobacco-pipe-Handmade-wood-pipe-length-131mm-bowl-diameter-20mm-bowl.webp","contentUrl":"https:\/\/global-hookah.com\/wp-content\/uploads\/2023\/11\/MUXIANG-hollow-large-chamber-Heather-tobacco-pipe-Handmade-wood-pipe-length-131mm-bowl-diameter-20mm-bowl.webp","width":1000,"height":1000,"caption":"Handmade Briar Tomato Pipe"},{"@type":"BreadcrumbList","@id":"https:\/\/global-hookah.com\/es\/producto\/handmade-briar-tomato-pipe\/#breadcrumb","itemListElement":[{"@type":"ListItem","position":1,"name":"Home","item":"https:\/\/global-hookah.com\/"},{"@type":"ListItem","position":2,"name":"Shop","item":"https:\/\/global-hookah.com\/shop\/"},{"@type":"ListItem","position":3,"name":"Handmade Briar Tomato Pipe"}]},{"@type":"WebSite","@id":"https:\/\/global-hookah.com\/#website","url":"https:\/\/global-hookah.com\/","name":"Global Hookah","description":"Global Hookah","publisher":{"@id":"https:\/\/global-hookah.com\/#organization"},"potentialAction":[{"@type":"SearchAction","target":{"@type":"EntryPoint","urlTemplate":"https:\/\/global-hookah.com\/?s={search_term_string}"},"query-input":{"@type":"PropertyValueSpecification","valueRequired":true,"valueName":"search_term_string"}}],"inLanguage":"es"},{"@type":"Organization","@id":"https:\/\/global-hookah.com\/#organization","name":"Global Hookah","url":"https:\/\/global-hookah.com\/","logo":{"@type":"ImageObject","inLanguage":"es","@id":"https:\/\/global-hookah.com\/#\/schema\/logo\/image\/","url":"https:\/\/global-hookah.com\/wp-content\/uploads\/2021\/10\/cropped-fgg.png","contentUrl":"https:\/\/global-hookah.com\/wp-content\/uploads\/2021\/10\/cropped-fgg.png","width":512,"height":512,"caption":"Global Hookah"},"image":{"@id":"https:\/\/global-hookah.com\/#\/schema\/logo\/image\/"}}]}},"_links":{"self":[{"href":"https:\/\/global-hookah.com\/es\/wp-json\/wp\/v2\/product\/16064","targetHints":{"allow":["GET"]}}],"collection":[{"href":"https:\/\/global-hookah.com\/es\/wp-json\/wp\/v2\/product"}],"about":[{"href":"https:\/\/global-hookah.com\/es\/wp-json\/wp\/v2\/types\/product"}],"replies":[{"embeddable":true,"href":"https:\/\/global-hookah.com\/es\/wp-json\/wp\/v2\/comments?post=16064"}],"version-history":[{"count":0,"href":"https:\/\/global-hookah.com\/es\/wp-json\/wp\/v2\/product\/16064\/revisions"}],"wp:featuredmedia":[{"embeddable":true,"href":"https:\/\/global-hookah.com\/es\/wp-json\/wp\/v2\/media\/16065"}],"wp:attachment":[{"href":"https:\/\/global-hookah.com\/es\/wp-json\/wp\/v2\/media?parent=16064"}],"wp:term":[{"taxonomy":"product_brand","embeddable":true,"href":"https:\/\/global-hookah.com\/es\/wp-json\/wp\/v2\/product_brand?post=16064"},{"taxonomy":"product_cat","embeddable":true,"href":"https:\/\/global-hookah.com\/es\/wp-json\/wp\/v2\/product_cat?post=16064"},{"taxonomy":"product_tag","embeddable":true,"href":"https:\/\/global-hookah.com\/es\/wp-json\/wp\/v2\/product_tag?post=16064"}],"curies":[{"name":"wp","href":"https:\/\/api.w.org\/{rel}","templated":true}]}}