{"id":16075,"date":"2023-11-16T02:18:40","date_gmt":"2023-11-16T02:18:40","guid":{"rendered":"https:\/\/global-hookah.com\/product\/high-quality-handmade-briar-wood-smoking-pipe\/"},"modified":"2024-03-13T00:27:36","modified_gmt":"2024-03-13T00:27:36","slug":"high-quality-handmade-briar-wood-smoking-pipe","status":"publish","type":"product","link":"https:\/\/global-hookah.com\/es\/producto\/high-quality-handmade-briar-wood-smoking-pipe\/","title":{"rendered":"Pipa de fumar de madera de brezo de alta calidad hecha a mano"},"content":{"rendered":"<div class=\"product-specs-list-container\">\n<ul class=\"product-specs-list util-clearfix\">\n<li class=\"product-prop line-limit-length\"><span\n\t\t\t\t\t\t\t\t\tclass=\"property-title\">Forma:&nbsp;<\/span><span\n\t\t\t\t\t\t\t\t\tclass=\"property-desc line-limit-length\">Tipo doblado<\/span>\n\t\t\t\t\t\t<\/li>\n<li class=\"product-prop line-limit-length\"><span\n\t\t\t\t\t\t\t\t\tclass=\"property-title\">N\u00famero de modelo:&nbsp;<\/span><span\n\t\t\t\t\t\t\t\t\tclass=\"property-desc line-limit-length\">La50055a3y1k\/la50055a3y1x<\/span>\n\t\t\t\t\t\t<\/li>\n<li class=\"product-prop line-limit-length\"><span\n\t\t\t\t\t\t\t\t\tclass=\"property-title\">Material:&nbsp;<\/span><span\n\t\t\t\t\t\t\t\t\tclass=\"property-desc line-limit-length\">Madera<\/span>\n\t\t\t\t\t\t<\/li>\n<li class=\"product-prop line-limit-length\"><span\n\t\t\t\t\t\t\t\t\tclass=\"property-title\">Marca:&nbsp;<\/span><span\n\t\t\t\t\t\t\t\t\tclass=\"property-desc line-limit-length\">MUXIANG<\/span>\n\t\t\t\t\t\t<\/li>\n<li class=\"product-prop line-limit-length\"><span\n\t\t\t\t\t\t\t\t\tclass=\"property-title\">Origen:&nbsp;<\/span><span\n\t\t\t\t\t\t\t\t\tclass=\"property-desc line-limit-length\">China continental<\/span>\n\t\t\t\t\t\t<\/li>\n<li class=\"product-prop line-limit-length\"><span\n\t\t\t\t\t\t\t\t\tclass=\"property-title\">Es personalizado:&nbsp;<\/span><span\n\t\t\t\t\t\t\t\t\tclass=\"property-desc line-limit-length\">S\u00ed<\/span>\n\t\t\t\t\t\t<\/li>\n<li class=\"product-prop line-limit-length\"><span\n\t\t\t\t\t\t\t\t\tclass=\"property-title\">Origen:&nbsp;<\/span><span\n\t\t\t\t\t\t\t\t\tclass=\"property-desc line-limit-length\">Zhejiang, China (continental)<\/span>\n\t\t\t\t\t\t<\/li>\n<li class=\"product-prop line-limit-length\"><span\n\t\t\t\t\t\t\t\t\tclass=\"property-title\">Estilo:&nbsp;<\/span><span\n\t\t\t\t\t\t\t\t\tclass=\"property-desc line-limit-length\">Doblado<\/span>\n\t\t\t\t\t\t<\/li>\n<li class=\"product-prop line-limit-length\"><span\n\t\t\t\t\t\t\t\t\tclass=\"property-title\">Filtros:&nbsp;<\/span><span\n\t\t\t\t\t\t\t\t\tclass=\"property-desc line-limit-length\">Filtro de 3 mm<\/span>\n\t\t\t\t\t\t<\/li>\n<li class=\"product-prop line-limit-length\"><span\n\t\t\t\t\t\t\t\t\tclass=\"property-title\">Palabra clave:&nbsp;<\/span><span\n\t\t\t\t\t\t\t\t\tclass=\"property-desc line-limit-length\">pipa de fumar<\/span>\n\t\t\t\t\t\t<\/li>\n<li class=\"product-prop line-limit-length\"><span\n\t\t\t\t\t\t\t\t\tclass=\"property-title\">Palabras clave:&nbsp;<\/span><span\n\t\t\t\t\t\t\t\t\tclass=\"property-desc line-limit-length\">pipa de tabaco<\/span>\n\t\t\t\t\t\t<\/li>\n<\/ul><\/div>\n<p>\u3010Pipa de fumar de madera de brezo de alta calidad\u3011<\/p>\n<p><\/p>\n<p>\u25cf Hecho a mano por la parte superior italiana - Grado Briarwood<\/p>\n<p>\u25cf Dise\u00f1o de tipo doblado<\/p>\n<p>\u25cf M\u00e9todo de env\u00edo r\u00e1pido<\/p>\n<p>\u3010Informaci\u00f3n del producto\u3011<\/p>\n<p><\/p>\n<p>-[ Material-Tubo de madera de brezo ]<\/p>\n<p>\u25cf CUERPO DE LA TUBER\u00cdA:100% Briarwood<\/p>\n<p>\u25cf MATERIAL DE LA BOCA:Materiales acr\u00edlicos de grado alimentario de alta calidad.<\/p>\n<p><\/p>\n<p>-[ COLOR ]:Como muestra la imagen.<\/p>\n<p>\u25cf\u00a1Puede haber algunas diferencias entre el color real y la imagen debido a la diferente iluminaci\u00f3n de disparo y el proceso de producci\u00f3n!!!<\/p>\n<p>\u3010Detalles del producto\u3011<\/p>\n<p><\/p>\n<p>\u3010Preset Carbon Layer\u3011<\/p>\n<p><\/p>\n<p>La capa de carbono negro en el interior del tubo es la capa de carbono preestablecido, que desempe\u00f1a el papel de retardante de llama, aislamiento t\u00e9rmico y protecci\u00f3n de tuber\u00edas.<\/p>\n<p><\/p>\n<p>\u3010 Boquilla de acr\u00edlico\u3011<\/p>\n<p><\/p>\n<p>Material de calidad alimentaria, seguro y protegido, m\u00e1s c\u00f3modo de llevar<\/p>\n<p><\/p>\n<p>Apto para filtros activos.<\/p>\n<p><\/p>\n<p>Nota: Est\u00e1 hecho a mano,<\/p>\n<p>el producto tendr\u00e1 diferencias de color seg\u00fan el color de la materia prima,<\/p>\n<p>no disparar, hay un error de 1-2 cm en la medici\u00f3n manual del tama\u00f1o del producto<\/p>\n<p>La zarza es un bosque, un \u00e1rbol de paredes rocosas que crece en el Mediterr\u00e1neo, y sus n\u00f3dulos radiculares perennes son los m\u00e1s adecuados para las tuber\u00edas.<\/p>\n<p>Este tipo de material de ra\u00edz es una madera bastante dura, y la propia madera de brezo tiene la funci\u00f3n de absorber agua,<\/p>\n<p>que puede absorber completamente el agua del tabaco sin afectar a su sabor.<\/p>\n<p>Desde 1850, la madera de brezo se ha convertido en el material m\u00e1s popular para fabricar pipas,<\/p>\n<p>porque es bello y duradero, tiene hermosas vetas de madera, resistencia al calor y absorci\u00f3n de agua. Tras a\u00f1os de pr\u00e1ctica y exploraci\u00f3n,<\/p>\n<p>se ha convertido en la madera con mejores efectos para fabricar pipas. La gran mayor\u00eda del brezo que se utiliza hoy en d\u00eda para fabricar pipas procede de Italia,<\/p>\n<p>Francia, Grecia, C\u00f3rcega y Espa\u00f1a.<\/p>\n<p>En su d\u00eda se rumore\u00f3 que Albania y Argelia eran otras fuentes de brezo, pero la situaci\u00f3n internacional actual hace inviable el cultivo de brezo en estas zonas,<\/p>\n<p>ya que los peligros est\u00e1n en todas partes.<\/p>\n<p>Briar tiene un solo origen, el \u00e1rbol robusto, cient\u00edficamente hablando, un arbusto delgado, 15-25 pies de altura, por lo general se encuentran en la escarpada, rocosa,<\/p>\n<p>costas cubiertas de maleza del Mediterr\u00e1neo. No es una especie en peligro de extinci\u00f3n. Sin embargo, no es el \u00e1rbol en s\u00ed el que se utiliza para fabricar pipas,<\/p>\n<p>pero los n\u00f3dulos radiculares m\u00e1s duros del \u00e1rbol se secan y se cortan en perfiles o bloques para fabricar una pipa.<\/p>\n<p>Muchas pipas personalizadas de gama alta se tallan en brezo corso, que tiene el grano fino del brezo griego pero es menos denso. actualDe hecho,<\/p>\n<p>durante la guerra de los a\u00f1os 40, cuando era dif\u00edcil conseguir brezo,<\/p>\n<p>El nanmu corso se utilizaba para las pipas al mismo tiempo que el argelino, ya que eran muy similares en muchos aspectos del material,<\/p>\n<p>especialmente en t\u00e9rminos de densidad y grano.<img decoding=\"async\" src=\"https:\/\/ae01.alicdn.com\/kf\/S02da911459834776a891e828743fab856.jpg\" slate-data-type=\"image\"\/><img decoding=\"async\" src=\"https:\/\/ae01.alicdn.com\/kf\/S51f1eb57f5d541e7aa3a09a92654ffd1F.jpg\" slate-data-type=\"image\"\/><img decoding=\"async\" src=\"https:\/\/ae01.alicdn.com\/kf\/S7419d99f01054e609255ea8208e43d68K.jpg\" slate-data-type=\"image\"\/><img decoding=\"async\" src=\"https:\/\/ae01.alicdn.com\/kf\/S66e7f336b3164bbaae55568980aa3065Y.jpg\" slate-data-type=\"image\"\/><img decoding=\"async\" src=\"https:\/\/ae01.alicdn.com\/kf\/S6c8a9bc6170f4a1d80e733fff807c48cJ.jpg\" slate-data-type=\"image\"\/><img decoding=\"async\" src=\"https:\/\/ae01.alicdn.com\/kf\/S0ce0bba8b00b44288308c09a74a0bfdbw.jpg\" slate-data-type=\"image\"\/><img decoding=\"async\" src=\"https:\/\/ae01.alicdn.com\/kf\/S332079e6c5e248ef9528c12a37a8d5a3O.jpg\" slate-data-type=\"image\"\/><img decoding=\"async\" src=\"https:\/\/ae01.alicdn.com\/kf\/Sbcffe6e6000a49a0abf34762b32dae8af.jpg\" slate-data-type=\"image\"\/><img decoding=\"async\" src=\"https:\/\/ae01.alicdn.com\/kf\/Sfaa7660fe85341de8556ce68529c5bf4V.jpg\" slate-data-type=\"image\"\/><img decoding=\"async\" src=\"https:\/\/ae01.alicdn.com\/kf\/S3e725140409c42b8bae9b733047317d9i.jpg\" slate-data-type=\"image\"\/><img decoding=\"async\" src=\"https:\/\/ae01.alicdn.com\/kf\/S542fe16cea9645a3abbac11d9ef41313s.jpg\" slate-data-type=\"image\"\/><img decoding=\"async\" src=\"https:\/\/ae01.alicdn.com\/kf\/Sa8848a6669ca4f23a3d02758debd7f9fw.jpg\" slate-data-type=\"image\"\/><img decoding=\"async\" src=\"https:\/\/ae01.alicdn.com\/kf\/Se7a17f284a6947d4a6da1216996b65dcN.jpg\" slate-data-type=\"image\"\/><\/p>","protected":false},"excerpt":{"rendered":"<p>Forma: Tipo doblado N\u00famero de modelo: La50055a3y1k\/la50055a3y1x Material: Madera Marca: MUXIANG Origen: China continental Se personaliza: S\u00ed Origen: Zhejiang, China (continental) Estilo: Bent Filtros: 3mm Filtro Palabra clave: pipa de fumar Palabras clave: tabaco<\/p>","protected":false},"featured_media":16076,"comment_status":"open","ping_status":"closed","template":"","meta":{"iawp_total_views":0,"_joinchat":[]},"product_brand":[],"product_cat":[480,478],"product_tag":[],"class_list":{"0":"post-16075","1":"product","2":"type-product","3":"status-publish","4":"has-post-thumbnail","6":"product_cat-briar-pipe","7":"product_cat-handmade-pipe","9":"first","10":"instock","11":"sale","12":"shipping-taxable","13":"purchasable","14":"product-type-variable"},"yoast_head":"<!-- This site is optimized with the Yoast SEO Premium plugin v24.7 (Yoast SEO v26.8) - https:\/\/yoast.com\/product\/yoast-seo-premium-wordpress\/ -->\n<title>High Quality Handmade Briar Wood Smoking Pipe - Global Hookah<\/title>\n<meta name=\"robots\" content=\"index, follow, max-snippet:-1, max-image-preview:large, max-video-preview:-1\" \/>\n<link rel=\"canonical\" href=\"https:\/\/global-hookah.com\/es\/producto\/high-quality-handmade-briar-wood-smoking-pipe\/\" \/>\n<meta property=\"og:locale\" content=\"es_ES\" \/>\n<meta property=\"og:type\" content=\"article\" \/>\n<meta property=\"og:title\" content=\"High Quality Handmade Briar Wood Smoking Pipe\" \/>\n<meta property=\"og:description\" content=\"Shape:&nbsp;Bent Type Model Number:&nbsp;La50055a3y1k\/la50055a3y1x Material:&nbsp;Wood Brand Name:&nbsp;MUXIANG Origin:&nbsp;Mainland China Is customized:&nbsp;Yes Origin:&nbsp;Zhejiang, China (Mainland) Style:&nbsp;Bent Filters:&nbsp;3mm Filter Keyword:&nbsp;smoking pipe Keywords:&nbsp;tobacco\" \/>\n<meta property=\"og:url\" content=\"https:\/\/global-hookah.com\/es\/producto\/high-quality-handmade-briar-wood-smoking-pipe\/\" \/>\n<meta property=\"og:site_name\" content=\"Global Hookah\" \/>\n<meta property=\"article:modified_time\" content=\"2024-03-13T00:27:36+00:00\" \/>\n<meta property=\"og:image\" content=\"https:\/\/global-hookah.com\/wp-content\/uploads\/2023\/11\/High-Quality-Briar-Wood-Smoking-Pipe-Hand-Carved-Bent-Stem-Mouthpiece-3mm-Filter-With-Silver-Decorative.webp\" \/>\n\t<meta property=\"og:image:width\" content=\"800\" \/>\n\t<meta property=\"og:image:height\" content=\"800\" \/>\n\t<meta property=\"og:image:type\" content=\"image\/webp\" \/>\n<meta name=\"twitter:card\" content=\"summary_large_image\" \/>\n<meta name=\"twitter:label1\" content=\"Tiempo de lectura\" \/>\n\t<meta name=\"twitter:data1\" content=\"2 minutos\" \/>\n<script type=\"application\/ld+json\" class=\"yoast-schema-graph\">{\"@context\":\"https:\/\/schema.org\",\"@graph\":[{\"@type\":\"WebPage\",\"@id\":\"https:\/\/global-hookah.com\/product\/high-quality-handmade-briar-wood-smoking-pipe\/\",\"url\":\"https:\/\/global-hookah.com\/product\/high-quality-handmade-briar-wood-smoking-pipe\/\",\"name\":\"High Quality Handmade Briar Wood Smoking Pipe - Global Hookah\",\"isPartOf\":{\"@id\":\"https:\/\/global-hookah.com\/#website\"},\"primaryImageOfPage\":{\"@id\":\"https:\/\/global-hookah.com\/product\/high-quality-handmade-briar-wood-smoking-pipe\/#primaryimage\"},\"image\":{\"@id\":\"https:\/\/global-hookah.com\/product\/high-quality-handmade-briar-wood-smoking-pipe\/#primaryimage\"},\"thumbnailUrl\":\"https:\/\/global-hookah.com\/wp-content\/uploads\/2023\/11\/High-Quality-Briar-Wood-Smoking-Pipe-Hand-Carved-Bent-Stem-Mouthpiece-3mm-Filter-With-Silver-Decorative.webp\",\"datePublished\":\"2023-11-16T02:18:40+00:00\",\"dateModified\":\"2024-03-13T00:27:36+00:00\",\"breadcrumb\":{\"@id\":\"https:\/\/global-hookah.com\/product\/high-quality-handmade-briar-wood-smoking-pipe\/#breadcrumb\"},\"inLanguage\":\"es\",\"potentialAction\":[{\"@type\":\"ReadAction\",\"target\":[\"https:\/\/global-hookah.com\/product\/high-quality-handmade-briar-wood-smoking-pipe\/\"]}]},{\"@type\":\"ImageObject\",\"inLanguage\":\"es\",\"@id\":\"https:\/\/global-hookah.com\/product\/high-quality-handmade-briar-wood-smoking-pipe\/#primaryimage\",\"url\":\"https:\/\/global-hookah.com\/wp-content\/uploads\/2023\/11\/High-Quality-Briar-Wood-Smoking-Pipe-Hand-Carved-Bent-Stem-Mouthpiece-3mm-Filter-With-Silver-Decorative.webp\",\"contentUrl\":\"https:\/\/global-hookah.com\/wp-content\/uploads\/2023\/11\/High-Quality-Briar-Wood-Smoking-Pipe-Hand-Carved-Bent-Stem-Mouthpiece-3mm-Filter-With-Silver-Decorative.webp\",\"width\":800,\"height\":800},{\"@type\":\"BreadcrumbList\",\"@id\":\"https:\/\/global-hookah.com\/product\/high-quality-handmade-briar-wood-smoking-pipe\/#breadcrumb\",\"itemListElement\":[{\"@type\":\"ListItem\",\"position\":1,\"name\":\"Home\",\"item\":\"https:\/\/global-hookah.com\/\"},{\"@type\":\"ListItem\",\"position\":2,\"name\":\"Shop\",\"item\":\"https:\/\/global-hookah.com\/shop\/\"},{\"@type\":\"ListItem\",\"position\":3,\"name\":\"High Quality Handmade Briar Wood Smoking Pipe\"}]},{\"@type\":\"WebSite\",\"@id\":\"https:\/\/global-hookah.com\/#website\",\"url\":\"https:\/\/global-hookah.com\/\",\"name\":\"Global Hookah\",\"description\":\"Global Hookah\",\"publisher\":{\"@id\":\"https:\/\/global-hookah.com\/#organization\"},\"potentialAction\":[{\"@type\":\"SearchAction\",\"target\":{\"@type\":\"EntryPoint\",\"urlTemplate\":\"https:\/\/global-hookah.com\/?s={search_term_string}\"},\"query-input\":{\"@type\":\"PropertyValueSpecification\",\"valueRequired\":true,\"valueName\":\"search_term_string\"}}],\"inLanguage\":\"es\"},{\"@type\":\"Organization\",\"@id\":\"https:\/\/global-hookah.com\/#organization\",\"name\":\"Global Hookah\",\"url\":\"https:\/\/global-hookah.com\/\",\"logo\":{\"@type\":\"ImageObject\",\"inLanguage\":\"es\",\"@id\":\"https:\/\/global-hookah.com\/#\/schema\/logo\/image\/\",\"url\":\"https:\/\/global-hookah.com\/wp-content\/uploads\/2021\/10\/cropped-fgg.png\",\"contentUrl\":\"https:\/\/global-hookah.com\/wp-content\/uploads\/2021\/10\/cropped-fgg.png\",\"width\":512,\"height\":512,\"caption\":\"Global Hookah\"},\"image\":{\"@id\":\"https:\/\/global-hookah.com\/#\/schema\/logo\/image\/\"}}]}<\/script>\n<!-- \/ Yoast SEO Premium plugin. -->","yoast_head_json":{"title":"Pipa de fumar de madera de brezo hecha a mano de alta calidad - Global Hookah","robots":{"index":"index","follow":"follow","max-snippet":"max-snippet:-1","max-image-preview":"max-image-preview:large","max-video-preview":"max-video-preview:-1"},"canonical":"https:\/\/global-hookah.com\/es\/producto\/high-quality-handmade-briar-wood-smoking-pipe\/","og_locale":"es_ES","og_type":"article","og_title":"High Quality Handmade Briar Wood Smoking Pipe","og_description":"Shape:&nbsp;Bent Type Model Number:&nbsp;La50055a3y1k\/la50055a3y1x Material:&nbsp;Wood Brand Name:&nbsp;MUXIANG Origin:&nbsp;Mainland China Is customized:&nbsp;Yes Origin:&nbsp;Zhejiang, China (Mainland) Style:&nbsp;Bent Filters:&nbsp;3mm Filter Keyword:&nbsp;smoking pipe Keywords:&nbsp;tobacco","og_url":"https:\/\/global-hookah.com\/es\/producto\/high-quality-handmade-briar-wood-smoking-pipe\/","og_site_name":"Global Hookah","article_modified_time":"2024-03-13T00:27:36+00:00","og_image":[{"width":800,"height":800,"url":"https:\/\/global-hookah.com\/wp-content\/uploads\/2023\/11\/High-Quality-Briar-Wood-Smoking-Pipe-Hand-Carved-Bent-Stem-Mouthpiece-3mm-Filter-With-Silver-Decorative.webp","type":"image\/webp"}],"twitter_card":"summary_large_image","twitter_misc":{"Tiempo de lectura":"2 minutos"},"schema":{"@context":"https:\/\/schema.org","@graph":[{"@type":"WebPage","@id":"https:\/\/global-hookah.com\/product\/high-quality-handmade-briar-wood-smoking-pipe\/","url":"https:\/\/global-hookah.com\/product\/high-quality-handmade-briar-wood-smoking-pipe\/","name":"Pipa de fumar de madera de brezo hecha a mano de alta calidad - Global Hookah","isPartOf":{"@id":"https:\/\/global-hookah.com\/#website"},"primaryImageOfPage":{"@id":"https:\/\/global-hookah.com\/product\/high-quality-handmade-briar-wood-smoking-pipe\/#primaryimage"},"image":{"@id":"https:\/\/global-hookah.com\/product\/high-quality-handmade-briar-wood-smoking-pipe\/#primaryimage"},"thumbnailUrl":"https:\/\/global-hookah.com\/wp-content\/uploads\/2023\/11\/High-Quality-Briar-Wood-Smoking-Pipe-Hand-Carved-Bent-Stem-Mouthpiece-3mm-Filter-With-Silver-Decorative.webp","datePublished":"2023-11-16T02:18:40+00:00","dateModified":"2024-03-13T00:27:36+00:00","breadcrumb":{"@id":"https:\/\/global-hookah.com\/product\/high-quality-handmade-briar-wood-smoking-pipe\/#breadcrumb"},"inLanguage":"es","potentialAction":[{"@type":"ReadAction","target":["https:\/\/global-hookah.com\/product\/high-quality-handmade-briar-wood-smoking-pipe\/"]}]},{"@type":"ImageObject","inLanguage":"es","@id":"https:\/\/global-hookah.com\/product\/high-quality-handmade-briar-wood-smoking-pipe\/#primaryimage","url":"https:\/\/global-hookah.com\/wp-content\/uploads\/2023\/11\/High-Quality-Briar-Wood-Smoking-Pipe-Hand-Carved-Bent-Stem-Mouthpiece-3mm-Filter-With-Silver-Decorative.webp","contentUrl":"https:\/\/global-hookah.com\/wp-content\/uploads\/2023\/11\/High-Quality-Briar-Wood-Smoking-Pipe-Hand-Carved-Bent-Stem-Mouthpiece-3mm-Filter-With-Silver-Decorative.webp","width":800,"height":800},{"@type":"BreadcrumbList","@id":"https:\/\/global-hookah.com\/product\/high-quality-handmade-briar-wood-smoking-pipe\/#breadcrumb","itemListElement":[{"@type":"ListItem","position":1,"name":"Home","item":"https:\/\/global-hookah.com\/"},{"@type":"ListItem","position":2,"name":"Shop","item":"https:\/\/global-hookah.com\/shop\/"},{"@type":"ListItem","position":3,"name":"High Quality Handmade Briar Wood Smoking Pipe"}]},{"@type":"WebSite","@id":"https:\/\/global-hookah.com\/#website","url":"https:\/\/global-hookah.com\/","name":"Global Hookah","description":"Global Hookah","publisher":{"@id":"https:\/\/global-hookah.com\/#organization"},"potentialAction":[{"@type":"SearchAction","target":{"@type":"EntryPoint","urlTemplate":"https:\/\/global-hookah.com\/?s={search_term_string}"},"query-input":{"@type":"PropertyValueSpecification","valueRequired":true,"valueName":"search_term_string"}}],"inLanguage":"es"},{"@type":"Organization","@id":"https:\/\/global-hookah.com\/#organization","name":"Global Hookah","url":"https:\/\/global-hookah.com\/","logo":{"@type":"ImageObject","inLanguage":"es","@id":"https:\/\/global-hookah.com\/#\/schema\/logo\/image\/","url":"https:\/\/global-hookah.com\/wp-content\/uploads\/2021\/10\/cropped-fgg.png","contentUrl":"https:\/\/global-hookah.com\/wp-content\/uploads\/2021\/10\/cropped-fgg.png","width":512,"height":512,"caption":"Global Hookah"},"image":{"@id":"https:\/\/global-hookah.com\/#\/schema\/logo\/image\/"}}]}},"_links":{"self":[{"href":"https:\/\/global-hookah.com\/es\/wp-json\/wp\/v2\/product\/16075","targetHints":{"allow":["GET"]}}],"collection":[{"href":"https:\/\/global-hookah.com\/es\/wp-json\/wp\/v2\/product"}],"about":[{"href":"https:\/\/global-hookah.com\/es\/wp-json\/wp\/v2\/types\/product"}],"replies":[{"embeddable":true,"href":"https:\/\/global-hookah.com\/es\/wp-json\/wp\/v2\/comments?post=16075"}],"version-history":[{"count":0,"href":"https:\/\/global-hookah.com\/es\/wp-json\/wp\/v2\/product\/16075\/revisions"}],"wp:featuredmedia":[{"embeddable":true,"href":"https:\/\/global-hookah.com\/es\/wp-json\/wp\/v2\/media\/16076"}],"wp:attachment":[{"href":"https:\/\/global-hookah.com\/es\/wp-json\/wp\/v2\/media?parent=16075"}],"wp:term":[{"taxonomy":"product_brand","embeddable":true,"href":"https:\/\/global-hookah.com\/es\/wp-json\/wp\/v2\/product_brand?post=16075"},{"taxonomy":"product_cat","embeddable":true,"href":"https:\/\/global-hookah.com\/es\/wp-json\/wp\/v2\/product_cat?post=16075"},{"taxonomy":"product_tag","embeddable":true,"href":"https:\/\/global-hookah.com\/es\/wp-json\/wp\/v2\/product_tag?post=16075"}],"curies":[{"name":"wp","href":"https:\/\/api.w.org\/{rel}","templated":true}]}}