{"id":16108,"date":"2023-11-16T02:39:53","date_gmt":"2023-11-16T02:39:53","guid":{"rendered":"https:\/\/global-hookah.com\/product\/handmade-popeye-pipe\/"},"modified":"2023-12-05T13:12:42","modified_gmt":"2023-12-05T13:12:42","slug":"handmade-popeye-pipe","status":"publish","type":"product","link":"https:\/\/global-hookah.com\/es\/producto\/handmade-popeye-pipe\/","title":{"rendered":"Pipa Popeye hecha a mano"},"content":{"rendered":"<p>&nbsp;<\/p>\n<div class=\"product-specs-list-container\">\n<ul class=\"product-specs-list util-clearfix\">\n<li class=\"product-prop line-limit-length\"><span class=\"property-title\">Material:\u00a0<\/span><span class=\"property-desc line-limit-length\">madera<\/span><\/li>\n<li class=\"product-prop line-limit-length\"><span class=\"property-title\">N\u00famero de modelo:\u00a0<\/span><span class=\"property-desc line-limit-length\">kah0071h1a3b<\/span><\/li>\n<li class=\"product-prop line-limit-length\">Tipo: <a href=\"https:\/\/global-hookah.com\/product-category\/tobacco-pipe\/handmade-pipe\/\">Pipa hecha a mano<\/a><\/li>\n<li class=\"product-prop line-limit-length\"><span class=\"property-title\">Origen:\u00a0<\/span><span class=\"property-desc line-limit-length\">China continental<\/span><\/li>\n<\/ul>\n<\/div>\n<div class=\"detailPage-prodLongDesc\" style=\"font-family: Times, 'Times New Roman', serif; font-size: 16px; font-weight: 400; letter-spacing: normal; text-align: start; white-space: normal; color: #222222; border-bottom: 1px solid #cccccc; margin: 0px 0px 10px 0px; padding: 10px 0px 10px 0px; max-height: 2000px; overflow: hidden; position: relative;\" align=\"start\">\n<p>Tom Eltang lleva tallando pipas desde 1974, cuando fue aprendiz de la artesana Anne Julie. A lo largo de su carrera, Tom no s\u00f3lo ha conservado el dise\u00f1o tradicional de las pipas danesas, sino que tambi\u00e9n ha elevado el nivel del oficio al servir de mentor a j\u00f3venes talladores a lo largo de sus carreras. Su est\u00e9tica minimalista ha encantado a coleccionistas de todo el mundo, y sus ense\u00f1anzas han catapultado el trabajo de muchos otros fabricantes; sin Tom Eltang, la comunidad de fabricantes de pipas artesanales simplemente no estar\u00eda donde est\u00e1 hoy, en lo que respecta al dise\u00f1o y la est\u00e9tica, as\u00ed como a la proliferaci\u00f3n de nuevos artesanos.<\/p>\n<p>Aunque las versiones de Devil Anse, Poker y Arne Jacobsen de Tom son alabadas como los dise\u00f1os m\u00e1s destacados de su firma, la mayor parte de su trabajo destila un sentido del dise\u00f1o limpio, refinado y minimalista, que da prioridad a la armon\u00eda de las l\u00edneas y a la proporci\u00f3n, y a menudo se inspira en el dise\u00f1o dan\u00e9s de tuber\u00edas de mediados del siglo XX. Estas convenciones se materializan bien en esta interpretaci\u00f3n de Tulip. Aunque larga, esta <strong>Pipa Popeye hecha a mano<\/strong> se caracteriza por una presencia siempre esbelta de perfil: Tanto si se observa el v\u00e1stago alargado de la montura como el esbelto v\u00e1stago o la estilizada cazoleta, toda la pieza presenta un aplomo aerodin\u00e1mico marcado por la elegancia y el equilibrio.<\/p>\n<p>La extensi\u00f3n de la boquilla despu\u00e9s de la parte de la montura es igual en longitud a la combinaci\u00f3n de la ca\u00f1a y la base de la tija, y el suave descenso de la tija coincide perfectamente con el arco ascendente de la ca\u00f1a, creando un perfil dram\u00e1ticamente largo pero definido por un equilibrio compositivo preciso. La cazoleta, por su parte, manifiesta el flujo sinuoso del cuerpo y el tallo a trav\u00e9s de un notable peralte hacia delante, y se eleva hasta una gran prominencia, manteniendo al mismo tiempo el comportamiento esbelto de toda la forma. Con una inclinaci\u00f3n floral, los flancos se ensanchan ligeramente hacia arriba antes de girar hacia dentro en el borde, un motivo ligeramente redondeado acentuado por la transici\u00f3n sutilmente remetida.<strong> Pipas Popeye hechas a mano<\/strong> inspiraci\u00f3n con una salpicadura de buen gusto de meseta que evoca el aspecto de los p\u00e9talos cerrados de un bulbo de flor.<\/p>\n<p>El grano pr\u00edstino elogia la <strong>Pipas Popeye hechas a mano<\/strong> de la forma, con hebras de grano de llama que envuelven la cazoleta y se alinean con su peralte y con estr\u00edas verticales que informan la trayectoria del rizo de la ca\u00f1a - todo ello resaltado por un rico tinte de contraste de color casta\u00f1o rojizo para una est\u00e9tica viva pero tradicional. Esbelta, \u00e1gil y vivaz, se trata de una <strong>Pipa Popeye hecha a mano<\/strong> que personifica la elegancia y el refinamiento, y cuya combinaci\u00f3n de calidad de grano y forma le ha valido a Tom el prestigioso grado Snail.<\/p>\n<div>-Truett Smith<\/div>\n<\/div>\n<div class=\"detailPage-prodSku\" style=\"font-family: Times, 'Times New Roman', serif; font-size: 16px; font-weight: 400; letter-spacing: normal; text-align: start; white-space: normal; color: #222222; margin: 0px; padding: 0px;\" align=\"start\">\n<h3 style=\"font-size: 0.9em; color: #666666; margin: 0px; padding: 0px;\">N\u00famero de producto: 002-299-1273<\/h3>\n<\/div>\n<div class=\"detailPage-prodName\" style=\"font-family: Times, 'Times New Roman', serif; font-size: 1.2em; font-weight: 400; letter-spacing: normal; text-align: start; white-space: normal; color: #222222; margin: 0px; padding: 0px;\" align=\"start\">\n<div class=\"detailPage-catProdNameWrap\" style=\"margin: 0px; padding: 0px; width: auto; float: left;\">\n<h1 style=\"font-size: 1.4em; font-weight: lighter; margin: 5px 0px 0px 0px;\">Tom Eltang Pipa de tabaco Smooth Tulip (Caracol)<\/h1>\n<\/div>\n<div style=\"margin: 0px; padding: 0px;\"><\/div>\n<\/div>\n<p><img decoding=\"async\" src=\"https:\/\/ae01.alicdn.com\/kf\/Sfc7c9ae267694b1fb9706ef832eda519x.jpg\" \/><img decoding=\"async\" src=\"https:\/\/ae01.alicdn.com\/kf\/S5583d041a4494779b23f06e7586152ebB.jpg\" \/><img decoding=\"async\" src=\"https:\/\/ae01.alicdn.com\/kf\/S58013c6cb7254985a05845a6c2121850q.jpg\" \/><img decoding=\"async\" src=\"https:\/\/ae01.alicdn.com\/kf\/Sf2c49a34e5654d84b9ea25ee80b7f27cd.jpg\" \/><img decoding=\"async\" src=\"https:\/\/ae01.alicdn.com\/kf\/S3b74ff1707304fe3934dd829c89e1bbaz.jpg\" \/><img decoding=\"async\" src=\"https:\/\/ae01.alicdn.com\/kf\/S5564ccddbc5b4303b56d66704dc9ba7a6.jpg\" \/><img decoding=\"async\" src=\"https:\/\/ae01.alicdn.com\/kf\/Sc3bfc6b2a65f4d7eb796f967413eb9b0G.jpg\" \/><img decoding=\"async\" src=\"https:\/\/ae01.alicdn.com\/kf\/Sa68f3d74aabd4bb893b1d5e91174a573e.jpg\" \/><img decoding=\"async\" src=\"https:\/\/ae01.alicdn.com\/kf\/Sb2c5e8a8bb314125976bc3cdbbc9bd08m.jpg\" \/><img decoding=\"async\" src=\"https:\/\/ae01.alicdn.com\/kf\/S8cfcc073284e44e6aa87b1ceeee68d99U.jpg\" \/><img decoding=\"async\" src=\"https:\/\/ae01.alicdn.com\/kf\/S263b5a0ce31541c78618955a4f16d968a.jpg\" \/><img decoding=\"async\" src=\"https:\/\/ae01.alicdn.com\/kf\/Sd56214d6dd8548b2a49256f915660436V.jpg\" \/><img decoding=\"async\" src=\"https:\/\/ae01.alicdn.com\/kf\/Sa2df1db6289949f3b6bae9df6c5887ceF.jpg\" \/><img decoding=\"async\" src=\"https:\/\/ae01.alicdn.com\/kf\/S582f723b1298448a96a89304eaa60150A.jpg\" \/><img decoding=\"async\" src=\"https:\/\/ae01.alicdn.com\/kf\/S91e01e6a1ec54dbd87e4c433469d0a5fF.jpg\" \/><img decoding=\"async\" src=\"https:\/\/ae01.alicdn.com\/kf\/S9bbc27f586a44272b0cb9750defd9399s.jpg\" \/><img decoding=\"async\" src=\"https:\/\/ae01.alicdn.com\/kf\/S1316468c3d87444faf346a6360248312V.jpg\" \/><\/p>","protected":false},"excerpt":{"rendered":"<p>&nbsp; Material: madera N\u00famero de modelo: kah0071h1a3b Tipo: Pipa hecha a mano Origen: China continental Tom Eltang ha estado tallando pipas desde 1974 cuando fue aprendiz de<\/p>","protected":false},"featured_media":16109,"comment_status":"open","ping_status":"closed","template":"","meta":{"iawp_total_views":16,"_joinchat":[]},"product_brand":[],"product_cat":[478],"product_tag":[],"class_list":{"0":"post-16108","1":"product","2":"type-product","3":"status-publish","4":"has-post-thumbnail","6":"product_cat-handmade-pipe","8":"first","9":"instock","10":"shipping-taxable","11":"purchasable","12":"product-type-variable"},"yoast_head":"<!-- This site is optimized with the Yoast SEO Premium plugin v24.7 (Yoast SEO v26.8) - https:\/\/yoast.com\/product\/yoast-seo-premium-wordpress\/ -->\n<title>Handmade Popeye pipe - Global Hookah<\/title>\n<meta name=\"robots\" content=\"index, follow, max-snippet:-1, max-image-preview:large, max-video-preview:-1\" \/>\n<link rel=\"canonical\" href=\"https:\/\/global-hookah.com\/es\/producto\/pipa-popeye-hecha-a-mano\/\" \/>\n<meta property=\"og:locale\" content=\"es_ES\" \/>\n<meta property=\"og:type\" content=\"article\" \/>\n<meta property=\"og:title\" content=\"Handmade Popeye pipe\" \/>\n<meta property=\"og:description\" content=\"&nbsp; Material:\u00a0wood Model Number:\u00a0kah0071h1a3b Type: Handmade pipe Origin:\u00a0Mainland China Tom Eltang has been carving pipes since 1974 when he apprenticed\" \/>\n<meta property=\"og:url\" content=\"https:\/\/global-hookah.com\/es\/producto\/pipa-popeye-hecha-a-mano\/\" \/>\n<meta property=\"og:site_name\" content=\"Global Hookah\" \/>\n<meta property=\"article:modified_time\" content=\"2023-12-05T13:12:42+00:00\" \/>\n<meta property=\"og:image\" content=\"https:\/\/global-hookah.com\/wp-content\/uploads\/2023\/11\/Popeye-pipe-carbon-fiber-3mm-filter-stem-master-design-pipe-handmade-briar-wood-tobacco-pipe-hammer.webp\" \/>\n\t<meta property=\"og:image:width\" content=\"1000\" \/>\n\t<meta property=\"og:image:height\" content=\"1000\" \/>\n\t<meta property=\"og:image:type\" content=\"image\/webp\" \/>\n<meta name=\"twitter:card\" content=\"summary_large_image\" \/>\n<meta name=\"twitter:label1\" content=\"Tiempo de lectura\" \/>\n\t<meta name=\"twitter:data1\" content=\"6 minutos\" \/>\n<script type=\"application\/ld+json\" class=\"yoast-schema-graph\">{\"@context\":\"https:\/\/schema.org\",\"@graph\":[{\"@type\":\"WebPage\",\"@id\":\"https:\/\/global-hookah.com\/es\/producto\/pipa-popeye-hecha-a-mano\/\",\"url\":\"https:\/\/global-hookah.com\/es\/producto\/pipa-popeye-hecha-a-mano\/\",\"name\":\"Handmade Popeye pipe - Global Hookah\",\"isPartOf\":{\"@id\":\"https:\/\/global-hookah.com\/#website\"},\"primaryImageOfPage\":{\"@id\":\"https:\/\/global-hookah.com\/es\/producto\/pipa-popeye-hecha-a-mano\/#primaryimage\"},\"image\":{\"@id\":\"https:\/\/global-hookah.com\/es\/producto\/pipa-popeye-hecha-a-mano\/#primaryimage\"},\"thumbnailUrl\":\"https:\/\/global-hookah.com\/wp-content\/uploads\/2023\/11\/Popeye-pipe-carbon-fiber-3mm-filter-stem-master-design-pipe-handmade-briar-wood-tobacco-pipe-hammer.webp\",\"datePublished\":\"2023-11-16T02:39:53+00:00\",\"dateModified\":\"2023-12-05T13:12:42+00:00\",\"breadcrumb\":{\"@id\":\"https:\/\/global-hookah.com\/es\/producto\/pipa-popeye-hecha-a-mano\/#breadcrumb\"},\"inLanguage\":\"es\",\"potentialAction\":[{\"@type\":\"ReadAction\",\"target\":[\"https:\/\/global-hookah.com\/es\/producto\/pipa-popeye-hecha-a-mano\/\"]}]},{\"@type\":\"ImageObject\",\"inLanguage\":\"es\",\"@id\":\"https:\/\/global-hookah.com\/es\/producto\/pipa-popeye-hecha-a-mano\/#primaryimage\",\"url\":\"https:\/\/global-hookah.com\/wp-content\/uploads\/2023\/11\/Popeye-pipe-carbon-fiber-3mm-filter-stem-master-design-pipe-handmade-briar-wood-tobacco-pipe-hammer.webp\",\"contentUrl\":\"https:\/\/global-hookah.com\/wp-content\/uploads\/2023\/11\/Popeye-pipe-carbon-fiber-3mm-filter-stem-master-design-pipe-handmade-briar-wood-tobacco-pipe-hammer.webp\",\"width\":1000,\"height\":1000,\"caption\":\"Handmade Popeye pipe\"},{\"@type\":\"BreadcrumbList\",\"@id\":\"https:\/\/global-hookah.com\/es\/producto\/pipa-popeye-hecha-a-mano\/#breadcrumb\",\"itemListElement\":[{\"@type\":\"ListItem\",\"position\":1,\"name\":\"Home\",\"item\":\"https:\/\/global-hookah.com\/\"},{\"@type\":\"ListItem\",\"position\":2,\"name\":\"Shop\",\"item\":\"https:\/\/global-hookah.com\/shop\/\"},{\"@type\":\"ListItem\",\"position\":3,\"name\":\"Handmade Popeye pipe\"}]},{\"@type\":\"WebSite\",\"@id\":\"https:\/\/global-hookah.com\/#website\",\"url\":\"https:\/\/global-hookah.com\/\",\"name\":\"Global Hookah\",\"description\":\"Global Hookah\",\"publisher\":{\"@id\":\"https:\/\/global-hookah.com\/#organization\"},\"potentialAction\":[{\"@type\":\"SearchAction\",\"target\":{\"@type\":\"EntryPoint\",\"urlTemplate\":\"https:\/\/global-hookah.com\/?s={search_term_string}\"},\"query-input\":{\"@type\":\"PropertyValueSpecification\",\"valueRequired\":true,\"valueName\":\"search_term_string\"}}],\"inLanguage\":\"es\"},{\"@type\":\"Organization\",\"@id\":\"https:\/\/global-hookah.com\/#organization\",\"name\":\"Global Hookah\",\"url\":\"https:\/\/global-hookah.com\/\",\"logo\":{\"@type\":\"ImageObject\",\"inLanguage\":\"es\",\"@id\":\"https:\/\/global-hookah.com\/#\/schema\/logo\/image\/\",\"url\":\"https:\/\/global-hookah.com\/wp-content\/uploads\/2021\/10\/cropped-fgg.png\",\"contentUrl\":\"https:\/\/global-hookah.com\/wp-content\/uploads\/2021\/10\/cropped-fgg.png\",\"width\":512,\"height\":512,\"caption\":\"Global Hookah\"},\"image\":{\"@id\":\"https:\/\/global-hookah.com\/#\/schema\/logo\/image\/\"}}]}<\/script>\n<!-- \/ Yoast SEO Premium plugin. -->","yoast_head_json":{"title":"Pipa Popeye hecha a mano - Global Hookah","robots":{"index":"index","follow":"follow","max-snippet":"max-snippet:-1","max-image-preview":"max-image-preview:large","max-video-preview":"max-video-preview:-1"},"canonical":"https:\/\/global-hookah.com\/es\/producto\/pipa-popeye-hecha-a-mano\/","og_locale":"es_ES","og_type":"article","og_title":"Handmade Popeye pipe","og_description":"&nbsp; Material:\u00a0wood Model Number:\u00a0kah0071h1a3b Type: Handmade pipe Origin:\u00a0Mainland China Tom Eltang has been carving pipes since 1974 when he apprenticed","og_url":"https:\/\/global-hookah.com\/es\/producto\/pipa-popeye-hecha-a-mano\/","og_site_name":"Global Hookah","article_modified_time":"2023-12-05T13:12:42+00:00","og_image":[{"width":1000,"height":1000,"url":"https:\/\/global-hookah.com\/wp-content\/uploads\/2023\/11\/Popeye-pipe-carbon-fiber-3mm-filter-stem-master-design-pipe-handmade-briar-wood-tobacco-pipe-hammer.webp","type":"image\/webp"}],"twitter_card":"summary_large_image","twitter_misc":{"Tiempo de lectura":"6 minutos"},"schema":{"@context":"https:\/\/schema.org","@graph":[{"@type":"WebPage","@id":"https:\/\/global-hookah.com\/es\/producto\/pipa-popeye-hecha-a-mano\/","url":"https:\/\/global-hookah.com\/es\/producto\/pipa-popeye-hecha-a-mano\/","name":"Pipa Popeye hecha a mano - Global Hookah","isPartOf":{"@id":"https:\/\/global-hookah.com\/#website"},"primaryImageOfPage":{"@id":"https:\/\/global-hookah.com\/es\/producto\/pipa-popeye-hecha-a-mano\/#primaryimage"},"image":{"@id":"https:\/\/global-hookah.com\/es\/producto\/pipa-popeye-hecha-a-mano\/#primaryimage"},"thumbnailUrl":"https:\/\/global-hookah.com\/wp-content\/uploads\/2023\/11\/Popeye-pipe-carbon-fiber-3mm-filter-stem-master-design-pipe-handmade-briar-wood-tobacco-pipe-hammer.webp","datePublished":"2023-11-16T02:39:53+00:00","dateModified":"2023-12-05T13:12:42+00:00","breadcrumb":{"@id":"https:\/\/global-hookah.com\/es\/producto\/pipa-popeye-hecha-a-mano\/#breadcrumb"},"inLanguage":"es","potentialAction":[{"@type":"ReadAction","target":["https:\/\/global-hookah.com\/es\/producto\/pipa-popeye-hecha-a-mano\/"]}]},{"@type":"ImageObject","inLanguage":"es","@id":"https:\/\/global-hookah.com\/es\/producto\/pipa-popeye-hecha-a-mano\/#primaryimage","url":"https:\/\/global-hookah.com\/wp-content\/uploads\/2023\/11\/Popeye-pipe-carbon-fiber-3mm-filter-stem-master-design-pipe-handmade-briar-wood-tobacco-pipe-hammer.webp","contentUrl":"https:\/\/global-hookah.com\/wp-content\/uploads\/2023\/11\/Popeye-pipe-carbon-fiber-3mm-filter-stem-master-design-pipe-handmade-briar-wood-tobacco-pipe-hammer.webp","width":1000,"height":1000,"caption":"Handmade Popeye pipe"},{"@type":"BreadcrumbList","@id":"https:\/\/global-hookah.com\/es\/producto\/pipa-popeye-hecha-a-mano\/#breadcrumb","itemListElement":[{"@type":"ListItem","position":1,"name":"Home","item":"https:\/\/global-hookah.com\/"},{"@type":"ListItem","position":2,"name":"Shop","item":"https:\/\/global-hookah.com\/shop\/"},{"@type":"ListItem","position":3,"name":"Handmade Popeye pipe"}]},{"@type":"WebSite","@id":"https:\/\/global-hookah.com\/#website","url":"https:\/\/global-hookah.com\/","name":"Global Hookah","description":"Global Hookah","publisher":{"@id":"https:\/\/global-hookah.com\/#organization"},"potentialAction":[{"@type":"SearchAction","target":{"@type":"EntryPoint","urlTemplate":"https:\/\/global-hookah.com\/?s={search_term_string}"},"query-input":{"@type":"PropertyValueSpecification","valueRequired":true,"valueName":"search_term_string"}}],"inLanguage":"es"},{"@type":"Organization","@id":"https:\/\/global-hookah.com\/#organization","name":"Global Hookah","url":"https:\/\/global-hookah.com\/","logo":{"@type":"ImageObject","inLanguage":"es","@id":"https:\/\/global-hookah.com\/#\/schema\/logo\/image\/","url":"https:\/\/global-hookah.com\/wp-content\/uploads\/2021\/10\/cropped-fgg.png","contentUrl":"https:\/\/global-hookah.com\/wp-content\/uploads\/2021\/10\/cropped-fgg.png","width":512,"height":512,"caption":"Global Hookah"},"image":{"@id":"https:\/\/global-hookah.com\/#\/schema\/logo\/image\/"}}]}},"_links":{"self":[{"href":"https:\/\/global-hookah.com\/es\/wp-json\/wp\/v2\/product\/16108","targetHints":{"allow":["GET"]}}],"collection":[{"href":"https:\/\/global-hookah.com\/es\/wp-json\/wp\/v2\/product"}],"about":[{"href":"https:\/\/global-hookah.com\/es\/wp-json\/wp\/v2\/types\/product"}],"replies":[{"embeddable":true,"href":"https:\/\/global-hookah.com\/es\/wp-json\/wp\/v2\/comments?post=16108"}],"version-history":[{"count":0,"href":"https:\/\/global-hookah.com\/es\/wp-json\/wp\/v2\/product\/16108\/revisions"}],"wp:featuredmedia":[{"embeddable":true,"href":"https:\/\/global-hookah.com\/es\/wp-json\/wp\/v2\/media\/16109"}],"wp:attachment":[{"href":"https:\/\/global-hookah.com\/es\/wp-json\/wp\/v2\/media?parent=16108"}],"wp:term":[{"taxonomy":"product_brand","embeddable":true,"href":"https:\/\/global-hookah.com\/es\/wp-json\/wp\/v2\/product_brand?post=16108"},{"taxonomy":"product_cat","embeddable":true,"href":"https:\/\/global-hookah.com\/es\/wp-json\/wp\/v2\/product_cat?post=16108"},{"taxonomy":"product_tag","embeddable":true,"href":"https:\/\/global-hookah.com\/es\/wp-json\/wp\/v2\/product_tag?post=16108"}],"curies":[{"name":"wp","href":"https:\/\/api.w.org\/{rel}","templated":true}]}}