{"id":16148,"date":"2023-11-16T03:03:04","date_gmt":"2023-11-16T03:03:04","guid":{"rendered":"https:\/\/global-hookah.com\/product\/handmade-squat-tomato-pipe\/"},"modified":"2024-03-13T00:27:36","modified_gmt":"2024-03-13T00:27:36","slug":"handmade-squat-tomato-pipe","status":"publish","type":"product","link":"https:\/\/global-hookah.com\/es\/producto\/handmade-squat-tomato-pipe\/","title":{"rendered":"Pipa de tomate en cuclillas hecha a mano"},"content":{"rendered":"<div class=\"product-specs-list-container\">\n<p>Con tallo estirado, perfil aerodin\u00e1mico y cuenco peque\u00f1o, <strong>Tubo de tomate en cuclillas<\/strong> ofrece las abundantes dimensiones de un Pot pero con una redondez parecida a la del Tomate. Este <strong>Pipa de tomate en cuclillas hecha a mano<\/strong> presenta una impecable forma de cuenco Smooth Apple tallado en madera de brezo de grano fino. El exterior del cuenco redondo ha sido lijado y pulido por expertos hasta conseguir un lujoso tacto aterciopelado. Los sutiles patrones de veteado rubio se arremolinan sobre la superficie lisa del brezo como nubes, destacando una hermosa mezcla de ojo de perdiz y veteado cruzado alrededor de la cazoleta.Un brillante collar Army Mount de plata de ley adorna la ca\u00f1a, contrastando maravillosamente con el brezo marr\u00f3n intenso.<\/p>\n<p>La delicada filigrana decorativa de la montura Army representa fluidos motivos de volutas a lo largo del borde. El v\u00e1stago c\u00f3nico de vulcanita negra pulida proporciona un agarre c\u00f3modo. En el interior, la c\u00e1mara de tabaco est\u00e1 dise\u00f1ada para un paso perfecto del humo. Esta magn\u00edfica combinaci\u00f3n de flexible brezo, ornamentada orfebrer\u00eda y forma funcional demuestra la maestr\u00eda artesanal de una pipa que eleva el fumar a una forma de arte.<\/p>\n<ul class=\"product-specs-list util-clearfix\">\n<li><span class=\"property-title\">Material: Briard <\/span><span class=\"property-desc line-limit-length\">madera+ Vulcanita<\/span><\/li>\n<li class=\"product-prop line-limit-length\"><span class=\"property-title\">N\u00famero de modelo:\u00a0<\/span><span class=\"property-desc line-limit-length\">ma10141q1y1h<\/span><\/li>\n<li class=\"product-prop line-limit-length\"><span class=\"property-title\">Origen:\u00a0<\/span><span class=\"property-desc line-limit-length\">China continental<\/span><\/li>\n<\/ul>\n<\/div>\n<p><img decoding=\"async\" src=\"https:\/\/ae01.alicdn.com\/kf\/S5ac80652fbd349689f867be8eaccf0b8H.jpg\" \/><\/p>","protected":false},"excerpt":{"rendered":"<p>Con un v\u00e1stago alargado, un perfil aerodin\u00e1mico y una cazoleta peque\u00f1a, la pipa Squat Tomato ofrece las generosas dimensiones de una pipa Pot<\/p>","protected":false},"featured_media":16149,"comment_status":"open","ping_status":"closed","template":"","meta":{"iawp_total_views":4,"_joinchat":[]},"product_brand":[],"product_cat":[478,578],"product_tag":[],"class_list":{"0":"post-16148","1":"product","2":"type-product","3":"status-publish","4":"has-post-thumbnail","6":"product_cat-handmade-pipe","7":"product_cat-tomato-pipe","9":"first","10":"instock","11":"sale","12":"shipping-taxable","13":"purchasable","14":"product-type-variable"},"yoast_head":"<!-- This site is optimized with the Yoast SEO Premium plugin v24.7 (Yoast SEO v26.8) - https:\/\/yoast.com\/product\/yoast-seo-premium-wordpress\/ -->\n<title>Handmade Squat Tomato Pipe - Global Hookah<\/title>\n<meta name=\"robots\" content=\"index, follow, max-snippet:-1, max-image-preview:large, max-video-preview:-1\" \/>\n<link rel=\"canonical\" href=\"https:\/\/global-hookah.com\/es\/producto\/handmade-squat-tomato-pipe\/\" \/>\n<meta property=\"og:locale\" content=\"es_ES\" \/>\n<meta property=\"og:type\" content=\"article\" \/>\n<meta property=\"og:title\" content=\"Handmade Squat Tomato Pipe\" \/>\n<meta property=\"og:description\" content=\"With a stretched stem, streamlined profile, and petite bowl, Squat Tomato Pipe is offering the hearty dimensions of a Pot\" \/>\n<meta property=\"og:url\" content=\"https:\/\/global-hookah.com\/es\/producto\/handmade-squat-tomato-pipe\/\" \/>\n<meta property=\"og:site_name\" content=\"Global Hookah\" \/>\n<meta property=\"article:modified_time\" content=\"2024-03-13T00:27:36+00:00\" \/>\n<meta property=\"og:image\" content=\"https:\/\/global-hookah.com\/wp-content\/uploads\/2023\/11\/MUXIANG-Briar-Wood-Pipe-Prince-Tobacco-Pipe-3mm-Flue-Design-Inner-Diameter-19mm-Pipe-Depth-30mm.webp\" \/>\n\t<meta property=\"og:image:width\" content=\"800\" \/>\n\t<meta property=\"og:image:height\" content=\"800\" \/>\n\t<meta property=\"og:image:type\" content=\"image\/webp\" \/>\n<meta name=\"twitter:card\" content=\"summary_large_image\" \/>\n<meta name=\"twitter:label1\" content=\"Tiempo de lectura\" \/>\n\t<meta name=\"twitter:data1\" content=\"1 minuto\" \/>\n<script type=\"application\/ld+json\" class=\"yoast-schema-graph\">{\"@context\":\"https:\/\/schema.org\",\"@graph\":[{\"@type\":\"WebPage\",\"@id\":\"https:\/\/global-hookah.com\/product\/handmade-squat-tomato-pipe\/\",\"url\":\"https:\/\/global-hookah.com\/product\/handmade-squat-tomato-pipe\/\",\"name\":\"Handmade Squat Tomato Pipe - Global Hookah\",\"isPartOf\":{\"@id\":\"https:\/\/global-hookah.com\/#website\"},\"primaryImageOfPage\":{\"@id\":\"https:\/\/global-hookah.com\/product\/handmade-squat-tomato-pipe\/#primaryimage\"},\"image\":{\"@id\":\"https:\/\/global-hookah.com\/product\/handmade-squat-tomato-pipe\/#primaryimage\"},\"thumbnailUrl\":\"https:\/\/global-hookah.com\/wp-content\/uploads\/2023\/11\/MUXIANG-Briar-Wood-Pipe-Prince-Tobacco-Pipe-3mm-Flue-Design-Inner-Diameter-19mm-Pipe-Depth-30mm.webp\",\"datePublished\":\"2023-11-16T03:03:04+00:00\",\"dateModified\":\"2024-03-13T00:27:36+00:00\",\"breadcrumb\":{\"@id\":\"https:\/\/global-hookah.com\/product\/handmade-squat-tomato-pipe\/#breadcrumb\"},\"inLanguage\":\"es\",\"potentialAction\":[{\"@type\":\"ReadAction\",\"target\":[\"https:\/\/global-hookah.com\/product\/handmade-squat-tomato-pipe\/\"]}]},{\"@type\":\"ImageObject\",\"inLanguage\":\"es\",\"@id\":\"https:\/\/global-hookah.com\/product\/handmade-squat-tomato-pipe\/#primaryimage\",\"url\":\"https:\/\/global-hookah.com\/wp-content\/uploads\/2023\/11\/MUXIANG-Briar-Wood-Pipe-Prince-Tobacco-Pipe-3mm-Flue-Design-Inner-Diameter-19mm-Pipe-Depth-30mm.webp\",\"contentUrl\":\"https:\/\/global-hookah.com\/wp-content\/uploads\/2023\/11\/MUXIANG-Briar-Wood-Pipe-Prince-Tobacco-Pipe-3mm-Flue-Design-Inner-Diameter-19mm-Pipe-Depth-30mm.webp\",\"width\":800,\"height\":800,\"caption\":\"Handmade Squat Tomato Pipe\"},{\"@type\":\"BreadcrumbList\",\"@id\":\"https:\/\/global-hookah.com\/product\/handmade-squat-tomato-pipe\/#breadcrumb\",\"itemListElement\":[{\"@type\":\"ListItem\",\"position\":1,\"name\":\"Home\",\"item\":\"https:\/\/global-hookah.com\/\"},{\"@type\":\"ListItem\",\"position\":2,\"name\":\"Shop\",\"item\":\"https:\/\/global-hookah.com\/shop\/\"},{\"@type\":\"ListItem\",\"position\":3,\"name\":\"Handmade Squat Tomato Pipe\"}]},{\"@type\":\"WebSite\",\"@id\":\"https:\/\/global-hookah.com\/#website\",\"url\":\"https:\/\/global-hookah.com\/\",\"name\":\"Global Hookah\",\"description\":\"Global Hookah\",\"publisher\":{\"@id\":\"https:\/\/global-hookah.com\/#organization\"},\"potentialAction\":[{\"@type\":\"SearchAction\",\"target\":{\"@type\":\"EntryPoint\",\"urlTemplate\":\"https:\/\/global-hookah.com\/?s={search_term_string}\"},\"query-input\":{\"@type\":\"PropertyValueSpecification\",\"valueRequired\":true,\"valueName\":\"search_term_string\"}}],\"inLanguage\":\"es\"},{\"@type\":\"Organization\",\"@id\":\"https:\/\/global-hookah.com\/#organization\",\"name\":\"Global Hookah\",\"url\":\"https:\/\/global-hookah.com\/\",\"logo\":{\"@type\":\"ImageObject\",\"inLanguage\":\"es\",\"@id\":\"https:\/\/global-hookah.com\/#\/schema\/logo\/image\/\",\"url\":\"https:\/\/global-hookah.com\/wp-content\/uploads\/2021\/10\/cropped-fgg.png\",\"contentUrl\":\"https:\/\/global-hookah.com\/wp-content\/uploads\/2021\/10\/cropped-fgg.png\",\"width\":512,\"height\":512,\"caption\":\"Global Hookah\"},\"image\":{\"@id\":\"https:\/\/global-hookah.com\/#\/schema\/logo\/image\/\"}}]}<\/script>\n<!-- \/ Yoast SEO Premium plugin. -->","yoast_head_json":{"title":"Pipa Squat Tomato hecha a mano - Global Hookah","robots":{"index":"index","follow":"follow","max-snippet":"max-snippet:-1","max-image-preview":"max-image-preview:large","max-video-preview":"max-video-preview:-1"},"canonical":"https:\/\/global-hookah.com\/es\/producto\/handmade-squat-tomato-pipe\/","og_locale":"es_ES","og_type":"article","og_title":"Handmade Squat Tomato Pipe","og_description":"With a stretched stem, streamlined profile, and petite bowl, Squat Tomato Pipe is offering the hearty dimensions of a Pot","og_url":"https:\/\/global-hookah.com\/es\/producto\/handmade-squat-tomato-pipe\/","og_site_name":"Global Hookah","article_modified_time":"2024-03-13T00:27:36+00:00","og_image":[{"width":800,"height":800,"url":"https:\/\/global-hookah.com\/wp-content\/uploads\/2023\/11\/MUXIANG-Briar-Wood-Pipe-Prince-Tobacco-Pipe-3mm-Flue-Design-Inner-Diameter-19mm-Pipe-Depth-30mm.webp","type":"image\/webp"}],"twitter_card":"summary_large_image","twitter_misc":{"Tiempo de lectura":"1 minuto"},"schema":{"@context":"https:\/\/schema.org","@graph":[{"@type":"WebPage","@id":"https:\/\/global-hookah.com\/product\/handmade-squat-tomato-pipe\/","url":"https:\/\/global-hookah.com\/product\/handmade-squat-tomato-pipe\/","name":"Pipa Squat Tomato hecha a mano - Global Hookah","isPartOf":{"@id":"https:\/\/global-hookah.com\/#website"},"primaryImageOfPage":{"@id":"https:\/\/global-hookah.com\/product\/handmade-squat-tomato-pipe\/#primaryimage"},"image":{"@id":"https:\/\/global-hookah.com\/product\/handmade-squat-tomato-pipe\/#primaryimage"},"thumbnailUrl":"https:\/\/global-hookah.com\/wp-content\/uploads\/2023\/11\/MUXIANG-Briar-Wood-Pipe-Prince-Tobacco-Pipe-3mm-Flue-Design-Inner-Diameter-19mm-Pipe-Depth-30mm.webp","datePublished":"2023-11-16T03:03:04+00:00","dateModified":"2024-03-13T00:27:36+00:00","breadcrumb":{"@id":"https:\/\/global-hookah.com\/product\/handmade-squat-tomato-pipe\/#breadcrumb"},"inLanguage":"es","potentialAction":[{"@type":"ReadAction","target":["https:\/\/global-hookah.com\/product\/handmade-squat-tomato-pipe\/"]}]},{"@type":"ImageObject","inLanguage":"es","@id":"https:\/\/global-hookah.com\/product\/handmade-squat-tomato-pipe\/#primaryimage","url":"https:\/\/global-hookah.com\/wp-content\/uploads\/2023\/11\/MUXIANG-Briar-Wood-Pipe-Prince-Tobacco-Pipe-3mm-Flue-Design-Inner-Diameter-19mm-Pipe-Depth-30mm.webp","contentUrl":"https:\/\/global-hookah.com\/wp-content\/uploads\/2023\/11\/MUXIANG-Briar-Wood-Pipe-Prince-Tobacco-Pipe-3mm-Flue-Design-Inner-Diameter-19mm-Pipe-Depth-30mm.webp","width":800,"height":800,"caption":"Handmade Squat Tomato Pipe"},{"@type":"BreadcrumbList","@id":"https:\/\/global-hookah.com\/product\/handmade-squat-tomato-pipe\/#breadcrumb","itemListElement":[{"@type":"ListItem","position":1,"name":"Home","item":"https:\/\/global-hookah.com\/"},{"@type":"ListItem","position":2,"name":"Shop","item":"https:\/\/global-hookah.com\/shop\/"},{"@type":"ListItem","position":3,"name":"Handmade Squat Tomato Pipe"}]},{"@type":"WebSite","@id":"https:\/\/global-hookah.com\/#website","url":"https:\/\/global-hookah.com\/","name":"Global Hookah","description":"Global Hookah","publisher":{"@id":"https:\/\/global-hookah.com\/#organization"},"potentialAction":[{"@type":"SearchAction","target":{"@type":"EntryPoint","urlTemplate":"https:\/\/global-hookah.com\/?s={search_term_string}"},"query-input":{"@type":"PropertyValueSpecification","valueRequired":true,"valueName":"search_term_string"}}],"inLanguage":"es"},{"@type":"Organization","@id":"https:\/\/global-hookah.com\/#organization","name":"Global Hookah","url":"https:\/\/global-hookah.com\/","logo":{"@type":"ImageObject","inLanguage":"es","@id":"https:\/\/global-hookah.com\/#\/schema\/logo\/image\/","url":"https:\/\/global-hookah.com\/wp-content\/uploads\/2021\/10\/cropped-fgg.png","contentUrl":"https:\/\/global-hookah.com\/wp-content\/uploads\/2021\/10\/cropped-fgg.png","width":512,"height":512,"caption":"Global Hookah"},"image":{"@id":"https:\/\/global-hookah.com\/#\/schema\/logo\/image\/"}}]}},"_links":{"self":[{"href":"https:\/\/global-hookah.com\/es\/wp-json\/wp\/v2\/product\/16148","targetHints":{"allow":["GET"]}}],"collection":[{"href":"https:\/\/global-hookah.com\/es\/wp-json\/wp\/v2\/product"}],"about":[{"href":"https:\/\/global-hookah.com\/es\/wp-json\/wp\/v2\/types\/product"}],"replies":[{"embeddable":true,"href":"https:\/\/global-hookah.com\/es\/wp-json\/wp\/v2\/comments?post=16148"}],"version-history":[{"count":0,"href":"https:\/\/global-hookah.com\/es\/wp-json\/wp\/v2\/product\/16148\/revisions"}],"wp:featuredmedia":[{"embeddable":true,"href":"https:\/\/global-hookah.com\/es\/wp-json\/wp\/v2\/media\/16149"}],"wp:attachment":[{"href":"https:\/\/global-hookah.com\/es\/wp-json\/wp\/v2\/media?parent=16148"}],"wp:term":[{"taxonomy":"product_brand","embeddable":true,"href":"https:\/\/global-hookah.com\/es\/wp-json\/wp\/v2\/product_brand?post=16148"},{"taxonomy":"product_cat","embeddable":true,"href":"https:\/\/global-hookah.com\/es\/wp-json\/wp\/v2\/product_cat?post=16148"},{"taxonomy":"product_tag","embeddable":true,"href":"https:\/\/global-hookah.com\/es\/wp-json\/wp\/v2\/product_tag?post=16148"}],"curies":[{"name":"wp","href":"https:\/\/api.w.org\/{rel}","templated":true}]}}