{"id":16155,"date":"2023-11-16T03:37:37","date_gmt":"2023-11-16T03:37:37","guid":{"rendered":"https:\/\/global-hookah.com\/product\/british-classic-handmade-briar-pipes\/"},"modified":"2023-12-01T14:07:04","modified_gmt":"2023-12-01T14:07:04","slug":"british-classic-handmade-briar-pipes","status":"publish","type":"product","link":"https:\/\/global-hookah.com\/es\/producto\/british-classic-handmade-briar-pipes\/","title":{"rendered":"Pipas cl\u00e1sicas brit\u00e1nicas de brezo hechas a mano"},"content":{"rendered":"<p>&nbsp;<\/p>\n<div class=\"product-specs-list-container\">\n<ul class=\"product-specs-list util-clearfix\">\n<li class=\"product-prop line-limit-length\">Al seleccionar su primer <strong>pipa de brezo hecha a mano<\/strong>La clave est\u00e1 en encontrar uno que se adapte a su estilo personal. Tanto si prefieres un <a href=\"https:\/\/global-hookah.com\/product-category\/tobacco-pipe\/handmade-pipe\/\">forma recta cl\u00e1sica<\/a> o una pipa m\u00e1s larga y ligera, elija la que realmente le refleje. Por este motivo, hemos dise\u00f1ado estas <strong>Pipas cl\u00e1sicas de brezo hechas a mano<\/strong>que son de gama alta El dise\u00f1o satisface las necesidades de la mayor\u00eda de la gentePara los principiantes, recomendamos nuestro <strong>pipa de brezo hecha a mano<\/strong>Combina las ventajas de las pipas rectas y curvadas para facilitar la limpieza y reducir la acumulaci\u00f3n de alquitr\u00e1n. Nuestro tama\u00f1o de cazoleta est\u00e1ndar (3-3,5 cm de profundidad) es ideal para los nuevos fumadores.\n<p>Adem\u00e1s, para facilitar a los principiantes una r\u00e1pida puesta en marcha, nuestro <strong>Pipas de brezo hechas a mano<\/strong> ofrecen la opci\u00f3n de precarbonizaci\u00f3n, que ayuda a proteger la pared interior del tubo y simplifica el proceso de rotura del mismo.<\/li>\n<\/ul>\n<\/div>\n<p><img decoding=\"async\" src=\"https:\/\/ae01.alicdn.com\/kf\/S063003edaec140d2b9178d700ae9e6fd2.jpg\" \/><img decoding=\"async\" src=\"https:\/\/ae01.alicdn.com\/kf\/S36a1980efd154dc689b6466c478759856.jpg\" \/><img decoding=\"async\" src=\"https:\/\/ae01.alicdn.com\/kf\/S902da516ac6e4f99bc49dc0cbe4e9ad9p.jpg\" \/><img decoding=\"async\" src=\"https:\/\/ae01.alicdn.com\/kf\/S9246525ef71f432198559ab54ab0b761l.jpg\" \/><img decoding=\"async\" src=\"https:\/\/ae01.alicdn.com\/kf\/S0a24cb1f9eff4b669f178de58c600969C.jpg\" \/><img decoding=\"async\" src=\"https:\/\/ae01.alicdn.com\/kf\/Se568ddfeea584e348a829f7ae4ba6edep.jpg\" \/><img decoding=\"async\" src=\"https:\/\/ae01.alicdn.com\/kf\/S64f3d76f57174e3782886bef9cc84229r.jpg\" \/><\/p>","protected":false},"excerpt":{"rendered":"<p>&nbsp; A la hora de elegir su primera pipa de brezo hecha a mano, es fundamental encontrar una que se adapte a su estilo personal. Tanto si prefiere<\/p>","protected":false},"featured_media":16156,"comment_status":"open","ping_status":"closed","template":"","meta":{"iawp_total_views":4,"_joinchat":[]},"product_brand":[],"product_cat":[480,478],"product_tag":[],"class_list":{"0":"post-16155","1":"product","2":"type-product","3":"status-publish","4":"has-post-thumbnail","6":"product_cat-briar-pipe","7":"product_cat-handmade-pipe","9":"first","10":"instock","11":"sale","12":"shipping-taxable","13":"purchasable","14":"product-type-variable"},"yoast_head":"<!-- This site is optimized with the Yoast SEO Premium plugin v24.7 (Yoast SEO v26.8) - https:\/\/yoast.com\/product\/yoast-seo-premium-wordpress\/ -->\n<title>British Classic Handmade Briar Pipes - Global Hookah<\/title>\n<meta name=\"robots\" content=\"index, follow, max-snippet:-1, max-image-preview:large, max-video-preview:-1\" \/>\n<link rel=\"canonical\" href=\"https:\/\/global-hookah.com\/es\/pt\/produto\/cachimbos-de-barbaro-britanicos-classicos-feitos-a-mao\/\" \/>\n<meta property=\"og:locale\" content=\"es_ES\" \/>\n<meta property=\"og:type\" content=\"article\" \/>\n<meta property=\"og:title\" content=\"British Classic Handmade Briar Pipes\" \/>\n<meta property=\"og:description\" content=\"&nbsp; When selecting your first handmade briar pipe, finding one that fits your personal style is key. Whether you prefer\" \/>\n<meta property=\"og:url\" content=\"https:\/\/global-hookah.com\/es\/pt\/produto\/cachimbos-de-barbaro-britanicos-classicos-feitos-a-mao\/\" \/>\n<meta property=\"og:site_name\" content=\"Global Hookah\" \/>\n<meta property=\"article:modified_time\" content=\"2023-12-01T14:07:04+00:00\" \/>\n<meta property=\"og:image\" content=\"https:\/\/global-hookah.com\/wp-content\/uploads\/2023\/11\/MUXIANG-Heather-wood-tobacco-pipe-Tomato-tobacco-pipe-Thick-bowl-wall-Vulcanized-rubber-curved-handle-Handmade.webp\" \/>\n\t<meta property=\"og:image:width\" content=\"1000\" \/>\n\t<meta property=\"og:image:height\" content=\"1000\" \/>\n\t<meta property=\"og:image:type\" content=\"image\/webp\" \/>\n<meta name=\"twitter:card\" content=\"summary_large_image\" \/>\n<meta name=\"twitter:label1\" content=\"Tiempo de lectura\" \/>\n\t<meta name=\"twitter:data1\" content=\"2 minutos\" \/>\n<script type=\"application\/ld+json\" class=\"yoast-schema-graph\">{\"@context\":\"https:\/\/schema.org\",\"@graph\":[{\"@type\":\"WebPage\",\"@id\":\"https:\/\/global-hookah.com\/pt\/produto\/cachimbos-de-barbaro-britanicos-classicos-feitos-a-mao\/\",\"url\":\"https:\/\/global-hookah.com\/pt\/produto\/cachimbos-de-barbaro-britanicos-classicos-feitos-a-mao\/\",\"name\":\"British Classic Handmade Briar Pipes - Global Hookah\",\"isPartOf\":{\"@id\":\"https:\/\/global-hookah.com\/#website\"},\"primaryImageOfPage\":{\"@id\":\"https:\/\/global-hookah.com\/pt\/produto\/cachimbos-de-barbaro-britanicos-classicos-feitos-a-mao\/#primaryimage\"},\"image\":{\"@id\":\"https:\/\/global-hookah.com\/pt\/produto\/cachimbos-de-barbaro-britanicos-classicos-feitos-a-mao\/#primaryimage\"},\"thumbnailUrl\":\"https:\/\/global-hookah.com\/wp-content\/uploads\/2023\/11\/MUXIANG-Heather-wood-tobacco-pipe-Tomato-tobacco-pipe-Thick-bowl-wall-Vulcanized-rubber-curved-handle-Handmade.webp\",\"datePublished\":\"2023-11-16T03:37:37+00:00\",\"dateModified\":\"2023-12-01T14:07:04+00:00\",\"breadcrumb\":{\"@id\":\"https:\/\/global-hookah.com\/pt\/produto\/cachimbos-de-barbaro-britanicos-classicos-feitos-a-mao\/#breadcrumb\"},\"inLanguage\":\"es\",\"potentialAction\":[{\"@type\":\"ReadAction\",\"target\":[\"https:\/\/global-hookah.com\/pt\/produto\/cachimbos-de-barbaro-britanicos-classicos-feitos-a-mao\/\"]}]},{\"@type\":\"ImageObject\",\"inLanguage\":\"es\",\"@id\":\"https:\/\/global-hookah.com\/pt\/produto\/cachimbos-de-barbaro-britanicos-classicos-feitos-a-mao\/#primaryimage\",\"url\":\"https:\/\/global-hookah.com\/wp-content\/uploads\/2023\/11\/MUXIANG-Heather-wood-tobacco-pipe-Tomato-tobacco-pipe-Thick-bowl-wall-Vulcanized-rubber-curved-handle-Handmade.webp\",\"contentUrl\":\"https:\/\/global-hookah.com\/wp-content\/uploads\/2023\/11\/MUXIANG-Heather-wood-tobacco-pipe-Tomato-tobacco-pipe-Thick-bowl-wall-Vulcanized-rubber-curved-handle-Handmade.webp\",\"width\":1000,\"height\":1000,\"caption\":\"British Classic Handmade Briar Pipes\"},{\"@type\":\"BreadcrumbList\",\"@id\":\"https:\/\/global-hookah.com\/pt\/produto\/cachimbos-de-barbaro-britanicos-classicos-feitos-a-mao\/#breadcrumb\",\"itemListElement\":[{\"@type\":\"ListItem\",\"position\":1,\"name\":\"Home\",\"item\":\"https:\/\/global-hookah.com\/\"},{\"@type\":\"ListItem\",\"position\":2,\"name\":\"Shop\",\"item\":\"https:\/\/global-hookah.com\/shop\/\"},{\"@type\":\"ListItem\",\"position\":3,\"name\":\"British Classic Handmade Briar Pipes\"}]},{\"@type\":\"WebSite\",\"@id\":\"https:\/\/global-hookah.com\/#website\",\"url\":\"https:\/\/global-hookah.com\/\",\"name\":\"Global Hookah\",\"description\":\"Global Hookah\",\"publisher\":{\"@id\":\"https:\/\/global-hookah.com\/#organization\"},\"potentialAction\":[{\"@type\":\"SearchAction\",\"target\":{\"@type\":\"EntryPoint\",\"urlTemplate\":\"https:\/\/global-hookah.com\/?s={search_term_string}\"},\"query-input\":{\"@type\":\"PropertyValueSpecification\",\"valueRequired\":true,\"valueName\":\"search_term_string\"}}],\"inLanguage\":\"es\"},{\"@type\":\"Organization\",\"@id\":\"https:\/\/global-hookah.com\/#organization\",\"name\":\"Global Hookah\",\"url\":\"https:\/\/global-hookah.com\/\",\"logo\":{\"@type\":\"ImageObject\",\"inLanguage\":\"es\",\"@id\":\"https:\/\/global-hookah.com\/#\/schema\/logo\/image\/\",\"url\":\"https:\/\/global-hookah.com\/wp-content\/uploads\/2021\/10\/cropped-fgg.png\",\"contentUrl\":\"https:\/\/global-hookah.com\/wp-content\/uploads\/2021\/10\/cropped-fgg.png\",\"width\":512,\"height\":512,\"caption\":\"Global Hookah\"},\"image\":{\"@id\":\"https:\/\/global-hookah.com\/#\/schema\/logo\/image\/\"}}]}<\/script>\n<!-- \/ Yoast SEO Premium plugin. -->","yoast_head_json":{"title":"Pipas cl\u00e1sicas brit\u00e1nicas de brezo hechas a mano - Global Hookah","robots":{"index":"index","follow":"follow","max-snippet":"max-snippet:-1","max-image-preview":"max-image-preview:large","max-video-preview":"max-video-preview:-1"},"canonical":"https:\/\/global-hookah.com\/es\/pt\/produto\/cachimbos-de-barbaro-britanicos-classicos-feitos-a-mao\/","og_locale":"es_ES","og_type":"article","og_title":"British Classic Handmade Briar Pipes","og_description":"&nbsp; When selecting your first handmade briar pipe, finding one that fits your personal style is key. Whether you prefer","og_url":"https:\/\/global-hookah.com\/es\/pt\/produto\/cachimbos-de-barbaro-britanicos-classicos-feitos-a-mao\/","og_site_name":"Global Hookah","article_modified_time":"2023-12-01T14:07:04+00:00","og_image":[{"width":1000,"height":1000,"url":"https:\/\/global-hookah.com\/wp-content\/uploads\/2023\/11\/MUXIANG-Heather-wood-tobacco-pipe-Tomato-tobacco-pipe-Thick-bowl-wall-Vulcanized-rubber-curved-handle-Handmade.webp","type":"image\/webp"}],"twitter_card":"summary_large_image","twitter_misc":{"Tiempo de lectura":"2 minutos"},"schema":{"@context":"https:\/\/schema.org","@graph":[{"@type":"WebPage","@id":"https:\/\/global-hookah.com\/pt\/produto\/cachimbos-de-barbaro-britanicos-classicos-feitos-a-mao\/","url":"https:\/\/global-hookah.com\/pt\/produto\/cachimbos-de-barbaro-britanicos-classicos-feitos-a-mao\/","name":"Pipas cl\u00e1sicas brit\u00e1nicas de brezo hechas a mano - Global Hookah","isPartOf":{"@id":"https:\/\/global-hookah.com\/#website"},"primaryImageOfPage":{"@id":"https:\/\/global-hookah.com\/pt\/produto\/cachimbos-de-barbaro-britanicos-classicos-feitos-a-mao\/#primaryimage"},"image":{"@id":"https:\/\/global-hookah.com\/pt\/produto\/cachimbos-de-barbaro-britanicos-classicos-feitos-a-mao\/#primaryimage"},"thumbnailUrl":"https:\/\/global-hookah.com\/wp-content\/uploads\/2023\/11\/MUXIANG-Heather-wood-tobacco-pipe-Tomato-tobacco-pipe-Thick-bowl-wall-Vulcanized-rubber-curved-handle-Handmade.webp","datePublished":"2023-11-16T03:37:37+00:00","dateModified":"2023-12-01T14:07:04+00:00","breadcrumb":{"@id":"https:\/\/global-hookah.com\/pt\/produto\/cachimbos-de-barbaro-britanicos-classicos-feitos-a-mao\/#breadcrumb"},"inLanguage":"es","potentialAction":[{"@type":"ReadAction","target":["https:\/\/global-hookah.com\/pt\/produto\/cachimbos-de-barbaro-britanicos-classicos-feitos-a-mao\/"]}]},{"@type":"ImageObject","inLanguage":"es","@id":"https:\/\/global-hookah.com\/pt\/produto\/cachimbos-de-barbaro-britanicos-classicos-feitos-a-mao\/#primaryimage","url":"https:\/\/global-hookah.com\/wp-content\/uploads\/2023\/11\/MUXIANG-Heather-wood-tobacco-pipe-Tomato-tobacco-pipe-Thick-bowl-wall-Vulcanized-rubber-curved-handle-Handmade.webp","contentUrl":"https:\/\/global-hookah.com\/wp-content\/uploads\/2023\/11\/MUXIANG-Heather-wood-tobacco-pipe-Tomato-tobacco-pipe-Thick-bowl-wall-Vulcanized-rubber-curved-handle-Handmade.webp","width":1000,"height":1000,"caption":"British Classic Handmade Briar Pipes"},{"@type":"BreadcrumbList","@id":"https:\/\/global-hookah.com\/pt\/produto\/cachimbos-de-barbaro-britanicos-classicos-feitos-a-mao\/#breadcrumb","itemListElement":[{"@type":"ListItem","position":1,"name":"Home","item":"https:\/\/global-hookah.com\/"},{"@type":"ListItem","position":2,"name":"Shop","item":"https:\/\/global-hookah.com\/shop\/"},{"@type":"ListItem","position":3,"name":"British Classic Handmade Briar Pipes"}]},{"@type":"WebSite","@id":"https:\/\/global-hookah.com\/#website","url":"https:\/\/global-hookah.com\/","name":"Global Hookah","description":"Global Hookah","publisher":{"@id":"https:\/\/global-hookah.com\/#organization"},"potentialAction":[{"@type":"SearchAction","target":{"@type":"EntryPoint","urlTemplate":"https:\/\/global-hookah.com\/?s={search_term_string}"},"query-input":{"@type":"PropertyValueSpecification","valueRequired":true,"valueName":"search_term_string"}}],"inLanguage":"es"},{"@type":"Organization","@id":"https:\/\/global-hookah.com\/#organization","name":"Global Hookah","url":"https:\/\/global-hookah.com\/","logo":{"@type":"ImageObject","inLanguage":"es","@id":"https:\/\/global-hookah.com\/#\/schema\/logo\/image\/","url":"https:\/\/global-hookah.com\/wp-content\/uploads\/2021\/10\/cropped-fgg.png","contentUrl":"https:\/\/global-hookah.com\/wp-content\/uploads\/2021\/10\/cropped-fgg.png","width":512,"height":512,"caption":"Global Hookah"},"image":{"@id":"https:\/\/global-hookah.com\/#\/schema\/logo\/image\/"}}]}},"_links":{"self":[{"href":"https:\/\/global-hookah.com\/es\/wp-json\/wp\/v2\/product\/16155","targetHints":{"allow":["GET"]}}],"collection":[{"href":"https:\/\/global-hookah.com\/es\/wp-json\/wp\/v2\/product"}],"about":[{"href":"https:\/\/global-hookah.com\/es\/wp-json\/wp\/v2\/types\/product"}],"replies":[{"embeddable":true,"href":"https:\/\/global-hookah.com\/es\/wp-json\/wp\/v2\/comments?post=16155"}],"version-history":[{"count":0,"href":"https:\/\/global-hookah.com\/es\/wp-json\/wp\/v2\/product\/16155\/revisions"}],"wp:featuredmedia":[{"embeddable":true,"href":"https:\/\/global-hookah.com\/es\/wp-json\/wp\/v2\/media\/16156"}],"wp:attachment":[{"href":"https:\/\/global-hookah.com\/es\/wp-json\/wp\/v2\/media?parent=16155"}],"wp:term":[{"taxonomy":"product_brand","embeddable":true,"href":"https:\/\/global-hookah.com\/es\/wp-json\/wp\/v2\/product_brand?post=16155"},{"taxonomy":"product_cat","embeddable":true,"href":"https:\/\/global-hookah.com\/es\/wp-json\/wp\/v2\/product_cat?post=16155"},{"taxonomy":"product_tag","embeddable":true,"href":"https:\/\/global-hookah.com\/es\/wp-json\/wp\/v2\/product_tag?post=16155"}],"curies":[{"name":"wp","href":"https:\/\/api.w.org\/{rel}","templated":true}]}}