{"id":16201,"date":"2023-11-16T03:49:29","date_gmt":"2023-11-16T03:49:29","guid":{"rendered":"https:\/\/global-hookah.com\/product\/curved-handle-handcrafted-wood-pipes\/"},"modified":"2023-12-05T01:52:25","modified_gmt":"2023-12-05T01:52:25","slug":"curved-handle-handcrafted-wood-pipes","status":"publish","type":"product","link":"https:\/\/global-hookah.com\/es\/producto\/curved-handle-handcrafted-wood-pipes\/","title":{"rendered":"Pipa de madera curvada para billar con mango curvado hecho a mano"},"content":{"rendered":"<p>Este distintivo <strong>Tubo curvado hecho a mano<\/strong> de artesano chino presenta un acabado arenado negro mate que cubre el cuenco de madera de brezo con una rica textura. Un cuenco regordete de paredes gruesas posa al frente de un arreglo de tallo y v\u00e1stago de gran alcance.<\/p>\n<p>Este <strong>Tubo curvado hecho a mano <\/strong>Con un veteado excepcional, el arenado oscuro y n\u00edtido crea una textura atractiva alrededor del cuenco, mientras que una cresta asim\u00e9trica de meseta corona el borde. Los paneles oscuros crean facetas asim\u00e9tricas en el exterior de la cazoleta, aportando una moderna est\u00e9tica geom\u00e9trica. Su broca pulida de color negro azabache proporciona un agarre deslizante entre los dientes. Su fusi\u00f3n de aspecto vanguardista y propiedades ideales para fumar refleja el ingenio y la destreza del fabricante. Desde la cazoleta, la ca\u00f1a hexagonal conduce a una esbelta boquilla de vulcanita. Esta \u00faltima se adapta de forma natural a la mano.<\/p>\n<p>Tambi\u00e9n est\u00e1 disponible un atractivo acabado liso de color vino, que muestra vetas de llama barridas por el viento en ambos flancos de la cazoleta y mucho ojo de perdiz en el tal\u00f3n.<\/p>\n<div class=\"product-specs-list-container\">\n<ul class=\"product-specs-list util-clearfix\">\n<li><span class=\"property-title\">Material: Briard <\/span><span class=\"property-desc line-limit-length\">madera+ Vulcanita<\/span><\/li>\n<li class=\"product-prop line-limit-length\"><span class=\"property-title\">Forma:\u00a0<\/span><span class=\"property-desc line-limit-length\">Tipo doblado<\/span><\/li>\n<li class=\"product-prop line-limit-length\"><span class=\"property-title\">N\u00famero de modelo:\u00a0<\/span><span class=\"property-desc line-limit-length\">aa0245S<\/span><\/li>\n<li class=\"product-prop line-limit-length\"><span class=\"property-title\">Marca: <a href=\"https:\/\/global-hookah.com\/\">global-hookah<\/a><\/span><\/li>\n<li class=\"product-prop line-limit-length\"><span class=\"property-title\">Origen:\u00a0<\/span><span class=\"property-desc line-limit-length\">China continental<\/span><\/li>\n<\/ul>\n<\/div>\n<p><img decoding=\"async\" src=\"https:\/\/ae01.alicdn.com\/kf\/Sc52a89381a3c44be959576b9f943cd8bR.jpg\" \/><img decoding=\"async\" src=\"https:\/\/ae01.alicdn.com\/kf\/S97b9615c834145d39b4909482493e587x.jpg\" \/><img decoding=\"async\" src=\"https:\/\/ae01.alicdn.com\/kf\/Sd20ef6c166a74953b1ce1f94dfa68351u.jpg\" \/><img decoding=\"async\" src=\"https:\/\/ae01.alicdn.com\/kf\/S3ce50686960f4cc3bfa64bb82f57cba3O.jpg\" \/><img decoding=\"async\" src=\"https:\/\/ae01.alicdn.com\/kf\/S2577a45d325a42a88d185ed7b744e2d42.jpg\" \/><img decoding=\"async\" src=\"https:\/\/ae01.alicdn.com\/kf\/Sea4c1b346c2c41658f826fad81318be99.jpg\" \/><img decoding=\"async\" src=\"https:\/\/ae01.alicdn.com\/kf\/S9217c8e640fc483ab42b32a84c61acd8I.jpg\" \/><img decoding=\"async\" src=\"https:\/\/ae01.alicdn.com\/kf\/Sf296344d259b428d8ad005552e9ec0f7R.jpg\" \/><\/p>","protected":false},"excerpt":{"rendered":"<p>Esta distintiva pipa curvada hecha a mano por artesanos chinos presenta un acabado arenado negro mate que cubre la cazoleta de madera de brezo en<\/p>","protected":false},"featured_media":16202,"comment_status":"open","ping_status":"closed","template":"","meta":{"iawp_total_views":0,"_joinchat":[]},"product_brand":[],"product_cat":[478],"product_tag":[],"class_list":{"0":"post-16201","1":"product","2":"type-product","3":"status-publish","4":"has-post-thumbnail","6":"product_cat-handmade-pipe","8":"first","9":"instock","10":"sale","11":"shipping-taxable","12":"purchasable","13":"product-type-variable"},"yoast_head":"<!-- This site is optimized with the Yoast SEO Premium plugin v24.7 (Yoast SEO v26.8) - https:\/\/yoast.com\/product\/yoast-seo-premium-wordpress\/ -->\n<title>Curved Handle Handcrafted Wood Bent Billiard Tobacco Pipe - Global Hookah<\/title>\n<meta name=\"robots\" content=\"index, follow, max-snippet:-1, max-image-preview:large, max-video-preview:-1\" \/>\n<link rel=\"canonical\" href=\"https:\/\/global-hookah.com\/es\/producto\/curved-handle-handcrafted-wood-pipes\/\" \/>\n<meta property=\"og:locale\" content=\"es_ES\" \/>\n<meta property=\"og:type\" content=\"article\" \/>\n<meta property=\"og:title\" content=\"Curved Handle Handcrafted Wood Bent Billiard Tobacco Pipe\" \/>\n<meta property=\"og:description\" content=\"This distinctive Handmade curved pipe from Chinese artesian features a matte black sandblasted finish that covers the briarwood bowl in\" \/>\n<meta property=\"og:url\" content=\"https:\/\/global-hookah.com\/es\/producto\/curved-handle-handcrafted-wood-pipes\/\" \/>\n<meta property=\"og:site_name\" content=\"Global Hookah\" \/>\n<meta property=\"article:modified_time\" content=\"2023-12-05T01:52:25+00:00\" \/>\n<meta property=\"og:image\" content=\"https:\/\/global-hookah.com\/wp-content\/uploads\/2023\/11\/Briar-wood-tobacco-pipe-curved-handle-large-gourd-3mm-filter-Handmade-smoking-pipe-deep-red-or.webp\" \/>\n\t<meta property=\"og:image:width\" content=\"1000\" \/>\n\t<meta property=\"og:image:height\" content=\"1000\" \/>\n\t<meta property=\"og:image:type\" content=\"image\/webp\" \/>\n<meta name=\"twitter:card\" content=\"summary_large_image\" \/>\n<meta name=\"twitter:label1\" content=\"Tiempo de lectura\" \/>\n\t<meta name=\"twitter:data1\" content=\"3 minutos\" \/>\n<script type=\"application\/ld+json\" class=\"yoast-schema-graph\">{\"@context\":\"https:\/\/schema.org\",\"@graph\":[{\"@type\":\"WebPage\",\"@id\":\"https:\/\/global-hookah.com\/product\/curved-handle-handcrafted-wood-pipes\/\",\"url\":\"https:\/\/global-hookah.com\/product\/curved-handle-handcrafted-wood-pipes\/\",\"name\":\"Curved Handle Handcrafted Wood Bent Billiard Tobacco Pipe - Global Hookah\",\"isPartOf\":{\"@id\":\"https:\/\/global-hookah.com\/#website\"},\"primaryImageOfPage\":{\"@id\":\"https:\/\/global-hookah.com\/product\/curved-handle-handcrafted-wood-pipes\/#primaryimage\"},\"image\":{\"@id\":\"https:\/\/global-hookah.com\/product\/curved-handle-handcrafted-wood-pipes\/#primaryimage\"},\"thumbnailUrl\":\"https:\/\/global-hookah.com\/wp-content\/uploads\/2023\/11\/Briar-wood-tobacco-pipe-curved-handle-large-gourd-3mm-filter-Handmade-smoking-pipe-deep-red-or.webp\",\"datePublished\":\"2023-11-16T03:49:29+00:00\",\"dateModified\":\"2023-12-05T01:52:25+00:00\",\"breadcrumb\":{\"@id\":\"https:\/\/global-hookah.com\/product\/curved-handle-handcrafted-wood-pipes\/#breadcrumb\"},\"inLanguage\":\"es\",\"potentialAction\":[{\"@type\":\"ReadAction\",\"target\":[\"https:\/\/global-hookah.com\/product\/curved-handle-handcrafted-wood-pipes\/\"]}]},{\"@type\":\"ImageObject\",\"inLanguage\":\"es\",\"@id\":\"https:\/\/global-hookah.com\/product\/curved-handle-handcrafted-wood-pipes\/#primaryimage\",\"url\":\"https:\/\/global-hookah.com\/wp-content\/uploads\/2023\/11\/Briar-wood-tobacco-pipe-curved-handle-large-gourd-3mm-filter-Handmade-smoking-pipe-deep-red-or.webp\",\"contentUrl\":\"https:\/\/global-hookah.com\/wp-content\/uploads\/2023\/11\/Briar-wood-tobacco-pipe-curved-handle-large-gourd-3mm-filter-Handmade-smoking-pipe-deep-red-or.webp\",\"width\":1000,\"height\":1000,\"caption\":\"Handmade curved pipe\"},{\"@type\":\"BreadcrumbList\",\"@id\":\"https:\/\/global-hookah.com\/product\/curved-handle-handcrafted-wood-pipes\/#breadcrumb\",\"itemListElement\":[{\"@type\":\"ListItem\",\"position\":1,\"name\":\"Home\",\"item\":\"https:\/\/global-hookah.com\/\"},{\"@type\":\"ListItem\",\"position\":2,\"name\":\"Shop\",\"item\":\"https:\/\/global-hookah.com\/shop\/\"},{\"@type\":\"ListItem\",\"position\":3,\"name\":\"Curved Handle Handcrafted Wood Bent Billiard Tobacco Pipe\"}]},{\"@type\":\"WebSite\",\"@id\":\"https:\/\/global-hookah.com\/#website\",\"url\":\"https:\/\/global-hookah.com\/\",\"name\":\"Global Hookah\",\"description\":\"Global Hookah\",\"publisher\":{\"@id\":\"https:\/\/global-hookah.com\/#organization\"},\"potentialAction\":[{\"@type\":\"SearchAction\",\"target\":{\"@type\":\"EntryPoint\",\"urlTemplate\":\"https:\/\/global-hookah.com\/?s={search_term_string}\"},\"query-input\":{\"@type\":\"PropertyValueSpecification\",\"valueRequired\":true,\"valueName\":\"search_term_string\"}}],\"inLanguage\":\"es\"},{\"@type\":\"Organization\",\"@id\":\"https:\/\/global-hookah.com\/#organization\",\"name\":\"Global Hookah\",\"url\":\"https:\/\/global-hookah.com\/\",\"logo\":{\"@type\":\"ImageObject\",\"inLanguage\":\"es\",\"@id\":\"https:\/\/global-hookah.com\/#\/schema\/logo\/image\/\",\"url\":\"https:\/\/global-hookah.com\/wp-content\/uploads\/2021\/10\/cropped-fgg.png\",\"contentUrl\":\"https:\/\/global-hookah.com\/wp-content\/uploads\/2021\/10\/cropped-fgg.png\",\"width\":512,\"height\":512,\"caption\":\"Global Hookah\"},\"image\":{\"@id\":\"https:\/\/global-hookah.com\/#\/schema\/logo\/image\/\"}}]}<\/script>\n<!-- \/ Yoast SEO Premium plugin. -->","yoast_head_json":{"title":"Pipa de madera curvada para billar - Global Hookah","robots":{"index":"index","follow":"follow","max-snippet":"max-snippet:-1","max-image-preview":"max-image-preview:large","max-video-preview":"max-video-preview:-1"},"canonical":"https:\/\/global-hookah.com\/es\/producto\/curved-handle-handcrafted-wood-pipes\/","og_locale":"es_ES","og_type":"article","og_title":"Curved Handle Handcrafted Wood Bent Billiard Tobacco Pipe","og_description":"This distinctive Handmade curved pipe from Chinese artesian features a matte black sandblasted finish that covers the briarwood bowl in","og_url":"https:\/\/global-hookah.com\/es\/producto\/curved-handle-handcrafted-wood-pipes\/","og_site_name":"Global Hookah","article_modified_time":"2023-12-05T01:52:25+00:00","og_image":[{"width":1000,"height":1000,"url":"https:\/\/global-hookah.com\/wp-content\/uploads\/2023\/11\/Briar-wood-tobacco-pipe-curved-handle-large-gourd-3mm-filter-Handmade-smoking-pipe-deep-red-or.webp","type":"image\/webp"}],"twitter_card":"summary_large_image","twitter_misc":{"Tiempo de lectura":"3 minutos"},"schema":{"@context":"https:\/\/schema.org","@graph":[{"@type":"WebPage","@id":"https:\/\/global-hookah.com\/product\/curved-handle-handcrafted-wood-pipes\/","url":"https:\/\/global-hookah.com\/product\/curved-handle-handcrafted-wood-pipes\/","name":"Pipa de madera curvada para billar - Global Hookah","isPartOf":{"@id":"https:\/\/global-hookah.com\/#website"},"primaryImageOfPage":{"@id":"https:\/\/global-hookah.com\/product\/curved-handle-handcrafted-wood-pipes\/#primaryimage"},"image":{"@id":"https:\/\/global-hookah.com\/product\/curved-handle-handcrafted-wood-pipes\/#primaryimage"},"thumbnailUrl":"https:\/\/global-hookah.com\/wp-content\/uploads\/2023\/11\/Briar-wood-tobacco-pipe-curved-handle-large-gourd-3mm-filter-Handmade-smoking-pipe-deep-red-or.webp","datePublished":"2023-11-16T03:49:29+00:00","dateModified":"2023-12-05T01:52:25+00:00","breadcrumb":{"@id":"https:\/\/global-hookah.com\/product\/curved-handle-handcrafted-wood-pipes\/#breadcrumb"},"inLanguage":"es","potentialAction":[{"@type":"ReadAction","target":["https:\/\/global-hookah.com\/product\/curved-handle-handcrafted-wood-pipes\/"]}]},{"@type":"ImageObject","inLanguage":"es","@id":"https:\/\/global-hookah.com\/product\/curved-handle-handcrafted-wood-pipes\/#primaryimage","url":"https:\/\/global-hookah.com\/wp-content\/uploads\/2023\/11\/Briar-wood-tobacco-pipe-curved-handle-large-gourd-3mm-filter-Handmade-smoking-pipe-deep-red-or.webp","contentUrl":"https:\/\/global-hookah.com\/wp-content\/uploads\/2023\/11\/Briar-wood-tobacco-pipe-curved-handle-large-gourd-3mm-filter-Handmade-smoking-pipe-deep-red-or.webp","width":1000,"height":1000,"caption":"Handmade curved pipe"},{"@type":"BreadcrumbList","@id":"https:\/\/global-hookah.com\/product\/curved-handle-handcrafted-wood-pipes\/#breadcrumb","itemListElement":[{"@type":"ListItem","position":1,"name":"Home","item":"https:\/\/global-hookah.com\/"},{"@type":"ListItem","position":2,"name":"Shop","item":"https:\/\/global-hookah.com\/shop\/"},{"@type":"ListItem","position":3,"name":"Curved Handle Handcrafted Wood Bent Billiard Tobacco Pipe"}]},{"@type":"WebSite","@id":"https:\/\/global-hookah.com\/#website","url":"https:\/\/global-hookah.com\/","name":"Global Hookah","description":"Global Hookah","publisher":{"@id":"https:\/\/global-hookah.com\/#organization"},"potentialAction":[{"@type":"SearchAction","target":{"@type":"EntryPoint","urlTemplate":"https:\/\/global-hookah.com\/?s={search_term_string}"},"query-input":{"@type":"PropertyValueSpecification","valueRequired":true,"valueName":"search_term_string"}}],"inLanguage":"es"},{"@type":"Organization","@id":"https:\/\/global-hookah.com\/#organization","name":"Global Hookah","url":"https:\/\/global-hookah.com\/","logo":{"@type":"ImageObject","inLanguage":"es","@id":"https:\/\/global-hookah.com\/#\/schema\/logo\/image\/","url":"https:\/\/global-hookah.com\/wp-content\/uploads\/2021\/10\/cropped-fgg.png","contentUrl":"https:\/\/global-hookah.com\/wp-content\/uploads\/2021\/10\/cropped-fgg.png","width":512,"height":512,"caption":"Global Hookah"},"image":{"@id":"https:\/\/global-hookah.com\/#\/schema\/logo\/image\/"}}]}},"_links":{"self":[{"href":"https:\/\/global-hookah.com\/es\/wp-json\/wp\/v2\/product\/16201","targetHints":{"allow":["GET"]}}],"collection":[{"href":"https:\/\/global-hookah.com\/es\/wp-json\/wp\/v2\/product"}],"about":[{"href":"https:\/\/global-hookah.com\/es\/wp-json\/wp\/v2\/types\/product"}],"replies":[{"embeddable":true,"href":"https:\/\/global-hookah.com\/es\/wp-json\/wp\/v2\/comments?post=16201"}],"version-history":[{"count":0,"href":"https:\/\/global-hookah.com\/es\/wp-json\/wp\/v2\/product\/16201\/revisions"}],"wp:featuredmedia":[{"embeddable":true,"href":"https:\/\/global-hookah.com\/es\/wp-json\/wp\/v2\/media\/16202"}],"wp:attachment":[{"href":"https:\/\/global-hookah.com\/es\/wp-json\/wp\/v2\/media?parent=16201"}],"wp:term":[{"taxonomy":"product_brand","embeddable":true,"href":"https:\/\/global-hookah.com\/es\/wp-json\/wp\/v2\/product_brand?post=16201"},{"taxonomy":"product_cat","embeddable":true,"href":"https:\/\/global-hookah.com\/es\/wp-json\/wp\/v2\/product_cat?post=16201"},{"taxonomy":"product_tag","embeddable":true,"href":"https:\/\/global-hookah.com\/es\/wp-json\/wp\/v2\/product_tag?post=16201"}],"curies":[{"name":"wp","href":"https:\/\/api.w.org\/{rel}","templated":true}]}}