{"id":16212,"date":"2023-11-16T03:51:22","date_gmt":"2023-11-16T03:51:22","guid":{"rendered":"https:\/\/global-hookah.com\/product\/handmade-briar-pipes-for-beginners\/"},"modified":"2024-03-13T00:27:47","modified_gmt":"2024-03-13T00:27:47","slug":"handmade-briar-pipes-for-beginners","status":"publish","type":"product","link":"https:\/\/global-hookah.com\/es\/producto\/handmade-briar-pipes-for-beginners\/","title":{"rendered":"Pipas de brezo hechas a mano para principiantes"},"content":{"rendered":"<p>Nuestra <strong>pipas de brezo hechas a mano<\/strong> dise\u00f1adas espec\u00edficamente para principiantes no s\u00f3lo son fiables y pr\u00e1cticas, sino tambi\u00e9n una obra de arte \u00fanica.<\/p>\n<p>Su forma es muy delicada, c\u00f3moda en la mano y de peso equilibrado. Los principiantes pueden dominarla f\u00e1cilmente y disfrutar del placer de fumar en pipa. El conducto interno est\u00e1 cuidadosamente dise\u00f1ado para que el tabaco se queme uniformemente y tenga un sabor puro.<\/p>\n<p>Estos <strong>Pipas de brezo hechas a mano para principiantes<\/strong> no s\u00f3lo tienen una textura firme y son resistentes a la deformaci\u00f3n por altas temperaturas, sino que adem\u00e1s tienen una superficie con una hermosa textura que se hace m\u00e1s profunda y desprende un encanto con el paso del tiempo.<\/p>\n<p>Adem\u00e1s, las propiedades naturales de la madera de brezo ayudan a producir un humo fresco y seco, perfecto para los que empiezan a fumar en pipa.<\/p>\n<p>Opciones de kit completo: Para aquellos que buscan una introducci\u00f3n bien redondeada, ofrecemos un kit de inicio que incluye un <a href=\"https:\/\/global-hookah.com\/product-category\/tobacco-pipe\/handmade-pipe\/\">pipa de brezo artesanal<\/a>junto con accesorios esenciales como un tamp\u00f3n, un limpiador de pipa y una gu\u00eda b\u00e1sica para fumar en pipa.<\/p>\n<p>aa0007S-2+ak0002:<\/p>\n<p><img decoding=\"async\" src=\"https:\/\/ae01.alicdn.com\/kf\/Sc7bb597a5b6e41a896ce652257a83dafc.jpg\" \/><img decoding=\"async\" src=\"https:\/\/ae01.alicdn.com\/kf\/S91ed67bb74a64c2ead53af9fd702c1452.jpg\" \/><img decoding=\"async\" src=\"https:\/\/ae01.alicdn.com\/kf\/S9873ff659c364747b357d59b5c2d3ba9J.jpg\" \/><img decoding=\"async\" src=\"https:\/\/ae01.alicdn.com\/kf\/S4a71a15c9d49415f95b2e5a82b7e8b876.jpg\" \/><img decoding=\"async\" src=\"https:\/\/ae01.alicdn.com\/kf\/S7f3167d3ed19447eba9d51af1834e95dp.jpg\" \/><img decoding=\"async\" src=\"https:\/\/ae01.alicdn.com\/kf\/S0913bf66d95644e5a0cdbf3b095c2deaY.jpg\" \/><img decoding=\"async\" src=\"https:\/\/ae01.alicdn.com\/kf\/S4832d344c5b3438485ca9d6d6f4acfa1a.jpg\" \/><img decoding=\"async\" src=\"https:\/\/ae01.alicdn.com\/kf\/Sc45c7c1b565244018f6dc000011a879at.jpg\" \/><img decoding=\"async\" src=\"https:\/\/ae01.alicdn.com\/kf\/Sc65cfe498ae744348099d3c4e46629ee5.jpg\" \/>aa0007S+ak0002:<\/p>\n<p><img decoding=\"async\" src=\"https:\/\/ae01.alicdn.com\/kf\/S6da111f49c504d95b32e2ad1710cada96.jpg\" \/><img decoding=\"async\" src=\"https:\/\/ae01.alicdn.com\/kf\/S5531c734e37541f7a34fbb6e8d2ee331o.jpg\" \/><img decoding=\"async\" src=\"https:\/\/ae01.alicdn.com\/kf\/S679469f48dca4bd7ba017104b3ad7046m.jpg\" \/><img decoding=\"async\" src=\"https:\/\/ae01.alicdn.com\/kf\/S1fa3dd62482a4e01a358a2055e142479N.jpg\" \/><img decoding=\"async\" src=\"https:\/\/ae01.alicdn.com\/kf\/S39c645653d5b4ed8993985614ecc009fx.jpg\" \/><img decoding=\"async\" src=\"https:\/\/ae01.alicdn.com\/kf\/S067d3d62958c4aad96b781e29e3c458d1.jpg\" \/><img decoding=\"async\" src=\"https:\/\/ae01.alicdn.com\/kf\/Se69a84630d074f25ba55175b16061199A.jpg\" \/><img decoding=\"async\" src=\"https:\/\/ae01.alicdn.com\/kf\/S720c4027a2744083a241e2b3ec489ddbm.jpg\" \/><img decoding=\"async\" src=\"https:\/\/ae01.alicdn.com\/kf\/Sc65cfe498ae744348099d3c4e46629ee5.jpg\" \/><\/p>\n<p>&nbsp;<\/p>","protected":false},"excerpt":{"rendered":"<p>Nuestras pipas de brezo hechas a mano y dise\u00f1adas espec\u00edficamente para principiantes no s\u00f3lo son fiables y pr\u00e1cticas, sino tambi\u00e9n una obra de arte \u00fanica.<\/p>","protected":false},"featured_media":16213,"comment_status":"open","ping_status":"closed","template":"","meta":{"iawp_total_views":1,"_joinchat":[]},"product_brand":[],"product_cat":[480,478],"product_tag":[],"class_list":{"0":"post-16212","1":"product","2":"type-product","3":"status-publish","4":"has-post-thumbnail","6":"product_cat-briar-pipe","7":"product_cat-handmade-pipe","9":"first","10":"instock","11":"sale","12":"shipping-taxable","13":"purchasable","14":"product-type-variable"},"yoast_head":"<!-- This site is optimized with the Yoast SEO Premium plugin v24.7 (Yoast SEO v26.8) - https:\/\/yoast.com\/product\/yoast-seo-premium-wordpress\/ -->\n<title>Handmade Briar Pipes For Beginners - Global Hookah<\/title>\n<meta name=\"robots\" content=\"index, follow, max-snippet:-1, max-image-preview:large, max-video-preview:-1\" \/>\n<link rel=\"canonical\" href=\"https:\/\/global-hookah.com\/es\/producto\/handmade-briar-pipes-for-beginners\/\" \/>\n<meta property=\"og:locale\" content=\"es_ES\" \/>\n<meta property=\"og:type\" content=\"article\" \/>\n<meta property=\"og:title\" content=\"Handmade Briar Pipes For Beginners\" \/>\n<meta property=\"og:description\" content=\"Our handmade briar pipes designed specifically for beginners are not only reliable and practical, but also a unique work of\" \/>\n<meta property=\"og:url\" content=\"https:\/\/global-hookah.com\/es\/producto\/handmade-briar-pipes-for-beginners\/\" \/>\n<meta property=\"og:site_name\" content=\"Global Hookah\" \/>\n<meta property=\"article:modified_time\" content=\"2024-03-13T00:27:47+00:00\" \/>\n<meta property=\"og:image\" content=\"https:\/\/global-hookah.com\/wp-content\/uploads\/2023\/11\/Beginners-Handmade-Briarwood-Pipe-Gold-Contrasting-Color-Wood-Grain-Straight-Stem-Tobacco-Pipe-Smoking-Pipe-with.webp\" \/>\n\t<meta property=\"og:image:width\" content=\"1000\" \/>\n\t<meta property=\"og:image:height\" content=\"1000\" \/>\n\t<meta property=\"og:image:type\" content=\"image\/webp\" \/>\n<meta name=\"twitter:card\" content=\"summary_large_image\" \/>\n<meta name=\"twitter:label1\" content=\"Tiempo de lectura\" \/>\n\t<meta name=\"twitter:data1\" content=\"5 minutos\" \/>\n<script type=\"application\/ld+json\" class=\"yoast-schema-graph\">{\"@context\":\"https:\/\/schema.org\",\"@graph\":[{\"@type\":\"WebPage\",\"@id\":\"https:\/\/global-hookah.com\/product\/handmade-briar-pipes-for-beginners\/\",\"url\":\"https:\/\/global-hookah.com\/product\/handmade-briar-pipes-for-beginners\/\",\"name\":\"Handmade Briar Pipes For Beginners - Global Hookah\",\"isPartOf\":{\"@id\":\"https:\/\/global-hookah.com\/#website\"},\"primaryImageOfPage\":{\"@id\":\"https:\/\/global-hookah.com\/product\/handmade-briar-pipes-for-beginners\/#primaryimage\"},\"image\":{\"@id\":\"https:\/\/global-hookah.com\/product\/handmade-briar-pipes-for-beginners\/#primaryimage\"},\"thumbnailUrl\":\"https:\/\/global-hookah.com\/wp-content\/uploads\/2023\/11\/Beginners-Handmade-Briarwood-Pipe-Gold-Contrasting-Color-Wood-Grain-Straight-Stem-Tobacco-Pipe-Smoking-Pipe-with.webp\",\"datePublished\":\"2023-11-16T03:51:22+00:00\",\"dateModified\":\"2024-03-13T00:27:47+00:00\",\"breadcrumb\":{\"@id\":\"https:\/\/global-hookah.com\/product\/handmade-briar-pipes-for-beginners\/#breadcrumb\"},\"inLanguage\":\"es\",\"potentialAction\":[{\"@type\":\"ReadAction\",\"target\":[\"https:\/\/global-hookah.com\/product\/handmade-briar-pipes-for-beginners\/\"]}]},{\"@type\":\"ImageObject\",\"inLanguage\":\"es\",\"@id\":\"https:\/\/global-hookah.com\/product\/handmade-briar-pipes-for-beginners\/#primaryimage\",\"url\":\"https:\/\/global-hookah.com\/wp-content\/uploads\/2023\/11\/Beginners-Handmade-Briarwood-Pipe-Gold-Contrasting-Color-Wood-Grain-Straight-Stem-Tobacco-Pipe-Smoking-Pipe-with.webp\",\"contentUrl\":\"https:\/\/global-hookah.com\/wp-content\/uploads\/2023\/11\/Beginners-Handmade-Briarwood-Pipe-Gold-Contrasting-Color-Wood-Grain-Straight-Stem-Tobacco-Pipe-Smoking-Pipe-with.webp\",\"width\":1000,\"height\":1000,\"caption\":\"Handmade Briar Pipes For Beginners\"},{\"@type\":\"BreadcrumbList\",\"@id\":\"https:\/\/global-hookah.com\/product\/handmade-briar-pipes-for-beginners\/#breadcrumb\",\"itemListElement\":[{\"@type\":\"ListItem\",\"position\":1,\"name\":\"Home\",\"item\":\"https:\/\/global-hookah.com\/\"},{\"@type\":\"ListItem\",\"position\":2,\"name\":\"Shop\",\"item\":\"https:\/\/global-hookah.com\/shop\/\"},{\"@type\":\"ListItem\",\"position\":3,\"name\":\"Handmade Briar Pipes For Beginners\"}]},{\"@type\":\"WebSite\",\"@id\":\"https:\/\/global-hookah.com\/#website\",\"url\":\"https:\/\/global-hookah.com\/\",\"name\":\"Global Hookah\",\"description\":\"Global Hookah\",\"publisher\":{\"@id\":\"https:\/\/global-hookah.com\/#organization\"},\"potentialAction\":[{\"@type\":\"SearchAction\",\"target\":{\"@type\":\"EntryPoint\",\"urlTemplate\":\"https:\/\/global-hookah.com\/?s={search_term_string}\"},\"query-input\":{\"@type\":\"PropertyValueSpecification\",\"valueRequired\":true,\"valueName\":\"search_term_string\"}}],\"inLanguage\":\"es\"},{\"@type\":\"Organization\",\"@id\":\"https:\/\/global-hookah.com\/#organization\",\"name\":\"Global Hookah\",\"url\":\"https:\/\/global-hookah.com\/\",\"logo\":{\"@type\":\"ImageObject\",\"inLanguage\":\"es\",\"@id\":\"https:\/\/global-hookah.com\/#\/schema\/logo\/image\/\",\"url\":\"https:\/\/global-hookah.com\/wp-content\/uploads\/2021\/10\/cropped-fgg.png\",\"contentUrl\":\"https:\/\/global-hookah.com\/wp-content\/uploads\/2021\/10\/cropped-fgg.png\",\"width\":512,\"height\":512,\"caption\":\"Global Hookah\"},\"image\":{\"@id\":\"https:\/\/global-hookah.com\/#\/schema\/logo\/image\/\"}}]}<\/script>\n<!-- \/ Yoast SEO Premium plugin. -->","yoast_head_json":{"title":"Pipas de brezo hechas a mano para principiantes - Global Hookah","robots":{"index":"index","follow":"follow","max-snippet":"max-snippet:-1","max-image-preview":"max-image-preview:large","max-video-preview":"max-video-preview:-1"},"canonical":"https:\/\/global-hookah.com\/es\/producto\/handmade-briar-pipes-for-beginners\/","og_locale":"es_ES","og_type":"article","og_title":"Handmade Briar Pipes For Beginners","og_description":"Our handmade briar pipes designed specifically for beginners are not only reliable and practical, but also a unique work of","og_url":"https:\/\/global-hookah.com\/es\/producto\/handmade-briar-pipes-for-beginners\/","og_site_name":"Global Hookah","article_modified_time":"2024-03-13T00:27:47+00:00","og_image":[{"width":1000,"height":1000,"url":"https:\/\/global-hookah.com\/wp-content\/uploads\/2023\/11\/Beginners-Handmade-Briarwood-Pipe-Gold-Contrasting-Color-Wood-Grain-Straight-Stem-Tobacco-Pipe-Smoking-Pipe-with.webp","type":"image\/webp"}],"twitter_card":"summary_large_image","twitter_misc":{"Tiempo de lectura":"5 minutos"},"schema":{"@context":"https:\/\/schema.org","@graph":[{"@type":"WebPage","@id":"https:\/\/global-hookah.com\/product\/handmade-briar-pipes-for-beginners\/","url":"https:\/\/global-hookah.com\/product\/handmade-briar-pipes-for-beginners\/","name":"Pipas de brezo hechas a mano para principiantes - Global Hookah","isPartOf":{"@id":"https:\/\/global-hookah.com\/#website"},"primaryImageOfPage":{"@id":"https:\/\/global-hookah.com\/product\/handmade-briar-pipes-for-beginners\/#primaryimage"},"image":{"@id":"https:\/\/global-hookah.com\/product\/handmade-briar-pipes-for-beginners\/#primaryimage"},"thumbnailUrl":"https:\/\/global-hookah.com\/wp-content\/uploads\/2023\/11\/Beginners-Handmade-Briarwood-Pipe-Gold-Contrasting-Color-Wood-Grain-Straight-Stem-Tobacco-Pipe-Smoking-Pipe-with.webp","datePublished":"2023-11-16T03:51:22+00:00","dateModified":"2024-03-13T00:27:47+00:00","breadcrumb":{"@id":"https:\/\/global-hookah.com\/product\/handmade-briar-pipes-for-beginners\/#breadcrumb"},"inLanguage":"es","potentialAction":[{"@type":"ReadAction","target":["https:\/\/global-hookah.com\/product\/handmade-briar-pipes-for-beginners\/"]}]},{"@type":"ImageObject","inLanguage":"es","@id":"https:\/\/global-hookah.com\/product\/handmade-briar-pipes-for-beginners\/#primaryimage","url":"https:\/\/global-hookah.com\/wp-content\/uploads\/2023\/11\/Beginners-Handmade-Briarwood-Pipe-Gold-Contrasting-Color-Wood-Grain-Straight-Stem-Tobacco-Pipe-Smoking-Pipe-with.webp","contentUrl":"https:\/\/global-hookah.com\/wp-content\/uploads\/2023\/11\/Beginners-Handmade-Briarwood-Pipe-Gold-Contrasting-Color-Wood-Grain-Straight-Stem-Tobacco-Pipe-Smoking-Pipe-with.webp","width":1000,"height":1000,"caption":"Handmade Briar Pipes For Beginners"},{"@type":"BreadcrumbList","@id":"https:\/\/global-hookah.com\/product\/handmade-briar-pipes-for-beginners\/#breadcrumb","itemListElement":[{"@type":"ListItem","position":1,"name":"Home","item":"https:\/\/global-hookah.com\/"},{"@type":"ListItem","position":2,"name":"Shop","item":"https:\/\/global-hookah.com\/shop\/"},{"@type":"ListItem","position":3,"name":"Handmade Briar Pipes For Beginners"}]},{"@type":"WebSite","@id":"https:\/\/global-hookah.com\/#website","url":"https:\/\/global-hookah.com\/","name":"Global Hookah","description":"Global Hookah","publisher":{"@id":"https:\/\/global-hookah.com\/#organization"},"potentialAction":[{"@type":"SearchAction","target":{"@type":"EntryPoint","urlTemplate":"https:\/\/global-hookah.com\/?s={search_term_string}"},"query-input":{"@type":"PropertyValueSpecification","valueRequired":true,"valueName":"search_term_string"}}],"inLanguage":"es"},{"@type":"Organization","@id":"https:\/\/global-hookah.com\/#organization","name":"Global Hookah","url":"https:\/\/global-hookah.com\/","logo":{"@type":"ImageObject","inLanguage":"es","@id":"https:\/\/global-hookah.com\/#\/schema\/logo\/image\/","url":"https:\/\/global-hookah.com\/wp-content\/uploads\/2021\/10\/cropped-fgg.png","contentUrl":"https:\/\/global-hookah.com\/wp-content\/uploads\/2021\/10\/cropped-fgg.png","width":512,"height":512,"caption":"Global Hookah"},"image":{"@id":"https:\/\/global-hookah.com\/#\/schema\/logo\/image\/"}}]}},"_links":{"self":[{"href":"https:\/\/global-hookah.com\/es\/wp-json\/wp\/v2\/product\/16212","targetHints":{"allow":["GET"]}}],"collection":[{"href":"https:\/\/global-hookah.com\/es\/wp-json\/wp\/v2\/product"}],"about":[{"href":"https:\/\/global-hookah.com\/es\/wp-json\/wp\/v2\/types\/product"}],"replies":[{"embeddable":true,"href":"https:\/\/global-hookah.com\/es\/wp-json\/wp\/v2\/comments?post=16212"}],"version-history":[{"count":0,"href":"https:\/\/global-hookah.com\/es\/wp-json\/wp\/v2\/product\/16212\/revisions"}],"wp:featuredmedia":[{"embeddable":true,"href":"https:\/\/global-hookah.com\/es\/wp-json\/wp\/v2\/media\/16213"}],"wp:attachment":[{"href":"https:\/\/global-hookah.com\/es\/wp-json\/wp\/v2\/media?parent=16212"}],"wp:term":[{"taxonomy":"product_brand","embeddable":true,"href":"https:\/\/global-hookah.com\/es\/wp-json\/wp\/v2\/product_brand?post=16212"},{"taxonomy":"product_cat","embeddable":true,"href":"https:\/\/global-hookah.com\/es\/wp-json\/wp\/v2\/product_cat?post=16212"},{"taxonomy":"product_tag","embeddable":true,"href":"https:\/\/global-hookah.com\/es\/wp-json\/wp\/v2\/product_tag?post=16212"}],"curies":[{"name":"wp","href":"https:\/\/api.w.org\/{rel}","templated":true}]}}