{"id":16223,"date":"2023-11-16T03:52:33","date_gmt":"2023-11-16T03:52:33","guid":{"rendered":"https:\/\/global-hookah.com\/product\/unique-handmade-tobacco-pipes\/"},"modified":"2024-03-13T00:27:36","modified_gmt":"2024-03-13T00:27:36","slug":"unique-handmade-tobacco-pipes","status":"publish","type":"product","link":"https:\/\/global-hookah.com\/es\/producto\/unique-handmade-tobacco-pipes\/","title":{"rendered":"Pipas de tabaco \u00fanicas hechas a mano"},"content":{"rendered":"<p>Este <strong>Pipas de tabaco \u00fanicas hechas a mano<\/strong> son elaborados por nuestros artesanos en los dise\u00f1os m\u00e1s exclusivos. Su tacto es suave, con una delicada textura de llama. Se recubre con una capa de cera de carnauba durante el proceso de producci\u00f3n y se pule continuamente para aumentar el brillo de su superficie.<\/p>\n<p>Nuestros maestros talladores ponen mucho empe\u00f1o en su fabricaci\u00f3n, utilizando una combinaci\u00f3n de herramientas manuales y modernas herramientas de tallado mec\u00e1nico para dar forma cuidadosamente a cada tubo en blanco hasta conseguir la forma de la pipa acabada. Se utilizan t\u00e9cnicas precisas para perforar el canal de ventilaci\u00f3n a trav\u00e9s del tallo. <strong>Pipas de tabaco \u00fanicas hechas a mano<\/strong> se fabrican mediante diversos y complejos procesos de producci\u00f3n.<\/p>\n<div class=\"product-specs-list-container\">\n<ul class=\"product-specs-list util-clearfix\">\n<li class=\"product-prop line-limit-length\"><span class=\"property-title\">Material: <a href=\"https:\/\/global-hookah.com\/product-category\/tobacco-pipe\/briar-pipe\/\">brezo <\/a><\/span><span class=\"property-desc line-limit-length\">Madera<\/span><\/li>\n<li class=\"product-prop line-limit-length\"><span class=\"property-title\">Origen:\u00a0<\/span><span class=\"property-desc line-limit-length\">China continental<\/span><\/li>\n<li class=\"product-prop line-limit-length\"><span class=\"property-title\">CN:\u00a0<\/span><span class=\"property-desc line-limit-length\">Sichuan<\/span><\/li>\n<\/ul>\n<\/div>\n<p><img decoding=\"async\" src=\"https:\/\/ae01.alicdn.com\/kf\/Sd3ae7a749dca4aaa9dd51f4e89b7c556q.jpg\" \/><img decoding=\"async\" src=\"https:\/\/ae01.alicdn.com\/kf\/Sc6f8e13effe4432b81326df09479c0eec.jpg\" \/><img decoding=\"async\" src=\"https:\/\/ae01.alicdn.com\/kf\/Sc3521ca8818943388ea5d9cd6d855e4dO.jpg\" \/><img decoding=\"async\" src=\"https:\/\/ae01.alicdn.com\/kf\/S2602a7e1129a4686a7eba5312243d6263.jpg\" \/><img decoding=\"async\" src=\"https:\/\/ae01.alicdn.com\/kf\/S37bfe369535546c2a2a24484758826dbx.jpg\" \/><img decoding=\"async\" src=\"https:\/\/ae01.alicdn.com\/kf\/S81cda2662f874dafb43a44205884f20fn.jpg\" \/><\/p>","protected":false},"excerpt":{"rendered":"<p>Este \u00fanico hecho a mano pipas de tabaco son elaborados por nuestros artesanos en los dise\u00f1os m\u00e1s singulares. Tiene un tacto suave,<\/p>","protected":false},"featured_media":16224,"comment_status":"open","ping_status":"closed","template":"","meta":{"iawp_total_views":0,"_joinchat":[]},"product_brand":[],"product_cat":[478],"product_tag":[],"class_list":{"0":"post-16223","1":"product","2":"type-product","3":"status-publish","4":"has-post-thumbnail","6":"product_cat-handmade-pipe","8":"first","9":"instock","10":"sale","11":"shipping-taxable","12":"purchasable","13":"product-type-variable"},"yoast_head":"<!-- This site is optimized with the Yoast SEO Premium plugin v24.7 (Yoast SEO v26.8) - https:\/\/yoast.com\/product\/yoast-seo-premium-wordpress\/ -->\n<title>Unique Handmade Tobacco Pipes - Global Hookah<\/title>\n<meta name=\"robots\" content=\"index, follow, max-snippet:-1, max-image-preview:large, max-video-preview:-1\" \/>\n<link rel=\"canonical\" href=\"https:\/\/global-hookah.com\/es\/producto\/unique-handmade-tobacco-pipes\/\" \/>\n<meta property=\"og:locale\" content=\"es_ES\" \/>\n<meta property=\"og:type\" content=\"article\" \/>\n<meta property=\"og:title\" content=\"Unique Handmade Tobacco Pipes\" \/>\n<meta property=\"og:description\" content=\"This Unique Handmade Tobacco Pipes are crafted by our craftsmen into the most unique designs. It has a smooth feel,\" \/>\n<meta property=\"og:url\" content=\"https:\/\/global-hookah.com\/es\/producto\/unique-handmade-tobacco-pipes\/\" \/>\n<meta property=\"og:site_name\" content=\"Global Hookah\" \/>\n<meta property=\"article:modified_time\" content=\"2024-03-13T00:27:36+00:00\" \/>\n<meta property=\"og:image\" content=\"https:\/\/global-hookah.com\/wp-content\/uploads\/2023\/11\/Bamboo-Smoking-Pipe-Tea-Pet-Pipe-Tobacco-Pipe-3mm-Filter-Cartridge-Handmade-Phoebe-Bamboo-Pipe-Tea.webp\" \/>\n\t<meta property=\"og:image:width\" content=\"1000\" \/>\n\t<meta property=\"og:image:height\" content=\"1000\" \/>\n\t<meta property=\"og:image:type\" content=\"image\/webp\" \/>\n<meta name=\"twitter:card\" content=\"summary_large_image\" \/>\n<meta name=\"twitter:label1\" content=\"Tiempo de lectura\" \/>\n\t<meta name=\"twitter:data1\" content=\"2 minutos\" \/>\n<script type=\"application\/ld+json\" class=\"yoast-schema-graph\">{\"@context\":\"https:\/\/schema.org\",\"@graph\":[{\"@type\":\"WebPage\",\"@id\":\"https:\/\/global-hookah.com\/product\/unique-handmade-tobacco-pipes\/\",\"url\":\"https:\/\/global-hookah.com\/product\/unique-handmade-tobacco-pipes\/\",\"name\":\"Unique Handmade Tobacco Pipes - Global Hookah\",\"isPartOf\":{\"@id\":\"https:\/\/global-hookah.com\/#website\"},\"primaryImageOfPage\":{\"@id\":\"https:\/\/global-hookah.com\/product\/unique-handmade-tobacco-pipes\/#primaryimage\"},\"image\":{\"@id\":\"https:\/\/global-hookah.com\/product\/unique-handmade-tobacco-pipes\/#primaryimage\"},\"thumbnailUrl\":\"https:\/\/global-hookah.com\/wp-content\/uploads\/2023\/11\/Bamboo-Smoking-Pipe-Tea-Pet-Pipe-Tobacco-Pipe-3mm-Filter-Cartridge-Handmade-Phoebe-Bamboo-Pipe-Tea.webp\",\"datePublished\":\"2023-11-16T03:52:33+00:00\",\"dateModified\":\"2024-03-13T00:27:36+00:00\",\"breadcrumb\":{\"@id\":\"https:\/\/global-hookah.com\/product\/unique-handmade-tobacco-pipes\/#breadcrumb\"},\"inLanguage\":\"es\",\"potentialAction\":[{\"@type\":\"ReadAction\",\"target\":[\"https:\/\/global-hookah.com\/product\/unique-handmade-tobacco-pipes\/\"]}]},{\"@type\":\"ImageObject\",\"inLanguage\":\"es\",\"@id\":\"https:\/\/global-hookah.com\/product\/unique-handmade-tobacco-pipes\/#primaryimage\",\"url\":\"https:\/\/global-hookah.com\/wp-content\/uploads\/2023\/11\/Bamboo-Smoking-Pipe-Tea-Pet-Pipe-Tobacco-Pipe-3mm-Filter-Cartridge-Handmade-Phoebe-Bamboo-Pipe-Tea.webp\",\"contentUrl\":\"https:\/\/global-hookah.com\/wp-content\/uploads\/2023\/11\/Bamboo-Smoking-Pipe-Tea-Pet-Pipe-Tobacco-Pipe-3mm-Filter-Cartridge-Handmade-Phoebe-Bamboo-Pipe-Tea.webp\",\"width\":1000,\"height\":1000,\"caption\":\"Unique Handmade Tobacco Pipes\"},{\"@type\":\"BreadcrumbList\",\"@id\":\"https:\/\/global-hookah.com\/product\/unique-handmade-tobacco-pipes\/#breadcrumb\",\"itemListElement\":[{\"@type\":\"ListItem\",\"position\":1,\"name\":\"Home\",\"item\":\"https:\/\/global-hookah.com\/\"},{\"@type\":\"ListItem\",\"position\":2,\"name\":\"Shop\",\"item\":\"https:\/\/global-hookah.com\/shop\/\"},{\"@type\":\"ListItem\",\"position\":3,\"name\":\"Unique Handmade Tobacco Pipes\"}]},{\"@type\":\"WebSite\",\"@id\":\"https:\/\/global-hookah.com\/#website\",\"url\":\"https:\/\/global-hookah.com\/\",\"name\":\"Global Hookah\",\"description\":\"Global Hookah\",\"publisher\":{\"@id\":\"https:\/\/global-hookah.com\/#organization\"},\"potentialAction\":[{\"@type\":\"SearchAction\",\"target\":{\"@type\":\"EntryPoint\",\"urlTemplate\":\"https:\/\/global-hookah.com\/?s={search_term_string}\"},\"query-input\":{\"@type\":\"PropertyValueSpecification\",\"valueRequired\":true,\"valueName\":\"search_term_string\"}}],\"inLanguage\":\"es\"},{\"@type\":\"Organization\",\"@id\":\"https:\/\/global-hookah.com\/#organization\",\"name\":\"Global Hookah\",\"url\":\"https:\/\/global-hookah.com\/\",\"logo\":{\"@type\":\"ImageObject\",\"inLanguage\":\"es\",\"@id\":\"https:\/\/global-hookah.com\/#\/schema\/logo\/image\/\",\"url\":\"https:\/\/global-hookah.com\/wp-content\/uploads\/2021\/10\/cropped-fgg.png\",\"contentUrl\":\"https:\/\/global-hookah.com\/wp-content\/uploads\/2021\/10\/cropped-fgg.png\",\"width\":512,\"height\":512,\"caption\":\"Global Hookah\"},\"image\":{\"@id\":\"https:\/\/global-hookah.com\/#\/schema\/logo\/image\/\"}}]}<\/script>\n<!-- \/ Yoast SEO Premium plugin. -->","yoast_head_json":{"title":"Pipas de tabaco \u00fanicas hechas a mano - Global Hookah","robots":{"index":"index","follow":"follow","max-snippet":"max-snippet:-1","max-image-preview":"max-image-preview:large","max-video-preview":"max-video-preview:-1"},"canonical":"https:\/\/global-hookah.com\/es\/producto\/unique-handmade-tobacco-pipes\/","og_locale":"es_ES","og_type":"article","og_title":"Unique Handmade Tobacco Pipes","og_description":"This Unique Handmade Tobacco Pipes are crafted by our craftsmen into the most unique designs. It has a smooth feel,","og_url":"https:\/\/global-hookah.com\/es\/producto\/unique-handmade-tobacco-pipes\/","og_site_name":"Global Hookah","article_modified_time":"2024-03-13T00:27:36+00:00","og_image":[{"width":1000,"height":1000,"url":"https:\/\/global-hookah.com\/wp-content\/uploads\/2023\/11\/Bamboo-Smoking-Pipe-Tea-Pet-Pipe-Tobacco-Pipe-3mm-Filter-Cartridge-Handmade-Phoebe-Bamboo-Pipe-Tea.webp","type":"image\/webp"}],"twitter_card":"summary_large_image","twitter_misc":{"Tiempo de lectura":"2 minutos"},"schema":{"@context":"https:\/\/schema.org","@graph":[{"@type":"WebPage","@id":"https:\/\/global-hookah.com\/product\/unique-handmade-tobacco-pipes\/","url":"https:\/\/global-hookah.com\/product\/unique-handmade-tobacco-pipes\/","name":"Pipas de tabaco \u00fanicas hechas a mano - Global Hookah","isPartOf":{"@id":"https:\/\/global-hookah.com\/#website"},"primaryImageOfPage":{"@id":"https:\/\/global-hookah.com\/product\/unique-handmade-tobacco-pipes\/#primaryimage"},"image":{"@id":"https:\/\/global-hookah.com\/product\/unique-handmade-tobacco-pipes\/#primaryimage"},"thumbnailUrl":"https:\/\/global-hookah.com\/wp-content\/uploads\/2023\/11\/Bamboo-Smoking-Pipe-Tea-Pet-Pipe-Tobacco-Pipe-3mm-Filter-Cartridge-Handmade-Phoebe-Bamboo-Pipe-Tea.webp","datePublished":"2023-11-16T03:52:33+00:00","dateModified":"2024-03-13T00:27:36+00:00","breadcrumb":{"@id":"https:\/\/global-hookah.com\/product\/unique-handmade-tobacco-pipes\/#breadcrumb"},"inLanguage":"es","potentialAction":[{"@type":"ReadAction","target":["https:\/\/global-hookah.com\/product\/unique-handmade-tobacco-pipes\/"]}]},{"@type":"ImageObject","inLanguage":"es","@id":"https:\/\/global-hookah.com\/product\/unique-handmade-tobacco-pipes\/#primaryimage","url":"https:\/\/global-hookah.com\/wp-content\/uploads\/2023\/11\/Bamboo-Smoking-Pipe-Tea-Pet-Pipe-Tobacco-Pipe-3mm-Filter-Cartridge-Handmade-Phoebe-Bamboo-Pipe-Tea.webp","contentUrl":"https:\/\/global-hookah.com\/wp-content\/uploads\/2023\/11\/Bamboo-Smoking-Pipe-Tea-Pet-Pipe-Tobacco-Pipe-3mm-Filter-Cartridge-Handmade-Phoebe-Bamboo-Pipe-Tea.webp","width":1000,"height":1000,"caption":"Unique Handmade Tobacco Pipes"},{"@type":"BreadcrumbList","@id":"https:\/\/global-hookah.com\/product\/unique-handmade-tobacco-pipes\/#breadcrumb","itemListElement":[{"@type":"ListItem","position":1,"name":"Home","item":"https:\/\/global-hookah.com\/"},{"@type":"ListItem","position":2,"name":"Shop","item":"https:\/\/global-hookah.com\/shop\/"},{"@type":"ListItem","position":3,"name":"Unique Handmade Tobacco Pipes"}]},{"@type":"WebSite","@id":"https:\/\/global-hookah.com\/#website","url":"https:\/\/global-hookah.com\/","name":"Global Hookah","description":"Global Hookah","publisher":{"@id":"https:\/\/global-hookah.com\/#organization"},"potentialAction":[{"@type":"SearchAction","target":{"@type":"EntryPoint","urlTemplate":"https:\/\/global-hookah.com\/?s={search_term_string}"},"query-input":{"@type":"PropertyValueSpecification","valueRequired":true,"valueName":"search_term_string"}}],"inLanguage":"es"},{"@type":"Organization","@id":"https:\/\/global-hookah.com\/#organization","name":"Global Hookah","url":"https:\/\/global-hookah.com\/","logo":{"@type":"ImageObject","inLanguage":"es","@id":"https:\/\/global-hookah.com\/#\/schema\/logo\/image\/","url":"https:\/\/global-hookah.com\/wp-content\/uploads\/2021\/10\/cropped-fgg.png","contentUrl":"https:\/\/global-hookah.com\/wp-content\/uploads\/2021\/10\/cropped-fgg.png","width":512,"height":512,"caption":"Global Hookah"},"image":{"@id":"https:\/\/global-hookah.com\/#\/schema\/logo\/image\/"}}]}},"_links":{"self":[{"href":"https:\/\/global-hookah.com\/es\/wp-json\/wp\/v2\/product\/16223","targetHints":{"allow":["GET"]}}],"collection":[{"href":"https:\/\/global-hookah.com\/es\/wp-json\/wp\/v2\/product"}],"about":[{"href":"https:\/\/global-hookah.com\/es\/wp-json\/wp\/v2\/types\/product"}],"replies":[{"embeddable":true,"href":"https:\/\/global-hookah.com\/es\/wp-json\/wp\/v2\/comments?post=16223"}],"version-history":[{"count":0,"href":"https:\/\/global-hookah.com\/es\/wp-json\/wp\/v2\/product\/16223\/revisions"}],"wp:featuredmedia":[{"embeddable":true,"href":"https:\/\/global-hookah.com\/es\/wp-json\/wp\/v2\/media\/16224"}],"wp:attachment":[{"href":"https:\/\/global-hookah.com\/es\/wp-json\/wp\/v2\/media?parent=16223"}],"wp:term":[{"taxonomy":"product_brand","embeddable":true,"href":"https:\/\/global-hookah.com\/es\/wp-json\/wp\/v2\/product_brand?post=16223"},{"taxonomy":"product_cat","embeddable":true,"href":"https:\/\/global-hookah.com\/es\/wp-json\/wp\/v2\/product_cat?post=16223"},{"taxonomy":"product_tag","embeddable":true,"href":"https:\/\/global-hookah.com\/es\/wp-json\/wp\/v2\/product_tag?post=16223"}],"curies":[{"name":"wp","href":"https:\/\/api.w.org\/{rel}","templated":true}]}}