{"id":16440,"date":"2023-11-29T07:56:50","date_gmt":"2023-11-29T07:56:50","guid":{"rendered":"https:\/\/global-hookah.com\/product\/handmade-briar-volcano-pipe\/"},"modified":"2024-01-21T08:45:09","modified_gmt":"2024-01-21T08:45:09","slug":"handmade-briar-volcano-pipe","status":"publish","type":"product","link":"https:\/\/global-hookah.com\/es\/producto\/handmade-briar-volcano-pipe\/","title":{"rendered":"Pipa volc\u00e1n de brezo hecha a mano"},"content":{"rendered":"<p>Inspirado en la naturaleza, el patr\u00f3n volc\u00e1nico de este <strong>Pipa volc\u00e1n de brezo hecha a mano<\/strong> se asemeja a un robusto volc\u00e1n en la superficie de la tierra. El fondo del cuenco se ensancha a prop\u00f3sito, estrech\u00e1ndose gradualmente hacia arriba, igual que el exterior del crecimiento en capas de un volc\u00e1n. Esta forma c\u00f3nica ingeniosamente dise\u00f1ada es exactamente lo contrario de la <a href=\"https:\/\/global-hookah.com\/product-category\/tobacco-pipe\/handmade-pipe\/\">Forma de tubo de Dubl\u00edn<\/a>.<\/p>\n<p>Siguiendo las t\u00e9cnicas tradicionales, seleccionamos madera de brezo de primera calidad para representar las crestas y valles de un volc\u00e1n con ricas vetas de madera. La ca\u00f1a est\u00e1 rodeada de texturas de llamas ardientes que recuerdan a la lava volc\u00e1nica, complementadas con dibujos de ojos de perdiz en la parte inferior, de gran realismo. Para mayor comodidad del cliente, nuestros artesanos italianos han procesado exquisitamente este <strong>Pipa volc\u00e1n hecha a mano,<\/strong> que no s\u00f3lo le permite sentir intuitivamente los abundantes patrones de ojo de p\u00e1jaro en el fondo del cuenco, sino que adem\u00e1s la capa de carbono especialmente procesada puede ayudarle a evitar quemaduras.<\/p>\n<div class=\"product-specs-list-container\">\n<ul class=\"product-specs-list util-clearfix\">\n<li class=\"product-prop line-limit-length\"><span class=\"property-title\">N\u00famero de modelo:\u00a0<\/span><span class=\"property-desc line-limit-length\">AA20010Q1W1E<\/span><\/li>\n<\/ul>\n<\/div>\n<p>&nbsp;<\/p>\n<p>AA20010Q1W1E<\/p>\n<p><img decoding=\"async\" src=\"https:\/\/ae01.alicdn.com\/kf\/Sf359b47814fe42388a037eb40540d2f0U.jpg\" \/><img decoding=\"async\" src=\"https:\/\/ae01.alicdn.com\/kf\/S73cd1491984a4342be45651c50543e039.jpg\" \/><img decoding=\"async\" src=\"https:\/\/ae01.alicdn.com\/kf\/S67f9d116ab1d4eadb16c9f40e5058cfcB.jpg\" \/><img decoding=\"async\" src=\"https:\/\/ae01.alicdn.com\/kf\/S26af22a3c54b4b94ab6aa7172eb981cdV.jpg\" \/><img decoding=\"async\" src=\"https:\/\/ae01.alicdn.com\/kf\/S7a959db97e2e4902866d1ca5f38dd805Q.jpg\" \/><img decoding=\"async\" src=\"https:\/\/ae01.alicdn.com\/kf\/Sc104a33a54e34ca99f9f57c9dd95a4e6d.jpg\" \/><img decoding=\"async\" src=\"https:\/\/ae01.alicdn.com\/kf\/Sde1a82d54e074a4fbf267b4df96a68bf7.jpg\" \/><img decoding=\"async\" src=\"https:\/\/ae01.alicdn.com\/kf\/S58afea10d9aa4fe69a15a2e73d2a031da.jpg\" \/><img decoding=\"async\" src=\"https:\/\/ae01.alicdn.com\/kf\/S959fcb583c614ef890bdeb3afc56174df.jpg\" \/>AA20010H1W1E<\/p>\n<p><img decoding=\"async\" src=\"https:\/\/ae01.alicdn.com\/kf\/Sb297db775953432c84abc5d1612bf14aA.jpg\" \/><img decoding=\"async\" src=\"https:\/\/ae01.alicdn.com\/kf\/Sbefc398ecd9947c78666e87504e118eeR.jpg\" \/><img decoding=\"async\" src=\"https:\/\/ae01.alicdn.com\/kf\/Sf19e27f68857470288adeb848171bce8I.jpg\" \/><img decoding=\"async\" src=\"https:\/\/ae01.alicdn.com\/kf\/S25790f3ff9094822a319983720cf6002Z.jpg\" \/><img decoding=\"async\" src=\"https:\/\/ae01.alicdn.com\/kf\/Sf9602d510b28435895c0da7b7a88ecfbx.jpg\" \/><img decoding=\"async\" src=\"https:\/\/ae01.alicdn.com\/kf\/S085c1496d5274699b893581957200f4cd.jpg\" \/><img decoding=\"async\" src=\"https:\/\/ae01.alicdn.com\/kf\/S0a021318427442e0bccb761e457afa7eH.jpg\" \/><img decoding=\"async\" src=\"https:\/\/ae01.alicdn.com\/kf\/S921624aaabaa4106bd591be227aface8J.jpg\" \/><img decoding=\"async\" src=\"https:\/\/ae01.alicdn.com\/kf\/Sc86052a6774f42ee8408d61bf323cff7L.jpg\" \/><\/p>","protected":false},"excerpt":{"rendered":"<p>Inspirado en la naturaleza, el patr\u00f3n volc\u00e1nico de esta pipa Handmade Briar Volcano Pipe se asemeja a un robusto volc\u00e1n en la superficie del<\/p>","protected":false},"featured_media":16441,"comment_status":"open","ping_status":"closed","template":"","meta":{"iawp_total_views":5,"_joinchat":[]},"product_brand":[],"product_cat":[480,478,579],"product_tag":[],"class_list":{"0":"post-16440","1":"product","2":"type-product","3":"status-publish","4":"has-post-thumbnail","6":"product_cat-briar-pipe","7":"product_cat-handmade-pipe","8":"product_cat-volcano-pipe","10":"first","11":"instock","12":"sale","13":"shipping-taxable","14":"purchasable","15":"product-type-variable"},"yoast_head":"<!-- This site is optimized with the Yoast SEO Premium plugin v24.7 (Yoast SEO v26.8) - https:\/\/yoast.com\/product\/yoast-seo-premium-wordpress\/ -->\n<title>Handmade Briar Volcano Pipe - Global Hookah<\/title>\n<meta name=\"robots\" content=\"index, follow, max-snippet:-1, max-image-preview:large, max-video-preview:-1\" \/>\n<link rel=\"canonical\" href=\"https:\/\/global-hookah.com\/es\/producto\/handmade-briar-volcano-pipe\/\" \/>\n<meta property=\"og:locale\" content=\"es_ES\" \/>\n<meta property=\"og:type\" content=\"article\" \/>\n<meta property=\"og:title\" content=\"Handmade Briar Volcano Pipe\" \/>\n<meta property=\"og:description\" content=\"Inspired by nature, the volcanic pattern of this Handmade Briar Volcano Pipe resembles a robust volcano on the surface of\" \/>\n<meta property=\"og:url\" content=\"https:\/\/global-hookah.com\/es\/producto\/handmade-briar-volcano-pipe\/\" \/>\n<meta property=\"og:site_name\" content=\"Global Hookah\" \/>\n<meta property=\"article:modified_time\" content=\"2024-01-21T08:45:09+00:00\" \/>\n<meta property=\"og:image\" content=\"https:\/\/global-hookah.com\/wp-content\/uploads\/2023\/11\/MUXIANG-handmade-tobacco-pipe-volcano-pipe-ID-19mm-3mm-pipe-channel-vulcanized-rubber-pipe-mouth-Father.webp\" \/>\n\t<meta property=\"og:image:width\" content=\"1000\" \/>\n\t<meta property=\"og:image:height\" content=\"1000\" \/>\n\t<meta property=\"og:image:type\" content=\"image\/webp\" \/>\n<meta name=\"twitter:card\" content=\"summary_large_image\" \/>\n<meta name=\"twitter:label1\" content=\"Tiempo de lectura\" \/>\n\t<meta name=\"twitter:data1\" content=\"5 minutos\" \/>\n<script type=\"application\/ld+json\" class=\"yoast-schema-graph\">{\"@context\":\"https:\/\/schema.org\",\"@graph\":[{\"@type\":\"WebPage\",\"@id\":\"https:\/\/global-hookah.com\/product\/handmade-briar-volcano-pipe\/\",\"url\":\"https:\/\/global-hookah.com\/product\/handmade-briar-volcano-pipe\/\",\"name\":\"Handmade Briar Volcano Pipe - Global Hookah\",\"isPartOf\":{\"@id\":\"https:\/\/global-hookah.com\/#website\"},\"primaryImageOfPage\":{\"@id\":\"https:\/\/global-hookah.com\/product\/handmade-briar-volcano-pipe\/#primaryimage\"},\"image\":{\"@id\":\"https:\/\/global-hookah.com\/product\/handmade-briar-volcano-pipe\/#primaryimage\"},\"thumbnailUrl\":\"https:\/\/global-hookah.com\/wp-content\/uploads\/2023\/11\/MUXIANG-handmade-tobacco-pipe-volcano-pipe-ID-19mm-3mm-pipe-channel-vulcanized-rubber-pipe-mouth-Father.webp\",\"datePublished\":\"2023-11-29T07:56:50+00:00\",\"dateModified\":\"2024-01-21T08:45:09+00:00\",\"breadcrumb\":{\"@id\":\"https:\/\/global-hookah.com\/product\/handmade-briar-volcano-pipe\/#breadcrumb\"},\"inLanguage\":\"es\",\"potentialAction\":[{\"@type\":\"ReadAction\",\"target\":[\"https:\/\/global-hookah.com\/product\/handmade-briar-volcano-pipe\/\"]}]},{\"@type\":\"ImageObject\",\"inLanguage\":\"es\",\"@id\":\"https:\/\/global-hookah.com\/product\/handmade-briar-volcano-pipe\/#primaryimage\",\"url\":\"https:\/\/global-hookah.com\/wp-content\/uploads\/2023\/11\/MUXIANG-handmade-tobacco-pipe-volcano-pipe-ID-19mm-3mm-pipe-channel-vulcanized-rubber-pipe-mouth-Father.webp\",\"contentUrl\":\"https:\/\/global-hookah.com\/wp-content\/uploads\/2023\/11\/MUXIANG-handmade-tobacco-pipe-volcano-pipe-ID-19mm-3mm-pipe-channel-vulcanized-rubber-pipe-mouth-Father.webp\",\"width\":1000,\"height\":1000,\"caption\":\"Handmade Briar Volcano Pipe\"},{\"@type\":\"BreadcrumbList\",\"@id\":\"https:\/\/global-hookah.com\/product\/handmade-briar-volcano-pipe\/#breadcrumb\",\"itemListElement\":[{\"@type\":\"ListItem\",\"position\":1,\"name\":\"Home\",\"item\":\"https:\/\/global-hookah.com\/\"},{\"@type\":\"ListItem\",\"position\":2,\"name\":\"Shop\",\"item\":\"https:\/\/global-hookah.com\/shop\/\"},{\"@type\":\"ListItem\",\"position\":3,\"name\":\"Handmade Briar Volcano Pipe\"}]},{\"@type\":\"WebSite\",\"@id\":\"https:\/\/global-hookah.com\/#website\",\"url\":\"https:\/\/global-hookah.com\/\",\"name\":\"Global Hookah\",\"description\":\"Global Hookah\",\"publisher\":{\"@id\":\"https:\/\/global-hookah.com\/#organization\"},\"potentialAction\":[{\"@type\":\"SearchAction\",\"target\":{\"@type\":\"EntryPoint\",\"urlTemplate\":\"https:\/\/global-hookah.com\/?s={search_term_string}\"},\"query-input\":{\"@type\":\"PropertyValueSpecification\",\"valueRequired\":true,\"valueName\":\"search_term_string\"}}],\"inLanguage\":\"es\"},{\"@type\":\"Organization\",\"@id\":\"https:\/\/global-hookah.com\/#organization\",\"name\":\"Global Hookah\",\"url\":\"https:\/\/global-hookah.com\/\",\"logo\":{\"@type\":\"ImageObject\",\"inLanguage\":\"es\",\"@id\":\"https:\/\/global-hookah.com\/#\/schema\/logo\/image\/\",\"url\":\"https:\/\/global-hookah.com\/wp-content\/uploads\/2021\/10\/cropped-fgg.png\",\"contentUrl\":\"https:\/\/global-hookah.com\/wp-content\/uploads\/2021\/10\/cropped-fgg.png\",\"width\":512,\"height\":512,\"caption\":\"Global Hookah\"},\"image\":{\"@id\":\"https:\/\/global-hookah.com\/#\/schema\/logo\/image\/\"}}]}<\/script>\n<!-- \/ Yoast SEO Premium plugin. -->","yoast_head_json":{"title":"Pipa volc\u00e1n de brezo hecha a mano - Global Hookah","robots":{"index":"index","follow":"follow","max-snippet":"max-snippet:-1","max-image-preview":"max-image-preview:large","max-video-preview":"max-video-preview:-1"},"canonical":"https:\/\/global-hookah.com\/es\/producto\/handmade-briar-volcano-pipe\/","og_locale":"es_ES","og_type":"article","og_title":"Handmade Briar Volcano Pipe","og_description":"Inspired by nature, the volcanic pattern of this Handmade Briar Volcano Pipe resembles a robust volcano on the surface of","og_url":"https:\/\/global-hookah.com\/es\/producto\/handmade-briar-volcano-pipe\/","og_site_name":"Global Hookah","article_modified_time":"2024-01-21T08:45:09+00:00","og_image":[{"width":1000,"height":1000,"url":"https:\/\/global-hookah.com\/wp-content\/uploads\/2023\/11\/MUXIANG-handmade-tobacco-pipe-volcano-pipe-ID-19mm-3mm-pipe-channel-vulcanized-rubber-pipe-mouth-Father.webp","type":"image\/webp"}],"twitter_card":"summary_large_image","twitter_misc":{"Tiempo de lectura":"5 minutos"},"schema":{"@context":"https:\/\/schema.org","@graph":[{"@type":"WebPage","@id":"https:\/\/global-hookah.com\/product\/handmade-briar-volcano-pipe\/","url":"https:\/\/global-hookah.com\/product\/handmade-briar-volcano-pipe\/","name":"Pipa volc\u00e1n de brezo hecha a mano - Global Hookah","isPartOf":{"@id":"https:\/\/global-hookah.com\/#website"},"primaryImageOfPage":{"@id":"https:\/\/global-hookah.com\/product\/handmade-briar-volcano-pipe\/#primaryimage"},"image":{"@id":"https:\/\/global-hookah.com\/product\/handmade-briar-volcano-pipe\/#primaryimage"},"thumbnailUrl":"https:\/\/global-hookah.com\/wp-content\/uploads\/2023\/11\/MUXIANG-handmade-tobacco-pipe-volcano-pipe-ID-19mm-3mm-pipe-channel-vulcanized-rubber-pipe-mouth-Father.webp","datePublished":"2023-11-29T07:56:50+00:00","dateModified":"2024-01-21T08:45:09+00:00","breadcrumb":{"@id":"https:\/\/global-hookah.com\/product\/handmade-briar-volcano-pipe\/#breadcrumb"},"inLanguage":"es","potentialAction":[{"@type":"ReadAction","target":["https:\/\/global-hookah.com\/product\/handmade-briar-volcano-pipe\/"]}]},{"@type":"ImageObject","inLanguage":"es","@id":"https:\/\/global-hookah.com\/product\/handmade-briar-volcano-pipe\/#primaryimage","url":"https:\/\/global-hookah.com\/wp-content\/uploads\/2023\/11\/MUXIANG-handmade-tobacco-pipe-volcano-pipe-ID-19mm-3mm-pipe-channel-vulcanized-rubber-pipe-mouth-Father.webp","contentUrl":"https:\/\/global-hookah.com\/wp-content\/uploads\/2023\/11\/MUXIANG-handmade-tobacco-pipe-volcano-pipe-ID-19mm-3mm-pipe-channel-vulcanized-rubber-pipe-mouth-Father.webp","width":1000,"height":1000,"caption":"Handmade Briar Volcano Pipe"},{"@type":"BreadcrumbList","@id":"https:\/\/global-hookah.com\/product\/handmade-briar-volcano-pipe\/#breadcrumb","itemListElement":[{"@type":"ListItem","position":1,"name":"Home","item":"https:\/\/global-hookah.com\/"},{"@type":"ListItem","position":2,"name":"Shop","item":"https:\/\/global-hookah.com\/shop\/"},{"@type":"ListItem","position":3,"name":"Handmade Briar Volcano Pipe"}]},{"@type":"WebSite","@id":"https:\/\/global-hookah.com\/#website","url":"https:\/\/global-hookah.com\/","name":"Global Hookah","description":"Global Hookah","publisher":{"@id":"https:\/\/global-hookah.com\/#organization"},"potentialAction":[{"@type":"SearchAction","target":{"@type":"EntryPoint","urlTemplate":"https:\/\/global-hookah.com\/?s={search_term_string}"},"query-input":{"@type":"PropertyValueSpecification","valueRequired":true,"valueName":"search_term_string"}}],"inLanguage":"es"},{"@type":"Organization","@id":"https:\/\/global-hookah.com\/#organization","name":"Global Hookah","url":"https:\/\/global-hookah.com\/","logo":{"@type":"ImageObject","inLanguage":"es","@id":"https:\/\/global-hookah.com\/#\/schema\/logo\/image\/","url":"https:\/\/global-hookah.com\/wp-content\/uploads\/2021\/10\/cropped-fgg.png","contentUrl":"https:\/\/global-hookah.com\/wp-content\/uploads\/2021\/10\/cropped-fgg.png","width":512,"height":512,"caption":"Global Hookah"},"image":{"@id":"https:\/\/global-hookah.com\/#\/schema\/logo\/image\/"}}]}},"_links":{"self":[{"href":"https:\/\/global-hookah.com\/es\/wp-json\/wp\/v2\/product\/16440","targetHints":{"allow":["GET"]}}],"collection":[{"href":"https:\/\/global-hookah.com\/es\/wp-json\/wp\/v2\/product"}],"about":[{"href":"https:\/\/global-hookah.com\/es\/wp-json\/wp\/v2\/types\/product"}],"replies":[{"embeddable":true,"href":"https:\/\/global-hookah.com\/es\/wp-json\/wp\/v2\/comments?post=16440"}],"version-history":[{"count":0,"href":"https:\/\/global-hookah.com\/es\/wp-json\/wp\/v2\/product\/16440\/revisions"}],"wp:featuredmedia":[{"embeddable":true,"href":"https:\/\/global-hookah.com\/es\/wp-json\/wp\/v2\/media\/16441"}],"wp:attachment":[{"href":"https:\/\/global-hookah.com\/es\/wp-json\/wp\/v2\/media?parent=16440"}],"wp:term":[{"taxonomy":"product_brand","embeddable":true,"href":"https:\/\/global-hookah.com\/es\/wp-json\/wp\/v2\/product_brand?post=16440"},{"taxonomy":"product_cat","embeddable":true,"href":"https:\/\/global-hookah.com\/es\/wp-json\/wp\/v2\/product_cat?post=16440"},{"taxonomy":"product_tag","embeddable":true,"href":"https:\/\/global-hookah.com\/es\/wp-json\/wp\/v2\/product_tag?post=16440"}],"curies":[{"name":"wp","href":"https:\/\/api.w.org\/{rel}","templated":true}]}}