{"id":16451,"date":"2023-11-29T08:20:12","date_gmt":"2023-11-29T08:20:12","guid":{"rendered":"https:\/\/global-hookah.com\/product\/rosewood-handmade-apple-tobacco-pipe\/"},"modified":"2023-11-29T08:42:57","modified_gmt":"2023-11-29T08:42:57","slug":"rosewood-handmade-apple-tobacco-pipe","status":"publish","type":"product","link":"https:\/\/global-hookah.com\/es\/producto\/rosewood-handmade-apple-tobacco-pipe\/","title":{"rendered":"Pipa de Tabaco de Manzana de Palo de Rosa hecha a mano"},"content":{"rendered":"<p>Este <strong>Pipa de Tabaco de Manzana de Palo de Rosa hecha a mano<\/strong> est\u00e1 fabricada con un raro palisandro, y su superficie se ha pulido a mano para darle un tono profundo y meloso. Las curvas en forma de manzana combinan con el palisandro pulido para crear una est\u00e9tica \u00fanica. En comparaci\u00f3n con <a href=\"https:\/\/global-hookah.com\/product-category\/tobacco-pipe\/briar-pipe\/\">pipas de madera de brezo<\/a>Este <strong>Pipa de palisandro hecha a mano<\/strong> tiene un alto contenido de aceite natural, que ayuda a resistir la humedad. Tambi\u00e9n evita que la c\u00e1mara de tabaco absorba l\u00edquido, lo que resulta en un humo fresco y seco<\/p>\n<p>Adem\u00e1s, nuestros maestros de la pipa tienen en cuenta el tacto y la combusti\u00f3n del tabaco a la hora de dise\u00f1ar. Las c\u00e1maras de humo internas especialmente dise\u00f1adas garantizan una combusti\u00f3n uniforme y suave del tabaco.<\/p>\n<p>Dise\u00f1o: Billar.<br \/>\nAdecuado para su uso con un carb\u00f3n activado de 9 mm.<\/p>\n<p>Con mango acr\u00edlico y cuerpo macizo, es la mejor elecci\u00f3n para quienes buscan una pipa especial hecha a mano.<\/p>\n<p>La personalizaci\u00f3n est\u00e1 disponible mediante t\u00e9cnicas de grabado por l\u00e1ser.<\/p>\n<div class=\"product-specs-list-container\">\n<ul class=\"product-specs-list util-clearfix\">\n<li class=\"product-prop line-limit-length\"><span class=\"property-title\">N\u00famero de modelo:\u00a0<\/span><span class=\"property-desc line-limit-length\">ad0087<\/span><\/li>\n<li class=\"product-prop line-limit-length\"><\/li>\n<\/ul>\n<\/div>\n<p><img decoding=\"async\" src=\"https:\/\/ae01.alicdn.com\/kf\/Af7b34c6835984601b1b20a703af61ab5J.jpg\" \/><img decoding=\"async\" src=\"https:\/\/ae01.alicdn.com\/kf\/Adc88ed11cc0d4694a9cfd13d43355ef9L.jpg\" \/><img decoding=\"async\" src=\"https:\/\/ae01.alicdn.com\/kf\/Aa9e8a8744aab444db9915e4feeb1bcbdS.jpg\" \/><img decoding=\"async\" src=\"https:\/\/ae01.alicdn.com\/kf\/Ac462d2f000ce427ab5e0b07ecc6834cdJ.jpg\" \/><img decoding=\"async\" src=\"https:\/\/ae01.alicdn.com\/kf\/A78b6aaef5c0f46c0af9c76e94904fd49P.jpg\" \/><img decoding=\"async\" src=\"https:\/\/ae01.alicdn.com\/kf\/A5476818562f941b4a35504615e9f2ea3l.jpg\" \/><img decoding=\"async\" src=\"https:\/\/ae01.alicdn.com\/kf\/A42ad7530f20346f28e2414c2a18d520fw.jpg\" \/><\/p>","protected":false},"excerpt":{"rendered":"<p>Esta Pipa de Tabaco de Manzana de Palo de Rosa hecha a mano est\u00e1 fabricada con un palisandro poco com\u00fan, y la superficie se ha pulido a mano para darle<\/p>","protected":false},"featured_media":16452,"comment_status":"open","ping_status":"closed","template":"","meta":{"iawp_total_views":0,"_joinchat":[]},"product_brand":[],"product_cat":[478],"product_tag":[],"class_list":{"0":"post-16451","1":"product","2":"type-product","3":"status-publish","4":"has-post-thumbnail","6":"product_cat-handmade-pipe","8":"first","9":"instock","10":"sale","11":"shipping-taxable","12":"purchasable","13":"product-type-variable"},"yoast_head":"<!-- This site is optimized with the Yoast SEO Premium plugin v24.7 (Yoast SEO v26.8) - https:\/\/yoast.com\/product\/yoast-seo-premium-wordpress\/ -->\n<title>Rosewood Handmade Apple Tobacco Pipe - Global Hookah<\/title>\n<meta name=\"robots\" content=\"index, follow, max-snippet:-1, max-image-preview:large, max-video-preview:-1\" \/>\n<link rel=\"canonical\" href=\"https:\/\/global-hookah.com\/es\/pt\/produto\/cachimbo-de-tabaco-de-maca-feito-a-mao-em-pau-rosa\/\" \/>\n<meta property=\"og:locale\" content=\"es_ES\" \/>\n<meta property=\"og:type\" content=\"article\" \/>\n<meta property=\"og:title\" content=\"Rosewood Handmade Apple Tobacco Pipe\" \/>\n<meta property=\"og:description\" content=\"This Rosewood Handmade Apple Tobacco Pipe is made of rare rosewood, and the surface has been hand-polished to give it\" \/>\n<meta property=\"og:url\" content=\"https:\/\/global-hookah.com\/es\/pt\/produto\/cachimbo-de-tabaco-de-maca-feito-a-mao-em-pau-rosa\/\" \/>\n<meta property=\"og:site_name\" content=\"Global Hookah\" \/>\n<meta property=\"article:modified_time\" content=\"2023-11-29T08:42:57+00:00\" \/>\n<meta property=\"og:image\" content=\"https:\/\/global-hookah.com\/wp-content\/uploads\/2023\/11\/MUXIANG-Rosewood-tobacco-pipe-handmade-apple-cavity-pipe-color-acrylic-mouthpiece-3mm-filter-element-curved-handle.webp\" \/>\n\t<meta property=\"og:image:width\" content=\"1000\" \/>\n\t<meta property=\"og:image:height\" content=\"1000\" \/>\n\t<meta property=\"og:image:type\" content=\"image\/webp\" \/>\n<meta name=\"twitter:card\" content=\"summary_large_image\" \/>\n<meta name=\"twitter:label1\" content=\"Tiempo de lectura\" \/>\n\t<meta name=\"twitter:data1\" content=\"3 minutos\" \/>\n<script type=\"application\/ld+json\" class=\"yoast-schema-graph\">{\"@context\":\"https:\/\/schema.org\",\"@graph\":[{\"@type\":\"WebPage\",\"@id\":\"https:\/\/global-hookah.com\/pt\/produto\/cachimbo-de-tabaco-de-maca-feito-a-mao-em-pau-rosa\/\",\"url\":\"https:\/\/global-hookah.com\/pt\/produto\/cachimbo-de-tabaco-de-maca-feito-a-mao-em-pau-rosa\/\",\"name\":\"Rosewood Handmade Apple Tobacco Pipe - Global Hookah\",\"isPartOf\":{\"@id\":\"https:\/\/global-hookah.com\/#website\"},\"primaryImageOfPage\":{\"@id\":\"https:\/\/global-hookah.com\/pt\/produto\/cachimbo-de-tabaco-de-maca-feito-a-mao-em-pau-rosa\/#primaryimage\"},\"image\":{\"@id\":\"https:\/\/global-hookah.com\/pt\/produto\/cachimbo-de-tabaco-de-maca-feito-a-mao-em-pau-rosa\/#primaryimage\"},\"thumbnailUrl\":\"https:\/\/global-hookah.com\/wp-content\/uploads\/2023\/11\/MUXIANG-Rosewood-tobacco-pipe-handmade-apple-cavity-pipe-color-acrylic-mouthpiece-3mm-filter-element-curved-handle.webp\",\"datePublished\":\"2023-11-29T08:20:12+00:00\",\"dateModified\":\"2023-11-29T08:42:57+00:00\",\"breadcrumb\":{\"@id\":\"https:\/\/global-hookah.com\/pt\/produto\/cachimbo-de-tabaco-de-maca-feito-a-mao-em-pau-rosa\/#breadcrumb\"},\"inLanguage\":\"es\",\"potentialAction\":[{\"@type\":\"ReadAction\",\"target\":[\"https:\/\/global-hookah.com\/pt\/produto\/cachimbo-de-tabaco-de-maca-feito-a-mao-em-pau-rosa\/\"]}]},{\"@type\":\"ImageObject\",\"inLanguage\":\"es\",\"@id\":\"https:\/\/global-hookah.com\/pt\/produto\/cachimbo-de-tabaco-de-maca-feito-a-mao-em-pau-rosa\/#primaryimage\",\"url\":\"https:\/\/global-hookah.com\/wp-content\/uploads\/2023\/11\/MUXIANG-Rosewood-tobacco-pipe-handmade-apple-cavity-pipe-color-acrylic-mouthpiece-3mm-filter-element-curved-handle.webp\",\"contentUrl\":\"https:\/\/global-hookah.com\/wp-content\/uploads\/2023\/11\/MUXIANG-Rosewood-tobacco-pipe-handmade-apple-cavity-pipe-color-acrylic-mouthpiece-3mm-filter-element-curved-handle.webp\",\"width\":1000,\"height\":1000,\"caption\":\"Rosewood Handmade Apple Tobacco Pipe\"},{\"@type\":\"BreadcrumbList\",\"@id\":\"https:\/\/global-hookah.com\/pt\/produto\/cachimbo-de-tabaco-de-maca-feito-a-mao-em-pau-rosa\/#breadcrumb\",\"itemListElement\":[{\"@type\":\"ListItem\",\"position\":1,\"name\":\"Home\",\"item\":\"https:\/\/global-hookah.com\/\"},{\"@type\":\"ListItem\",\"position\":2,\"name\":\"Shop\",\"item\":\"https:\/\/global-hookah.com\/shop\/\"},{\"@type\":\"ListItem\",\"position\":3,\"name\":\"Rosewood Handmade Apple Tobacco Pipe\"}]},{\"@type\":\"WebSite\",\"@id\":\"https:\/\/global-hookah.com\/#website\",\"url\":\"https:\/\/global-hookah.com\/\",\"name\":\"Global Hookah\",\"description\":\"Global Hookah\",\"publisher\":{\"@id\":\"https:\/\/global-hookah.com\/#organization\"},\"potentialAction\":[{\"@type\":\"SearchAction\",\"target\":{\"@type\":\"EntryPoint\",\"urlTemplate\":\"https:\/\/global-hookah.com\/?s={search_term_string}\"},\"query-input\":{\"@type\":\"PropertyValueSpecification\",\"valueRequired\":true,\"valueName\":\"search_term_string\"}}],\"inLanguage\":\"es\"},{\"@type\":\"Organization\",\"@id\":\"https:\/\/global-hookah.com\/#organization\",\"name\":\"Global Hookah\",\"url\":\"https:\/\/global-hookah.com\/\",\"logo\":{\"@type\":\"ImageObject\",\"inLanguage\":\"es\",\"@id\":\"https:\/\/global-hookah.com\/#\/schema\/logo\/image\/\",\"url\":\"https:\/\/global-hookah.com\/wp-content\/uploads\/2021\/10\/cropped-fgg.png\",\"contentUrl\":\"https:\/\/global-hookah.com\/wp-content\/uploads\/2021\/10\/cropped-fgg.png\",\"width\":512,\"height\":512,\"caption\":\"Global Hookah\"},\"image\":{\"@id\":\"https:\/\/global-hookah.com\/#\/schema\/logo\/image\/\"}}]}<\/script>\n<!-- \/ Yoast SEO Premium plugin. -->","yoast_head_json":{"title":"Pipa de tabaco de palisandro hecha a mano - Global Hookah","robots":{"index":"index","follow":"follow","max-snippet":"max-snippet:-1","max-image-preview":"max-image-preview:large","max-video-preview":"max-video-preview:-1"},"canonical":"https:\/\/global-hookah.com\/es\/pt\/produto\/cachimbo-de-tabaco-de-maca-feito-a-mao-em-pau-rosa\/","og_locale":"es_ES","og_type":"article","og_title":"Rosewood Handmade Apple Tobacco Pipe","og_description":"This Rosewood Handmade Apple Tobacco Pipe is made of rare rosewood, and the surface has been hand-polished to give it","og_url":"https:\/\/global-hookah.com\/es\/pt\/produto\/cachimbo-de-tabaco-de-maca-feito-a-mao-em-pau-rosa\/","og_site_name":"Global Hookah","article_modified_time":"2023-11-29T08:42:57+00:00","og_image":[{"width":1000,"height":1000,"url":"https:\/\/global-hookah.com\/wp-content\/uploads\/2023\/11\/MUXIANG-Rosewood-tobacco-pipe-handmade-apple-cavity-pipe-color-acrylic-mouthpiece-3mm-filter-element-curved-handle.webp","type":"image\/webp"}],"twitter_card":"summary_large_image","twitter_misc":{"Tiempo de lectura":"3 minutos"},"schema":{"@context":"https:\/\/schema.org","@graph":[{"@type":"WebPage","@id":"https:\/\/global-hookah.com\/pt\/produto\/cachimbo-de-tabaco-de-maca-feito-a-mao-em-pau-rosa\/","url":"https:\/\/global-hookah.com\/pt\/produto\/cachimbo-de-tabaco-de-maca-feito-a-mao-em-pau-rosa\/","name":"Pipa de tabaco de palisandro hecha a mano - Global Hookah","isPartOf":{"@id":"https:\/\/global-hookah.com\/#website"},"primaryImageOfPage":{"@id":"https:\/\/global-hookah.com\/pt\/produto\/cachimbo-de-tabaco-de-maca-feito-a-mao-em-pau-rosa\/#primaryimage"},"image":{"@id":"https:\/\/global-hookah.com\/pt\/produto\/cachimbo-de-tabaco-de-maca-feito-a-mao-em-pau-rosa\/#primaryimage"},"thumbnailUrl":"https:\/\/global-hookah.com\/wp-content\/uploads\/2023\/11\/MUXIANG-Rosewood-tobacco-pipe-handmade-apple-cavity-pipe-color-acrylic-mouthpiece-3mm-filter-element-curved-handle.webp","datePublished":"2023-11-29T08:20:12+00:00","dateModified":"2023-11-29T08:42:57+00:00","breadcrumb":{"@id":"https:\/\/global-hookah.com\/pt\/produto\/cachimbo-de-tabaco-de-maca-feito-a-mao-em-pau-rosa\/#breadcrumb"},"inLanguage":"es","potentialAction":[{"@type":"ReadAction","target":["https:\/\/global-hookah.com\/pt\/produto\/cachimbo-de-tabaco-de-maca-feito-a-mao-em-pau-rosa\/"]}]},{"@type":"ImageObject","inLanguage":"es","@id":"https:\/\/global-hookah.com\/pt\/produto\/cachimbo-de-tabaco-de-maca-feito-a-mao-em-pau-rosa\/#primaryimage","url":"https:\/\/global-hookah.com\/wp-content\/uploads\/2023\/11\/MUXIANG-Rosewood-tobacco-pipe-handmade-apple-cavity-pipe-color-acrylic-mouthpiece-3mm-filter-element-curved-handle.webp","contentUrl":"https:\/\/global-hookah.com\/wp-content\/uploads\/2023\/11\/MUXIANG-Rosewood-tobacco-pipe-handmade-apple-cavity-pipe-color-acrylic-mouthpiece-3mm-filter-element-curved-handle.webp","width":1000,"height":1000,"caption":"Rosewood Handmade Apple Tobacco Pipe"},{"@type":"BreadcrumbList","@id":"https:\/\/global-hookah.com\/pt\/produto\/cachimbo-de-tabaco-de-maca-feito-a-mao-em-pau-rosa\/#breadcrumb","itemListElement":[{"@type":"ListItem","position":1,"name":"Home","item":"https:\/\/global-hookah.com\/"},{"@type":"ListItem","position":2,"name":"Shop","item":"https:\/\/global-hookah.com\/shop\/"},{"@type":"ListItem","position":3,"name":"Rosewood Handmade Apple Tobacco Pipe"}]},{"@type":"WebSite","@id":"https:\/\/global-hookah.com\/#website","url":"https:\/\/global-hookah.com\/","name":"Global Hookah","description":"Global Hookah","publisher":{"@id":"https:\/\/global-hookah.com\/#organization"},"potentialAction":[{"@type":"SearchAction","target":{"@type":"EntryPoint","urlTemplate":"https:\/\/global-hookah.com\/?s={search_term_string}"},"query-input":{"@type":"PropertyValueSpecification","valueRequired":true,"valueName":"search_term_string"}}],"inLanguage":"es"},{"@type":"Organization","@id":"https:\/\/global-hookah.com\/#organization","name":"Global Hookah","url":"https:\/\/global-hookah.com\/","logo":{"@type":"ImageObject","inLanguage":"es","@id":"https:\/\/global-hookah.com\/#\/schema\/logo\/image\/","url":"https:\/\/global-hookah.com\/wp-content\/uploads\/2021\/10\/cropped-fgg.png","contentUrl":"https:\/\/global-hookah.com\/wp-content\/uploads\/2021\/10\/cropped-fgg.png","width":512,"height":512,"caption":"Global Hookah"},"image":{"@id":"https:\/\/global-hookah.com\/#\/schema\/logo\/image\/"}}]}},"_links":{"self":[{"href":"https:\/\/global-hookah.com\/es\/wp-json\/wp\/v2\/product\/16451","targetHints":{"allow":["GET"]}}],"collection":[{"href":"https:\/\/global-hookah.com\/es\/wp-json\/wp\/v2\/product"}],"about":[{"href":"https:\/\/global-hookah.com\/es\/wp-json\/wp\/v2\/types\/product"}],"replies":[{"embeddable":true,"href":"https:\/\/global-hookah.com\/es\/wp-json\/wp\/v2\/comments?post=16451"}],"version-history":[{"count":0,"href":"https:\/\/global-hookah.com\/es\/wp-json\/wp\/v2\/product\/16451\/revisions"}],"wp:featuredmedia":[{"embeddable":true,"href":"https:\/\/global-hookah.com\/es\/wp-json\/wp\/v2\/media\/16452"}],"wp:attachment":[{"href":"https:\/\/global-hookah.com\/es\/wp-json\/wp\/v2\/media?parent=16451"}],"wp:term":[{"taxonomy":"product_brand","embeddable":true,"href":"https:\/\/global-hookah.com\/es\/wp-json\/wp\/v2\/product_brand?post=16451"},{"taxonomy":"product_cat","embeddable":true,"href":"https:\/\/global-hookah.com\/es\/wp-json\/wp\/v2\/product_cat?post=16451"},{"taxonomy":"product_tag","embeddable":true,"href":"https:\/\/global-hookah.com\/es\/wp-json\/wp\/v2\/product_tag?post=16451"}],"curies":[{"name":"wp","href":"https:\/\/api.w.org\/{rel}","templated":true}]}}