{"id":16748,"date":"2023-12-06T03:53:05","date_gmt":"2023-12-06T03:53:05","guid":{"rendered":"https:\/\/global-hookah.com\/?post_type=product&#038;p=16748"},"modified":"2023-12-27T08:55:37","modified_gmt":"2023-12-27T08:55:37","slug":"ak47-brass-hookah-pipe-wholesale","status":"publish","type":"product","link":"https:\/\/global-hookah.com\/es\/producto\/ak47-brass-hookah-pipe-wholesale\/","title":{"rendered":"AK47 Pipa Hookah de lat\u00f3n al por mayor"},"content":{"rendered":"<ul class=\"a-unordered-list a-vertical a-spacing-mini\">\n<li class=\"a-spacing-mini\">Esta colecci\u00f3n de <strong>pipa hookah vintage de lat\u00f3n<\/strong> est\u00e1 disponible en varios acabados met\u00e1licos: azul el\u00e9ctrico, dorado, bronce y morado. Cada color es hermoso a su manera.<\/li>\n<li>Fabricadas con lat\u00f3n de calidad superior, estas<strong> Shisha de lat\u00f3n<\/strong> se siente fuerte y robusto en la mano, prometiendo a\u00f1os de disfrute. El material de lat\u00f3n es naturalmente resistente a la corrosi\u00f3n, por lo que resiste sin problemas la humedad, los jugos del tabaco, los productos de limpieza y otros peligros derivados del uso habitual del gancho.<\/li>\n<li>Adem\u00e1s, el lat\u00f3n tiene un tono dorado natural que puede desarrollar una p\u00e1tina distintiva con el tiempo. Este envejecimiento de estilo vintage puede atraer a los aficionados a fumar que disfrutan de una est\u00e9tica retro.<\/li>\n<li>Con su v\u00e1stago extra ancho, este <strong>Tuber\u00eda de agua de lat\u00f3n<\/strong> produce nubes de humo voluminosas y ondulantes para una experiencia de fumado superior.<\/li>\n<li>Un jarr\u00f3n ANCHO de <strong>pipa hookah met\u00e1lica de lat\u00f3n<\/strong> proporciona un equilibrio robusto, mientras que el innovador sistema PUSH-RUBBER crea un sello herm\u00e9tico entre el v\u00e1stago alto y el jarr\u00f3n para una estabilidad a prueba de fugas.<\/li>\n<li>Viene listo para usar con ojales para acoplar f\u00e1cilmente una manguera y una cubeta.<\/li>\n<li>Nosotros <strong>al por mayor no s\u00f3lo este narguile de lat\u00f3n<\/strong> sino que tambi\u00e9n ofrecen <a href=\"https:\/\/global-hookah.com\/product-category\/wholesale-hookah\/\">simple, doble, triple<\/a>e incluso modelos de manguera cu\u00e1druple para que elija el que mejor se adapte a sus necesidades. Puede enviarnos una consulta a trav\u00e9s del formulario de la derecha o enviarnos un correo electr\u00f3nico directamente y nos pondremos en contacto con usted lo antes posible.<\/li>\n<\/ul>","protected":false},"excerpt":{"rendered":"<p>Esta colecci\u00f3n de pipas hookah vintage de lat\u00f3n viene en una variedad de acabados met\u00e1licos - azul el\u00e9ctrico, oro, bronce y<\/p>","protected":false},"featured_media":16754,"comment_status":"open","ping_status":"closed","template":"","meta":{"iawp_total_views":4,"_joinchat":[]},"product_brand":[],"product_cat":[415],"product_tag":[],"class_list":{"0":"post-16748","1":"product","2":"type-product","3":"status-publish","4":"has-post-thumbnail","6":"product_cat-accessories","8":"first","9":"instock","10":"shipping-taxable","11":"product-type-external"},"yoast_head":"<!-- This site is optimized with the Yoast SEO Premium plugin v24.7 (Yoast SEO v26.8) - https:\/\/yoast.com\/product\/yoast-seo-premium-wordpress\/ -->\n<title>AK47 Brass Hookah Pipe Wholesale - Global Hookah<\/title>\n<meta name=\"robots\" content=\"index, follow, max-snippet:-1, max-image-preview:large, max-video-preview:-1\" \/>\n<link rel=\"canonical\" href=\"https:\/\/global-hookah.com\/es\/producto\/ak47-brass-hookah-pipe-wholesale\/\" \/>\n<meta property=\"og:locale\" content=\"es_ES\" \/>\n<meta property=\"og:type\" content=\"article\" \/>\n<meta property=\"og:title\" content=\"AK47 Brass Hookah Pipe Wholesale\" \/>\n<meta property=\"og:description\" content=\"This collection of vintage brass hookah pipe comes in a variety of metallic finishes \u2013 electric blue, gold, bronze, and\" \/>\n<meta property=\"og:url\" content=\"https:\/\/global-hookah.com\/es\/producto\/ak47-brass-hookah-pipe-wholesale\/\" \/>\n<meta property=\"og:site_name\" content=\"Global Hookah\" \/>\n<meta property=\"article:modified_time\" content=\"2023-12-27T08:55:37+00:00\" \/>\n<meta property=\"og:image\" content=\"https:\/\/global-hookah.com\/wp-content\/uploads\/2023\/12\/O1CN01W7fb111rwMQm4Gadr___2208137625695-0-cib.jpg\" \/>\n\t<meta property=\"og:image:width\" content=\"800\" \/>\n\t<meta property=\"og:image:height\" content=\"800\" \/>\n\t<meta property=\"og:image:type\" content=\"image\/jpeg\" \/>\n<meta name=\"twitter:card\" content=\"summary_large_image\" \/>\n<meta name=\"twitter:label1\" content=\"Tiempo de lectura\" \/>\n\t<meta name=\"twitter:data1\" content=\"1 minuto\" \/>\n<script type=\"application\/ld+json\" class=\"yoast-schema-graph\">{\"@context\":\"https:\/\/schema.org\",\"@graph\":[{\"@type\":\"WebPage\",\"@id\":\"https:\/\/global-hookah.com\/product\/ak47-brass-hookah-pipe-wholesale\/\",\"url\":\"https:\/\/global-hookah.com\/product\/ak47-brass-hookah-pipe-wholesale\/\",\"name\":\"AK47 Brass Hookah Pipe Wholesale - Global Hookah\",\"isPartOf\":{\"@id\":\"https:\/\/global-hookah.com\/#website\"},\"primaryImageOfPage\":{\"@id\":\"https:\/\/global-hookah.com\/product\/ak47-brass-hookah-pipe-wholesale\/#primaryimage\"},\"image\":{\"@id\":\"https:\/\/global-hookah.com\/product\/ak47-brass-hookah-pipe-wholesale\/#primaryimage\"},\"thumbnailUrl\":\"https:\/\/global-hookah.com\/wp-content\/uploads\/2023\/12\/O1CN01W7fb111rwMQm4Gadr___2208137625695-0-cib.jpg\",\"datePublished\":\"2023-12-06T03:53:05+00:00\",\"dateModified\":\"2023-12-27T08:55:37+00:00\",\"breadcrumb\":{\"@id\":\"https:\/\/global-hookah.com\/product\/ak47-brass-hookah-pipe-wholesale\/#breadcrumb\"},\"inLanguage\":\"es\",\"potentialAction\":[{\"@type\":\"ReadAction\",\"target\":[\"https:\/\/global-hookah.com\/product\/ak47-brass-hookah-pipe-wholesale\/\"]}]},{\"@type\":\"ImageObject\",\"inLanguage\":\"es\",\"@id\":\"https:\/\/global-hookah.com\/product\/ak47-brass-hookah-pipe-wholesale\/#primaryimage\",\"url\":\"https:\/\/global-hookah.com\/wp-content\/uploads\/2023\/12\/O1CN01W7fb111rwMQm4Gadr___2208137625695-0-cib.jpg\",\"contentUrl\":\"https:\/\/global-hookah.com\/wp-content\/uploads\/2023\/12\/O1CN01W7fb111rwMQm4Gadr___2208137625695-0-cib.jpg\",\"width\":800,\"height\":800,\"caption\":\"Brass Hookah Pipe Wholesale\"},{\"@type\":\"BreadcrumbList\",\"@id\":\"https:\/\/global-hookah.com\/product\/ak47-brass-hookah-pipe-wholesale\/#breadcrumb\",\"itemListElement\":[{\"@type\":\"ListItem\",\"position\":1,\"name\":\"Home\",\"item\":\"https:\/\/global-hookah.com\/\"},{\"@type\":\"ListItem\",\"position\":2,\"name\":\"Shop\",\"item\":\"https:\/\/global-hookah.com\/shop\/\"},{\"@type\":\"ListItem\",\"position\":3,\"name\":\"AK47 Brass Hookah Pipe Wholesale\"}]},{\"@type\":\"WebSite\",\"@id\":\"https:\/\/global-hookah.com\/#website\",\"url\":\"https:\/\/global-hookah.com\/\",\"name\":\"Global Hookah\",\"description\":\"Global Hookah\",\"publisher\":{\"@id\":\"https:\/\/global-hookah.com\/#organization\"},\"potentialAction\":[{\"@type\":\"SearchAction\",\"target\":{\"@type\":\"EntryPoint\",\"urlTemplate\":\"https:\/\/global-hookah.com\/?s={search_term_string}\"},\"query-input\":{\"@type\":\"PropertyValueSpecification\",\"valueRequired\":true,\"valueName\":\"search_term_string\"}}],\"inLanguage\":\"es\"},{\"@type\":\"Organization\",\"@id\":\"https:\/\/global-hookah.com\/#organization\",\"name\":\"Global Hookah\",\"url\":\"https:\/\/global-hookah.com\/\",\"logo\":{\"@type\":\"ImageObject\",\"inLanguage\":\"es\",\"@id\":\"https:\/\/global-hookah.com\/#\/schema\/logo\/image\/\",\"url\":\"https:\/\/global-hookah.com\/wp-content\/uploads\/2021\/10\/cropped-fgg.png\",\"contentUrl\":\"https:\/\/global-hookah.com\/wp-content\/uploads\/2021\/10\/cropped-fgg.png\",\"width\":512,\"height\":512,\"caption\":\"Global Hookah\"},\"image\":{\"@id\":\"https:\/\/global-hookah.com\/#\/schema\/logo\/image\/\"}}]}<\/script>\n<!-- \/ Yoast SEO Premium plugin. -->","yoast_head_json":{"title":"AK47 Pipa de lat\u00f3n Hookah al por mayor - Global Hookah","robots":{"index":"index","follow":"follow","max-snippet":"max-snippet:-1","max-image-preview":"max-image-preview:large","max-video-preview":"max-video-preview:-1"},"canonical":"https:\/\/global-hookah.com\/es\/producto\/ak47-brass-hookah-pipe-wholesale\/","og_locale":"es_ES","og_type":"article","og_title":"AK47 Brass Hookah Pipe Wholesale","og_description":"This collection of vintage brass hookah pipe comes in a variety of metallic finishes \u2013 electric blue, gold, bronze, and","og_url":"https:\/\/global-hookah.com\/es\/producto\/ak47-brass-hookah-pipe-wholesale\/","og_site_name":"Global Hookah","article_modified_time":"2023-12-27T08:55:37+00:00","og_image":[{"width":800,"height":800,"url":"https:\/\/global-hookah.com\/wp-content\/uploads\/2023\/12\/O1CN01W7fb111rwMQm4Gadr___2208137625695-0-cib.jpg","type":"image\/jpeg"}],"twitter_card":"summary_large_image","twitter_misc":{"Tiempo de lectura":"1 minuto"},"schema":{"@context":"https:\/\/schema.org","@graph":[{"@type":"WebPage","@id":"https:\/\/global-hookah.com\/product\/ak47-brass-hookah-pipe-wholesale\/","url":"https:\/\/global-hookah.com\/product\/ak47-brass-hookah-pipe-wholesale\/","name":"AK47 Pipa de lat\u00f3n Hookah al por mayor - Global Hookah","isPartOf":{"@id":"https:\/\/global-hookah.com\/#website"},"primaryImageOfPage":{"@id":"https:\/\/global-hookah.com\/product\/ak47-brass-hookah-pipe-wholesale\/#primaryimage"},"image":{"@id":"https:\/\/global-hookah.com\/product\/ak47-brass-hookah-pipe-wholesale\/#primaryimage"},"thumbnailUrl":"https:\/\/global-hookah.com\/wp-content\/uploads\/2023\/12\/O1CN01W7fb111rwMQm4Gadr___2208137625695-0-cib.jpg","datePublished":"2023-12-06T03:53:05+00:00","dateModified":"2023-12-27T08:55:37+00:00","breadcrumb":{"@id":"https:\/\/global-hookah.com\/product\/ak47-brass-hookah-pipe-wholesale\/#breadcrumb"},"inLanguage":"es","potentialAction":[{"@type":"ReadAction","target":["https:\/\/global-hookah.com\/product\/ak47-brass-hookah-pipe-wholesale\/"]}]},{"@type":"ImageObject","inLanguage":"es","@id":"https:\/\/global-hookah.com\/product\/ak47-brass-hookah-pipe-wholesale\/#primaryimage","url":"https:\/\/global-hookah.com\/wp-content\/uploads\/2023\/12\/O1CN01W7fb111rwMQm4Gadr___2208137625695-0-cib.jpg","contentUrl":"https:\/\/global-hookah.com\/wp-content\/uploads\/2023\/12\/O1CN01W7fb111rwMQm4Gadr___2208137625695-0-cib.jpg","width":800,"height":800,"caption":"Brass Hookah Pipe Wholesale"},{"@type":"BreadcrumbList","@id":"https:\/\/global-hookah.com\/product\/ak47-brass-hookah-pipe-wholesale\/#breadcrumb","itemListElement":[{"@type":"ListItem","position":1,"name":"Home","item":"https:\/\/global-hookah.com\/"},{"@type":"ListItem","position":2,"name":"Shop","item":"https:\/\/global-hookah.com\/shop\/"},{"@type":"ListItem","position":3,"name":"AK47 Brass Hookah Pipe Wholesale"}]},{"@type":"WebSite","@id":"https:\/\/global-hookah.com\/#website","url":"https:\/\/global-hookah.com\/","name":"Global Hookah","description":"Global Hookah","publisher":{"@id":"https:\/\/global-hookah.com\/#organization"},"potentialAction":[{"@type":"SearchAction","target":{"@type":"EntryPoint","urlTemplate":"https:\/\/global-hookah.com\/?s={search_term_string}"},"query-input":{"@type":"PropertyValueSpecification","valueRequired":true,"valueName":"search_term_string"}}],"inLanguage":"es"},{"@type":"Organization","@id":"https:\/\/global-hookah.com\/#organization","name":"Global Hookah","url":"https:\/\/global-hookah.com\/","logo":{"@type":"ImageObject","inLanguage":"es","@id":"https:\/\/global-hookah.com\/#\/schema\/logo\/image\/","url":"https:\/\/global-hookah.com\/wp-content\/uploads\/2021\/10\/cropped-fgg.png","contentUrl":"https:\/\/global-hookah.com\/wp-content\/uploads\/2021\/10\/cropped-fgg.png","width":512,"height":512,"caption":"Global Hookah"},"image":{"@id":"https:\/\/global-hookah.com\/#\/schema\/logo\/image\/"}}]}},"_links":{"self":[{"href":"https:\/\/global-hookah.com\/es\/wp-json\/wp\/v2\/product\/16748","targetHints":{"allow":["GET"]}}],"collection":[{"href":"https:\/\/global-hookah.com\/es\/wp-json\/wp\/v2\/product"}],"about":[{"href":"https:\/\/global-hookah.com\/es\/wp-json\/wp\/v2\/types\/product"}],"replies":[{"embeddable":true,"href":"https:\/\/global-hookah.com\/es\/wp-json\/wp\/v2\/comments?post=16748"}],"version-history":[{"count":0,"href":"https:\/\/global-hookah.com\/es\/wp-json\/wp\/v2\/product\/16748\/revisions"}],"wp:featuredmedia":[{"embeddable":true,"href":"https:\/\/global-hookah.com\/es\/wp-json\/wp\/v2\/media\/16754"}],"wp:attachment":[{"href":"https:\/\/global-hookah.com\/es\/wp-json\/wp\/v2\/media?parent=16748"}],"wp:term":[{"taxonomy":"product_brand","embeddable":true,"href":"https:\/\/global-hookah.com\/es\/wp-json\/wp\/v2\/product_brand?post=16748"},{"taxonomy":"product_cat","embeddable":true,"href":"https:\/\/global-hookah.com\/es\/wp-json\/wp\/v2\/product_cat?post=16748"},{"taxonomy":"product_tag","embeddable":true,"href":"https:\/\/global-hookah.com\/es\/wp-json\/wp\/v2\/product_tag?post=16748"}],"curies":[{"name":"wp","href":"https:\/\/api.w.org\/{rel}","templated":true}]}}