{"id":16756,"date":"2023-12-06T03:54:44","date_gmt":"2023-12-06T03:54:44","guid":{"rendered":"https:\/\/global-hookah.com\/?post_type=product&#038;p=16756"},"modified":"2024-01-12T03:51:44","modified_gmt":"2024-01-12T03:51:44","slug":"wooden-hookah-pipe-wholesale","status":"publish","type":"product","link":"https:\/\/global-hookah.com\/es\/producto\/wooden-hookah-pipe-wholesale\/","title":{"rendered":"Pipa Hookah de madera al por mayor"},"content":{"rendered":"<p>Aunque hay muchos metales y <a href=\"https:\/\/global-hookah.com\/product-category\/wholesale-hookah\/\">pipas de vidrio hookah<\/a> en nuestro sitio web, el m\u00e1s popular es el <strong>Pipa de madera para narguile<\/strong>hecha a mano de forma artesanal. <strong>Pipa de madera artesanal para narguile<\/strong> est\u00e1 tallada en nogal negro de alta calidad en Norteam\u00e9rica. Las ventajas de utilizar madera son Permite que se transfiera m\u00e1s flujo de aire y calor al tabaco, adem\u00e1s de C\u00e1maras de agua de madera, meticulosamente talladas y lijadas, adem\u00e1s de proporcionar una excelente filtraci\u00f3n. Tambi\u00e9n conserva para usted la belleza natural de las vetas de la madera.<\/p>\n<p>El tama\u00f1o de la c\u00e1mara de madera de este <strong>Pipa de madera para narguile con m\u00faltiples<\/strong> suele ser de unos 20-30 cm de ancho y 25-40 cm de alto. Una c\u00e1mara tan ancha puede proporcionarte m\u00e1s flujo de aire y permitir que se filtre m\u00e1s humo a trav\u00e9s del agua, proporcion\u00e1ndote una mejor experiencia de fumada<\/p>\n<p>La parte m\u00e1s importante de esta pipa para fumar de Oriente Medio es la manguera. Es lo suficientemente larga para que puedas usarla muy c\u00f3modamente. Crece hasta 4-5 pies para que pueda fumar bien incluso si est\u00e1 lejos de su narguile.<\/p>\n<p>El agua burbujea cuando el humo de los carbones encendidos atraviesa el cuerpo y desciende por el tallo hasta \u00e9l, enfriando y filtrando el humo. Como resultado, el humo es m\u00e1s suave y menos \u00e1spero al inhalarlo despu\u00e9s de eliminar parte de la nicotina, el alquitr\u00e1n y otras part\u00edculas.<\/p>\n<p><strong>Las pipas de madera ecol\u00f3gicas ofrecen algunas ventajas clave:<\/strong><\/p>\n<p>- Material natural - La madera no afecta al sabor como pueden hacerlo los metales o los pl\u00e1sticos. La madera absorbe el calor para un humo m\u00e1s fresco.<\/p>\n<p>- Golpes suaves - La construcci\u00f3n totalmente de madera proporciona golpes suaves sin ning\u00fan pl\u00e1stico o regusto qu\u00edmico.<\/p>\n<p>- Dise\u00f1o tradicional - <strong>Narguiles de madera tallada<\/strong> tienen un aspecto precioso y proporcionan una aut\u00e9ntica experiencia de fumar.<\/p>\n<p>Coloraci\u00f3n elegante<br \/>\nEl profundo tono natural de la madera de nogal negro resulta elegante y refinado cuando se utiliza para accesorios de fumador.<\/p>\n<p>Aroma \u00fanico<br \/>\nLa madera de nogal negro tiene un aroma distintivo que puede proporcionar una experiencia de degustaci\u00f3n especial para fumar narguile.<\/p>\n<p>Propiedades antibacterianas<br \/>\nLa madera de nogal negro tiene propiedades antibacterianas, por lo que su uso es m\u00e1s higi\u00e9nico.<\/p>\n<p>Efecto purificador<br \/>\nLa madera puede absorber y descomponer algunas sustancias nocivas del humo, lo que proporciona cierto grado de purificaci\u00f3n.<\/p>","protected":false},"excerpt":{"rendered":"<p>Aunque hay muchas pipas hookah de metal y de cristal en nuestro sitio web, la m\u00e1s popular es la pipa hookah de madera,<\/p>","protected":false},"featured_media":16758,"comment_status":"open","ping_status":"closed","template":"","meta":{"iawp_total_views":2,"_joinchat":[]},"product_brand":[],"product_cat":[560,119],"product_tag":[],"class_list":{"0":"post-16756","1":"product","2":"type-product","3":"status-publish","4":"has-post-thumbnail","6":"product_cat-glass-hookah-wholesale","7":"product_cat-wholesale-hookah","9":"first","10":"instock","11":"shipping-taxable","12":"purchasable","13":"product-type-simple"},"yoast_head":"<!-- This site is optimized with the Yoast SEO Premium plugin v24.7 (Yoast SEO v26.8) - https:\/\/yoast.com\/product\/yoast-seo-premium-wordpress\/ -->\n<title>Wooden Hookah Pipe Wholesale - Global Hookah<\/title>\n<meta name=\"robots\" content=\"index, follow, max-snippet:-1, max-image-preview:large, max-video-preview:-1\" \/>\n<link rel=\"canonical\" href=\"https:\/\/global-hookah.com\/es\/ru\/\u043f\u0440\u043e\u0434\u0443\u043a\u0442\/\u0434\u0435\u0440\u0435\u0432\u044f\u043d\u043d\u044b\u0435-\u043a\u0430\u043b\u044c\u044f\u043d\u043d\u044b\u0435-\u0442\u0440\u0443\u0431\u043a\u0438-\u043e\u043f\u0442\u043e\u043c\/\" \/>\n<meta property=\"og:locale\" content=\"es_ES\" \/>\n<meta property=\"og:type\" content=\"article\" \/>\n<meta property=\"og:title\" content=\"Wooden Hookah Pipe Wholesale\" \/>\n<meta property=\"og:description\" content=\"Although there are many metal and glass hookah pipes on our website, the most popular is the Wooden Hookah Pipe,\" \/>\n<meta property=\"og:url\" content=\"https:\/\/global-hookah.com\/es\/ru\/\u043f\u0440\u043e\u0434\u0443\u043a\u0442\/\u0434\u0435\u0440\u0435\u0432\u044f\u043d\u043d\u044b\u0435-\u043a\u0430\u043b\u044c\u044f\u043d\u043d\u044b\u0435-\u0442\u0440\u0443\u0431\u043a\u0438-\u043e\u043f\u0442\u043e\u043c\/\" \/>\n<meta property=\"og:site_name\" content=\"Global Hookah\" \/>\n<meta property=\"article:modified_time\" content=\"2024-01-12T03:51:44+00:00\" \/>\n<meta property=\"og:image\" content=\"https:\/\/global-hookah.com\/wp-content\/uploads\/2023\/12\/O1CN01APApLS1rwMHImrUs1___2208137625695-0-cib.jpg\" \/>\n\t<meta property=\"og:image:width\" content=\"800\" \/>\n\t<meta property=\"og:image:height\" content=\"800\" \/>\n\t<meta property=\"og:image:type\" content=\"image\/jpeg\" \/>\n<meta name=\"twitter:card\" content=\"summary_large_image\" \/>\n<meta name=\"twitter:label1\" content=\"Tiempo de lectura\" \/>\n\t<meta name=\"twitter:data1\" content=\"2 minutos\" \/>\n<script type=\"application\/ld+json\" class=\"yoast-schema-graph\">{\"@context\":\"https:\/\/schema.org\",\"@graph\":[{\"@type\":\"WebPage\",\"@id\":\"https:\/\/global-hookah.com\/ru\/\u043f\u0440\u043e\u0434\u0443\u043a\u0442\/%d0%b4%d0%b5%d1%80%d0%b5%d0%b2%d1%8f%d0%bd%d0%bd%d1%8b%d0%b5-%d0%ba%d0%b0%d0%bb%d1%8c%d1%8f%d0%bd%d0%bd%d1%8b%d0%b5-%d1%82%d1%80%d1%83%d0%b1%d0%ba%d0%b8-%d0%be%d0%bf%d1%82%d0%be%d0%bc\/\",\"url\":\"https:\/\/global-hookah.com\/ru\/\u043f\u0440\u043e\u0434\u0443\u043a\u0442\/%d0%b4%d0%b5%d1%80%d0%b5%d0%b2%d1%8f%d0%bd%d0%bd%d1%8b%d0%b5-%d0%ba%d0%b0%d0%bb%d1%8c%d1%8f%d0%bd%d0%bd%d1%8b%d0%b5-%d1%82%d1%80%d1%83%d0%b1%d0%ba%d0%b8-%d0%be%d0%bf%d1%82%d0%be%d0%bc\/\",\"name\":\"Wooden Hookah Pipe Wholesale - Global Hookah\",\"isPartOf\":{\"@id\":\"https:\/\/global-hookah.com\/#website\"},\"primaryImageOfPage\":{\"@id\":\"https:\/\/global-hookah.com\/ru\/\u043f\u0440\u043e\u0434\u0443\u043a\u0442\/%d0%b4%d0%b5%d1%80%d0%b5%d0%b2%d1%8f%d0%bd%d0%bd%d1%8b%d0%b5-%d0%ba%d0%b0%d0%bb%d1%8c%d1%8f%d0%bd%d0%bd%d1%8b%d0%b5-%d1%82%d1%80%d1%83%d0%b1%d0%ba%d0%b8-%d0%be%d0%bf%d1%82%d0%be%d0%bc\/#primaryimage\"},\"image\":{\"@id\":\"https:\/\/global-hookah.com\/ru\/\u043f\u0440\u043e\u0434\u0443\u043a\u0442\/%d0%b4%d0%b5%d1%80%d0%b5%d0%b2%d1%8f%d0%bd%d0%bd%d1%8b%d0%b5-%d0%ba%d0%b0%d0%bb%d1%8c%d1%8f%d0%bd%d0%bd%d1%8b%d0%b5-%d1%82%d1%80%d1%83%d0%b1%d0%ba%d0%b8-%d0%be%d0%bf%d1%82%d0%be%d0%bc\/#primaryimage\"},\"thumbnailUrl\":\"https:\/\/global-hookah.com\/wp-content\/uploads\/2023\/12\/O1CN01APApLS1rwMHImrUs1___2208137625695-0-cib.jpg\",\"datePublished\":\"2023-12-06T03:54:44+00:00\",\"dateModified\":\"2024-01-12T03:51:44+00:00\",\"breadcrumb\":{\"@id\":\"https:\/\/global-hookah.com\/ru\/\u043f\u0440\u043e\u0434\u0443\u043a\u0442\/%d0%b4%d0%b5%d1%80%d0%b5%d0%b2%d1%8f%d0%bd%d0%bd%d1%8b%d0%b5-%d0%ba%d0%b0%d0%bb%d1%8c%d1%8f%d0%bd%d0%bd%d1%8b%d0%b5-%d1%82%d1%80%d1%83%d0%b1%d0%ba%d0%b8-%d0%be%d0%bf%d1%82%d0%be%d0%bc\/#breadcrumb\"},\"inLanguage\":\"es\",\"potentialAction\":[{\"@type\":\"ReadAction\",\"target\":[\"https:\/\/global-hookah.com\/ru\/\u043f\u0440\u043e\u0434\u0443\u043a\u0442\/%d0%b4%d0%b5%d1%80%d0%b5%d0%b2%d1%8f%d0%bd%d0%bd%d1%8b%d0%b5-%d0%ba%d0%b0%d0%bb%d1%8c%d1%8f%d0%bd%d0%bd%d1%8b%d0%b5-%d1%82%d1%80%d1%83%d0%b1%d0%ba%d0%b8-%d0%be%d0%bf%d1%82%d0%be%d0%bc\/\"]}]},{\"@type\":\"ImageObject\",\"inLanguage\":\"es\",\"@id\":\"https:\/\/global-hookah.com\/ru\/\u043f\u0440\u043e\u0434\u0443\u043a\u0442\/%d0%b4%d0%b5%d1%80%d0%b5%d0%b2%d1%8f%d0%bd%d0%bd%d1%8b%d0%b5-%d0%ba%d0%b0%d0%bb%d1%8c%d1%8f%d0%bd%d0%bd%d1%8b%d0%b5-%d1%82%d1%80%d1%83%d0%b1%d0%ba%d0%b8-%d0%be%d0%bf%d1%82%d0%be%d0%bc\/#primaryimage\",\"url\":\"https:\/\/global-hookah.com\/wp-content\/uploads\/2023\/12\/O1CN01APApLS1rwMHImrUs1___2208137625695-0-cib.jpg\",\"contentUrl\":\"https:\/\/global-hookah.com\/wp-content\/uploads\/2023\/12\/O1CN01APApLS1rwMHImrUs1___2208137625695-0-cib.jpg\",\"width\":800,\"height\":800,\"caption\":\"Wooden Hookah Pipe Wholesale\"},{\"@type\":\"BreadcrumbList\",\"@id\":\"https:\/\/global-hookah.com\/ru\/\u043f\u0440\u043e\u0434\u0443\u043a\u0442\/%d0%b4%d0%b5%d1%80%d0%b5%d0%b2%d1%8f%d0%bd%d0%bd%d1%8b%d0%b5-%d0%ba%d0%b0%d0%bb%d1%8c%d1%8f%d0%bd%d0%bd%d1%8b%d0%b5-%d1%82%d1%80%d1%83%d0%b1%d0%ba%d0%b8-%d0%be%d0%bf%d1%82%d0%be%d0%bc\/#breadcrumb\",\"itemListElement\":[{\"@type\":\"ListItem\",\"position\":1,\"name\":\"Home\",\"item\":\"https:\/\/global-hookah.com\/\"},{\"@type\":\"ListItem\",\"position\":2,\"name\":\"Shop\",\"item\":\"https:\/\/global-hookah.com\/shop\/\"},{\"@type\":\"ListItem\",\"position\":3,\"name\":\"Wooden Hookah Pipe Wholesale\"}]},{\"@type\":\"WebSite\",\"@id\":\"https:\/\/global-hookah.com\/#website\",\"url\":\"https:\/\/global-hookah.com\/\",\"name\":\"Global Hookah\",\"description\":\"Global Hookah\",\"publisher\":{\"@id\":\"https:\/\/global-hookah.com\/#organization\"},\"potentialAction\":[{\"@type\":\"SearchAction\",\"target\":{\"@type\":\"EntryPoint\",\"urlTemplate\":\"https:\/\/global-hookah.com\/?s={search_term_string}\"},\"query-input\":{\"@type\":\"PropertyValueSpecification\",\"valueRequired\":true,\"valueName\":\"search_term_string\"}}],\"inLanguage\":\"es\"},{\"@type\":\"Organization\",\"@id\":\"https:\/\/global-hookah.com\/#organization\",\"name\":\"Global Hookah\",\"url\":\"https:\/\/global-hookah.com\/\",\"logo\":{\"@type\":\"ImageObject\",\"inLanguage\":\"es\",\"@id\":\"https:\/\/global-hookah.com\/#\/schema\/logo\/image\/\",\"url\":\"https:\/\/global-hookah.com\/wp-content\/uploads\/2021\/10\/cropped-fgg.png\",\"contentUrl\":\"https:\/\/global-hookah.com\/wp-content\/uploads\/2021\/10\/cropped-fgg.png\",\"width\":512,\"height\":512,\"caption\":\"Global Hookah\"},\"image\":{\"@id\":\"https:\/\/global-hookah.com\/#\/schema\/logo\/image\/\"}}]}<\/script>\n<!-- \/ Yoast SEO Premium plugin. -->","yoast_head_json":{"title":"pipa hookah de madera al por mayor - global hookah","robots":{"index":"index","follow":"follow","max-snippet":"max-snippet:-1","max-image-preview":"max-image-preview:large","max-video-preview":"max-video-preview:-1"},"canonical":"https:\/\/global-hookah.com\/es\/ru\/\u043f\u0440\u043e\u0434\u0443\u043a\u0442\/\u0434\u0435\u0440\u0435\u0432\u044f\u043d\u043d\u044b\u0435-\u043a\u0430\u043b\u044c\u044f\u043d\u043d\u044b\u0435-\u0442\u0440\u0443\u0431\u043a\u0438-\u043e\u043f\u0442\u043e\u043c\/","og_locale":"es_ES","og_type":"article","og_title":"Wooden Hookah Pipe Wholesale","og_description":"Although there are many metal and glass hookah pipes on our website, the most popular is the Wooden Hookah Pipe,","og_url":"https:\/\/global-hookah.com\/es\/ru\/\u043f\u0440\u043e\u0434\u0443\u043a\u0442\/\u0434\u0435\u0440\u0435\u0432\u044f\u043d\u043d\u044b\u0435-\u043a\u0430\u043b\u044c\u044f\u043d\u043d\u044b\u0435-\u0442\u0440\u0443\u0431\u043a\u0438-\u043e\u043f\u0442\u043e\u043c\/","og_site_name":"Global Hookah","article_modified_time":"2024-01-12T03:51:44+00:00","og_image":[{"width":800,"height":800,"url":"https:\/\/global-hookah.com\/wp-content\/uploads\/2023\/12\/O1CN01APApLS1rwMHImrUs1___2208137625695-0-cib.jpg","type":"image\/jpeg"}],"twitter_card":"summary_large_image","twitter_misc":{"Tiempo de lectura":"2 minutos"},"schema":{"@context":"https:\/\/schema.org","@graph":[{"@type":"WebPage","@id":"https:\/\/global-hookah.com\/ru\/\u043f\u0440\u043e\u0434\u0443\u043a\u0442\/%d0%b4%d0%b5%d1%80%d0%b5%d0%b2%d1%8f%d0%bd%d0%bd%d1%8b%d0%b5-%d0%ba%d0%b0%d0%bb%d1%8c%d1%8f%d0%bd%d0%bd%d1%8b%d0%b5-%d1%82%d1%80%d1%83%d0%b1%d0%ba%d0%b8-%d0%be%d0%bf%d1%82%d0%be%d0%bc\/","url":"https:\/\/global-hookah.com\/ru\/\u043f\u0440\u043e\u0434\u0443\u043a\u0442\/%d0%b4%d0%b5%d1%80%d0%b5%d0%b2%d1%8f%d0%bd%d0%bd%d1%8b%d0%b5-%d0%ba%d0%b0%d0%bb%d1%8c%d1%8f%d0%bd%d0%bd%d1%8b%d0%b5-%d1%82%d1%80%d1%83%d0%b1%d0%ba%d0%b8-%d0%be%d0%bf%d1%82%d0%be%d0%bc\/","name":"pipa hookah de madera al por mayor - global hookah","isPartOf":{"@id":"https:\/\/global-hookah.com\/#website"},"primaryImageOfPage":{"@id":"https:\/\/global-hookah.com\/ru\/\u043f\u0440\u043e\u0434\u0443\u043a\u0442\/%d0%b4%d0%b5%d1%80%d0%b5%d0%b2%d1%8f%d0%bd%d0%bd%d1%8b%d0%b5-%d0%ba%d0%b0%d0%bb%d1%8c%d1%8f%d0%bd%d0%bd%d1%8b%d0%b5-%d1%82%d1%80%d1%83%d0%b1%d0%ba%d0%b8-%d0%be%d0%bf%d1%82%d0%be%d0%bc\/#primaryimage"},"image":{"@id":"https:\/\/global-hookah.com\/ru\/\u043f\u0440\u043e\u0434\u0443\u043a\u0442\/%d0%b4%d0%b5%d1%80%d0%b5%d0%b2%d1%8f%d0%bd%d0%bd%d1%8b%d0%b5-%d0%ba%d0%b0%d0%bb%d1%8c%d1%8f%d0%bd%d0%bd%d1%8b%d0%b5-%d1%82%d1%80%d1%83%d0%b1%d0%ba%d0%b8-%d0%be%d0%bf%d1%82%d0%be%d0%bc\/#primaryimage"},"thumbnailUrl":"https:\/\/global-hookah.com\/wp-content\/uploads\/2023\/12\/O1CN01APApLS1rwMHImrUs1___2208137625695-0-cib.jpg","datePublished":"2023-12-06T03:54:44+00:00","dateModified":"2024-01-12T03:51:44+00:00","breadcrumb":{"@id":"https:\/\/global-hookah.com\/ru\/\u043f\u0440\u043e\u0434\u0443\u043a\u0442\/%d0%b4%d0%b5%d1%80%d0%b5%d0%b2%d1%8f%d0%bd%d0%bd%d1%8b%d0%b5-%d0%ba%d0%b0%d0%bb%d1%8c%d1%8f%d0%bd%d0%bd%d1%8b%d0%b5-%d1%82%d1%80%d1%83%d0%b1%d0%ba%d0%b8-%d0%be%d0%bf%d1%82%d0%be%d0%bc\/#breadcrumb"},"inLanguage":"es","potentialAction":[{"@type":"ReadAction","target":["https:\/\/global-hookah.com\/ru\/\u043f\u0440\u043e\u0434\u0443\u043a\u0442\/%d0%b4%d0%b5%d1%80%d0%b5%d0%b2%d1%8f%d0%bd%d0%bd%d1%8b%d0%b5-%d0%ba%d0%b0%d0%bb%d1%8c%d1%8f%d0%bd%d0%bd%d1%8b%d0%b5-%d1%82%d1%80%d1%83%d0%b1%d0%ba%d0%b8-%d0%be%d0%bf%d1%82%d0%be%d0%bc\/"]}]},{"@type":"ImageObject","inLanguage":"es","@id":"https:\/\/global-hookah.com\/ru\/\u043f\u0440\u043e\u0434\u0443\u043a\u0442\/%d0%b4%d0%b5%d1%80%d0%b5%d0%b2%d1%8f%d0%bd%d0%bd%d1%8b%d0%b5-%d0%ba%d0%b0%d0%bb%d1%8c%d1%8f%d0%bd%d0%bd%d1%8b%d0%b5-%d1%82%d1%80%d1%83%d0%b1%d0%ba%d0%b8-%d0%be%d0%bf%d1%82%d0%be%d0%bc\/#primaryimage","url":"https:\/\/global-hookah.com\/wp-content\/uploads\/2023\/12\/O1CN01APApLS1rwMHImrUs1___2208137625695-0-cib.jpg","contentUrl":"https:\/\/global-hookah.com\/wp-content\/uploads\/2023\/12\/O1CN01APApLS1rwMHImrUs1___2208137625695-0-cib.jpg","width":800,"height":800,"caption":"Wooden Hookah Pipe Wholesale"},{"@type":"BreadcrumbList","@id":"https:\/\/global-hookah.com\/ru\/\u043f\u0440\u043e\u0434\u0443\u043a\u0442\/%d0%b4%d0%b5%d1%80%d0%b5%d0%b2%d1%8f%d0%bd%d0%bd%d1%8b%d0%b5-%d0%ba%d0%b0%d0%bb%d1%8c%d1%8f%d0%bd%d0%bd%d1%8b%d0%b5-%d1%82%d1%80%d1%83%d0%b1%d0%ba%d0%b8-%d0%be%d0%bf%d1%82%d0%be%d0%bc\/#breadcrumb","itemListElement":[{"@type":"ListItem","position":1,"name":"Home","item":"https:\/\/global-hookah.com\/"},{"@type":"ListItem","position":2,"name":"Shop","item":"https:\/\/global-hookah.com\/shop\/"},{"@type":"ListItem","position":3,"name":"Wooden Hookah Pipe Wholesale"}]},{"@type":"WebSite","@id":"https:\/\/global-hookah.com\/#website","url":"https:\/\/global-hookah.com\/","name":"Global Hookah","description":"Global Hookah","publisher":{"@id":"https:\/\/global-hookah.com\/#organization"},"potentialAction":[{"@type":"SearchAction","target":{"@type":"EntryPoint","urlTemplate":"https:\/\/global-hookah.com\/?s={search_term_string}"},"query-input":{"@type":"PropertyValueSpecification","valueRequired":true,"valueName":"search_term_string"}}],"inLanguage":"es"},{"@type":"Organization","@id":"https:\/\/global-hookah.com\/#organization","name":"Global Hookah","url":"https:\/\/global-hookah.com\/","logo":{"@type":"ImageObject","inLanguage":"es","@id":"https:\/\/global-hookah.com\/#\/schema\/logo\/image\/","url":"https:\/\/global-hookah.com\/wp-content\/uploads\/2021\/10\/cropped-fgg.png","contentUrl":"https:\/\/global-hookah.com\/wp-content\/uploads\/2021\/10\/cropped-fgg.png","width":512,"height":512,"caption":"Global Hookah"},"image":{"@id":"https:\/\/global-hookah.com\/#\/schema\/logo\/image\/"}}]}},"_links":{"self":[{"href":"https:\/\/global-hookah.com\/es\/wp-json\/wp\/v2\/product\/16756","targetHints":{"allow":["GET"]}}],"collection":[{"href":"https:\/\/global-hookah.com\/es\/wp-json\/wp\/v2\/product"}],"about":[{"href":"https:\/\/global-hookah.com\/es\/wp-json\/wp\/v2\/types\/product"}],"replies":[{"embeddable":true,"href":"https:\/\/global-hookah.com\/es\/wp-json\/wp\/v2\/comments?post=16756"}],"version-history":[{"count":0,"href":"https:\/\/global-hookah.com\/es\/wp-json\/wp\/v2\/product\/16756\/revisions"}],"wp:featuredmedia":[{"embeddable":true,"href":"https:\/\/global-hookah.com\/es\/wp-json\/wp\/v2\/media\/16758"}],"wp:attachment":[{"href":"https:\/\/global-hookah.com\/es\/wp-json\/wp\/v2\/media?parent=16756"}],"wp:term":[{"taxonomy":"product_brand","embeddable":true,"href":"https:\/\/global-hookah.com\/es\/wp-json\/wp\/v2\/product_brand?post=16756"},{"taxonomy":"product_cat","embeddable":true,"href":"https:\/\/global-hookah.com\/es\/wp-json\/wp\/v2\/product_cat?post=16756"},{"taxonomy":"product_tag","embeddable":true,"href":"https:\/\/global-hookah.com\/es\/wp-json\/wp\/v2\/product_tag?post=16756"}],"curies":[{"name":"wp","href":"https:\/\/api.w.org\/{rel}","templated":true}]}}