{"id":16763,"date":"2023-12-06T03:56:16","date_gmt":"2023-12-06T03:56:16","guid":{"rendered":"https:\/\/global-hookah.com\/?post_type=product&#038;p=16763"},"modified":"2024-01-12T03:51:43","modified_gmt":"2024-01-12T03:51:43","slug":"beautiful-wooden-hookah-pipe-wholesale","status":"publish","type":"product","link":"https:\/\/global-hookah.com\/es\/producto\/beautiful-wooden-hookah-pipe-wholesale\/","title":{"rendered":"Preciosa pipa Hookah de madera al por mayor"},"content":{"rendered":"<ul class=\"a-unordered-list a-vertical a-spacing-mini\">\n<li class=\"a-spacing-mini\">Este <strong>Pipa de madera para narguile<\/strong> est\u00e1 fabricado en madera y cristal, y representa los art\u00edculos para fiestas de ocio m\u00e1s populares y de moda hoy en d\u00eda.<\/li>\n<li>El tallo central es de madera natural, adornado con intrincadas incrustaciones de resina azul y p\u00farpura que recuerdan ramas en expansi\u00f3n.<\/li>\n<li>Al mismo tiempo, la base de madera meticulosamente elaborada no a\u00f1ade un peso excesivo, manteniendo una excelente portabilidad para facilitar su uso en casa o fuera de ella.<\/li>\n<li>La madera de primera calidad tiene una textura robusta y un color rico y saturado que desprende singularidad y resistencia a primera vista.<\/li>\n<li>Artesanal <strong>pipa shisha de madera<\/strong> Proporciona una perfecta experiencia de fumar shisha - grandes nubes y suaves caladas. F\u00e1cil de montar, desmontar, limpiar y guardar, ideal para uso dom\u00e9stico o viajes.<\/li>\n<li>En <strong>Hookah de madera<\/strong> tiene un toque moderno, con una gran bandeja en la parte superior del v\u00e1stago y dos puertos para mangueras sutilmente integrados en el dise\u00f1o del cuerpo.<\/li>\n<li>En <a href=\"https:\/\/global-hookah.com\/\">global-hookah<\/a>ofrecemos <a href=\"https:\/\/global-hookah.com\/product-category\/wholesale-hookah\/\">Pipa Hookah al por mayor<\/a> servicios para salones, bares, pubs y distribuidores de toda Europa y Estados Unidos. Si est\u00e1 interesado, p\u00f3ngase en contacto con nosotros por correo electr\u00f3nico.<\/li>\n<\/ul>","protected":false},"excerpt":{"rendered":"<p>Esta pipa Hookah de madera est\u00e1 fabricada en madera y cristal, y representa los art\u00edculos para fiestas de ocio m\u00e1s populares y de moda hoy en d\u00eda. El<\/p>","protected":false},"featured_media":16765,"comment_status":"open","ping_status":"closed","template":"","meta":{"iawp_total_views":2,"_joinchat":[]},"product_brand":[],"product_cat":[560,119],"product_tag":[],"class_list":{"0":"post-16763","1":"product","2":"type-product","3":"status-publish","4":"has-post-thumbnail","6":"product_cat-glass-hookah-wholesale","7":"product_cat-wholesale-hookah","9":"first","10":"instock","11":"shipping-taxable","12":"purchasable","13":"product-type-simple"},"yoast_head":"<!-- This site is optimized with the Yoast SEO Premium plugin v24.7 (Yoast SEO v26.8) - https:\/\/yoast.com\/product\/yoast-seo-premium-wordpress\/ -->\n<title>Beautiful Wooden Hookah Pipe Wholesale - Global Hookah<\/title>\n<meta name=\"robots\" content=\"index, follow, max-snippet:-1, max-image-preview:large, max-video-preview:-1\" \/>\n<link rel=\"canonical\" href=\"https:\/\/global-hookah.com\/es\/it\/prodotto\/bella-legno-hookah-pipe-allingrosso\/\" \/>\n<meta property=\"og:locale\" content=\"es_ES\" \/>\n<meta property=\"og:type\" content=\"article\" \/>\n<meta property=\"og:title\" content=\"Beautiful Wooden Hookah Pipe Wholesale\" \/>\n<meta property=\"og:description\" content=\"This Wooden Hookah Pipe is crafted from wood and glass, representing the most popular, fashionable leisure party supplies today. The\" \/>\n<meta property=\"og:url\" content=\"https:\/\/global-hookah.com\/es\/it\/prodotto\/bella-legno-hookah-pipe-allingrosso\/\" \/>\n<meta property=\"og:site_name\" content=\"Global Hookah\" \/>\n<meta property=\"article:modified_time\" content=\"2024-01-12T03:51:43+00:00\" \/>\n<meta property=\"og:image\" content=\"https:\/\/global-hookah.com\/wp-content\/uploads\/2023\/12\/O1CN01AOaV2x1rwMIMc3cM8___2208137625695-0-cib.jpg\" \/>\n\t<meta property=\"og:image:width\" content=\"800\" \/>\n\t<meta property=\"og:image:height\" content=\"800\" \/>\n\t<meta property=\"og:image:type\" content=\"image\/jpeg\" \/>\n<meta name=\"twitter:card\" content=\"summary_large_image\" \/>\n<meta name=\"twitter:label1\" content=\"Tiempo de lectura\" \/>\n\t<meta name=\"twitter:data1\" content=\"1 minuto\" \/>\n<script type=\"application\/ld+json\" class=\"yoast-schema-graph\">{\"@context\":\"https:\/\/schema.org\",\"@graph\":[{\"@type\":\"WebPage\",\"@id\":\"https:\/\/global-hookah.com\/it\/prodotto\/bella-legno-hookah-pipe-allingrosso\/\",\"url\":\"https:\/\/global-hookah.com\/it\/prodotto\/bella-legno-hookah-pipe-allingrosso\/\",\"name\":\"Beautiful Wooden Hookah Pipe Wholesale - Global Hookah\",\"isPartOf\":{\"@id\":\"https:\/\/global-hookah.com\/#website\"},\"primaryImageOfPage\":{\"@id\":\"https:\/\/global-hookah.com\/it\/prodotto\/bella-legno-hookah-pipe-allingrosso\/#primaryimage\"},\"image\":{\"@id\":\"https:\/\/global-hookah.com\/it\/prodotto\/bella-legno-hookah-pipe-allingrosso\/#primaryimage\"},\"thumbnailUrl\":\"https:\/\/global-hookah.com\/wp-content\/uploads\/2023\/12\/O1CN01AOaV2x1rwMIMc3cM8___2208137625695-0-cib.jpg\",\"datePublished\":\"2023-12-06T03:56:16+00:00\",\"dateModified\":\"2024-01-12T03:51:43+00:00\",\"breadcrumb\":{\"@id\":\"https:\/\/global-hookah.com\/it\/prodotto\/bella-legno-hookah-pipe-allingrosso\/#breadcrumb\"},\"inLanguage\":\"es\",\"potentialAction\":[{\"@type\":\"ReadAction\",\"target\":[\"https:\/\/global-hookah.com\/it\/prodotto\/bella-legno-hookah-pipe-allingrosso\/\"]}]},{\"@type\":\"ImageObject\",\"inLanguage\":\"es\",\"@id\":\"https:\/\/global-hookah.com\/it\/prodotto\/bella-legno-hookah-pipe-allingrosso\/#primaryimage\",\"url\":\"https:\/\/global-hookah.com\/wp-content\/uploads\/2023\/12\/O1CN01AOaV2x1rwMIMc3cM8___2208137625695-0-cib.jpg\",\"contentUrl\":\"https:\/\/global-hookah.com\/wp-content\/uploads\/2023\/12\/O1CN01AOaV2x1rwMIMc3cM8___2208137625695-0-cib.jpg\",\"width\":800,\"height\":800,\"caption\":\"Wooden Hookah Pipe Wholesale\"},{\"@type\":\"BreadcrumbList\",\"@id\":\"https:\/\/global-hookah.com\/it\/prodotto\/bella-legno-hookah-pipe-allingrosso\/#breadcrumb\",\"itemListElement\":[{\"@type\":\"ListItem\",\"position\":1,\"name\":\"Home\",\"item\":\"https:\/\/global-hookah.com\/\"},{\"@type\":\"ListItem\",\"position\":2,\"name\":\"Shop\",\"item\":\"https:\/\/global-hookah.com\/shop\/\"},{\"@type\":\"ListItem\",\"position\":3,\"name\":\"Beautiful Wooden Hookah Pipe Wholesale\"}]},{\"@type\":\"WebSite\",\"@id\":\"https:\/\/global-hookah.com\/#website\",\"url\":\"https:\/\/global-hookah.com\/\",\"name\":\"Global Hookah\",\"description\":\"Global Hookah\",\"publisher\":{\"@id\":\"https:\/\/global-hookah.com\/#organization\"},\"potentialAction\":[{\"@type\":\"SearchAction\",\"target\":{\"@type\":\"EntryPoint\",\"urlTemplate\":\"https:\/\/global-hookah.com\/?s={search_term_string}\"},\"query-input\":{\"@type\":\"PropertyValueSpecification\",\"valueRequired\":true,\"valueName\":\"search_term_string\"}}],\"inLanguage\":\"es\"},{\"@type\":\"Organization\",\"@id\":\"https:\/\/global-hookah.com\/#organization\",\"name\":\"Global Hookah\",\"url\":\"https:\/\/global-hookah.com\/\",\"logo\":{\"@type\":\"ImageObject\",\"inLanguage\":\"es\",\"@id\":\"https:\/\/global-hookah.com\/#\/schema\/logo\/image\/\",\"url\":\"https:\/\/global-hookah.com\/wp-content\/uploads\/2021\/10\/cropped-fgg.png\",\"contentUrl\":\"https:\/\/global-hookah.com\/wp-content\/uploads\/2021\/10\/cropped-fgg.png\",\"width\":512,\"height\":512,\"caption\":\"Global Hookah\"},\"image\":{\"@id\":\"https:\/\/global-hookah.com\/#\/schema\/logo\/image\/\"}}]}<\/script>\n<!-- \/ Yoast SEO Premium plugin. -->","yoast_head_json":{"title":"Hermosa pipa de madera Hookah al por mayor - Global Hookah","robots":{"index":"index","follow":"follow","max-snippet":"max-snippet:-1","max-image-preview":"max-image-preview:large","max-video-preview":"max-video-preview:-1"},"canonical":"https:\/\/global-hookah.com\/es\/it\/prodotto\/bella-legno-hookah-pipe-allingrosso\/","og_locale":"es_ES","og_type":"article","og_title":"Beautiful Wooden Hookah Pipe Wholesale","og_description":"This Wooden Hookah Pipe is crafted from wood and glass, representing the most popular, fashionable leisure party supplies today. The","og_url":"https:\/\/global-hookah.com\/es\/it\/prodotto\/bella-legno-hookah-pipe-allingrosso\/","og_site_name":"Global Hookah","article_modified_time":"2024-01-12T03:51:43+00:00","og_image":[{"width":800,"height":800,"url":"https:\/\/global-hookah.com\/wp-content\/uploads\/2023\/12\/O1CN01AOaV2x1rwMIMc3cM8___2208137625695-0-cib.jpg","type":"image\/jpeg"}],"twitter_card":"summary_large_image","twitter_misc":{"Tiempo de lectura":"1 minuto"},"schema":{"@context":"https:\/\/schema.org","@graph":[{"@type":"WebPage","@id":"https:\/\/global-hookah.com\/it\/prodotto\/bella-legno-hookah-pipe-allingrosso\/","url":"https:\/\/global-hookah.com\/it\/prodotto\/bella-legno-hookah-pipe-allingrosso\/","name":"Hermosa pipa de madera Hookah al por mayor - Global Hookah","isPartOf":{"@id":"https:\/\/global-hookah.com\/#website"},"primaryImageOfPage":{"@id":"https:\/\/global-hookah.com\/it\/prodotto\/bella-legno-hookah-pipe-allingrosso\/#primaryimage"},"image":{"@id":"https:\/\/global-hookah.com\/it\/prodotto\/bella-legno-hookah-pipe-allingrosso\/#primaryimage"},"thumbnailUrl":"https:\/\/global-hookah.com\/wp-content\/uploads\/2023\/12\/O1CN01AOaV2x1rwMIMc3cM8___2208137625695-0-cib.jpg","datePublished":"2023-12-06T03:56:16+00:00","dateModified":"2024-01-12T03:51:43+00:00","breadcrumb":{"@id":"https:\/\/global-hookah.com\/it\/prodotto\/bella-legno-hookah-pipe-allingrosso\/#breadcrumb"},"inLanguage":"es","potentialAction":[{"@type":"ReadAction","target":["https:\/\/global-hookah.com\/it\/prodotto\/bella-legno-hookah-pipe-allingrosso\/"]}]},{"@type":"ImageObject","inLanguage":"es","@id":"https:\/\/global-hookah.com\/it\/prodotto\/bella-legno-hookah-pipe-allingrosso\/#primaryimage","url":"https:\/\/global-hookah.com\/wp-content\/uploads\/2023\/12\/O1CN01AOaV2x1rwMIMc3cM8___2208137625695-0-cib.jpg","contentUrl":"https:\/\/global-hookah.com\/wp-content\/uploads\/2023\/12\/O1CN01AOaV2x1rwMIMc3cM8___2208137625695-0-cib.jpg","width":800,"height":800,"caption":"Wooden Hookah Pipe Wholesale"},{"@type":"BreadcrumbList","@id":"https:\/\/global-hookah.com\/it\/prodotto\/bella-legno-hookah-pipe-allingrosso\/#breadcrumb","itemListElement":[{"@type":"ListItem","position":1,"name":"Home","item":"https:\/\/global-hookah.com\/"},{"@type":"ListItem","position":2,"name":"Shop","item":"https:\/\/global-hookah.com\/shop\/"},{"@type":"ListItem","position":3,"name":"Beautiful Wooden Hookah Pipe Wholesale"}]},{"@type":"WebSite","@id":"https:\/\/global-hookah.com\/#website","url":"https:\/\/global-hookah.com\/","name":"Global Hookah","description":"Global Hookah","publisher":{"@id":"https:\/\/global-hookah.com\/#organization"},"potentialAction":[{"@type":"SearchAction","target":{"@type":"EntryPoint","urlTemplate":"https:\/\/global-hookah.com\/?s={search_term_string}"},"query-input":{"@type":"PropertyValueSpecification","valueRequired":true,"valueName":"search_term_string"}}],"inLanguage":"es"},{"@type":"Organization","@id":"https:\/\/global-hookah.com\/#organization","name":"Global Hookah","url":"https:\/\/global-hookah.com\/","logo":{"@type":"ImageObject","inLanguage":"es","@id":"https:\/\/global-hookah.com\/#\/schema\/logo\/image\/","url":"https:\/\/global-hookah.com\/wp-content\/uploads\/2021\/10\/cropped-fgg.png","contentUrl":"https:\/\/global-hookah.com\/wp-content\/uploads\/2021\/10\/cropped-fgg.png","width":512,"height":512,"caption":"Global Hookah"},"image":{"@id":"https:\/\/global-hookah.com\/#\/schema\/logo\/image\/"}}]}},"_links":{"self":[{"href":"https:\/\/global-hookah.com\/es\/wp-json\/wp\/v2\/product\/16763","targetHints":{"allow":["GET"]}}],"collection":[{"href":"https:\/\/global-hookah.com\/es\/wp-json\/wp\/v2\/product"}],"about":[{"href":"https:\/\/global-hookah.com\/es\/wp-json\/wp\/v2\/types\/product"}],"replies":[{"embeddable":true,"href":"https:\/\/global-hookah.com\/es\/wp-json\/wp\/v2\/comments?post=16763"}],"version-history":[{"count":0,"href":"https:\/\/global-hookah.com\/es\/wp-json\/wp\/v2\/product\/16763\/revisions"}],"wp:featuredmedia":[{"embeddable":true,"href":"https:\/\/global-hookah.com\/es\/wp-json\/wp\/v2\/media\/16765"}],"wp:attachment":[{"href":"https:\/\/global-hookah.com\/es\/wp-json\/wp\/v2\/media?parent=16763"}],"wp:term":[{"taxonomy":"product_brand","embeddable":true,"href":"https:\/\/global-hookah.com\/es\/wp-json\/wp\/v2\/product_brand?post=16763"},{"taxonomy":"product_cat","embeddable":true,"href":"https:\/\/global-hookah.com\/es\/wp-json\/wp\/v2\/product_cat?post=16763"},{"taxonomy":"product_tag","embeddable":true,"href":"https:\/\/global-hookah.com\/es\/wp-json\/wp\/v2\/product_tag?post=16763"}],"curies":[{"name":"wp","href":"https:\/\/api.w.org\/{rel}","templated":true}]}}