{"id":16770,"date":"2023-12-06T03:58:52","date_gmt":"2023-12-06T03:58:52","guid":{"rendered":"https:\/\/global-hookah.com\/?post_type=product&#038;p=16770"},"modified":"2023-12-27T08:50:28","modified_gmt":"2023-12-27T08:50:28","slug":"arabian-aluminum-alloy-hookah-wholesale","status":"publish","type":"product","link":"https:\/\/global-hookah.com\/es\/producto\/arabian-aluminum-alloy-hookah-wholesale\/","title":{"rendered":"Hookah \u00e1rabe de aleaci\u00f3n de aluminio al por mayor"},"content":{"rendered":"<ul class=\"a-unordered-list a-vertical a-spacing-mini\">\n<li class=\"a-spacing-mini\">Este <strong>Hookah \u00e1rabe de aleaci\u00f3n de aluminio<\/strong> presenta un elegante dise\u00f1o en forma de botella con un acabado mate, acentuado por bandas met\u00e1licas y una serie de rejillas de ventilaci\u00f3n circulares. Estas rejillas no solo proporcionan ventilaci\u00f3n, sino que tambi\u00e9n disipan r\u00e1pidamente el calor.<\/li>\n<li>Cada <strong>Hookah \u00e1rabe de aleaci\u00f3n de aluminio<\/strong> viene con una manguera negra a juego que tiene una boquilla ergon\u00f3mica para mayor comodidad,<\/li>\n<li>El cuerpo principal del narguile est\u00e1 hecho de material de aleaci\u00f3n de aluminio de alta calidad, que es crucial para la disipaci\u00f3n del calor y evita que el tabaco se queme demasiado r\u00e1pido. Y el material de aleaci\u00f3n de aluminio tambi\u00e9n nos puede ayudar a traer una experiencia \u00fanica durante el uso<\/li>\n<li>Se ve mejor y se siente mejor cuando lo usas gracias al v\u00e1stago de metal negro mate de alta calidad. Tambi\u00e9n tiene un filtro incorporado en la parte inferior para mejorar la filtraci\u00f3n y permitir caladas suaves.<\/li>\n<li>La manguera de 30 cm de longitud hace que la experiencia sea m\u00e1s c\u00f3moda, para que pueda disfrutar de cada sabor.<\/li>\n<\/ul>","protected":false},"excerpt":{"rendered":"<p>Este Hookah \u00e1rabe de aleaci\u00f3n de aluminio presenta un elegante dise\u00f1o en forma de botella con un acabado mate, acentuado por bandas met\u00e1licas y un<\/p>","protected":false},"featured_media":16777,"comment_status":"open","ping_status":"closed","template":"","meta":{"iawp_total_views":0,"_joinchat":[]},"product_brand":[],"product_cat":[119],"product_tag":[],"class_list":{"0":"post-16770","1":"product","2":"type-product","3":"status-publish","4":"has-post-thumbnail","6":"product_cat-wholesale-hookah","8":"first","9":"instock","10":"shipping-taxable","11":"purchasable","12":"product-type-simple"},"yoast_head":"<!-- This site is optimized with the Yoast SEO Premium plugin v24.7 (Yoast SEO v26.8) - https:\/\/yoast.com\/product\/yoast-seo-premium-wordpress\/ -->\n<title>Arabian Aluminum Alloy Hookah Wholesale - Global Hookah<\/title>\n<meta name=\"robots\" content=\"index, follow, max-snippet:-1, max-image-preview:large, max-video-preview:-1\" \/>\n<link rel=\"canonical\" href=\"https:\/\/global-hookah.com\/es\/pt\/produto\/narguile-de-liga-de-aluminio-arabe-no-atacado\/\" \/>\n<meta property=\"og:locale\" content=\"es_ES\" \/>\n<meta property=\"og:type\" content=\"article\" \/>\n<meta property=\"og:title\" content=\"Arabian Aluminum Alloy Hookah Wholesale\" \/>\n<meta property=\"og:description\" content=\"This Arabian Aluminum Alloy Hookah features a stylish bottle-shaped design with a matte finish, accented by metal bands and a\" \/>\n<meta property=\"og:url\" content=\"https:\/\/global-hookah.com\/es\/pt\/produto\/narguile-de-liga-de-aluminio-arabe-no-atacado\/\" \/>\n<meta property=\"og:site_name\" content=\"Global Hookah\" \/>\n<meta property=\"article:modified_time\" content=\"2023-12-27T08:50:28+00:00\" \/>\n<meta property=\"og:image\" content=\"https:\/\/global-hookah.com\/wp-content\/uploads\/2023\/12\/O1CN018F3hz61rwMM8uGdEM___2208137625695-0-cib.jpg\" \/>\n\t<meta property=\"og:image:width\" content=\"1600\" \/>\n\t<meta property=\"og:image:height\" content=\"1600\" \/>\n\t<meta property=\"og:image:type\" content=\"image\/jpeg\" \/>\n<meta name=\"twitter:card\" content=\"summary_large_image\" \/>\n<meta name=\"twitter:label1\" content=\"Tiempo de lectura\" \/>\n\t<meta name=\"twitter:data1\" content=\"1 minuto\" \/>\n<script type=\"application\/ld+json\" class=\"yoast-schema-graph\">{\"@context\":\"https:\/\/schema.org\",\"@graph\":[{\"@type\":\"WebPage\",\"@id\":\"https:\/\/global-hookah.com\/pt\/produto\/narguile-de-liga-de-aluminio-arabe-no-atacado\/\",\"url\":\"https:\/\/global-hookah.com\/pt\/produto\/narguile-de-liga-de-aluminio-arabe-no-atacado\/\",\"name\":\"Arabian Aluminum Alloy Hookah Wholesale - Global Hookah\",\"isPartOf\":{\"@id\":\"https:\/\/global-hookah.com\/#website\"},\"primaryImageOfPage\":{\"@id\":\"https:\/\/global-hookah.com\/pt\/produto\/narguile-de-liga-de-aluminio-arabe-no-atacado\/#primaryimage\"},\"image\":{\"@id\":\"https:\/\/global-hookah.com\/pt\/produto\/narguile-de-liga-de-aluminio-arabe-no-atacado\/#primaryimage\"},\"thumbnailUrl\":\"https:\/\/global-hookah.com\/wp-content\/uploads\/2023\/12\/O1CN018F3hz61rwMM8uGdEM___2208137625695-0-cib.jpg\",\"datePublished\":\"2023-12-06T03:58:52+00:00\",\"dateModified\":\"2023-12-27T08:50:28+00:00\",\"breadcrumb\":{\"@id\":\"https:\/\/global-hookah.com\/pt\/produto\/narguile-de-liga-de-aluminio-arabe-no-atacado\/#breadcrumb\"},\"inLanguage\":\"es\",\"potentialAction\":[{\"@type\":\"ReadAction\",\"target\":[\"https:\/\/global-hookah.com\/pt\/produto\/narguile-de-liga-de-aluminio-arabe-no-atacado\/\"]}]},{\"@type\":\"ImageObject\",\"inLanguage\":\"es\",\"@id\":\"https:\/\/global-hookah.com\/pt\/produto\/narguile-de-liga-de-aluminio-arabe-no-atacado\/#primaryimage\",\"url\":\"https:\/\/global-hookah.com\/wp-content\/uploads\/2023\/12\/O1CN018F3hz61rwMM8uGdEM___2208137625695-0-cib.jpg\",\"contentUrl\":\"https:\/\/global-hookah.com\/wp-content\/uploads\/2023\/12\/O1CN018F3hz61rwMM8uGdEM___2208137625695-0-cib.jpg\",\"width\":1600,\"height\":1600,\"caption\":\"Arabian Aluminum Alloy Hookah Wholesale\"},{\"@type\":\"BreadcrumbList\",\"@id\":\"https:\/\/global-hookah.com\/pt\/produto\/narguile-de-liga-de-aluminio-arabe-no-atacado\/#breadcrumb\",\"itemListElement\":[{\"@type\":\"ListItem\",\"position\":1,\"name\":\"Home\",\"item\":\"https:\/\/global-hookah.com\/\"},{\"@type\":\"ListItem\",\"position\":2,\"name\":\"Shop\",\"item\":\"https:\/\/global-hookah.com\/shop\/\"},{\"@type\":\"ListItem\",\"position\":3,\"name\":\"Arabian Aluminum Alloy Hookah Wholesale\"}]},{\"@type\":\"WebSite\",\"@id\":\"https:\/\/global-hookah.com\/#website\",\"url\":\"https:\/\/global-hookah.com\/\",\"name\":\"Global Hookah\",\"description\":\"Global Hookah\",\"publisher\":{\"@id\":\"https:\/\/global-hookah.com\/#organization\"},\"potentialAction\":[{\"@type\":\"SearchAction\",\"target\":{\"@type\":\"EntryPoint\",\"urlTemplate\":\"https:\/\/global-hookah.com\/?s={search_term_string}\"},\"query-input\":{\"@type\":\"PropertyValueSpecification\",\"valueRequired\":true,\"valueName\":\"search_term_string\"}}],\"inLanguage\":\"es\"},{\"@type\":\"Organization\",\"@id\":\"https:\/\/global-hookah.com\/#organization\",\"name\":\"Global Hookah\",\"url\":\"https:\/\/global-hookah.com\/\",\"logo\":{\"@type\":\"ImageObject\",\"inLanguage\":\"es\",\"@id\":\"https:\/\/global-hookah.com\/#\/schema\/logo\/image\/\",\"url\":\"https:\/\/global-hookah.com\/wp-content\/uploads\/2021\/10\/cropped-fgg.png\",\"contentUrl\":\"https:\/\/global-hookah.com\/wp-content\/uploads\/2021\/10\/cropped-fgg.png\",\"width\":512,\"height\":512,\"caption\":\"Global Hookah\"},\"image\":{\"@id\":\"https:\/\/global-hookah.com\/#\/schema\/logo\/image\/\"}}]}<\/script>\n<!-- \/ Yoast SEO Premium plugin. -->","yoast_head_json":{"title":"Hookah \u00e1rabe de aleaci\u00f3n de aluminio al por mayor - Global Hookah","robots":{"index":"index","follow":"follow","max-snippet":"max-snippet:-1","max-image-preview":"max-image-preview:large","max-video-preview":"max-video-preview:-1"},"canonical":"https:\/\/global-hookah.com\/es\/pt\/produto\/narguile-de-liga-de-aluminio-arabe-no-atacado\/","og_locale":"es_ES","og_type":"article","og_title":"Arabian Aluminum Alloy Hookah Wholesale","og_description":"This Arabian Aluminum Alloy Hookah features a stylish bottle-shaped design with a matte finish, accented by metal bands and a","og_url":"https:\/\/global-hookah.com\/es\/pt\/produto\/narguile-de-liga-de-aluminio-arabe-no-atacado\/","og_site_name":"Global Hookah","article_modified_time":"2023-12-27T08:50:28+00:00","og_image":[{"width":1600,"height":1600,"url":"https:\/\/global-hookah.com\/wp-content\/uploads\/2023\/12\/O1CN018F3hz61rwMM8uGdEM___2208137625695-0-cib.jpg","type":"image\/jpeg"}],"twitter_card":"summary_large_image","twitter_misc":{"Tiempo de lectura":"1 minuto"},"schema":{"@context":"https:\/\/schema.org","@graph":[{"@type":"WebPage","@id":"https:\/\/global-hookah.com\/pt\/produto\/narguile-de-liga-de-aluminio-arabe-no-atacado\/","url":"https:\/\/global-hookah.com\/pt\/produto\/narguile-de-liga-de-aluminio-arabe-no-atacado\/","name":"Hookah \u00e1rabe de aleaci\u00f3n de aluminio al por mayor - Global Hookah","isPartOf":{"@id":"https:\/\/global-hookah.com\/#website"},"primaryImageOfPage":{"@id":"https:\/\/global-hookah.com\/pt\/produto\/narguile-de-liga-de-aluminio-arabe-no-atacado\/#primaryimage"},"image":{"@id":"https:\/\/global-hookah.com\/pt\/produto\/narguile-de-liga-de-aluminio-arabe-no-atacado\/#primaryimage"},"thumbnailUrl":"https:\/\/global-hookah.com\/wp-content\/uploads\/2023\/12\/O1CN018F3hz61rwMM8uGdEM___2208137625695-0-cib.jpg","datePublished":"2023-12-06T03:58:52+00:00","dateModified":"2023-12-27T08:50:28+00:00","breadcrumb":{"@id":"https:\/\/global-hookah.com\/pt\/produto\/narguile-de-liga-de-aluminio-arabe-no-atacado\/#breadcrumb"},"inLanguage":"es","potentialAction":[{"@type":"ReadAction","target":["https:\/\/global-hookah.com\/pt\/produto\/narguile-de-liga-de-aluminio-arabe-no-atacado\/"]}]},{"@type":"ImageObject","inLanguage":"es","@id":"https:\/\/global-hookah.com\/pt\/produto\/narguile-de-liga-de-aluminio-arabe-no-atacado\/#primaryimage","url":"https:\/\/global-hookah.com\/wp-content\/uploads\/2023\/12\/O1CN018F3hz61rwMM8uGdEM___2208137625695-0-cib.jpg","contentUrl":"https:\/\/global-hookah.com\/wp-content\/uploads\/2023\/12\/O1CN018F3hz61rwMM8uGdEM___2208137625695-0-cib.jpg","width":1600,"height":1600,"caption":"Arabian Aluminum Alloy Hookah Wholesale"},{"@type":"BreadcrumbList","@id":"https:\/\/global-hookah.com\/pt\/produto\/narguile-de-liga-de-aluminio-arabe-no-atacado\/#breadcrumb","itemListElement":[{"@type":"ListItem","position":1,"name":"Home","item":"https:\/\/global-hookah.com\/"},{"@type":"ListItem","position":2,"name":"Shop","item":"https:\/\/global-hookah.com\/shop\/"},{"@type":"ListItem","position":3,"name":"Arabian Aluminum Alloy Hookah Wholesale"}]},{"@type":"WebSite","@id":"https:\/\/global-hookah.com\/#website","url":"https:\/\/global-hookah.com\/","name":"Global Hookah","description":"Global Hookah","publisher":{"@id":"https:\/\/global-hookah.com\/#organization"},"potentialAction":[{"@type":"SearchAction","target":{"@type":"EntryPoint","urlTemplate":"https:\/\/global-hookah.com\/?s={search_term_string}"},"query-input":{"@type":"PropertyValueSpecification","valueRequired":true,"valueName":"search_term_string"}}],"inLanguage":"es"},{"@type":"Organization","@id":"https:\/\/global-hookah.com\/#organization","name":"Global Hookah","url":"https:\/\/global-hookah.com\/","logo":{"@type":"ImageObject","inLanguage":"es","@id":"https:\/\/global-hookah.com\/#\/schema\/logo\/image\/","url":"https:\/\/global-hookah.com\/wp-content\/uploads\/2021\/10\/cropped-fgg.png","contentUrl":"https:\/\/global-hookah.com\/wp-content\/uploads\/2021\/10\/cropped-fgg.png","width":512,"height":512,"caption":"Global Hookah"},"image":{"@id":"https:\/\/global-hookah.com\/#\/schema\/logo\/image\/"}}]}},"_links":{"self":[{"href":"https:\/\/global-hookah.com\/es\/wp-json\/wp\/v2\/product\/16770","targetHints":{"allow":["GET"]}}],"collection":[{"href":"https:\/\/global-hookah.com\/es\/wp-json\/wp\/v2\/product"}],"about":[{"href":"https:\/\/global-hookah.com\/es\/wp-json\/wp\/v2\/types\/product"}],"replies":[{"embeddable":true,"href":"https:\/\/global-hookah.com\/es\/wp-json\/wp\/v2\/comments?post=16770"}],"version-history":[{"count":0,"href":"https:\/\/global-hookah.com\/es\/wp-json\/wp\/v2\/product\/16770\/revisions"}],"wp:featuredmedia":[{"embeddable":true,"href":"https:\/\/global-hookah.com\/es\/wp-json\/wp\/v2\/media\/16777"}],"wp:attachment":[{"href":"https:\/\/global-hookah.com\/es\/wp-json\/wp\/v2\/media?parent=16770"}],"wp:term":[{"taxonomy":"product_brand","embeddable":true,"href":"https:\/\/global-hookah.com\/es\/wp-json\/wp\/v2\/product_brand?post=16770"},{"taxonomy":"product_cat","embeddable":true,"href":"https:\/\/global-hookah.com\/es\/wp-json\/wp\/v2\/product_cat?post=16770"},{"taxonomy":"product_tag","embeddable":true,"href":"https:\/\/global-hookah.com\/es\/wp-json\/wp\/v2\/product_tag?post=16770"}],"curies":[{"name":"wp","href":"https:\/\/api.w.org\/{rel}","templated":true}]}}