{"id":16779,"date":"2023-12-06T05:25:36","date_gmt":"2023-12-06T05:25:36","guid":{"rendered":"https:\/\/global-hookah.com\/?post_type=product&#038;p=16779"},"modified":"2024-01-12T03:51:41","modified_gmt":"2024-01-12T03:51:41","slug":"shisha-water-pipe-wholesale","status":"publish","type":"product","link":"https:\/\/global-hookah.com\/es\/producto\/shisha-water-pipe-wholesale\/","title":{"rendered":"Tuber\u00eda de agua para shisha al por mayor"},"content":{"rendered":"<ul class=\"a-unordered-list a-vertical a-spacing-mini\">\n<li class=\"a-spacing-mini\">La base de cristal transparente tiene la ic\u00f3nica silueta de un jarr\u00f3n <strong>Pipa de agua para shisha<\/strong>m\u00e1s ancho en la parte inferior y m\u00e1s estrecho en la parte superior para garantizar una pisada firme y el equilibrio.<\/li>\n<li>Desde la base se extiende un v\u00e1stago y una ca\u00f1a intensamente lacados con una suavidad brillante y una forma aerodin\u00e1mica. Las sutiles hendiduras a lo largo de la ca\u00f1a a\u00f1aden comodidad t\u00e1ctil e intriga visual.<\/li>\n<li>El eje de la pipa de shisha cuenta con un puerto para manguera para conectar el tubo a la pipa de agua. Su dise\u00f1o minimalista combina con la combinaci\u00f3n de colores y el estilo.<\/li>\n<li>La altura del <strong>Pipa de agua para shisha<\/strong> es de 43 cm y pesa algo menos de 1 kg. El sitio <a href=\"https:\/\/global-hookah.com\/\">narguile<\/a> vendr\u00e1 con un juego completo de accesorios incluyendo manguera y abrazaderas.<\/li>\n<li>Para hacerlo a\u00fan m\u00e1s excepcional, hemos dise\u00f1ado especialmente una caja exterior para este <strong>cachimba shisha<\/strong>\u00a1! Es f\u00e1cil de transportar y guardar.<\/li>\n<li>ULTRA F\u00c1CIL DE LIMPIAR - S\u00f3lo tiene que a\u00f1adir lim\u00f3n y bicarbonato de sodio al agua, lavar a fondo con un cepillo, y su narguile personal estar\u00e1 tan limpio como nuevo.<\/li>\n<\/ul>","protected":false},"excerpt":{"rendered":"<p>La base de cristal transparente tiene la silueta ic\u00f3nica de un jarr\u00f3n de pipa de agua Shisha, m\u00e1s ancha en la parte inferior y luego<\/p>","protected":false},"featured_media":16782,"comment_status":"open","ping_status":"closed","template":"","meta":{"iawp_total_views":1,"_joinchat":[]},"product_brand":[],"product_cat":[560,119],"product_tag":[],"class_list":{"0":"post-16779","1":"product","2":"type-product","3":"status-publish","4":"has-post-thumbnail","6":"product_cat-glass-hookah-wholesale","7":"product_cat-wholesale-hookah","9":"first","10":"instock","11":"shipping-taxable","12":"purchasable","13":"product-type-simple"},"yoast_head":"<!-- This site is optimized with the Yoast SEO Premium plugin v24.7 (Yoast SEO v26.8) - https:\/\/yoast.com\/product\/yoast-seo-premium-wordpress\/ -->\n<title>Shisha Water Pipe Wholesale - Global Hookah<\/title>\n<meta name=\"robots\" content=\"index, follow, max-snippet:-1, max-image-preview:large, max-video-preview:-1\" \/>\n<link rel=\"canonical\" href=\"https:\/\/global-hookah.com\/es\/produkt\/shisha-wasserpfeifen-groshandel\/\" \/>\n<meta property=\"og:locale\" content=\"es_ES\" \/>\n<meta property=\"og:type\" content=\"article\" \/>\n<meta property=\"og:title\" content=\"Shisha Water Pipe Wholesale\" \/>\n<meta property=\"og:description\" content=\"The clear glass base has the iconic vase silhouette of a Shisha Water Pipe, wider at the bottom and then\" \/>\n<meta property=\"og:url\" content=\"https:\/\/global-hookah.com\/es\/produkt\/shisha-wasserpfeifen-groshandel\/\" \/>\n<meta property=\"og:site_name\" content=\"Global Hookah\" \/>\n<meta property=\"article:modified_time\" content=\"2024-01-12T03:51:41+00:00\" \/>\n<meta property=\"og:image\" content=\"https:\/\/global-hookah.com\/wp-content\/uploads\/2023\/12\/0db28043-f2e9-405f-adde-eabcde1ad93f.jpg\" \/>\n\t<meta property=\"og:image:width\" content=\"850\" \/>\n\t<meta property=\"og:image:height\" content=\"850\" \/>\n\t<meta property=\"og:image:type\" content=\"image\/jpeg\" \/>\n<meta name=\"twitter:card\" content=\"summary_large_image\" \/>\n<meta name=\"twitter:label1\" content=\"Tiempo de lectura\" \/>\n\t<meta name=\"twitter:data1\" content=\"1 minuto\" \/>\n<script type=\"application\/ld+json\" class=\"yoast-schema-graph\">{\"@context\":\"https:\/\/schema.org\",\"@graph\":[{\"@type\":\"WebPage\",\"@id\":\"https:\/\/global-hookah.com\/de\/produkt\/shisha-wasserpfeifen-groshandel\/\",\"url\":\"https:\/\/global-hookah.com\/de\/produkt\/shisha-wasserpfeifen-groshandel\/\",\"name\":\"Shisha Water Pipe Wholesale - Global Hookah\",\"isPartOf\":{\"@id\":\"https:\/\/global-hookah.com\/#website\"},\"primaryImageOfPage\":{\"@id\":\"https:\/\/global-hookah.com\/de\/produkt\/shisha-wasserpfeifen-groshandel\/#primaryimage\"},\"image\":{\"@id\":\"https:\/\/global-hookah.com\/de\/produkt\/shisha-wasserpfeifen-groshandel\/#primaryimage\"},\"thumbnailUrl\":\"https:\/\/global-hookah.com\/wp-content\/uploads\/2023\/12\/0db28043-f2e9-405f-adde-eabcde1ad93f.jpg\",\"datePublished\":\"2023-12-06T05:25:36+00:00\",\"dateModified\":\"2024-01-12T03:51:41+00:00\",\"breadcrumb\":{\"@id\":\"https:\/\/global-hookah.com\/de\/produkt\/shisha-wasserpfeifen-groshandel\/#breadcrumb\"},\"inLanguage\":\"es\",\"potentialAction\":[{\"@type\":\"ReadAction\",\"target\":[\"https:\/\/global-hookah.com\/de\/produkt\/shisha-wasserpfeifen-groshandel\/\"]}]},{\"@type\":\"ImageObject\",\"inLanguage\":\"es\",\"@id\":\"https:\/\/global-hookah.com\/de\/produkt\/shisha-wasserpfeifen-groshandel\/#primaryimage\",\"url\":\"https:\/\/global-hookah.com\/wp-content\/uploads\/2023\/12\/0db28043-f2e9-405f-adde-eabcde1ad93f.jpg\",\"contentUrl\":\"https:\/\/global-hookah.com\/wp-content\/uploads\/2023\/12\/0db28043-f2e9-405f-adde-eabcde1ad93f.jpg\",\"width\":850,\"height\":850,\"caption\":\"Shisha Water Pipe Wholesale\"},{\"@type\":\"BreadcrumbList\",\"@id\":\"https:\/\/global-hookah.com\/de\/produkt\/shisha-wasserpfeifen-groshandel\/#breadcrumb\",\"itemListElement\":[{\"@type\":\"ListItem\",\"position\":1,\"name\":\"Home\",\"item\":\"https:\/\/global-hookah.com\/\"},{\"@type\":\"ListItem\",\"position\":2,\"name\":\"Shop\",\"item\":\"https:\/\/global-hookah.com\/shop\/\"},{\"@type\":\"ListItem\",\"position\":3,\"name\":\"Shisha Water Pipe Wholesale\"}]},{\"@type\":\"WebSite\",\"@id\":\"https:\/\/global-hookah.com\/#website\",\"url\":\"https:\/\/global-hookah.com\/\",\"name\":\"Global Hookah\",\"description\":\"Global Hookah\",\"publisher\":{\"@id\":\"https:\/\/global-hookah.com\/#organization\"},\"potentialAction\":[{\"@type\":\"SearchAction\",\"target\":{\"@type\":\"EntryPoint\",\"urlTemplate\":\"https:\/\/global-hookah.com\/?s={search_term_string}\"},\"query-input\":{\"@type\":\"PropertyValueSpecification\",\"valueRequired\":true,\"valueName\":\"search_term_string\"}}],\"inLanguage\":\"es\"},{\"@type\":\"Organization\",\"@id\":\"https:\/\/global-hookah.com\/#organization\",\"name\":\"Global Hookah\",\"url\":\"https:\/\/global-hookah.com\/\",\"logo\":{\"@type\":\"ImageObject\",\"inLanguage\":\"es\",\"@id\":\"https:\/\/global-hookah.com\/#\/schema\/logo\/image\/\",\"url\":\"https:\/\/global-hookah.com\/wp-content\/uploads\/2021\/10\/cropped-fgg.png\",\"contentUrl\":\"https:\/\/global-hookah.com\/wp-content\/uploads\/2021\/10\/cropped-fgg.png\",\"width\":512,\"height\":512,\"caption\":\"Global Hookah\"},\"image\":{\"@id\":\"https:\/\/global-hookah.com\/#\/schema\/logo\/image\/\"}}]}<\/script>\n<!-- \/ Yoast SEO Premium plugin. -->","yoast_head_json":{"title":"Pipa de agua para shisha al por mayor - Global Hookah","robots":{"index":"index","follow":"follow","max-snippet":"max-snippet:-1","max-image-preview":"max-image-preview:large","max-video-preview":"max-video-preview:-1"},"canonical":"https:\/\/global-hookah.com\/es\/produkt\/shisha-wasserpfeifen-groshandel\/","og_locale":"es_ES","og_type":"article","og_title":"Shisha Water Pipe Wholesale","og_description":"The clear glass base has the iconic vase silhouette of a Shisha Water Pipe, wider at the bottom and then","og_url":"https:\/\/global-hookah.com\/es\/produkt\/shisha-wasserpfeifen-groshandel\/","og_site_name":"Global Hookah","article_modified_time":"2024-01-12T03:51:41+00:00","og_image":[{"width":850,"height":850,"url":"https:\/\/global-hookah.com\/wp-content\/uploads\/2023\/12\/0db28043-f2e9-405f-adde-eabcde1ad93f.jpg","type":"image\/jpeg"}],"twitter_card":"summary_large_image","twitter_misc":{"Tiempo de lectura":"1 minuto"},"schema":{"@context":"https:\/\/schema.org","@graph":[{"@type":"WebPage","@id":"https:\/\/global-hookah.com\/de\/produkt\/shisha-wasserpfeifen-groshandel\/","url":"https:\/\/global-hookah.com\/de\/produkt\/shisha-wasserpfeifen-groshandel\/","name":"Pipa de agua para shisha al por mayor - Global Hookah","isPartOf":{"@id":"https:\/\/global-hookah.com\/#website"},"primaryImageOfPage":{"@id":"https:\/\/global-hookah.com\/de\/produkt\/shisha-wasserpfeifen-groshandel\/#primaryimage"},"image":{"@id":"https:\/\/global-hookah.com\/de\/produkt\/shisha-wasserpfeifen-groshandel\/#primaryimage"},"thumbnailUrl":"https:\/\/global-hookah.com\/wp-content\/uploads\/2023\/12\/0db28043-f2e9-405f-adde-eabcde1ad93f.jpg","datePublished":"2023-12-06T05:25:36+00:00","dateModified":"2024-01-12T03:51:41+00:00","breadcrumb":{"@id":"https:\/\/global-hookah.com\/de\/produkt\/shisha-wasserpfeifen-groshandel\/#breadcrumb"},"inLanguage":"es","potentialAction":[{"@type":"ReadAction","target":["https:\/\/global-hookah.com\/de\/produkt\/shisha-wasserpfeifen-groshandel\/"]}]},{"@type":"ImageObject","inLanguage":"es","@id":"https:\/\/global-hookah.com\/de\/produkt\/shisha-wasserpfeifen-groshandel\/#primaryimage","url":"https:\/\/global-hookah.com\/wp-content\/uploads\/2023\/12\/0db28043-f2e9-405f-adde-eabcde1ad93f.jpg","contentUrl":"https:\/\/global-hookah.com\/wp-content\/uploads\/2023\/12\/0db28043-f2e9-405f-adde-eabcde1ad93f.jpg","width":850,"height":850,"caption":"Shisha Water Pipe Wholesale"},{"@type":"BreadcrumbList","@id":"https:\/\/global-hookah.com\/de\/produkt\/shisha-wasserpfeifen-groshandel\/#breadcrumb","itemListElement":[{"@type":"ListItem","position":1,"name":"Home","item":"https:\/\/global-hookah.com\/"},{"@type":"ListItem","position":2,"name":"Shop","item":"https:\/\/global-hookah.com\/shop\/"},{"@type":"ListItem","position":3,"name":"Shisha Water Pipe Wholesale"}]},{"@type":"WebSite","@id":"https:\/\/global-hookah.com\/#website","url":"https:\/\/global-hookah.com\/","name":"Global Hookah","description":"Global Hookah","publisher":{"@id":"https:\/\/global-hookah.com\/#organization"},"potentialAction":[{"@type":"SearchAction","target":{"@type":"EntryPoint","urlTemplate":"https:\/\/global-hookah.com\/?s={search_term_string}"},"query-input":{"@type":"PropertyValueSpecification","valueRequired":true,"valueName":"search_term_string"}}],"inLanguage":"es"},{"@type":"Organization","@id":"https:\/\/global-hookah.com\/#organization","name":"Global Hookah","url":"https:\/\/global-hookah.com\/","logo":{"@type":"ImageObject","inLanguage":"es","@id":"https:\/\/global-hookah.com\/#\/schema\/logo\/image\/","url":"https:\/\/global-hookah.com\/wp-content\/uploads\/2021\/10\/cropped-fgg.png","contentUrl":"https:\/\/global-hookah.com\/wp-content\/uploads\/2021\/10\/cropped-fgg.png","width":512,"height":512,"caption":"Global Hookah"},"image":{"@id":"https:\/\/global-hookah.com\/#\/schema\/logo\/image\/"}}]}},"_links":{"self":[{"href":"https:\/\/global-hookah.com\/es\/wp-json\/wp\/v2\/product\/16779","targetHints":{"allow":["GET"]}}],"collection":[{"href":"https:\/\/global-hookah.com\/es\/wp-json\/wp\/v2\/product"}],"about":[{"href":"https:\/\/global-hookah.com\/es\/wp-json\/wp\/v2\/types\/product"}],"replies":[{"embeddable":true,"href":"https:\/\/global-hookah.com\/es\/wp-json\/wp\/v2\/comments?post=16779"}],"version-history":[{"count":0,"href":"https:\/\/global-hookah.com\/es\/wp-json\/wp\/v2\/product\/16779\/revisions"}],"wp:featuredmedia":[{"embeddable":true,"href":"https:\/\/global-hookah.com\/es\/wp-json\/wp\/v2\/media\/16782"}],"wp:attachment":[{"href":"https:\/\/global-hookah.com\/es\/wp-json\/wp\/v2\/media?parent=16779"}],"wp:term":[{"taxonomy":"product_brand","embeddable":true,"href":"https:\/\/global-hookah.com\/es\/wp-json\/wp\/v2\/product_brand?post=16779"},{"taxonomy":"product_cat","embeddable":true,"href":"https:\/\/global-hookah.com\/es\/wp-json\/wp\/v2\/product_cat?post=16779"},{"taxonomy":"product_tag","embeddable":true,"href":"https:\/\/global-hookah.com\/es\/wp-json\/wp\/v2\/product_tag?post=16779"}],"curies":[{"name":"wp","href":"https:\/\/api.w.org\/{rel}","templated":true}]}}