{"id":16812,"date":"2023-12-06T05:48:56","date_gmt":"2023-12-06T05:48:56","guid":{"rendered":"https:\/\/global-hookah.com\/?post_type=product&#038;p=16812"},"modified":"2024-01-12T03:51:37","modified_gmt":"2024-01-12T03:51:37","slug":"fancy-hookah-pipes-wholesale","status":"publish","type":"product","link":"https:\/\/global-hookah.com\/es\/producto\/fancy-hookah-pipes-wholesale\/","title":{"rendered":"Pipas Fancy Hookah al por mayor"},"content":{"rendered":"<ul>\n<li>La caracter\u00edstica central de este <strong>Pipa Hookah de lujo<\/strong> es la base de jarr\u00f3n de dise\u00f1o exclusivo, con intrincados motivos verticales que le confieren un aspecto contempor\u00e1neo y elegante.<\/li>\n<li>En <strong>pipas hookah grandes y elegantes<\/strong> est\u00e1 montado sobre una base de madera, que no s\u00f3lo a\u00f1ade una est\u00e9tica org\u00e1nica, sino que tambi\u00e9n proporciona un soporte resistente para evitar que se vuelque durante su uso.<\/li>\n<li>De las juntas met\u00e1licas salen cuatro mangueras flexibles: dos negras cl\u00e1sicas y dos azules vibrantes. Cada manguera tiene una secci\u00f3n transparente cerca de la boquilla para que los usuarios puedan ver el humo que pasa.<\/li>\n<li>Las mangueras tienen conexiones sin ojales para facilitar su inserci\u00f3n en los racores sin juntas adicionales. Las piezas pueden ensamblarse de forma segura sin juntas adicionales.<\/li>\n<li>Las mangueras tienen boquillas elegantes, dise\u00f1adas para ofrecer comodidad y adecuadas para sesiones largas.<\/li>\n<li>En <strong>juego de narguile con varias mangueras de alta gama<\/strong> viene con un cuerpo de hookah de cristal, cenicero, manguera de silicona lavable (1,5m), boquilla de aluminio, cuenco de arcilla, soporte para la pantalla de carb\u00f3n, pinzas y todas las juntas de goma. S\u00f3lo necesita carb\u00f3n y tabaco para empezar a disfrutarla.<\/li>\n<li>Este <strong>Set de narguile de lujo<\/strong> es ideal para fumadores sociales, ya que permite hasta cuatro usuarios simult\u00e1neos. Perfecto para salones o espacios sociales donde los grupos pueden reunirse para disfrutar de narguile juntos.<\/li>\n<li>Nuestras hermosas pipas de narguile son perfectas para salones de lujo. Si usted est\u00e1 buscando este tipo de hookah, por favor p\u00f3ngase en contacto con nosotros para <a href=\"https:\/\/global-hookah.com\/product-category\/wholesale-hookah\/\">venta al por mayor personalizada<\/a><\/li>\n<\/ul>","protected":false},"excerpt":{"rendered":"<p>La caracter\u00edstica central de esta pipa Fancy Hookah es su base en forma de jarr\u00f3n de dise\u00f1o \u00fanico, con intrincados dibujos verticales que le dan un aspecto \u00fanico.<\/p>","protected":false},"featured_media":16814,"comment_status":"open","ping_status":"closed","template":"","meta":{"iawp_total_views":1,"_joinchat":[]},"product_brand":[],"product_cat":[560,119],"product_tag":[],"class_list":{"0":"post-16812","1":"product","2":"type-product","3":"status-publish","4":"has-post-thumbnail","6":"product_cat-glass-hookah-wholesale","7":"product_cat-wholesale-hookah","9":"first","10":"instock","11":"shipping-taxable","12":"purchasable","13":"product-type-simple"},"yoast_head":"<!-- This site is optimized with the Yoast SEO Premium plugin v24.7 (Yoast SEO v26.8) - https:\/\/yoast.com\/product\/yoast-seo-premium-wordpress\/ -->\n<title>Fancy Hookah Pipes Wholesale - Global Hookah<\/title>\n<meta name=\"robots\" content=\"index, follow, max-snippet:-1, max-image-preview:large, max-video-preview:-1\" \/>\n<link rel=\"canonical\" href=\"https:\/\/global-hookah.com\/es\/pt\/produto\/cachimbos-de-luxo-atacado\/\" \/>\n<meta property=\"og:locale\" content=\"es_ES\" \/>\n<meta property=\"og:type\" content=\"article\" \/>\n<meta property=\"og:title\" content=\"Fancy Hookah Pipes Wholesale\" \/>\n<meta property=\"og:description\" content=\"The central feature of this Fancy Hookah Pipe is the uniquely designed vase base, with intricate vertical patterns giving it\" \/>\n<meta property=\"og:url\" content=\"https:\/\/global-hookah.com\/es\/pt\/produto\/cachimbos-de-luxo-atacado\/\" \/>\n<meta property=\"og:site_name\" content=\"Global Hookah\" \/>\n<meta property=\"article:modified_time\" content=\"2024-01-12T03:51:37+00:00\" \/>\n<meta property=\"og:image\" content=\"https:\/\/global-hookah.com\/wp-content\/uploads\/2023\/12\/O1CN01cu37Wv23khkwhul2X___2201231717294-0-cib.jpg\" \/>\n\t<meta property=\"og:image:width\" content=\"1920\" \/>\n\t<meta property=\"og:image:height\" content=\"1920\" \/>\n\t<meta property=\"og:image:type\" content=\"image\/jpeg\" \/>\n<meta name=\"twitter:card\" content=\"summary_large_image\" \/>\n<meta name=\"twitter:label1\" content=\"Tiempo de lectura\" \/>\n\t<meta name=\"twitter:data1\" content=\"1 minuto\" \/>\n<script type=\"application\/ld+json\" class=\"yoast-schema-graph\">{\"@context\":\"https:\/\/schema.org\",\"@graph\":[{\"@type\":\"WebPage\",\"@id\":\"https:\/\/global-hookah.com\/pt\/produto\/cachimbos-de-luxo-atacado\/\",\"url\":\"https:\/\/global-hookah.com\/pt\/produto\/cachimbos-de-luxo-atacado\/\",\"name\":\"Fancy Hookah Pipes Wholesale - Global Hookah\",\"isPartOf\":{\"@id\":\"https:\/\/global-hookah.com\/#website\"},\"primaryImageOfPage\":{\"@id\":\"https:\/\/global-hookah.com\/pt\/produto\/cachimbos-de-luxo-atacado\/#primaryimage\"},\"image\":{\"@id\":\"https:\/\/global-hookah.com\/pt\/produto\/cachimbos-de-luxo-atacado\/#primaryimage\"},\"thumbnailUrl\":\"https:\/\/global-hookah.com\/wp-content\/uploads\/2023\/12\/O1CN01cu37Wv23khkwhul2X___2201231717294-0-cib.jpg\",\"datePublished\":\"2023-12-06T05:48:56+00:00\",\"dateModified\":\"2024-01-12T03:51:37+00:00\",\"breadcrumb\":{\"@id\":\"https:\/\/global-hookah.com\/pt\/produto\/cachimbos-de-luxo-atacado\/#breadcrumb\"},\"inLanguage\":\"es\",\"potentialAction\":[{\"@type\":\"ReadAction\",\"target\":[\"https:\/\/global-hookah.com\/pt\/produto\/cachimbos-de-luxo-atacado\/\"]}]},{\"@type\":\"ImageObject\",\"inLanguage\":\"es\",\"@id\":\"https:\/\/global-hookah.com\/pt\/produto\/cachimbos-de-luxo-atacado\/#primaryimage\",\"url\":\"https:\/\/global-hookah.com\/wp-content\/uploads\/2023\/12\/O1CN01cu37Wv23khkwhul2X___2201231717294-0-cib.jpg\",\"contentUrl\":\"https:\/\/global-hookah.com\/wp-content\/uploads\/2023\/12\/O1CN01cu37Wv23khkwhul2X___2201231717294-0-cib.jpg\",\"width\":1920,\"height\":1920,\"caption\":\"Fancy Hookah Pipes Wholesale\"},{\"@type\":\"BreadcrumbList\",\"@id\":\"https:\/\/global-hookah.com\/pt\/produto\/cachimbos-de-luxo-atacado\/#breadcrumb\",\"itemListElement\":[{\"@type\":\"ListItem\",\"position\":1,\"name\":\"Home\",\"item\":\"https:\/\/global-hookah.com\/\"},{\"@type\":\"ListItem\",\"position\":2,\"name\":\"Shop\",\"item\":\"https:\/\/global-hookah.com\/shop\/\"},{\"@type\":\"ListItem\",\"position\":3,\"name\":\"Fancy Hookah Pipes Wholesale\"}]},{\"@type\":\"WebSite\",\"@id\":\"https:\/\/global-hookah.com\/#website\",\"url\":\"https:\/\/global-hookah.com\/\",\"name\":\"Global Hookah\",\"description\":\"Global Hookah\",\"publisher\":{\"@id\":\"https:\/\/global-hookah.com\/#organization\"},\"potentialAction\":[{\"@type\":\"SearchAction\",\"target\":{\"@type\":\"EntryPoint\",\"urlTemplate\":\"https:\/\/global-hookah.com\/?s={search_term_string}\"},\"query-input\":{\"@type\":\"PropertyValueSpecification\",\"valueRequired\":true,\"valueName\":\"search_term_string\"}}],\"inLanguage\":\"es\"},{\"@type\":\"Organization\",\"@id\":\"https:\/\/global-hookah.com\/#organization\",\"name\":\"Global Hookah\",\"url\":\"https:\/\/global-hookah.com\/\",\"logo\":{\"@type\":\"ImageObject\",\"inLanguage\":\"es\",\"@id\":\"https:\/\/global-hookah.com\/#\/schema\/logo\/image\/\",\"url\":\"https:\/\/global-hookah.com\/wp-content\/uploads\/2021\/10\/cropped-fgg.png\",\"contentUrl\":\"https:\/\/global-hookah.com\/wp-content\/uploads\/2021\/10\/cropped-fgg.png\",\"width\":512,\"height\":512,\"caption\":\"Global Hookah\"},\"image\":{\"@id\":\"https:\/\/global-hookah.com\/#\/schema\/logo\/image\/\"}}]}<\/script>\n<!-- \/ Yoast SEO Premium plugin. -->","yoast_head_json":{"title":"Fancy Hookah Pipes al por mayor - Global Hookah","robots":{"index":"index","follow":"follow","max-snippet":"max-snippet:-1","max-image-preview":"max-image-preview:large","max-video-preview":"max-video-preview:-1"},"canonical":"https:\/\/global-hookah.com\/es\/pt\/produto\/cachimbos-de-luxo-atacado\/","og_locale":"es_ES","og_type":"article","og_title":"Fancy Hookah Pipes Wholesale","og_description":"The central feature of this Fancy Hookah Pipe is the uniquely designed vase base, with intricate vertical patterns giving it","og_url":"https:\/\/global-hookah.com\/es\/pt\/produto\/cachimbos-de-luxo-atacado\/","og_site_name":"Global Hookah","article_modified_time":"2024-01-12T03:51:37+00:00","og_image":[{"width":1920,"height":1920,"url":"https:\/\/global-hookah.com\/wp-content\/uploads\/2023\/12\/O1CN01cu37Wv23khkwhul2X___2201231717294-0-cib.jpg","type":"image\/jpeg"}],"twitter_card":"summary_large_image","twitter_misc":{"Tiempo de lectura":"1 minuto"},"schema":{"@context":"https:\/\/schema.org","@graph":[{"@type":"WebPage","@id":"https:\/\/global-hookah.com\/pt\/produto\/cachimbos-de-luxo-atacado\/","url":"https:\/\/global-hookah.com\/pt\/produto\/cachimbos-de-luxo-atacado\/","name":"Fancy Hookah Pipes al por mayor - Global Hookah","isPartOf":{"@id":"https:\/\/global-hookah.com\/#website"},"primaryImageOfPage":{"@id":"https:\/\/global-hookah.com\/pt\/produto\/cachimbos-de-luxo-atacado\/#primaryimage"},"image":{"@id":"https:\/\/global-hookah.com\/pt\/produto\/cachimbos-de-luxo-atacado\/#primaryimage"},"thumbnailUrl":"https:\/\/global-hookah.com\/wp-content\/uploads\/2023\/12\/O1CN01cu37Wv23khkwhul2X___2201231717294-0-cib.jpg","datePublished":"2023-12-06T05:48:56+00:00","dateModified":"2024-01-12T03:51:37+00:00","breadcrumb":{"@id":"https:\/\/global-hookah.com\/pt\/produto\/cachimbos-de-luxo-atacado\/#breadcrumb"},"inLanguage":"es","potentialAction":[{"@type":"ReadAction","target":["https:\/\/global-hookah.com\/pt\/produto\/cachimbos-de-luxo-atacado\/"]}]},{"@type":"ImageObject","inLanguage":"es","@id":"https:\/\/global-hookah.com\/pt\/produto\/cachimbos-de-luxo-atacado\/#primaryimage","url":"https:\/\/global-hookah.com\/wp-content\/uploads\/2023\/12\/O1CN01cu37Wv23khkwhul2X___2201231717294-0-cib.jpg","contentUrl":"https:\/\/global-hookah.com\/wp-content\/uploads\/2023\/12\/O1CN01cu37Wv23khkwhul2X___2201231717294-0-cib.jpg","width":1920,"height":1920,"caption":"Fancy Hookah Pipes Wholesale"},{"@type":"BreadcrumbList","@id":"https:\/\/global-hookah.com\/pt\/produto\/cachimbos-de-luxo-atacado\/#breadcrumb","itemListElement":[{"@type":"ListItem","position":1,"name":"Home","item":"https:\/\/global-hookah.com\/"},{"@type":"ListItem","position":2,"name":"Shop","item":"https:\/\/global-hookah.com\/shop\/"},{"@type":"ListItem","position":3,"name":"Fancy Hookah Pipes Wholesale"}]},{"@type":"WebSite","@id":"https:\/\/global-hookah.com\/#website","url":"https:\/\/global-hookah.com\/","name":"Global Hookah","description":"Global Hookah","publisher":{"@id":"https:\/\/global-hookah.com\/#organization"},"potentialAction":[{"@type":"SearchAction","target":{"@type":"EntryPoint","urlTemplate":"https:\/\/global-hookah.com\/?s={search_term_string}"},"query-input":{"@type":"PropertyValueSpecification","valueRequired":true,"valueName":"search_term_string"}}],"inLanguage":"es"},{"@type":"Organization","@id":"https:\/\/global-hookah.com\/#organization","name":"Global Hookah","url":"https:\/\/global-hookah.com\/","logo":{"@type":"ImageObject","inLanguage":"es","@id":"https:\/\/global-hookah.com\/#\/schema\/logo\/image\/","url":"https:\/\/global-hookah.com\/wp-content\/uploads\/2021\/10\/cropped-fgg.png","contentUrl":"https:\/\/global-hookah.com\/wp-content\/uploads\/2021\/10\/cropped-fgg.png","width":512,"height":512,"caption":"Global Hookah"},"image":{"@id":"https:\/\/global-hookah.com\/#\/schema\/logo\/image\/"}}]}},"_links":{"self":[{"href":"https:\/\/global-hookah.com\/es\/wp-json\/wp\/v2\/product\/16812","targetHints":{"allow":["GET"]}}],"collection":[{"href":"https:\/\/global-hookah.com\/es\/wp-json\/wp\/v2\/product"}],"about":[{"href":"https:\/\/global-hookah.com\/es\/wp-json\/wp\/v2\/types\/product"}],"replies":[{"embeddable":true,"href":"https:\/\/global-hookah.com\/es\/wp-json\/wp\/v2\/comments?post=16812"}],"version-history":[{"count":0,"href":"https:\/\/global-hookah.com\/es\/wp-json\/wp\/v2\/product\/16812\/revisions"}],"wp:featuredmedia":[{"embeddable":true,"href":"https:\/\/global-hookah.com\/es\/wp-json\/wp\/v2\/media\/16814"}],"wp:attachment":[{"href":"https:\/\/global-hookah.com\/es\/wp-json\/wp\/v2\/media?parent=16812"}],"wp:term":[{"taxonomy":"product_brand","embeddable":true,"href":"https:\/\/global-hookah.com\/es\/wp-json\/wp\/v2\/product_brand?post=16812"},{"taxonomy":"product_cat","embeddable":true,"href":"https:\/\/global-hookah.com\/es\/wp-json\/wp\/v2\/product_cat?post=16812"},{"taxonomy":"product_tag","embeddable":true,"href":"https:\/\/global-hookah.com\/es\/wp-json\/wp\/v2\/product_tag?post=16812"}],"curies":[{"name":"wp","href":"https:\/\/api.w.org\/{rel}","templated":true}]}}