{"id":16820,"date":"2023-12-06T05:52:50","date_gmt":"2023-12-06T05:52:50","guid":{"rendered":"https:\/\/global-hookah.com\/?post_type=product&#038;p=16820"},"modified":"2024-01-12T03:51:36","modified_gmt":"2024-01-12T03:51:36","slug":"blown-glass-hookah-set-wholesale","status":"publish","type":"product","link":"https:\/\/global-hookah.com\/es\/producto\/blown-glass-hookah-set-wholesale\/","title":{"rendered":"Juego de narguile de vidrio soplado al por mayor"},"content":{"rendered":"<ul class=\"a-unordered-list a-vertical a-spacing-mini\">\n<li class=\"a-spacing-mini\">La cazoleta del narguile, cuidadosamente dise\u00f1ada <strong>Juego de narguile de vidrio soplado<\/strong> garantiza una distribuci\u00f3n \u00f3ptima del calor mientras fumas narguile, lo que se traduce en un humo suave y delicioso<\/li>\n<li>Cuando la botella se llena de humo, puede soplar desde la parte superior del narguile para que el humo salga en un despliegue espectacular, haciendo que su experiencia de fumar sea a\u00fan m\u00e1s deliciosa.<\/li>\n<li>El tallo met\u00e1lico est\u00e1 decorado con un llamativo surtido de cuentas de cristal multicolor, formando una deslumbrante paleta arco iris que inyecta una sensaci\u00f3n de moderna elegancia.<\/li>\n<li>En la parte superior de los tallos se encuentran los atemporales, que se pueden rellenar con el tabaco preferido del usuario para una experiencia de fumada a medida<\/li>\n<li>La manguera \u00fanica de silicona negra de alta calidad tiene un mango de aluminio y acero inoxidable que se puede doblar libremente, lo que le permite un ajuste c\u00f3modo y a medida y garantiza que cada calada sea suave y sin restricciones.<\/li>\n<li>Con una v\u00e1lvula de purga y un tubo de silicona, los gases de escape generados durante el uso se expulsan a trav\u00e9s de la v\u00e1lvula en lugar de quedar atrapados en la botella de vidrio, lo que garantiza un mejor sabor.<\/li>\n<li><strong>Narguile de cristal soplado a medida<\/strong> El montaje y el uso son muy sencillos. La base y la botella de vidrio se atornillan de forma totalmente herm\u00e9tica mediante roscas gruesas.<\/li>\n<li><strong>Narguile de lujo con cuentas de cristal arco iris<\/strong> El v\u00e1stago perfilado y la art\u00edstica botella de cristal combinan estilos tradicionales y contempor\u00e1neos, tanto funcionales como est\u00e9ticos, para una novedosa experiencia de narguile.<\/li>\n<li>Nuestros narguiles abarcan desde estilos cl\u00e1sicos hasta estilos \u00e1rabes. Elegir nuestro <a href=\"https:\/\/global-hookah.com\/product-category\/wholesale-hookah\/\">narguiles al por mayor<\/a> significa que tendr\u00e1 la <a href=\"https:\/\/global-hookah.com\/\">la mayor\u00eda de los estilos de narguiles<\/a> en el mercado.<\/li>\n<\/ul>","protected":false},"excerpt":{"rendered":"<p>La cazoleta de vidrio soplado del set de narguile, cuidadosamente dise\u00f1ada, garantiza una distribuci\u00f3n \u00f3ptima del calor mientras fumas narguile.<\/p>","protected":false},"featured_media":16823,"comment_status":"open","ping_status":"closed","template":"","meta":{"iawp_total_views":0,"_joinchat":[]},"product_brand":[],"product_cat":[560,119],"product_tag":[],"class_list":{"0":"post-16820","1":"product","2":"type-product","3":"status-publish","4":"has-post-thumbnail","6":"product_cat-glass-hookah-wholesale","7":"product_cat-wholesale-hookah","9":"first","10":"instock","11":"shipping-taxable","12":"purchasable","13":"product-type-simple"},"yoast_head":"<!-- This site is optimized with the Yoast SEO Premium plugin v24.7 (Yoast SEO v26.8) - https:\/\/yoast.com\/product\/yoast-seo-premium-wordpress\/ -->\n<title>Blown Glass Hookah Set Wholesale - Global Hookah<\/title>\n<meta name=\"robots\" content=\"index, follow, max-snippet:-1, max-image-preview:large, max-video-preview:-1\" \/>\n<link rel=\"canonical\" href=\"https:\/\/global-hookah.com\/es\/producto\/blown-glass-hookah-set-wholesale\/\" \/>\n<meta property=\"og:locale\" content=\"es_ES\" \/>\n<meta property=\"og:type\" content=\"article\" \/>\n<meta property=\"og:title\" content=\"Blown Glass Hookah Set Wholesale\" \/>\n<meta property=\"og:description\" content=\"The thoughtfully designed hookah bowl on the Blown Glass Hookah Set ensures optimal heat distribution while you smoke hookah, resulting\" \/>\n<meta property=\"og:url\" content=\"https:\/\/global-hookah.com\/es\/producto\/blown-glass-hookah-set-wholesale\/\" \/>\n<meta property=\"og:site_name\" content=\"Global Hookah\" \/>\n<meta property=\"article:modified_time\" content=\"2024-01-12T03:51:36+00:00\" \/>\n<meta property=\"og:image\" content=\"https:\/\/global-hookah.com\/wp-content\/uploads\/2023\/12\/O1CN01NfHZUx23khlAA1npw___2201231717294-0-cib-1.jpg\" \/>\n\t<meta property=\"og:image:width\" content=\"1920\" \/>\n\t<meta property=\"og:image:height\" content=\"1920\" \/>\n\t<meta property=\"og:image:type\" content=\"image\/jpeg\" \/>\n<meta name=\"twitter:card\" content=\"summary_large_image\" \/>\n<meta name=\"twitter:label1\" content=\"Tiempo de lectura\" \/>\n\t<meta name=\"twitter:data1\" content=\"2 minutos\" \/>\n<script type=\"application\/ld+json\" class=\"yoast-schema-graph\">{\"@context\":\"https:\/\/schema.org\",\"@graph\":[{\"@type\":\"WebPage\",\"@id\":\"https:\/\/global-hookah.com\/product\/blown-glass-hookah-set-wholesale\/\",\"url\":\"https:\/\/global-hookah.com\/product\/blown-glass-hookah-set-wholesale\/\",\"name\":\"Blown Glass Hookah Set Wholesale - Global Hookah\",\"isPartOf\":{\"@id\":\"https:\/\/global-hookah.com\/#website\"},\"primaryImageOfPage\":{\"@id\":\"https:\/\/global-hookah.com\/product\/blown-glass-hookah-set-wholesale\/#primaryimage\"},\"image\":{\"@id\":\"https:\/\/global-hookah.com\/product\/blown-glass-hookah-set-wholesale\/#primaryimage\"},\"thumbnailUrl\":\"https:\/\/global-hookah.com\/wp-content\/uploads\/2023\/12\/O1CN01NfHZUx23khlAA1npw___2201231717294-0-cib-1.jpg\",\"datePublished\":\"2023-12-06T05:52:50+00:00\",\"dateModified\":\"2024-01-12T03:51:36+00:00\",\"breadcrumb\":{\"@id\":\"https:\/\/global-hookah.com\/product\/blown-glass-hookah-set-wholesale\/#breadcrumb\"},\"inLanguage\":\"es\",\"potentialAction\":[{\"@type\":\"ReadAction\",\"target\":[\"https:\/\/global-hookah.com\/product\/blown-glass-hookah-set-wholesale\/\"]}]},{\"@type\":\"ImageObject\",\"inLanguage\":\"es\",\"@id\":\"https:\/\/global-hookah.com\/product\/blown-glass-hookah-set-wholesale\/#primaryimage\",\"url\":\"https:\/\/global-hookah.com\/wp-content\/uploads\/2023\/12\/O1CN01NfHZUx23khlAA1npw___2201231717294-0-cib-1.jpg\",\"contentUrl\":\"https:\/\/global-hookah.com\/wp-content\/uploads\/2023\/12\/O1CN01NfHZUx23khlAA1npw___2201231717294-0-cib-1.jpg\",\"width\":1920,\"height\":1920,\"caption\":\"Blown Glass Hookah Set Wholesale\"},{\"@type\":\"BreadcrumbList\",\"@id\":\"https:\/\/global-hookah.com\/product\/blown-glass-hookah-set-wholesale\/#breadcrumb\",\"itemListElement\":[{\"@type\":\"ListItem\",\"position\":1,\"name\":\"Home\",\"item\":\"https:\/\/global-hookah.com\/\"},{\"@type\":\"ListItem\",\"position\":2,\"name\":\"Shop\",\"item\":\"https:\/\/global-hookah.com\/shop\/\"},{\"@type\":\"ListItem\",\"position\":3,\"name\":\"Blown Glass Hookah Set Wholesale\"}]},{\"@type\":\"WebSite\",\"@id\":\"https:\/\/global-hookah.com\/#website\",\"url\":\"https:\/\/global-hookah.com\/\",\"name\":\"Global Hookah\",\"description\":\"Global Hookah\",\"publisher\":{\"@id\":\"https:\/\/global-hookah.com\/#organization\"},\"potentialAction\":[{\"@type\":\"SearchAction\",\"target\":{\"@type\":\"EntryPoint\",\"urlTemplate\":\"https:\/\/global-hookah.com\/?s={search_term_string}\"},\"query-input\":{\"@type\":\"PropertyValueSpecification\",\"valueRequired\":true,\"valueName\":\"search_term_string\"}}],\"inLanguage\":\"es\"},{\"@type\":\"Organization\",\"@id\":\"https:\/\/global-hookah.com\/#organization\",\"name\":\"Global Hookah\",\"url\":\"https:\/\/global-hookah.com\/\",\"logo\":{\"@type\":\"ImageObject\",\"inLanguage\":\"es\",\"@id\":\"https:\/\/global-hookah.com\/#\/schema\/logo\/image\/\",\"url\":\"https:\/\/global-hookah.com\/wp-content\/uploads\/2021\/10\/cropped-fgg.png\",\"contentUrl\":\"https:\/\/global-hookah.com\/wp-content\/uploads\/2021\/10\/cropped-fgg.png\",\"width\":512,\"height\":512,\"caption\":\"Global Hookah\"},\"image\":{\"@id\":\"https:\/\/global-hookah.com\/#\/schema\/logo\/image\/\"}}]}<\/script>\n<!-- \/ Yoast SEO Premium plugin. -->","yoast_head_json":{"title":"Juego de narguile de vidrio soplado al por mayor - Global Hookah","robots":{"index":"index","follow":"follow","max-snippet":"max-snippet:-1","max-image-preview":"max-image-preview:large","max-video-preview":"max-video-preview:-1"},"canonical":"https:\/\/global-hookah.com\/es\/producto\/blown-glass-hookah-set-wholesale\/","og_locale":"es_ES","og_type":"article","og_title":"Blown Glass Hookah Set Wholesale","og_description":"The thoughtfully designed hookah bowl on the Blown Glass Hookah Set ensures optimal heat distribution while you smoke hookah, resulting","og_url":"https:\/\/global-hookah.com\/es\/producto\/blown-glass-hookah-set-wholesale\/","og_site_name":"Global Hookah","article_modified_time":"2024-01-12T03:51:36+00:00","og_image":[{"width":1920,"height":1920,"url":"https:\/\/global-hookah.com\/wp-content\/uploads\/2023\/12\/O1CN01NfHZUx23khlAA1npw___2201231717294-0-cib-1.jpg","type":"image\/jpeg"}],"twitter_card":"summary_large_image","twitter_misc":{"Tiempo de lectura":"2 minutos"},"schema":{"@context":"https:\/\/schema.org","@graph":[{"@type":"WebPage","@id":"https:\/\/global-hookah.com\/product\/blown-glass-hookah-set-wholesale\/","url":"https:\/\/global-hookah.com\/product\/blown-glass-hookah-set-wholesale\/","name":"Juego de narguile de vidrio soplado al por mayor - Global Hookah","isPartOf":{"@id":"https:\/\/global-hookah.com\/#website"},"primaryImageOfPage":{"@id":"https:\/\/global-hookah.com\/product\/blown-glass-hookah-set-wholesale\/#primaryimage"},"image":{"@id":"https:\/\/global-hookah.com\/product\/blown-glass-hookah-set-wholesale\/#primaryimage"},"thumbnailUrl":"https:\/\/global-hookah.com\/wp-content\/uploads\/2023\/12\/O1CN01NfHZUx23khlAA1npw___2201231717294-0-cib-1.jpg","datePublished":"2023-12-06T05:52:50+00:00","dateModified":"2024-01-12T03:51:36+00:00","breadcrumb":{"@id":"https:\/\/global-hookah.com\/product\/blown-glass-hookah-set-wholesale\/#breadcrumb"},"inLanguage":"es","potentialAction":[{"@type":"ReadAction","target":["https:\/\/global-hookah.com\/product\/blown-glass-hookah-set-wholesale\/"]}]},{"@type":"ImageObject","inLanguage":"es","@id":"https:\/\/global-hookah.com\/product\/blown-glass-hookah-set-wholesale\/#primaryimage","url":"https:\/\/global-hookah.com\/wp-content\/uploads\/2023\/12\/O1CN01NfHZUx23khlAA1npw___2201231717294-0-cib-1.jpg","contentUrl":"https:\/\/global-hookah.com\/wp-content\/uploads\/2023\/12\/O1CN01NfHZUx23khlAA1npw___2201231717294-0-cib-1.jpg","width":1920,"height":1920,"caption":"Blown Glass Hookah Set Wholesale"},{"@type":"BreadcrumbList","@id":"https:\/\/global-hookah.com\/product\/blown-glass-hookah-set-wholesale\/#breadcrumb","itemListElement":[{"@type":"ListItem","position":1,"name":"Home","item":"https:\/\/global-hookah.com\/"},{"@type":"ListItem","position":2,"name":"Shop","item":"https:\/\/global-hookah.com\/shop\/"},{"@type":"ListItem","position":3,"name":"Blown Glass Hookah Set Wholesale"}]},{"@type":"WebSite","@id":"https:\/\/global-hookah.com\/#website","url":"https:\/\/global-hookah.com\/","name":"Global Hookah","description":"Global Hookah","publisher":{"@id":"https:\/\/global-hookah.com\/#organization"},"potentialAction":[{"@type":"SearchAction","target":{"@type":"EntryPoint","urlTemplate":"https:\/\/global-hookah.com\/?s={search_term_string}"},"query-input":{"@type":"PropertyValueSpecification","valueRequired":true,"valueName":"search_term_string"}}],"inLanguage":"es"},{"@type":"Organization","@id":"https:\/\/global-hookah.com\/#organization","name":"Global Hookah","url":"https:\/\/global-hookah.com\/","logo":{"@type":"ImageObject","inLanguage":"es","@id":"https:\/\/global-hookah.com\/#\/schema\/logo\/image\/","url":"https:\/\/global-hookah.com\/wp-content\/uploads\/2021\/10\/cropped-fgg.png","contentUrl":"https:\/\/global-hookah.com\/wp-content\/uploads\/2021\/10\/cropped-fgg.png","width":512,"height":512,"caption":"Global Hookah"},"image":{"@id":"https:\/\/global-hookah.com\/#\/schema\/logo\/image\/"}}]}},"_links":{"self":[{"href":"https:\/\/global-hookah.com\/es\/wp-json\/wp\/v2\/product\/16820","targetHints":{"allow":["GET"]}}],"collection":[{"href":"https:\/\/global-hookah.com\/es\/wp-json\/wp\/v2\/product"}],"about":[{"href":"https:\/\/global-hookah.com\/es\/wp-json\/wp\/v2\/types\/product"}],"replies":[{"embeddable":true,"href":"https:\/\/global-hookah.com\/es\/wp-json\/wp\/v2\/comments?post=16820"}],"version-history":[{"count":0,"href":"https:\/\/global-hookah.com\/es\/wp-json\/wp\/v2\/product\/16820\/revisions"}],"wp:featuredmedia":[{"embeddable":true,"href":"https:\/\/global-hookah.com\/es\/wp-json\/wp\/v2\/media\/16823"}],"wp:attachment":[{"href":"https:\/\/global-hookah.com\/es\/wp-json\/wp\/v2\/media?parent=16820"}],"wp:term":[{"taxonomy":"product_brand","embeddable":true,"href":"https:\/\/global-hookah.com\/es\/wp-json\/wp\/v2\/product_brand?post=16820"},{"taxonomy":"product_cat","embeddable":true,"href":"https:\/\/global-hookah.com\/es\/wp-json\/wp\/v2\/product_cat?post=16820"},{"taxonomy":"product_tag","embeddable":true,"href":"https:\/\/global-hookah.com\/es\/wp-json\/wp\/v2\/product_tag?post=16820"}],"curies":[{"name":"wp","href":"https:\/\/api.w.org\/{rel}","templated":true}]}}