{"id":16827,"date":"2023-12-06T05:56:58","date_gmt":"2023-12-06T05:56:58","guid":{"rendered":"https:\/\/global-hookah.com\/?post_type=product&#038;p=16827"},"modified":"2024-01-12T03:51:35","modified_gmt":"2024-01-12T03:51:35","slug":"wholesale-hookah-water-pipe-for-marijuana","status":"publish","type":"product","link":"https:\/\/global-hookah.com\/es\/producto\/wholesale-hookah-water-pipe-for-marijuana\/","title":{"rendered":"Mayorista Pipa de Agua Hookah para Marihuana"},"content":{"rendered":"<ul class=\"a-unordered-list a-vertical a-spacing-mini\">\n<li class=\"a-spacing-mini\">Este <strong>Pipa de agua Hookah para marihuana<\/strong> tiene una elegante base de cristal azul oscuro que le da un aspecto cl\u00e1sico y contempor\u00e1neo. El v\u00e1stago de metal resistente tiene un suave acabado mate que combina a la perfecci\u00f3n con la pieza superior, en la que cabe un cuenco de cer\u00e1mica.<\/li>\n<li>Este <strong>Pipa de agua Hookah para marihuana<\/strong> tambi\u00e9n tiene un dise\u00f1o estable en forma de campana que proporciona un amplio espacio para la refrigeraci\u00f3n del humo.<\/li>\n<li>La Pipa Shisha Premium para Cannabis tiene una manguera negra flexible y una boquilla c\u00f3moda para fumar tranquilamente.<\/li>\n<li>El v\u00e1stago central tiene un refinado acabado oscuro. El pr\u00e1ctico y ancho cenicero de la parte superior recoge la ceniza y el carb\u00f3n que caen.<\/li>\n<li>Las c\u00f3modas conexiones enchufables est\u00e1n equipadas con juntas para una buena estanqueidad.<\/li>\n<li><strong>Marihuana Hookah Kit<\/strong> tambi\u00e9n viene con dos mangueras de 1500 mm, y dos asas de aluminio para que dos personas puedan utilizarla al mismo tiempo.<\/li>\n<li>Si necesita vender al por mayor otros estilos de narguiles, puede hacer clic en nuestro <a href=\"https:\/\/global-hookah.com\/product-category\/wholesale-hookah\/\">venta al por mayor hookahs page<\/a>. Tenemos muchos estilos para que elijas.<\/li>\n<\/ul>","protected":false},"excerpt":{"rendered":"<p>Esta pipa de agua Hookah para marihuana cuenta con una elegante base de cristal azul oscuro que proporciona un aspecto cl\u00e1sico y contempor\u00e1neo.<\/p>","protected":false},"featured_media":16830,"comment_status":"open","ping_status":"closed","template":"","meta":{"iawp_total_views":0,"_joinchat":[]},"product_brand":[],"product_cat":[560,119],"product_tag":[],"class_list":{"0":"post-16827","1":"product","2":"type-product","3":"status-publish","4":"has-post-thumbnail","6":"product_cat-glass-hookah-wholesale","7":"product_cat-wholesale-hookah","9":"first","10":"instock","11":"shipping-taxable","12":"purchasable","13":"product-type-simple"},"yoast_head":"<!-- This site is optimized with the Yoast SEO Premium plugin v24.7 (Yoast SEO v26.8) - https:\/\/yoast.com\/product\/yoast-seo-premium-wordpress\/ -->\n<title>Wholesale Hookah Water Pipe For Marijuana - Global Hookah<\/title>\n<meta name=\"robots\" content=\"index, follow, max-snippet:-1, max-image-preview:large, max-video-preview:-1\" \/>\n<link rel=\"canonical\" href=\"https:\/\/global-hookah.com\/es\/produkt\/groshandel-hookah-wasserpfeife-fur-marihuana\/\" \/>\n<meta property=\"og:locale\" content=\"es_ES\" \/>\n<meta property=\"og:type\" content=\"article\" \/>\n<meta property=\"og:title\" content=\"Wholesale Hookah Water Pipe For Marijuana\" \/>\n<meta property=\"og:description\" content=\"This Hookah Water Pipe For Marijuana features a sleek, deep blue glass base that provides a classic yet contemporary look.\" \/>\n<meta property=\"og:url\" content=\"https:\/\/global-hookah.com\/es\/produkt\/groshandel-hookah-wasserpfeife-fur-marihuana\/\" \/>\n<meta property=\"og:site_name\" content=\"Global Hookah\" \/>\n<meta property=\"article:modified_time\" content=\"2024-01-12T03:51:35+00:00\" \/>\n<meta property=\"og:image\" content=\"https:\/\/global-hookah.com\/wp-content\/uploads\/2023\/12\/O1CN01dOLLIk23kho2kojG3___2201231717294-0-cib.jpg\" \/>\n\t<meta property=\"og:image:width\" content=\"1920\" \/>\n\t<meta property=\"og:image:height\" content=\"1920\" \/>\n\t<meta property=\"og:image:type\" content=\"image\/jpeg\" \/>\n<meta name=\"twitter:card\" content=\"summary_large_image\" \/>\n<meta name=\"twitter:label1\" content=\"Tiempo de lectura\" \/>\n\t<meta name=\"twitter:data1\" content=\"1 minuto\" \/>\n<script type=\"application\/ld+json\" class=\"yoast-schema-graph\">{\"@context\":\"https:\/\/schema.org\",\"@graph\":[{\"@type\":\"WebPage\",\"@id\":\"https:\/\/global-hookah.com\/de\/produkt\/groshandel-hookah-wasserpfeife-fur-marihuana\/\",\"url\":\"https:\/\/global-hookah.com\/de\/produkt\/groshandel-hookah-wasserpfeife-fur-marihuana\/\",\"name\":\"Wholesale Hookah Water Pipe For Marijuana - Global Hookah\",\"isPartOf\":{\"@id\":\"https:\/\/global-hookah.com\/#website\"},\"primaryImageOfPage\":{\"@id\":\"https:\/\/global-hookah.com\/de\/produkt\/groshandel-hookah-wasserpfeife-fur-marihuana\/#primaryimage\"},\"image\":{\"@id\":\"https:\/\/global-hookah.com\/de\/produkt\/groshandel-hookah-wasserpfeife-fur-marihuana\/#primaryimage\"},\"thumbnailUrl\":\"https:\/\/global-hookah.com\/wp-content\/uploads\/2023\/12\/O1CN01dOLLIk23kho2kojG3___2201231717294-0-cib.jpg\",\"datePublished\":\"2023-12-06T05:56:58+00:00\",\"dateModified\":\"2024-01-12T03:51:35+00:00\",\"breadcrumb\":{\"@id\":\"https:\/\/global-hookah.com\/de\/produkt\/groshandel-hookah-wasserpfeife-fur-marihuana\/#breadcrumb\"},\"inLanguage\":\"es\",\"potentialAction\":[{\"@type\":\"ReadAction\",\"target\":[\"https:\/\/global-hookah.com\/de\/produkt\/groshandel-hookah-wasserpfeife-fur-marihuana\/\"]}]},{\"@type\":\"ImageObject\",\"inLanguage\":\"es\",\"@id\":\"https:\/\/global-hookah.com\/de\/produkt\/groshandel-hookah-wasserpfeife-fur-marihuana\/#primaryimage\",\"url\":\"https:\/\/global-hookah.com\/wp-content\/uploads\/2023\/12\/O1CN01dOLLIk23kho2kojG3___2201231717294-0-cib.jpg\",\"contentUrl\":\"https:\/\/global-hookah.com\/wp-content\/uploads\/2023\/12\/O1CN01dOLLIk23kho2kojG3___2201231717294-0-cib.jpg\",\"width\":1920,\"height\":1920,\"caption\":\"Wholesale Hookah Water Pipe For Marijuana\"},{\"@type\":\"BreadcrumbList\",\"@id\":\"https:\/\/global-hookah.com\/de\/produkt\/groshandel-hookah-wasserpfeife-fur-marihuana\/#breadcrumb\",\"itemListElement\":[{\"@type\":\"ListItem\",\"position\":1,\"name\":\"Home\",\"item\":\"https:\/\/global-hookah.com\/\"},{\"@type\":\"ListItem\",\"position\":2,\"name\":\"Shop\",\"item\":\"https:\/\/global-hookah.com\/shop\/\"},{\"@type\":\"ListItem\",\"position\":3,\"name\":\"Wholesale Hookah Water Pipe For Marijuana\"}]},{\"@type\":\"WebSite\",\"@id\":\"https:\/\/global-hookah.com\/#website\",\"url\":\"https:\/\/global-hookah.com\/\",\"name\":\"Global Hookah\",\"description\":\"Global Hookah\",\"publisher\":{\"@id\":\"https:\/\/global-hookah.com\/#organization\"},\"potentialAction\":[{\"@type\":\"SearchAction\",\"target\":{\"@type\":\"EntryPoint\",\"urlTemplate\":\"https:\/\/global-hookah.com\/?s={search_term_string}\"},\"query-input\":{\"@type\":\"PropertyValueSpecification\",\"valueRequired\":true,\"valueName\":\"search_term_string\"}}],\"inLanguage\":\"es\"},{\"@type\":\"Organization\",\"@id\":\"https:\/\/global-hookah.com\/#organization\",\"name\":\"Global Hookah\",\"url\":\"https:\/\/global-hookah.com\/\",\"logo\":{\"@type\":\"ImageObject\",\"inLanguage\":\"es\",\"@id\":\"https:\/\/global-hookah.com\/#\/schema\/logo\/image\/\",\"url\":\"https:\/\/global-hookah.com\/wp-content\/uploads\/2021\/10\/cropped-fgg.png\",\"contentUrl\":\"https:\/\/global-hookah.com\/wp-content\/uploads\/2021\/10\/cropped-fgg.png\",\"width\":512,\"height\":512,\"caption\":\"Global Hookah\"},\"image\":{\"@id\":\"https:\/\/global-hookah.com\/#\/schema\/logo\/image\/\"}}]}<\/script>\n<!-- \/ Yoast SEO Premium plugin. -->","yoast_head_json":{"title":"Mayorista Hookah pipa de agua para la marihuana - Global Hookah","robots":{"index":"index","follow":"follow","max-snippet":"max-snippet:-1","max-image-preview":"max-image-preview:large","max-video-preview":"max-video-preview:-1"},"canonical":"https:\/\/global-hookah.com\/es\/produkt\/groshandel-hookah-wasserpfeife-fur-marihuana\/","og_locale":"es_ES","og_type":"article","og_title":"Wholesale Hookah Water Pipe For Marijuana","og_description":"This Hookah Water Pipe For Marijuana features a sleek, deep blue glass base that provides a classic yet contemporary look.","og_url":"https:\/\/global-hookah.com\/es\/produkt\/groshandel-hookah-wasserpfeife-fur-marihuana\/","og_site_name":"Global Hookah","article_modified_time":"2024-01-12T03:51:35+00:00","og_image":[{"width":1920,"height":1920,"url":"https:\/\/global-hookah.com\/wp-content\/uploads\/2023\/12\/O1CN01dOLLIk23kho2kojG3___2201231717294-0-cib.jpg","type":"image\/jpeg"}],"twitter_card":"summary_large_image","twitter_misc":{"Tiempo de lectura":"1 minuto"},"schema":{"@context":"https:\/\/schema.org","@graph":[{"@type":"WebPage","@id":"https:\/\/global-hookah.com\/de\/produkt\/groshandel-hookah-wasserpfeife-fur-marihuana\/","url":"https:\/\/global-hookah.com\/de\/produkt\/groshandel-hookah-wasserpfeife-fur-marihuana\/","name":"Mayorista Hookah pipa de agua para la marihuana - Global Hookah","isPartOf":{"@id":"https:\/\/global-hookah.com\/#website"},"primaryImageOfPage":{"@id":"https:\/\/global-hookah.com\/de\/produkt\/groshandel-hookah-wasserpfeife-fur-marihuana\/#primaryimage"},"image":{"@id":"https:\/\/global-hookah.com\/de\/produkt\/groshandel-hookah-wasserpfeife-fur-marihuana\/#primaryimage"},"thumbnailUrl":"https:\/\/global-hookah.com\/wp-content\/uploads\/2023\/12\/O1CN01dOLLIk23kho2kojG3___2201231717294-0-cib.jpg","datePublished":"2023-12-06T05:56:58+00:00","dateModified":"2024-01-12T03:51:35+00:00","breadcrumb":{"@id":"https:\/\/global-hookah.com\/de\/produkt\/groshandel-hookah-wasserpfeife-fur-marihuana\/#breadcrumb"},"inLanguage":"es","potentialAction":[{"@type":"ReadAction","target":["https:\/\/global-hookah.com\/de\/produkt\/groshandel-hookah-wasserpfeife-fur-marihuana\/"]}]},{"@type":"ImageObject","inLanguage":"es","@id":"https:\/\/global-hookah.com\/de\/produkt\/groshandel-hookah-wasserpfeife-fur-marihuana\/#primaryimage","url":"https:\/\/global-hookah.com\/wp-content\/uploads\/2023\/12\/O1CN01dOLLIk23kho2kojG3___2201231717294-0-cib.jpg","contentUrl":"https:\/\/global-hookah.com\/wp-content\/uploads\/2023\/12\/O1CN01dOLLIk23kho2kojG3___2201231717294-0-cib.jpg","width":1920,"height":1920,"caption":"Wholesale Hookah Water Pipe For Marijuana"},{"@type":"BreadcrumbList","@id":"https:\/\/global-hookah.com\/de\/produkt\/groshandel-hookah-wasserpfeife-fur-marihuana\/#breadcrumb","itemListElement":[{"@type":"ListItem","position":1,"name":"Home","item":"https:\/\/global-hookah.com\/"},{"@type":"ListItem","position":2,"name":"Shop","item":"https:\/\/global-hookah.com\/shop\/"},{"@type":"ListItem","position":3,"name":"Wholesale Hookah Water Pipe For Marijuana"}]},{"@type":"WebSite","@id":"https:\/\/global-hookah.com\/#website","url":"https:\/\/global-hookah.com\/","name":"Global Hookah","description":"Global Hookah","publisher":{"@id":"https:\/\/global-hookah.com\/#organization"},"potentialAction":[{"@type":"SearchAction","target":{"@type":"EntryPoint","urlTemplate":"https:\/\/global-hookah.com\/?s={search_term_string}"},"query-input":{"@type":"PropertyValueSpecification","valueRequired":true,"valueName":"search_term_string"}}],"inLanguage":"es"},{"@type":"Organization","@id":"https:\/\/global-hookah.com\/#organization","name":"Global Hookah","url":"https:\/\/global-hookah.com\/","logo":{"@type":"ImageObject","inLanguage":"es","@id":"https:\/\/global-hookah.com\/#\/schema\/logo\/image\/","url":"https:\/\/global-hookah.com\/wp-content\/uploads\/2021\/10\/cropped-fgg.png","contentUrl":"https:\/\/global-hookah.com\/wp-content\/uploads\/2021\/10\/cropped-fgg.png","width":512,"height":512,"caption":"Global Hookah"},"image":{"@id":"https:\/\/global-hookah.com\/#\/schema\/logo\/image\/"}}]}},"_links":{"self":[{"href":"https:\/\/global-hookah.com\/es\/wp-json\/wp\/v2\/product\/16827","targetHints":{"allow":["GET"]}}],"collection":[{"href":"https:\/\/global-hookah.com\/es\/wp-json\/wp\/v2\/product"}],"about":[{"href":"https:\/\/global-hookah.com\/es\/wp-json\/wp\/v2\/types\/product"}],"replies":[{"embeddable":true,"href":"https:\/\/global-hookah.com\/es\/wp-json\/wp\/v2\/comments?post=16827"}],"version-history":[{"count":0,"href":"https:\/\/global-hookah.com\/es\/wp-json\/wp\/v2\/product\/16827\/revisions"}],"wp:featuredmedia":[{"embeddable":true,"href":"https:\/\/global-hookah.com\/es\/wp-json\/wp\/v2\/media\/16830"}],"wp:attachment":[{"href":"https:\/\/global-hookah.com\/es\/wp-json\/wp\/v2\/media?parent=16827"}],"wp:term":[{"taxonomy":"product_brand","embeddable":true,"href":"https:\/\/global-hookah.com\/es\/wp-json\/wp\/v2\/product_brand?post=16827"},{"taxonomy":"product_cat","embeddable":true,"href":"https:\/\/global-hookah.com\/es\/wp-json\/wp\/v2\/product_cat?post=16827"},{"taxonomy":"product_tag","embeddable":true,"href":"https:\/\/global-hookah.com\/es\/wp-json\/wp\/v2\/product_tag?post=16827"}],"curies":[{"name":"wp","href":"https:\/\/api.w.org\/{rel}","templated":true}]}}