{"id":16843,"date":"2023-12-06T06:03:06","date_gmt":"2023-12-06T06:03:06","guid":{"rendered":"https:\/\/global-hookah.com\/?post_type=product&#038;p=16843"},"modified":"2024-01-12T03:51:34","modified_gmt":"2024-01-12T03:51:34","slug":"silicone-hookah-pipe-wholesale","status":"publish","type":"product","link":"https:\/\/global-hookah.com\/es\/producto\/silicone-hookah-pipe-wholesale\/","title":{"rendered":"Pipa de silicona para narguile al por mayor"},"content":{"rendered":"<p>Este <strong>Pipa de silicona para narguile<\/strong> utilizamos silicona de calidad alimentaria y no contiene Bisfenol A (BPA), Ftalatos ni L\u00e1tex. Esto hace que nuestros <strong>Pipa de silicona para narguile<\/strong> la herramienta m\u00e1s segura para fumar tabaco de narguile<\/p>\n<p>A diferencia de las narguiles convencionales construidas de vidrio o metal, una narguil\u00e9 de silicona conserva el sabor del humo, lo cual es una de sus principales ventajas. Porque el material de silicona es inerte y no a\u00f1adir\u00e1 sabores no deseados a tu sesi\u00f3n de shisha. Esto es especialmente obvio cuando fumas aromas afrutados o mentolados, si est\u00e1s usando un narguile de metal, a veces se mezclar\u00e1 con el olor qu\u00edmico del metal. Pero si est\u00e1 utilizando nuestro <strong>narguile de silicona<\/strong>Y la silicona permite que esos sabores brillen limpiamente. Le permite saborear realmente los sabores naturales de cualquier mezcla de tabaco o hierbas que est\u00e9 fumando.<\/p>\n<p>Adem\u00e1s, la superficie m\u00e1s lisa de <strong>Narguile de silicona alimentaria<\/strong> evita que se acumulen residuos de ceniza y tabaco de shisha quemado. En comparaci\u00f3n con las pipas convencionales, en las que la suciedad puede acumularse en las superficies internas y los bordes dentados, \u00e9sta requiere menos limpieza. Basta con limpiar una <strong>Pipa Hookah de silicona de primera calidad<\/strong> con un pa\u00f1o lo mantiene fresco entre limpiezas profundas.<\/p>\n<p>Nuestro negocio mayorista incluye una variedad de <strong>pipas para narguile de silicona de alta calidad<\/strong>. Si usted tiene su propio dise\u00f1o, puede ponerse en contacto con nosotros para la producci\u00f3n personalizada OEM. No importa cu\u00e1ntos narguiles necesite vender al por mayor, podemos proporcion\u00e1rselos. Ofrecemos la <a href=\"https:\/\/global-hookah.com\/product-category\/wholesale-hookah\/\">los mejores precios al por mayor de Hookah<\/a>.<\/p>","protected":false},"excerpt":{"rendered":"<p>Este tubo de silicona Hookah utilizamos silicona de grado alimenticio y no contiene Bisfenol A (BPA), ftalatos o l\u00e1tex.<\/p>","protected":false},"featured_media":16849,"comment_status":"open","ping_status":"closed","template":"","meta":{"iawp_total_views":0,"_joinchat":[]},"product_brand":[],"product_cat":[560,119],"product_tag":[],"class_list":{"0":"post-16843","1":"product","2":"type-product","3":"status-publish","4":"has-post-thumbnail","6":"product_cat-glass-hookah-wholesale","7":"product_cat-wholesale-hookah","9":"first","10":"instock","11":"shipping-taxable","12":"purchasable","13":"product-type-simple"},"yoast_head":"<!-- This site is optimized with the Yoast SEO Premium plugin v24.7 (Yoast SEO v26.8) - https:\/\/yoast.com\/product\/yoast-seo-premium-wordpress\/ -->\n<title>Silicone Hookah Pipe Wholesale - Global Hookah<\/title>\n<meta name=\"robots\" content=\"index, follow, max-snippet:-1, max-image-preview:large, max-video-preview:-1\" \/>\n<link rel=\"canonical\" href=\"https:\/\/global-hookah.com\/es\/ru\/\u043f\u0440\u043e\u0434\u0443\u043a\u0442\/\u0441\u0438\u043b\u0438\u043a\u043e\u043d\u043e\u0432\u044b\u0435-\u043a\u0430\u043b\u044c\u044f\u043d\u043d\u044b\u0435-\u0442\u0440\u0443\u0431\u043a\u0438-\u043e\u043f\u0442\u043e\u043c\/\" \/>\n<meta property=\"og:locale\" content=\"es_ES\" \/>\n<meta property=\"og:type\" content=\"article\" \/>\n<meta property=\"og:title\" content=\"Silicone Hookah Pipe Wholesale\" \/>\n<meta property=\"og:description\" content=\"This Silicone Hookah Pipe we use food grade silicone and does not contain any Bisphenol A (BPA), Phthalates or Latex.\" \/>\n<meta property=\"og:url\" content=\"https:\/\/global-hookah.com\/es\/ru\/\u043f\u0440\u043e\u0434\u0443\u043a\u0442\/\u0441\u0438\u043b\u0438\u043a\u043e\u043d\u043e\u0432\u044b\u0435-\u043a\u0430\u043b\u044c\u044f\u043d\u043d\u044b\u0435-\u0442\u0440\u0443\u0431\u043a\u0438-\u043e\u043f\u0442\u043e\u043c\/\" \/>\n<meta property=\"og:site_name\" content=\"Global Hookah\" \/>\n<meta property=\"article:modified_time\" content=\"2024-01-12T03:51:34+00:00\" \/>\n<meta property=\"og:image\" content=\"https:\/\/global-hookah.com\/wp-content\/uploads\/2023\/12\/O1CN01zfEBg323khkNHJQ1y___2201231717294-0-cib.jpg\" \/>\n\t<meta property=\"og:image:width\" content=\"1920\" \/>\n\t<meta property=\"og:image:height\" content=\"1920\" \/>\n\t<meta property=\"og:image:type\" content=\"image\/jpeg\" \/>\n<meta name=\"twitter:card\" content=\"summary_large_image\" \/>\n<meta name=\"twitter:label1\" content=\"Tiempo de lectura\" \/>\n\t<meta name=\"twitter:data1\" content=\"2 minutos\" \/>\n<script type=\"application\/ld+json\" class=\"yoast-schema-graph\">{\"@context\":\"https:\/\/schema.org\",\"@graph\":[{\"@type\":\"WebPage\",\"@id\":\"https:\/\/global-hookah.com\/ru\/\u043f\u0440\u043e\u0434\u0443\u043a\u0442\/%d1%81%d0%b8%d0%bb%d0%b8%d0%ba%d0%be%d0%bd%d0%be%d0%b2%d1%8b%d0%b5-%d0%ba%d0%b0%d0%bb%d1%8c%d1%8f%d0%bd%d0%bd%d1%8b%d0%b5-%d1%82%d1%80%d1%83%d0%b1%d0%ba%d0%b8-%d0%be%d0%bf%d1%82%d0%be%d0%bc\/\",\"url\":\"https:\/\/global-hookah.com\/ru\/\u043f\u0440\u043e\u0434\u0443\u043a\u0442\/%d1%81%d0%b8%d0%bb%d0%b8%d0%ba%d0%be%d0%bd%d0%be%d0%b2%d1%8b%d0%b5-%d0%ba%d0%b0%d0%bb%d1%8c%d1%8f%d0%bd%d0%bd%d1%8b%d0%b5-%d1%82%d1%80%d1%83%d0%b1%d0%ba%d0%b8-%d0%be%d0%bf%d1%82%d0%be%d0%bc\/\",\"name\":\"Silicone Hookah Pipe Wholesale - Global Hookah\",\"isPartOf\":{\"@id\":\"https:\/\/global-hookah.com\/#website\"},\"primaryImageOfPage\":{\"@id\":\"https:\/\/global-hookah.com\/ru\/\u043f\u0440\u043e\u0434\u0443\u043a\u0442\/%d1%81%d0%b8%d0%bb%d0%b8%d0%ba%d0%be%d0%bd%d0%be%d0%b2%d1%8b%d0%b5-%d0%ba%d0%b0%d0%bb%d1%8c%d1%8f%d0%bd%d0%bd%d1%8b%d0%b5-%d1%82%d1%80%d1%83%d0%b1%d0%ba%d0%b8-%d0%be%d0%bf%d1%82%d0%be%d0%bc\/#primaryimage\"},\"image\":{\"@id\":\"https:\/\/global-hookah.com\/ru\/\u043f\u0440\u043e\u0434\u0443\u043a\u0442\/%d1%81%d0%b8%d0%bb%d0%b8%d0%ba%d0%be%d0%bd%d0%be%d0%b2%d1%8b%d0%b5-%d0%ba%d0%b0%d0%bb%d1%8c%d1%8f%d0%bd%d0%bd%d1%8b%d0%b5-%d1%82%d1%80%d1%83%d0%b1%d0%ba%d0%b8-%d0%be%d0%bf%d1%82%d0%be%d0%bc\/#primaryimage\"},\"thumbnailUrl\":\"https:\/\/global-hookah.com\/wp-content\/uploads\/2023\/12\/O1CN01zfEBg323khkNHJQ1y___2201231717294-0-cib.jpg\",\"datePublished\":\"2023-12-06T06:03:06+00:00\",\"dateModified\":\"2024-01-12T03:51:34+00:00\",\"breadcrumb\":{\"@id\":\"https:\/\/global-hookah.com\/ru\/\u043f\u0440\u043e\u0434\u0443\u043a\u0442\/%d1%81%d0%b8%d0%bb%d0%b8%d0%ba%d0%be%d0%bd%d0%be%d0%b2%d1%8b%d0%b5-%d0%ba%d0%b0%d0%bb%d1%8c%d1%8f%d0%bd%d0%bd%d1%8b%d0%b5-%d1%82%d1%80%d1%83%d0%b1%d0%ba%d0%b8-%d0%be%d0%bf%d1%82%d0%be%d0%bc\/#breadcrumb\"},\"inLanguage\":\"es\",\"potentialAction\":[{\"@type\":\"ReadAction\",\"target\":[\"https:\/\/global-hookah.com\/ru\/\u043f\u0440\u043e\u0434\u0443\u043a\u0442\/%d1%81%d0%b8%d0%bb%d0%b8%d0%ba%d0%be%d0%bd%d0%be%d0%b2%d1%8b%d0%b5-%d0%ba%d0%b0%d0%bb%d1%8c%d1%8f%d0%bd%d0%bd%d1%8b%d0%b5-%d1%82%d1%80%d1%83%d0%b1%d0%ba%d0%b8-%d0%be%d0%bf%d1%82%d0%be%d0%bc\/\"]}]},{\"@type\":\"ImageObject\",\"inLanguage\":\"es\",\"@id\":\"https:\/\/global-hookah.com\/ru\/\u043f\u0440\u043e\u0434\u0443\u043a\u0442\/%d1%81%d0%b8%d0%bb%d0%b8%d0%ba%d0%be%d0%bd%d0%be%d0%b2%d1%8b%d0%b5-%d0%ba%d0%b0%d0%bb%d1%8c%d1%8f%d0%bd%d0%bd%d1%8b%d0%b5-%d1%82%d1%80%d1%83%d0%b1%d0%ba%d0%b8-%d0%be%d0%bf%d1%82%d0%be%d0%bc\/#primaryimage\",\"url\":\"https:\/\/global-hookah.com\/wp-content\/uploads\/2023\/12\/O1CN01zfEBg323khkNHJQ1y___2201231717294-0-cib.jpg\",\"contentUrl\":\"https:\/\/global-hookah.com\/wp-content\/uploads\/2023\/12\/O1CN01zfEBg323khkNHJQ1y___2201231717294-0-cib.jpg\",\"width\":1920,\"height\":1920,\"caption\":\"Silicone Hookah Pipe Wholesale\"},{\"@type\":\"BreadcrumbList\",\"@id\":\"https:\/\/global-hookah.com\/ru\/\u043f\u0440\u043e\u0434\u0443\u043a\u0442\/%d1%81%d0%b8%d0%bb%d0%b8%d0%ba%d0%be%d0%bd%d0%be%d0%b2%d1%8b%d0%b5-%d0%ba%d0%b0%d0%bb%d1%8c%d1%8f%d0%bd%d0%bd%d1%8b%d0%b5-%d1%82%d1%80%d1%83%d0%b1%d0%ba%d0%b8-%d0%be%d0%bf%d1%82%d0%be%d0%bc\/#breadcrumb\",\"itemListElement\":[{\"@type\":\"ListItem\",\"position\":1,\"name\":\"Home\",\"item\":\"https:\/\/global-hookah.com\/\"},{\"@type\":\"ListItem\",\"position\":2,\"name\":\"Shop\",\"item\":\"https:\/\/global-hookah.com\/shop\/\"},{\"@type\":\"ListItem\",\"position\":3,\"name\":\"Silicone Hookah Pipe Wholesale\"}]},{\"@type\":\"WebSite\",\"@id\":\"https:\/\/global-hookah.com\/#website\",\"url\":\"https:\/\/global-hookah.com\/\",\"name\":\"Global Hookah\",\"description\":\"Global Hookah\",\"publisher\":{\"@id\":\"https:\/\/global-hookah.com\/#organization\"},\"potentialAction\":[{\"@type\":\"SearchAction\",\"target\":{\"@type\":\"EntryPoint\",\"urlTemplate\":\"https:\/\/global-hookah.com\/?s={search_term_string}\"},\"query-input\":{\"@type\":\"PropertyValueSpecification\",\"valueRequired\":true,\"valueName\":\"search_term_string\"}}],\"inLanguage\":\"es\"},{\"@type\":\"Organization\",\"@id\":\"https:\/\/global-hookah.com\/#organization\",\"name\":\"Global Hookah\",\"url\":\"https:\/\/global-hookah.com\/\",\"logo\":{\"@type\":\"ImageObject\",\"inLanguage\":\"es\",\"@id\":\"https:\/\/global-hookah.com\/#\/schema\/logo\/image\/\",\"url\":\"https:\/\/global-hookah.com\/wp-content\/uploads\/2021\/10\/cropped-fgg.png\",\"contentUrl\":\"https:\/\/global-hookah.com\/wp-content\/uploads\/2021\/10\/cropped-fgg.png\",\"width\":512,\"height\":512,\"caption\":\"Global Hookah\"},\"image\":{\"@id\":\"https:\/\/global-hookah.com\/#\/schema\/logo\/image\/\"}}]}<\/script>\n<!-- \/ Yoast SEO Premium plugin. -->","yoast_head_json":{"title":"Pipa de silicona para narguile al por mayor - Global Hookah","robots":{"index":"index","follow":"follow","max-snippet":"max-snippet:-1","max-image-preview":"max-image-preview:large","max-video-preview":"max-video-preview:-1"},"canonical":"https:\/\/global-hookah.com\/es\/ru\/\u043f\u0440\u043e\u0434\u0443\u043a\u0442\/\u0441\u0438\u043b\u0438\u043a\u043e\u043d\u043e\u0432\u044b\u0435-\u043a\u0430\u043b\u044c\u044f\u043d\u043d\u044b\u0435-\u0442\u0440\u0443\u0431\u043a\u0438-\u043e\u043f\u0442\u043e\u043c\/","og_locale":"es_ES","og_type":"article","og_title":"Silicone Hookah Pipe Wholesale","og_description":"This Silicone Hookah Pipe we use food grade silicone and does not contain any Bisphenol A (BPA), Phthalates or Latex.","og_url":"https:\/\/global-hookah.com\/es\/ru\/\u043f\u0440\u043e\u0434\u0443\u043a\u0442\/\u0441\u0438\u043b\u0438\u043a\u043e\u043d\u043e\u0432\u044b\u0435-\u043a\u0430\u043b\u044c\u044f\u043d\u043d\u044b\u0435-\u0442\u0440\u0443\u0431\u043a\u0438-\u043e\u043f\u0442\u043e\u043c\/","og_site_name":"Global Hookah","article_modified_time":"2024-01-12T03:51:34+00:00","og_image":[{"width":1920,"height":1920,"url":"https:\/\/global-hookah.com\/wp-content\/uploads\/2023\/12\/O1CN01zfEBg323khkNHJQ1y___2201231717294-0-cib.jpg","type":"image\/jpeg"}],"twitter_card":"summary_large_image","twitter_misc":{"Tiempo de lectura":"2 minutos"},"schema":{"@context":"https:\/\/schema.org","@graph":[{"@type":"WebPage","@id":"https:\/\/global-hookah.com\/ru\/\u043f\u0440\u043e\u0434\u0443\u043a\u0442\/%d1%81%d0%b8%d0%bb%d0%b8%d0%ba%d0%be%d0%bd%d0%be%d0%b2%d1%8b%d0%b5-%d0%ba%d0%b0%d0%bb%d1%8c%d1%8f%d0%bd%d0%bd%d1%8b%d0%b5-%d1%82%d1%80%d1%83%d0%b1%d0%ba%d0%b8-%d0%be%d0%bf%d1%82%d0%be%d0%bc\/","url":"https:\/\/global-hookah.com\/ru\/\u043f\u0440\u043e\u0434\u0443\u043a\u0442\/%d1%81%d0%b8%d0%bb%d0%b8%d0%ba%d0%be%d0%bd%d0%be%d0%b2%d1%8b%d0%b5-%d0%ba%d0%b0%d0%bb%d1%8c%d1%8f%d0%bd%d0%bd%d1%8b%d0%b5-%d1%82%d1%80%d1%83%d0%b1%d0%ba%d0%b8-%d0%be%d0%bf%d1%82%d0%be%d0%bc\/","name":"Pipa de silicona para narguile al por mayor - Global Hookah","isPartOf":{"@id":"https:\/\/global-hookah.com\/#website"},"primaryImageOfPage":{"@id":"https:\/\/global-hookah.com\/ru\/\u043f\u0440\u043e\u0434\u0443\u043a\u0442\/%d1%81%d0%b8%d0%bb%d0%b8%d0%ba%d0%be%d0%bd%d0%be%d0%b2%d1%8b%d0%b5-%d0%ba%d0%b0%d0%bb%d1%8c%d1%8f%d0%bd%d0%bd%d1%8b%d0%b5-%d1%82%d1%80%d1%83%d0%b1%d0%ba%d0%b8-%d0%be%d0%bf%d1%82%d0%be%d0%bc\/#primaryimage"},"image":{"@id":"https:\/\/global-hookah.com\/ru\/\u043f\u0440\u043e\u0434\u0443\u043a\u0442\/%d1%81%d0%b8%d0%bb%d0%b8%d0%ba%d0%be%d0%bd%d0%be%d0%b2%d1%8b%d0%b5-%d0%ba%d0%b0%d0%bb%d1%8c%d1%8f%d0%bd%d0%bd%d1%8b%d0%b5-%d1%82%d1%80%d1%83%d0%b1%d0%ba%d0%b8-%d0%be%d0%bf%d1%82%d0%be%d0%bc\/#primaryimage"},"thumbnailUrl":"https:\/\/global-hookah.com\/wp-content\/uploads\/2023\/12\/O1CN01zfEBg323khkNHJQ1y___2201231717294-0-cib.jpg","datePublished":"2023-12-06T06:03:06+00:00","dateModified":"2024-01-12T03:51:34+00:00","breadcrumb":{"@id":"https:\/\/global-hookah.com\/ru\/\u043f\u0440\u043e\u0434\u0443\u043a\u0442\/%d1%81%d0%b8%d0%bb%d0%b8%d0%ba%d0%be%d0%bd%d0%be%d0%b2%d1%8b%d0%b5-%d0%ba%d0%b0%d0%bb%d1%8c%d1%8f%d0%bd%d0%bd%d1%8b%d0%b5-%d1%82%d1%80%d1%83%d0%b1%d0%ba%d0%b8-%d0%be%d0%bf%d1%82%d0%be%d0%bc\/#breadcrumb"},"inLanguage":"es","potentialAction":[{"@type":"ReadAction","target":["https:\/\/global-hookah.com\/ru\/\u043f\u0440\u043e\u0434\u0443\u043a\u0442\/%d1%81%d0%b8%d0%bb%d0%b8%d0%ba%d0%be%d0%bd%d0%be%d0%b2%d1%8b%d0%b5-%d0%ba%d0%b0%d0%bb%d1%8c%d1%8f%d0%bd%d0%bd%d1%8b%d0%b5-%d1%82%d1%80%d1%83%d0%b1%d0%ba%d0%b8-%d0%be%d0%bf%d1%82%d0%be%d0%bc\/"]}]},{"@type":"ImageObject","inLanguage":"es","@id":"https:\/\/global-hookah.com\/ru\/\u043f\u0440\u043e\u0434\u0443\u043a\u0442\/%d1%81%d0%b8%d0%bb%d0%b8%d0%ba%d0%be%d0%bd%d0%be%d0%b2%d1%8b%d0%b5-%d0%ba%d0%b0%d0%bb%d1%8c%d1%8f%d0%bd%d0%bd%d1%8b%d0%b5-%d1%82%d1%80%d1%83%d0%b1%d0%ba%d0%b8-%d0%be%d0%bf%d1%82%d0%be%d0%bc\/#primaryimage","url":"https:\/\/global-hookah.com\/wp-content\/uploads\/2023\/12\/O1CN01zfEBg323khkNHJQ1y___2201231717294-0-cib.jpg","contentUrl":"https:\/\/global-hookah.com\/wp-content\/uploads\/2023\/12\/O1CN01zfEBg323khkNHJQ1y___2201231717294-0-cib.jpg","width":1920,"height":1920,"caption":"Silicone Hookah Pipe Wholesale"},{"@type":"BreadcrumbList","@id":"https:\/\/global-hookah.com\/ru\/\u043f\u0440\u043e\u0434\u0443\u043a\u0442\/%d1%81%d0%b8%d0%bb%d0%b8%d0%ba%d0%be%d0%bd%d0%be%d0%b2%d1%8b%d0%b5-%d0%ba%d0%b0%d0%bb%d1%8c%d1%8f%d0%bd%d0%bd%d1%8b%d0%b5-%d1%82%d1%80%d1%83%d0%b1%d0%ba%d0%b8-%d0%be%d0%bf%d1%82%d0%be%d0%bc\/#breadcrumb","itemListElement":[{"@type":"ListItem","position":1,"name":"Home","item":"https:\/\/global-hookah.com\/"},{"@type":"ListItem","position":2,"name":"Shop","item":"https:\/\/global-hookah.com\/shop\/"},{"@type":"ListItem","position":3,"name":"Silicone Hookah Pipe Wholesale"}]},{"@type":"WebSite","@id":"https:\/\/global-hookah.com\/#website","url":"https:\/\/global-hookah.com\/","name":"Global Hookah","description":"Global Hookah","publisher":{"@id":"https:\/\/global-hookah.com\/#organization"},"potentialAction":[{"@type":"SearchAction","target":{"@type":"EntryPoint","urlTemplate":"https:\/\/global-hookah.com\/?s={search_term_string}"},"query-input":{"@type":"PropertyValueSpecification","valueRequired":true,"valueName":"search_term_string"}}],"inLanguage":"es"},{"@type":"Organization","@id":"https:\/\/global-hookah.com\/#organization","name":"Global Hookah","url":"https:\/\/global-hookah.com\/","logo":{"@type":"ImageObject","inLanguage":"es","@id":"https:\/\/global-hookah.com\/#\/schema\/logo\/image\/","url":"https:\/\/global-hookah.com\/wp-content\/uploads\/2021\/10\/cropped-fgg.png","contentUrl":"https:\/\/global-hookah.com\/wp-content\/uploads\/2021\/10\/cropped-fgg.png","width":512,"height":512,"caption":"Global Hookah"},"image":{"@id":"https:\/\/global-hookah.com\/#\/schema\/logo\/image\/"}}]}},"_links":{"self":[{"href":"https:\/\/global-hookah.com\/es\/wp-json\/wp\/v2\/product\/16843","targetHints":{"allow":["GET"]}}],"collection":[{"href":"https:\/\/global-hookah.com\/es\/wp-json\/wp\/v2\/product"}],"about":[{"href":"https:\/\/global-hookah.com\/es\/wp-json\/wp\/v2\/types\/product"}],"replies":[{"embeddable":true,"href":"https:\/\/global-hookah.com\/es\/wp-json\/wp\/v2\/comments?post=16843"}],"version-history":[{"count":0,"href":"https:\/\/global-hookah.com\/es\/wp-json\/wp\/v2\/product\/16843\/revisions"}],"wp:featuredmedia":[{"embeddable":true,"href":"https:\/\/global-hookah.com\/es\/wp-json\/wp\/v2\/media\/16849"}],"wp:attachment":[{"href":"https:\/\/global-hookah.com\/es\/wp-json\/wp\/v2\/media?parent=16843"}],"wp:term":[{"taxonomy":"product_brand","embeddable":true,"href":"https:\/\/global-hookah.com\/es\/wp-json\/wp\/v2\/product_brand?post=16843"},{"taxonomy":"product_cat","embeddable":true,"href":"https:\/\/global-hookah.com\/es\/wp-json\/wp\/v2\/product_cat?post=16843"},{"taxonomy":"product_tag","embeddable":true,"href":"https:\/\/global-hookah.com\/es\/wp-json\/wp\/v2\/product_tag?post=16843"}],"curies":[{"name":"wp","href":"https:\/\/api.w.org\/{rel}","templated":true}]}}