{"id":16871,"date":"2023-12-06T06:54:57","date_gmt":"2023-12-06T06:54:57","guid":{"rendered":"https:\/\/global-hookah.com\/?post_type=product&#038;p=16871"},"modified":"2024-01-12T03:51:32","modified_gmt":"2024-01-12T03:51:32","slug":"egyptian-retro-style-2-hose-hookah-wholesale","status":"publish","type":"product","link":"https:\/\/global-hookah.com\/es\/producto\/egyptian-retro-style-2-hose-hookah-wholesale\/","title":{"rendered":"Narguile egipcio estilo retro de 2 mangueras al por mayor"},"content":{"rendered":"<p>Este<strong> Narguile estilo egipcio de 2 mangueras<\/strong> destaca por sus detalles ornamentales de inspiraci\u00f3n egipcia. Se presenta en un acabado dorado antiguo con filigranas decorativas de flores de loto y hojas de palmera a lo largo del eje y la base. Intrincados jerogl\u00edficos y patrones piramidales adornan el jarr\u00f3n para un efecto ex\u00f3tico.<\/p>\n<p>Este<strong> Hookah de 2 mangueras<\/strong> combina practicidad y estilo ex\u00f3tico con sus llamativos detalles de cobre y sus mangueras dobles. Sus materiales tradicionales, como el cristal y el cobre, le confieren un aire realista y antiguo.<\/p>\n<p>El v\u00e1stago que une la base y la c\u00e1mara superior es de acero inoxidable pulido. El acero inoxidable ofrece durabilidad y evita que el acero normal se oxide o desluzca con el tiempo.<\/p>\n<p>Adem\u00e1s, la v\u00e1lvula de purga y las aberturas de las mangueras son de acero inoxidable resistente. Para ofrecer el mejor flujo de aire y salida de humo posibles, se han dise\u00f1ado y construido espec\u00edficamente.<\/p>\n<p>En la espaciosa c\u00e1mara de agua de 55 cm de altura hay mucho espacio para enfriar y filtrar el humo antes de inhalarlo. Su difusor inferior divide eficazmente el humo en burbujas m\u00e1s peque\u00f1as para una calada suave.<\/p>\n<p>El cuenco de cristal resistente al calor que viene con el <strong>Hookah egipcio se<\/strong>Est\u00e1 dise\u00f1ado espec\u00edficamente para adaptarse a la c\u00e1mara superior y maximizar la distribuci\u00f3n del calor. En comparaci\u00f3n con los cuencos de arcilla convencionales, los cuencos de cristal permiten un control m\u00e1s preciso del calentamiento del tabaco.<\/p>\n<p>Algunas de sus principales caracter\u00edsticas son:<\/p>\n<p>- Elegante dise\u00f1o de cobre con motivos egipcios grabados<br \/>\n- Conexiones dobles para compartir el narguile con un amigo<br \/>\n- Jarr\u00f3n de cristal, puntas de manguera de cobre<br \/>\n- Proporciona caladas fr\u00edas y suaves durante una media de 45-60 minutos<br \/>\n- Divertido tema de conversaci\u00f3n para reuniones con su tem\u00e1tica retro<\/p>\n<p>Ofrecemos servicios de personalizaci\u00f3n OEM. Podemos personalizar pipas de narguile e imprimir logotipos en botellas de narguile para satisfacer sus necesidades personalizadas. Si compra al por mayor, tambi\u00e9n habr\u00e1 grandes descuentos. Nuestro personal profesional de atenci\u00f3n al cliente se dedica a ofrecerle servicios de consultor\u00eda personalizados para ayudarle a encontrar el producto m\u00e1s adecuado. <a href=\"https:\/\/global-hookah.com\/product-category\/wholesale-hookah\/\">productos hookah al por mayor<\/a><\/p>\n<p>&nbsp;<\/p>\n<p>&nbsp;<\/p>","protected":false},"excerpt":{"rendered":"<p>Esta pipa de agua de 2 mangueras estilo egipcio destaca por sus detalles de dise\u00f1o ornamentado de inspiraci\u00f3n egipcia. Viene en un oro antiguo<\/p>","protected":false},"featured_media":16874,"comment_status":"open","ping_status":"closed","template":"","meta":{"iawp_total_views":0,"_joinchat":[]},"product_brand":[],"product_cat":[560,119],"product_tag":[],"class_list":{"0":"post-16871","1":"product","2":"type-product","3":"status-publish","4":"has-post-thumbnail","6":"product_cat-glass-hookah-wholesale","7":"product_cat-wholesale-hookah","9":"first","10":"instock","11":"shipping-taxable","12":"purchasable","13":"product-type-simple"},"yoast_head":"<!-- This site is optimized with the Yoast SEO Premium plugin v24.7 (Yoast SEO v26.8) - https:\/\/yoast.com\/product\/yoast-seo-premium-wordpress\/ -->\n<title>Egyptian Retro Style 2 Hose Hookah Wholesale - Global Hookah<\/title>\n<meta name=\"robots\" content=\"index, follow, max-snippet:-1, max-image-preview:large, max-video-preview:-1\" \/>\n<link rel=\"canonical\" href=\"https:\/\/global-hookah.com\/es\/ru\/\u043f\u0440\u043e\u0434\u0443\u043a\u0442\/\u0435\u0433\u0438\u043f\u0435\u0442\u0441\u043a\u0438\u0439-\u0440\u0435\u0442\u0440\u043e-\u0441\u0442\u0438\u043b\u044c-2-\u0448\u043b\u0430\u043d\u0433\u0430-\u043a\u0430\u043b\u044c\u044f\u043d\/\" \/>\n<meta property=\"og:locale\" content=\"es_ES\" \/>\n<meta property=\"og:type\" content=\"article\" \/>\n<meta property=\"og:title\" content=\"Egyptian Retro Style 2 Hose Hookah Wholesale\" \/>\n<meta property=\"og:description\" content=\"This Egyptian Style 2 Hose Hookah stands out for its ornate Egyptian-inspired design accents. It comes in an antique gold\" \/>\n<meta property=\"og:url\" content=\"https:\/\/global-hookah.com\/es\/ru\/\u043f\u0440\u043e\u0434\u0443\u043a\u0442\/\u0435\u0433\u0438\u043f\u0435\u0442\u0441\u043a\u0438\u0439-\u0440\u0435\u0442\u0440\u043e-\u0441\u0442\u0438\u043b\u044c-2-\u0448\u043b\u0430\u043d\u0433\u0430-\u043a\u0430\u043b\u044c\u044f\u043d\/\" \/>\n<meta property=\"og:site_name\" content=\"Global Hookah\" \/>\n<meta property=\"article:modified_time\" content=\"2024-01-12T03:51:32+00:00\" \/>\n<meta property=\"og:image\" content=\"https:\/\/global-hookah.com\/wp-content\/uploads\/2023\/12\/O1CN01F5bCQ223khfypz5oi___2201231717294-0-cib.jpg\" \/>\n\t<meta property=\"og:image:width\" content=\"1920\" \/>\n\t<meta property=\"og:image:height\" content=\"1920\" \/>\n\t<meta property=\"og:image:type\" content=\"image\/jpeg\" \/>\n<meta name=\"twitter:card\" content=\"summary_large_image\" \/>\n<meta name=\"twitter:label1\" content=\"Tiempo de lectura\" \/>\n\t<meta name=\"twitter:data1\" content=\"2 minutos\" \/>\n<script type=\"application\/ld+json\" class=\"yoast-schema-graph\">{\"@context\":\"https:\/\/schema.org\",\"@graph\":[{\"@type\":\"WebPage\",\"@id\":\"https:\/\/global-hookah.com\/ru\/\u043f\u0440\u043e\u0434\u0443\u043a\u0442\/%d0%b5%d0%b3%d0%b8%d0%bf%d0%b5%d1%82%d1%81%d0%ba%d0%b8%d0%b9-%d1%80%d0%b5%d1%82%d1%80%d0%be-%d1%81%d1%82%d0%b8%d0%bb%d1%8c-2-%d1%88%d0%bb%d0%b0%d0%bd%d0%b3%d0%b0-%d0%ba%d0%b0%d0%bb%d1%8c%d1%8f%d0%bd\/\",\"url\":\"https:\/\/global-hookah.com\/ru\/\u043f\u0440\u043e\u0434\u0443\u043a\u0442\/%d0%b5%d0%b3%d0%b8%d0%bf%d0%b5%d1%82%d1%81%d0%ba%d0%b8%d0%b9-%d1%80%d0%b5%d1%82%d1%80%d0%be-%d1%81%d1%82%d0%b8%d0%bb%d1%8c-2-%d1%88%d0%bb%d0%b0%d0%bd%d0%b3%d0%b0-%d0%ba%d0%b0%d0%bb%d1%8c%d1%8f%d0%bd\/\",\"name\":\"Egyptian Retro Style 2 Hose Hookah Wholesale - Global Hookah\",\"isPartOf\":{\"@id\":\"https:\/\/global-hookah.com\/#website\"},\"primaryImageOfPage\":{\"@id\":\"https:\/\/global-hookah.com\/ru\/\u043f\u0440\u043e\u0434\u0443\u043a\u0442\/%d0%b5%d0%b3%d0%b8%d0%bf%d0%b5%d1%82%d1%81%d0%ba%d0%b8%d0%b9-%d1%80%d0%b5%d1%82%d1%80%d0%be-%d1%81%d1%82%d0%b8%d0%bb%d1%8c-2-%d1%88%d0%bb%d0%b0%d0%bd%d0%b3%d0%b0-%d0%ba%d0%b0%d0%bb%d1%8c%d1%8f%d0%bd\/#primaryimage\"},\"image\":{\"@id\":\"https:\/\/global-hookah.com\/ru\/\u043f\u0440\u043e\u0434\u0443\u043a\u0442\/%d0%b5%d0%b3%d0%b8%d0%bf%d0%b5%d1%82%d1%81%d0%ba%d0%b8%d0%b9-%d1%80%d0%b5%d1%82%d1%80%d0%be-%d1%81%d1%82%d0%b8%d0%bb%d1%8c-2-%d1%88%d0%bb%d0%b0%d0%bd%d0%b3%d0%b0-%d0%ba%d0%b0%d0%bb%d1%8c%d1%8f%d0%bd\/#primaryimage\"},\"thumbnailUrl\":\"https:\/\/global-hookah.com\/wp-content\/uploads\/2023\/12\/O1CN01F5bCQ223khfypz5oi___2201231717294-0-cib.jpg\",\"datePublished\":\"2023-12-06T06:54:57+00:00\",\"dateModified\":\"2024-01-12T03:51:32+00:00\",\"breadcrumb\":{\"@id\":\"https:\/\/global-hookah.com\/ru\/\u043f\u0440\u043e\u0434\u0443\u043a\u0442\/%d0%b5%d0%b3%d0%b8%d0%bf%d0%b5%d1%82%d1%81%d0%ba%d0%b8%d0%b9-%d1%80%d0%b5%d1%82%d1%80%d0%be-%d1%81%d1%82%d0%b8%d0%bb%d1%8c-2-%d1%88%d0%bb%d0%b0%d0%bd%d0%b3%d0%b0-%d0%ba%d0%b0%d0%bb%d1%8c%d1%8f%d0%bd\/#breadcrumb\"},\"inLanguage\":\"es\",\"potentialAction\":[{\"@type\":\"ReadAction\",\"target\":[\"https:\/\/global-hookah.com\/ru\/\u043f\u0440\u043e\u0434\u0443\u043a\u0442\/%d0%b5%d0%b3%d0%b8%d0%bf%d0%b5%d1%82%d1%81%d0%ba%d0%b8%d0%b9-%d1%80%d0%b5%d1%82%d1%80%d0%be-%d1%81%d1%82%d0%b8%d0%bb%d1%8c-2-%d1%88%d0%bb%d0%b0%d0%bd%d0%b3%d0%b0-%d0%ba%d0%b0%d0%bb%d1%8c%d1%8f%d0%bd\/\"]}]},{\"@type\":\"ImageObject\",\"inLanguage\":\"es\",\"@id\":\"https:\/\/global-hookah.com\/ru\/\u043f\u0440\u043e\u0434\u0443\u043a\u0442\/%d0%b5%d0%b3%d0%b8%d0%bf%d0%b5%d1%82%d1%81%d0%ba%d0%b8%d0%b9-%d1%80%d0%b5%d1%82%d1%80%d0%be-%d1%81%d1%82%d0%b8%d0%bb%d1%8c-2-%d1%88%d0%bb%d0%b0%d0%bd%d0%b3%d0%b0-%d0%ba%d0%b0%d0%bb%d1%8c%d1%8f%d0%bd\/#primaryimage\",\"url\":\"https:\/\/global-hookah.com\/wp-content\/uploads\/2023\/12\/O1CN01F5bCQ223khfypz5oi___2201231717294-0-cib.jpg\",\"contentUrl\":\"https:\/\/global-hookah.com\/wp-content\/uploads\/2023\/12\/O1CN01F5bCQ223khfypz5oi___2201231717294-0-cib.jpg\",\"width\":1920,\"height\":1920,\"caption\":\"Egyptian Retro Style 2 Hose Hookah Wholesale\"},{\"@type\":\"BreadcrumbList\",\"@id\":\"https:\/\/global-hookah.com\/ru\/\u043f\u0440\u043e\u0434\u0443\u043a\u0442\/%d0%b5%d0%b3%d0%b8%d0%bf%d0%b5%d1%82%d1%81%d0%ba%d0%b8%d0%b9-%d1%80%d0%b5%d1%82%d1%80%d0%be-%d1%81%d1%82%d0%b8%d0%bb%d1%8c-2-%d1%88%d0%bb%d0%b0%d0%bd%d0%b3%d0%b0-%d0%ba%d0%b0%d0%bb%d1%8c%d1%8f%d0%bd\/#breadcrumb\",\"itemListElement\":[{\"@type\":\"ListItem\",\"position\":1,\"name\":\"Home\",\"item\":\"https:\/\/global-hookah.com\/\"},{\"@type\":\"ListItem\",\"position\":2,\"name\":\"Shop\",\"item\":\"https:\/\/global-hookah.com\/shop\/\"},{\"@type\":\"ListItem\",\"position\":3,\"name\":\"Egyptian Retro Style 2 Hose Hookah Wholesale\"}]},{\"@type\":\"WebSite\",\"@id\":\"https:\/\/global-hookah.com\/#website\",\"url\":\"https:\/\/global-hookah.com\/\",\"name\":\"Global Hookah\",\"description\":\"Global Hookah\",\"publisher\":{\"@id\":\"https:\/\/global-hookah.com\/#organization\"},\"potentialAction\":[{\"@type\":\"SearchAction\",\"target\":{\"@type\":\"EntryPoint\",\"urlTemplate\":\"https:\/\/global-hookah.com\/?s={search_term_string}\"},\"query-input\":{\"@type\":\"PropertyValueSpecification\",\"valueRequired\":true,\"valueName\":\"search_term_string\"}}],\"inLanguage\":\"es\"},{\"@type\":\"Organization\",\"@id\":\"https:\/\/global-hookah.com\/#organization\",\"name\":\"Global Hookah\",\"url\":\"https:\/\/global-hookah.com\/\",\"logo\":{\"@type\":\"ImageObject\",\"inLanguage\":\"es\",\"@id\":\"https:\/\/global-hookah.com\/#\/schema\/logo\/image\/\",\"url\":\"https:\/\/global-hookah.com\/wp-content\/uploads\/2021\/10\/cropped-fgg.png\",\"contentUrl\":\"https:\/\/global-hookah.com\/wp-content\/uploads\/2021\/10\/cropped-fgg.png\",\"width\":512,\"height\":512,\"caption\":\"Global Hookah\"},\"image\":{\"@id\":\"https:\/\/global-hookah.com\/#\/schema\/logo\/image\/\"}}]}<\/script>\n<!-- \/ Yoast SEO Premium plugin. -->","yoast_head_json":{"title":"Hookah egipcia estilo retro de 2 mangueras al por mayor - Global Hookah","robots":{"index":"index","follow":"follow","max-snippet":"max-snippet:-1","max-image-preview":"max-image-preview:large","max-video-preview":"max-video-preview:-1"},"canonical":"https:\/\/global-hookah.com\/es\/ru\/\u043f\u0440\u043e\u0434\u0443\u043a\u0442\/\u0435\u0433\u0438\u043f\u0435\u0442\u0441\u043a\u0438\u0439-\u0440\u0435\u0442\u0440\u043e-\u0441\u0442\u0438\u043b\u044c-2-\u0448\u043b\u0430\u043d\u0433\u0430-\u043a\u0430\u043b\u044c\u044f\u043d\/","og_locale":"es_ES","og_type":"article","og_title":"Egyptian Retro Style 2 Hose Hookah Wholesale","og_description":"This Egyptian Style 2 Hose Hookah stands out for its ornate Egyptian-inspired design accents. It comes in an antique gold","og_url":"https:\/\/global-hookah.com\/es\/ru\/\u043f\u0440\u043e\u0434\u0443\u043a\u0442\/\u0435\u0433\u0438\u043f\u0435\u0442\u0441\u043a\u0438\u0439-\u0440\u0435\u0442\u0440\u043e-\u0441\u0442\u0438\u043b\u044c-2-\u0448\u043b\u0430\u043d\u0433\u0430-\u043a\u0430\u043b\u044c\u044f\u043d\/","og_site_name":"Global Hookah","article_modified_time":"2024-01-12T03:51:32+00:00","og_image":[{"width":1920,"height":1920,"url":"https:\/\/global-hookah.com\/wp-content\/uploads\/2023\/12\/O1CN01F5bCQ223khfypz5oi___2201231717294-0-cib.jpg","type":"image\/jpeg"}],"twitter_card":"summary_large_image","twitter_misc":{"Tiempo de lectura":"2 minutos"},"schema":{"@context":"https:\/\/schema.org","@graph":[{"@type":"WebPage","@id":"https:\/\/global-hookah.com\/ru\/\u043f\u0440\u043e\u0434\u0443\u043a\u0442\/%d0%b5%d0%b3%d0%b8%d0%bf%d0%b5%d1%82%d1%81%d0%ba%d0%b8%d0%b9-%d1%80%d0%b5%d1%82%d1%80%d0%be-%d1%81%d1%82%d0%b8%d0%bb%d1%8c-2-%d1%88%d0%bb%d0%b0%d0%bd%d0%b3%d0%b0-%d0%ba%d0%b0%d0%bb%d1%8c%d1%8f%d0%bd\/","url":"https:\/\/global-hookah.com\/ru\/\u043f\u0440\u043e\u0434\u0443\u043a\u0442\/%d0%b5%d0%b3%d0%b8%d0%bf%d0%b5%d1%82%d1%81%d0%ba%d0%b8%d0%b9-%d1%80%d0%b5%d1%82%d1%80%d0%be-%d1%81%d1%82%d0%b8%d0%bb%d1%8c-2-%d1%88%d0%bb%d0%b0%d0%bd%d0%b3%d0%b0-%d0%ba%d0%b0%d0%bb%d1%8c%d1%8f%d0%bd\/","name":"Hookah egipcia estilo retro de 2 mangueras al por mayor - Global Hookah","isPartOf":{"@id":"https:\/\/global-hookah.com\/#website"},"primaryImageOfPage":{"@id":"https:\/\/global-hookah.com\/ru\/\u043f\u0440\u043e\u0434\u0443\u043a\u0442\/%d0%b5%d0%b3%d0%b8%d0%bf%d0%b5%d1%82%d1%81%d0%ba%d0%b8%d0%b9-%d1%80%d0%b5%d1%82%d1%80%d0%be-%d1%81%d1%82%d0%b8%d0%bb%d1%8c-2-%d1%88%d0%bb%d0%b0%d0%bd%d0%b3%d0%b0-%d0%ba%d0%b0%d0%bb%d1%8c%d1%8f%d0%bd\/#primaryimage"},"image":{"@id":"https:\/\/global-hookah.com\/ru\/\u043f\u0440\u043e\u0434\u0443\u043a\u0442\/%d0%b5%d0%b3%d0%b8%d0%bf%d0%b5%d1%82%d1%81%d0%ba%d0%b8%d0%b9-%d1%80%d0%b5%d1%82%d1%80%d0%be-%d1%81%d1%82%d0%b8%d0%bb%d1%8c-2-%d1%88%d0%bb%d0%b0%d0%bd%d0%b3%d0%b0-%d0%ba%d0%b0%d0%bb%d1%8c%d1%8f%d0%bd\/#primaryimage"},"thumbnailUrl":"https:\/\/global-hookah.com\/wp-content\/uploads\/2023\/12\/O1CN01F5bCQ223khfypz5oi___2201231717294-0-cib.jpg","datePublished":"2023-12-06T06:54:57+00:00","dateModified":"2024-01-12T03:51:32+00:00","breadcrumb":{"@id":"https:\/\/global-hookah.com\/ru\/\u043f\u0440\u043e\u0434\u0443\u043a\u0442\/%d0%b5%d0%b3%d0%b8%d0%bf%d0%b5%d1%82%d1%81%d0%ba%d0%b8%d0%b9-%d1%80%d0%b5%d1%82%d1%80%d0%be-%d1%81%d1%82%d0%b8%d0%bb%d1%8c-2-%d1%88%d0%bb%d0%b0%d0%bd%d0%b3%d0%b0-%d0%ba%d0%b0%d0%bb%d1%8c%d1%8f%d0%bd\/#breadcrumb"},"inLanguage":"es","potentialAction":[{"@type":"ReadAction","target":["https:\/\/global-hookah.com\/ru\/\u043f\u0440\u043e\u0434\u0443\u043a\u0442\/%d0%b5%d0%b3%d0%b8%d0%bf%d0%b5%d1%82%d1%81%d0%ba%d0%b8%d0%b9-%d1%80%d0%b5%d1%82%d1%80%d0%be-%d1%81%d1%82%d0%b8%d0%bb%d1%8c-2-%d1%88%d0%bb%d0%b0%d0%bd%d0%b3%d0%b0-%d0%ba%d0%b0%d0%bb%d1%8c%d1%8f%d0%bd\/"]}]},{"@type":"ImageObject","inLanguage":"es","@id":"https:\/\/global-hookah.com\/ru\/\u043f\u0440\u043e\u0434\u0443\u043a\u0442\/%d0%b5%d0%b3%d0%b8%d0%bf%d0%b5%d1%82%d1%81%d0%ba%d0%b8%d0%b9-%d1%80%d0%b5%d1%82%d1%80%d0%be-%d1%81%d1%82%d0%b8%d0%bb%d1%8c-2-%d1%88%d0%bb%d0%b0%d0%bd%d0%b3%d0%b0-%d0%ba%d0%b0%d0%bb%d1%8c%d1%8f%d0%bd\/#primaryimage","url":"https:\/\/global-hookah.com\/wp-content\/uploads\/2023\/12\/O1CN01F5bCQ223khfypz5oi___2201231717294-0-cib.jpg","contentUrl":"https:\/\/global-hookah.com\/wp-content\/uploads\/2023\/12\/O1CN01F5bCQ223khfypz5oi___2201231717294-0-cib.jpg","width":1920,"height":1920,"caption":"Egyptian Retro Style 2 Hose Hookah Wholesale"},{"@type":"BreadcrumbList","@id":"https:\/\/global-hookah.com\/ru\/\u043f\u0440\u043e\u0434\u0443\u043a\u0442\/%d0%b5%d0%b3%d0%b8%d0%bf%d0%b5%d1%82%d1%81%d0%ba%d0%b8%d0%b9-%d1%80%d0%b5%d1%82%d1%80%d0%be-%d1%81%d1%82%d0%b8%d0%bb%d1%8c-2-%d1%88%d0%bb%d0%b0%d0%bd%d0%b3%d0%b0-%d0%ba%d0%b0%d0%bb%d1%8c%d1%8f%d0%bd\/#breadcrumb","itemListElement":[{"@type":"ListItem","position":1,"name":"Home","item":"https:\/\/global-hookah.com\/"},{"@type":"ListItem","position":2,"name":"Shop","item":"https:\/\/global-hookah.com\/shop\/"},{"@type":"ListItem","position":3,"name":"Egyptian Retro Style 2 Hose Hookah Wholesale"}]},{"@type":"WebSite","@id":"https:\/\/global-hookah.com\/#website","url":"https:\/\/global-hookah.com\/","name":"Global Hookah","description":"Global Hookah","publisher":{"@id":"https:\/\/global-hookah.com\/#organization"},"potentialAction":[{"@type":"SearchAction","target":{"@type":"EntryPoint","urlTemplate":"https:\/\/global-hookah.com\/?s={search_term_string}"},"query-input":{"@type":"PropertyValueSpecification","valueRequired":true,"valueName":"search_term_string"}}],"inLanguage":"es"},{"@type":"Organization","@id":"https:\/\/global-hookah.com\/#organization","name":"Global Hookah","url":"https:\/\/global-hookah.com\/","logo":{"@type":"ImageObject","inLanguage":"es","@id":"https:\/\/global-hookah.com\/#\/schema\/logo\/image\/","url":"https:\/\/global-hookah.com\/wp-content\/uploads\/2021\/10\/cropped-fgg.png","contentUrl":"https:\/\/global-hookah.com\/wp-content\/uploads\/2021\/10\/cropped-fgg.png","width":512,"height":512,"caption":"Global Hookah"},"image":{"@id":"https:\/\/global-hookah.com\/#\/schema\/logo\/image\/"}}]}},"_links":{"self":[{"href":"https:\/\/global-hookah.com\/es\/wp-json\/wp\/v2\/product\/16871","targetHints":{"allow":["GET"]}}],"collection":[{"href":"https:\/\/global-hookah.com\/es\/wp-json\/wp\/v2\/product"}],"about":[{"href":"https:\/\/global-hookah.com\/es\/wp-json\/wp\/v2\/types\/product"}],"replies":[{"embeddable":true,"href":"https:\/\/global-hookah.com\/es\/wp-json\/wp\/v2\/comments?post=16871"}],"version-history":[{"count":0,"href":"https:\/\/global-hookah.com\/es\/wp-json\/wp\/v2\/product\/16871\/revisions"}],"wp:featuredmedia":[{"embeddable":true,"href":"https:\/\/global-hookah.com\/es\/wp-json\/wp\/v2\/media\/16874"}],"wp:attachment":[{"href":"https:\/\/global-hookah.com\/es\/wp-json\/wp\/v2\/media?parent=16871"}],"wp:term":[{"taxonomy":"product_brand","embeddable":true,"href":"https:\/\/global-hookah.com\/es\/wp-json\/wp\/v2\/product_brand?post=16871"},{"taxonomy":"product_cat","embeddable":true,"href":"https:\/\/global-hookah.com\/es\/wp-json\/wp\/v2\/product_cat?post=16871"},{"taxonomy":"product_tag","embeddable":true,"href":"https:\/\/global-hookah.com\/es\/wp-json\/wp\/v2\/product_tag?post=16871"}],"curies":[{"name":"wp","href":"https:\/\/api.w.org\/{rel}","templated":true}]}}