{"id":16936,"date":"2023-12-08T01:18:28","date_gmt":"2023-12-08T01:18:28","guid":{"rendered":"https:\/\/global-hookah.com\/?post_type=product&#038;p=16936"},"modified":"2023-12-27T08:53:11","modified_gmt":"2023-12-27T08:53:11","slug":"wholesale-electronic-hookah","status":"publish","type":"product","link":"https:\/\/global-hookah.com\/es\/producto\/wholesale-electronic-hookah\/","title":{"rendered":"Hookah electr\u00f3nico al por mayor"},"content":{"rendered":"<p>Nuestra <strong>Narguile electr\u00f3nico<\/strong> utiliza c\u00e1psulas de vapor desechables precargadas en una variedad de sabores para emular los perfiles de sabor de las mezclas de tabaco shisha m\u00e1s populares. La avanzada tecnolog\u00eda de vapor produce suaves y satisfactorias nubes de vapor. Sin necesidad de carbones, l\u00e1minas o mangueras, este<strong> e-hookah<\/strong> es f\u00e1cil de usar y de llevar a cualquier parte. Su dise\u00f1o elegante y moderno la distingue de las tradicionales y poco manejables <a href=\"https:\/\/global-hookah.com\/\">narguiles<\/a>.<\/p>\n<p>A diferencia de muchos <strong>narguiles electr\u00f3nicos<\/strong> que producen vapor difuso e insatisfactorio, nuestro <strong>narguile recargable<\/strong> proporciona una activaci\u00f3n de la calada extremadamente suave. No es necesario pulsar ning\u00fan bot\u00f3n ni utilizar complejos controles: basta con inhalar para activar el elemento calefactor y disfrutar de un vapor suave y abundante. Hemos a\u00f1adido una bater\u00eda de gran alcance y el flujo de aire maximizado para mejorar a\u00fan m\u00e1s su <a href=\"https:\/\/global-hookah.com\/how-to-make-hookah-smoke-thicker-help-you-improve-your-hookah-experience\/\">experiencia de fumar<\/a> mientras la usas, para que est\u00e9s rodeado de un satisfactorio remolino de vapor en todo momento, incluso al dar caladas seguidas y el rendimiento nunca decaiga.<\/p>\n<p>Lo m\u00e1s destacable es su dise\u00f1o de boquilla y su sistema de ajuste de temperatura, por lo que no experimentar\u00e1s ning\u00fan sabor a quemado o carbonizado durante una agradable sesi\u00f3n de vapeo con este <strong>narguile recargable<\/strong>. El interior est\u00e1 equipado con c\u00e1maras dise\u00f1adas espec\u00edficamente para contener los e-l\u00edquidos aromatizados y los elementos calefactores. Solo tienes que abrir las c\u00e1maras, llenarlas hasta los niveles recomendados y volver a colocarlas en su sitio.<\/p>\n<p>Los usuarios pueden ajustar la temperatura a sus preferencias personales utilizando los controles intuitivos. Los ajustes m\u00e1s bajos producen un vapor m\u00e1s ligero y tenue, mientras que las temperaturas m\u00e1s altas dan lugar a nubes densas y abundantes. Esta personalizaci\u00f3n le permite adaptar cada sesi\u00f3n a su gusto.<\/p>\n<p>Recargar la bater\u00eda s\u00f3lo lleva unas horas y proporciona energ\u00eda suficiente para varias sesiones largas. Una bater\u00eda completamente cargada puede durar todo el d\u00eda o toda la noche, por lo que nunca estar\u00e1s sin tu narguile. El sistema de calentamiento r\u00e1pido significa que estar\u00e1s disfrutando de sabrosas nubes pocos minutos despu\u00e9s de encenderlo.<\/p>","protected":false},"excerpt":{"rendered":"<p>Nuestro Hookah Electr\u00f3nico utiliza c\u00e1psulas de vapor desechables precargadas en una variedad de sabores para emular los perfiles de sabor de los productos m\u00e1s populares.<\/p>","protected":false},"featured_media":16939,"comment_status":"open","ping_status":"closed","template":"","meta":{"iawp_total_views":1,"_joinchat":[]},"product_brand":[],"product_cat":[119],"product_tag":[],"class_list":{"0":"post-16936","1":"product","2":"type-product","3":"status-publish","4":"has-post-thumbnail","6":"product_cat-wholesale-hookah","8":"first","9":"instock","10":"shipping-taxable","11":"product-type-external"},"yoast_head":"<!-- This site is optimized with the Yoast SEO Premium plugin v24.7 (Yoast SEO v26.8) - https:\/\/yoast.com\/product\/yoast-seo-premium-wordpress\/ -->\n<title>Wholesale Electronic Hookah - Global Hookah<\/title>\n<meta name=\"robots\" content=\"index, follow, max-snippet:-1, max-image-preview:large, max-video-preview:-1\" \/>\n<link rel=\"canonical\" href=\"https:\/\/global-hookah.com\/es\/produkt\/groshandel-elektronik-hookah\/\" \/>\n<meta property=\"og:locale\" content=\"es_ES\" \/>\n<meta property=\"og:type\" content=\"article\" \/>\n<meta property=\"og:title\" content=\"Wholesale Electronic Hookah\" \/>\n<meta property=\"og:description\" content=\"Our Electronic Hookah uses pre-filled disposable vape pods in a variety of flavors to emulate the taste profiles of popular\" \/>\n<meta property=\"og:url\" content=\"https:\/\/global-hookah.com\/es\/produkt\/groshandel-elektronik-hookah\/\" \/>\n<meta property=\"og:site_name\" content=\"Global Hookah\" \/>\n<meta property=\"article:modified_time\" content=\"2023-12-27T08:53:11+00:00\" \/>\n<meta property=\"og:image\" content=\"https:\/\/global-hookah.com\/wp-content\/uploads\/2023\/12\/O1CN01kQD4M01w9QFK7yHVm_2216799656265-0-cib.jpg\" \/>\n\t<meta property=\"og:image:width\" content=\"715\" \/>\n\t<meta property=\"og:image:height\" content=\"715\" \/>\n\t<meta property=\"og:image:type\" content=\"image\/jpeg\" \/>\n<meta name=\"twitter:card\" content=\"summary_large_image\" \/>\n<meta name=\"twitter:label1\" content=\"Tiempo de lectura\" \/>\n\t<meta name=\"twitter:data1\" content=\"2 minutos\" \/>\n<script type=\"application\/ld+json\" class=\"yoast-schema-graph\">{\"@context\":\"https:\/\/schema.org\",\"@graph\":[{\"@type\":\"WebPage\",\"@id\":\"https:\/\/global-hookah.com\/de\/produkt\/groshandel-elektronik-hookah\/\",\"url\":\"https:\/\/global-hookah.com\/de\/produkt\/groshandel-elektronik-hookah\/\",\"name\":\"Wholesale Electronic Hookah - Global Hookah\",\"isPartOf\":{\"@id\":\"https:\/\/global-hookah.com\/#website\"},\"primaryImageOfPage\":{\"@id\":\"https:\/\/global-hookah.com\/de\/produkt\/groshandel-elektronik-hookah\/#primaryimage\"},\"image\":{\"@id\":\"https:\/\/global-hookah.com\/de\/produkt\/groshandel-elektronik-hookah\/#primaryimage\"},\"thumbnailUrl\":\"https:\/\/global-hookah.com\/wp-content\/uploads\/2023\/12\/O1CN01kQD4M01w9QFK7yHVm_2216799656265-0-cib.jpg\",\"datePublished\":\"2023-12-08T01:18:28+00:00\",\"dateModified\":\"2023-12-27T08:53:11+00:00\",\"breadcrumb\":{\"@id\":\"https:\/\/global-hookah.com\/de\/produkt\/groshandel-elektronik-hookah\/#breadcrumb\"},\"inLanguage\":\"es\",\"potentialAction\":[{\"@type\":\"ReadAction\",\"target\":[\"https:\/\/global-hookah.com\/de\/produkt\/groshandel-elektronik-hookah\/\"]}]},{\"@type\":\"ImageObject\",\"inLanguage\":\"es\",\"@id\":\"https:\/\/global-hookah.com\/de\/produkt\/groshandel-elektronik-hookah\/#primaryimage\",\"url\":\"https:\/\/global-hookah.com\/wp-content\/uploads\/2023\/12\/O1CN01kQD4M01w9QFK7yHVm_2216799656265-0-cib.jpg\",\"contentUrl\":\"https:\/\/global-hookah.com\/wp-content\/uploads\/2023\/12\/O1CN01kQD4M01w9QFK7yHVm_2216799656265-0-cib.jpg\",\"width\":715,\"height\":715,\"caption\":\"Wholesale Electronic Hookah\"},{\"@type\":\"BreadcrumbList\",\"@id\":\"https:\/\/global-hookah.com\/de\/produkt\/groshandel-elektronik-hookah\/#breadcrumb\",\"itemListElement\":[{\"@type\":\"ListItem\",\"position\":1,\"name\":\"Home\",\"item\":\"https:\/\/global-hookah.com\/\"},{\"@type\":\"ListItem\",\"position\":2,\"name\":\"Shop\",\"item\":\"https:\/\/global-hookah.com\/shop\/\"},{\"@type\":\"ListItem\",\"position\":3,\"name\":\"Wholesale Electronic Hookah\"}]},{\"@type\":\"WebSite\",\"@id\":\"https:\/\/global-hookah.com\/#website\",\"url\":\"https:\/\/global-hookah.com\/\",\"name\":\"Global Hookah\",\"description\":\"Global Hookah\",\"publisher\":{\"@id\":\"https:\/\/global-hookah.com\/#organization\"},\"potentialAction\":[{\"@type\":\"SearchAction\",\"target\":{\"@type\":\"EntryPoint\",\"urlTemplate\":\"https:\/\/global-hookah.com\/?s={search_term_string}\"},\"query-input\":{\"@type\":\"PropertyValueSpecification\",\"valueRequired\":true,\"valueName\":\"search_term_string\"}}],\"inLanguage\":\"es\"},{\"@type\":\"Organization\",\"@id\":\"https:\/\/global-hookah.com\/#organization\",\"name\":\"Global Hookah\",\"url\":\"https:\/\/global-hookah.com\/\",\"logo\":{\"@type\":\"ImageObject\",\"inLanguage\":\"es\",\"@id\":\"https:\/\/global-hookah.com\/#\/schema\/logo\/image\/\",\"url\":\"https:\/\/global-hookah.com\/wp-content\/uploads\/2021\/10\/cropped-fgg.png\",\"contentUrl\":\"https:\/\/global-hookah.com\/wp-content\/uploads\/2021\/10\/cropped-fgg.png\",\"width\":512,\"height\":512,\"caption\":\"Global Hookah\"},\"image\":{\"@id\":\"https:\/\/global-hookah.com\/#\/schema\/logo\/image\/\"}}]}<\/script>\n<!-- \/ Yoast SEO Premium plugin. -->","yoast_head_json":{"title":"Hookah electr\u00f3nico al por mayor - Global Hookah","robots":{"index":"index","follow":"follow","max-snippet":"max-snippet:-1","max-image-preview":"max-image-preview:large","max-video-preview":"max-video-preview:-1"},"canonical":"https:\/\/global-hookah.com\/es\/produkt\/groshandel-elektronik-hookah\/","og_locale":"es_ES","og_type":"article","og_title":"Wholesale Electronic Hookah","og_description":"Our Electronic Hookah uses pre-filled disposable vape pods in a variety of flavors to emulate the taste profiles of popular","og_url":"https:\/\/global-hookah.com\/es\/produkt\/groshandel-elektronik-hookah\/","og_site_name":"Global Hookah","article_modified_time":"2023-12-27T08:53:11+00:00","og_image":[{"width":715,"height":715,"url":"https:\/\/global-hookah.com\/wp-content\/uploads\/2023\/12\/O1CN01kQD4M01w9QFK7yHVm_2216799656265-0-cib.jpg","type":"image\/jpeg"}],"twitter_card":"summary_large_image","twitter_misc":{"Tiempo de lectura":"2 minutos"},"schema":{"@context":"https:\/\/schema.org","@graph":[{"@type":"WebPage","@id":"https:\/\/global-hookah.com\/de\/produkt\/groshandel-elektronik-hookah\/","url":"https:\/\/global-hookah.com\/de\/produkt\/groshandel-elektronik-hookah\/","name":"Hookah electr\u00f3nico al por mayor - Global Hookah","isPartOf":{"@id":"https:\/\/global-hookah.com\/#website"},"primaryImageOfPage":{"@id":"https:\/\/global-hookah.com\/de\/produkt\/groshandel-elektronik-hookah\/#primaryimage"},"image":{"@id":"https:\/\/global-hookah.com\/de\/produkt\/groshandel-elektronik-hookah\/#primaryimage"},"thumbnailUrl":"https:\/\/global-hookah.com\/wp-content\/uploads\/2023\/12\/O1CN01kQD4M01w9QFK7yHVm_2216799656265-0-cib.jpg","datePublished":"2023-12-08T01:18:28+00:00","dateModified":"2023-12-27T08:53:11+00:00","breadcrumb":{"@id":"https:\/\/global-hookah.com\/de\/produkt\/groshandel-elektronik-hookah\/#breadcrumb"},"inLanguage":"es","potentialAction":[{"@type":"ReadAction","target":["https:\/\/global-hookah.com\/de\/produkt\/groshandel-elektronik-hookah\/"]}]},{"@type":"ImageObject","inLanguage":"es","@id":"https:\/\/global-hookah.com\/de\/produkt\/groshandel-elektronik-hookah\/#primaryimage","url":"https:\/\/global-hookah.com\/wp-content\/uploads\/2023\/12\/O1CN01kQD4M01w9QFK7yHVm_2216799656265-0-cib.jpg","contentUrl":"https:\/\/global-hookah.com\/wp-content\/uploads\/2023\/12\/O1CN01kQD4M01w9QFK7yHVm_2216799656265-0-cib.jpg","width":715,"height":715,"caption":"Wholesale Electronic Hookah"},{"@type":"BreadcrumbList","@id":"https:\/\/global-hookah.com\/de\/produkt\/groshandel-elektronik-hookah\/#breadcrumb","itemListElement":[{"@type":"ListItem","position":1,"name":"Home","item":"https:\/\/global-hookah.com\/"},{"@type":"ListItem","position":2,"name":"Shop","item":"https:\/\/global-hookah.com\/shop\/"},{"@type":"ListItem","position":3,"name":"Wholesale Electronic Hookah"}]},{"@type":"WebSite","@id":"https:\/\/global-hookah.com\/#website","url":"https:\/\/global-hookah.com\/","name":"Global Hookah","description":"Global Hookah","publisher":{"@id":"https:\/\/global-hookah.com\/#organization"},"potentialAction":[{"@type":"SearchAction","target":{"@type":"EntryPoint","urlTemplate":"https:\/\/global-hookah.com\/?s={search_term_string}"},"query-input":{"@type":"PropertyValueSpecification","valueRequired":true,"valueName":"search_term_string"}}],"inLanguage":"es"},{"@type":"Organization","@id":"https:\/\/global-hookah.com\/#organization","name":"Global Hookah","url":"https:\/\/global-hookah.com\/","logo":{"@type":"ImageObject","inLanguage":"es","@id":"https:\/\/global-hookah.com\/#\/schema\/logo\/image\/","url":"https:\/\/global-hookah.com\/wp-content\/uploads\/2021\/10\/cropped-fgg.png","contentUrl":"https:\/\/global-hookah.com\/wp-content\/uploads\/2021\/10\/cropped-fgg.png","width":512,"height":512,"caption":"Global Hookah"},"image":{"@id":"https:\/\/global-hookah.com\/#\/schema\/logo\/image\/"}}]}},"_links":{"self":[{"href":"https:\/\/global-hookah.com\/es\/wp-json\/wp\/v2\/product\/16936","targetHints":{"allow":["GET"]}}],"collection":[{"href":"https:\/\/global-hookah.com\/es\/wp-json\/wp\/v2\/product"}],"about":[{"href":"https:\/\/global-hookah.com\/es\/wp-json\/wp\/v2\/types\/product"}],"replies":[{"embeddable":true,"href":"https:\/\/global-hookah.com\/es\/wp-json\/wp\/v2\/comments?post=16936"}],"version-history":[{"count":0,"href":"https:\/\/global-hookah.com\/es\/wp-json\/wp\/v2\/product\/16936\/revisions"}],"wp:featuredmedia":[{"embeddable":true,"href":"https:\/\/global-hookah.com\/es\/wp-json\/wp\/v2\/media\/16939"}],"wp:attachment":[{"href":"https:\/\/global-hookah.com\/es\/wp-json\/wp\/v2\/media?parent=16936"}],"wp:term":[{"taxonomy":"product_brand","embeddable":true,"href":"https:\/\/global-hookah.com\/es\/wp-json\/wp\/v2\/product_brand?post=16936"},{"taxonomy":"product_cat","embeddable":true,"href":"https:\/\/global-hookah.com\/es\/wp-json\/wp\/v2\/product_cat?post=16936"},{"taxonomy":"product_tag","embeddable":true,"href":"https:\/\/global-hookah.com\/es\/wp-json\/wp\/v2\/product_tag?post=16936"}],"curies":[{"name":"wp","href":"https:\/\/api.w.org\/{rel}","templated":true}]}}