{"id":16955,"date":"2023-12-08T01:53:24","date_gmt":"2023-12-08T01:53:24","guid":{"rendered":"https:\/\/global-hookah.com\/?post_type=product&#038;p=16955"},"modified":"2024-01-12T03:51:30","modified_gmt":"2024-01-12T03:51:30","slug":"arabic-hookah-cup-set-wholesale","status":"publish","type":"product","link":"https:\/\/global-hookah.com\/es\/producto\/arabic-hookah-cup-set-wholesale\/","title":{"rendered":"Juego de tazas de narguile \u00e1rabe al por mayor"},"content":{"rendered":"<div data-elementor-type=\"wp-post\" data-elementor-id=\"16955\" class=\"elementor elementor-16955\">\n\t\t\t\t\t\t<section class=\"elementor-section elementor-top-section elementor-element elementor-element-0e2a73a elementor-section-boxed elementor-section-height-default elementor-section-height-default\" data-id=\"0e2a73a\" data-element_type=\"section\" data-e-type=\"section\">\n\t\t\t\t\t\t<div class=\"elementor-container elementor-column-gap-default\">\n\t\t\t\t\t<div class=\"elementor-column elementor-col-100 elementor-top-column elementor-element elementor-element-21374aa\" data-id=\"21374aa\" data-element_type=\"column\" data-e-type=\"column\">\n\t\t\t<div class=\"elementor-widget-wrap elementor-element-populated\">\n\t\t\t\t\t\t<div class=\"elementor-element elementor-element-b55da70 color-scheme-inherit text-left elementor-widget elementor-widget-text-editor\" data-id=\"b55da70\" data-element_type=\"widget\" data-e-type=\"widget\" data-widget_type=\"text-editor.default\">\n\t\t\t\t<div class=\"elementor-widget-container\">\n\t\t\t\t\t\t\t\t\t<p>Los intrincados motivos y las aut\u00e9nticas influencias \u00e1rabes del dise\u00f1o de este <strong>Juego de tazas para narguile \u00e1rabe<\/strong> seguro que le impresionar\u00e1n. En <strong>Juego de tazas para narguile \u00e1rabe <\/strong>est\u00e1 disponible en varios colores como rojo, verde, naranja y dorado para que usted elija.<\/p><p>Su dise\u00f1o destaca la exquisita artesan\u00eda y evoca la cultura de Oriente Pr\u00f3ximo a primera vista. Cuando se utiliza, se convierte en el centro de la conversaci\u00f3n y aporta un ambiente ex\u00f3tico a cualquier fiesta.<\/p><p>Introducci\u00f3n del material:<\/p><p>El v\u00e1stago del narguile es un componente clave que dirige el humo desde la cazoleta hasta la manguera y la boquilla. Nuestro conjunto cuenta con un v\u00e1stago de metal duradero y de alta calidad dise\u00f1ado para un flujo de humo \u00f3ptimo.<\/p><p>La altura ajustable del tallo le permite personalizar el narguile a su tama\u00f1o preferido. Simplemente g\u00edrelo para subirlo o bajarlo a su altura ideal para usarlo sentado o de pie.<\/p><p>El tallo largo tambi\u00e9n enfr\u00eda y filtra el humo para una calada suave. A medida que el humo sube por la tija, tiene tiempo de enfriarse antes de ser inhalado.<\/p><p>La manguera de pl\u00e1stico flexible se dobla sin retorcerse para sujetar c\u00f3modamente la boquilla, independientemente de la direcci\u00f3n de la manguera. La flexibilidad tambi\u00e9n permite enrollar f\u00e1cilmente la manguera para guardarla.<\/p><p>El cuenco de agua de cristal de tama\u00f1o medio proporciona una amplia capacidad para que el agua y el hielo enfr\u00eden y filtren el humo. Fabricado en vidrio resistente, tiene capacidad para 500 ml de agua y un dise\u00f1o abierto para facilitar la limpieza.<\/p><p>La adici\u00f3n de hielo enfr\u00eda a\u00fan m\u00e1s el humo para que la experiencia de fumar sea suave y purificada a medida que las burbujas se desplazan por el agua.<\/p><p>Como calidad <a href=\"https:\/\/global-hookah.com\/product-category\/wholesale-hookah\/\">f\u00e1brica de personalizaci\u00f3n de narguile<\/a>Nuestros precios son muy competitivos. Nuestro equipo de dise\u00f1o puede personalizar patrones y formas seg\u00fan sus necesidades. P\u00f3ngase en contacto con nosotros para obtener precios al por mayor favorables en pedidos al por mayor personalizados.<\/p>\t\t\t\t\t\t\t\t<\/div>\n\t\t\t\t<\/div>\n\t\t\t\t\t<\/div>\n\t\t<\/div>\n\t\t\t\t\t<\/div>\n\t\t<\/section>\n\t\t\t\t<\/div>","protected":false},"excerpt":{"rendered":"<p>Los intrincados dibujos y las aut\u00e9nticas influencias \u00e1rabes del dise\u00f1o de este set de tazas para narguile \u00e1rabe le dejar\u00e1n impresionado.<\/p>","protected":false},"featured_media":16957,"comment_status":"open","ping_status":"closed","template":"","meta":{"iawp_total_views":0,"_joinchat":[]},"product_brand":[],"product_cat":[560,119],"product_tag":[],"class_list":{"0":"post-16955","1":"product","2":"type-product","3":"status-publish","4":"has-post-thumbnail","6":"product_cat-glass-hookah-wholesale","7":"product_cat-wholesale-hookah","9":"first","10":"instock","11":"shipping-taxable","12":"product-type-external"},"yoast_head":"<!-- This site is optimized with the Yoast SEO Premium plugin v24.7 (Yoast SEO v26.8) - https:\/\/yoast.com\/product\/yoast-seo-premium-wordpress\/ -->\n<title>Arabic Hookah Cup Set Wholesale - Global Hookah<\/title>\n<meta name=\"robots\" content=\"index, follow, max-snippet:-1, max-image-preview:large, max-video-preview:-1\" \/>\n<link rel=\"canonical\" href=\"https:\/\/global-hookah.com\/es\/producto\/arabic-hookah-cup-set-wholesale\/\" \/>\n<meta property=\"og:locale\" content=\"es_ES\" \/>\n<meta property=\"og:type\" content=\"article\" \/>\n<meta property=\"og:title\" content=\"Arabic Hookah Cup Set Wholesale\" \/>\n<meta property=\"og:description\" content=\"The intricate patterns and authentic Arabic influences in the design of this Arabic Hookah Cup Set are sure to impress.\" \/>\n<meta property=\"og:url\" content=\"https:\/\/global-hookah.com\/es\/producto\/arabic-hookah-cup-set-wholesale\/\" \/>\n<meta property=\"og:site_name\" content=\"Global Hookah\" \/>\n<meta property=\"article:modified_time\" content=\"2024-01-12T03:51:30+00:00\" \/>\n<meta property=\"og:image\" content=\"https:\/\/global-hookah.com\/wp-content\/uploads\/2023\/12\/O1CN01GJZyap23khnKPanL7_2201231717294-0-cib.jpg\" \/>\n\t<meta property=\"og:image:width\" content=\"1920\" \/>\n\t<meta property=\"og:image:height\" content=\"1920\" \/>\n\t<meta property=\"og:image:type\" content=\"image\/jpeg\" \/>\n<meta name=\"twitter:card\" content=\"summary_large_image\" \/>\n<script type=\"application\/ld+json\" class=\"yoast-schema-graph\">{\"@context\":\"https:\/\/schema.org\",\"@graph\":[{\"@type\":\"WebPage\",\"@id\":\"https:\/\/global-hookah.com\/product\/arabic-hookah-cup-set-wholesale\/\",\"url\":\"https:\/\/global-hookah.com\/product\/arabic-hookah-cup-set-wholesale\/\",\"name\":\"Arabic Hookah Cup Set Wholesale - Global Hookah\",\"isPartOf\":{\"@id\":\"https:\/\/global-hookah.com\/#website\"},\"primaryImageOfPage\":{\"@id\":\"https:\/\/global-hookah.com\/product\/arabic-hookah-cup-set-wholesale\/#primaryimage\"},\"image\":{\"@id\":\"https:\/\/global-hookah.com\/product\/arabic-hookah-cup-set-wholesale\/#primaryimage\"},\"thumbnailUrl\":\"https:\/\/global-hookah.com\/wp-content\/uploads\/2023\/12\/O1CN01GJZyap23khnKPanL7_2201231717294-0-cib.jpg\",\"datePublished\":\"2023-12-08T01:53:24+00:00\",\"dateModified\":\"2024-01-12T03:51:30+00:00\",\"breadcrumb\":{\"@id\":\"https:\/\/global-hookah.com\/product\/arabic-hookah-cup-set-wholesale\/#breadcrumb\"},\"inLanguage\":\"es\",\"potentialAction\":[{\"@type\":\"ReadAction\",\"target\":[\"https:\/\/global-hookah.com\/product\/arabic-hookah-cup-set-wholesale\/\"]}]},{\"@type\":\"ImageObject\",\"inLanguage\":\"es\",\"@id\":\"https:\/\/global-hookah.com\/product\/arabic-hookah-cup-set-wholesale\/#primaryimage\",\"url\":\"https:\/\/global-hookah.com\/wp-content\/uploads\/2023\/12\/O1CN01GJZyap23khnKPanL7_2201231717294-0-cib.jpg\",\"contentUrl\":\"https:\/\/global-hookah.com\/wp-content\/uploads\/2023\/12\/O1CN01GJZyap23khnKPanL7_2201231717294-0-cib.jpg\",\"width\":1920,\"height\":1920,\"caption\":\"Arabic Hookah Cup Set Wholesale\"},{\"@type\":\"BreadcrumbList\",\"@id\":\"https:\/\/global-hookah.com\/product\/arabic-hookah-cup-set-wholesale\/#breadcrumb\",\"itemListElement\":[{\"@type\":\"ListItem\",\"position\":1,\"name\":\"Home\",\"item\":\"https:\/\/global-hookah.com\/\"},{\"@type\":\"ListItem\",\"position\":2,\"name\":\"Shop\",\"item\":\"https:\/\/global-hookah.com\/shop\/\"},{\"@type\":\"ListItem\",\"position\":3,\"name\":\"Arabic Hookah Cup Set Wholesale\"}]},{\"@type\":\"WebSite\",\"@id\":\"https:\/\/global-hookah.com\/#website\",\"url\":\"https:\/\/global-hookah.com\/\",\"name\":\"Global Hookah\",\"description\":\"Global Hookah\",\"publisher\":{\"@id\":\"https:\/\/global-hookah.com\/#organization\"},\"potentialAction\":[{\"@type\":\"SearchAction\",\"target\":{\"@type\":\"EntryPoint\",\"urlTemplate\":\"https:\/\/global-hookah.com\/?s={search_term_string}\"},\"query-input\":{\"@type\":\"PropertyValueSpecification\",\"valueRequired\":true,\"valueName\":\"search_term_string\"}}],\"inLanguage\":\"es\"},{\"@type\":\"Organization\",\"@id\":\"https:\/\/global-hookah.com\/#organization\",\"name\":\"Global Hookah\",\"url\":\"https:\/\/global-hookah.com\/\",\"logo\":{\"@type\":\"ImageObject\",\"inLanguage\":\"es\",\"@id\":\"https:\/\/global-hookah.com\/#\/schema\/logo\/image\/\",\"url\":\"https:\/\/global-hookah.com\/wp-content\/uploads\/2021\/10\/cropped-fgg.png\",\"contentUrl\":\"https:\/\/global-hookah.com\/wp-content\/uploads\/2021\/10\/cropped-fgg.png\",\"width\":512,\"height\":512,\"caption\":\"Global Hookah\"},\"image\":{\"@id\":\"https:\/\/global-hookah.com\/#\/schema\/logo\/image\/\"}}]}<\/script>\n<!-- \/ Yoast SEO Premium plugin. -->","yoast_head_json":{"title":"Juego de tazas de narguile \u00e1rabe al por mayor - Global Hookah","robots":{"index":"index","follow":"follow","max-snippet":"max-snippet:-1","max-image-preview":"max-image-preview:large","max-video-preview":"max-video-preview:-1"},"canonical":"https:\/\/global-hookah.com\/es\/producto\/arabic-hookah-cup-set-wholesale\/","og_locale":"es_ES","og_type":"article","og_title":"Arabic Hookah Cup Set Wholesale","og_description":"The intricate patterns and authentic Arabic influences in the design of this Arabic Hookah Cup Set are sure to impress.","og_url":"https:\/\/global-hookah.com\/es\/producto\/arabic-hookah-cup-set-wholesale\/","og_site_name":"Global Hookah","article_modified_time":"2024-01-12T03:51:30+00:00","og_image":[{"width":1920,"height":1920,"url":"https:\/\/global-hookah.com\/wp-content\/uploads\/2023\/12\/O1CN01GJZyap23khnKPanL7_2201231717294-0-cib.jpg","type":"image\/jpeg"}],"twitter_card":"summary_large_image","schema":{"@context":"https:\/\/schema.org","@graph":[{"@type":"WebPage","@id":"https:\/\/global-hookah.com\/product\/arabic-hookah-cup-set-wholesale\/","url":"https:\/\/global-hookah.com\/product\/arabic-hookah-cup-set-wholesale\/","name":"Juego de tazas de narguile \u00e1rabe al por mayor - Global Hookah","isPartOf":{"@id":"https:\/\/global-hookah.com\/#website"},"primaryImageOfPage":{"@id":"https:\/\/global-hookah.com\/product\/arabic-hookah-cup-set-wholesale\/#primaryimage"},"image":{"@id":"https:\/\/global-hookah.com\/product\/arabic-hookah-cup-set-wholesale\/#primaryimage"},"thumbnailUrl":"https:\/\/global-hookah.com\/wp-content\/uploads\/2023\/12\/O1CN01GJZyap23khnKPanL7_2201231717294-0-cib.jpg","datePublished":"2023-12-08T01:53:24+00:00","dateModified":"2024-01-12T03:51:30+00:00","breadcrumb":{"@id":"https:\/\/global-hookah.com\/product\/arabic-hookah-cup-set-wholesale\/#breadcrumb"},"inLanguage":"es","potentialAction":[{"@type":"ReadAction","target":["https:\/\/global-hookah.com\/product\/arabic-hookah-cup-set-wholesale\/"]}]},{"@type":"ImageObject","inLanguage":"es","@id":"https:\/\/global-hookah.com\/product\/arabic-hookah-cup-set-wholesale\/#primaryimage","url":"https:\/\/global-hookah.com\/wp-content\/uploads\/2023\/12\/O1CN01GJZyap23khnKPanL7_2201231717294-0-cib.jpg","contentUrl":"https:\/\/global-hookah.com\/wp-content\/uploads\/2023\/12\/O1CN01GJZyap23khnKPanL7_2201231717294-0-cib.jpg","width":1920,"height":1920,"caption":"Arabic Hookah Cup Set Wholesale"},{"@type":"BreadcrumbList","@id":"https:\/\/global-hookah.com\/product\/arabic-hookah-cup-set-wholesale\/#breadcrumb","itemListElement":[{"@type":"ListItem","position":1,"name":"Home","item":"https:\/\/global-hookah.com\/"},{"@type":"ListItem","position":2,"name":"Shop","item":"https:\/\/global-hookah.com\/shop\/"},{"@type":"ListItem","position":3,"name":"Arabic Hookah Cup Set Wholesale"}]},{"@type":"WebSite","@id":"https:\/\/global-hookah.com\/#website","url":"https:\/\/global-hookah.com\/","name":"Global Hookah","description":"Global Hookah","publisher":{"@id":"https:\/\/global-hookah.com\/#organization"},"potentialAction":[{"@type":"SearchAction","target":{"@type":"EntryPoint","urlTemplate":"https:\/\/global-hookah.com\/?s={search_term_string}"},"query-input":{"@type":"PropertyValueSpecification","valueRequired":true,"valueName":"search_term_string"}}],"inLanguage":"es"},{"@type":"Organization","@id":"https:\/\/global-hookah.com\/#organization","name":"Global Hookah","url":"https:\/\/global-hookah.com\/","logo":{"@type":"ImageObject","inLanguage":"es","@id":"https:\/\/global-hookah.com\/#\/schema\/logo\/image\/","url":"https:\/\/global-hookah.com\/wp-content\/uploads\/2021\/10\/cropped-fgg.png","contentUrl":"https:\/\/global-hookah.com\/wp-content\/uploads\/2021\/10\/cropped-fgg.png","width":512,"height":512,"caption":"Global Hookah"},"image":{"@id":"https:\/\/global-hookah.com\/#\/schema\/logo\/image\/"}}]}},"_links":{"self":[{"href":"https:\/\/global-hookah.com\/es\/wp-json\/wp\/v2\/product\/16955","targetHints":{"allow":["GET"]}}],"collection":[{"href":"https:\/\/global-hookah.com\/es\/wp-json\/wp\/v2\/product"}],"about":[{"href":"https:\/\/global-hookah.com\/es\/wp-json\/wp\/v2\/types\/product"}],"replies":[{"embeddable":true,"href":"https:\/\/global-hookah.com\/es\/wp-json\/wp\/v2\/comments?post=16955"}],"version-history":[{"count":0,"href":"https:\/\/global-hookah.com\/es\/wp-json\/wp\/v2\/product\/16955\/revisions"}],"wp:featuredmedia":[{"embeddable":true,"href":"https:\/\/global-hookah.com\/es\/wp-json\/wp\/v2\/media\/16957"}],"wp:attachment":[{"href":"https:\/\/global-hookah.com\/es\/wp-json\/wp\/v2\/media?parent=16955"}],"wp:term":[{"taxonomy":"product_brand","embeddable":true,"href":"https:\/\/global-hookah.com\/es\/wp-json\/wp\/v2\/product_brand?post=16955"},{"taxonomy":"product_cat","embeddable":true,"href":"https:\/\/global-hookah.com\/es\/wp-json\/wp\/v2\/product_cat?post=16955"},{"taxonomy":"product_tag","embeddable":true,"href":"https:\/\/global-hookah.com\/es\/wp-json\/wp\/v2\/product_tag?post=16955"}],"curies":[{"name":"wp","href":"https:\/\/api.w.org\/{rel}","templated":true}]}}